

{"id":78877,"date":"2025-06-17T17:01:24","date_gmt":"2025-06-17T15:01:24","guid":{"rendered":"https:\/\/www.mpfiltri.com\/product\/produto-3\/"},"modified":"2026-04-01T16:23:18","modified_gmt":"2026-04-01T14:23:18","slug":"lpa2-aviation-edition","status":"publish","type":"product","link":"https:\/\/www.mpfiltri.com\/pt-pt\/product\/lpa2-aviation-edition\/","title":{"rendered":"LPA2 AVIATION EDITION"},"content":{"rendered":"<p>Criado exclusivamente para a ind\u00fastria da avia\u00e7\u00e3o e aprovado pela Airbus, a edi\u00e7\u00e3o LPA2 Aviation \u00e9 um instrumento preciso e port\u00e1til ideal para aplica\u00e7\u00f5es MRO. Pode medir e exibir automaticamente a contamina\u00e7\u00e3o por part\u00edculas, os n\u00edveis de umidade e temperatura em v\u00e1rios fluidos hidr\u00e1ulicos. O LPA2 pode ser conectado \u00e0 gama de produtos de amostragem em garrafa MP para permitir a contagem de part\u00edculas em laborat\u00f3rio. O LPA2 \u00e9 uma solu\u00e7\u00e3o para monitoramento online de contamina\u00e7\u00e3o no seu fluido hidr\u00e1ulico, proporcionando uma verifica\u00e7\u00e3o imediata da sa\u00fade hidr\u00e1ulica.<\/p>\n<p>\u2022Aprovado pela Airbus para o setor de avia\u00e7\u00e3o<\/p>\n<p>\u2022Maleta robusta e totalmente port\u00e1til<\/p>\n<p>\u2022Inclui um adaptador Airbus especializado <\/p>\n<p>\u2022Teclado QWERTY de tamanho normal e impressora t\u00e9rmica integrada<\/p>\n<p>\u2022Calibrado de acordo com os padr\u00f5es ISO relevantes<\/p>\n<p>\u2022Compat\u00edvel com v\u00e1rios fluidos hidr\u00e1ulicos<\/p>\n<p>\u2022Software LPA View GRATUITO, baseado em Windows<\/p>\n<p>\u2022Mede e exibe os seguintes formatos de padr\u00e3o internacional; ISO 4406:1999, <\/p>\n<p>\u2022NAS 1638, SAE AS 4059 revis\u00e3o E tabelas 1 e 2.<\/p>\n<p>\u2022Sensor de umidade e temperatura (dependente de fluido)<\/p>\n<p>\u2022Flexibilidade de controle manual e remoto<\/p>\n<p>\u2022Registro de dados e mem\u00f3ria para 600 resultados de teste<\/p>\n<p>\u2022V\u00e1rias configura\u00e7\u00f5es do programa de teste<\/p>\n<p>\u2022Kit de acess\u00f3rios completo, inclu\u00eddo<\/p>\n<p>\u2022Bateria interna recarreg\u00e1vel, com capacidade para realizar 100 testes entre cargas<\/p>\n","protected":false},"excerpt":{"rendered":"<p>Criado exclusivamente para a ind\u00fastria da avia\u00e7\u00e3o e aprovado pela Airbus, a edi\u00e7\u00e3o LPA2 Aviation \u00e9 um instrumento preciso e port\u00e1til ideal para aplica\u00e7\u00f5es MRO. Pode medir e exibir automaticamente a contamina\u00e7\u00e3o por part\u00edculas, os n\u00edveis de umidade e temperatura em v\u00e1rios fluidos hidr\u00e1ulicos. O LPA2 pode ser conectado \u00e0 gama de produtos de amostragem [&hellip;]<\/p>\n","protected":false},"featured_media":0,"comment_status":"open","ping_status":"closed","template":"","meta":{"_acf_changed":false,"_gspb_post_css":"","inline_featured_image":false,"_genesis_hide_title":false,"_genesis_hide_breadcrumbs":false,"_genesis_hide_singular_image":false,"_genesis_hide_footer_widgets":false,"_genesis_custom_body_class":"","_genesis_custom_post_class":"","_genesis_layout":"","_links_to":"","_links_to_target":""},"product-structure":[62],"product_brand":[],"product_cat":[13218,13190,13197],"product_tag":[],"class_list":{"0":"post-78877","1":"product","2":"type-product","3":"status-publish","5":"product-structure-series","6":"product_cat-veicoli-marittimi-e-aeronautici","7":"product_cat-applicazioni","8":"product_cat-mobile-equipment","9":"entry","11":"first","12":"instock","13":"shipping-taxable","14":"product-type-simple"},"acf":[],"yoast_head":"<!-- This site is optimized with the Yoast SEO plugin v27.2 - https:\/\/yoast.com\/product\/yoast-seo-wordpress\/ -->\n<title>LPA2 AVIATION EDITION - MP Filtri<\/title>\n<meta name=\"robots\" content=\"index, follow, max-snippet:-1, max-image-preview:large, max-video-preview:-1\" \/>\n<link rel=\"canonical\" href=\"https:\/\/www.mpfiltri.com\/pt-pt\/product\/lpa2-aviation-edition\/\" \/>\n<meta property=\"og:locale\" content=\"pt_PT\" \/>\n<meta property=\"og:type\" content=\"article\" \/>\n<meta property=\"og:title\" content=\"LPA2 AVIATION EDITION - MP Filtri\" \/>\n<meta property=\"og:description\" content=\"Criado exclusivamente para a ind\u00fastria da avia\u00e7\u00e3o e aprovado pela Airbus, a edi\u00e7\u00e3o LPA2 Aviation \u00e9 um instrumento preciso e port\u00e1til ideal para aplica\u00e7\u00f5es MRO. Pode medir e exibir automaticamente a contamina\u00e7\u00e3o por part\u00edculas, os n\u00edveis de umidade e temperatura em v\u00e1rios fluidos hidr\u00e1ulicos. O LPA2 pode ser conectado \u00e0 gama de produtos de amostragem [&hellip;]\" \/>\n<meta property=\"og:url\" content=\"https:\/\/www.mpfiltri.com\/pt-pt\/product\/lpa2-aviation-edition\/\" \/>\n<meta property=\"og:site_name\" content=\"MP Filtri\" \/>\n<meta property=\"article:publisher\" content=\"https:\/\/www.facebook.com\/MPFiltriITA\" \/>\n<meta property=\"article:modified_time\" content=\"2026-04-01T14:23:18+00:00\" \/>\n<meta name=\"twitter:card\" content=\"summary_large_image\" \/>\n<meta name=\"twitter:label1\" content=\"Tempo estimado de leitura\" \/>\n\t<meta name=\"twitter:data1\" content=\"1 minuto\" \/>\n<script type=\"application\/ld+json\" class=\"yoast-schema-graph\">{\"@context\":\"https:\/\/schema.org\",\"@graph\":[{\"@type\":\"WebPage\",\"@id\":\"https:\/\/www.mpfiltri.com\/pt-pt\/product\/lpa2-aviation-edition\/\",\"url\":\"https:\/\/www.mpfiltri.com\/pt-pt\/product\/lpa2-aviation-edition\/\",\"name\":\"LPA2 AVIATION EDITION - MP Filtri\",\"isPartOf\":{\"@id\":\"https:\/\/www.mpfiltri.com\/pt-pt\/#website\"},\"datePublished\":\"2025-06-17T15:01:24+00:00\",\"dateModified\":\"2026-04-01T14:23:18+00:00\",\"breadcrumb\":{\"@id\":\"https:\/\/www.mpfiltri.com\/pt-pt\/product\/lpa2-aviation-edition\/#breadcrumb\"},\"inLanguage\":\"pt-PT\",\"potentialAction\":[{\"@type\":\"ReadAction\",\"target\":[\"https:\/\/www.mpfiltri.com\/pt-pt\/product\/lpa2-aviation-edition\/\"]}]},{\"@type\":\"BreadcrumbList\",\"@id\":\"https:\/\/www.mpfiltri.com\/pt-pt\/product\/lpa2-aviation-edition\/#breadcrumb\",\"itemListElement\":[{\"@type\":\"ListItem\",\"position\":1,\"name\":\"Home\",\"item\":\"https:\/\/www.mpfiltri.com\/pt-pt\/\"},{\"@type\":\"ListItem\",\"position\":2,\"name\":\"Produtos\",\"item\":\"https:\/\/www.mpfiltri.com\/pt-pt\/shop\/\"},{\"@type\":\"ListItem\",\"position\":3,\"name\":\"LPA2 AVIATION EDITION\"}]},{\"@type\":\"WebSite\",\"@id\":\"https:\/\/www.mpfiltri.com\/pt-pt\/#website\",\"url\":\"https:\/\/www.mpfiltri.com\/pt-pt\/\",\"name\":\"MP Filtri\",\"description\":\"\",\"publisher\":{\"@id\":\"https:\/\/www.mpfiltri.com\/pt-pt\/#organization\"},\"potentialAction\":[{\"@type\":\"SearchAction\",\"target\":{\"@type\":\"EntryPoint\",\"urlTemplate\":\"https:\/\/www.mpfiltri.com\/pt-pt\/?s={search_term_string}\"},\"query-input\":{\"@type\":\"PropertyValueSpecification\",\"valueRequired\":true,\"valueName\":\"search_term_string\"}}],\"inLanguage\":\"pt-PT\"},{\"@type\":\"Organization\",\"@id\":\"https:\/\/www.mpfiltri.com\/pt-pt\/#organization\",\"name\":\"MP Filtri\",\"url\":\"https:\/\/www.mpfiltri.com\/pt-pt\/\",\"logo\":{\"@type\":\"ImageObject\",\"inLanguage\":\"pt-PT\",\"@id\":\"https:\/\/www.mpfiltri.com\/pt-pt\/#\/schema\/logo\/image\/\",\"url\":\"\",\"contentUrl\":\"\",\"caption\":\"MP Filtri\"},\"image\":{\"@id\":\"https:\/\/www.mpfiltri.com\/pt-pt\/#\/schema\/logo\/image\/\"},\"sameAs\":[\"https:\/\/www.facebook.com\/MPFiltriITA\",\"https:\/\/www.instagram.com\/mpfiltri\/\",\"https:\/\/www.youtube.com\/channel\/UCCzNMySYc1c4M-2B4v0K_QA?view_as=subscriber\",\"https:\/\/www.linkedin.com\/company\/mp-filtri-spa\/\"]}]}<\/script>\n<!-- \/ Yoast SEO plugin. -->","yoast_head_json":{"title":"LPA2 AVIATION EDITION - MP Filtri","robots":{"index":"index","follow":"follow","max-snippet":"max-snippet:-1","max-image-preview":"max-image-preview:large","max-video-preview":"max-video-preview:-1"},"canonical":"https:\/\/www.mpfiltri.com\/pt-pt\/product\/lpa2-aviation-edition\/","og_locale":"pt_PT","og_type":"article","og_title":"LPA2 AVIATION EDITION - MP Filtri","og_description":"Criado exclusivamente para a ind\u00fastria da avia\u00e7\u00e3o e aprovado pela Airbus, a edi\u00e7\u00e3o LPA2 Aviation \u00e9 um instrumento preciso e port\u00e1til ideal para aplica\u00e7\u00f5es MRO. Pode medir e exibir automaticamente a contamina\u00e7\u00e3o por part\u00edculas, os n\u00edveis de umidade e temperatura em v\u00e1rios fluidos hidr\u00e1ulicos. O LPA2 pode ser conectado \u00e0 gama de produtos de amostragem [&hellip;]","og_url":"https:\/\/www.mpfiltri.com\/pt-pt\/product\/lpa2-aviation-edition\/","og_site_name":"MP Filtri","article_publisher":"https:\/\/www.facebook.com\/MPFiltriITA","article_modified_time":"2026-04-01T14:23:18+00:00","twitter_card":"summary_large_image","twitter_misc":{"Tempo estimado de leitura":"1 minuto"},"schema":{"@context":"https:\/\/schema.org","@graph":[{"@type":"WebPage","@id":"https:\/\/www.mpfiltri.com\/pt-pt\/product\/lpa2-aviation-edition\/","url":"https:\/\/www.mpfiltri.com\/pt-pt\/product\/lpa2-aviation-edition\/","name":"LPA2 AVIATION EDITION - MP Filtri","isPartOf":{"@id":"https:\/\/www.mpfiltri.com\/pt-pt\/#website"},"datePublished":"2025-06-17T15:01:24+00:00","dateModified":"2026-04-01T14:23:18+00:00","breadcrumb":{"@id":"https:\/\/www.mpfiltri.com\/pt-pt\/product\/lpa2-aviation-edition\/#breadcrumb"},"inLanguage":"pt-PT","potentialAction":[{"@type":"ReadAction","target":["https:\/\/www.mpfiltri.com\/pt-pt\/product\/lpa2-aviation-edition\/"]}]},{"@type":"BreadcrumbList","@id":"https:\/\/www.mpfiltri.com\/pt-pt\/product\/lpa2-aviation-edition\/#breadcrumb","itemListElement":[{"@type":"ListItem","position":1,"name":"Home","item":"https:\/\/www.mpfiltri.com\/pt-pt\/"},{"@type":"ListItem","position":2,"name":"Produtos","item":"https:\/\/www.mpfiltri.com\/pt-pt\/shop\/"},{"@type":"ListItem","position":3,"name":"LPA2 AVIATION EDITION"}]},{"@type":"WebSite","@id":"https:\/\/www.mpfiltri.com\/pt-pt\/#website","url":"https:\/\/www.mpfiltri.com\/pt-pt\/","name":"MP Filtri","description":"","publisher":{"@id":"https:\/\/www.mpfiltri.com\/pt-pt\/#organization"},"potentialAction":[{"@type":"SearchAction","target":{"@type":"EntryPoint","urlTemplate":"https:\/\/www.mpfiltri.com\/pt-pt\/?s={search_term_string}"},"query-input":{"@type":"PropertyValueSpecification","valueRequired":true,"valueName":"search_term_string"}}],"inLanguage":"pt-PT"},{"@type":"Organization","@id":"https:\/\/www.mpfiltri.com\/pt-pt\/#organization","name":"MP Filtri","url":"https:\/\/www.mpfiltri.com\/pt-pt\/","logo":{"@type":"ImageObject","inLanguage":"pt-PT","@id":"https:\/\/www.mpfiltri.com\/pt-pt\/#\/schema\/logo\/image\/","url":"","contentUrl":"","caption":"MP Filtri"},"image":{"@id":"https:\/\/www.mpfiltri.com\/pt-pt\/#\/schema\/logo\/image\/"},"sameAs":["https:\/\/www.facebook.com\/MPFiltriITA","https:\/\/www.instagram.com\/mpfiltri\/","https:\/\/www.youtube.com\/channel\/UCCzNMySYc1c4M-2B4v0K_QA?view_as=subscriber","https:\/\/www.linkedin.com\/company\/mp-filtri-spa\/"]}]}},"_links":{"self":[{"href":"https:\/\/www.mpfiltri.com\/pt-pt\/wp-json\/wp\/v2\/product\/78877","targetHints":{"allow":["GET"]}}],"collection":[{"href":"https:\/\/www.mpfiltri.com\/pt-pt\/wp-json\/wp\/v2\/product"}],"about":[{"href":"https:\/\/www.mpfiltri.com\/pt-pt\/wp-json\/wp\/v2\/types\/product"}],"replies":[{"embeddable":true,"href":"https:\/\/www.mpfiltri.com\/pt-pt\/wp-json\/wp\/v2\/comments?post=78877"}],"wp:attachment":[{"href":"https:\/\/www.mpfiltri.com\/pt-pt\/wp-json\/wp\/v2\/media?parent=78877"}],"wp:term":[{"taxonomy":"product-structure","embeddable":true,"href":"https:\/\/www.mpfiltri.com\/pt-pt\/wp-json\/wp\/v2\/product-structure?post=78877"},{"taxonomy":"product_brand","embeddable":true,"href":"https:\/\/www.mpfiltri.com\/pt-pt\/wp-json\/wp\/v2\/product_brand?post=78877"},{"taxonomy":"product_cat","embeddable":true,"href":"https:\/\/www.mpfiltri.com\/pt-pt\/wp-json\/wp\/v2\/product_cat?post=78877"},{"taxonomy":"product_tag","embeddable":true,"href":"https:\/\/www.mpfiltri.com\/pt-pt\/wp-json\/wp\/v2\/product_tag?post=78877"}],"curies":[{"name":"wp","href":"https:\/\/api.w.org\/{rel}","templated":true}]}}