

{"id":78791,"date":"2025-06-16T16:40:10","date_gmt":"2025-06-16T14:40:10","guid":{"rendered":"https:\/\/www.mpfiltri.com\/product\/produto-3\/"},"modified":"2026-04-01T16:24:05","modified_gmt":"2026-04-01T14:24:05","slug":"lfex-elixir","status":"publish","type":"product","link":"https:\/\/www.mpfiltri.com\/pt-pt\/product\/lfex-elixir\/","title":{"rendered":"LFEX (Elixir)"},"content":{"rendered":"<p>Filtros de baixa press\u00e3o para prote\u00e7\u00e3o de componentes sens\u00edveis em sistemas hidr\u00e1ulicos de baixa press\u00e3o, press\u00e3o de trabalho at\u00e9 1,6 MPa (16 bar), vaz\u00e3o at\u00e9 300 l\/min (79 gpm), conex\u00f5es roscadas at\u00e9 1.1\/4&#8243; e conex\u00f5es SAE at\u00e9 <a href=\"1.5\/8\u201d.\" target=\"_blank\">1.5\/8\u201d.<\/a><\/p>\n<p>Diretamente intercambi\u00e1vel com a s\u00e9rie spin-on, com caracter\u00edsticas de desempenhos aprimoradas.<\/p>\n<p>Ver tabela apropriada para a compatibilidade de fluidos.<\/p>\n","protected":false},"excerpt":{"rendered":"<p>Filtros de baixa press\u00e3o para prote\u00e7\u00e3o de componentes sens\u00edveis em sistemas hidr\u00e1ulicos de baixa press\u00e3o, press\u00e3o de trabalho at\u00e9 1,6 MPa (16 bar), vaz\u00e3o at\u00e9 300 l\/min (79 gpm), conex\u00f5es roscadas at\u00e9 1.1\/4&#8243; e conex\u00f5es SAE at\u00e9 1.5\/8\u201d. Diretamente intercambi\u00e1vel com a s\u00e9rie spin-on, com caracter\u00edsticas de desempenhos aprimoradas. Ver tabela apropriada para a compatibilidade [&hellip;]<\/p>\n","protected":false},"featured_media":0,"comment_status":"open","ping_status":"closed","template":"","meta":{"_acf_changed":false,"_gspb_post_css":"","inline_featured_image":false,"_genesis_hide_title":false,"_genesis_hide_breadcrumbs":false,"_genesis_hide_singular_image":false,"_genesis_hide_footer_widgets":false,"_genesis_custom_body_class":"","_genesis_custom_post_class":"","_genesis_layout":"","_links_to":"","_links_to_target":""},"product-structure":[62],"product_brand":[],"product_cat":[13163,13128,13259,13232,13198,13252,13205,13286,13212,13280,13292,13266,13273,13245,13226,12598,13005,12991,13008],"product_tag":[],"class_list":{"0":"post-78791","1":"product","2":"type-product","3":"status-publish","5":"product-structure-series","6":"product_cat-agronegocio-e-silvicultura","7":"product_cat-construcao","8":"product_cat-embalagem","9":"product_cat-equipamento-industrial","10":"product_cat-equipamento-movel","11":"product_cat-geracao-de-energia","12":"product_cat-manuseio-de-materiais","13":"product_cat-maquinas-de-lubrificacao-e-fluxo-offline","14":"product_cat-mineracao","15":"product_cat-prensas-para-ceramica-e-marmore-plastico-borracha-metais","16":"product_cat-sistemas-hidraulicos","17":"product_cat-textil","18":"product_cat-tratamento-de-residuos","19":"product_cat-usina-siderurgica-e-processamento-de-metais","20":"product_cat-veiculos-comerciais-e-de-utilidade","21":"product_cat-12598","22":"product_cat-13005","23":"product_cat-12991","24":"product_cat-13008","25":"entry","27":"first","28":"instock","29":"shipping-taxable","30":"product-type-simple"},"acf":[],"yoast_head":"<!-- This site is optimized with the Yoast SEO plugin v27.2 - https:\/\/yoast.com\/product\/yoast-seo-wordpress\/ -->\n<title>LFEX (Elixir) - MP Filtri<\/title>\n<meta name=\"robots\" content=\"index, follow, max-snippet:-1, max-image-preview:large, max-video-preview:-1\" \/>\n<link rel=\"canonical\" href=\"https:\/\/www.mpfiltri.com\/pt-pt\/product\/lfex-elixir\/\" \/>\n<meta property=\"og:locale\" content=\"pt_PT\" \/>\n<meta property=\"og:type\" content=\"article\" \/>\n<meta property=\"og:title\" content=\"LFEX (Elixir) - MP Filtri\" \/>\n<meta property=\"og:description\" content=\"Filtros de baixa press\u00e3o para prote\u00e7\u00e3o de componentes sens\u00edveis em sistemas hidr\u00e1ulicos de baixa press\u00e3o, press\u00e3o de trabalho at\u00e9 1,6 MPa (16 bar), vaz\u00e3o at\u00e9 300 l\/min (79 gpm), conex\u00f5es roscadas at\u00e9 1.1\/4&#8243; e conex\u00f5es SAE at\u00e9 1.5\/8\u201d. Diretamente intercambi\u00e1vel com a s\u00e9rie spin-on, com caracter\u00edsticas de desempenhos aprimoradas. Ver tabela apropriada para a compatibilidade [&hellip;]\" \/>\n<meta property=\"og:url\" content=\"https:\/\/www.mpfiltri.com\/pt-pt\/product\/lfex-elixir\/\" \/>\n<meta property=\"og:site_name\" content=\"MP Filtri\" \/>\n<meta property=\"article:publisher\" content=\"https:\/\/www.facebook.com\/MPFiltriITA\" \/>\n<meta property=\"article:modified_time\" content=\"2026-04-01T14:24:05+00:00\" \/>\n<meta name=\"twitter:card\" content=\"summary_large_image\" \/>\n<script type=\"application\/ld+json\" class=\"yoast-schema-graph\">{\"@context\":\"https:\/\/schema.org\",\"@graph\":[{\"@type\":\"WebPage\",\"@id\":\"https:\/\/www.mpfiltri.com\/pt-pt\/product\/lfex-elixir\/\",\"url\":\"https:\/\/www.mpfiltri.com\/pt-pt\/product\/lfex-elixir\/\",\"name\":\"LFEX (Elixir) - MP Filtri\",\"isPartOf\":{\"@id\":\"https:\/\/www.mpfiltri.com\/pt-pt\/#website\"},\"datePublished\":\"2025-06-16T14:40:10+00:00\",\"dateModified\":\"2026-04-01T14:24:05+00:00\",\"breadcrumb\":{\"@id\":\"https:\/\/www.mpfiltri.com\/pt-pt\/product\/lfex-elixir\/#breadcrumb\"},\"inLanguage\":\"pt-PT\",\"potentialAction\":[{\"@type\":\"ReadAction\",\"target\":[\"https:\/\/www.mpfiltri.com\/pt-pt\/product\/lfex-elixir\/\"]}]},{\"@type\":\"BreadcrumbList\",\"@id\":\"https:\/\/www.mpfiltri.com\/pt-pt\/product\/lfex-elixir\/#breadcrumb\",\"itemListElement\":[{\"@type\":\"ListItem\",\"position\":1,\"name\":\"Home\",\"item\":\"https:\/\/www.mpfiltri.com\/pt-pt\/\"},{\"@type\":\"ListItem\",\"position\":2,\"name\":\"Produtos\",\"item\":\"https:\/\/www.mpfiltri.com\/pt-pt\/shop\/\"},{\"@type\":\"ListItem\",\"position\":3,\"name\":\"LFEX (Elixir)\"}]},{\"@type\":\"WebSite\",\"@id\":\"https:\/\/www.mpfiltri.com\/pt-pt\/#website\",\"url\":\"https:\/\/www.mpfiltri.com\/pt-pt\/\",\"name\":\"MP Filtri\",\"description\":\"\",\"publisher\":{\"@id\":\"https:\/\/www.mpfiltri.com\/pt-pt\/#organization\"},\"potentialAction\":[{\"@type\":\"SearchAction\",\"target\":{\"@type\":\"EntryPoint\",\"urlTemplate\":\"https:\/\/www.mpfiltri.com\/pt-pt\/?s={search_term_string}\"},\"query-input\":{\"@type\":\"PropertyValueSpecification\",\"valueRequired\":true,\"valueName\":\"search_term_string\"}}],\"inLanguage\":\"pt-PT\"},{\"@type\":\"Organization\",\"@id\":\"https:\/\/www.mpfiltri.com\/pt-pt\/#organization\",\"name\":\"MP Filtri\",\"url\":\"https:\/\/www.mpfiltri.com\/pt-pt\/\",\"logo\":{\"@type\":\"ImageObject\",\"inLanguage\":\"pt-PT\",\"@id\":\"https:\/\/www.mpfiltri.com\/pt-pt\/#\/schema\/logo\/image\/\",\"url\":\"\",\"contentUrl\":\"\",\"caption\":\"MP Filtri\"},\"image\":{\"@id\":\"https:\/\/www.mpfiltri.com\/pt-pt\/#\/schema\/logo\/image\/\"},\"sameAs\":[\"https:\/\/www.facebook.com\/MPFiltriITA\",\"https:\/\/www.instagram.com\/mpfiltri\/\",\"https:\/\/www.youtube.com\/channel\/UCCzNMySYc1c4M-2B4v0K_QA?view_as=subscriber\",\"https:\/\/www.linkedin.com\/company\/mp-filtri-spa\/\"]}]}<\/script>\n<!-- \/ Yoast SEO plugin. -->","yoast_head_json":{"title":"LFEX (Elixir) - MP Filtri","robots":{"index":"index","follow":"follow","max-snippet":"max-snippet:-1","max-image-preview":"max-image-preview:large","max-video-preview":"max-video-preview:-1"},"canonical":"https:\/\/www.mpfiltri.com\/pt-pt\/product\/lfex-elixir\/","og_locale":"pt_PT","og_type":"article","og_title":"LFEX (Elixir) - MP Filtri","og_description":"Filtros de baixa press\u00e3o para prote\u00e7\u00e3o de componentes sens\u00edveis em sistemas hidr\u00e1ulicos de baixa press\u00e3o, press\u00e3o de trabalho at\u00e9 1,6 MPa (16 bar), vaz\u00e3o at\u00e9 300 l\/min (79 gpm), conex\u00f5es roscadas at\u00e9 1.1\/4&#8243; e conex\u00f5es SAE at\u00e9 1.5\/8\u201d. Diretamente intercambi\u00e1vel com a s\u00e9rie spin-on, com caracter\u00edsticas de desempenhos aprimoradas. Ver tabela apropriada para a compatibilidade [&hellip;]","og_url":"https:\/\/www.mpfiltri.com\/pt-pt\/product\/lfex-elixir\/","og_site_name":"MP Filtri","article_publisher":"https:\/\/www.facebook.com\/MPFiltriITA","article_modified_time":"2026-04-01T14:24:05+00:00","twitter_card":"summary_large_image","schema":{"@context":"https:\/\/schema.org","@graph":[{"@type":"WebPage","@id":"https:\/\/www.mpfiltri.com\/pt-pt\/product\/lfex-elixir\/","url":"https:\/\/www.mpfiltri.com\/pt-pt\/product\/lfex-elixir\/","name":"LFEX (Elixir) - MP Filtri","isPartOf":{"@id":"https:\/\/www.mpfiltri.com\/pt-pt\/#website"},"datePublished":"2025-06-16T14:40:10+00:00","dateModified":"2026-04-01T14:24:05+00:00","breadcrumb":{"@id":"https:\/\/www.mpfiltri.com\/pt-pt\/product\/lfex-elixir\/#breadcrumb"},"inLanguage":"pt-PT","potentialAction":[{"@type":"ReadAction","target":["https:\/\/www.mpfiltri.com\/pt-pt\/product\/lfex-elixir\/"]}]},{"@type":"BreadcrumbList","@id":"https:\/\/www.mpfiltri.com\/pt-pt\/product\/lfex-elixir\/#breadcrumb","itemListElement":[{"@type":"ListItem","position":1,"name":"Home","item":"https:\/\/www.mpfiltri.com\/pt-pt\/"},{"@type":"ListItem","position":2,"name":"Produtos","item":"https:\/\/www.mpfiltri.com\/pt-pt\/shop\/"},{"@type":"ListItem","position":3,"name":"LFEX (Elixir)"}]},{"@type":"WebSite","@id":"https:\/\/www.mpfiltri.com\/pt-pt\/#website","url":"https:\/\/www.mpfiltri.com\/pt-pt\/","name":"MP Filtri","description":"","publisher":{"@id":"https:\/\/www.mpfiltri.com\/pt-pt\/#organization"},"potentialAction":[{"@type":"SearchAction","target":{"@type":"EntryPoint","urlTemplate":"https:\/\/www.mpfiltri.com\/pt-pt\/?s={search_term_string}"},"query-input":{"@type":"PropertyValueSpecification","valueRequired":true,"valueName":"search_term_string"}}],"inLanguage":"pt-PT"},{"@type":"Organization","@id":"https:\/\/www.mpfiltri.com\/pt-pt\/#organization","name":"MP Filtri","url":"https:\/\/www.mpfiltri.com\/pt-pt\/","logo":{"@type":"ImageObject","inLanguage":"pt-PT","@id":"https:\/\/www.mpfiltri.com\/pt-pt\/#\/schema\/logo\/image\/","url":"","contentUrl":"","caption":"MP Filtri"},"image":{"@id":"https:\/\/www.mpfiltri.com\/pt-pt\/#\/schema\/logo\/image\/"},"sameAs":["https:\/\/www.facebook.com\/MPFiltriITA","https:\/\/www.instagram.com\/mpfiltri\/","https:\/\/www.youtube.com\/channel\/UCCzNMySYc1c4M-2B4v0K_QA?view_as=subscriber","https:\/\/www.linkedin.com\/company\/mp-filtri-spa\/"]}]}},"_links":{"self":[{"href":"https:\/\/www.mpfiltri.com\/pt-pt\/wp-json\/wp\/v2\/product\/78791","targetHints":{"allow":["GET"]}}],"collection":[{"href":"https:\/\/www.mpfiltri.com\/pt-pt\/wp-json\/wp\/v2\/product"}],"about":[{"href":"https:\/\/www.mpfiltri.com\/pt-pt\/wp-json\/wp\/v2\/types\/product"}],"replies":[{"embeddable":true,"href":"https:\/\/www.mpfiltri.com\/pt-pt\/wp-json\/wp\/v2\/comments?post=78791"}],"wp:attachment":[{"href":"https:\/\/www.mpfiltri.com\/pt-pt\/wp-json\/wp\/v2\/media?parent=78791"}],"wp:term":[{"taxonomy":"product-structure","embeddable":true,"href":"https:\/\/www.mpfiltri.com\/pt-pt\/wp-json\/wp\/v2\/product-structure?post=78791"},{"taxonomy":"product_brand","embeddable":true,"href":"https:\/\/www.mpfiltri.com\/pt-pt\/wp-json\/wp\/v2\/product_brand?post=78791"},{"taxonomy":"product_cat","embeddable":true,"href":"https:\/\/www.mpfiltri.com\/pt-pt\/wp-json\/wp\/v2\/product_cat?post=78791"},{"taxonomy":"product_tag","embeddable":true,"href":"https:\/\/www.mpfiltri.com\/pt-pt\/wp-json\/wp\/v2\/product_tag?post=78791"}],"curies":[{"name":"wp","href":"https:\/\/api.w.org\/{rel}","templated":true}]}}