

{"id":78713,"date":"2025-06-17T17:02:48","date_gmt":"2025-06-17T15:02:48","guid":{"rendered":"https:\/\/www.mpfiltri.com\/product\/produto-3\/"},"modified":"2026-04-01T16:23:17","modified_gmt":"2026-04-01T14:23:17","slug":"cml-4","status":"publish","type":"product","link":"https:\/\/www.mpfiltri.com\/pt-pt\/product\/cml-4\/","title":{"rendered":"CML 4"},"content":{"rendered":"<p>O CML4 \u00e9 um monitor de contamina\u00e7\u00e3o compacto e port\u00e1til que oferece uma avalia\u00e7\u00e3o r\u00e1pida e precisa da contamina\u00e7\u00e3o no campo e \u00e9 a solu\u00e7\u00e3o perfeita para os setores m\u00f3vel, de constru\u00e7\u00e3o e aluguel de plantas.<\/p>\n<p>\u2022Bomba Integrada: Para testar amostras de \u00f3leo n\u00e3o pressurizadas<\/p>\n<p>\u2022Simples e Intuitivo: F\u00e1cil de dominar sem necessidade de um laptop<\/p>\n<p>\u2022Bateria de Longa Dura\u00e7\u00e3o de \u00cdon de L\u00edtio<\/p>\n<p>\u2022Amostragem de Alta Press\u00e3o: At\u00e9 420 bar \/ 6091 PSI<\/p>\n<p>\u2022Capacidade de Mem\u00f3ria: Armazena at\u00e9 4000 resultados<\/p>\n<p>\u2022Conectividade: Porta USB-C integrada<\/p>\n<p>\u2022Alta Resolu\u00e7\u00e3o: Tela sens\u00edvel ao toque colorida de 7\u201d<\/p>\n<p>\u2022Classifica\u00e7\u00e3o IP65: Para prote\u00e7\u00e3o aprimorada<\/p>\n<p>\u2022Compat\u00edvel com Bluetooth: Acess\u00f3rio de impressora opcional dispon\u00edvel<\/p>\n<p>\u2022Formatos de Relat\u00f3rio Variados Inclu\u00eddos<\/p>\n","protected":false},"excerpt":{"rendered":"<p>O CML4 \u00e9 um monitor de contamina\u00e7\u00e3o compacto e port\u00e1til que oferece uma avalia\u00e7\u00e3o r\u00e1pida e precisa da contamina\u00e7\u00e3o no campo e \u00e9 a solu\u00e7\u00e3o perfeita para os setores m\u00f3vel, de constru\u00e7\u00e3o e aluguel de plantas. \u2022Bomba Integrada: Para testar amostras de \u00f3leo n\u00e3o pressurizadas \u2022Simples e Intuitivo: F\u00e1cil de dominar sem necessidade de um [&hellip;]<\/p>\n","protected":false},"featured_media":0,"comment_status":"open","ping_status":"closed","template":"","meta":{"_acf_changed":false,"_gspb_post_css":"","inline_featured_image":false,"_genesis_hide_title":false,"_genesis_hide_breadcrumbs":false,"_genesis_hide_singular_image":false,"_genesis_hide_footer_widgets":false,"_genesis_custom_body_class":"","_genesis_custom_post_class":"","_genesis_layout":"","_links_to":"","_links_to_target":""},"product-structure":[62],"product_brand":[],"product_cat":[13214,13158,13186,13123,13254,13228,13193,13247,13308,13200,13281,13207,13233,13275,13288,13261,13268,13240,13221],"product_tag":[],"class_list":{"0":"post-78713","1":"product","2":"type-product","3":"status-publish","5":"product-structure-series","6":"product_cat-aircraft-marine-vehicles","7":"product_cat-agriculture-forestry","8":"product_cat-applications","9":"product_cat-construction","10":"product_cat-packaging-foodbeverage","11":"product_cat-industrial-equipment","12":"product_cat-mobile-equipment","13":"product_cat-power-generation","14":"product_cat-line","15":"product_cat-materials-handling","16":"product_cat-lubrication-machines-offline-flushing","17":"product_cat-mining","18":"product_cat-chemical-oil-gas","19":"product_cat-forming-machines-for-ceramics-plastics-rubber-metals","20":"product_cat-hydraulic-systems-power-pack-machinery","21":"product_cat-textile-wood-pulppaper","22":"product_cat-waste-treatment","23":"product_cat-steel-metal-processing","24":"product_cat-commercial-utility-vehicles","25":"entry","27":"first","28":"instock","29":"shipping-taxable","30":"product-type-simple"},"acf":[],"yoast_head":"<!-- This site is optimized with the Yoast SEO plugin v27.2 - https:\/\/yoast.com\/product\/yoast-seo-wordpress\/ -->\n<title>CML 4 - MP Filtri<\/title>\n<meta name=\"robots\" content=\"index, follow, max-snippet:-1, max-image-preview:large, max-video-preview:-1\" \/>\n<link rel=\"canonical\" href=\"https:\/\/www.mpfiltri.com\/pt-pt\/product\/cml-4\/\" \/>\n<meta property=\"og:locale\" content=\"pt_PT\" \/>\n<meta property=\"og:type\" content=\"article\" \/>\n<meta property=\"og:title\" content=\"CML 4 - MP Filtri\" \/>\n<meta property=\"og:description\" content=\"O CML4 \u00e9 um monitor de contamina\u00e7\u00e3o compacto e port\u00e1til que oferece uma avalia\u00e7\u00e3o r\u00e1pida e precisa da contamina\u00e7\u00e3o no campo e \u00e9 a solu\u00e7\u00e3o perfeita para os setores m\u00f3vel, de constru\u00e7\u00e3o e aluguel de plantas. \u2022Bomba Integrada: Para testar amostras de \u00f3leo n\u00e3o pressurizadas \u2022Simples e Intuitivo: F\u00e1cil de dominar sem necessidade de um [&hellip;]\" \/>\n<meta property=\"og:url\" content=\"https:\/\/www.mpfiltri.com\/pt-pt\/product\/cml-4\/\" \/>\n<meta property=\"og:site_name\" content=\"MP Filtri\" \/>\n<meta property=\"article:publisher\" content=\"https:\/\/www.facebook.com\/MPFiltriITA\" \/>\n<meta property=\"article:modified_time\" content=\"2026-04-01T14:23:17+00:00\" \/>\n<meta name=\"twitter:card\" content=\"summary_large_image\" \/>\n<meta name=\"twitter:label1\" content=\"Tempo estimado de leitura\" \/>\n\t<meta name=\"twitter:data1\" content=\"1 minuto\" \/>\n<script type=\"application\/ld+json\" class=\"yoast-schema-graph\">{\"@context\":\"https:\/\/schema.org\",\"@graph\":[{\"@type\":\"WebPage\",\"@id\":\"https:\/\/www.mpfiltri.com\/pt-pt\/product\/cml-4\/\",\"url\":\"https:\/\/www.mpfiltri.com\/pt-pt\/product\/cml-4\/\",\"name\":\"CML 4 - MP Filtri\",\"isPartOf\":{\"@id\":\"https:\/\/www.mpfiltri.com\/pt-pt\/#website\"},\"datePublished\":\"2025-06-17T15:02:48+00:00\",\"dateModified\":\"2026-04-01T14:23:17+00:00\",\"breadcrumb\":{\"@id\":\"https:\/\/www.mpfiltri.com\/pt-pt\/product\/cml-4\/#breadcrumb\"},\"inLanguage\":\"pt-PT\",\"potentialAction\":[{\"@type\":\"ReadAction\",\"target\":[\"https:\/\/www.mpfiltri.com\/pt-pt\/product\/cml-4\/\"]}]},{\"@type\":\"BreadcrumbList\",\"@id\":\"https:\/\/www.mpfiltri.com\/pt-pt\/product\/cml-4\/#breadcrumb\",\"itemListElement\":[{\"@type\":\"ListItem\",\"position\":1,\"name\":\"Home\",\"item\":\"https:\/\/www.mpfiltri.com\/pt-pt\/\"},{\"@type\":\"ListItem\",\"position\":2,\"name\":\"Produtos\",\"item\":\"https:\/\/www.mpfiltri.com\/pt-pt\/shop\/\"},{\"@type\":\"ListItem\",\"position\":3,\"name\":\"CML 4\"}]},{\"@type\":\"WebSite\",\"@id\":\"https:\/\/www.mpfiltri.com\/pt-pt\/#website\",\"url\":\"https:\/\/www.mpfiltri.com\/pt-pt\/\",\"name\":\"MP Filtri\",\"description\":\"\",\"publisher\":{\"@id\":\"https:\/\/www.mpfiltri.com\/pt-pt\/#organization\"},\"potentialAction\":[{\"@type\":\"SearchAction\",\"target\":{\"@type\":\"EntryPoint\",\"urlTemplate\":\"https:\/\/www.mpfiltri.com\/pt-pt\/?s={search_term_string}\"},\"query-input\":{\"@type\":\"PropertyValueSpecification\",\"valueRequired\":true,\"valueName\":\"search_term_string\"}}],\"inLanguage\":\"pt-PT\"},{\"@type\":\"Organization\",\"@id\":\"https:\/\/www.mpfiltri.com\/pt-pt\/#organization\",\"name\":\"MP Filtri\",\"url\":\"https:\/\/www.mpfiltri.com\/pt-pt\/\",\"logo\":{\"@type\":\"ImageObject\",\"inLanguage\":\"pt-PT\",\"@id\":\"https:\/\/www.mpfiltri.com\/pt-pt\/#\/schema\/logo\/image\/\",\"url\":\"\",\"contentUrl\":\"\",\"caption\":\"MP Filtri\"},\"image\":{\"@id\":\"https:\/\/www.mpfiltri.com\/pt-pt\/#\/schema\/logo\/image\/\"},\"sameAs\":[\"https:\/\/www.facebook.com\/MPFiltriITA\",\"https:\/\/www.instagram.com\/mpfiltri\/\",\"https:\/\/www.youtube.com\/channel\/UCCzNMySYc1c4M-2B4v0K_QA?view_as=subscriber\",\"https:\/\/www.linkedin.com\/company\/mp-filtri-spa\/\"]}]}<\/script>\n<!-- \/ Yoast SEO plugin. -->","yoast_head_json":{"title":"CML 4 - MP Filtri","robots":{"index":"index","follow":"follow","max-snippet":"max-snippet:-1","max-image-preview":"max-image-preview:large","max-video-preview":"max-video-preview:-1"},"canonical":"https:\/\/www.mpfiltri.com\/pt-pt\/product\/cml-4\/","og_locale":"pt_PT","og_type":"article","og_title":"CML 4 - MP Filtri","og_description":"O CML4 \u00e9 um monitor de contamina\u00e7\u00e3o compacto e port\u00e1til que oferece uma avalia\u00e7\u00e3o r\u00e1pida e precisa da contamina\u00e7\u00e3o no campo e \u00e9 a solu\u00e7\u00e3o perfeita para os setores m\u00f3vel, de constru\u00e7\u00e3o e aluguel de plantas. \u2022Bomba Integrada: Para testar amostras de \u00f3leo n\u00e3o pressurizadas \u2022Simples e Intuitivo: F\u00e1cil de dominar sem necessidade de um [&hellip;]","og_url":"https:\/\/www.mpfiltri.com\/pt-pt\/product\/cml-4\/","og_site_name":"MP Filtri","article_publisher":"https:\/\/www.facebook.com\/MPFiltriITA","article_modified_time":"2026-04-01T14:23:17+00:00","twitter_card":"summary_large_image","twitter_misc":{"Tempo estimado de leitura":"1 minuto"},"schema":{"@context":"https:\/\/schema.org","@graph":[{"@type":"WebPage","@id":"https:\/\/www.mpfiltri.com\/pt-pt\/product\/cml-4\/","url":"https:\/\/www.mpfiltri.com\/pt-pt\/product\/cml-4\/","name":"CML 4 - MP Filtri","isPartOf":{"@id":"https:\/\/www.mpfiltri.com\/pt-pt\/#website"},"datePublished":"2025-06-17T15:02:48+00:00","dateModified":"2026-04-01T14:23:17+00:00","breadcrumb":{"@id":"https:\/\/www.mpfiltri.com\/pt-pt\/product\/cml-4\/#breadcrumb"},"inLanguage":"pt-PT","potentialAction":[{"@type":"ReadAction","target":["https:\/\/www.mpfiltri.com\/pt-pt\/product\/cml-4\/"]}]},{"@type":"BreadcrumbList","@id":"https:\/\/www.mpfiltri.com\/pt-pt\/product\/cml-4\/#breadcrumb","itemListElement":[{"@type":"ListItem","position":1,"name":"Home","item":"https:\/\/www.mpfiltri.com\/pt-pt\/"},{"@type":"ListItem","position":2,"name":"Produtos","item":"https:\/\/www.mpfiltri.com\/pt-pt\/shop\/"},{"@type":"ListItem","position":3,"name":"CML 4"}]},{"@type":"WebSite","@id":"https:\/\/www.mpfiltri.com\/pt-pt\/#website","url":"https:\/\/www.mpfiltri.com\/pt-pt\/","name":"MP Filtri","description":"","publisher":{"@id":"https:\/\/www.mpfiltri.com\/pt-pt\/#organization"},"potentialAction":[{"@type":"SearchAction","target":{"@type":"EntryPoint","urlTemplate":"https:\/\/www.mpfiltri.com\/pt-pt\/?s={search_term_string}"},"query-input":{"@type":"PropertyValueSpecification","valueRequired":true,"valueName":"search_term_string"}}],"inLanguage":"pt-PT"},{"@type":"Organization","@id":"https:\/\/www.mpfiltri.com\/pt-pt\/#organization","name":"MP Filtri","url":"https:\/\/www.mpfiltri.com\/pt-pt\/","logo":{"@type":"ImageObject","inLanguage":"pt-PT","@id":"https:\/\/www.mpfiltri.com\/pt-pt\/#\/schema\/logo\/image\/","url":"","contentUrl":"","caption":"MP Filtri"},"image":{"@id":"https:\/\/www.mpfiltri.com\/pt-pt\/#\/schema\/logo\/image\/"},"sameAs":["https:\/\/www.facebook.com\/MPFiltriITA","https:\/\/www.instagram.com\/mpfiltri\/","https:\/\/www.youtube.com\/channel\/UCCzNMySYc1c4M-2B4v0K_QA?view_as=subscriber","https:\/\/www.linkedin.com\/company\/mp-filtri-spa\/"]}]}},"_links":{"self":[{"href":"https:\/\/www.mpfiltri.com\/pt-pt\/wp-json\/wp\/v2\/product\/78713","targetHints":{"allow":["GET"]}}],"collection":[{"href":"https:\/\/www.mpfiltri.com\/pt-pt\/wp-json\/wp\/v2\/product"}],"about":[{"href":"https:\/\/www.mpfiltri.com\/pt-pt\/wp-json\/wp\/v2\/types\/product"}],"replies":[{"embeddable":true,"href":"https:\/\/www.mpfiltri.com\/pt-pt\/wp-json\/wp\/v2\/comments?post=78713"}],"wp:attachment":[{"href":"https:\/\/www.mpfiltri.com\/pt-pt\/wp-json\/wp\/v2\/media?parent=78713"}],"wp:term":[{"taxonomy":"product-structure","embeddable":true,"href":"https:\/\/www.mpfiltri.com\/pt-pt\/wp-json\/wp\/v2\/product-structure?post=78713"},{"taxonomy":"product_brand","embeddable":true,"href":"https:\/\/www.mpfiltri.com\/pt-pt\/wp-json\/wp\/v2\/product_brand?post=78713"},{"taxonomy":"product_cat","embeddable":true,"href":"https:\/\/www.mpfiltri.com\/pt-pt\/wp-json\/wp\/v2\/product_cat?post=78713"},{"taxonomy":"product_tag","embeddable":true,"href":"https:\/\/www.mpfiltri.com\/pt-pt\/wp-json\/wp\/v2\/product_tag?post=78713"}],"curies":[{"name":"wp","href":"https:\/\/api.w.org\/{rel}","templated":true}]}}