

{"id":78669,"date":"2026-01-28T17:22:25","date_gmt":"2026-01-28T16:22:25","guid":{"rendered":"https:\/\/www.mpfiltri.com\/product\/produto-3\/"},"modified":"2026-04-01T16:22:43","modified_gmt":"2026-04-01T14:22:43","slug":"acessorios","status":"publish","type":"product","link":"https:\/\/www.mpfiltri.com\/pt-pt\/product\/acessorios\/","title":{"rendered":"ACESS\u00d3RIOS"},"content":{"rendered":"<p>A gama de acess\u00f3rios inclui:<\/p>\n<ul>\n<li>\n<p>Suportes de p\u00e9 (FOOT BRACKETS): servem para suportar a unidade motor-bomba caso o motor el\u00e9trico selecionado n\u00e3o possua p\u00e9s de montagem.<\/p>\n<\/li>\n<li>\n<p>An\u00e9is de amortecimento (DAMPING RINGS): destinados principalmente a unidades motor-bomba posicionadas verticalmente e com a bomba submersa no tanque de \u00f3leo.<\/p>\n<\/li>\n<li>\n<p>Hastes de amortecimento (DAMPING RODS): para serem montadas sob os p\u00e9s do motor el\u00e9trico ou sob os suportes de p\u00e9.<\/p>\n<\/li>\n<li>\n<p>Tampas de limpeza (CLEAN-OUT COVERS): facilitam a manuten\u00e7\u00e3o interna dos tanques de \u00f3leo em unidades hidr\u00e1ulicas.<\/p>\n<\/li>\n<\/ul>\n","protected":false},"excerpt":{"rendered":"<p>A gama de acess\u00f3rios inclui: Suportes de p\u00e9 (FOOT BRACKETS): servem para suportar a unidade motor-bomba caso o motor el\u00e9trico selecionado n\u00e3o possua p\u00e9s de montagem. An\u00e9is de amortecimento (DAMPING RINGS): destinados principalmente a unidades motor-bomba posicionadas verticalmente e com a bomba submersa no tanque de \u00f3leo. Hastes de amortecimento (DAMPING RODS): para serem montadas [&hellip;]<\/p>\n","protected":false},"featured_media":42001,"comment_status":"open","ping_status":"closed","template":"","meta":{"_acf_changed":false,"_gspb_post_css":"","inline_featured_image":false,"_genesis_hide_title":false,"_genesis_hide_breadcrumbs":false,"_genesis_hide_singular_image":false,"_genesis_hide_footer_widgets":false,"_genesis_custom_body_class":"","_genesis_custom_post_class":"","_genesis_layout":"","_links_to":"","_links_to_target":""},"product-structure":[61],"product_brand":[],"product_cat":[],"product_tag":[],"class_list":{"0":"post-78669","1":"product","2":"type-product","3":"status-publish","4":"has-post-thumbnail","6":"product-structure-family","7":"entry","9":"first","10":"instock","11":"shipping-taxable","12":"product-type-simple"},"acf":[],"yoast_head":"<!-- This site is optimized with the Yoast SEO plugin v27.2 - https:\/\/yoast.com\/product\/yoast-seo-wordpress\/ -->\n<title>ACESS\u00d3RIOS - MP Filtri<\/title>\n<meta name=\"robots\" content=\"index, follow, max-snippet:-1, max-image-preview:large, max-video-preview:-1\" \/>\n<link rel=\"canonical\" href=\"https:\/\/www.mpfiltri.com\/pt-pt\/product\/acessorios\/\" \/>\n<meta property=\"og:locale\" content=\"pt_PT\" \/>\n<meta property=\"og:type\" content=\"article\" \/>\n<meta property=\"og:title\" content=\"ACESS\u00d3RIOS - MP Filtri\" \/>\n<meta property=\"og:description\" content=\"A gama de acess\u00f3rios inclui: Suportes de p\u00e9 (FOOT BRACKETS): servem para suportar a unidade motor-bomba caso o motor el\u00e9trico selecionado n\u00e3o possua p\u00e9s de montagem. An\u00e9is de amortecimento (DAMPING RINGS): destinados principalmente a unidades motor-bomba posicionadas verticalmente e com a bomba submersa no tanque de \u00f3leo. Hastes de amortecimento (DAMPING RODS): para serem montadas [&hellip;]\" \/>\n<meta property=\"og:url\" content=\"https:\/\/www.mpfiltri.com\/pt-pt\/product\/acessorios\/\" \/>\n<meta property=\"og:site_name\" content=\"MP Filtri\" \/>\n<meta property=\"article:publisher\" content=\"https:\/\/www.facebook.com\/MPFiltriITA\" \/>\n<meta property=\"article:modified_time\" content=\"2026-04-01T14:22:43+00:00\" \/>\n<meta property=\"og:image\" content=\"https:\/\/www.mpfiltri.com\/wp-content\/uploads\/2025\/10\/pt-accessories.png\" \/>\n\t<meta property=\"og:image:width\" content=\"1458\" \/>\n\t<meta property=\"og:image:height\" content=\"1458\" \/>\n\t<meta property=\"og:image:type\" content=\"image\/png\" \/>\n<meta name=\"twitter:card\" content=\"summary_large_image\" \/>\n<script type=\"application\/ld+json\" class=\"yoast-schema-graph\">{\"@context\":\"https:\/\/schema.org\",\"@graph\":[{\"@type\":\"WebPage\",\"@id\":\"https:\/\/www.mpfiltri.com\/pt-pt\/product\/acessorios\/\",\"url\":\"https:\/\/www.mpfiltri.com\/pt-pt\/product\/acessorios\/\",\"name\":\"ACESS\u00d3RIOS - MP Filtri\",\"isPartOf\":{\"@id\":\"https:\/\/www.mpfiltri.com\/pt-pt\/#website\"},\"primaryImageOfPage\":{\"@id\":\"https:\/\/www.mpfiltri.com\/pt-pt\/product\/acessorios\/#primaryimage\"},\"image\":{\"@id\":\"https:\/\/www.mpfiltri.com\/pt-pt\/product\/acessorios\/#primaryimage\"},\"thumbnailUrl\":\"https:\/\/www.mpfiltri.com\/wp-content\/uploads\/2025\/10\/pt-accessories.png\",\"datePublished\":\"2026-01-28T16:22:25+00:00\",\"dateModified\":\"2026-04-01T14:22:43+00:00\",\"breadcrumb\":{\"@id\":\"https:\/\/www.mpfiltri.com\/pt-pt\/product\/acessorios\/#breadcrumb\"},\"inLanguage\":\"pt-PT\",\"potentialAction\":[{\"@type\":\"ReadAction\",\"target\":[\"https:\/\/www.mpfiltri.com\/pt-pt\/product\/acessorios\/\"]}]},{\"@type\":\"ImageObject\",\"inLanguage\":\"pt-PT\",\"@id\":\"https:\/\/www.mpfiltri.com\/pt-pt\/product\/acessorios\/#primaryimage\",\"url\":\"https:\/\/www.mpfiltri.com\/wp-content\/uploads\/2025\/10\/pt-accessories.png\",\"contentUrl\":\"https:\/\/www.mpfiltri.com\/wp-content\/uploads\/2025\/10\/pt-accessories.png\",\"width\":1458,\"height\":1458},{\"@type\":\"BreadcrumbList\",\"@id\":\"https:\/\/www.mpfiltri.com\/pt-pt\/product\/acessorios\/#breadcrumb\",\"itemListElement\":[{\"@type\":\"ListItem\",\"position\":1,\"name\":\"Home\",\"item\":\"https:\/\/www.mpfiltri.com\/pt-pt\/\"},{\"@type\":\"ListItem\",\"position\":2,\"name\":\"Produtos\",\"item\":\"https:\/\/www.mpfiltri.com\/pt-pt\/shop\/\"},{\"@type\":\"ListItem\",\"position\":3,\"name\":\"ACESS\u00d3RIOS\"}]},{\"@type\":\"WebSite\",\"@id\":\"https:\/\/www.mpfiltri.com\/pt-pt\/#website\",\"url\":\"https:\/\/www.mpfiltri.com\/pt-pt\/\",\"name\":\"MP Filtri\",\"description\":\"\",\"publisher\":{\"@id\":\"https:\/\/www.mpfiltri.com\/pt-pt\/#organization\"},\"potentialAction\":[{\"@type\":\"SearchAction\",\"target\":{\"@type\":\"EntryPoint\",\"urlTemplate\":\"https:\/\/www.mpfiltri.com\/pt-pt\/?s={search_term_string}\"},\"query-input\":{\"@type\":\"PropertyValueSpecification\",\"valueRequired\":true,\"valueName\":\"search_term_string\"}}],\"inLanguage\":\"pt-PT\"},{\"@type\":\"Organization\",\"@id\":\"https:\/\/www.mpfiltri.com\/pt-pt\/#organization\",\"name\":\"MP Filtri\",\"url\":\"https:\/\/www.mpfiltri.com\/pt-pt\/\",\"logo\":{\"@type\":\"ImageObject\",\"inLanguage\":\"pt-PT\",\"@id\":\"https:\/\/www.mpfiltri.com\/pt-pt\/#\/schema\/logo\/image\/\",\"url\":\"\",\"contentUrl\":\"\",\"caption\":\"MP Filtri\"},\"image\":{\"@id\":\"https:\/\/www.mpfiltri.com\/pt-pt\/#\/schema\/logo\/image\/\"},\"sameAs\":[\"https:\/\/www.facebook.com\/MPFiltriITA\",\"https:\/\/www.instagram.com\/mpfiltri\/\",\"https:\/\/www.youtube.com\/channel\/UCCzNMySYc1c4M-2B4v0K_QA?view_as=subscriber\",\"https:\/\/www.linkedin.com\/company\/mp-filtri-spa\/\"]}]}<\/script>\n<!-- \/ Yoast SEO plugin. -->","yoast_head_json":{"title":"ACESS\u00d3RIOS - MP Filtri","robots":{"index":"index","follow":"follow","max-snippet":"max-snippet:-1","max-image-preview":"max-image-preview:large","max-video-preview":"max-video-preview:-1"},"canonical":"https:\/\/www.mpfiltri.com\/pt-pt\/product\/acessorios\/","og_locale":"pt_PT","og_type":"article","og_title":"ACESS\u00d3RIOS - MP Filtri","og_description":"A gama de acess\u00f3rios inclui: Suportes de p\u00e9 (FOOT BRACKETS): servem para suportar a unidade motor-bomba caso o motor el\u00e9trico selecionado n\u00e3o possua p\u00e9s de montagem. An\u00e9is de amortecimento (DAMPING RINGS): destinados principalmente a unidades motor-bomba posicionadas verticalmente e com a bomba submersa no tanque de \u00f3leo. Hastes de amortecimento (DAMPING RODS): para serem montadas [&hellip;]","og_url":"https:\/\/www.mpfiltri.com\/pt-pt\/product\/acessorios\/","og_site_name":"MP Filtri","article_publisher":"https:\/\/www.facebook.com\/MPFiltriITA","article_modified_time":"2026-04-01T14:22:43+00:00","og_image":[{"width":1458,"height":1458,"url":"https:\/\/www.mpfiltri.com\/wp-content\/uploads\/2025\/10\/pt-accessories.png","type":"image\/png"}],"twitter_card":"summary_large_image","schema":{"@context":"https:\/\/schema.org","@graph":[{"@type":"WebPage","@id":"https:\/\/www.mpfiltri.com\/pt-pt\/product\/acessorios\/","url":"https:\/\/www.mpfiltri.com\/pt-pt\/product\/acessorios\/","name":"ACESS\u00d3RIOS - MP Filtri","isPartOf":{"@id":"https:\/\/www.mpfiltri.com\/pt-pt\/#website"},"primaryImageOfPage":{"@id":"https:\/\/www.mpfiltri.com\/pt-pt\/product\/acessorios\/#primaryimage"},"image":{"@id":"https:\/\/www.mpfiltri.com\/pt-pt\/product\/acessorios\/#primaryimage"},"thumbnailUrl":"https:\/\/www.mpfiltri.com\/wp-content\/uploads\/2025\/10\/pt-accessories.png","datePublished":"2026-01-28T16:22:25+00:00","dateModified":"2026-04-01T14:22:43+00:00","breadcrumb":{"@id":"https:\/\/www.mpfiltri.com\/pt-pt\/product\/acessorios\/#breadcrumb"},"inLanguage":"pt-PT","potentialAction":[{"@type":"ReadAction","target":["https:\/\/www.mpfiltri.com\/pt-pt\/product\/acessorios\/"]}]},{"@type":"ImageObject","inLanguage":"pt-PT","@id":"https:\/\/www.mpfiltri.com\/pt-pt\/product\/acessorios\/#primaryimage","url":"https:\/\/www.mpfiltri.com\/wp-content\/uploads\/2025\/10\/pt-accessories.png","contentUrl":"https:\/\/www.mpfiltri.com\/wp-content\/uploads\/2025\/10\/pt-accessories.png","width":1458,"height":1458},{"@type":"BreadcrumbList","@id":"https:\/\/www.mpfiltri.com\/pt-pt\/product\/acessorios\/#breadcrumb","itemListElement":[{"@type":"ListItem","position":1,"name":"Home","item":"https:\/\/www.mpfiltri.com\/pt-pt\/"},{"@type":"ListItem","position":2,"name":"Produtos","item":"https:\/\/www.mpfiltri.com\/pt-pt\/shop\/"},{"@type":"ListItem","position":3,"name":"ACESS\u00d3RIOS"}]},{"@type":"WebSite","@id":"https:\/\/www.mpfiltri.com\/pt-pt\/#website","url":"https:\/\/www.mpfiltri.com\/pt-pt\/","name":"MP Filtri","description":"","publisher":{"@id":"https:\/\/www.mpfiltri.com\/pt-pt\/#organization"},"potentialAction":[{"@type":"SearchAction","target":{"@type":"EntryPoint","urlTemplate":"https:\/\/www.mpfiltri.com\/pt-pt\/?s={search_term_string}"},"query-input":{"@type":"PropertyValueSpecification","valueRequired":true,"valueName":"search_term_string"}}],"inLanguage":"pt-PT"},{"@type":"Organization","@id":"https:\/\/www.mpfiltri.com\/pt-pt\/#organization","name":"MP Filtri","url":"https:\/\/www.mpfiltri.com\/pt-pt\/","logo":{"@type":"ImageObject","inLanguage":"pt-PT","@id":"https:\/\/www.mpfiltri.com\/pt-pt\/#\/schema\/logo\/image\/","url":"","contentUrl":"","caption":"MP Filtri"},"image":{"@id":"https:\/\/www.mpfiltri.com\/pt-pt\/#\/schema\/logo\/image\/"},"sameAs":["https:\/\/www.facebook.com\/MPFiltriITA","https:\/\/www.instagram.com\/mpfiltri\/","https:\/\/www.youtube.com\/channel\/UCCzNMySYc1c4M-2B4v0K_QA?view_as=subscriber","https:\/\/www.linkedin.com\/company\/mp-filtri-spa\/"]}]}},"_links":{"self":[{"href":"https:\/\/www.mpfiltri.com\/pt-pt\/wp-json\/wp\/v2\/product\/78669","targetHints":{"allow":["GET"]}}],"collection":[{"href":"https:\/\/www.mpfiltri.com\/pt-pt\/wp-json\/wp\/v2\/product"}],"about":[{"href":"https:\/\/www.mpfiltri.com\/pt-pt\/wp-json\/wp\/v2\/types\/product"}],"replies":[{"embeddable":true,"href":"https:\/\/www.mpfiltri.com\/pt-pt\/wp-json\/wp\/v2\/comments?post=78669"}],"wp:featuredmedia":[{"embeddable":true,"href":"https:\/\/www.mpfiltri.com\/pt-pt\/wp-json\/wp\/v2\/media\/42001"}],"wp:attachment":[{"href":"https:\/\/www.mpfiltri.com\/pt-pt\/wp-json\/wp\/v2\/media?parent=78669"}],"wp:term":[{"taxonomy":"product-structure","embeddable":true,"href":"https:\/\/www.mpfiltri.com\/pt-pt\/wp-json\/wp\/v2\/product-structure?post=78669"},{"taxonomy":"product_brand","embeddable":true,"href":"https:\/\/www.mpfiltri.com\/pt-pt\/wp-json\/wp\/v2\/product_brand?post=78669"},{"taxonomy":"product_cat","embeddable":true,"href":"https:\/\/www.mpfiltri.com\/pt-pt\/wp-json\/wp\/v2\/product_cat?post=78669"},{"taxonomy":"product_tag","embeddable":true,"href":"https:\/\/www.mpfiltri.com\/pt-pt\/wp-json\/wp\/v2\/product_tag?post=78669"}],"curies":[{"name":"wp","href":"https:\/\/api.w.org\/{rel}","templated":true}]}}