

{"id":78610,"date":"2025-06-16T16:41:39","date_gmt":"2025-06-16T14:41:39","guid":{"rendered":"https:\/\/www.mpfiltri.com\/product\/produto-3\/"},"modified":"2026-04-01T16:23:54","modified_gmt":"2026-04-01T14:23:54","slug":"flange-de-ligacao","status":"publish","type":"product","link":"https:\/\/www.mpfiltri.com\/pt-pt\/product\/flange-de-ligacao\/","title":{"rendered":"FLANGE DE LIGA\u00c7\u00c3O"},"content":{"rendered":"<p>As campanas de acoplamento s\u00e3o utilizadas como elementos de liga\u00e7\u00e3o entre motores IEC\/motores endot\u00e9rmicos e uma ampla gama de bombas hidr\u00e1ulicas dispon\u00edveis no mercado internacional. Fabricadas em liga de alum\u00ednio fundido sob press\u00e3o, cobrem motores IEC do tamanho 63 ao 355, bem como motores endot\u00e9rmicos at\u00e9 35 HP.<\/p>\n<p>Dispon\u00edveis em vers\u00f5es diferentes:<\/p>\n<ul>\n<li>\n<p>S\u00e9rie LMG: para bombas de engrenagem<\/p>\n<\/li>\n<li>\n<p>S\u00e9rie LMC: carca\u00e7a monobloco<\/p>\n<\/li>\n<li>\n<p>S\u00e9rie LDC: feita em 2 pe\u00e7as fixadas por parafusos<\/p>\n<\/li>\n<li>\n<p>S\u00e9rie LMS: capaz de reduzir o ru\u00eddo<\/p>\n<\/li>\n<li>\n<p>S\u00e9rie LDS: feita em 2 pe\u00e7as fixadas por parafusos<\/p>\n<\/li>\n<li>\n<p>LME\/LMEK (Acoplamento GKS) fabricado em liga de alum\u00ednio fundido sob press\u00e3o<\/p>\n<\/li>\n<li>\n<p>MULTI-COMPONENTS: composta por 3 pe\u00e7as para motores IEC de tamanhos 132 a 225 e por 2 pe\u00e7as para tamanhos de 250 a 355<\/p>\n<\/li>\n<\/ul>\n","protected":false},"excerpt":{"rendered":"<p>As campanas de acoplamento s\u00e3o utilizadas como elementos de liga\u00e7\u00e3o entre motores IEC\/motores endot\u00e9rmicos e uma ampla gama de bombas hidr\u00e1ulicas dispon\u00edveis no mercado internacional. Fabricadas em liga de alum\u00ednio fundido sob press\u00e3o, cobrem motores IEC do tamanho 63 ao 355, bem como motores endot\u00e9rmicos at\u00e9 35 HP. Dispon\u00edveis em vers\u00f5es diferentes: S\u00e9rie LMG: para [&hellip;]<\/p>\n","protected":false},"featured_media":40395,"comment_status":"open","ping_status":"closed","template":"","meta":{"_acf_changed":false,"_gspb_post_css":"","inline_featured_image":false,"_genesis_hide_title":false,"_genesis_hide_breadcrumbs":false,"_genesis_hide_singular_image":false,"_genesis_hide_footer_widgets":false,"_genesis_custom_body_class":"","_genesis_custom_post_class":"","_genesis_layout":"","_links_to":"","_links_to_target":""},"product-structure":[61],"product_brand":[],"product_cat":[],"product_tag":[],"class_list":{"0":"post-78610","1":"product","2":"type-product","3":"status-publish","4":"has-post-thumbnail","6":"product-structure-family","7":"entry","9":"first","10":"instock","11":"shipping-taxable","12":"product-type-simple"},"acf":[],"yoast_head":"<!-- This site is optimized with the Yoast SEO plugin v27.2 - https:\/\/yoast.com\/product\/yoast-seo-wordpress\/ -->\n<title>FLANGE DE LIGA\u00c7\u00c3O - MP Filtri<\/title>\n<meta name=\"robots\" content=\"index, follow, max-snippet:-1, max-image-preview:large, max-video-preview:-1\" \/>\n<link rel=\"canonical\" href=\"https:\/\/www.mpfiltri.com\/pt-pt\/product\/flange-de-ligacao\/\" \/>\n<meta property=\"og:locale\" content=\"pt_PT\" \/>\n<meta property=\"og:type\" content=\"article\" \/>\n<meta property=\"og:title\" content=\"FLANGE DE LIGA\u00c7\u00c3O - MP Filtri\" \/>\n<meta property=\"og:description\" content=\"As campanas de acoplamento s\u00e3o utilizadas como elementos de liga\u00e7\u00e3o entre motores IEC\/motores endot\u00e9rmicos e uma ampla gama de bombas hidr\u00e1ulicas dispon\u00edveis no mercado internacional. Fabricadas em liga de alum\u00ednio fundido sob press\u00e3o, cobrem motores IEC do tamanho 63 ao 355, bem como motores endot\u00e9rmicos at\u00e9 35 HP. Dispon\u00edveis em vers\u00f5es diferentes: S\u00e9rie LMG: para [&hellip;]\" \/>\n<meta property=\"og:url\" content=\"https:\/\/www.mpfiltri.com\/pt-pt\/product\/flange-de-ligacao\/\" \/>\n<meta property=\"og:site_name\" content=\"MP Filtri\" \/>\n<meta property=\"article:publisher\" content=\"https:\/\/www.facebook.com\/MPFiltriITA\" \/>\n<meta property=\"article:modified_time\" content=\"2026-04-01T14:23:54+00:00\" \/>\n<meta property=\"og:image\" content=\"https:\/\/www.mpfiltri.com\/wp-content\/uploads\/2025\/10\/pt-bell-housings-2.png\" \/>\n\t<meta property=\"og:image:width\" content=\"1458\" \/>\n\t<meta property=\"og:image:height\" content=\"1458\" \/>\n\t<meta property=\"og:image:type\" content=\"image\/png\" \/>\n<meta name=\"twitter:card\" content=\"summary_large_image\" \/>\n<meta name=\"twitter:label1\" content=\"Tempo estimado de leitura\" \/>\n\t<meta name=\"twitter:data1\" content=\"1 minuto\" \/>\n<script type=\"application\/ld+json\" class=\"yoast-schema-graph\">{\"@context\":\"https:\/\/schema.org\",\"@graph\":[{\"@type\":\"WebPage\",\"@id\":\"https:\/\/www.mpfiltri.com\/pt-pt\/product\/flange-de-ligacao\/\",\"url\":\"https:\/\/www.mpfiltri.com\/pt-pt\/product\/flange-de-ligacao\/\",\"name\":\"FLANGE DE LIGA\u00c7\u00c3O - MP Filtri\",\"isPartOf\":{\"@id\":\"https:\/\/www.mpfiltri.com\/pt-pt\/#website\"},\"primaryImageOfPage\":{\"@id\":\"https:\/\/www.mpfiltri.com\/pt-pt\/product\/flange-de-ligacao\/#primaryimage\"},\"image\":{\"@id\":\"https:\/\/www.mpfiltri.com\/pt-pt\/product\/flange-de-ligacao\/#primaryimage\"},\"thumbnailUrl\":\"https:\/\/www.mpfiltri.com\/wp-content\/uploads\/2025\/10\/pt-bell-housings-2.png\",\"datePublished\":\"2025-06-16T14:41:39+00:00\",\"dateModified\":\"2026-04-01T14:23:54+00:00\",\"breadcrumb\":{\"@id\":\"https:\/\/www.mpfiltri.com\/pt-pt\/product\/flange-de-ligacao\/#breadcrumb\"},\"inLanguage\":\"pt-PT\",\"potentialAction\":[{\"@type\":\"ReadAction\",\"target\":[\"https:\/\/www.mpfiltri.com\/pt-pt\/product\/flange-de-ligacao\/\"]}]},{\"@type\":\"ImageObject\",\"inLanguage\":\"pt-PT\",\"@id\":\"https:\/\/www.mpfiltri.com\/pt-pt\/product\/flange-de-ligacao\/#primaryimage\",\"url\":\"https:\/\/www.mpfiltri.com\/wp-content\/uploads\/2025\/10\/pt-bell-housings-2.png\",\"contentUrl\":\"https:\/\/www.mpfiltri.com\/wp-content\/uploads\/2025\/10\/pt-bell-housings-2.png\",\"width\":1458,\"height\":1458},{\"@type\":\"BreadcrumbList\",\"@id\":\"https:\/\/www.mpfiltri.com\/pt-pt\/product\/flange-de-ligacao\/#breadcrumb\",\"itemListElement\":[{\"@type\":\"ListItem\",\"position\":1,\"name\":\"Home\",\"item\":\"https:\/\/www.mpfiltri.com\/pt-pt\/\"},{\"@type\":\"ListItem\",\"position\":2,\"name\":\"Produtos\",\"item\":\"https:\/\/www.mpfiltri.com\/pt-pt\/shop\/\"},{\"@type\":\"ListItem\",\"position\":3,\"name\":\"FLANGE DE LIGA\u00c7\u00c3O\"}]},{\"@type\":\"WebSite\",\"@id\":\"https:\/\/www.mpfiltri.com\/pt-pt\/#website\",\"url\":\"https:\/\/www.mpfiltri.com\/pt-pt\/\",\"name\":\"MP Filtri\",\"description\":\"\",\"publisher\":{\"@id\":\"https:\/\/www.mpfiltri.com\/pt-pt\/#organization\"},\"potentialAction\":[{\"@type\":\"SearchAction\",\"target\":{\"@type\":\"EntryPoint\",\"urlTemplate\":\"https:\/\/www.mpfiltri.com\/pt-pt\/?s={search_term_string}\"},\"query-input\":{\"@type\":\"PropertyValueSpecification\",\"valueRequired\":true,\"valueName\":\"search_term_string\"}}],\"inLanguage\":\"pt-PT\"},{\"@type\":\"Organization\",\"@id\":\"https:\/\/www.mpfiltri.com\/pt-pt\/#organization\",\"name\":\"MP Filtri\",\"url\":\"https:\/\/www.mpfiltri.com\/pt-pt\/\",\"logo\":{\"@type\":\"ImageObject\",\"inLanguage\":\"pt-PT\",\"@id\":\"https:\/\/www.mpfiltri.com\/pt-pt\/#\/schema\/logo\/image\/\",\"url\":\"\",\"contentUrl\":\"\",\"caption\":\"MP Filtri\"},\"image\":{\"@id\":\"https:\/\/www.mpfiltri.com\/pt-pt\/#\/schema\/logo\/image\/\"},\"sameAs\":[\"https:\/\/www.facebook.com\/MPFiltriITA\",\"https:\/\/www.instagram.com\/mpfiltri\/\",\"https:\/\/www.youtube.com\/channel\/UCCzNMySYc1c4M-2B4v0K_QA?view_as=subscriber\",\"https:\/\/www.linkedin.com\/company\/mp-filtri-spa\/\"]}]}<\/script>\n<!-- \/ Yoast SEO plugin. -->","yoast_head_json":{"title":"FLANGE DE LIGA\u00c7\u00c3O - MP Filtri","robots":{"index":"index","follow":"follow","max-snippet":"max-snippet:-1","max-image-preview":"max-image-preview:large","max-video-preview":"max-video-preview:-1"},"canonical":"https:\/\/www.mpfiltri.com\/pt-pt\/product\/flange-de-ligacao\/","og_locale":"pt_PT","og_type":"article","og_title":"FLANGE DE LIGA\u00c7\u00c3O - MP Filtri","og_description":"As campanas de acoplamento s\u00e3o utilizadas como elementos de liga\u00e7\u00e3o entre motores IEC\/motores endot\u00e9rmicos e uma ampla gama de bombas hidr\u00e1ulicas dispon\u00edveis no mercado internacional. Fabricadas em liga de alum\u00ednio fundido sob press\u00e3o, cobrem motores IEC do tamanho 63 ao 355, bem como motores endot\u00e9rmicos at\u00e9 35 HP. Dispon\u00edveis em vers\u00f5es diferentes: S\u00e9rie LMG: para [&hellip;]","og_url":"https:\/\/www.mpfiltri.com\/pt-pt\/product\/flange-de-ligacao\/","og_site_name":"MP Filtri","article_publisher":"https:\/\/www.facebook.com\/MPFiltriITA","article_modified_time":"2026-04-01T14:23:54+00:00","og_image":[{"width":1458,"height":1458,"url":"https:\/\/www.mpfiltri.com\/wp-content\/uploads\/2025\/10\/pt-bell-housings-2.png","type":"image\/png"}],"twitter_card":"summary_large_image","twitter_misc":{"Tempo estimado de leitura":"1 minuto"},"schema":{"@context":"https:\/\/schema.org","@graph":[{"@type":"WebPage","@id":"https:\/\/www.mpfiltri.com\/pt-pt\/product\/flange-de-ligacao\/","url":"https:\/\/www.mpfiltri.com\/pt-pt\/product\/flange-de-ligacao\/","name":"FLANGE DE LIGA\u00c7\u00c3O - MP Filtri","isPartOf":{"@id":"https:\/\/www.mpfiltri.com\/pt-pt\/#website"},"primaryImageOfPage":{"@id":"https:\/\/www.mpfiltri.com\/pt-pt\/product\/flange-de-ligacao\/#primaryimage"},"image":{"@id":"https:\/\/www.mpfiltri.com\/pt-pt\/product\/flange-de-ligacao\/#primaryimage"},"thumbnailUrl":"https:\/\/www.mpfiltri.com\/wp-content\/uploads\/2025\/10\/pt-bell-housings-2.png","datePublished":"2025-06-16T14:41:39+00:00","dateModified":"2026-04-01T14:23:54+00:00","breadcrumb":{"@id":"https:\/\/www.mpfiltri.com\/pt-pt\/product\/flange-de-ligacao\/#breadcrumb"},"inLanguage":"pt-PT","potentialAction":[{"@type":"ReadAction","target":["https:\/\/www.mpfiltri.com\/pt-pt\/product\/flange-de-ligacao\/"]}]},{"@type":"ImageObject","inLanguage":"pt-PT","@id":"https:\/\/www.mpfiltri.com\/pt-pt\/product\/flange-de-ligacao\/#primaryimage","url":"https:\/\/www.mpfiltri.com\/wp-content\/uploads\/2025\/10\/pt-bell-housings-2.png","contentUrl":"https:\/\/www.mpfiltri.com\/wp-content\/uploads\/2025\/10\/pt-bell-housings-2.png","width":1458,"height":1458},{"@type":"BreadcrumbList","@id":"https:\/\/www.mpfiltri.com\/pt-pt\/product\/flange-de-ligacao\/#breadcrumb","itemListElement":[{"@type":"ListItem","position":1,"name":"Home","item":"https:\/\/www.mpfiltri.com\/pt-pt\/"},{"@type":"ListItem","position":2,"name":"Produtos","item":"https:\/\/www.mpfiltri.com\/pt-pt\/shop\/"},{"@type":"ListItem","position":3,"name":"FLANGE DE LIGA\u00c7\u00c3O"}]},{"@type":"WebSite","@id":"https:\/\/www.mpfiltri.com\/pt-pt\/#website","url":"https:\/\/www.mpfiltri.com\/pt-pt\/","name":"MP Filtri","description":"","publisher":{"@id":"https:\/\/www.mpfiltri.com\/pt-pt\/#organization"},"potentialAction":[{"@type":"SearchAction","target":{"@type":"EntryPoint","urlTemplate":"https:\/\/www.mpfiltri.com\/pt-pt\/?s={search_term_string}"},"query-input":{"@type":"PropertyValueSpecification","valueRequired":true,"valueName":"search_term_string"}}],"inLanguage":"pt-PT"},{"@type":"Organization","@id":"https:\/\/www.mpfiltri.com\/pt-pt\/#organization","name":"MP Filtri","url":"https:\/\/www.mpfiltri.com\/pt-pt\/","logo":{"@type":"ImageObject","inLanguage":"pt-PT","@id":"https:\/\/www.mpfiltri.com\/pt-pt\/#\/schema\/logo\/image\/","url":"","contentUrl":"","caption":"MP Filtri"},"image":{"@id":"https:\/\/www.mpfiltri.com\/pt-pt\/#\/schema\/logo\/image\/"},"sameAs":["https:\/\/www.facebook.com\/MPFiltriITA","https:\/\/www.instagram.com\/mpfiltri\/","https:\/\/www.youtube.com\/channel\/UCCzNMySYc1c4M-2B4v0K_QA?view_as=subscriber","https:\/\/www.linkedin.com\/company\/mp-filtri-spa\/"]}]}},"_links":{"self":[{"href":"https:\/\/www.mpfiltri.com\/pt-pt\/wp-json\/wp\/v2\/product\/78610","targetHints":{"allow":["GET"]}}],"collection":[{"href":"https:\/\/www.mpfiltri.com\/pt-pt\/wp-json\/wp\/v2\/product"}],"about":[{"href":"https:\/\/www.mpfiltri.com\/pt-pt\/wp-json\/wp\/v2\/types\/product"}],"replies":[{"embeddable":true,"href":"https:\/\/www.mpfiltri.com\/pt-pt\/wp-json\/wp\/v2\/comments?post=78610"}],"wp:featuredmedia":[{"embeddable":true,"href":"https:\/\/www.mpfiltri.com\/pt-pt\/wp-json\/wp\/v2\/media\/40395"}],"wp:attachment":[{"href":"https:\/\/www.mpfiltri.com\/pt-pt\/wp-json\/wp\/v2\/media?parent=78610"}],"wp:term":[{"taxonomy":"product-structure","embeddable":true,"href":"https:\/\/www.mpfiltri.com\/pt-pt\/wp-json\/wp\/v2\/product-structure?post=78610"},{"taxonomy":"product_brand","embeddable":true,"href":"https:\/\/www.mpfiltri.com\/pt-pt\/wp-json\/wp\/v2\/product_brand?post=78610"},{"taxonomy":"product_cat","embeddable":true,"href":"https:\/\/www.mpfiltri.com\/pt-pt\/wp-json\/wp\/v2\/product_cat?post=78610"},{"taxonomy":"product_tag","embeddable":true,"href":"https:\/\/www.mpfiltri.com\/pt-pt\/wp-json\/wp\/v2\/product_tag?post=78610"}],"curies":[{"name":"wp","href":"https:\/\/api.w.org\/{rel}","templated":true}]}}