

{"id":78609,"date":"2025-06-16T15:14:10","date_gmt":"2025-06-16T13:14:10","guid":{"rendered":"https:\/\/www.mpfiltri.com\/product\/produto-3\/"},"modified":"2026-04-01T16:24:16","modified_gmt":"2026-04-01T14:24:16","slug":"filtros-de-succao-e-strainers-de-succao","status":"publish","type":"product","link":"https:\/\/www.mpfiltri.com\/pt-pt\/product\/filtros-de-succao-e-strainers-de-succao\/","title":{"rendered":"FILTROS DE SUC\u00c7\u00c3O E STRAINERS DE SUC\u00c7\u00c3O"},"content":{"rendered":"<p>Os Filtros de suc\u00e7\u00e3o e os strainers protegem as bombas contra uma eventual contamina\u00e7\u00e3o, al\u00e9m de fornecer uma difus\u00e3o adicional ao fluxo na linha de suc\u00e7\u00e3o.<\/p>\n<p>Podem ser equipados com bast\u00e3o magn\u00e9tico para reten\u00e7\u00e3o de part\u00edculas ferrosas menores do que a malha met\u00e1lica das plissas, com ou sem v\u00e1lvula de by-pass.<\/p>\n<p>Vers\u00f5es dispon\u00edveis:<\/p>\n<ul>\n<li>\n<p>Strainer de su\u00e7\u00e3o (STRC &amp; MPAC), um elemento filtrante simples roscado diretamente na tubula\u00e7\u00e3o de suc\u00e7\u00e3o.<\/p>\n<\/li>\n<li>\n<p>S\u00e9rie SFEX ELIXIR\u00ae, para prote\u00e7\u00e3o da bomba a jusante contra a contamina\u00e7\u00e3o grosseira<\/p>\n<\/li>\n<li>\n<p>Filtros de suc\u00e7\u00e3o montados na parede do tanque (SFMC &amp; SFSC) incorporam uma v\u00e1lvula de corte anti-drenagem para permitir trocas de elemento sem ter de drenar o tanque.<\/p>\n<\/li>\n<\/ul>\n","protected":false},"excerpt":{"rendered":"<p>Os Filtros de suc\u00e7\u00e3o e os strainers protegem as bombas contra uma eventual contamina\u00e7\u00e3o, al\u00e9m de fornecer uma difus\u00e3o adicional ao fluxo na linha de suc\u00e7\u00e3o. Podem ser equipados com bast\u00e3o magn\u00e9tico para reten\u00e7\u00e3o de part\u00edculas ferrosas menores do que a malha met\u00e1lica das plissas, com ou sem v\u00e1lvula de by-pass. Vers\u00f5es dispon\u00edveis: Strainer de [&hellip;]<\/p>\n","protected":false},"featured_media":37622,"comment_status":"open","ping_status":"closed","template":"","meta":{"_acf_changed":false,"_gspb_post_css":"","inline_featured_image":false,"_genesis_hide_title":false,"_genesis_hide_breadcrumbs":false,"_genesis_hide_singular_image":false,"_genesis_hide_footer_widgets":false,"_genesis_custom_body_class":"","_genesis_custom_post_class":"","_genesis_layout":"","_links_to":"","_links_to_target":""},"product-structure":[61],"product_brand":[],"product_cat":[],"product_tag":[],"class_list":{"0":"post-78609","1":"product","2":"type-product","3":"status-publish","4":"has-post-thumbnail","6":"product-structure-family","7":"entry","9":"first","10":"instock","11":"shipping-taxable","12":"product-type-simple"},"acf":[],"yoast_head":"<!-- This site is optimized with the Yoast SEO plugin v27.2 - https:\/\/yoast.com\/product\/yoast-seo-wordpress\/ -->\n<title>FILTROS DE SUC\u00c7\u00c3O E STRAINERS DE SUC\u00c7\u00c3O - MP Filtri<\/title>\n<meta name=\"robots\" content=\"index, follow, max-snippet:-1, max-image-preview:large, max-video-preview:-1\" \/>\n<link rel=\"canonical\" href=\"https:\/\/www.mpfiltri.com\/pt-pt\/product\/filtros-de-succao-e-strainers-de-succao\/\" \/>\n<meta property=\"og:locale\" content=\"pt_PT\" \/>\n<meta property=\"og:type\" content=\"article\" \/>\n<meta property=\"og:title\" content=\"FILTROS DE SUC\u00c7\u00c3O E STRAINERS DE SUC\u00c7\u00c3O - MP Filtri\" \/>\n<meta property=\"og:description\" content=\"Os Filtros de suc\u00e7\u00e3o e os strainers protegem as bombas contra uma eventual contamina\u00e7\u00e3o, al\u00e9m de fornecer uma difus\u00e3o adicional ao fluxo na linha de suc\u00e7\u00e3o. Podem ser equipados com bast\u00e3o magn\u00e9tico para reten\u00e7\u00e3o de part\u00edculas ferrosas menores do que a malha met\u00e1lica das plissas, com ou sem v\u00e1lvula de by-pass. Vers\u00f5es dispon\u00edveis: Strainer de [&hellip;]\" \/>\n<meta property=\"og:url\" content=\"https:\/\/www.mpfiltri.com\/pt-pt\/product\/filtros-de-succao-e-strainers-de-succao\/\" \/>\n<meta property=\"og:site_name\" content=\"MP Filtri\" \/>\n<meta property=\"article:publisher\" content=\"https:\/\/www.facebook.com\/MPFiltriITA\" \/>\n<meta property=\"article:modified_time\" content=\"2026-04-01T14:24:16+00:00\" \/>\n<meta property=\"og:image\" content=\"https:\/\/www.mpfiltri.com\/wp-content\/uploads\/2025\/10\/hf-suction.png\" \/>\n\t<meta property=\"og:image:width\" content=\"700\" \/>\n\t<meta property=\"og:image:height\" content=\"700\" \/>\n\t<meta property=\"og:image:type\" content=\"image\/png\" \/>\n<meta name=\"twitter:card\" content=\"summary_large_image\" \/>\n<meta name=\"twitter:label1\" content=\"Tempo estimado de leitura\" \/>\n\t<meta name=\"twitter:data1\" content=\"1 minuto\" \/>\n<script type=\"application\/ld+json\" class=\"yoast-schema-graph\">{\"@context\":\"https:\/\/schema.org\",\"@graph\":[{\"@type\":\"WebPage\",\"@id\":\"https:\/\/www.mpfiltri.com\/pt-pt\/product\/filtros-de-succao-e-strainers-de-succao\/\",\"url\":\"https:\/\/www.mpfiltri.com\/pt-pt\/product\/filtros-de-succao-e-strainers-de-succao\/\",\"name\":\"FILTROS DE SUC\u00c7\u00c3O E STRAINERS DE SUC\u00c7\u00c3O - MP Filtri\",\"isPartOf\":{\"@id\":\"https:\/\/www.mpfiltri.com\/pt-pt\/#website\"},\"primaryImageOfPage\":{\"@id\":\"https:\/\/www.mpfiltri.com\/pt-pt\/product\/filtros-de-succao-e-strainers-de-succao\/#primaryimage\"},\"image\":{\"@id\":\"https:\/\/www.mpfiltri.com\/pt-pt\/product\/filtros-de-succao-e-strainers-de-succao\/#primaryimage\"},\"thumbnailUrl\":\"https:\/\/www.mpfiltri.com\/wp-content\/uploads\/2025\/10\/hf-suction.png\",\"datePublished\":\"2025-06-16T13:14:10+00:00\",\"dateModified\":\"2026-04-01T14:24:16+00:00\",\"breadcrumb\":{\"@id\":\"https:\/\/www.mpfiltri.com\/pt-pt\/product\/filtros-de-succao-e-strainers-de-succao\/#breadcrumb\"},\"inLanguage\":\"pt-PT\",\"potentialAction\":[{\"@type\":\"ReadAction\",\"target\":[\"https:\/\/www.mpfiltri.com\/pt-pt\/product\/filtros-de-succao-e-strainers-de-succao\/\"]}]},{\"@type\":\"ImageObject\",\"inLanguage\":\"pt-PT\",\"@id\":\"https:\/\/www.mpfiltri.com\/pt-pt\/product\/filtros-de-succao-e-strainers-de-succao\/#primaryimage\",\"url\":\"https:\/\/www.mpfiltri.com\/wp-content\/uploads\/2025\/10\/hf-suction.png\",\"contentUrl\":\"https:\/\/www.mpfiltri.com\/wp-content\/uploads\/2025\/10\/hf-suction.png\",\"width\":700,\"height\":700},{\"@type\":\"BreadcrumbList\",\"@id\":\"https:\/\/www.mpfiltri.com\/pt-pt\/product\/filtros-de-succao-e-strainers-de-succao\/#breadcrumb\",\"itemListElement\":[{\"@type\":\"ListItem\",\"position\":1,\"name\":\"Home\",\"item\":\"https:\/\/www.mpfiltri.com\/pt-pt\/\"},{\"@type\":\"ListItem\",\"position\":2,\"name\":\"Produtos\",\"item\":\"https:\/\/www.mpfiltri.com\/pt-pt\/shop\/\"},{\"@type\":\"ListItem\",\"position\":3,\"name\":\"FILTROS DE SUC\u00c7\u00c3O E STRAINERS DE SUC\u00c7\u00c3O\"}]},{\"@type\":\"WebSite\",\"@id\":\"https:\/\/www.mpfiltri.com\/pt-pt\/#website\",\"url\":\"https:\/\/www.mpfiltri.com\/pt-pt\/\",\"name\":\"MP Filtri\",\"description\":\"\",\"publisher\":{\"@id\":\"https:\/\/www.mpfiltri.com\/pt-pt\/#organization\"},\"potentialAction\":[{\"@type\":\"SearchAction\",\"target\":{\"@type\":\"EntryPoint\",\"urlTemplate\":\"https:\/\/www.mpfiltri.com\/pt-pt\/?s={search_term_string}\"},\"query-input\":{\"@type\":\"PropertyValueSpecification\",\"valueRequired\":true,\"valueName\":\"search_term_string\"}}],\"inLanguage\":\"pt-PT\"},{\"@type\":\"Organization\",\"@id\":\"https:\/\/www.mpfiltri.com\/pt-pt\/#organization\",\"name\":\"MP Filtri\",\"url\":\"https:\/\/www.mpfiltri.com\/pt-pt\/\",\"logo\":{\"@type\":\"ImageObject\",\"inLanguage\":\"pt-PT\",\"@id\":\"https:\/\/www.mpfiltri.com\/pt-pt\/#\/schema\/logo\/image\/\",\"url\":\"\",\"contentUrl\":\"\",\"caption\":\"MP Filtri\"},\"image\":{\"@id\":\"https:\/\/www.mpfiltri.com\/pt-pt\/#\/schema\/logo\/image\/\"},\"sameAs\":[\"https:\/\/www.facebook.com\/MPFiltriITA\",\"https:\/\/www.instagram.com\/mpfiltri\/\",\"https:\/\/www.youtube.com\/channel\/UCCzNMySYc1c4M-2B4v0K_QA?view_as=subscriber\",\"https:\/\/www.linkedin.com\/company\/mp-filtri-spa\/\"]}]}<\/script>\n<!-- \/ Yoast SEO plugin. -->","yoast_head_json":{"title":"FILTROS DE SUC\u00c7\u00c3O E STRAINERS DE SUC\u00c7\u00c3O - MP Filtri","robots":{"index":"index","follow":"follow","max-snippet":"max-snippet:-1","max-image-preview":"max-image-preview:large","max-video-preview":"max-video-preview:-1"},"canonical":"https:\/\/www.mpfiltri.com\/pt-pt\/product\/filtros-de-succao-e-strainers-de-succao\/","og_locale":"pt_PT","og_type":"article","og_title":"FILTROS DE SUC\u00c7\u00c3O E STRAINERS DE SUC\u00c7\u00c3O - MP Filtri","og_description":"Os Filtros de suc\u00e7\u00e3o e os strainers protegem as bombas contra uma eventual contamina\u00e7\u00e3o, al\u00e9m de fornecer uma difus\u00e3o adicional ao fluxo na linha de suc\u00e7\u00e3o. Podem ser equipados com bast\u00e3o magn\u00e9tico para reten\u00e7\u00e3o de part\u00edculas ferrosas menores do que a malha met\u00e1lica das plissas, com ou sem v\u00e1lvula de by-pass. Vers\u00f5es dispon\u00edveis: Strainer de [&hellip;]","og_url":"https:\/\/www.mpfiltri.com\/pt-pt\/product\/filtros-de-succao-e-strainers-de-succao\/","og_site_name":"MP Filtri","article_publisher":"https:\/\/www.facebook.com\/MPFiltriITA","article_modified_time":"2026-04-01T14:24:16+00:00","og_image":[{"width":700,"height":700,"url":"https:\/\/www.mpfiltri.com\/wp-content\/uploads\/2025\/10\/hf-suction.png","type":"image\/png"}],"twitter_card":"summary_large_image","twitter_misc":{"Tempo estimado de leitura":"1 minuto"},"schema":{"@context":"https:\/\/schema.org","@graph":[{"@type":"WebPage","@id":"https:\/\/www.mpfiltri.com\/pt-pt\/product\/filtros-de-succao-e-strainers-de-succao\/","url":"https:\/\/www.mpfiltri.com\/pt-pt\/product\/filtros-de-succao-e-strainers-de-succao\/","name":"FILTROS DE SUC\u00c7\u00c3O E STRAINERS DE SUC\u00c7\u00c3O - MP Filtri","isPartOf":{"@id":"https:\/\/www.mpfiltri.com\/pt-pt\/#website"},"primaryImageOfPage":{"@id":"https:\/\/www.mpfiltri.com\/pt-pt\/product\/filtros-de-succao-e-strainers-de-succao\/#primaryimage"},"image":{"@id":"https:\/\/www.mpfiltri.com\/pt-pt\/product\/filtros-de-succao-e-strainers-de-succao\/#primaryimage"},"thumbnailUrl":"https:\/\/www.mpfiltri.com\/wp-content\/uploads\/2025\/10\/hf-suction.png","datePublished":"2025-06-16T13:14:10+00:00","dateModified":"2026-04-01T14:24:16+00:00","breadcrumb":{"@id":"https:\/\/www.mpfiltri.com\/pt-pt\/product\/filtros-de-succao-e-strainers-de-succao\/#breadcrumb"},"inLanguage":"pt-PT","potentialAction":[{"@type":"ReadAction","target":["https:\/\/www.mpfiltri.com\/pt-pt\/product\/filtros-de-succao-e-strainers-de-succao\/"]}]},{"@type":"ImageObject","inLanguage":"pt-PT","@id":"https:\/\/www.mpfiltri.com\/pt-pt\/product\/filtros-de-succao-e-strainers-de-succao\/#primaryimage","url":"https:\/\/www.mpfiltri.com\/wp-content\/uploads\/2025\/10\/hf-suction.png","contentUrl":"https:\/\/www.mpfiltri.com\/wp-content\/uploads\/2025\/10\/hf-suction.png","width":700,"height":700},{"@type":"BreadcrumbList","@id":"https:\/\/www.mpfiltri.com\/pt-pt\/product\/filtros-de-succao-e-strainers-de-succao\/#breadcrumb","itemListElement":[{"@type":"ListItem","position":1,"name":"Home","item":"https:\/\/www.mpfiltri.com\/pt-pt\/"},{"@type":"ListItem","position":2,"name":"Produtos","item":"https:\/\/www.mpfiltri.com\/pt-pt\/shop\/"},{"@type":"ListItem","position":3,"name":"FILTROS DE SUC\u00c7\u00c3O E STRAINERS DE SUC\u00c7\u00c3O"}]},{"@type":"WebSite","@id":"https:\/\/www.mpfiltri.com\/pt-pt\/#website","url":"https:\/\/www.mpfiltri.com\/pt-pt\/","name":"MP Filtri","description":"","publisher":{"@id":"https:\/\/www.mpfiltri.com\/pt-pt\/#organization"},"potentialAction":[{"@type":"SearchAction","target":{"@type":"EntryPoint","urlTemplate":"https:\/\/www.mpfiltri.com\/pt-pt\/?s={search_term_string}"},"query-input":{"@type":"PropertyValueSpecification","valueRequired":true,"valueName":"search_term_string"}}],"inLanguage":"pt-PT"},{"@type":"Organization","@id":"https:\/\/www.mpfiltri.com\/pt-pt\/#organization","name":"MP Filtri","url":"https:\/\/www.mpfiltri.com\/pt-pt\/","logo":{"@type":"ImageObject","inLanguage":"pt-PT","@id":"https:\/\/www.mpfiltri.com\/pt-pt\/#\/schema\/logo\/image\/","url":"","contentUrl":"","caption":"MP Filtri"},"image":{"@id":"https:\/\/www.mpfiltri.com\/pt-pt\/#\/schema\/logo\/image\/"},"sameAs":["https:\/\/www.facebook.com\/MPFiltriITA","https:\/\/www.instagram.com\/mpfiltri\/","https:\/\/www.youtube.com\/channel\/UCCzNMySYc1c4M-2B4v0K_QA?view_as=subscriber","https:\/\/www.linkedin.com\/company\/mp-filtri-spa\/"]}]}},"_links":{"self":[{"href":"https:\/\/www.mpfiltri.com\/pt-pt\/wp-json\/wp\/v2\/product\/78609","targetHints":{"allow":["GET"]}}],"collection":[{"href":"https:\/\/www.mpfiltri.com\/pt-pt\/wp-json\/wp\/v2\/product"}],"about":[{"href":"https:\/\/www.mpfiltri.com\/pt-pt\/wp-json\/wp\/v2\/types\/product"}],"replies":[{"embeddable":true,"href":"https:\/\/www.mpfiltri.com\/pt-pt\/wp-json\/wp\/v2\/comments?post=78609"}],"wp:featuredmedia":[{"embeddable":true,"href":"https:\/\/www.mpfiltri.com\/pt-pt\/wp-json\/wp\/v2\/media\/37622"}],"wp:attachment":[{"href":"https:\/\/www.mpfiltri.com\/pt-pt\/wp-json\/wp\/v2\/media?parent=78609"}],"wp:term":[{"taxonomy":"product-structure","embeddable":true,"href":"https:\/\/www.mpfiltri.com\/pt-pt\/wp-json\/wp\/v2\/product-structure?post=78609"},{"taxonomy":"product_brand","embeddable":true,"href":"https:\/\/www.mpfiltri.com\/pt-pt\/wp-json\/wp\/v2\/product_brand?post=78609"},{"taxonomy":"product_cat","embeddable":true,"href":"https:\/\/www.mpfiltri.com\/pt-pt\/wp-json\/wp\/v2\/product_cat?post=78609"},{"taxonomy":"product_tag","embeddable":true,"href":"https:\/\/www.mpfiltri.com\/pt-pt\/wp-json\/wp\/v2\/product_tag?post=78609"}],"curies":[{"name":"wp","href":"https:\/\/api.w.org\/{rel}","templated":true}]}}