

{"id":78581,"date":"2025-06-16T16:42:01","date_gmt":"2025-06-16T14:42:01","guid":{"rendered":"https:\/\/www.mpfiltri.com\/product\/produto-3\/"},"modified":"2026-04-07T13:56:03","modified_gmt":"2026-04-07T11:56:03","slug":"rfex-elixir","status":"publish","type":"product","link":"https:\/\/www.mpfiltri.com\/pt-pt\/product\/rfex-elixir\/","title":{"rendered":"RFEX (Elixir)"},"content":{"rendered":"<p>Filtros de retorno para prote\u00e7\u00e3o do reservat\u00f3rio contra contamina\u00e7\u00e3o do sistema, press\u00e3o de trabalho de at\u00e9 1,6 MPa (16 bar), vaz\u00e3o at\u00e9 260 l\/min (69 gpm), conex\u00f5es roscadas at\u00e9 1.1\/4&#8243; e conex\u00f5es SAE at\u00e9 <a href=\"1.5\/8\u201d.\" target=\"_blank\">1.5\/8\u201d.<\/a><\/p>\n<p>Diretamente intercambi\u00e1vel com a s\u00e9rie spin-on, com caracter\u00edsticas de desempenhos aprimoradas.<\/p>\n<p>Ver <a href=\"https:\/\/www.mpfiltri.com\/pt-pt\/recursos\/centro-de-conhecimento\/conhecimento-de-filtragem-hidraulica\/graficos-de-compatibilidade-de-fluidos\/\" title=\"https:\/\/www.mpfiltri.com\/pt-pt\/resources\/knowledge-center\/hydraulic-filtration-knowledge\/fluid-compatibility-table\/\" target=\"_blank\">tabela<\/a> apropriada para a compatibilidade de fluidos.<\/p>\n","protected":false},"excerpt":{"rendered":"<p>Filtros de retorno para prote\u00e7\u00e3o do reservat\u00f3rio contra contamina\u00e7\u00e3o do sistema, press\u00e3o de trabalho de at\u00e9 1,6 MPa (16 bar), vaz\u00e3o at\u00e9 260 l\/min (69 gpm), conex\u00f5es roscadas at\u00e9 1.1\/4&#8243; e conex\u00f5es SAE at\u00e9 1.5\/8\u201d. Diretamente intercambi\u00e1vel com a s\u00e9rie spin-on, com caracter\u00edsticas de desempenhos aprimoradas. Ver tabela apropriada para a compatibilidade de fluidos.<\/p>\n","protected":false},"featured_media":0,"comment_status":"open","ping_status":"closed","template":"","meta":{"_acf_changed":false,"_gspb_post_css":"","inline_featured_image":false,"_genesis_hide_title":false,"_genesis_hide_breadcrumbs":false,"_genesis_hide_singular_image":false,"_genesis_hide_footer_widgets":false,"_genesis_custom_body_class":"","_genesis_custom_post_class":"","_genesis_layout":"","_links_to":"","_links_to_target":""},"product-structure":[62],"product_brand":[],"product_cat":[13163,13191,13128,13259,13232,13198,13212,13280,13292,13266,13273,13245,13226],"product_tag":[],"class_list":{"0":"post-78581","1":"product","2":"type-product","3":"status-publish","5":"product-structure-series","6":"product_cat-agronegocio-e-silvicultura","7":"product_cat-aplicacoes","8":"product_cat-construcao","9":"product_cat-embalagem","10":"product_cat-equipamento-industrial","11":"product_cat-equipamento-movel","12":"product_cat-mineracao","13":"product_cat-prensas-para-ceramica-e-marmore-plastico-borracha-metais","14":"product_cat-sistemas-hidraulicos","15":"product_cat-textil","16":"product_cat-tratamento-de-residuos","17":"product_cat-usina-siderurgica-e-processamento-de-metais","18":"product_cat-veiculos-comerciais-e-de-utilidade","19":"entry","21":"first","22":"instock","23":"shipping-taxable","24":"product-type-simple"},"acf":[],"yoast_head":"<!-- This site is optimized with the Yoast SEO plugin v27.2 - https:\/\/yoast.com\/product\/yoast-seo-wordpress\/ -->\n<title>RFEX (Elixir) - MP Filtri<\/title>\n<meta name=\"robots\" content=\"index, follow, max-snippet:-1, max-image-preview:large, max-video-preview:-1\" \/>\n<link rel=\"canonical\" href=\"https:\/\/www.mpfiltri.com\/pt-pt\/product\/rfex-elixir\/\" \/>\n<meta property=\"og:locale\" content=\"pt_PT\" \/>\n<meta property=\"og:type\" content=\"article\" \/>\n<meta property=\"og:title\" content=\"RFEX (Elixir) - MP Filtri\" \/>\n<meta property=\"og:description\" content=\"Filtros de retorno para prote\u00e7\u00e3o do reservat\u00f3rio contra contamina\u00e7\u00e3o do sistema, press\u00e3o de trabalho de at\u00e9 1,6 MPa (16 bar), vaz\u00e3o at\u00e9 260 l\/min (69 gpm), conex\u00f5es roscadas at\u00e9 1.1\/4&#8243; e conex\u00f5es SAE at\u00e9 1.5\/8\u201d. Diretamente intercambi\u00e1vel com a s\u00e9rie spin-on, com caracter\u00edsticas de desempenhos aprimoradas. Ver tabela apropriada para a compatibilidade de fluidos.\" \/>\n<meta property=\"og:url\" content=\"https:\/\/www.mpfiltri.com\/pt-pt\/product\/rfex-elixir\/\" \/>\n<meta property=\"og:site_name\" content=\"MP Filtri\" \/>\n<meta property=\"article:publisher\" content=\"https:\/\/www.facebook.com\/MPFiltriITA\" \/>\n<meta property=\"article:modified_time\" content=\"2026-04-07T11:56:03+00:00\" \/>\n<meta name=\"twitter:card\" content=\"summary_large_image\" \/>\n<script type=\"application\/ld+json\" class=\"yoast-schema-graph\">{\"@context\":\"https:\/\/schema.org\",\"@graph\":[{\"@type\":\"WebPage\",\"@id\":\"https:\/\/www.mpfiltri.com\/pt-pt\/product\/rfex-elixir\/\",\"url\":\"https:\/\/www.mpfiltri.com\/pt-pt\/product\/rfex-elixir\/\",\"name\":\"RFEX (Elixir) - MP Filtri\",\"isPartOf\":{\"@id\":\"https:\/\/www.mpfiltri.com\/pt-pt\/#website\"},\"datePublished\":\"2025-06-16T14:42:01+00:00\",\"dateModified\":\"2026-04-07T11:56:03+00:00\",\"breadcrumb\":{\"@id\":\"https:\/\/www.mpfiltri.com\/pt-pt\/product\/rfex-elixir\/#breadcrumb\"},\"inLanguage\":\"pt-PT\",\"potentialAction\":[{\"@type\":\"ReadAction\",\"target\":[\"https:\/\/www.mpfiltri.com\/pt-pt\/product\/rfex-elixir\/\"]}]},{\"@type\":\"BreadcrumbList\",\"@id\":\"https:\/\/www.mpfiltri.com\/pt-pt\/product\/rfex-elixir\/#breadcrumb\",\"itemListElement\":[{\"@type\":\"ListItem\",\"position\":1,\"name\":\"Home\",\"item\":\"https:\/\/www.mpfiltri.com\/pt-pt\/\"},{\"@type\":\"ListItem\",\"position\":2,\"name\":\"Produtos\",\"item\":\"https:\/\/www.mpfiltri.com\/pt-pt\/shop\/\"},{\"@type\":\"ListItem\",\"position\":3,\"name\":\"RFEX (Elixir)\"}]},{\"@type\":\"WebSite\",\"@id\":\"https:\/\/www.mpfiltri.com\/pt-pt\/#website\",\"url\":\"https:\/\/www.mpfiltri.com\/pt-pt\/\",\"name\":\"MP Filtri\",\"description\":\"\",\"publisher\":{\"@id\":\"https:\/\/www.mpfiltri.com\/pt-pt\/#organization\"},\"potentialAction\":[{\"@type\":\"SearchAction\",\"target\":{\"@type\":\"EntryPoint\",\"urlTemplate\":\"https:\/\/www.mpfiltri.com\/pt-pt\/?s={search_term_string}\"},\"query-input\":{\"@type\":\"PropertyValueSpecification\",\"valueRequired\":true,\"valueName\":\"search_term_string\"}}],\"inLanguage\":\"pt-PT\"},{\"@type\":\"Organization\",\"@id\":\"https:\/\/www.mpfiltri.com\/pt-pt\/#organization\",\"name\":\"MP Filtri\",\"url\":\"https:\/\/www.mpfiltri.com\/pt-pt\/\",\"logo\":{\"@type\":\"ImageObject\",\"inLanguage\":\"pt-PT\",\"@id\":\"https:\/\/www.mpfiltri.com\/pt-pt\/#\/schema\/logo\/image\/\",\"url\":\"\",\"contentUrl\":\"\",\"caption\":\"MP Filtri\"},\"image\":{\"@id\":\"https:\/\/www.mpfiltri.com\/pt-pt\/#\/schema\/logo\/image\/\"},\"sameAs\":[\"https:\/\/www.facebook.com\/MPFiltriITA\",\"https:\/\/www.instagram.com\/mpfiltri\/\",\"https:\/\/www.youtube.com\/channel\/UCCzNMySYc1c4M-2B4v0K_QA?view_as=subscriber\",\"https:\/\/www.linkedin.com\/company\/mp-filtri-spa\/\"]}]}<\/script>\n<!-- \/ Yoast SEO plugin. -->","yoast_head_json":{"title":"RFEX (Elixir) - MP Filtri","robots":{"index":"index","follow":"follow","max-snippet":"max-snippet:-1","max-image-preview":"max-image-preview:large","max-video-preview":"max-video-preview:-1"},"canonical":"https:\/\/www.mpfiltri.com\/pt-pt\/product\/rfex-elixir\/","og_locale":"pt_PT","og_type":"article","og_title":"RFEX (Elixir) - MP Filtri","og_description":"Filtros de retorno para prote\u00e7\u00e3o do reservat\u00f3rio contra contamina\u00e7\u00e3o do sistema, press\u00e3o de trabalho de at\u00e9 1,6 MPa (16 bar), vaz\u00e3o at\u00e9 260 l\/min (69 gpm), conex\u00f5es roscadas at\u00e9 1.1\/4&#8243; e conex\u00f5es SAE at\u00e9 1.5\/8\u201d. Diretamente intercambi\u00e1vel com a s\u00e9rie spin-on, com caracter\u00edsticas de desempenhos aprimoradas. Ver tabela apropriada para a compatibilidade de fluidos.","og_url":"https:\/\/www.mpfiltri.com\/pt-pt\/product\/rfex-elixir\/","og_site_name":"MP Filtri","article_publisher":"https:\/\/www.facebook.com\/MPFiltriITA","article_modified_time":"2026-04-07T11:56:03+00:00","twitter_card":"summary_large_image","schema":{"@context":"https:\/\/schema.org","@graph":[{"@type":"WebPage","@id":"https:\/\/www.mpfiltri.com\/pt-pt\/product\/rfex-elixir\/","url":"https:\/\/www.mpfiltri.com\/pt-pt\/product\/rfex-elixir\/","name":"RFEX (Elixir) - MP Filtri","isPartOf":{"@id":"https:\/\/www.mpfiltri.com\/pt-pt\/#website"},"datePublished":"2025-06-16T14:42:01+00:00","dateModified":"2026-04-07T11:56:03+00:00","breadcrumb":{"@id":"https:\/\/www.mpfiltri.com\/pt-pt\/product\/rfex-elixir\/#breadcrumb"},"inLanguage":"pt-PT","potentialAction":[{"@type":"ReadAction","target":["https:\/\/www.mpfiltri.com\/pt-pt\/product\/rfex-elixir\/"]}]},{"@type":"BreadcrumbList","@id":"https:\/\/www.mpfiltri.com\/pt-pt\/product\/rfex-elixir\/#breadcrumb","itemListElement":[{"@type":"ListItem","position":1,"name":"Home","item":"https:\/\/www.mpfiltri.com\/pt-pt\/"},{"@type":"ListItem","position":2,"name":"Produtos","item":"https:\/\/www.mpfiltri.com\/pt-pt\/shop\/"},{"@type":"ListItem","position":3,"name":"RFEX (Elixir)"}]},{"@type":"WebSite","@id":"https:\/\/www.mpfiltri.com\/pt-pt\/#website","url":"https:\/\/www.mpfiltri.com\/pt-pt\/","name":"MP Filtri","description":"","publisher":{"@id":"https:\/\/www.mpfiltri.com\/pt-pt\/#organization"},"potentialAction":[{"@type":"SearchAction","target":{"@type":"EntryPoint","urlTemplate":"https:\/\/www.mpfiltri.com\/pt-pt\/?s={search_term_string}"},"query-input":{"@type":"PropertyValueSpecification","valueRequired":true,"valueName":"search_term_string"}}],"inLanguage":"pt-PT"},{"@type":"Organization","@id":"https:\/\/www.mpfiltri.com\/pt-pt\/#organization","name":"MP Filtri","url":"https:\/\/www.mpfiltri.com\/pt-pt\/","logo":{"@type":"ImageObject","inLanguage":"pt-PT","@id":"https:\/\/www.mpfiltri.com\/pt-pt\/#\/schema\/logo\/image\/","url":"","contentUrl":"","caption":"MP Filtri"},"image":{"@id":"https:\/\/www.mpfiltri.com\/pt-pt\/#\/schema\/logo\/image\/"},"sameAs":["https:\/\/www.facebook.com\/MPFiltriITA","https:\/\/www.instagram.com\/mpfiltri\/","https:\/\/www.youtube.com\/channel\/UCCzNMySYc1c4M-2B4v0K_QA?view_as=subscriber","https:\/\/www.linkedin.com\/company\/mp-filtri-spa\/"]}]}},"_links":{"self":[{"href":"https:\/\/www.mpfiltri.com\/pt-pt\/wp-json\/wp\/v2\/product\/78581","targetHints":{"allow":["GET"]}}],"collection":[{"href":"https:\/\/www.mpfiltri.com\/pt-pt\/wp-json\/wp\/v2\/product"}],"about":[{"href":"https:\/\/www.mpfiltri.com\/pt-pt\/wp-json\/wp\/v2\/types\/product"}],"replies":[{"embeddable":true,"href":"https:\/\/www.mpfiltri.com\/pt-pt\/wp-json\/wp\/v2\/comments?post=78581"}],"wp:attachment":[{"href":"https:\/\/www.mpfiltri.com\/pt-pt\/wp-json\/wp\/v2\/media?parent=78581"}],"wp:term":[{"taxonomy":"product-structure","embeddable":true,"href":"https:\/\/www.mpfiltri.com\/pt-pt\/wp-json\/wp\/v2\/product-structure?post=78581"},{"taxonomy":"product_brand","embeddable":true,"href":"https:\/\/www.mpfiltri.com\/pt-pt\/wp-json\/wp\/v2\/product_brand?post=78581"},{"taxonomy":"product_cat","embeddable":true,"href":"https:\/\/www.mpfiltri.com\/pt-pt\/wp-json\/wp\/v2\/product_cat?post=78581"},{"taxonomy":"product_tag","embeddable":true,"href":"https:\/\/www.mpfiltri.com\/pt-pt\/wp-json\/wp\/v2\/product_tag?post=78581"}],"curies":[{"name":"wp","href":"https:\/\/api.w.org\/{rel}","templated":true}]}}