

{"id":78563,"date":"2025-06-16T16:41:42","date_gmt":"2025-06-16T14:41:42","guid":{"rendered":"https:\/\/www.mpfiltri.com\/product\/produto-3\/"},"modified":"2026-04-01T16:23:53","modified_gmt":"2026-04-01T14:23:53","slug":"lmp-210-211","status":"publish","type":"product","link":"https:\/\/www.mpfiltri.com\/pt-pt\/product\/lmp-210-211\/","title":{"rendered":"LMP 210 &#8211; 211"},"content":{"rendered":"<p>Filtro em linha. Press\u00e3o de trabalho at\u00e9 60 bar (870 psi), vaz\u00e3o at\u00e9 330 l\/min (87 gpm), conex\u00f5es roscadas 1\u201d at\u00e9 1.1\/2\u201d BSP\/NPT\/SAE (LMP 211) e conex\u00f5es flangeadas SAE at\u00e9 1.1\/2\u201d c\u00f3digo 61, SAE 3000 PSI (LMP 210).<\/p>\n<p>Filtro em linha robusto com uma ampla variedade de op\u00e7\u00f5es de meios filtrantes para os elementos, incluindo removedor de \u00e1gua. Ideal para alimenta\u00e7\u00e3o de bomba de carga de alta vaz\u00e3o, linha de retorno e circuitos de filtra\u00e7\u00e3o off-line com amplas op\u00e7\u00f5es de montagens intercambi\u00e1veis para a s\u00e9rie Schroeder RLT que oferece uma alternativa perfeita.<\/p>\n<p>Ver tabela apropriada para a compatibilidade de fluidos.<\/p>\n","protected":false},"excerpt":{"rendered":"<p>Filtro em linha. Press\u00e3o de trabalho at\u00e9 60 bar (870 psi), vaz\u00e3o at\u00e9 330 l\/min (87 gpm), conex\u00f5es roscadas 1\u201d at\u00e9 1.1\/2\u201d BSP\/NPT\/SAE (LMP 211) e conex\u00f5es flangeadas SAE at\u00e9 1.1\/2\u201d c\u00f3digo 61, SAE 3000 PSI (LMP 210). Filtro em linha robusto com uma ampla variedade de op\u00e7\u00f5es de meios filtrantes para os elementos, incluindo [&hellip;]<\/p>\n","protected":false},"featured_media":0,"comment_status":"open","ping_status":"closed","template":"","meta":{"_acf_changed":false,"_gspb_post_css":"","inline_featured_image":false,"_genesis_hide_title":false,"_genesis_hide_breadcrumbs":false,"_genesis_hide_singular_image":false,"_genesis_hide_footer_widgets":false,"_genesis_custom_body_class":"","_genesis_custom_post_class":"","_genesis_layout":"","_links_to":"","_links_to_target":""},"product-structure":[62],"product_brand":[],"product_cat":[13259,13232,13198,13286,13212,13280,13292,13266,13273],"product_tag":[],"class_list":{"0":"post-78563","1":"product","2":"type-product","3":"status-publish","5":"product-structure-series","6":"product_cat-embalagem","7":"product_cat-equipamento-industrial","8":"product_cat-equipamento-movel","9":"product_cat-maquinas-de-lubrificacao-e-fluxo-offline","10":"product_cat-mineracao","11":"product_cat-prensas-para-ceramica-e-marmore-plastico-borracha-metais","12":"product_cat-sistemas-hidraulicos","13":"product_cat-textil","14":"product_cat-tratamento-de-residuos","15":"entry","17":"first","18":"instock","19":"shipping-taxable","20":"product-type-simple"},"acf":[],"yoast_head":"<!-- This site is optimized with the Yoast SEO plugin v27.2 - https:\/\/yoast.com\/product\/yoast-seo-wordpress\/ -->\n<title>LMP 210 - 211 - MP Filtri<\/title>\n<meta name=\"robots\" content=\"index, follow, max-snippet:-1, max-image-preview:large, max-video-preview:-1\" \/>\n<link rel=\"canonical\" href=\"https:\/\/www.mpfiltri.com\/pt-pt\/product\/lmp-210-211\/\" \/>\n<meta property=\"og:locale\" content=\"pt_PT\" \/>\n<meta property=\"og:type\" content=\"article\" \/>\n<meta property=\"og:title\" content=\"LMP 210 - 211 - MP Filtri\" \/>\n<meta property=\"og:description\" content=\"Filtro em linha. Press\u00e3o de trabalho at\u00e9 60 bar (870 psi), vaz\u00e3o at\u00e9 330 l\/min (87 gpm), conex\u00f5es roscadas 1\u201d at\u00e9 1.1\/2\u201d BSP\/NPT\/SAE (LMP 211) e conex\u00f5es flangeadas SAE at\u00e9 1.1\/2\u201d c\u00f3digo 61, SAE 3000 PSI (LMP 210). Filtro em linha robusto com uma ampla variedade de op\u00e7\u00f5es de meios filtrantes para os elementos, incluindo [&hellip;]\" \/>\n<meta property=\"og:url\" content=\"https:\/\/www.mpfiltri.com\/pt-pt\/product\/lmp-210-211\/\" \/>\n<meta property=\"og:site_name\" content=\"MP Filtri\" \/>\n<meta property=\"article:publisher\" content=\"https:\/\/www.facebook.com\/MPFiltriITA\" \/>\n<meta property=\"article:modified_time\" content=\"2026-04-01T14:23:53+00:00\" \/>\n<meta name=\"twitter:card\" content=\"summary_large_image\" \/>\n<meta name=\"twitter:label1\" content=\"Tempo estimado de leitura\" \/>\n\t<meta name=\"twitter:data1\" content=\"1 minuto\" \/>\n<script type=\"application\/ld+json\" class=\"yoast-schema-graph\">{\"@context\":\"https:\/\/schema.org\",\"@graph\":[{\"@type\":\"WebPage\",\"@id\":\"https:\/\/www.mpfiltri.com\/pt-pt\/product\/lmp-210-211\/\",\"url\":\"https:\/\/www.mpfiltri.com\/pt-pt\/product\/lmp-210-211\/\",\"name\":\"LMP 210 - 211 - MP Filtri\",\"isPartOf\":{\"@id\":\"https:\/\/www.mpfiltri.com\/pt-pt\/#website\"},\"datePublished\":\"2025-06-16T14:41:42+00:00\",\"dateModified\":\"2026-04-01T14:23:53+00:00\",\"breadcrumb\":{\"@id\":\"https:\/\/www.mpfiltri.com\/pt-pt\/product\/lmp-210-211\/#breadcrumb\"},\"inLanguage\":\"pt-PT\",\"potentialAction\":[{\"@type\":\"ReadAction\",\"target\":[\"https:\/\/www.mpfiltri.com\/pt-pt\/product\/lmp-210-211\/\"]}]},{\"@type\":\"BreadcrumbList\",\"@id\":\"https:\/\/www.mpfiltri.com\/pt-pt\/product\/lmp-210-211\/#breadcrumb\",\"itemListElement\":[{\"@type\":\"ListItem\",\"position\":1,\"name\":\"Home\",\"item\":\"https:\/\/www.mpfiltri.com\/pt-pt\/\"},{\"@type\":\"ListItem\",\"position\":2,\"name\":\"Produtos\",\"item\":\"https:\/\/www.mpfiltri.com\/pt-pt\/shop\/\"},{\"@type\":\"ListItem\",\"position\":3,\"name\":\"LMP 210 &#8211; 211\"}]},{\"@type\":\"WebSite\",\"@id\":\"https:\/\/www.mpfiltri.com\/pt-pt\/#website\",\"url\":\"https:\/\/www.mpfiltri.com\/pt-pt\/\",\"name\":\"MP Filtri\",\"description\":\"\",\"publisher\":{\"@id\":\"https:\/\/www.mpfiltri.com\/pt-pt\/#organization\"},\"potentialAction\":[{\"@type\":\"SearchAction\",\"target\":{\"@type\":\"EntryPoint\",\"urlTemplate\":\"https:\/\/www.mpfiltri.com\/pt-pt\/?s={search_term_string}\"},\"query-input\":{\"@type\":\"PropertyValueSpecification\",\"valueRequired\":true,\"valueName\":\"search_term_string\"}}],\"inLanguage\":\"pt-PT\"},{\"@type\":\"Organization\",\"@id\":\"https:\/\/www.mpfiltri.com\/pt-pt\/#organization\",\"name\":\"MP Filtri\",\"url\":\"https:\/\/www.mpfiltri.com\/pt-pt\/\",\"logo\":{\"@type\":\"ImageObject\",\"inLanguage\":\"pt-PT\",\"@id\":\"https:\/\/www.mpfiltri.com\/pt-pt\/#\/schema\/logo\/image\/\",\"url\":\"\",\"contentUrl\":\"\",\"caption\":\"MP Filtri\"},\"image\":{\"@id\":\"https:\/\/www.mpfiltri.com\/pt-pt\/#\/schema\/logo\/image\/\"},\"sameAs\":[\"https:\/\/www.facebook.com\/MPFiltriITA\",\"https:\/\/www.instagram.com\/mpfiltri\/\",\"https:\/\/www.youtube.com\/channel\/UCCzNMySYc1c4M-2B4v0K_QA?view_as=subscriber\",\"https:\/\/www.linkedin.com\/company\/mp-filtri-spa\/\"]}]}<\/script>\n<!-- \/ Yoast SEO plugin. -->","yoast_head_json":{"title":"LMP 210 - 211 - MP Filtri","robots":{"index":"index","follow":"follow","max-snippet":"max-snippet:-1","max-image-preview":"max-image-preview:large","max-video-preview":"max-video-preview:-1"},"canonical":"https:\/\/www.mpfiltri.com\/pt-pt\/product\/lmp-210-211\/","og_locale":"pt_PT","og_type":"article","og_title":"LMP 210 - 211 - MP Filtri","og_description":"Filtro em linha. Press\u00e3o de trabalho at\u00e9 60 bar (870 psi), vaz\u00e3o at\u00e9 330 l\/min (87 gpm), conex\u00f5es roscadas 1\u201d at\u00e9 1.1\/2\u201d BSP\/NPT\/SAE (LMP 211) e conex\u00f5es flangeadas SAE at\u00e9 1.1\/2\u201d c\u00f3digo 61, SAE 3000 PSI (LMP 210). Filtro em linha robusto com uma ampla variedade de op\u00e7\u00f5es de meios filtrantes para os elementos, incluindo [&hellip;]","og_url":"https:\/\/www.mpfiltri.com\/pt-pt\/product\/lmp-210-211\/","og_site_name":"MP Filtri","article_publisher":"https:\/\/www.facebook.com\/MPFiltriITA","article_modified_time":"2026-04-01T14:23:53+00:00","twitter_card":"summary_large_image","twitter_misc":{"Tempo estimado de leitura":"1 minuto"},"schema":{"@context":"https:\/\/schema.org","@graph":[{"@type":"WebPage","@id":"https:\/\/www.mpfiltri.com\/pt-pt\/product\/lmp-210-211\/","url":"https:\/\/www.mpfiltri.com\/pt-pt\/product\/lmp-210-211\/","name":"LMP 210 - 211 - MP Filtri","isPartOf":{"@id":"https:\/\/www.mpfiltri.com\/pt-pt\/#website"},"datePublished":"2025-06-16T14:41:42+00:00","dateModified":"2026-04-01T14:23:53+00:00","breadcrumb":{"@id":"https:\/\/www.mpfiltri.com\/pt-pt\/product\/lmp-210-211\/#breadcrumb"},"inLanguage":"pt-PT","potentialAction":[{"@type":"ReadAction","target":["https:\/\/www.mpfiltri.com\/pt-pt\/product\/lmp-210-211\/"]}]},{"@type":"BreadcrumbList","@id":"https:\/\/www.mpfiltri.com\/pt-pt\/product\/lmp-210-211\/#breadcrumb","itemListElement":[{"@type":"ListItem","position":1,"name":"Home","item":"https:\/\/www.mpfiltri.com\/pt-pt\/"},{"@type":"ListItem","position":2,"name":"Produtos","item":"https:\/\/www.mpfiltri.com\/pt-pt\/shop\/"},{"@type":"ListItem","position":3,"name":"LMP 210 &#8211; 211"}]},{"@type":"WebSite","@id":"https:\/\/www.mpfiltri.com\/pt-pt\/#website","url":"https:\/\/www.mpfiltri.com\/pt-pt\/","name":"MP Filtri","description":"","publisher":{"@id":"https:\/\/www.mpfiltri.com\/pt-pt\/#organization"},"potentialAction":[{"@type":"SearchAction","target":{"@type":"EntryPoint","urlTemplate":"https:\/\/www.mpfiltri.com\/pt-pt\/?s={search_term_string}"},"query-input":{"@type":"PropertyValueSpecification","valueRequired":true,"valueName":"search_term_string"}}],"inLanguage":"pt-PT"},{"@type":"Organization","@id":"https:\/\/www.mpfiltri.com\/pt-pt\/#organization","name":"MP Filtri","url":"https:\/\/www.mpfiltri.com\/pt-pt\/","logo":{"@type":"ImageObject","inLanguage":"pt-PT","@id":"https:\/\/www.mpfiltri.com\/pt-pt\/#\/schema\/logo\/image\/","url":"","contentUrl":"","caption":"MP Filtri"},"image":{"@id":"https:\/\/www.mpfiltri.com\/pt-pt\/#\/schema\/logo\/image\/"},"sameAs":["https:\/\/www.facebook.com\/MPFiltriITA","https:\/\/www.instagram.com\/mpfiltri\/","https:\/\/www.youtube.com\/channel\/UCCzNMySYc1c4M-2B4v0K_QA?view_as=subscriber","https:\/\/www.linkedin.com\/company\/mp-filtri-spa\/"]}]}},"_links":{"self":[{"href":"https:\/\/www.mpfiltri.com\/pt-pt\/wp-json\/wp\/v2\/product\/78563","targetHints":{"allow":["GET"]}}],"collection":[{"href":"https:\/\/www.mpfiltri.com\/pt-pt\/wp-json\/wp\/v2\/product"}],"about":[{"href":"https:\/\/www.mpfiltri.com\/pt-pt\/wp-json\/wp\/v2\/types\/product"}],"replies":[{"embeddable":true,"href":"https:\/\/www.mpfiltri.com\/pt-pt\/wp-json\/wp\/v2\/comments?post=78563"}],"wp:attachment":[{"href":"https:\/\/www.mpfiltri.com\/pt-pt\/wp-json\/wp\/v2\/media?parent=78563"}],"wp:term":[{"taxonomy":"product-structure","embeddable":true,"href":"https:\/\/www.mpfiltri.com\/pt-pt\/wp-json\/wp\/v2\/product-structure?post=78563"},{"taxonomy":"product_brand","embeddable":true,"href":"https:\/\/www.mpfiltri.com\/pt-pt\/wp-json\/wp\/v2\/product_brand?post=78563"},{"taxonomy":"product_cat","embeddable":true,"href":"https:\/\/www.mpfiltri.com\/pt-pt\/wp-json\/wp\/v2\/product_cat?post=78563"},{"taxonomy":"product_tag","embeddable":true,"href":"https:\/\/www.mpfiltri.com\/pt-pt\/wp-json\/wp\/v2\/product_tag?post=78563"}],"curies":[{"name":"wp","href":"https:\/\/api.w.org\/{rel}","templated":true}]}}