

{"id":78496,"date":"2025-06-16T16:41:02","date_gmt":"2025-06-16T14:41:02","guid":{"rendered":"https:\/\/www.mpfiltri.com\/product\/produto-2\/"},"modified":"2026-04-01T16:23:57","modified_gmt":"2026-04-01T14:23:57","slug":"fzp-atex","status":"publish","type":"product","link":"https:\/\/www.mpfiltri.com\/pt-pt\/product\/fzp-atex\/","title":{"rendered":"FZP &#8211; ATEX"},"content":{"rendered":"<p>Filtros inox de press\u00e3o em linha. Press\u00e3o de trabalho at\u00e9 420 bar (6092 psi), vaz\u00e3o at\u00e9 150 l\/min (40 gpm), conex\u00f5es roscadas 1\/2\u201d at\u00e9 1.1\/4\u201d BSP\/NPT\/SAE.<\/p>\n<p>Podem ser montados em zonas potencialmente explosivas, uma vez que est\u00e3o certificados ATEX2014\/34\/EU &#8211; Categoria 2G &#8211; \u00c1reas 1 &#8211; 2  e U.K. Regulamento S.I. 2016 No. 1107.<\/p>\n<p>A constru\u00e7\u00e3o em a\u00e7o inoxid\u00e1vel garante uma prote\u00e7\u00e3o m\u00e1xima quando se opera em ambientes corrosivos ou fluidos agressivos. Os filtros de a\u00e7o inoxid\u00e1vel de alta press\u00e3o s\u00e3o utilizados para proteger as v\u00e1lvulas individuais ou todo o circuito hidr\u00e1ulico da contamina\u00e7\u00e3o<\/p>\n<p>Filtro com veda\u00e7\u00e3o NBR na configura\u00e7\u00e3o ZEROSPARK<\/p>\n<p>                                                II 3G Ex h IIC T6 Gc X<\/p>\n<p>                                                                        II 3D Ex h IIIC T85\u00b0C Dc X<\/p>\n<\/p>\n<p>Temperatura<\/p>\n<p> ambiente         Temperatura<\/p>\n<p>m\u00e1xima fluido        Classe de temperatura        Temperatura m\u00e1xima<\/p>\n<p>superf\u00edcie<\/p>\n<p>15 \u00b0C \u00f7 +80 \u00b0C        +80 \u00b0C        T6        T85 \u00b0C<\/p>\n<p>Filtro com junta FPM \/ MFQ na configura\u00e7\u00e3o ZEROSPARK<\/p>\n<p>                                                 II 3G Ex h IIC T6&#8230; T4 Gc X<\/p>\n<p>                                                                        II 3D Ex h IIIC T85\u00b0C&#8230;T115\u00b0C Dc X<\/p>\n<\/p>\n<p>Temperatura<\/p>\n<p> ambiente         Temperatura<\/p>\n<p>m\u00e1xima fluido        Classe de temperatura        Temperatura m\u00e1xima<\/p>\n<p>superf\u00edcie<\/p>\n<p>-15 \u00b0C \u00f7 +80 \u00b0C        +80 \u00b0C        T6        T85 \u00b0C<\/p>\n<p>-15 \u00b0C \u00f7 +95 \u00b0C        +95 \u00b0C        T5        T100 \u00b0C<\/p>\n<p>-15 \u00b0C \u00f7 +110 \u00b0C        +110 \u00b0C        T4        T115 \u00b0C<\/p>\n<p>Ver tabela apropriada para a compatibilidade de fluidos.<\/p>\n","protected":false},"excerpt":{"rendered":"<p>Filtros inox de press\u00e3o em linha. Press\u00e3o de trabalho at\u00e9 420 bar (6092 psi), vaz\u00e3o at\u00e9 150 l\/min (40 gpm), conex\u00f5es roscadas 1\/2\u201d at\u00e9 1.1\/4\u201d BSP\/NPT\/SAE. Podem ser montados em zonas potencialmente explosivas, uma vez que est\u00e3o certificados ATEX2014\/34\/EU &#8211; Categoria 2G &#8211; \u00c1reas 1 &#8211; 2 e U.K. Regulamento S.I. 2016 No. 1107. A [&hellip;]<\/p>\n","protected":false},"featured_media":0,"comment_status":"open","ping_status":"closed","template":"","meta":{"_acf_changed":false,"_gspb_post_css":"","inline_featured_image":false,"_genesis_hide_title":false,"_genesis_hide_breadcrumbs":false,"_genesis_hide_singular_image":false,"_genesis_hide_footer_widgets":false,"_genesis_custom_body_class":"","_genesis_custom_post_class":"","_genesis_layout":"","_links_to":"","_links_to_target":""},"product-structure":[62],"product_brand":[],"product_cat":[13232,13198,13252,13212,13193,13238,13292,12598,12991,13008],"product_tag":[],"class_list":{"0":"post-78496","1":"product","2":"type-product","3":"status-publish","5":"product-structure-series","6":"product_cat-equipamento-industrial","7":"product_cat-equipamento-movel","8":"product_cat-geracao-de-energia","9":"product_cat-mineracao","10":"product_cat-mobile-equipment","11":"product_cat-petroleo-gas","12":"product_cat-sistemas-hidraulicos","13":"product_cat-12598","14":"product_cat-12991","15":"product_cat-13008","16":"entry","18":"first","19":"instock","20":"shipping-taxable","21":"product-type-simple"},"acf":[],"yoast_head":"<!-- This site is optimized with the Yoast SEO plugin v27.2 - https:\/\/yoast.com\/product\/yoast-seo-wordpress\/ -->\n<title>FZP - ATEX - MP Filtri<\/title>\n<meta name=\"robots\" content=\"index, follow, max-snippet:-1, max-image-preview:large, max-video-preview:-1\" \/>\n<link rel=\"canonical\" href=\"https:\/\/www.mpfiltri.com\/pt-pt\/product\/fzp-atex\/\" \/>\n<meta property=\"og:locale\" content=\"pt_PT\" \/>\n<meta property=\"og:type\" content=\"article\" \/>\n<meta property=\"og:title\" content=\"FZP - ATEX - MP Filtri\" \/>\n<meta property=\"og:description\" content=\"Filtros inox de press\u00e3o em linha. Press\u00e3o de trabalho at\u00e9 420 bar (6092 psi), vaz\u00e3o at\u00e9 150 l\/min (40 gpm), conex\u00f5es roscadas 1\/2\u201d at\u00e9 1.1\/4\u201d BSP\/NPT\/SAE. Podem ser montados em zonas potencialmente explosivas, uma vez que est\u00e3o certificados ATEX2014\/34\/EU &#8211; Categoria 2G &#8211; \u00c1reas 1 &#8211; 2 e U.K. Regulamento S.I. 2016 No. 1107. A [&hellip;]\" \/>\n<meta property=\"og:url\" content=\"https:\/\/www.mpfiltri.com\/pt-pt\/product\/fzp-atex\/\" \/>\n<meta property=\"og:site_name\" content=\"MP Filtri\" \/>\n<meta property=\"article:publisher\" content=\"https:\/\/www.facebook.com\/MPFiltriITA\" \/>\n<meta property=\"article:modified_time\" content=\"2026-04-01T14:23:57+00:00\" \/>\n<meta name=\"twitter:card\" content=\"summary_large_image\" \/>\n<meta name=\"twitter:label1\" content=\"Tempo estimado de leitura\" \/>\n\t<meta name=\"twitter:data1\" content=\"1 minuto\" \/>\n<script type=\"application\/ld+json\" class=\"yoast-schema-graph\">{\"@context\":\"https:\/\/schema.org\",\"@graph\":[{\"@type\":\"WebPage\",\"@id\":\"https:\/\/www.mpfiltri.com\/pt-pt\/product\/fzp-atex\/\",\"url\":\"https:\/\/www.mpfiltri.com\/pt-pt\/product\/fzp-atex\/\",\"name\":\"FZP - ATEX - MP Filtri\",\"isPartOf\":{\"@id\":\"https:\/\/www.mpfiltri.com\/pt-pt\/#website\"},\"datePublished\":\"2025-06-16T14:41:02+00:00\",\"dateModified\":\"2026-04-01T14:23:57+00:00\",\"breadcrumb\":{\"@id\":\"https:\/\/www.mpfiltri.com\/pt-pt\/product\/fzp-atex\/#breadcrumb\"},\"inLanguage\":\"pt-PT\",\"potentialAction\":[{\"@type\":\"ReadAction\",\"target\":[\"https:\/\/www.mpfiltri.com\/pt-pt\/product\/fzp-atex\/\"]}]},{\"@type\":\"BreadcrumbList\",\"@id\":\"https:\/\/www.mpfiltri.com\/pt-pt\/product\/fzp-atex\/#breadcrumb\",\"itemListElement\":[{\"@type\":\"ListItem\",\"position\":1,\"name\":\"Home\",\"item\":\"https:\/\/www.mpfiltri.com\/pt-pt\/\"},{\"@type\":\"ListItem\",\"position\":2,\"name\":\"Produtos\",\"item\":\"https:\/\/www.mpfiltri.com\/pt-pt\/shop\/\"},{\"@type\":\"ListItem\",\"position\":3,\"name\":\"FZP &#8211; ATEX\"}]},{\"@type\":\"WebSite\",\"@id\":\"https:\/\/www.mpfiltri.com\/pt-pt\/#website\",\"url\":\"https:\/\/www.mpfiltri.com\/pt-pt\/\",\"name\":\"MP Filtri\",\"description\":\"\",\"publisher\":{\"@id\":\"https:\/\/www.mpfiltri.com\/pt-pt\/#organization\"},\"potentialAction\":[{\"@type\":\"SearchAction\",\"target\":{\"@type\":\"EntryPoint\",\"urlTemplate\":\"https:\/\/www.mpfiltri.com\/pt-pt\/?s={search_term_string}\"},\"query-input\":{\"@type\":\"PropertyValueSpecification\",\"valueRequired\":true,\"valueName\":\"search_term_string\"}}],\"inLanguage\":\"pt-PT\"},{\"@type\":\"Organization\",\"@id\":\"https:\/\/www.mpfiltri.com\/pt-pt\/#organization\",\"name\":\"MP Filtri\",\"url\":\"https:\/\/www.mpfiltri.com\/pt-pt\/\",\"logo\":{\"@type\":\"ImageObject\",\"inLanguage\":\"pt-PT\",\"@id\":\"https:\/\/www.mpfiltri.com\/pt-pt\/#\/schema\/logo\/image\/\",\"url\":\"\",\"contentUrl\":\"\",\"caption\":\"MP Filtri\"},\"image\":{\"@id\":\"https:\/\/www.mpfiltri.com\/pt-pt\/#\/schema\/logo\/image\/\"},\"sameAs\":[\"https:\/\/www.facebook.com\/MPFiltriITA\",\"https:\/\/www.instagram.com\/mpfiltri\/\",\"https:\/\/www.youtube.com\/channel\/UCCzNMySYc1c4M-2B4v0K_QA?view_as=subscriber\",\"https:\/\/www.linkedin.com\/company\/mp-filtri-spa\/\"]}]}<\/script>\n<!-- \/ Yoast SEO plugin. -->","yoast_head_json":{"title":"FZP - ATEX - MP Filtri","robots":{"index":"index","follow":"follow","max-snippet":"max-snippet:-1","max-image-preview":"max-image-preview:large","max-video-preview":"max-video-preview:-1"},"canonical":"https:\/\/www.mpfiltri.com\/pt-pt\/product\/fzp-atex\/","og_locale":"pt_PT","og_type":"article","og_title":"FZP - ATEX - MP Filtri","og_description":"Filtros inox de press\u00e3o em linha. Press\u00e3o de trabalho at\u00e9 420 bar (6092 psi), vaz\u00e3o at\u00e9 150 l\/min (40 gpm), conex\u00f5es roscadas 1\/2\u201d at\u00e9 1.1\/4\u201d BSP\/NPT\/SAE. Podem ser montados em zonas potencialmente explosivas, uma vez que est\u00e3o certificados ATEX2014\/34\/EU &#8211; Categoria 2G &#8211; \u00c1reas 1 &#8211; 2 e U.K. Regulamento S.I. 2016 No. 1107. A [&hellip;]","og_url":"https:\/\/www.mpfiltri.com\/pt-pt\/product\/fzp-atex\/","og_site_name":"MP Filtri","article_publisher":"https:\/\/www.facebook.com\/MPFiltriITA","article_modified_time":"2026-04-01T14:23:57+00:00","twitter_card":"summary_large_image","twitter_misc":{"Tempo estimado de leitura":"1 minuto"},"schema":{"@context":"https:\/\/schema.org","@graph":[{"@type":"WebPage","@id":"https:\/\/www.mpfiltri.com\/pt-pt\/product\/fzp-atex\/","url":"https:\/\/www.mpfiltri.com\/pt-pt\/product\/fzp-atex\/","name":"FZP - ATEX - MP Filtri","isPartOf":{"@id":"https:\/\/www.mpfiltri.com\/pt-pt\/#website"},"datePublished":"2025-06-16T14:41:02+00:00","dateModified":"2026-04-01T14:23:57+00:00","breadcrumb":{"@id":"https:\/\/www.mpfiltri.com\/pt-pt\/product\/fzp-atex\/#breadcrumb"},"inLanguage":"pt-PT","potentialAction":[{"@type":"ReadAction","target":["https:\/\/www.mpfiltri.com\/pt-pt\/product\/fzp-atex\/"]}]},{"@type":"BreadcrumbList","@id":"https:\/\/www.mpfiltri.com\/pt-pt\/product\/fzp-atex\/#breadcrumb","itemListElement":[{"@type":"ListItem","position":1,"name":"Home","item":"https:\/\/www.mpfiltri.com\/pt-pt\/"},{"@type":"ListItem","position":2,"name":"Produtos","item":"https:\/\/www.mpfiltri.com\/pt-pt\/shop\/"},{"@type":"ListItem","position":3,"name":"FZP &#8211; ATEX"}]},{"@type":"WebSite","@id":"https:\/\/www.mpfiltri.com\/pt-pt\/#website","url":"https:\/\/www.mpfiltri.com\/pt-pt\/","name":"MP Filtri","description":"","publisher":{"@id":"https:\/\/www.mpfiltri.com\/pt-pt\/#organization"},"potentialAction":[{"@type":"SearchAction","target":{"@type":"EntryPoint","urlTemplate":"https:\/\/www.mpfiltri.com\/pt-pt\/?s={search_term_string}"},"query-input":{"@type":"PropertyValueSpecification","valueRequired":true,"valueName":"search_term_string"}}],"inLanguage":"pt-PT"},{"@type":"Organization","@id":"https:\/\/www.mpfiltri.com\/pt-pt\/#organization","name":"MP Filtri","url":"https:\/\/www.mpfiltri.com\/pt-pt\/","logo":{"@type":"ImageObject","inLanguage":"pt-PT","@id":"https:\/\/www.mpfiltri.com\/pt-pt\/#\/schema\/logo\/image\/","url":"","contentUrl":"","caption":"MP Filtri"},"image":{"@id":"https:\/\/www.mpfiltri.com\/pt-pt\/#\/schema\/logo\/image\/"},"sameAs":["https:\/\/www.facebook.com\/MPFiltriITA","https:\/\/www.instagram.com\/mpfiltri\/","https:\/\/www.youtube.com\/channel\/UCCzNMySYc1c4M-2B4v0K_QA?view_as=subscriber","https:\/\/www.linkedin.com\/company\/mp-filtri-spa\/"]}]}},"_links":{"self":[{"href":"https:\/\/www.mpfiltri.com\/pt-pt\/wp-json\/wp\/v2\/product\/78496","targetHints":{"allow":["GET"]}}],"collection":[{"href":"https:\/\/www.mpfiltri.com\/pt-pt\/wp-json\/wp\/v2\/product"}],"about":[{"href":"https:\/\/www.mpfiltri.com\/pt-pt\/wp-json\/wp\/v2\/types\/product"}],"replies":[{"embeddable":true,"href":"https:\/\/www.mpfiltri.com\/pt-pt\/wp-json\/wp\/v2\/comments?post=78496"}],"wp:attachment":[{"href":"https:\/\/www.mpfiltri.com\/pt-pt\/wp-json\/wp\/v2\/media?parent=78496"}],"wp:term":[{"taxonomy":"product-structure","embeddable":true,"href":"https:\/\/www.mpfiltri.com\/pt-pt\/wp-json\/wp\/v2\/product-structure?post=78496"},{"taxonomy":"product_brand","embeddable":true,"href":"https:\/\/www.mpfiltri.com\/pt-pt\/wp-json\/wp\/v2\/product_brand?post=78496"},{"taxonomy":"product_cat","embeddable":true,"href":"https:\/\/www.mpfiltri.com\/pt-pt\/wp-json\/wp\/v2\/product_cat?post=78496"},{"taxonomy":"product_tag","embeddable":true,"href":"https:\/\/www.mpfiltri.com\/pt-pt\/wp-json\/wp\/v2\/product_tag?post=78496"}],"curies":[{"name":"wp","href":"https:\/\/api.w.org\/{rel}","templated":true}]}}