

{"id":78480,"date":"2025-06-16T16:42:10","date_gmt":"2025-06-16T14:42:10","guid":{"rendered":"https:\/\/www.mpfiltri.com\/product\/produto-2\/"},"modified":"2026-04-01T16:23:49","modified_gmt":"2026-04-01T14:23:49","slug":"ufm091-2","status":"publish","type":"product","link":"https:\/\/www.mpfiltri.com\/pt-pt\/product\/ufm091-2\/","title":{"rendered":"UFM091"},"content":{"rendered":"<p>\u2022 A UFM091 \u00e9 uma unidade m\u00f3vel para transfer\u00eancia e filtra\u00e7\u00e3o para m\u00e9dio e grandes volumes (&gt;1000lt)<\/p>\n<p>\u2022 F\u00e1cil de manusear gra\u00e7as ao uso de quatro rodas e um suporte ergon\u00f4mico<\/p>\n<p>\u2022 Utiliza a s\u00e9rie de filtros LMP de comprimento estendido<\/p>\n<p>\u2022 Vaz\u00e3o 90 l\/min<\/p>\n<p>\u2022 Press\u00e3o m\u00e1xima de trabalho 10bar<\/p>\n<p>\u2022 Motor el\u00e9trico trif\u00e1sico<\/p>\n<p>\u2022 Dispon\u00edvel com monitoramento de contamina\u00e7\u00e3o online (ICM2.0)<\/p>\n<p>\u2022 Quatro (4) rodas e al\u00e7a integrada para manuseio<\/p>\n<p>\u2022 F\u00e1cil de usar<\/p>\n<p>\u2022 Bomba tipo parafuso para altas taxas de fluxo e n\u00edvel de ru\u00eddo mais baixo<\/p>\n<p>\u2022 F\u00e1cil manuten\u00e7\u00e3o gra\u00e7as \u00e0 s\u00e9rie de filtros LMP<\/p>\n<p>\u2022 Filtro de aspira\u00e7\u00e3o para proteger a bomba<\/p>\n<p>\u2022 Comprimento do filtro LMP 6 para uma maior superf\u00edcie de filtragem<\/p>\n<p>\u2022 Filtragem absoluta<\/p>\n<p>\u2022 Vasta sele\u00e7\u00e3o de meios filtrantes<\/p>\n<p>\u2022 Vers\u00e3o com motor trif\u00e1sico para uso cont\u00ednuo e prolongado<\/p>\n<p>\u2022 Medidor \u00f3tico diferencial e man\u00f4metro para monitorar a press\u00e3o na linha<\/p>\n<p>\u2022 Medidor el\u00e9trico diferencial e man\u00f4metro para monitorar a press\u00e3o na linha<\/p>\n<p>\u2022 Novo contador de part\u00edculas da s\u00e9rie ICM2.0, com segunda unidade motobomba integrada<\/p>\n","protected":false},"excerpt":{"rendered":"<p>\u2022 A UFM091 \u00e9 uma unidade m\u00f3vel para transfer\u00eancia e filtra\u00e7\u00e3o para m\u00e9dio e grandes volumes (&gt;1000lt) \u2022 F\u00e1cil de manusear gra\u00e7as ao uso de quatro rodas e um suporte ergon\u00f4mico \u2022 Utiliza a s\u00e9rie de filtros LMP de comprimento estendido \u2022 Vaz\u00e3o 90 l\/min \u2022 Press\u00e3o m\u00e1xima de trabalho 10bar \u2022 Motor el\u00e9trico trif\u00e1sico [&hellip;]<\/p>\n","protected":false},"featured_media":0,"comment_status":"open","ping_status":"closed","template":"","meta":{"_acf_changed":false,"_gspb_post_css":"","inline_featured_image":false,"_genesis_hide_title":false,"_genesis_hide_breadcrumbs":false,"_genesis_hide_singular_image":false,"_genesis_hide_footer_widgets":false,"_genesis_custom_body_class":"","_genesis_custom_post_class":"","_genesis_layout":"","_links_to":"","_links_to_target":""},"product-structure":[62],"product_brand":[],"product_cat":[13163,13191,13232,13198,13397,13390,13292],"product_tag":[],"class_list":{"0":"post-78480","1":"product","2":"type-product","3":"status-publish","5":"product-structure-series","6":"product_cat-agronegocio-e-silvicultura","7":"product_cat-aplicacoes","8":"product_cat-equipamento-industrial","9":"product_cat-equipamento-movel","10":"product_cat-global","11":"product_cat-multimarket","12":"product_cat-sistemas-hidraulicos","13":"entry","15":"first","16":"instock","17":"shipping-taxable","18":"product-type-simple"},"acf":[],"yoast_head":"<!-- This site is optimized with the Yoast SEO plugin v27.2 - https:\/\/yoast.com\/product\/yoast-seo-wordpress\/ -->\n<title>UFM091 - MP Filtri<\/title>\n<meta name=\"robots\" content=\"index, follow, max-snippet:-1, max-image-preview:large, max-video-preview:-1\" \/>\n<link rel=\"canonical\" href=\"https:\/\/www.mpfiltri.com\/pt-pt\/product\/ufm091-2\/\" \/>\n<meta property=\"og:locale\" content=\"pt_PT\" \/>\n<meta property=\"og:type\" content=\"article\" \/>\n<meta property=\"og:title\" content=\"UFM091 - MP Filtri\" \/>\n<meta property=\"og:description\" content=\"\u2022 A UFM091 \u00e9 uma unidade m\u00f3vel para transfer\u00eancia e filtra\u00e7\u00e3o para m\u00e9dio e grandes volumes (&gt;1000lt) \u2022 F\u00e1cil de manusear gra\u00e7as ao uso de quatro rodas e um suporte ergon\u00f4mico \u2022 Utiliza a s\u00e9rie de filtros LMP de comprimento estendido \u2022 Vaz\u00e3o 90 l\/min \u2022 Press\u00e3o m\u00e1xima de trabalho 10bar \u2022 Motor el\u00e9trico trif\u00e1sico [&hellip;]\" \/>\n<meta property=\"og:url\" content=\"https:\/\/www.mpfiltri.com\/pt-pt\/product\/ufm091-2\/\" \/>\n<meta property=\"og:site_name\" content=\"MP Filtri\" \/>\n<meta property=\"article:publisher\" content=\"https:\/\/www.facebook.com\/MPFiltriITA\" \/>\n<meta property=\"article:modified_time\" content=\"2026-04-01T14:23:49+00:00\" \/>\n<meta name=\"twitter:card\" content=\"summary_large_image\" \/>\n<meta name=\"twitter:label1\" content=\"Tempo estimado de leitura\" \/>\n\t<meta name=\"twitter:data1\" content=\"1 minuto\" \/>\n<script type=\"application\/ld+json\" class=\"yoast-schema-graph\">{\"@context\":\"https:\/\/schema.org\",\"@graph\":[{\"@type\":\"WebPage\",\"@id\":\"https:\/\/www.mpfiltri.com\/pt-pt\/product\/ufm091-2\/\",\"url\":\"https:\/\/www.mpfiltri.com\/pt-pt\/product\/ufm091-2\/\",\"name\":\"UFM091 - MP Filtri\",\"isPartOf\":{\"@id\":\"https:\/\/www.mpfiltri.com\/pt-pt\/#website\"},\"datePublished\":\"2025-06-16T14:42:10+00:00\",\"dateModified\":\"2026-04-01T14:23:49+00:00\",\"breadcrumb\":{\"@id\":\"https:\/\/www.mpfiltri.com\/pt-pt\/product\/ufm091-2\/#breadcrumb\"},\"inLanguage\":\"pt-PT\",\"potentialAction\":[{\"@type\":\"ReadAction\",\"target\":[\"https:\/\/www.mpfiltri.com\/pt-pt\/product\/ufm091-2\/\"]}]},{\"@type\":\"BreadcrumbList\",\"@id\":\"https:\/\/www.mpfiltri.com\/pt-pt\/product\/ufm091-2\/#breadcrumb\",\"itemListElement\":[{\"@type\":\"ListItem\",\"position\":1,\"name\":\"Home\",\"item\":\"https:\/\/www.mpfiltri.com\/pt-pt\/\"},{\"@type\":\"ListItem\",\"position\":2,\"name\":\"Produtos\",\"item\":\"https:\/\/www.mpfiltri.com\/pt-pt\/shop\/\"},{\"@type\":\"ListItem\",\"position\":3,\"name\":\"UFM091\"}]},{\"@type\":\"WebSite\",\"@id\":\"https:\/\/www.mpfiltri.com\/pt-pt\/#website\",\"url\":\"https:\/\/www.mpfiltri.com\/pt-pt\/\",\"name\":\"MP Filtri\",\"description\":\"\",\"publisher\":{\"@id\":\"https:\/\/www.mpfiltri.com\/pt-pt\/#organization\"},\"potentialAction\":[{\"@type\":\"SearchAction\",\"target\":{\"@type\":\"EntryPoint\",\"urlTemplate\":\"https:\/\/www.mpfiltri.com\/pt-pt\/?s={search_term_string}\"},\"query-input\":{\"@type\":\"PropertyValueSpecification\",\"valueRequired\":true,\"valueName\":\"search_term_string\"}}],\"inLanguage\":\"pt-PT\"},{\"@type\":\"Organization\",\"@id\":\"https:\/\/www.mpfiltri.com\/pt-pt\/#organization\",\"name\":\"MP Filtri\",\"url\":\"https:\/\/www.mpfiltri.com\/pt-pt\/\",\"logo\":{\"@type\":\"ImageObject\",\"inLanguage\":\"pt-PT\",\"@id\":\"https:\/\/www.mpfiltri.com\/pt-pt\/#\/schema\/logo\/image\/\",\"url\":\"\",\"contentUrl\":\"\",\"caption\":\"MP Filtri\"},\"image\":{\"@id\":\"https:\/\/www.mpfiltri.com\/pt-pt\/#\/schema\/logo\/image\/\"},\"sameAs\":[\"https:\/\/www.facebook.com\/MPFiltriITA\",\"https:\/\/www.instagram.com\/mpfiltri\/\",\"https:\/\/www.youtube.com\/channel\/UCCzNMySYc1c4M-2B4v0K_QA?view_as=subscriber\",\"https:\/\/www.linkedin.com\/company\/mp-filtri-spa\/\"]}]}<\/script>\n<!-- \/ Yoast SEO plugin. -->","yoast_head_json":{"title":"UFM091 - MP Filtri","robots":{"index":"index","follow":"follow","max-snippet":"max-snippet:-1","max-image-preview":"max-image-preview:large","max-video-preview":"max-video-preview:-1"},"canonical":"https:\/\/www.mpfiltri.com\/pt-pt\/product\/ufm091-2\/","og_locale":"pt_PT","og_type":"article","og_title":"UFM091 - MP Filtri","og_description":"\u2022 A UFM091 \u00e9 uma unidade m\u00f3vel para transfer\u00eancia e filtra\u00e7\u00e3o para m\u00e9dio e grandes volumes (&gt;1000lt) \u2022 F\u00e1cil de manusear gra\u00e7as ao uso de quatro rodas e um suporte ergon\u00f4mico \u2022 Utiliza a s\u00e9rie de filtros LMP de comprimento estendido \u2022 Vaz\u00e3o 90 l\/min \u2022 Press\u00e3o m\u00e1xima de trabalho 10bar \u2022 Motor el\u00e9trico trif\u00e1sico [&hellip;]","og_url":"https:\/\/www.mpfiltri.com\/pt-pt\/product\/ufm091-2\/","og_site_name":"MP Filtri","article_publisher":"https:\/\/www.facebook.com\/MPFiltriITA","article_modified_time":"2026-04-01T14:23:49+00:00","twitter_card":"summary_large_image","twitter_misc":{"Tempo estimado de leitura":"1 minuto"},"schema":{"@context":"https:\/\/schema.org","@graph":[{"@type":"WebPage","@id":"https:\/\/www.mpfiltri.com\/pt-pt\/product\/ufm091-2\/","url":"https:\/\/www.mpfiltri.com\/pt-pt\/product\/ufm091-2\/","name":"UFM091 - MP Filtri","isPartOf":{"@id":"https:\/\/www.mpfiltri.com\/pt-pt\/#website"},"datePublished":"2025-06-16T14:42:10+00:00","dateModified":"2026-04-01T14:23:49+00:00","breadcrumb":{"@id":"https:\/\/www.mpfiltri.com\/pt-pt\/product\/ufm091-2\/#breadcrumb"},"inLanguage":"pt-PT","potentialAction":[{"@type":"ReadAction","target":["https:\/\/www.mpfiltri.com\/pt-pt\/product\/ufm091-2\/"]}]},{"@type":"BreadcrumbList","@id":"https:\/\/www.mpfiltri.com\/pt-pt\/product\/ufm091-2\/#breadcrumb","itemListElement":[{"@type":"ListItem","position":1,"name":"Home","item":"https:\/\/www.mpfiltri.com\/pt-pt\/"},{"@type":"ListItem","position":2,"name":"Produtos","item":"https:\/\/www.mpfiltri.com\/pt-pt\/shop\/"},{"@type":"ListItem","position":3,"name":"UFM091"}]},{"@type":"WebSite","@id":"https:\/\/www.mpfiltri.com\/pt-pt\/#website","url":"https:\/\/www.mpfiltri.com\/pt-pt\/","name":"MP Filtri","description":"","publisher":{"@id":"https:\/\/www.mpfiltri.com\/pt-pt\/#organization"},"potentialAction":[{"@type":"SearchAction","target":{"@type":"EntryPoint","urlTemplate":"https:\/\/www.mpfiltri.com\/pt-pt\/?s={search_term_string}"},"query-input":{"@type":"PropertyValueSpecification","valueRequired":true,"valueName":"search_term_string"}}],"inLanguage":"pt-PT"},{"@type":"Organization","@id":"https:\/\/www.mpfiltri.com\/pt-pt\/#organization","name":"MP Filtri","url":"https:\/\/www.mpfiltri.com\/pt-pt\/","logo":{"@type":"ImageObject","inLanguage":"pt-PT","@id":"https:\/\/www.mpfiltri.com\/pt-pt\/#\/schema\/logo\/image\/","url":"","contentUrl":"","caption":"MP Filtri"},"image":{"@id":"https:\/\/www.mpfiltri.com\/pt-pt\/#\/schema\/logo\/image\/"},"sameAs":["https:\/\/www.facebook.com\/MPFiltriITA","https:\/\/www.instagram.com\/mpfiltri\/","https:\/\/www.youtube.com\/channel\/UCCzNMySYc1c4M-2B4v0K_QA?view_as=subscriber","https:\/\/www.linkedin.com\/company\/mp-filtri-spa\/"]}]}},"_links":{"self":[{"href":"https:\/\/www.mpfiltri.com\/pt-pt\/wp-json\/wp\/v2\/product\/78480","targetHints":{"allow":["GET"]}}],"collection":[{"href":"https:\/\/www.mpfiltri.com\/pt-pt\/wp-json\/wp\/v2\/product"}],"about":[{"href":"https:\/\/www.mpfiltri.com\/pt-pt\/wp-json\/wp\/v2\/types\/product"}],"replies":[{"embeddable":true,"href":"https:\/\/www.mpfiltri.com\/pt-pt\/wp-json\/wp\/v2\/comments?post=78480"}],"wp:attachment":[{"href":"https:\/\/www.mpfiltri.com\/pt-pt\/wp-json\/wp\/v2\/media?parent=78480"}],"wp:term":[{"taxonomy":"product-structure","embeddable":true,"href":"https:\/\/www.mpfiltri.com\/pt-pt\/wp-json\/wp\/v2\/product-structure?post=78480"},{"taxonomy":"product_brand","embeddable":true,"href":"https:\/\/www.mpfiltri.com\/pt-pt\/wp-json\/wp\/v2\/product_brand?post=78480"},{"taxonomy":"product_cat","embeddable":true,"href":"https:\/\/www.mpfiltri.com\/pt-pt\/wp-json\/wp\/v2\/product_cat?post=78480"},{"taxonomy":"product_tag","embeddable":true,"href":"https:\/\/www.mpfiltri.com\/pt-pt\/wp-json\/wp\/v2\/product_tag?post=78480"}],"curies":[{"name":"wp","href":"https:\/\/api.w.org\/{rel}","templated":true}]}}