

{"id":78407,"date":"2025-06-17T17:01:57","date_gmt":"2025-06-17T15:01:57","guid":{"rendered":"https:\/\/www.mpfiltri.com\/product\/produto-2\/"},"modified":"2026-04-01T16:23:18","modified_gmt":"2026-04-01T14:23:18","slug":"icmk-az-2-0","status":"publish","type":"product","link":"https:\/\/www.mpfiltri.com\/pt-pt\/product\/icmk-az-2-0\/","title":{"rendered":"ICMK AZ 2.0"},"content":{"rendered":"<p>Nosso monitor de contamina\u00e7\u00e3o ICMK2.0 AZ2 pode medir e salvar automaticamente os n\u00edveis de contamina\u00e7\u00e3o por part\u00edculas, umidade e temperatura em diversos fluidos hidr\u00e1ulicos. Eles s\u00e3o projetados especificamente para serem montados diretamente nos sistemas, onde \u00e9 necess\u00e1ria medi\u00e7\u00e3o ou an\u00e1lise cont\u00ednua, em ambientes de alto risco ou explosivos.<\/p>\n<p>\u2022 Calibrado para normas ISO relevantes<\/p>\n<p>\u2022 V\u00e1rios protocolos de comunica\u00e7\u00e3o como padr\u00e3o, incluindo RS485, MODBUS, CANBUS<\/p>\n<p>\u2022 Zona ATEX II Cat. 3G. Software LPA View gratuito baseado em Windows. Medi\u00e7\u00e3o e exibi\u00e7\u00e3o de contamina\u00e7\u00e3o em 8 canais<\/p>\n<p>\u2022 V\u00e1rios formatos de relat\u00f3rio inclu\u00eddos<\/p>\n<p>\u2022 Detec\u00e7\u00e3o de umidade e temperatura (dependente do fluido)<\/p>\n<p>\u2022 Registro de dados e mem\u00f3ria para 4000 resultados de teste<\/p>\n<p>\u2022 Indicadores multicoloridos via LED com sinais de alarme de sa\u00edda como padr\u00e3o<\/p>\n<p>\u2022 Constru\u00e7\u00e3o robusta em a\u00e7o inoxid\u00e1vel fundido<\/p>\n<p>\u2022 Press\u00e3o m\u00e1xima 420 bar<\/p>\n<p>\u2022 Prote\u00e7\u00e3o ambiental IP66<\/p>\n","protected":false},"excerpt":{"rendered":"<p>Nosso monitor de contamina\u00e7\u00e3o ICMK2.0 AZ2 pode medir e salvar automaticamente os n\u00edveis de contamina\u00e7\u00e3o por part\u00edculas, umidade e temperatura em diversos fluidos hidr\u00e1ulicos. Eles s\u00e3o projetados especificamente para serem montados diretamente nos sistemas, onde \u00e9 necess\u00e1ria medi\u00e7\u00e3o ou an\u00e1lise cont\u00ednua, em ambientes de alto risco ou explosivos. \u2022 Calibrado para normas ISO relevantes \u2022 [&hellip;]<\/p>\n","protected":false},"featured_media":0,"comment_status":"open","ping_status":"closed","template":"","meta":{"_acf_changed":false,"_gspb_post_css":"","inline_featured_image":false,"_genesis_hide_title":false,"_genesis_hide_breadcrumbs":false,"_genesis_hide_singular_image":false,"_genesis_hide_footer_widgets":false,"_genesis_custom_body_class":"","_genesis_custom_post_class":"","_genesis_layout":"","_links_to":"","_links_to_target":""},"product-structure":[62],"product_brand":[],"product_cat":[13191,13232,13252,13238,12598,12991],"product_tag":[],"class_list":{"0":"post-78407","1":"product","2":"type-product","3":"status-publish","5":"product-structure-series","6":"product_cat-aplicacoes","7":"product_cat-equipamento-industrial","8":"product_cat-geracao-de-energia","9":"product_cat-petroleo-gas","10":"product_cat-12598","11":"product_cat-12991","12":"entry","14":"first","15":"instock","16":"shipping-taxable","17":"product-type-simple"},"acf":[],"yoast_head":"<!-- This site is optimized with the Yoast SEO plugin v27.2 - https:\/\/yoast.com\/product\/yoast-seo-wordpress\/ -->\n<title>ICMK AZ 2.0 - MP Filtri<\/title>\n<meta name=\"robots\" content=\"index, follow, max-snippet:-1, max-image-preview:large, max-video-preview:-1\" \/>\n<link rel=\"canonical\" href=\"https:\/\/www.mpfiltri.com\/pt-pt\/product\/icmk-az-2-0\/\" \/>\n<meta property=\"og:locale\" content=\"pt_PT\" \/>\n<meta property=\"og:type\" content=\"article\" \/>\n<meta property=\"og:title\" content=\"ICMK AZ 2.0 - MP Filtri\" \/>\n<meta property=\"og:description\" content=\"Nosso monitor de contamina\u00e7\u00e3o ICMK2.0 AZ2 pode medir e salvar automaticamente os n\u00edveis de contamina\u00e7\u00e3o por part\u00edculas, umidade e temperatura em diversos fluidos hidr\u00e1ulicos. Eles s\u00e3o projetados especificamente para serem montados diretamente nos sistemas, onde \u00e9 necess\u00e1ria medi\u00e7\u00e3o ou an\u00e1lise cont\u00ednua, em ambientes de alto risco ou explosivos. \u2022 Calibrado para normas ISO relevantes \u2022 [&hellip;]\" \/>\n<meta property=\"og:url\" content=\"https:\/\/www.mpfiltri.com\/pt-pt\/product\/icmk-az-2-0\/\" \/>\n<meta property=\"og:site_name\" content=\"MP Filtri\" \/>\n<meta property=\"article:publisher\" content=\"https:\/\/www.facebook.com\/MPFiltriITA\" \/>\n<meta property=\"article:modified_time\" content=\"2026-04-01T14:23:18+00:00\" \/>\n<meta name=\"twitter:card\" content=\"summary_large_image\" \/>\n<meta name=\"twitter:label1\" content=\"Tempo estimado de leitura\" \/>\n\t<meta name=\"twitter:data1\" content=\"1 minuto\" \/>\n<script type=\"application\/ld+json\" class=\"yoast-schema-graph\">{\"@context\":\"https:\/\/schema.org\",\"@graph\":[{\"@type\":\"WebPage\",\"@id\":\"https:\/\/www.mpfiltri.com\/pt-pt\/product\/icmk-az-2-0\/\",\"url\":\"https:\/\/www.mpfiltri.com\/pt-pt\/product\/icmk-az-2-0\/\",\"name\":\"ICMK AZ 2.0 - MP Filtri\",\"isPartOf\":{\"@id\":\"https:\/\/www.mpfiltri.com\/pt-pt\/#website\"},\"datePublished\":\"2025-06-17T15:01:57+00:00\",\"dateModified\":\"2026-04-01T14:23:18+00:00\",\"breadcrumb\":{\"@id\":\"https:\/\/www.mpfiltri.com\/pt-pt\/product\/icmk-az-2-0\/#breadcrumb\"},\"inLanguage\":\"pt-PT\",\"potentialAction\":[{\"@type\":\"ReadAction\",\"target\":[\"https:\/\/www.mpfiltri.com\/pt-pt\/product\/icmk-az-2-0\/\"]}]},{\"@type\":\"BreadcrumbList\",\"@id\":\"https:\/\/www.mpfiltri.com\/pt-pt\/product\/icmk-az-2-0\/#breadcrumb\",\"itemListElement\":[{\"@type\":\"ListItem\",\"position\":1,\"name\":\"Home\",\"item\":\"https:\/\/www.mpfiltri.com\/pt-pt\/\"},{\"@type\":\"ListItem\",\"position\":2,\"name\":\"Produtos\",\"item\":\"https:\/\/www.mpfiltri.com\/pt-pt\/shop\/\"},{\"@type\":\"ListItem\",\"position\":3,\"name\":\"ICMK AZ 2.0\"}]},{\"@type\":\"WebSite\",\"@id\":\"https:\/\/www.mpfiltri.com\/pt-pt\/#website\",\"url\":\"https:\/\/www.mpfiltri.com\/pt-pt\/\",\"name\":\"MP Filtri\",\"description\":\"\",\"publisher\":{\"@id\":\"https:\/\/www.mpfiltri.com\/pt-pt\/#organization\"},\"potentialAction\":[{\"@type\":\"SearchAction\",\"target\":{\"@type\":\"EntryPoint\",\"urlTemplate\":\"https:\/\/www.mpfiltri.com\/pt-pt\/?s={search_term_string}\"},\"query-input\":{\"@type\":\"PropertyValueSpecification\",\"valueRequired\":true,\"valueName\":\"search_term_string\"}}],\"inLanguage\":\"pt-PT\"},{\"@type\":\"Organization\",\"@id\":\"https:\/\/www.mpfiltri.com\/pt-pt\/#organization\",\"name\":\"MP Filtri\",\"url\":\"https:\/\/www.mpfiltri.com\/pt-pt\/\",\"logo\":{\"@type\":\"ImageObject\",\"inLanguage\":\"pt-PT\",\"@id\":\"https:\/\/www.mpfiltri.com\/pt-pt\/#\/schema\/logo\/image\/\",\"url\":\"\",\"contentUrl\":\"\",\"caption\":\"MP Filtri\"},\"image\":{\"@id\":\"https:\/\/www.mpfiltri.com\/pt-pt\/#\/schema\/logo\/image\/\"},\"sameAs\":[\"https:\/\/www.facebook.com\/MPFiltriITA\",\"https:\/\/www.instagram.com\/mpfiltri\/\",\"https:\/\/www.youtube.com\/channel\/UCCzNMySYc1c4M-2B4v0K_QA?view_as=subscriber\",\"https:\/\/www.linkedin.com\/company\/mp-filtri-spa\/\"]}]}<\/script>\n<!-- \/ Yoast SEO plugin. -->","yoast_head_json":{"title":"ICMK AZ 2.0 - MP Filtri","robots":{"index":"index","follow":"follow","max-snippet":"max-snippet:-1","max-image-preview":"max-image-preview:large","max-video-preview":"max-video-preview:-1"},"canonical":"https:\/\/www.mpfiltri.com\/pt-pt\/product\/icmk-az-2-0\/","og_locale":"pt_PT","og_type":"article","og_title":"ICMK AZ 2.0 - MP Filtri","og_description":"Nosso monitor de contamina\u00e7\u00e3o ICMK2.0 AZ2 pode medir e salvar automaticamente os n\u00edveis de contamina\u00e7\u00e3o por part\u00edculas, umidade e temperatura em diversos fluidos hidr\u00e1ulicos. Eles s\u00e3o projetados especificamente para serem montados diretamente nos sistemas, onde \u00e9 necess\u00e1ria medi\u00e7\u00e3o ou an\u00e1lise cont\u00ednua, em ambientes de alto risco ou explosivos. \u2022 Calibrado para normas ISO relevantes \u2022 [&hellip;]","og_url":"https:\/\/www.mpfiltri.com\/pt-pt\/product\/icmk-az-2-0\/","og_site_name":"MP Filtri","article_publisher":"https:\/\/www.facebook.com\/MPFiltriITA","article_modified_time":"2026-04-01T14:23:18+00:00","twitter_card":"summary_large_image","twitter_misc":{"Tempo estimado de leitura":"1 minuto"},"schema":{"@context":"https:\/\/schema.org","@graph":[{"@type":"WebPage","@id":"https:\/\/www.mpfiltri.com\/pt-pt\/product\/icmk-az-2-0\/","url":"https:\/\/www.mpfiltri.com\/pt-pt\/product\/icmk-az-2-0\/","name":"ICMK AZ 2.0 - MP Filtri","isPartOf":{"@id":"https:\/\/www.mpfiltri.com\/pt-pt\/#website"},"datePublished":"2025-06-17T15:01:57+00:00","dateModified":"2026-04-01T14:23:18+00:00","breadcrumb":{"@id":"https:\/\/www.mpfiltri.com\/pt-pt\/product\/icmk-az-2-0\/#breadcrumb"},"inLanguage":"pt-PT","potentialAction":[{"@type":"ReadAction","target":["https:\/\/www.mpfiltri.com\/pt-pt\/product\/icmk-az-2-0\/"]}]},{"@type":"BreadcrumbList","@id":"https:\/\/www.mpfiltri.com\/pt-pt\/product\/icmk-az-2-0\/#breadcrumb","itemListElement":[{"@type":"ListItem","position":1,"name":"Home","item":"https:\/\/www.mpfiltri.com\/pt-pt\/"},{"@type":"ListItem","position":2,"name":"Produtos","item":"https:\/\/www.mpfiltri.com\/pt-pt\/shop\/"},{"@type":"ListItem","position":3,"name":"ICMK AZ 2.0"}]},{"@type":"WebSite","@id":"https:\/\/www.mpfiltri.com\/pt-pt\/#website","url":"https:\/\/www.mpfiltri.com\/pt-pt\/","name":"MP Filtri","description":"","publisher":{"@id":"https:\/\/www.mpfiltri.com\/pt-pt\/#organization"},"potentialAction":[{"@type":"SearchAction","target":{"@type":"EntryPoint","urlTemplate":"https:\/\/www.mpfiltri.com\/pt-pt\/?s={search_term_string}"},"query-input":{"@type":"PropertyValueSpecification","valueRequired":true,"valueName":"search_term_string"}}],"inLanguage":"pt-PT"},{"@type":"Organization","@id":"https:\/\/www.mpfiltri.com\/pt-pt\/#organization","name":"MP Filtri","url":"https:\/\/www.mpfiltri.com\/pt-pt\/","logo":{"@type":"ImageObject","inLanguage":"pt-PT","@id":"https:\/\/www.mpfiltri.com\/pt-pt\/#\/schema\/logo\/image\/","url":"","contentUrl":"","caption":"MP Filtri"},"image":{"@id":"https:\/\/www.mpfiltri.com\/pt-pt\/#\/schema\/logo\/image\/"},"sameAs":["https:\/\/www.facebook.com\/MPFiltriITA","https:\/\/www.instagram.com\/mpfiltri\/","https:\/\/www.youtube.com\/channel\/UCCzNMySYc1c4M-2B4v0K_QA?view_as=subscriber","https:\/\/www.linkedin.com\/company\/mp-filtri-spa\/"]}]}},"_links":{"self":[{"href":"https:\/\/www.mpfiltri.com\/pt-pt\/wp-json\/wp\/v2\/product\/78407","targetHints":{"allow":["GET"]}}],"collection":[{"href":"https:\/\/www.mpfiltri.com\/pt-pt\/wp-json\/wp\/v2\/product"}],"about":[{"href":"https:\/\/www.mpfiltri.com\/pt-pt\/wp-json\/wp\/v2\/types\/product"}],"replies":[{"embeddable":true,"href":"https:\/\/www.mpfiltri.com\/pt-pt\/wp-json\/wp\/v2\/comments?post=78407"}],"wp:attachment":[{"href":"https:\/\/www.mpfiltri.com\/pt-pt\/wp-json\/wp\/v2\/media?parent=78407"}],"wp:term":[{"taxonomy":"product-structure","embeddable":true,"href":"https:\/\/www.mpfiltri.com\/pt-pt\/wp-json\/wp\/v2\/product-structure?post=78407"},{"taxonomy":"product_brand","embeddable":true,"href":"https:\/\/www.mpfiltri.com\/pt-pt\/wp-json\/wp\/v2\/product_brand?post=78407"},{"taxonomy":"product_cat","embeddable":true,"href":"https:\/\/www.mpfiltri.com\/pt-pt\/wp-json\/wp\/v2\/product_cat?post=78407"},{"taxonomy":"product_tag","embeddable":true,"href":"https:\/\/www.mpfiltri.com\/pt-pt\/wp-json\/wp\/v2\/product_tag?post=78407"}],"curies":[{"name":"wp","href":"https:\/\/api.w.org\/{rel}","templated":true}]}}