

{"id":78341,"date":"2025-10-23T09:23:51","date_gmt":"2025-10-23T07:23:51","guid":{"rendered":"https:\/\/www.mpfiltri.com\/product\/produto\/"},"modified":"2026-04-01T16:22:44","modified_gmt":"2026-04-01T14:22:44","slug":"indicadores-de-saturacao","status":"publish","type":"product","link":"https:\/\/www.mpfiltri.com\/pt-pt\/product\/indicadores-de-saturacao\/","title":{"rendered":"INDICADORES DE SATURA\u00c7\u00c3O"},"content":{"rendered":"<p>A MP Filtri pode fornecer indicadores dos seguintes modelos:<\/p>\n<p>Vacuostatos e man\u00f4metros<\/p>\n<p>Indicadores de press\u00e3o e man\u00f4metros<\/p>\n<p>Indicadores de press\u00e3o diferencial<\/p>\n<p>Esses tipos de dispositivos podem ser fornecidos com sinais de alarmes visuais, el\u00e9tricos ou ambos.<\/p>\n<p>Os elementos filtrantes s\u00e3o eficientes apenas se sua capacidade de reten\u00e7\u00e3o de sujeira for totalmente explorada.<\/p>\n<p>Isso \u00e9 conseguido usando carca\u00e7as de filtro equipadas com indicadores de satura\u00e7\u00e3o.<\/p>\n<p>Esses dispositivos desarmam quando o entupimento do elemento filtrante provoca um incremento na queda de press\u00e3o do elemento filtrante.<\/p>\n<p>O indicador \u00e9 definido para emiss\u00e3o de alarme antes que o elemento fique totalmente obstru\u00eddo.<\/p>\n","protected":false},"excerpt":{"rendered":"<p>A MP Filtri pode fornecer indicadores dos seguintes modelos: Vacuostatos e man\u00f4metros Indicadores de press\u00e3o e man\u00f4metros Indicadores de press\u00e3o diferencial Esses tipos de dispositivos podem ser fornecidos com sinais de alarmes visuais, el\u00e9tricos ou ambos. Os elementos filtrantes s\u00e3o eficientes apenas se sua capacidade de reten\u00e7\u00e3o de sujeira for totalmente explorada. Isso \u00e9 conseguido [&hellip;]<\/p>\n","protected":false},"featured_media":81797,"comment_status":"open","ping_status":"closed","template":"","meta":{"_acf_changed":false,"_gspb_post_css":"","inline_featured_image":false,"_genesis_hide_title":false,"_genesis_hide_breadcrumbs":false,"_genesis_hide_singular_image":false,"_genesis_hide_footer_widgets":false,"_genesis_custom_body_class":"","_genesis_custom_post_class":"","_genesis_layout":"","_links_to":"","_links_to_target":""},"product-structure":[61],"product_brand":[],"product_cat":[],"product_tag":[],"class_list":{"0":"post-78341","1":"product","2":"type-product","3":"status-publish","4":"has-post-thumbnail","6":"product-structure-family","7":"entry","9":"first","10":"instock","11":"shipping-taxable","12":"product-type-simple"},"acf":[],"yoast_head":"<!-- This site is optimized with the Yoast SEO plugin v27.2 - https:\/\/yoast.com\/product\/yoast-seo-wordpress\/ -->\n<title>INDICADORES DE SATURA\u00c7\u00c3O - MP Filtri<\/title>\n<meta name=\"robots\" content=\"index, follow, max-snippet:-1, max-image-preview:large, max-video-preview:-1\" \/>\n<link rel=\"canonical\" href=\"https:\/\/www.mpfiltri.com\/pt-pt\/product\/indicadores-de-saturacao\/\" \/>\n<meta property=\"og:locale\" content=\"pt_PT\" \/>\n<meta property=\"og:type\" content=\"article\" \/>\n<meta property=\"og:title\" content=\"INDICADORES DE SATURA\u00c7\u00c3O - MP Filtri\" \/>\n<meta property=\"og:description\" content=\"A MP Filtri pode fornecer indicadores dos seguintes modelos: Vacuostatos e man\u00f4metros Indicadores de press\u00e3o e man\u00f4metros Indicadores de press\u00e3o diferencial Esses tipos de dispositivos podem ser fornecidos com sinais de alarmes visuais, el\u00e9tricos ou ambos. Os elementos filtrantes s\u00e3o eficientes apenas se sua capacidade de reten\u00e7\u00e3o de sujeira for totalmente explorada. Isso \u00e9 conseguido [&hellip;]\" \/>\n<meta property=\"og:url\" content=\"https:\/\/www.mpfiltri.com\/pt-pt\/product\/indicadores-de-saturacao\/\" \/>\n<meta property=\"og:site_name\" content=\"MP Filtri\" \/>\n<meta property=\"article:publisher\" content=\"https:\/\/www.facebook.com\/MPFiltriITA\" \/>\n<meta property=\"article:modified_time\" content=\"2026-04-01T14:22:44+00:00\" \/>\n<meta property=\"og:image\" content=\"https:\/\/www.mpfiltri.com\/wp-content\/uploads\/2025\/06\/CLOGGING1.png\" \/>\n\t<meta property=\"og:image:width\" content=\"1000\" \/>\n\t<meta property=\"og:image:height\" content=\"1000\" \/>\n\t<meta property=\"og:image:type\" content=\"image\/png\" \/>\n<meta name=\"twitter:card\" content=\"summary_large_image\" \/>\n<meta name=\"twitter:label1\" content=\"Tempo estimado de leitura\" \/>\n\t<meta name=\"twitter:data1\" content=\"1 minuto\" \/>\n<script type=\"application\/ld+json\" class=\"yoast-schema-graph\">{\"@context\":\"https:\/\/schema.org\",\"@graph\":[{\"@type\":\"WebPage\",\"@id\":\"https:\/\/www.mpfiltri.com\/pt-pt\/product\/indicadores-de-saturacao\/\",\"url\":\"https:\/\/www.mpfiltri.com\/pt-pt\/product\/indicadores-de-saturacao\/\",\"name\":\"INDICADORES DE SATURA\u00c7\u00c3O - MP Filtri\",\"isPartOf\":{\"@id\":\"https:\/\/www.mpfiltri.com\/pt-pt\/#website\"},\"primaryImageOfPage\":{\"@id\":\"https:\/\/www.mpfiltri.com\/pt-pt\/product\/indicadores-de-saturacao\/#primaryimage\"},\"image\":{\"@id\":\"https:\/\/www.mpfiltri.com\/pt-pt\/product\/indicadores-de-saturacao\/#primaryimage\"},\"thumbnailUrl\":\"https:\/\/www.mpfiltri.com\/wp-content\/uploads\/2026\/03\/CLOGGING1-5.png\",\"datePublished\":\"2025-10-23T07:23:51+00:00\",\"dateModified\":\"2026-04-01T14:22:44+00:00\",\"breadcrumb\":{\"@id\":\"https:\/\/www.mpfiltri.com\/pt-pt\/product\/indicadores-de-saturacao\/#breadcrumb\"},\"inLanguage\":\"pt-PT\",\"potentialAction\":[{\"@type\":\"ReadAction\",\"target\":[\"https:\/\/www.mpfiltri.com\/pt-pt\/product\/indicadores-de-saturacao\/\"]}]},{\"@type\":\"ImageObject\",\"inLanguage\":\"pt-PT\",\"@id\":\"https:\/\/www.mpfiltri.com\/pt-pt\/product\/indicadores-de-saturacao\/#primaryimage\",\"url\":\"https:\/\/www.mpfiltri.com\/wp-content\/uploads\/2026\/03\/CLOGGING1-5.png\",\"contentUrl\":\"https:\/\/www.mpfiltri.com\/wp-content\/uploads\/2026\/03\/CLOGGING1-5.png\",\"width\":1000,\"height\":1000},{\"@type\":\"BreadcrumbList\",\"@id\":\"https:\/\/www.mpfiltri.com\/pt-pt\/product\/indicadores-de-saturacao\/#breadcrumb\",\"itemListElement\":[{\"@type\":\"ListItem\",\"position\":1,\"name\":\"Home\",\"item\":\"https:\/\/www.mpfiltri.com\/pt-pt\/\"},{\"@type\":\"ListItem\",\"position\":2,\"name\":\"Produtos\",\"item\":\"https:\/\/www.mpfiltri.com\/pt-pt\/shop\/\"},{\"@type\":\"ListItem\",\"position\":3,\"name\":\"INDICADORES DE SATURA\u00c7\u00c3O\"}]},{\"@type\":\"WebSite\",\"@id\":\"https:\/\/www.mpfiltri.com\/pt-pt\/#website\",\"url\":\"https:\/\/www.mpfiltri.com\/pt-pt\/\",\"name\":\"MP Filtri\",\"description\":\"\",\"publisher\":{\"@id\":\"https:\/\/www.mpfiltri.com\/pt-pt\/#organization\"},\"potentialAction\":[{\"@type\":\"SearchAction\",\"target\":{\"@type\":\"EntryPoint\",\"urlTemplate\":\"https:\/\/www.mpfiltri.com\/pt-pt\/?s={search_term_string}\"},\"query-input\":{\"@type\":\"PropertyValueSpecification\",\"valueRequired\":true,\"valueName\":\"search_term_string\"}}],\"inLanguage\":\"pt-PT\"},{\"@type\":\"Organization\",\"@id\":\"https:\/\/www.mpfiltri.com\/pt-pt\/#organization\",\"name\":\"MP Filtri\",\"url\":\"https:\/\/www.mpfiltri.com\/pt-pt\/\",\"logo\":{\"@type\":\"ImageObject\",\"inLanguage\":\"pt-PT\",\"@id\":\"https:\/\/www.mpfiltri.com\/pt-pt\/#\/schema\/logo\/image\/\",\"url\":\"\",\"contentUrl\":\"\",\"caption\":\"MP Filtri\"},\"image\":{\"@id\":\"https:\/\/www.mpfiltri.com\/pt-pt\/#\/schema\/logo\/image\/\"},\"sameAs\":[\"https:\/\/www.facebook.com\/MPFiltriITA\",\"https:\/\/www.instagram.com\/mpfiltri\/\",\"https:\/\/www.youtube.com\/channel\/UCCzNMySYc1c4M-2B4v0K_QA?view_as=subscriber\",\"https:\/\/www.linkedin.com\/company\/mp-filtri-spa\/\"]}]}<\/script>\n<!-- \/ Yoast SEO plugin. -->","yoast_head_json":{"title":"INDICADORES DE SATURA\u00c7\u00c3O - MP Filtri","robots":{"index":"index","follow":"follow","max-snippet":"max-snippet:-1","max-image-preview":"max-image-preview:large","max-video-preview":"max-video-preview:-1"},"canonical":"https:\/\/www.mpfiltri.com\/pt-pt\/product\/indicadores-de-saturacao\/","og_locale":"pt_PT","og_type":"article","og_title":"INDICADORES DE SATURA\u00c7\u00c3O - MP Filtri","og_description":"A MP Filtri pode fornecer indicadores dos seguintes modelos: Vacuostatos e man\u00f4metros Indicadores de press\u00e3o e man\u00f4metros Indicadores de press\u00e3o diferencial Esses tipos de dispositivos podem ser fornecidos com sinais de alarmes visuais, el\u00e9tricos ou ambos. Os elementos filtrantes s\u00e3o eficientes apenas se sua capacidade de reten\u00e7\u00e3o de sujeira for totalmente explorada. Isso \u00e9 conseguido [&hellip;]","og_url":"https:\/\/www.mpfiltri.com\/pt-pt\/product\/indicadores-de-saturacao\/","og_site_name":"MP Filtri","article_publisher":"https:\/\/www.facebook.com\/MPFiltriITA","article_modified_time":"2026-04-01T14:22:44+00:00","og_image":[{"width":1000,"height":1000,"url":"https:\/\/www.mpfiltri.com\/wp-content\/uploads\/2025\/06\/CLOGGING1.png","type":"image\/png"}],"twitter_card":"summary_large_image","twitter_misc":{"Tempo estimado de leitura":"1 minuto"},"schema":{"@context":"https:\/\/schema.org","@graph":[{"@type":"WebPage","@id":"https:\/\/www.mpfiltri.com\/pt-pt\/product\/indicadores-de-saturacao\/","url":"https:\/\/www.mpfiltri.com\/pt-pt\/product\/indicadores-de-saturacao\/","name":"INDICADORES DE SATURA\u00c7\u00c3O - MP Filtri","isPartOf":{"@id":"https:\/\/www.mpfiltri.com\/pt-pt\/#website"},"primaryImageOfPage":{"@id":"https:\/\/www.mpfiltri.com\/pt-pt\/product\/indicadores-de-saturacao\/#primaryimage"},"image":{"@id":"https:\/\/www.mpfiltri.com\/pt-pt\/product\/indicadores-de-saturacao\/#primaryimage"},"thumbnailUrl":"https:\/\/www.mpfiltri.com\/wp-content\/uploads\/2026\/03\/CLOGGING1-5.png","datePublished":"2025-10-23T07:23:51+00:00","dateModified":"2026-04-01T14:22:44+00:00","breadcrumb":{"@id":"https:\/\/www.mpfiltri.com\/pt-pt\/product\/indicadores-de-saturacao\/#breadcrumb"},"inLanguage":"pt-PT","potentialAction":[{"@type":"ReadAction","target":["https:\/\/www.mpfiltri.com\/pt-pt\/product\/indicadores-de-saturacao\/"]}]},{"@type":"ImageObject","inLanguage":"pt-PT","@id":"https:\/\/www.mpfiltri.com\/pt-pt\/product\/indicadores-de-saturacao\/#primaryimage","url":"https:\/\/www.mpfiltri.com\/wp-content\/uploads\/2026\/03\/CLOGGING1-5.png","contentUrl":"https:\/\/www.mpfiltri.com\/wp-content\/uploads\/2026\/03\/CLOGGING1-5.png","width":1000,"height":1000},{"@type":"BreadcrumbList","@id":"https:\/\/www.mpfiltri.com\/pt-pt\/product\/indicadores-de-saturacao\/#breadcrumb","itemListElement":[{"@type":"ListItem","position":1,"name":"Home","item":"https:\/\/www.mpfiltri.com\/pt-pt\/"},{"@type":"ListItem","position":2,"name":"Produtos","item":"https:\/\/www.mpfiltri.com\/pt-pt\/shop\/"},{"@type":"ListItem","position":3,"name":"INDICADORES DE SATURA\u00c7\u00c3O"}]},{"@type":"WebSite","@id":"https:\/\/www.mpfiltri.com\/pt-pt\/#website","url":"https:\/\/www.mpfiltri.com\/pt-pt\/","name":"MP Filtri","description":"","publisher":{"@id":"https:\/\/www.mpfiltri.com\/pt-pt\/#organization"},"potentialAction":[{"@type":"SearchAction","target":{"@type":"EntryPoint","urlTemplate":"https:\/\/www.mpfiltri.com\/pt-pt\/?s={search_term_string}"},"query-input":{"@type":"PropertyValueSpecification","valueRequired":true,"valueName":"search_term_string"}}],"inLanguage":"pt-PT"},{"@type":"Organization","@id":"https:\/\/www.mpfiltri.com\/pt-pt\/#organization","name":"MP Filtri","url":"https:\/\/www.mpfiltri.com\/pt-pt\/","logo":{"@type":"ImageObject","inLanguage":"pt-PT","@id":"https:\/\/www.mpfiltri.com\/pt-pt\/#\/schema\/logo\/image\/","url":"","contentUrl":"","caption":"MP Filtri"},"image":{"@id":"https:\/\/www.mpfiltri.com\/pt-pt\/#\/schema\/logo\/image\/"},"sameAs":["https:\/\/www.facebook.com\/MPFiltriITA","https:\/\/www.instagram.com\/mpfiltri\/","https:\/\/www.youtube.com\/channel\/UCCzNMySYc1c4M-2B4v0K_QA?view_as=subscriber","https:\/\/www.linkedin.com\/company\/mp-filtri-spa\/"]}]}},"_links":{"self":[{"href":"https:\/\/www.mpfiltri.com\/pt-pt\/wp-json\/wp\/v2\/product\/78341","targetHints":{"allow":["GET"]}}],"collection":[{"href":"https:\/\/www.mpfiltri.com\/pt-pt\/wp-json\/wp\/v2\/product"}],"about":[{"href":"https:\/\/www.mpfiltri.com\/pt-pt\/wp-json\/wp\/v2\/types\/product"}],"replies":[{"embeddable":true,"href":"https:\/\/www.mpfiltri.com\/pt-pt\/wp-json\/wp\/v2\/comments?post=78341"}],"wp:featuredmedia":[{"embeddable":true,"href":"https:\/\/www.mpfiltri.com\/pt-pt\/wp-json\/wp\/v2\/media\/81797"}],"wp:attachment":[{"href":"https:\/\/www.mpfiltri.com\/pt-pt\/wp-json\/wp\/v2\/media?parent=78341"}],"wp:term":[{"taxonomy":"product-structure","embeddable":true,"href":"https:\/\/www.mpfiltri.com\/pt-pt\/wp-json\/wp\/v2\/product-structure?post=78341"},{"taxonomy":"product_brand","embeddable":true,"href":"https:\/\/www.mpfiltri.com\/pt-pt\/wp-json\/wp\/v2\/product_brand?post=78341"},{"taxonomy":"product_cat","embeddable":true,"href":"https:\/\/www.mpfiltri.com\/pt-pt\/wp-json\/wp\/v2\/product_cat?post=78341"},{"taxonomy":"product_tag","embeddable":true,"href":"https:\/\/www.mpfiltri.com\/pt-pt\/wp-json\/wp\/v2\/product_tag?post=78341"}],"curies":[{"name":"wp","href":"https:\/\/api.w.org\/{rel}","templated":true}]}}