

{"id":78257,"date":"2025-06-16T16:41:15","date_gmt":"2025-06-16T14:41:15","guid":{"rendered":"https:\/\/www.mpfiltri.com\/product\/produto\/"},"modified":"2026-04-01T16:23:56","modified_gmt":"2026-04-01T14:23:56","slug":"lmc-ldc","status":"publish","type":"product","link":"https:\/\/www.mpfiltri.com\/pt-pt\/product\/lmc-ldc\/","title":{"rendered":"LMC-LDC"},"content":{"rendered":"<p>Os flanges de liga\u00e7\u00e3o da s\u00e9rie LMC\/LDC s\u00e3o utilizados como conex\u00e3o entre motores el\u00e9tricos IEC de tamanhos 80 a 355 e bombas com flange ISO3019 ou SAE. Fabricados em alum\u00ednio fundido, elas podem ser utilizados \u200b\u200bpara montagens externa ou para aplica\u00e7\u00f5es imersos em \u00f3leo.<\/p>\n<p>\u2022 Fura\u00e7\u00f5es para fixa\u00e7\u00f5es de duas bombas a pedido<\/p>\n<p>\u2022 Orif\u00edcio de inspe\u00e7\u00e3o e drenagem de \u00f3leo para verificar a condi\u00e7\u00e3o do inserto el\u00e1stico e qualquer poss\u00edvel vazamento<\/p>\n<p>\u2022 Fura\u00e7\u00e3o para fixa\u00e7\u00e3o da Bomba personalizada<\/p>\n<p>\u2022 Tratamentos de superf\u00edcie adicionais a pedido<\/p>\n<p>\u2022 Intercambi\u00e1vel com OMT &#8211; KTR &#8211; R + L HYDRAULICS<\/p>\n","protected":false},"excerpt":{"rendered":"<p>Os flanges de liga\u00e7\u00e3o da s\u00e9rie LMC\/LDC s\u00e3o utilizados como conex\u00e3o entre motores el\u00e9tricos IEC de tamanhos 80 a 355 e bombas com flange ISO3019 ou SAE. Fabricados em alum\u00ednio fundido, elas podem ser utilizados \u200b\u200bpara montagens externa ou para aplica\u00e7\u00f5es imersos em \u00f3leo. \u2022 Fura\u00e7\u00f5es para fixa\u00e7\u00f5es de duas bombas a pedido \u2022 Orif\u00edcio [&hellip;]<\/p>\n","protected":false},"featured_media":0,"comment_status":"open","ping_status":"closed","template":"","meta":{"_acf_changed":false,"_gspb_post_css":"","inline_featured_image":false,"_genesis_hide_title":false,"_genesis_hide_breadcrumbs":false,"_genesis_hide_singular_image":false,"_genesis_hide_footer_widgets":false,"_genesis_custom_body_class":"","_genesis_custom_post_class":"","_genesis_layout":"","_links_to":"","_links_to_target":""},"product-structure":[62],"product_brand":[],"product_cat":[13163,13191,13232,13198,13212,13280,13292,13266,13273,13232,13280,13232,13292],"product_tag":[],"class_list":{"0":"post-78257","1":"product","2":"type-product","3":"status-publish","5":"product-structure-series","6":"product_cat-agronegocio-e-silvicultura","7":"product_cat-aplicacoes","8":"product_cat-equipamento-industrial","9":"product_cat-equipamento-movel","10":"product_cat-mineracao","11":"product_cat-prensas-para-ceramica-e-marmore-plastico-borracha-metais","12":"product_cat-sistemas-hidraulicos","13":"product_cat-textil","14":"product_cat-tratamento-de-residuos","19":"entry","21":"first","22":"instock","23":"shipping-taxable","24":"product-type-simple"},"acf":[],"yoast_head":"<!-- This site is optimized with the Yoast SEO plugin v27.2 - https:\/\/yoast.com\/product\/yoast-seo-wordpress\/ -->\n<title>LMC-LDC - MP Filtri<\/title>\n<meta name=\"robots\" content=\"index, follow, max-snippet:-1, max-image-preview:large, max-video-preview:-1\" \/>\n<link rel=\"canonical\" href=\"https:\/\/www.mpfiltri.com\/pt-pt\/product\/lmc-ldc\/\" \/>\n<meta property=\"og:locale\" content=\"pt_PT\" \/>\n<meta property=\"og:type\" content=\"article\" \/>\n<meta property=\"og:title\" content=\"LMC-LDC - MP Filtri\" \/>\n<meta property=\"og:description\" content=\"Os flanges de liga\u00e7\u00e3o da s\u00e9rie LMC\/LDC s\u00e3o utilizados como conex\u00e3o entre motores el\u00e9tricos IEC de tamanhos 80 a 355 e bombas com flange ISO3019 ou SAE. Fabricados em alum\u00ednio fundido, elas podem ser utilizados \u200b\u200bpara montagens externa ou para aplica\u00e7\u00f5es imersos em \u00f3leo. \u2022 Fura\u00e7\u00f5es para fixa\u00e7\u00f5es de duas bombas a pedido \u2022 Orif\u00edcio [&hellip;]\" \/>\n<meta property=\"og:url\" content=\"https:\/\/www.mpfiltri.com\/pt-pt\/product\/lmc-ldc\/\" \/>\n<meta property=\"og:site_name\" content=\"MP Filtri\" \/>\n<meta property=\"article:publisher\" content=\"https:\/\/www.facebook.com\/MPFiltriITA\" \/>\n<meta property=\"article:modified_time\" content=\"2026-04-01T14:23:56+00:00\" \/>\n<meta name=\"twitter:card\" content=\"summary_large_image\" \/>\n<meta name=\"twitter:label1\" content=\"Tempo estimado de leitura\" \/>\n\t<meta name=\"twitter:data1\" content=\"1 minuto\" \/>\n<script type=\"application\/ld+json\" class=\"yoast-schema-graph\">{\"@context\":\"https:\/\/schema.org\",\"@graph\":[{\"@type\":\"WebPage\",\"@id\":\"https:\/\/www.mpfiltri.com\/pt-pt\/product\/lmc-ldc\/\",\"url\":\"https:\/\/www.mpfiltri.com\/pt-pt\/product\/lmc-ldc\/\",\"name\":\"LMC-LDC - MP Filtri\",\"isPartOf\":{\"@id\":\"https:\/\/www.mpfiltri.com\/pt-pt\/#website\"},\"datePublished\":\"2025-06-16T14:41:15+00:00\",\"dateModified\":\"2026-04-01T14:23:56+00:00\",\"breadcrumb\":{\"@id\":\"https:\/\/www.mpfiltri.com\/pt-pt\/product\/lmc-ldc\/#breadcrumb\"},\"inLanguage\":\"pt-PT\",\"potentialAction\":[{\"@type\":\"ReadAction\",\"target\":[\"https:\/\/www.mpfiltri.com\/pt-pt\/product\/lmc-ldc\/\"]}]},{\"@type\":\"BreadcrumbList\",\"@id\":\"https:\/\/www.mpfiltri.com\/pt-pt\/product\/lmc-ldc\/#breadcrumb\",\"itemListElement\":[{\"@type\":\"ListItem\",\"position\":1,\"name\":\"Home\",\"item\":\"https:\/\/www.mpfiltri.com\/pt-pt\/\"},{\"@type\":\"ListItem\",\"position\":2,\"name\":\"Produtos\",\"item\":\"https:\/\/www.mpfiltri.com\/pt-pt\/shop\/\"},{\"@type\":\"ListItem\",\"position\":3,\"name\":\"LMC-LDC\"}]},{\"@type\":\"WebSite\",\"@id\":\"https:\/\/www.mpfiltri.com\/pt-pt\/#website\",\"url\":\"https:\/\/www.mpfiltri.com\/pt-pt\/\",\"name\":\"MP Filtri\",\"description\":\"\",\"publisher\":{\"@id\":\"https:\/\/www.mpfiltri.com\/pt-pt\/#organization\"},\"potentialAction\":[{\"@type\":\"SearchAction\",\"target\":{\"@type\":\"EntryPoint\",\"urlTemplate\":\"https:\/\/www.mpfiltri.com\/pt-pt\/?s={search_term_string}\"},\"query-input\":{\"@type\":\"PropertyValueSpecification\",\"valueRequired\":true,\"valueName\":\"search_term_string\"}}],\"inLanguage\":\"pt-PT\"},{\"@type\":\"Organization\",\"@id\":\"https:\/\/www.mpfiltri.com\/pt-pt\/#organization\",\"name\":\"MP Filtri\",\"url\":\"https:\/\/www.mpfiltri.com\/pt-pt\/\",\"logo\":{\"@type\":\"ImageObject\",\"inLanguage\":\"pt-PT\",\"@id\":\"https:\/\/www.mpfiltri.com\/pt-pt\/#\/schema\/logo\/image\/\",\"url\":\"\",\"contentUrl\":\"\",\"caption\":\"MP Filtri\"},\"image\":{\"@id\":\"https:\/\/www.mpfiltri.com\/pt-pt\/#\/schema\/logo\/image\/\"},\"sameAs\":[\"https:\/\/www.facebook.com\/MPFiltriITA\",\"https:\/\/www.instagram.com\/mpfiltri\/\",\"https:\/\/www.youtube.com\/channel\/UCCzNMySYc1c4M-2B4v0K_QA?view_as=subscriber\",\"https:\/\/www.linkedin.com\/company\/mp-filtri-spa\/\"]}]}<\/script>\n<!-- \/ Yoast SEO plugin. -->","yoast_head_json":{"title":"LMC-LDC - MP Filtri","robots":{"index":"index","follow":"follow","max-snippet":"max-snippet:-1","max-image-preview":"max-image-preview:large","max-video-preview":"max-video-preview:-1"},"canonical":"https:\/\/www.mpfiltri.com\/pt-pt\/product\/lmc-ldc\/","og_locale":"pt_PT","og_type":"article","og_title":"LMC-LDC - MP Filtri","og_description":"Os flanges de liga\u00e7\u00e3o da s\u00e9rie LMC\/LDC s\u00e3o utilizados como conex\u00e3o entre motores el\u00e9tricos IEC de tamanhos 80 a 355 e bombas com flange ISO3019 ou SAE. Fabricados em alum\u00ednio fundido, elas podem ser utilizados \u200b\u200bpara montagens externa ou para aplica\u00e7\u00f5es imersos em \u00f3leo. \u2022 Fura\u00e7\u00f5es para fixa\u00e7\u00f5es de duas bombas a pedido \u2022 Orif\u00edcio [&hellip;]","og_url":"https:\/\/www.mpfiltri.com\/pt-pt\/product\/lmc-ldc\/","og_site_name":"MP Filtri","article_publisher":"https:\/\/www.facebook.com\/MPFiltriITA","article_modified_time":"2026-04-01T14:23:56+00:00","twitter_card":"summary_large_image","twitter_misc":{"Tempo estimado de leitura":"1 minuto"},"schema":{"@context":"https:\/\/schema.org","@graph":[{"@type":"WebPage","@id":"https:\/\/www.mpfiltri.com\/pt-pt\/product\/lmc-ldc\/","url":"https:\/\/www.mpfiltri.com\/pt-pt\/product\/lmc-ldc\/","name":"LMC-LDC - MP Filtri","isPartOf":{"@id":"https:\/\/www.mpfiltri.com\/pt-pt\/#website"},"datePublished":"2025-06-16T14:41:15+00:00","dateModified":"2026-04-01T14:23:56+00:00","breadcrumb":{"@id":"https:\/\/www.mpfiltri.com\/pt-pt\/product\/lmc-ldc\/#breadcrumb"},"inLanguage":"pt-PT","potentialAction":[{"@type":"ReadAction","target":["https:\/\/www.mpfiltri.com\/pt-pt\/product\/lmc-ldc\/"]}]},{"@type":"BreadcrumbList","@id":"https:\/\/www.mpfiltri.com\/pt-pt\/product\/lmc-ldc\/#breadcrumb","itemListElement":[{"@type":"ListItem","position":1,"name":"Home","item":"https:\/\/www.mpfiltri.com\/pt-pt\/"},{"@type":"ListItem","position":2,"name":"Produtos","item":"https:\/\/www.mpfiltri.com\/pt-pt\/shop\/"},{"@type":"ListItem","position":3,"name":"LMC-LDC"}]},{"@type":"WebSite","@id":"https:\/\/www.mpfiltri.com\/pt-pt\/#website","url":"https:\/\/www.mpfiltri.com\/pt-pt\/","name":"MP Filtri","description":"","publisher":{"@id":"https:\/\/www.mpfiltri.com\/pt-pt\/#organization"},"potentialAction":[{"@type":"SearchAction","target":{"@type":"EntryPoint","urlTemplate":"https:\/\/www.mpfiltri.com\/pt-pt\/?s={search_term_string}"},"query-input":{"@type":"PropertyValueSpecification","valueRequired":true,"valueName":"search_term_string"}}],"inLanguage":"pt-PT"},{"@type":"Organization","@id":"https:\/\/www.mpfiltri.com\/pt-pt\/#organization","name":"MP Filtri","url":"https:\/\/www.mpfiltri.com\/pt-pt\/","logo":{"@type":"ImageObject","inLanguage":"pt-PT","@id":"https:\/\/www.mpfiltri.com\/pt-pt\/#\/schema\/logo\/image\/","url":"","contentUrl":"","caption":"MP Filtri"},"image":{"@id":"https:\/\/www.mpfiltri.com\/pt-pt\/#\/schema\/logo\/image\/"},"sameAs":["https:\/\/www.facebook.com\/MPFiltriITA","https:\/\/www.instagram.com\/mpfiltri\/","https:\/\/www.youtube.com\/channel\/UCCzNMySYc1c4M-2B4v0K_QA?view_as=subscriber","https:\/\/www.linkedin.com\/company\/mp-filtri-spa\/"]}]}},"_links":{"self":[{"href":"https:\/\/www.mpfiltri.com\/pt-pt\/wp-json\/wp\/v2\/product\/78257","targetHints":{"allow":["GET"]}}],"collection":[{"href":"https:\/\/www.mpfiltri.com\/pt-pt\/wp-json\/wp\/v2\/product"}],"about":[{"href":"https:\/\/www.mpfiltri.com\/pt-pt\/wp-json\/wp\/v2\/types\/product"}],"replies":[{"embeddable":true,"href":"https:\/\/www.mpfiltri.com\/pt-pt\/wp-json\/wp\/v2\/comments?post=78257"}],"wp:attachment":[{"href":"https:\/\/www.mpfiltri.com\/pt-pt\/wp-json\/wp\/v2\/media?parent=78257"}],"wp:term":[{"taxonomy":"product-structure","embeddable":true,"href":"https:\/\/www.mpfiltri.com\/pt-pt\/wp-json\/wp\/v2\/product-structure?post=78257"},{"taxonomy":"product_brand","embeddable":true,"href":"https:\/\/www.mpfiltri.com\/pt-pt\/wp-json\/wp\/v2\/product_brand?post=78257"},{"taxonomy":"product_cat","embeddable":true,"href":"https:\/\/www.mpfiltri.com\/pt-pt\/wp-json\/wp\/v2\/product_cat?post=78257"},{"taxonomy":"product_tag","embeddable":true,"href":"https:\/\/www.mpfiltri.com\/pt-pt\/wp-json\/wp\/v2\/product_tag?post=78257"}],"curies":[{"name":"wp","href":"https:\/\/api.w.org\/{rel}","templated":true}]}}