

{"id":78233,"date":"2025-06-16T16:41:49","date_gmt":"2025-06-16T14:41:49","guid":{"rendered":"https:\/\/www.mpfiltri.com\/product\/produto\/"},"modified":"2026-04-03T14:53:44","modified_gmt":"2026-04-03T12:53:44","slug":"mdhc","status":"publish","type":"product","link":"https:\/\/www.mpfiltri.com\/pt-pt\/product\/mdhc\/","title":{"rendered":"MDHC"},"content":{"rendered":"<p>O filtro de retorno de desaera\u00e7\u00e3o permite a redu\u00e7\u00e3o do fluxo de ar no tanque. Press\u00e3o de trabalho de at\u00e9 10 bar (145 psi), vaz\u00f5es de at\u00e9 500 l\/min (132 gpm), conex\u00f5es rosqueadas de 1&#8243;, 1 1\/4&#8243; e 1 1\/2&#8243; GAS\/NPT\/SAE&#8221; e conex\u00f5es flangeadas de 1 1\/4&#8243; e 1 1\/2&#8243; SAE 3000.<\/p>\n<p>O filtro de desaera\u00e7\u00e3o &#8220;sem bolhas&#8221; MDH 250 permite a redu\u00e7\u00e3o do fluxo de ar no tanque por meio do filtro. Gra\u00e7as \u00e0s suas m\u00faltiplas conex\u00f5es e ao seu indicador diferencial, ele \u00e9 adapt\u00e1vel a todos os sistemas.<\/p>\n<p>O filtro apresenta componentes essenciais, incluindo:<\/p>\n<p>Membrana antidrenagem<\/p>\n<p>V\u00e1lvula de desvio<\/p>\n<p>Elemento filtrante com design inovador do caminho do fluxo<\/p>\n<p>Difusor integrado ao filtro<\/p>\n<p>Ver <a href=\"https:\/\/www.mpfiltri.com\/pt-pt\/recursos\/centro-de-conhecimento\/conhecimento-de-filtragem-hidraulica\/graficos-de-compatibilidade-de-fluidos\/\" title=\"https:\/\/www.mpfiltri.com\/pt-pt\/resources\/knowledge-center\/hydraulic-filtration-knowledge\/fluid-compatibility-table\/\" target=\"_blank\">tabela<\/a> apropriada para a compatibilidade de fluidos.<\/p>\n","protected":false},"excerpt":{"rendered":"<p>O filtro de retorno de desaera\u00e7\u00e3o permite a redu\u00e7\u00e3o do fluxo de ar no tanque. Press\u00e3o de trabalho de at\u00e9 10 bar (145 psi), vaz\u00f5es de at\u00e9 500 l\/min (132 gpm), conex\u00f5es rosqueadas de 1&#8243;, 1 1\/4&#8243; e 1 1\/2&#8243; GAS\/NPT\/SAE&#8221; e conex\u00f5es flangeadas de 1 1\/4&#8243; e 1 1\/2&#8243; SAE 3000. O filtro de [&hellip;]<\/p>\n","protected":false},"featured_media":0,"comment_status":"open","ping_status":"closed","template":"","meta":{"_acf_changed":false,"_gspb_post_css":"","inline_featured_image":false,"_genesis_hide_title":false,"_genesis_hide_breadcrumbs":false,"_genesis_hide_singular_image":false,"_genesis_hide_footer_widgets":false,"_genesis_custom_body_class":"","_genesis_custom_post_class":"","_genesis_layout":"","_links_to":"","_links_to_target":""},"product-structure":[62],"product_brand":[],"product_cat":[13163,13128,13259,13232,13198,13252,13205,13212,13280,13292,13266,13273,13245,13226],"product_tag":[],"class_list":{"0":"post-78233","1":"product","2":"type-product","3":"status-publish","5":"product-structure-series","6":"product_cat-agronegocio-e-silvicultura","7":"product_cat-construcao","8":"product_cat-embalagem","9":"product_cat-equipamento-industrial","10":"product_cat-equipamento-movel","11":"product_cat-geracao-de-energia","12":"product_cat-manuseio-de-materiais","13":"product_cat-mineracao","14":"product_cat-prensas-para-ceramica-e-marmore-plastico-borracha-metais","15":"product_cat-sistemas-hidraulicos","16":"product_cat-textil","17":"product_cat-tratamento-de-residuos","18":"product_cat-usina-siderurgica-e-processamento-de-metais","19":"product_cat-veiculos-comerciais-e-de-utilidade","20":"entry","22":"first","23":"instock","24":"shipping-taxable","25":"product-type-simple"},"acf":[],"yoast_head":"<!-- This site is optimized with the Yoast SEO plugin v27.2 - https:\/\/yoast.com\/product\/yoast-seo-wordpress\/ -->\n<title>MDHC - MP Filtri<\/title>\n<meta name=\"robots\" content=\"index, follow, max-snippet:-1, max-image-preview:large, max-video-preview:-1\" \/>\n<link rel=\"canonical\" href=\"https:\/\/www.mpfiltri.com\/pt-pt\/product\/mdhc\/\" \/>\n<meta property=\"og:locale\" content=\"pt_PT\" \/>\n<meta property=\"og:type\" content=\"article\" \/>\n<meta property=\"og:title\" content=\"MDHC - MP Filtri\" \/>\n<meta property=\"og:description\" content=\"O filtro de retorno de desaera\u00e7\u00e3o permite a redu\u00e7\u00e3o do fluxo de ar no tanque. Press\u00e3o de trabalho de at\u00e9 10 bar (145 psi), vaz\u00f5es de at\u00e9 500 l\/min (132 gpm), conex\u00f5es rosqueadas de 1&#8243;, 1 1\/4&#8243; e 1 1\/2&#8243; GAS\/NPT\/SAE&#8221; e conex\u00f5es flangeadas de 1 1\/4&#8243; e 1 1\/2&#8243; SAE 3000. O filtro de [&hellip;]\" \/>\n<meta property=\"og:url\" content=\"https:\/\/www.mpfiltri.com\/pt-pt\/product\/mdhc\/\" \/>\n<meta property=\"og:site_name\" content=\"MP Filtri\" \/>\n<meta property=\"article:publisher\" content=\"https:\/\/www.facebook.com\/MPFiltriITA\" \/>\n<meta property=\"article:modified_time\" content=\"2026-04-03T12:53:44+00:00\" \/>\n<meta name=\"twitter:card\" content=\"summary_large_image\" \/>\n<meta name=\"twitter:label1\" content=\"Tempo estimado de leitura\" \/>\n\t<meta name=\"twitter:data1\" content=\"1 minuto\" \/>\n<script type=\"application\/ld+json\" class=\"yoast-schema-graph\">{\"@context\":\"https:\/\/schema.org\",\"@graph\":[{\"@type\":\"WebPage\",\"@id\":\"https:\/\/www.mpfiltri.com\/pt-pt\/product\/mdhc\/\",\"url\":\"https:\/\/www.mpfiltri.com\/pt-pt\/product\/mdhc\/\",\"name\":\"MDHC - MP Filtri\",\"isPartOf\":{\"@id\":\"https:\/\/www.mpfiltri.com\/pt-pt\/#website\"},\"datePublished\":\"2025-06-16T14:41:49+00:00\",\"dateModified\":\"2026-04-03T12:53:44+00:00\",\"breadcrumb\":{\"@id\":\"https:\/\/www.mpfiltri.com\/pt-pt\/product\/mdhc\/#breadcrumb\"},\"inLanguage\":\"pt-PT\",\"potentialAction\":[{\"@type\":\"ReadAction\",\"target\":[\"https:\/\/www.mpfiltri.com\/pt-pt\/product\/mdhc\/\"]}]},{\"@type\":\"BreadcrumbList\",\"@id\":\"https:\/\/www.mpfiltri.com\/pt-pt\/product\/mdhc\/#breadcrumb\",\"itemListElement\":[{\"@type\":\"ListItem\",\"position\":1,\"name\":\"Home\",\"item\":\"https:\/\/www.mpfiltri.com\/pt-pt\/\"},{\"@type\":\"ListItem\",\"position\":2,\"name\":\"Produtos\",\"item\":\"https:\/\/www.mpfiltri.com\/pt-pt\/shop\/\"},{\"@type\":\"ListItem\",\"position\":3,\"name\":\"MDHC\"}]},{\"@type\":\"WebSite\",\"@id\":\"https:\/\/www.mpfiltri.com\/pt-pt\/#website\",\"url\":\"https:\/\/www.mpfiltri.com\/pt-pt\/\",\"name\":\"MP Filtri\",\"description\":\"\",\"publisher\":{\"@id\":\"https:\/\/www.mpfiltri.com\/pt-pt\/#organization\"},\"potentialAction\":[{\"@type\":\"SearchAction\",\"target\":{\"@type\":\"EntryPoint\",\"urlTemplate\":\"https:\/\/www.mpfiltri.com\/pt-pt\/?s={search_term_string}\"},\"query-input\":{\"@type\":\"PropertyValueSpecification\",\"valueRequired\":true,\"valueName\":\"search_term_string\"}}],\"inLanguage\":\"pt-PT\"},{\"@type\":\"Organization\",\"@id\":\"https:\/\/www.mpfiltri.com\/pt-pt\/#organization\",\"name\":\"MP Filtri\",\"url\":\"https:\/\/www.mpfiltri.com\/pt-pt\/\",\"logo\":{\"@type\":\"ImageObject\",\"inLanguage\":\"pt-PT\",\"@id\":\"https:\/\/www.mpfiltri.com\/pt-pt\/#\/schema\/logo\/image\/\",\"url\":\"\",\"contentUrl\":\"\",\"caption\":\"MP Filtri\"},\"image\":{\"@id\":\"https:\/\/www.mpfiltri.com\/pt-pt\/#\/schema\/logo\/image\/\"},\"sameAs\":[\"https:\/\/www.facebook.com\/MPFiltriITA\",\"https:\/\/www.instagram.com\/mpfiltri\/\",\"https:\/\/www.youtube.com\/channel\/UCCzNMySYc1c4M-2B4v0K_QA?view_as=subscriber\",\"https:\/\/www.linkedin.com\/company\/mp-filtri-spa\/\"]}]}<\/script>\n<!-- \/ Yoast SEO plugin. -->","yoast_head_json":{"title":"MDHC - MP Filtri","robots":{"index":"index","follow":"follow","max-snippet":"max-snippet:-1","max-image-preview":"max-image-preview:large","max-video-preview":"max-video-preview:-1"},"canonical":"https:\/\/www.mpfiltri.com\/pt-pt\/product\/mdhc\/","og_locale":"pt_PT","og_type":"article","og_title":"MDHC - MP Filtri","og_description":"O filtro de retorno de desaera\u00e7\u00e3o permite a redu\u00e7\u00e3o do fluxo de ar no tanque. Press\u00e3o de trabalho de at\u00e9 10 bar (145 psi), vaz\u00f5es de at\u00e9 500 l\/min (132 gpm), conex\u00f5es rosqueadas de 1&#8243;, 1 1\/4&#8243; e 1 1\/2&#8243; GAS\/NPT\/SAE&#8221; e conex\u00f5es flangeadas de 1 1\/4&#8243; e 1 1\/2&#8243; SAE 3000. O filtro de [&hellip;]","og_url":"https:\/\/www.mpfiltri.com\/pt-pt\/product\/mdhc\/","og_site_name":"MP Filtri","article_publisher":"https:\/\/www.facebook.com\/MPFiltriITA","article_modified_time":"2026-04-03T12:53:44+00:00","twitter_card":"summary_large_image","twitter_misc":{"Tempo estimado de leitura":"1 minuto"},"schema":{"@context":"https:\/\/schema.org","@graph":[{"@type":"WebPage","@id":"https:\/\/www.mpfiltri.com\/pt-pt\/product\/mdhc\/","url":"https:\/\/www.mpfiltri.com\/pt-pt\/product\/mdhc\/","name":"MDHC - MP Filtri","isPartOf":{"@id":"https:\/\/www.mpfiltri.com\/pt-pt\/#website"},"datePublished":"2025-06-16T14:41:49+00:00","dateModified":"2026-04-03T12:53:44+00:00","breadcrumb":{"@id":"https:\/\/www.mpfiltri.com\/pt-pt\/product\/mdhc\/#breadcrumb"},"inLanguage":"pt-PT","potentialAction":[{"@type":"ReadAction","target":["https:\/\/www.mpfiltri.com\/pt-pt\/product\/mdhc\/"]}]},{"@type":"BreadcrumbList","@id":"https:\/\/www.mpfiltri.com\/pt-pt\/product\/mdhc\/#breadcrumb","itemListElement":[{"@type":"ListItem","position":1,"name":"Home","item":"https:\/\/www.mpfiltri.com\/pt-pt\/"},{"@type":"ListItem","position":2,"name":"Produtos","item":"https:\/\/www.mpfiltri.com\/pt-pt\/shop\/"},{"@type":"ListItem","position":3,"name":"MDHC"}]},{"@type":"WebSite","@id":"https:\/\/www.mpfiltri.com\/pt-pt\/#website","url":"https:\/\/www.mpfiltri.com\/pt-pt\/","name":"MP Filtri","description":"","publisher":{"@id":"https:\/\/www.mpfiltri.com\/pt-pt\/#organization"},"potentialAction":[{"@type":"SearchAction","target":{"@type":"EntryPoint","urlTemplate":"https:\/\/www.mpfiltri.com\/pt-pt\/?s={search_term_string}"},"query-input":{"@type":"PropertyValueSpecification","valueRequired":true,"valueName":"search_term_string"}}],"inLanguage":"pt-PT"},{"@type":"Organization","@id":"https:\/\/www.mpfiltri.com\/pt-pt\/#organization","name":"MP Filtri","url":"https:\/\/www.mpfiltri.com\/pt-pt\/","logo":{"@type":"ImageObject","inLanguage":"pt-PT","@id":"https:\/\/www.mpfiltri.com\/pt-pt\/#\/schema\/logo\/image\/","url":"","contentUrl":"","caption":"MP Filtri"},"image":{"@id":"https:\/\/www.mpfiltri.com\/pt-pt\/#\/schema\/logo\/image\/"},"sameAs":["https:\/\/www.facebook.com\/MPFiltriITA","https:\/\/www.instagram.com\/mpfiltri\/","https:\/\/www.youtube.com\/channel\/UCCzNMySYc1c4M-2B4v0K_QA?view_as=subscriber","https:\/\/www.linkedin.com\/company\/mp-filtri-spa\/"]}]}},"_links":{"self":[{"href":"https:\/\/www.mpfiltri.com\/pt-pt\/wp-json\/wp\/v2\/product\/78233","targetHints":{"allow":["GET"]}}],"collection":[{"href":"https:\/\/www.mpfiltri.com\/pt-pt\/wp-json\/wp\/v2\/product"}],"about":[{"href":"https:\/\/www.mpfiltri.com\/pt-pt\/wp-json\/wp\/v2\/types\/product"}],"replies":[{"embeddable":true,"href":"https:\/\/www.mpfiltri.com\/pt-pt\/wp-json\/wp\/v2\/comments?post=78233"}],"wp:attachment":[{"href":"https:\/\/www.mpfiltri.com\/pt-pt\/wp-json\/wp\/v2\/media?parent=78233"}],"wp:term":[{"taxonomy":"product-structure","embeddable":true,"href":"https:\/\/www.mpfiltri.com\/pt-pt\/wp-json\/wp\/v2\/product-structure?post=78233"},{"taxonomy":"product_brand","embeddable":true,"href":"https:\/\/www.mpfiltri.com\/pt-pt\/wp-json\/wp\/v2\/product_brand?post=78233"},{"taxonomy":"product_cat","embeddable":true,"href":"https:\/\/www.mpfiltri.com\/pt-pt\/wp-json\/wp\/v2\/product_cat?post=78233"},{"taxonomy":"product_tag","embeddable":true,"href":"https:\/\/www.mpfiltri.com\/pt-pt\/wp-json\/wp\/v2\/product_tag?post=78233"}],"curies":[{"name":"wp","href":"https:\/\/api.w.org\/{rel}","templated":true}]}}