

{"id":78120,"date":"2025-06-17T16:58:58","date_gmt":"2025-06-17T14:58:58","guid":{"rendered":"https:\/\/www.mpfiltri.com\/product\/produto\/"},"modified":"2026-04-01T16:23:22","modified_gmt":"2026-04-01T14:23:22","slug":"bs110-bs500","status":"publish","type":"product","link":"https:\/\/www.mpfiltri.com\/pt-pt\/product\/bs110-bs500\/","title":{"rendered":"BS110 &amp; BS500"},"content":{"rendered":"<p>As garrafas de amostragem de 110ml e 500ml s\u00e3o recomendadas para aplica\u00e7\u00f5es off-line e de laborat\u00f3rio onde a amostragem de fluido no ponto de uso seja inacess\u00edvel ou impratic\u00e1vel. Uma instala\u00e7\u00e3o de desaera\u00e7\u00e3o de fluido consta como padr\u00e3o.<\/p>\n<p>\u2022 Capacidade de desgaseifica\u00e7\u00e3o de fluidos.<\/p>\n<p>\u2022 Compat\u00edvel com todos os produtos port\u00e1teis de Monitoramento de Contamina\u00e7\u00e3o MP Filtri<\/p>\n<p>\u2022 Est\u00e9tica robusta de laborat\u00f3rio<\/p>\n<p>\u2022 C\u00e2mara da garrafa transparente para indica\u00e7\u00e3o visual<\/p>\n<p>\u2022 BS110: projetado especificamente para testes port\u00e1teis no local, \u00e9 fornecido com bomba manual<\/p>\n<p>para amostragem do reservat\u00f3rio<\/p>\n<p>\u2022 BS500: projetado para aplica\u00e7\u00f5es de laborat\u00f3rio, \u00e9 capaz de amostrar grandes volumes e\/ou<\/p>\n<p>fluidos de baixa viscosidade, incluindo combust\u00edvel diesel<\/p>\n<p>\u2022 Kit completo de acess\u00f3rios inclu\u00eddo<\/p>\n<p>\u2022 Estojo de transporte inclu\u00eddo (BS110)<\/p>\n","protected":false},"excerpt":{"rendered":"<p>As garrafas de amostragem de 110ml e 500ml s\u00e3o recomendadas para aplica\u00e7\u00f5es off-line e de laborat\u00f3rio onde a amostragem de fluido no ponto de uso seja inacess\u00edvel ou impratic\u00e1vel. Uma instala\u00e7\u00e3o de desaera\u00e7\u00e3o de fluido consta como padr\u00e3o. \u2022 Capacidade de desgaseifica\u00e7\u00e3o de fluidos. \u2022 Compat\u00edvel com todos os produtos port\u00e1teis de Monitoramento de Contamina\u00e7\u00e3o [&hellip;]<\/p>\n","protected":false},"featured_media":0,"comment_status":"open","ping_status":"closed","template":"","meta":{"_acf_changed":false,"_gspb_post_css":"","inline_featured_image":false,"_genesis_hide_title":false,"_genesis_hide_breadcrumbs":false,"_genesis_hide_singular_image":false,"_genesis_hide_footer_widgets":false,"_genesis_custom_body_class":"","_genesis_custom_post_class":"","_genesis_layout":"","_links_to":"","_links_to_target":""},"product-structure":[62],"product_brand":[],"product_cat":[13219,13163,13191,13128,13259,13232,13198,13252,13205,13286,13212,13238,13280,13292,13266,13273,13245,13226,12598,13005,12991,13008],"product_tag":[],"class_list":{"0":"post-78120","1":"product","2":"type-product","3":"status-publish","5":"product-structure-series","6":"product_cat-aeronaves-e-veiculos-maritimos","7":"product_cat-agronegocio-e-silvicultura","8":"product_cat-aplicacoes","9":"product_cat-construcao","10":"product_cat-embalagem","11":"product_cat-equipamento-industrial","12":"product_cat-equipamento-movel","13":"product_cat-geracao-de-energia","14":"product_cat-manuseio-de-materiais","15":"product_cat-maquinas-de-lubrificacao-e-fluxo-offline","16":"product_cat-mineracao","17":"product_cat-petroleo-gas","18":"product_cat-prensas-para-ceramica-e-marmore-plastico-borracha-metais","19":"product_cat-sistemas-hidraulicos","20":"product_cat-textil","21":"product_cat-tratamento-de-residuos","22":"product_cat-usina-siderurgica-e-processamento-de-metais","23":"product_cat-veiculos-comerciais-e-de-utilidade","24":"product_cat-12598","25":"product_cat-13005","26":"product_cat-12991","27":"product_cat-13008","28":"entry","30":"first","31":"instock","32":"shipping-taxable","33":"product-type-simple"},"acf":[],"yoast_head":"<!-- This site is optimized with the Yoast SEO plugin v27.2 - https:\/\/yoast.com\/product\/yoast-seo-wordpress\/ -->\n<title>BS110 &amp; BS500 - MP Filtri<\/title>\n<meta name=\"robots\" content=\"index, follow, max-snippet:-1, max-image-preview:large, max-video-preview:-1\" \/>\n<link rel=\"canonical\" href=\"https:\/\/www.mpfiltri.com\/pt-pt\/product\/bs110-bs500\/\" \/>\n<meta property=\"og:locale\" content=\"pt_PT\" \/>\n<meta property=\"og:type\" content=\"article\" \/>\n<meta property=\"og:title\" content=\"BS110 &amp; BS500 - MP Filtri\" \/>\n<meta property=\"og:description\" content=\"As garrafas de amostragem de 110ml e 500ml s\u00e3o recomendadas para aplica\u00e7\u00f5es off-line e de laborat\u00f3rio onde a amostragem de fluido no ponto de uso seja inacess\u00edvel ou impratic\u00e1vel. Uma instala\u00e7\u00e3o de desaera\u00e7\u00e3o de fluido consta como padr\u00e3o. \u2022 Capacidade de desgaseifica\u00e7\u00e3o de fluidos. \u2022 Compat\u00edvel com todos os produtos port\u00e1teis de Monitoramento de Contamina\u00e7\u00e3o [&hellip;]\" \/>\n<meta property=\"og:url\" content=\"https:\/\/www.mpfiltri.com\/pt-pt\/product\/bs110-bs500\/\" \/>\n<meta property=\"og:site_name\" content=\"MP Filtri\" \/>\n<meta property=\"article:publisher\" content=\"https:\/\/www.facebook.com\/MPFiltriITA\" \/>\n<meta property=\"article:modified_time\" content=\"2026-04-01T14:23:22+00:00\" \/>\n<meta name=\"twitter:card\" content=\"summary_large_image\" \/>\n<meta name=\"twitter:label1\" content=\"Tempo estimado de leitura\" \/>\n\t<meta name=\"twitter:data1\" content=\"1 minuto\" \/>\n<script type=\"application\/ld+json\" class=\"yoast-schema-graph\">{\"@context\":\"https:\/\/schema.org\",\"@graph\":[{\"@type\":\"WebPage\",\"@id\":\"https:\/\/www.mpfiltri.com\/pt-pt\/product\/bs110-bs500\/\",\"url\":\"https:\/\/www.mpfiltri.com\/pt-pt\/product\/bs110-bs500\/\",\"name\":\"BS110 &amp; BS500 - MP Filtri\",\"isPartOf\":{\"@id\":\"https:\/\/www.mpfiltri.com\/pt-pt\/#website\"},\"datePublished\":\"2025-06-17T14:58:58+00:00\",\"dateModified\":\"2026-04-01T14:23:22+00:00\",\"breadcrumb\":{\"@id\":\"https:\/\/www.mpfiltri.com\/pt-pt\/product\/bs110-bs500\/#breadcrumb\"},\"inLanguage\":\"pt-PT\",\"potentialAction\":[{\"@type\":\"ReadAction\",\"target\":[\"https:\/\/www.mpfiltri.com\/pt-pt\/product\/bs110-bs500\/\"]}]},{\"@type\":\"BreadcrumbList\",\"@id\":\"https:\/\/www.mpfiltri.com\/pt-pt\/product\/bs110-bs500\/#breadcrumb\",\"itemListElement\":[{\"@type\":\"ListItem\",\"position\":1,\"name\":\"Home\",\"item\":\"https:\/\/www.mpfiltri.com\/pt-pt\/\"},{\"@type\":\"ListItem\",\"position\":2,\"name\":\"Produtos\",\"item\":\"https:\/\/www.mpfiltri.com\/pt-pt\/shop\/\"},{\"@type\":\"ListItem\",\"position\":3,\"name\":\"BS110 &amp; BS500\"}]},{\"@type\":\"WebSite\",\"@id\":\"https:\/\/www.mpfiltri.com\/pt-pt\/#website\",\"url\":\"https:\/\/www.mpfiltri.com\/pt-pt\/\",\"name\":\"MP Filtri\",\"description\":\"\",\"publisher\":{\"@id\":\"https:\/\/www.mpfiltri.com\/pt-pt\/#organization\"},\"potentialAction\":[{\"@type\":\"SearchAction\",\"target\":{\"@type\":\"EntryPoint\",\"urlTemplate\":\"https:\/\/www.mpfiltri.com\/pt-pt\/?s={search_term_string}\"},\"query-input\":{\"@type\":\"PropertyValueSpecification\",\"valueRequired\":true,\"valueName\":\"search_term_string\"}}],\"inLanguage\":\"pt-PT\"},{\"@type\":\"Organization\",\"@id\":\"https:\/\/www.mpfiltri.com\/pt-pt\/#organization\",\"name\":\"MP Filtri\",\"url\":\"https:\/\/www.mpfiltri.com\/pt-pt\/\",\"logo\":{\"@type\":\"ImageObject\",\"inLanguage\":\"pt-PT\",\"@id\":\"https:\/\/www.mpfiltri.com\/pt-pt\/#\/schema\/logo\/image\/\",\"url\":\"\",\"contentUrl\":\"\",\"caption\":\"MP Filtri\"},\"image\":{\"@id\":\"https:\/\/www.mpfiltri.com\/pt-pt\/#\/schema\/logo\/image\/\"},\"sameAs\":[\"https:\/\/www.facebook.com\/MPFiltriITA\",\"https:\/\/www.instagram.com\/mpfiltri\/\",\"https:\/\/www.youtube.com\/channel\/UCCzNMySYc1c4M-2B4v0K_QA?view_as=subscriber\",\"https:\/\/www.linkedin.com\/company\/mp-filtri-spa\/\"]}]}<\/script>\n<!-- \/ Yoast SEO plugin. -->","yoast_head_json":{"title":"BS110 &amp; BS500 - MP Filtri","robots":{"index":"index","follow":"follow","max-snippet":"max-snippet:-1","max-image-preview":"max-image-preview:large","max-video-preview":"max-video-preview:-1"},"canonical":"https:\/\/www.mpfiltri.com\/pt-pt\/product\/bs110-bs500\/","og_locale":"pt_PT","og_type":"article","og_title":"BS110 &amp; BS500 - MP Filtri","og_description":"As garrafas de amostragem de 110ml e 500ml s\u00e3o recomendadas para aplica\u00e7\u00f5es off-line e de laborat\u00f3rio onde a amostragem de fluido no ponto de uso seja inacess\u00edvel ou impratic\u00e1vel. Uma instala\u00e7\u00e3o de desaera\u00e7\u00e3o de fluido consta como padr\u00e3o. \u2022 Capacidade de desgaseifica\u00e7\u00e3o de fluidos. \u2022 Compat\u00edvel com todos os produtos port\u00e1teis de Monitoramento de Contamina\u00e7\u00e3o [&hellip;]","og_url":"https:\/\/www.mpfiltri.com\/pt-pt\/product\/bs110-bs500\/","og_site_name":"MP Filtri","article_publisher":"https:\/\/www.facebook.com\/MPFiltriITA","article_modified_time":"2026-04-01T14:23:22+00:00","twitter_card":"summary_large_image","twitter_misc":{"Tempo estimado de leitura":"1 minuto"},"schema":{"@context":"https:\/\/schema.org","@graph":[{"@type":"WebPage","@id":"https:\/\/www.mpfiltri.com\/pt-pt\/product\/bs110-bs500\/","url":"https:\/\/www.mpfiltri.com\/pt-pt\/product\/bs110-bs500\/","name":"BS110 &amp; BS500 - MP Filtri","isPartOf":{"@id":"https:\/\/www.mpfiltri.com\/pt-pt\/#website"},"datePublished":"2025-06-17T14:58:58+00:00","dateModified":"2026-04-01T14:23:22+00:00","breadcrumb":{"@id":"https:\/\/www.mpfiltri.com\/pt-pt\/product\/bs110-bs500\/#breadcrumb"},"inLanguage":"pt-PT","potentialAction":[{"@type":"ReadAction","target":["https:\/\/www.mpfiltri.com\/pt-pt\/product\/bs110-bs500\/"]}]},{"@type":"BreadcrumbList","@id":"https:\/\/www.mpfiltri.com\/pt-pt\/product\/bs110-bs500\/#breadcrumb","itemListElement":[{"@type":"ListItem","position":1,"name":"Home","item":"https:\/\/www.mpfiltri.com\/pt-pt\/"},{"@type":"ListItem","position":2,"name":"Produtos","item":"https:\/\/www.mpfiltri.com\/pt-pt\/shop\/"},{"@type":"ListItem","position":3,"name":"BS110 &amp; BS500"}]},{"@type":"WebSite","@id":"https:\/\/www.mpfiltri.com\/pt-pt\/#website","url":"https:\/\/www.mpfiltri.com\/pt-pt\/","name":"MP Filtri","description":"","publisher":{"@id":"https:\/\/www.mpfiltri.com\/pt-pt\/#organization"},"potentialAction":[{"@type":"SearchAction","target":{"@type":"EntryPoint","urlTemplate":"https:\/\/www.mpfiltri.com\/pt-pt\/?s={search_term_string}"},"query-input":{"@type":"PropertyValueSpecification","valueRequired":true,"valueName":"search_term_string"}}],"inLanguage":"pt-PT"},{"@type":"Organization","@id":"https:\/\/www.mpfiltri.com\/pt-pt\/#organization","name":"MP Filtri","url":"https:\/\/www.mpfiltri.com\/pt-pt\/","logo":{"@type":"ImageObject","inLanguage":"pt-PT","@id":"https:\/\/www.mpfiltri.com\/pt-pt\/#\/schema\/logo\/image\/","url":"","contentUrl":"","caption":"MP Filtri"},"image":{"@id":"https:\/\/www.mpfiltri.com\/pt-pt\/#\/schema\/logo\/image\/"},"sameAs":["https:\/\/www.facebook.com\/MPFiltriITA","https:\/\/www.instagram.com\/mpfiltri\/","https:\/\/www.youtube.com\/channel\/UCCzNMySYc1c4M-2B4v0K_QA?view_as=subscriber","https:\/\/www.linkedin.com\/company\/mp-filtri-spa\/"]}]}},"_links":{"self":[{"href":"https:\/\/www.mpfiltri.com\/pt-pt\/wp-json\/wp\/v2\/product\/78120","targetHints":{"allow":["GET"]}}],"collection":[{"href":"https:\/\/www.mpfiltri.com\/pt-pt\/wp-json\/wp\/v2\/product"}],"about":[{"href":"https:\/\/www.mpfiltri.com\/pt-pt\/wp-json\/wp\/v2\/types\/product"}],"replies":[{"embeddable":true,"href":"https:\/\/www.mpfiltri.com\/pt-pt\/wp-json\/wp\/v2\/comments?post=78120"}],"wp:attachment":[{"href":"https:\/\/www.mpfiltri.com\/pt-pt\/wp-json\/wp\/v2\/media?parent=78120"}],"wp:term":[{"taxonomy":"product-structure","embeddable":true,"href":"https:\/\/www.mpfiltri.com\/pt-pt\/wp-json\/wp\/v2\/product-structure?post=78120"},{"taxonomy":"product_brand","embeddable":true,"href":"https:\/\/www.mpfiltri.com\/pt-pt\/wp-json\/wp\/v2\/product_brand?post=78120"},{"taxonomy":"product_cat","embeddable":true,"href":"https:\/\/www.mpfiltri.com\/pt-pt\/wp-json\/wp\/v2\/product_cat?post=78120"},{"taxonomy":"product_tag","embeddable":true,"href":"https:\/\/www.mpfiltri.com\/pt-pt\/wp-json\/wp\/v2\/product_tag?post=78120"}],"curies":[{"name":"wp","href":"https:\/\/api.w.org\/{rel}","templated":true}]}}