

{"id":34168,"date":"2025-06-26T18:30:46","date_gmt":"2025-06-26T16:30:46","guid":{"rendered":"https:\/\/www.mpfiltri.com\/companhia\/governance\/"},"modified":"2025-12-11T13:56:01","modified_gmt":"2025-12-11T12:56:01","slug":"governance","status":"publish","type":"page","link":"https:\/\/www.mpfiltri.com\/pt-pt\/companhia\/governance\/","title":{"rendered":"Governance"},"content":{"rendered":"\n<div class=\"wp-block-stackable-columns stk-block-columns stk-block stk-7104bff\" data-block-id=\"7104bff\"><style>.stk-7104bff {margin-top:0px !important;margin-right:0px !important;margin-bottom:0px !important;margin-left:0px !important;}.stk-7104bff-column{--stk-columns-spacing:0px !important;flex-wrap:wrap !important;--stk-flex-grow:0 !important;}<\/style><div class=\"stk-row stk-inner-blocks stk-block-content stk-content-align stk-7104bff-column\">\n<div class=\"wp-block-stackable-column stk-block-column stk-column stk-block stk-d637e12\" data-v=\"4\" data-block-id=\"d637e12\"><style>.stk-d637e12 {border-style:solid !important;border-color:#E6E6E6 !important;border-top-width:1px !important;border-right-width:1px !important;border-bottom-width:1px !important;border-left-width:1px !important;padding-top:60px !important;padding-right:30px !important;padding-bottom:60px !important;padding-left:30px !important;margin-top:0px !important;margin-right:0px !important;margin-bottom:0px !important;margin-left:0px !important;}@media screen and (min-width: 768px) and (max-width: 1023px){.stk-d637e12 {flex:var(--stk-flex-grow, 1) 1 calc(100% - var(--stk-column-gap, 0px) * 0 \/ 1 ) !important;}}<\/style><div class=\"stk-column-wrapper stk-block-column__content stk-container stk-d637e12-container stk--no-background stk--no-padding\"><div class=\"stk-block-content stk-inner-blocks stk-d637e12-inner-blocks\">\n<h2 class=\"wp-block-heading\" id=\"governance\">Governance<\/h2>\n\n\n\n<p>A Governan\u00e7a Corporativa da MP Filtri representa o sistema de gest\u00e3o e controle da empresa, destinado a criar valor sustent\u00e1vel para todas as partes interessadas.<\/p>\n\n\n\n<p>Para atingir esse objetivo, a MP Filtri adotou:<\/p>\n\n\n\n<p>um C\u00f3digo de \u00c9tica, que define os princ\u00edpios de conduta da empresa e de suas partes interessadas;<\/p>\n\n\n\n<p>um Modelo de Organiza\u00e7\u00e3o e Gest\u00e3o, que promove a conscientiza\u00e7\u00e3o sobre os riscos de infra\u00e7\u00f5es e inclui procedimentos de avalia\u00e7\u00e3o, controle e preven\u00e7\u00e3o, sob a supervis\u00e3o de um \u00d3rg\u00e3o de Supervis\u00e3o;<\/p>\n\n\n\n<p>uma Pol\u00edtica de Igualdade de G\u00eanero, que orienta as a\u00e7\u00f5es corporativas para promover a igualdade de oportunidades e implementar medidas concretas nos n\u00edveis cultural e organizacional.<\/p>\n\n\n\n<div class=\"wp-block-stackable-spacer stk-block-spacer stk--no-padding stk-block stk-70ccc27\" data-block-id=\"70ccc27\"><style>.stk-70ccc27 {height:50px !important;}<\/style><\/div>\n\n\n\n<div id=\"file-downloadblock_1aaec5abc6ce41f503b3cf1e88a9dfd7\" class=\"file-download\">\n            <div class=\"presentation-text\">Download<\/div>\n    \n    <div class=\"files\">\n                        <div class=\"single-file\">\n                    <a href=\"https:\/\/www.mpfiltri.com\/wp-content\/uploads\/2025\/10\/CODE_OF_ETHICS_IT-EN-3.pdf\" class=\"file-url\" data-file-type=\"PDF\"\n                        aria-label=\"C\u00f2digo de \u00e9tica, CORPORATE DOCS , PDF, 953 KB. Descarregar ficheiro\"\n                        target=\"_blank\" rel=\"noopener noreferrer\">\n                        <div class=\"download-img\" aria-hidden=\"true\">\n                                                            <img decoding=\"async\" src=\"https:\/\/www.mpfiltri.com\/wp-content\/uploads\/2025\/10\/CODE_OF_ETHICS_IT-EN-3.pdf.jpg\" alt=\"\"\/>\n                                                    <\/div>\n                        <div class=\"file-info\">\n                            <p class=\"file-name\">C\u00f2digo de \u00e9tica<\/p>\n                                                        <p class=\"file-subtitle\">CORPORATE DOCS <\/p>\n                                                            <div class=\"tech-info\">\n                                    <p class=\"file-type\">PDF<\/p> |\n                                    <p class=\"file-size\">953 KB<\/p>\n                                <\/div>\n                                                    <\/div>\n                    <\/a>\n                <\/div>\n                <\/div>\n<\/div>\n<\/div><\/div><\/div>\n\n\n\n<div class=\"wp-block-stackable-column stk-block-column stk-column stk-block stk-550ac66\" data-v=\"4\" data-block-id=\"550ac66\"><style>.stk-550ac66 {border-style:solid !important;border-color:#E6E6E6 !important;border-top-width:0px !important;border-right-width:1px !important;border-bottom-width:1px !important;border-left-width:0px !important;margin-top:0px !important;margin-right:0px !important;margin-bottom:0px !important;margin-left:0px !important;}@media screen and (min-width: 768px) and (max-width: 1023px){.stk-550ac66 {flex:var(--stk-flex-grow, 1) 1 calc(100% - var(--stk-column-gap, 0px) * 0 \/ 1 ) !important;}}<\/style><div class=\"stk-column-wrapper stk-block-column__content stk-container stk-550ac66-container stk--no-background stk--no-padding\"><div class=\"stk-block-content stk-inner-blocks stk-550ac66-inner-blocks\">\n<div class=\"wp-block-stackable-image stk-block-image stk-block stk-3549b6c\" data-block-id=\"3549b6c\"><figure><span class=\"stk-img-wrapper stk-image--shape-stretch\"><img loading=\"lazy\" decoding=\"async\" class=\"stk-img wp-image-34148\" src=\"https:\/\/www.mpfiltri.com\/wp-content\/uploads\/2025\/06\/governance.jpg\" width=\"630\" height=\"382\" alt=\"Mission and vision's media\" srcset=\"https:\/\/www.mpfiltri.com\/wp-content\/uploads\/2025\/06\/governance.jpg 630w, https:\/\/www.mpfiltri.com\/wp-content\/uploads\/2025\/06\/governance-300x182.jpg 300w\" sizes=\"auto, (max-width: 630px) 100vw, 630px\" \/><\/span><\/figure><\/div>\n<\/div><\/div><\/div>\n<\/div><\/div>\n\n\n\n<div class=\"wp-block-stackable-columns stk-block-columns stk-block stk-820bb05 body-lines height-100\" data-block-id=\"820bb05\"><style>.stk-820bb05 {margin-top:0px !important;margin-right:0px !important;margin-bottom:0px !important;margin-left:0px !important;}.stk-820bb05-column{--stk-columns-spacing:0px !important;}<\/style><div class=\"stk-row stk-inner-blocks stk-block-content stk-content-align stk-820bb05-column\">\n<div class=\"wp-block-stackable-column stk-block-column stk-column stk-block stk-745f29b\" data-v=\"4\" data-block-id=\"745f29b\"><div class=\"stk-column-wrapper stk-block-column__content stk-container stk-745f29b-container stk--no-background stk--no-padding\"><div class=\"stk-block-content stk-inner-blocks stk-745f29b-inner-blocks\"><\/div><\/div><\/div>\n\n\n\n<div class=\"wp-block-stackable-column stk-block-column stk-column stk-block stk-0576f85\" data-v=\"4\" data-block-id=\"0576f85\"><div class=\"stk-column-wrapper stk-block-column__content stk-container stk-0576f85-container stk--no-background stk--no-padding\"><div class=\"stk-block-content stk-inner-blocks stk-0576f85-inner-blocks\"><\/div><\/div><\/div>\n<\/div><\/div>\n\n\n\n<div class=\"wp-block-stackable-columns stk-block-columns stk-block stk-ad9f05d\" data-block-id=\"ad9f05d\"><style>.stk-ad9f05d {margin-top:0px !important;margin-right:0px !important;margin-bottom:0px !important;margin-left:0px !important;}.stk-ad9f05d-column{--stk-columns-spacing:0px !important;flex-wrap:wrap !important;--stk-flex-grow:0 !important;}<\/style><div class=\"stk-row stk-inner-blocks stk-block-content stk-content-align stk-ad9f05d-column\">\n<div class=\"wp-block-stackable-column stk-block-column stk-column stk-block stk-886f349\" data-v=\"4\" data-block-id=\"886f349\"><style>.stk-886f349 {border-style:solid !important;border-color:#E6E6E6 !important;border-top-width:0px !important;border-right-width:1px !important;border-bottom-width:1px !important;border-left-width:0px !important;margin-top:0px !important;margin-right:0px !important;margin-bottom:0px !important;margin-left:0px !important;}@media screen and (min-width: 768px) and (max-width: 1023px){.stk-886f349 {flex:var(--stk-flex-grow, 1) 1 calc(100% - var(--stk-column-gap, 0px) * 0 \/ 1 ) !important;}}<\/style><div class=\"stk-column-wrapper stk-block-column__content stk-container stk-886f349-container stk--no-background stk--no-padding\"><div class=\"stk-block-content stk-inner-blocks stk-886f349-inner-blocks\">\n<div class=\"wp-block-stackable-image stk-block-image stk-block stk-52c2239\" data-block-id=\"52c2239\"><figure><span class=\"stk-img-wrapper stk-image--shape-stretch\"><img loading=\"lazy\" decoding=\"async\" class=\"stk-img wp-image-38886\" src=\"https:\/\/www.mpfiltri.com\/wp-content\/uploads\/2025\/10\/img-welfare.webp\" width=\"1000\" height=\"667\" alt=\"Mission and vision's media\" srcset=\"https:\/\/www.mpfiltri.com\/wp-content\/uploads\/2025\/10\/img-welfare.webp 1000w, https:\/\/www.mpfiltri.com\/wp-content\/uploads\/2025\/10\/img-welfare-300x200.webp 300w, https:\/\/www.mpfiltri.com\/wp-content\/uploads\/2025\/10\/img-welfare-768x512.webp 768w, https:\/\/www.mpfiltri.com\/wp-content\/uploads\/2025\/10\/img-welfare-600x400.webp 600w, https:\/\/www.mpfiltri.com\/wp-content\/uploads\/2025\/10\/img-welfare-655x437.webp 655w\" sizes=\"auto, (max-width: 1000px) 100vw, 1000px\" \/><\/span><\/figure><\/div>\n<\/div><\/div><\/div>\n\n\n\n<div class=\"wp-block-stackable-column stk-block-column stk-column stk-block stk-ca00399\" data-v=\"4\" data-block-id=\"ca00399\"><style>.stk-ca00399 {border-style:solid !important;border-color:#E6E6E6 !important;border-top-width:1px !important;border-right-width:1px !important;border-bottom-width:1px !important;border-left-width:1px !important;padding-top:60px !important;padding-right:30px !important;padding-bottom:60px !important;padding-left:30px !important;margin-top:0px !important;margin-right:0px !important;margin-bottom:0px !important;margin-left:0px !important;}@media screen and (min-width: 768px) and (max-width: 1023px){.stk-ca00399 {flex:var(--stk-flex-grow, 1) 1 calc(100% - var(--stk-column-gap, 0px) * 0 \/ 1 ) !important;}}<\/style><div class=\"stk-column-wrapper stk-block-column__content stk-container stk-ca00399-container stk--no-background stk--no-padding\"><div class=\"stk-block-content stk-inner-blocks stk-ca00399-inner-blocks\">\n<h2 class=\"wp-block-heading\" id=\"whistleblowing\">Whistleblowing<\/h2>\n\n\n\n<p>Em conformidade com a legisla\u00e7\u00e3o vigente, a MP Filtri oferece a possibilidade de relatar qualquer conduta il\u00edcita que chegue ao seu conhecimento, introduzindo regras para proteger aqueles que a denunciam. Portanto, est\u00e1 dispon\u00edvel uma plataforma de den\u00fancias dedicada, acess\u00edvel atrav\u00e9s de um portal dedicado, clicando no bot\u00e3o abaixo:<\/p>\n\n\n\n<div class=\"gspb_button_wrapper gspb_button-id-gsbp-a30d769\" id=\"gspb_button-id-gsbp-a30d769\"><a class=\"wp-block-greenshift-blocks-buttonbox gspb-buttonbox wp-element-button\" href=\"https:\/\/mpfiltri.integrityline.com\/\" target=\"_blank\" rel=\"noopener\"><span class=\"gspb-buttonbox-textwrap\"><span class=\"gspb-buttonbox-text\"><span class=\"gspb-buttonbox-title\">Whistleblowing<\/span><\/span><\/span><\/a><\/div>\n<\/div><\/div><\/div>\n<\/div><\/div>\n\n\n\n<div class=\"wp-block-stackable-columns stk-block-columns stk-block stk-f7a52c5 body-lines height-100\" data-block-id=\"f7a52c5\"><style>.stk-f7a52c5 {margin-top:0px !important;margin-right:0px !important;margin-bottom:0px !important;margin-left:0px !important;}.stk-f7a52c5-column{--stk-columns-spacing:0px !important;}<\/style><div class=\"stk-row stk-inner-blocks stk-block-content stk-content-align stk-f7a52c5-column\">\n<div class=\"wp-block-stackable-column stk-block-column stk-column stk-block stk-ea788f1\" data-v=\"4\" data-block-id=\"ea788f1\"><div class=\"stk-column-wrapper stk-block-column__content stk-container stk-ea788f1-container stk--no-background stk--no-padding\"><div class=\"stk-block-content stk-inner-blocks stk-ea788f1-inner-blocks\"><\/div><\/div><\/div>\n\n\n\n<div class=\"wp-block-stackable-column stk-block-column stk-column stk-block stk-4390e3e\" data-v=\"4\" data-block-id=\"4390e3e\"><div class=\"stk-column-wrapper stk-block-column__content stk-container stk-4390e3e-container stk--no-background stk--no-padding\"><div class=\"stk-block-content stk-inner-blocks stk-4390e3e-inner-blocks\"><\/div><\/div><\/div>\n<\/div><\/div>\n","protected":false},"excerpt":{"rendered":"<p>Governance A Governan\u00e7a Corporativa da MP Filtri representa o sistema de gest\u00e3o e controle da empresa, destinado a criar valor sustent\u00e1vel para todas as partes interessadas. Para atingir esse objetivo, a MP Filtri adotou: um C\u00f3digo de \u00c9tica, que define os princ\u00edpios de conduta da empresa e de suas partes interessadas; um Modelo de Organiza\u00e7\u00e3o [&hellip;]<\/p>\n","protected":false},"author":7,"featured_media":0,"parent":13382,"menu_order":82,"comment_status":"closed","ping_status":"closed","template":"","meta":{"_acf_changed":false,"_gspb_post_css":"#gspb_button-id-gsbp-a30d769{display:flex;justify-content:flex-start}#gspb_button-id-gsbp-a30d769 .gspb-buttonbox-text{display:flex;flex-direction:column}#gspb_button-id-gsbp-a30d769>.gspb-buttonbox{box-sizing:border-box}","inline_featured_image":false,"_genesis_hide_title":false,"_genesis_hide_breadcrumbs":false,"_genesis_hide_singular_image":false,"_genesis_hide_footer_widgets":false,"_genesis_custom_body_class":"","_genesis_custom_post_class":"","_genesis_layout":"","footnotes":"","_links_to":"","_links_to_target":""},"class_list":{"0":"post-34168","1":"page","2":"type-page","3":"status-publish","5":"entry"},"acf":[],"yoast_head":"<!-- This site is optimized with the Yoast SEO plugin v27.2 - https:\/\/yoast.com\/product\/yoast-seo-wordpress\/ -->\n<title>Governance - MP Filtri<\/title>\n<meta name=\"robots\" content=\"index, follow, max-snippet:-1, max-image-preview:large, max-video-preview:-1\" \/>\n<link rel=\"canonical\" href=\"https:\/\/www.mpfiltri.com\/pt-pt\/companhia\/governance\/\" \/>\n<meta property=\"og:locale\" content=\"pt_PT\" \/>\n<meta property=\"og:type\" content=\"article\" \/>\n<meta property=\"og:title\" content=\"Governance - MP Filtri\" \/>\n<meta property=\"og:description\" content=\"Governance A Governan\u00e7a Corporativa da MP Filtri representa o sistema de gest\u00e3o e controle da empresa, destinado a criar valor sustent\u00e1vel para todas as partes interessadas. Para atingir esse objetivo, a MP Filtri adotou: um C\u00f3digo de \u00c9tica, que define os princ\u00edpios de conduta da empresa e de suas partes interessadas; um Modelo de Organiza\u00e7\u00e3o [&hellip;]\" \/>\n<meta property=\"og:url\" content=\"https:\/\/www.mpfiltri.com\/pt-pt\/companhia\/governance\/\" \/>\n<meta property=\"og:site_name\" content=\"MP Filtri\" \/>\n<meta property=\"article:publisher\" content=\"https:\/\/www.facebook.com\/MPFiltriITA\" \/>\n<meta property=\"article:modified_time\" content=\"2025-12-11T12:56:01+00:00\" \/>\n<meta property=\"og:image\" content=\"https:\/\/www.mpfiltri.com\/wp-content\/uploads\/2025\/06\/governance.jpg\" \/>\n<meta name=\"twitter:card\" content=\"summary_large_image\" \/>\n<meta name=\"twitter:label1\" content=\"Tempo estimado de leitura\" \/>\n\t<meta name=\"twitter:data1\" content=\"2 minutos\" \/>\n<script type=\"application\/ld+json\" class=\"yoast-schema-graph\">{\"@context\":\"https:\/\/schema.org\",\"@graph\":[{\"@type\":\"WebPage\",\"@id\":\"https:\/\/www.mpfiltri.com\/pt-pt\/companhia\/governance\/\",\"url\":\"https:\/\/www.mpfiltri.com\/pt-pt\/companhia\/governance\/\",\"name\":\"Governance - MP Filtri\",\"isPartOf\":{\"@id\":\"https:\/\/www.mpfiltri.com\/pt-pt\/#website\"},\"primaryImageOfPage\":{\"@id\":\"https:\/\/www.mpfiltri.com\/pt-pt\/companhia\/governance\/#primaryimage\"},\"image\":{\"@id\":\"https:\/\/www.mpfiltri.com\/pt-pt\/companhia\/governance\/#primaryimage\"},\"thumbnailUrl\":\"https:\/\/www.mpfiltri.com\/wp-content\/uploads\/2025\/06\/governance.jpg\",\"datePublished\":\"2025-06-26T16:30:46+00:00\",\"dateModified\":\"2025-12-11T12:56:01+00:00\",\"breadcrumb\":{\"@id\":\"https:\/\/www.mpfiltri.com\/pt-pt\/companhia\/governance\/#breadcrumb\"},\"inLanguage\":\"pt-PT\",\"potentialAction\":[{\"@type\":\"ReadAction\",\"target\":[\"https:\/\/www.mpfiltri.com\/pt-pt\/companhia\/governance\/\"]}]},{\"@type\":\"ImageObject\",\"inLanguage\":\"pt-PT\",\"@id\":\"https:\/\/www.mpfiltri.com\/pt-pt\/companhia\/governance\/#primaryimage\",\"url\":\"https:\/\/www.mpfiltri.com\/wp-content\/uploads\/2025\/06\/governance.jpg\",\"contentUrl\":\"https:\/\/www.mpfiltri.com\/wp-content\/uploads\/2025\/06\/governance.jpg\"},{\"@type\":\"BreadcrumbList\",\"@id\":\"https:\/\/www.mpfiltri.com\/pt-pt\/companhia\/governance\/#breadcrumb\",\"itemListElement\":[{\"@type\":\"ListItem\",\"position\":1,\"name\":\"Home\",\"item\":\"https:\/\/www.mpfiltri.com\/pt-pt\/\"},{\"@type\":\"ListItem\",\"position\":2,\"name\":\"Companhia\",\"item\":\"https:\/\/www.mpfiltri.com\/pt-pt\/companhia\/\"},{\"@type\":\"ListItem\",\"position\":3,\"name\":\"Governance\"}]},{\"@type\":\"WebSite\",\"@id\":\"https:\/\/www.mpfiltri.com\/pt-pt\/#website\",\"url\":\"https:\/\/www.mpfiltri.com\/pt-pt\/\",\"name\":\"MP Filtri\",\"description\":\"\",\"publisher\":{\"@id\":\"https:\/\/www.mpfiltri.com\/pt-pt\/#organization\"},\"potentialAction\":[{\"@type\":\"SearchAction\",\"target\":{\"@type\":\"EntryPoint\",\"urlTemplate\":\"https:\/\/www.mpfiltri.com\/pt-pt\/?s={search_term_string}\"},\"query-input\":{\"@type\":\"PropertyValueSpecification\",\"valueRequired\":true,\"valueName\":\"search_term_string\"}}],\"inLanguage\":\"pt-PT\"},{\"@type\":\"Organization\",\"@id\":\"https:\/\/www.mpfiltri.com\/pt-pt\/#organization\",\"name\":\"MP Filtri\",\"url\":\"https:\/\/www.mpfiltri.com\/pt-pt\/\",\"logo\":{\"@type\":\"ImageObject\",\"inLanguage\":\"pt-PT\",\"@id\":\"https:\/\/www.mpfiltri.com\/pt-pt\/#\/schema\/logo\/image\/\",\"url\":\"\",\"contentUrl\":\"\",\"caption\":\"MP Filtri\"},\"image\":{\"@id\":\"https:\/\/www.mpfiltri.com\/pt-pt\/#\/schema\/logo\/image\/\"},\"sameAs\":[\"https:\/\/www.facebook.com\/MPFiltriITA\",\"https:\/\/www.instagram.com\/mpfiltri\/\",\"https:\/\/www.youtube.com\/channel\/UCCzNMySYc1c4M-2B4v0K_QA?view_as=subscriber\",\"https:\/\/www.linkedin.com\/company\/mp-filtri-spa\/\"]}]}<\/script>\n<!-- \/ Yoast SEO plugin. -->","yoast_head_json":{"title":"Governance - MP Filtri","robots":{"index":"index","follow":"follow","max-snippet":"max-snippet:-1","max-image-preview":"max-image-preview:large","max-video-preview":"max-video-preview:-1"},"canonical":"https:\/\/www.mpfiltri.com\/pt-pt\/companhia\/governance\/","og_locale":"pt_PT","og_type":"article","og_title":"Governance - MP Filtri","og_description":"Governance A Governan\u00e7a Corporativa da MP Filtri representa o sistema de gest\u00e3o e controle da empresa, destinado a criar valor sustent\u00e1vel para todas as partes interessadas. Para atingir esse objetivo, a MP Filtri adotou: um C\u00f3digo de \u00c9tica, que define os princ\u00edpios de conduta da empresa e de suas partes interessadas; um Modelo de Organiza\u00e7\u00e3o [&hellip;]","og_url":"https:\/\/www.mpfiltri.com\/pt-pt\/companhia\/governance\/","og_site_name":"MP Filtri","article_publisher":"https:\/\/www.facebook.com\/MPFiltriITA","article_modified_time":"2025-12-11T12:56:01+00:00","og_image":[{"url":"https:\/\/www.mpfiltri.com\/wp-content\/uploads\/2025\/06\/governance.jpg","type":"","width":"","height":""}],"twitter_card":"summary_large_image","twitter_misc":{"Tempo estimado de leitura":"2 minutos"},"schema":{"@context":"https:\/\/schema.org","@graph":[{"@type":"WebPage","@id":"https:\/\/www.mpfiltri.com\/pt-pt\/companhia\/governance\/","url":"https:\/\/www.mpfiltri.com\/pt-pt\/companhia\/governance\/","name":"Governance - MP Filtri","isPartOf":{"@id":"https:\/\/www.mpfiltri.com\/pt-pt\/#website"},"primaryImageOfPage":{"@id":"https:\/\/www.mpfiltri.com\/pt-pt\/companhia\/governance\/#primaryimage"},"image":{"@id":"https:\/\/www.mpfiltri.com\/pt-pt\/companhia\/governance\/#primaryimage"},"thumbnailUrl":"https:\/\/www.mpfiltri.com\/wp-content\/uploads\/2025\/06\/governance.jpg","datePublished":"2025-06-26T16:30:46+00:00","dateModified":"2025-12-11T12:56:01+00:00","breadcrumb":{"@id":"https:\/\/www.mpfiltri.com\/pt-pt\/companhia\/governance\/#breadcrumb"},"inLanguage":"pt-PT","potentialAction":[{"@type":"ReadAction","target":["https:\/\/www.mpfiltri.com\/pt-pt\/companhia\/governance\/"]}]},{"@type":"ImageObject","inLanguage":"pt-PT","@id":"https:\/\/www.mpfiltri.com\/pt-pt\/companhia\/governance\/#primaryimage","url":"https:\/\/www.mpfiltri.com\/wp-content\/uploads\/2025\/06\/governance.jpg","contentUrl":"https:\/\/www.mpfiltri.com\/wp-content\/uploads\/2025\/06\/governance.jpg"},{"@type":"BreadcrumbList","@id":"https:\/\/www.mpfiltri.com\/pt-pt\/companhia\/governance\/#breadcrumb","itemListElement":[{"@type":"ListItem","position":1,"name":"Home","item":"https:\/\/www.mpfiltri.com\/pt-pt\/"},{"@type":"ListItem","position":2,"name":"Companhia","item":"https:\/\/www.mpfiltri.com\/pt-pt\/companhia\/"},{"@type":"ListItem","position":3,"name":"Governance"}]},{"@type":"WebSite","@id":"https:\/\/www.mpfiltri.com\/pt-pt\/#website","url":"https:\/\/www.mpfiltri.com\/pt-pt\/","name":"MP Filtri","description":"","publisher":{"@id":"https:\/\/www.mpfiltri.com\/pt-pt\/#organization"},"potentialAction":[{"@type":"SearchAction","target":{"@type":"EntryPoint","urlTemplate":"https:\/\/www.mpfiltri.com\/pt-pt\/?s={search_term_string}"},"query-input":{"@type":"PropertyValueSpecification","valueRequired":true,"valueName":"search_term_string"}}],"inLanguage":"pt-PT"},{"@type":"Organization","@id":"https:\/\/www.mpfiltri.com\/pt-pt\/#organization","name":"MP Filtri","url":"https:\/\/www.mpfiltri.com\/pt-pt\/","logo":{"@type":"ImageObject","inLanguage":"pt-PT","@id":"https:\/\/www.mpfiltri.com\/pt-pt\/#\/schema\/logo\/image\/","url":"","contentUrl":"","caption":"MP Filtri"},"image":{"@id":"https:\/\/www.mpfiltri.com\/pt-pt\/#\/schema\/logo\/image\/"},"sameAs":["https:\/\/www.facebook.com\/MPFiltriITA","https:\/\/www.instagram.com\/mpfiltri\/","https:\/\/www.youtube.com\/channel\/UCCzNMySYc1c4M-2B4v0K_QA?view_as=subscriber","https:\/\/www.linkedin.com\/company\/mp-filtri-spa\/"]}]}},"featured_image_src":null,"featured_image_src_square":null,"_links":{"self":[{"href":"https:\/\/www.mpfiltri.com\/pt-pt\/wp-json\/wp\/v2\/pages\/34168","targetHints":{"allow":["GET"]}}],"collection":[{"href":"https:\/\/www.mpfiltri.com\/pt-pt\/wp-json\/wp\/v2\/pages"}],"about":[{"href":"https:\/\/www.mpfiltri.com\/pt-pt\/wp-json\/wp\/v2\/types\/page"}],"author":[{"embeddable":true,"href":"https:\/\/www.mpfiltri.com\/pt-pt\/wp-json\/wp\/v2\/users\/7"}],"replies":[{"embeddable":true,"href":"https:\/\/www.mpfiltri.com\/pt-pt\/wp-json\/wp\/v2\/comments?post=34168"}],"version-history":[{"count":8,"href":"https:\/\/www.mpfiltri.com\/pt-pt\/wp-json\/wp\/v2\/pages\/34168\/revisions"}],"predecessor-version":[{"id":71809,"href":"https:\/\/www.mpfiltri.com\/pt-pt\/wp-json\/wp\/v2\/pages\/34168\/revisions\/71809"}],"up":[{"embeddable":true,"href":"https:\/\/www.mpfiltri.com\/pt-pt\/wp-json\/wp\/v2\/pages\/13382"}],"wp:attachment":[{"href":"https:\/\/www.mpfiltri.com\/pt-pt\/wp-json\/wp\/v2\/media?parent=34168"}],"curies":[{"name":"wp","href":"https:\/\/api.w.org\/{rel}","templated":true}]}}