

{"id":33159,"date":"2025-02-04T10:55:32","date_gmt":"2025-02-04T09:55:32","guid":{"rendered":"https:\/\/www.mpfiltri.com\/thank-you-page-careers\/"},"modified":"2025-07-10T08:53:36","modified_gmt":"2025-07-10T06:53:36","slug":"thank-you-page-careers","status":"publish","type":"page","link":"https:\/\/www.mpfiltri.com\/pt-pt\/thank-you-page-careers\/","title":{"rendered":"P\u00e1gina de agradecimento &#8211; Carreiras"},"content":{"rendered":"\n<div style=\"height:100px\" aria-hidden=\"true\" class=\"wp-block-spacer\"><\/div>\n\n\n    <div id=\"rive-block-69e09281ee2bb\"\n        style=\"width: 100%; height: 400px; overflow: hidden;\">\n        <canvas style=\"width: 100%; height: 100%; object-fit: contain;\"><\/canvas>\n    <\/div>\n    <script>\n        document.addEventListener('DOMContentLoaded', function () {\n            const container = document.getElementById('rive-block-69e09281ee2bb');\n            if (container) {\n                const canvas = container.querySelector('canvas');\n                riveInstance = new rive.Rive({\n                    src: 'https:\/\/www.mpfiltri.com\/wp-content\/uploads\/2025\/07\/mpfiltri-thankyou.riv',\n                    canvas: canvas,\n                    autoplay: true,\n                    fit: rive.Fit.Contain,\n                    onLoad: () => {\n                        riveInstance.resizeDrawingSurfaceToCanvas();\n                    }\n                });\n            }\n        });\n    <\/script>\n    \n\n\n<div class=\"wp-block-stackable-columns stk-block-columns stk-block stk-44e276d stk-block-background\" data-block-id=\"44e276d\"><style>.stk-44e276d {background-color:#ffffff !important;padding-top:50px !important;padding-bottom:50px !important;z-index:1 !important;}.stk-44e276d:before{background-color:#ffffff !important;}<\/style><div class=\"stk-row stk-inner-blocks stk-block-content stk-content-align stk-44e276d-column\">\n<div class=\"wp-block-stackable-column stk-block-column stk-column stk-block stk-0d8617b\" data-v=\"4\" data-block-id=\"0d8617b\"><div class=\"stk-column-wrapper stk-block-column__content stk-container stk-0d8617b-container stk--no-background stk--no-padding\"><div class=\"stk-block-content stk-inner-blocks stk-0d8617b-inner-blocks\">\n<h2 class=\"wp-block-heading has-text-align-center\" id=\"obrigado\">Obrigado!<\/h2>\n\n\n\n<h3 class=\"wp-block-heading has-text-align-center\" id=\"sua-mensagem-foi-enviada-com-sucesso\">Sua mensagem foi enviada com sucesso!<\/h3>\n\n\n\n<div style=\"height:30px\" aria-hidden=\"true\" class=\"wp-block-spacer\"><\/div>\n\n\n\n<p class=\"has-text-align-center\">Nossa equipe responder\u00e1 a voc\u00ea o mais breve poss\u00edvel.<\/p>\n<\/div><\/div><\/div>\n<\/div><\/div>\n\n\n\n<div style=\"height:200px\" aria-hidden=\"true\" class=\"wp-block-spacer\"><\/div>\n","protected":false},"excerpt":{"rendered":"<p>Obrigado! Sua mensagem foi enviada com sucesso! Nossa equipe responder\u00e1 a voc\u00ea o mais breve poss\u00edvel.<\/p>\n","protected":false},"author":3,"featured_media":0,"parent":0,"menu_order":331,"comment_status":"closed","ping_status":"closed","template":"","meta":{"_acf_changed":false,"_gspb_post_css":"","inline_featured_image":false,"_genesis_hide_title":false,"_genesis_hide_breadcrumbs":false,"_genesis_hide_singular_image":false,"_genesis_hide_footer_widgets":false,"_genesis_custom_body_class":"","_genesis_custom_post_class":"","_genesis_layout":"","footnotes":"","_links_to":"","_links_to_target":""},"class_list":{"0":"post-33159","1":"page","2":"type-page","3":"status-publish","5":"entry"},"acf":[],"yoast_head":"<!-- This site is optimized with the Yoast SEO plugin v27.2 - https:\/\/yoast.com\/product\/yoast-seo-wordpress\/ -->\n<title>P\u00e1gina de agradecimento - Carreiras - MP Filtri<\/title>\n<meta name=\"robots\" content=\"index, follow, max-snippet:-1, max-image-preview:large, max-video-preview:-1\" \/>\n<link rel=\"canonical\" href=\"https:\/\/www.mpfiltri.com\/pt-pt\/thank-you-page-careers\/\" \/>\n<meta property=\"og:locale\" content=\"pt_PT\" \/>\n<meta property=\"og:type\" content=\"article\" \/>\n<meta property=\"og:title\" content=\"P\u00e1gina de agradecimento - Carreiras - MP Filtri\" \/>\n<meta property=\"og:description\" content=\"Obrigado! Sua mensagem foi enviada com sucesso! Nossa equipe responder\u00e1 a voc\u00ea o mais breve poss\u00edvel.\" \/>\n<meta property=\"og:url\" content=\"https:\/\/www.mpfiltri.com\/pt-pt\/thank-you-page-careers\/\" \/>\n<meta property=\"og:site_name\" content=\"MP Filtri\" \/>\n<meta property=\"article:publisher\" content=\"https:\/\/www.facebook.com\/MPFiltriITA\" \/>\n<meta property=\"article:modified_time\" content=\"2025-07-10T06:53:36+00:00\" \/>\n<meta name=\"twitter:card\" content=\"summary_large_image\" \/>\n<meta name=\"twitter:label1\" content=\"Tempo estimado de leitura\" \/>\n\t<meta name=\"twitter:data1\" content=\"1 minuto\" \/>\n<script type=\"application\/ld+json\" class=\"yoast-schema-graph\">{\"@context\":\"https:\/\/schema.org\",\"@graph\":[{\"@type\":\"WebPage\",\"@id\":\"https:\/\/www.mpfiltri.com\/pt-pt\/thank-you-page-careers\/\",\"url\":\"https:\/\/www.mpfiltri.com\/pt-pt\/thank-you-page-careers\/\",\"name\":\"P\u00e1gina de agradecimento - Carreiras - MP Filtri\",\"isPartOf\":{\"@id\":\"https:\/\/www.mpfiltri.com\/pt-pt\/#website\"},\"datePublished\":\"2025-02-04T09:55:32+00:00\",\"dateModified\":\"2025-07-10T06:53:36+00:00\",\"breadcrumb\":{\"@id\":\"https:\/\/www.mpfiltri.com\/pt-pt\/thank-you-page-careers\/#breadcrumb\"},\"inLanguage\":\"pt-PT\",\"potentialAction\":[{\"@type\":\"ReadAction\",\"target\":[\"https:\/\/www.mpfiltri.com\/pt-pt\/thank-you-page-careers\/\"]}]},{\"@type\":\"BreadcrumbList\",\"@id\":\"https:\/\/www.mpfiltri.com\/pt-pt\/thank-you-page-careers\/#breadcrumb\",\"itemListElement\":[{\"@type\":\"ListItem\",\"position\":1,\"name\":\"Home\",\"item\":\"https:\/\/www.mpfiltri.com\/pt-pt\/\"},{\"@type\":\"ListItem\",\"position\":2,\"name\":\"P\u00e1gina de agradecimento &#8211; Carreiras\"}]},{\"@type\":\"WebSite\",\"@id\":\"https:\/\/www.mpfiltri.com\/pt-pt\/#website\",\"url\":\"https:\/\/www.mpfiltri.com\/pt-pt\/\",\"name\":\"MP Filtri\",\"description\":\"\",\"publisher\":{\"@id\":\"https:\/\/www.mpfiltri.com\/pt-pt\/#organization\"},\"potentialAction\":[{\"@type\":\"SearchAction\",\"target\":{\"@type\":\"EntryPoint\",\"urlTemplate\":\"https:\/\/www.mpfiltri.com\/pt-pt\/?s={search_term_string}\"},\"query-input\":{\"@type\":\"PropertyValueSpecification\",\"valueRequired\":true,\"valueName\":\"search_term_string\"}}],\"inLanguage\":\"pt-PT\"},{\"@type\":\"Organization\",\"@id\":\"https:\/\/www.mpfiltri.com\/pt-pt\/#organization\",\"name\":\"MP Filtri\",\"url\":\"https:\/\/www.mpfiltri.com\/pt-pt\/\",\"logo\":{\"@type\":\"ImageObject\",\"inLanguage\":\"pt-PT\",\"@id\":\"https:\/\/www.mpfiltri.com\/pt-pt\/#\/schema\/logo\/image\/\",\"url\":\"\",\"contentUrl\":\"\",\"caption\":\"MP Filtri\"},\"image\":{\"@id\":\"https:\/\/www.mpfiltri.com\/pt-pt\/#\/schema\/logo\/image\/\"},\"sameAs\":[\"https:\/\/www.facebook.com\/MPFiltriITA\",\"https:\/\/www.instagram.com\/mpfiltri\/\",\"https:\/\/www.youtube.com\/channel\/UCCzNMySYc1c4M-2B4v0K_QA?view_as=subscriber\",\"https:\/\/www.linkedin.com\/company\/mp-filtri-spa\/\"]}]}<\/script>\n<!-- \/ Yoast SEO plugin. -->","yoast_head_json":{"title":"P\u00e1gina de agradecimento - Carreiras - MP Filtri","robots":{"index":"index","follow":"follow","max-snippet":"max-snippet:-1","max-image-preview":"max-image-preview:large","max-video-preview":"max-video-preview:-1"},"canonical":"https:\/\/www.mpfiltri.com\/pt-pt\/thank-you-page-careers\/","og_locale":"pt_PT","og_type":"article","og_title":"P\u00e1gina de agradecimento - Carreiras - MP Filtri","og_description":"Obrigado! Sua mensagem foi enviada com sucesso! Nossa equipe responder\u00e1 a voc\u00ea o mais breve poss\u00edvel.","og_url":"https:\/\/www.mpfiltri.com\/pt-pt\/thank-you-page-careers\/","og_site_name":"MP Filtri","article_publisher":"https:\/\/www.facebook.com\/MPFiltriITA","article_modified_time":"2025-07-10T06:53:36+00:00","twitter_card":"summary_large_image","twitter_misc":{"Tempo estimado de leitura":"1 minuto"},"schema":{"@context":"https:\/\/schema.org","@graph":[{"@type":"WebPage","@id":"https:\/\/www.mpfiltri.com\/pt-pt\/thank-you-page-careers\/","url":"https:\/\/www.mpfiltri.com\/pt-pt\/thank-you-page-careers\/","name":"P\u00e1gina de agradecimento - Carreiras - MP Filtri","isPartOf":{"@id":"https:\/\/www.mpfiltri.com\/pt-pt\/#website"},"datePublished":"2025-02-04T09:55:32+00:00","dateModified":"2025-07-10T06:53:36+00:00","breadcrumb":{"@id":"https:\/\/www.mpfiltri.com\/pt-pt\/thank-you-page-careers\/#breadcrumb"},"inLanguage":"pt-PT","potentialAction":[{"@type":"ReadAction","target":["https:\/\/www.mpfiltri.com\/pt-pt\/thank-you-page-careers\/"]}]},{"@type":"BreadcrumbList","@id":"https:\/\/www.mpfiltri.com\/pt-pt\/thank-you-page-careers\/#breadcrumb","itemListElement":[{"@type":"ListItem","position":1,"name":"Home","item":"https:\/\/www.mpfiltri.com\/pt-pt\/"},{"@type":"ListItem","position":2,"name":"P\u00e1gina de agradecimento &#8211; Carreiras"}]},{"@type":"WebSite","@id":"https:\/\/www.mpfiltri.com\/pt-pt\/#website","url":"https:\/\/www.mpfiltri.com\/pt-pt\/","name":"MP Filtri","description":"","publisher":{"@id":"https:\/\/www.mpfiltri.com\/pt-pt\/#organization"},"potentialAction":[{"@type":"SearchAction","target":{"@type":"EntryPoint","urlTemplate":"https:\/\/www.mpfiltri.com\/pt-pt\/?s={search_term_string}"},"query-input":{"@type":"PropertyValueSpecification","valueRequired":true,"valueName":"search_term_string"}}],"inLanguage":"pt-PT"},{"@type":"Organization","@id":"https:\/\/www.mpfiltri.com\/pt-pt\/#organization","name":"MP Filtri","url":"https:\/\/www.mpfiltri.com\/pt-pt\/","logo":{"@type":"ImageObject","inLanguage":"pt-PT","@id":"https:\/\/www.mpfiltri.com\/pt-pt\/#\/schema\/logo\/image\/","url":"","contentUrl":"","caption":"MP Filtri"},"image":{"@id":"https:\/\/www.mpfiltri.com\/pt-pt\/#\/schema\/logo\/image\/"},"sameAs":["https:\/\/www.facebook.com\/MPFiltriITA","https:\/\/www.instagram.com\/mpfiltri\/","https:\/\/www.youtube.com\/channel\/UCCzNMySYc1c4M-2B4v0K_QA?view_as=subscriber","https:\/\/www.linkedin.com\/company\/mp-filtri-spa\/"]}]}},"featured_image_src":null,"featured_image_src_square":null,"_links":{"self":[{"href":"https:\/\/www.mpfiltri.com\/pt-pt\/wp-json\/wp\/v2\/pages\/33159","targetHints":{"allow":["GET"]}}],"collection":[{"href":"https:\/\/www.mpfiltri.com\/pt-pt\/wp-json\/wp\/v2\/pages"}],"about":[{"href":"https:\/\/www.mpfiltri.com\/pt-pt\/wp-json\/wp\/v2\/types\/page"}],"author":[{"embeddable":true,"href":"https:\/\/www.mpfiltri.com\/pt-pt\/wp-json\/wp\/v2\/users\/3"}],"replies":[{"embeddable":true,"href":"https:\/\/www.mpfiltri.com\/pt-pt\/wp-json\/wp\/v2\/comments?post=33159"}],"version-history":[{"count":2,"href":"https:\/\/www.mpfiltri.com\/pt-pt\/wp-json\/wp\/v2\/pages\/33159\/revisions"}],"predecessor-version":[{"id":35228,"href":"https:\/\/www.mpfiltri.com\/pt-pt\/wp-json\/wp\/v2\/pages\/33159\/revisions\/35228"}],"wp:attachment":[{"href":"https:\/\/www.mpfiltri.com\/pt-pt\/wp-json\/wp\/v2\/media?parent=33159"}],"curies":[{"name":"wp","href":"https:\/\/api.w.org\/{rel}","templated":true}]}}