

{"id":15825,"date":"2024-12-09T11:25:59","date_gmt":"2024-12-09T10:25:59","guid":{"rendered":"https:\/\/www.mpfiltri.com\/privacy-policy\/"},"modified":"2025-05-20T14:47:27","modified_gmt":"2025-05-20T12:47:27","slug":"politica-de-privacidade","status":"publish","type":"page","link":"https:\/\/www.mpfiltri.com\/pt-pt\/politica-de-privacidade\/","title":{"rendered":"Pol\u00edtica de privacidade"},"content":{"rendered":"\n<div class=\"wp-block-stackable-columns stk-block-columns stk-block stk-820bb05 body-lines height-100\" data-block-id=\"820bb05\"><style>.stk-820bb05 {margin-top:0px !important;margin-right:0px !important;margin-bottom:0px !important;margin-left:0px !important;}.stk-820bb05-column{--stk-columns-spacing:0px !important;}<\/style><div class=\"stk-row stk-inner-blocks stk-block-content stk-content-align stk-820bb05-column\">\n<div class=\"wp-block-stackable-column stk-block-column stk-column stk-block stk-745f29b\" data-v=\"4\" data-block-id=\"745f29b\"><div class=\"stk-column-wrapper stk-block-column__content stk-container stk-745f29b-container stk--no-background stk--no-padding\"><div class=\"stk-block-content stk-inner-blocks stk-745f29b-inner-blocks\"><\/div><\/div><\/div>\n<\/div><\/div>\n\n\n\n<div class=\"wp-block-stackable-columns stk-block-columns stk-block stk-ed0a22b\" data-block-id=\"ed0a22b\"><style>.stk-ed0a22b {border-color:#E6E6E6 !important;border-right-width:1px !important;border-left-width:1px !important;margin-top:0px !important;margin-right:0px !important;margin-bottom:0px !important;margin-left:0px !important;}<\/style><div class=\"stk-row stk-inner-blocks stk-block-content stk-content-align stk-ed0a22b-column\">\n<div class=\"wp-block-stackable-column stk-block-column stk-column stk-block stk-595eec5\" data-v=\"4\" data-block-id=\"595eec5\"><style>.stk-595eec5-inner-blocks{align-items:flex-start !important;}.stk-595eec5 {border-style:solid !important;border-color:#E6E6E6 !important;border-right-width:1px !important;border-left-width:1px !important;padding-right:30px !important;padding-left:30px !important;}<\/style><div class=\"stk-column-wrapper stk-block-column__content stk-container stk-595eec5-container stk--no-background stk--no-padding\"><div class=\"has-text-align-left stk--column-flex stk-block-content stk-inner-blocks stk-595eec5-inner-blocks\">\n<h2 class=\"wp-block-heading\" id=\"politica-de-privacidade\">Pol\u00edtica de privacidade<\/h2>\n\n\n\n<p><strong>O que esta pol\u00edtica de privacidade abrange?<\/strong><\/p>\n\n\n\n<p>Esta pol\u00edtica de privacidade se aplica ao dado pessoal relacionado a Voc\u00ea, coletado e tratado pela MP Filtri S.p.A., com escrit\u00f3rio registrado em Pessano Con Bornago (Mil\u00e3o), Via Primo Maggio, 3 &#8211; em sua posi\u00e7\u00e3o como controlador de dados &#8211; e suas respectivas afiliadas e subsidi\u00e1rias (Reconhecidos coletivamente como &#8220;<strong>MPFiltri<\/strong>&#8220;, &#8220;n\u00f3s&#8221; ou &#8220;nossos&#8221;, conforme for apropriado) por meio do site&nbsp;<a href=\"http:\/\/www.mpfiltri.com\/\" target=\"_blank\" rel=\"noreferrer noopener\">www.mpfiltri.com<\/a>&nbsp;(denominado como &#8220;<strong>Website<\/strong>&#8220;) assim como v\u00e1rios de nossos canais de comunica\u00e7\u00e3o, incluindo &#8211; mas n\u00e3o se limitando a &#8211; [aplicativos, redes sociais de terceiros, cliente, servi\u00e7o, pesquisas e eventos],&nbsp; de propriedade ou utilizada pela MPFiltri, a que se refere esta Pol\u00edtica de Privacidade.<\/p>\n\n\n\n<p>MPFiltri \u00e9 uma empresa global composta por v\u00e1rias pessoas jur\u00eddicas. O prop\u00f3sito desta pol\u00edtica de privacidade \u00e9 explicar como a MPFiltri trata (por exemplo, coleta, usa, armazena, compartilha ou transfere) os seus dados pessoais. Essa pol\u00edtica tamb\u00e9m fornece informa\u00e7\u00f5es sobre como voc\u00ea pode nos contatar e tomar decis\u00f5es sobre a forma como lidamos com os seus dados pessoais.<\/p>\n\n\n\n<div class=\"wp-block-stackable-spacer stk-block-spacer stk--no-padding stk-block stk-06b63b4\" data-block-id=\"06b63b4\"><\/div>\n\n\n\n<p><strong>Que dados pessoais n\u00f3s coletamos?<\/strong><\/p>\n\n\n\n<p>Dependendo da sua intera\u00e7\u00e3o conosco, podemos coletar os seguintes tipos de dados pessoais:<\/p>\n\n\n\n<p>(1) Dados de identifica\u00e7\u00e3o, como nome e sobrenome;<\/p>\n\n\n\n<p>(2) Dados de contato, como e-mail e telefone;<\/p>\n\n\n\n<p>(3) Dados relacionados \u00e0 vida profissional, como a empresa para qual voc\u00ea trabalha;<\/p>\n\n\n\n<p>(4) Informa\u00e7\u00f5es dos dispositivos utilizados para navegar na web, como endere\u00e7o de IP, sistema operacional, navegador utilizado e informa\u00e7\u00f5es coletadas atrav\u00e9s de cookies instalados no Website; e<\/p>\n\n\n\n<p>(5) Qualquer outra informa\u00e7\u00e3o que voc\u00ea nos forne\u00e7a espontaneamente.&nbsp;<\/p>\n\n\n\n<p>Para mais informa\u00e7\u00f5es sobre cookies, consulte a nossa&nbsp;<a href=\"http:\/\/www.mpfiltridobrasil.com.br\/cookie-policy.html\" target=\"_blank\" rel=\"noreferrer noopener\">Pol\u00edtica de Cookies<\/a>.<\/p>\n\n\n\n<p><strong>Privacidade de crian\u00e7as e adolescentes.<\/strong>&nbsp;MPFiltri n\u00e3o coleta dados de crian\u00e7as ou adolescentes intencionalmente porque os nossos servi\u00e7os n\u00e3o s\u00e3o dirigidos a indiv\u00edduos com idade inferior a dezoito anos (18). No caso de precisarmos tratar dados pessoais de indiv\u00edduos com menos de dezoito (18) anos de idade, garantimos que o tratamento de tais dados pessoais tem uma finalidade legal e leg\u00edtima.<\/p>\n\n\n\n<p>O fornecimento dos seus dados pessoais \u00e9 opcional, mas necess\u00e1rio para alcan\u00e7ar os objetivos indicados abaixo; em alguns casos, se voc\u00ea n\u00e3o nos fornecer os seus dados pessoais, poderemos n\u00e3o ser capazes de alcan\u00e7ar esses objetivos, como por exemplo fornecer os nossos produtos e\/ou servi\u00e7os.<\/p>\n\n\n\n<div class=\"wp-block-stackable-spacer stk-block-spacer stk--no-padding stk-block stk-28ce1dd\" data-block-id=\"28ce1dd\"><\/div>\n\n\n\n<p><strong>De que forma n\u00f3s coletamos seus dados pessoais?<\/strong><\/p>\n\n\n\n<p>Os dados que n\u00f3s tratamos s\u00e3o fornecidos diretamente por voc\u00ea: (i) por meio das suas intera\u00e7\u00f5es conosco, como quando voc\u00ea compra nossos produtos, liga para nosso suporte, quando solicita alguma informa\u00e7\u00e3o em nosso site, ou quando voc\u00ea preenche algum formul\u00e1rio de nosso site; (ii) em nosso site, por meio de Cookies ou tecnologias similares; e (iii) pelo seu dispositivo, por meio do qual nossos servidores pode coletar informa\u00e7\u00f5es automaticamente sobre voc\u00ea, seu dispositivo e sua atividade em nosso site.<\/p>\n\n\n\n<div class=\"wp-block-stackable-spacer stk-block-spacer stk--no-padding stk-block stk-f1545b2\" data-block-id=\"f1545b2\"><\/div>\n\n\n\n<p><strong>Para que finalidades n\u00f3s tratamos seus dados pessoais?<\/strong><\/p>\n\n\n\n<p>N\u00f3s podemos tratar seus dados pessoais para as seguintes finalidades:<\/p>\n\n\n\n<p>(1) Servi\u00e7os de atendimento ao consumidor: para lhe permitir utilizar os servi\u00e7os online que fornecemos atrav\u00e9s do Website; para responder \u00e0s suas perguntas e processar os seus pedidos de informa\u00e7\u00e3o; para nos comunicarmos com voc\u00ea; ou para a execu\u00e7\u00e3o de um contrato que temos com voc\u00ea;<\/p>\n\n\n\n<p>(2) Marketing: com o seu consentimento, para te enviar &#8211; mesmo atrav\u00e9s de sistemas de comunica\u00e7\u00e3o automatizados &#8211; comunica\u00e7\u00f5es comerciais de car\u00e1cter informativo ou promocional sobre os nossos produtos e servi\u00e7os (fins de marketing);<\/p>\n\n\n\n<p>(3) Intera\u00e7\u00f5es atrav\u00e9s de redes sociais e websites de terceiros: para te contatar atrav\u00e9s das redes sociais;<\/p>\n\n\n\n<p>(4) Cumprir obriga\u00e7\u00f5es legais ou regulat\u00f3rias a que estamos sujeitos; e<\/p>\n\n\n\n<p>(5) Exercer ou defender direitos em ju\u00edzo.<\/p>\n\n\n\n<div class=\"wp-block-stackable-spacer stk-block-spacer stk--no-padding stk-block stk-5ff32eb\" data-block-id=\"5ff32eb\"><\/div>\n\n\n\n<p><strong>Como tratamos os seus dados pessoais?<\/strong><\/p>\n\n\n\n<p>N\u00f3s adotamos medidas de seguran\u00e7a para proteger os seus dados pessoais contra destrui\u00e7\u00e3o, perda ou altera\u00e7\u00e3o (acidental ou ilegal), bem como contra a transmiss\u00e3o ou acesso n\u00e3o autorizado aos mesmos. No entanto, temos de salientar que estas medidas n\u00e3o se aplicam a informa\u00e7\u00f5es que voc\u00ea tenha escolhido compartilhar publicamente, tais como redes sociais de terceiros.<\/p>\n\n\n\n<p>Os seus dados pessoais ser\u00e3o tratados pelos nossos empregados ou agentes autorizados, na medida em que necessitem ter acesso a tais informa\u00e7\u00f5es, dependendo das finalidades espec\u00edficas para as quais os seus dados pessoais tenham sido coletados.<\/p>\n\n\n\n<div class=\"wp-block-stackable-spacer stk-block-spacer stk--no-padding stk-block stk-355f8b2\" data-block-id=\"355f8b2\"><\/div>\n\n\n\n<p><strong>Por quanto tempo mantemos seus dados pessoais?<\/strong><\/p>\n\n\n\n<p>Os seus dados pessoais ser\u00e3o armazenados durante diferentes per\u00edodos de tempo, dependendo das finalidades para as quais foram coletados, de acordo com a legisla\u00e7\u00e3o aplic\u00e1vel. Mais especificamente:<\/p>\n\n\n\n<p>(1) Os dados coletados para responder \u00e0s suas perguntas e para processar os seus pedidos de informa\u00e7\u00e3o ser\u00e3o armazenados durante um m\u00eas a partir da \u00faltima comunica\u00e7\u00e3o;<\/p>\n\n\n\n<p>(2) Os dados coletados para fins de marketing ser\u00e3o armazenados durante dois anos.<\/p>\n\n\n\n<p>Os dados coletados para outras finalidades ser\u00e3o armazenados durante o tempo necess\u00e1rio para atingir essas finalidades ou durante o tempo pelo qual somos obrigados a armazen\u00e1-los por lei e em conformidade com os regulamentos aplic\u00e1veis.<\/p>\n\n\n\n<p>Voc\u00ea pode obter mais detalhes sobre a reten\u00e7\u00e3o dos seus dados pessoais atrav\u00e9s dos canais de comunica\u00e7\u00e3o detalhados nesta pol\u00edtica.<\/p>\n\n\n\n<div class=\"wp-block-stackable-spacer stk-block-spacer stk--no-padding stk-block stk-1621b01\" data-block-id=\"1621b01\"><\/div>\n\n\n\n<p><strong>Com quem n\u00f3s compartilhamos seus dados pessoais?<\/strong><\/p>\n\n\n\n<p>MPFiltri pode compartilhar os seus dados pessoais dentro do grupo de empresas MPFiltri que est\u00e3o localizadas em todo o mundo e particularmente no Brasil, onde est\u00e1 a sede do nosso representante BRFILTRI Automa\u00e7\u00e3o e Com\u00e9rcio Ltda., quando relevante, necess\u00e1rio e for legalmente permitido.<\/p>\n\n\n\n<p>Al\u00e9m da comunidade de funcion\u00e1rios da MPFiltri, os seus dados pessoais podem ser tornados acess\u00edveis, levados ao conhecimento ou comunicados aos nossos prestadores de servi\u00e7os, que executam atividades de tratamento em nosso nome. Os prestadores de servi\u00e7os e os seus empregados selecionados s\u00f3 est\u00e3o autorizados a acessar os seus dados pessoais em nome de MPFiltri para as tarefas espec\u00edficas que lhes sejam solicitadas com base em nossas instru\u00e7\u00f5es diretas. Os nossos prestadores de servi\u00e7os est\u00e3o legal e contratualmente obrigados a manter os seus dados pessoais confidenciais e seguros, e em caso de viola\u00e7\u00e3o, s\u00e3o solidariamente respons\u00e1veis nos termos da legisla\u00e7\u00e3o aplic\u00e1vel.&nbsp;<\/p>\n\n\n\n<p>N\u00f3s tamb\u00e9m divulgaremos os seus dados pessoais a terceiros: (i) quando exigido pela lei aplic\u00e1vel; (ii) em resposta a procedimentos legais; (iii) em resposta a um pedido da autoridade legal competente; (iv) para proteger os nossos direitos, privacidade, seguran\u00e7a ou propriedade; e\/ou para fazer cumprir os termos de qualquer acordo ou os termos do nosso Website, produtos e servi\u00e7os, conforme exigido pela lei aplic\u00e1vel.<\/p>\n\n\n\n<p>Se os seus dados pessoais forem transferidos para outro pa\u00eds no decurso da presta\u00e7\u00e3o dos servi\u00e7os ou opera\u00e7\u00e3o entre empresas do mesmo grupo econ\u00f4mico da MPFiltri ou dos terceiros acima descritos, n\u00f3s (e os terceiros, quando aplic\u00e1vel) tomaremos as medidas exigidas por lei para assegurar que os seus dados pessoais permane\u00e7am protegidos, e que tal transfer\u00eancia seja efetuada de acordo com um dos mecanismos de transfer\u00eancia previstos na Lei n.\u00ba 13.709\/18 (Lei Geral de Prote\u00e7\u00e3o de Dados &#8211; &#8220;LGPD&#8221;).<\/p>\n\n\n\n<div class=\"wp-block-stackable-spacer stk-block-spacer stk--no-padding stk-block stk-7b6e8bd\" data-block-id=\"7b6e8bd\"><\/div>\n\n\n\n<p><strong>Os seus direitos de acordo com a LGPD<\/strong><\/p>\n\n\n\n<p>De acordo com a LGPD, voc\u00ea tem direito de nos solicitar, dependendo de circunst\u00e2ncias espec\u00edficas:<\/p>\n\n\n\n<p>(1) Informa\u00e7\u00f5es acerca do tratamento dos seus dados pessoais;<\/p>\n\n\n\n<p>(2) Acesso aos seus dados pessoais e receber uma c\u00f3pia deles;<\/p>\n\n\n\n<p>(3) Retificar dados incompletos, imprecisos ou n\u00e3o atualizados;&nbsp;<\/p>\n\n\n\n<p>(4) Exigir anonimiza\u00e7\u00e3o, bloqueio ou elimina\u00e7\u00e3o de dados desnecess\u00e1rios, excessivos ou tratados em desconformidade com o disposto na LGPD;<\/p>\n\n\n\n<p>(5) Obter a portabilidade dos seus dados pessoais, quando aplic\u00e1vel nos termos da LGPD;<\/p>\n\n\n\n<p>(6) Informa\u00e7\u00f5es das entidades p\u00fablicas e privadas com as quais compartilhamos os seus dados pessoais;<\/p>\n\n\n\n<p>(7) Informa\u00e7\u00f5es sobre a possibilidade de n\u00e3o dar o seu consentimento e sobre as consequ\u00eancias da negativa; e<\/p>\n\n\n\n<p>(8) Expressar oposi\u00e7\u00e3o ao tratamento que viola as disposi\u00e7\u00f5es da LGPD.<\/p>\n\n\n\n<p>Se o consentimento for necess\u00e1rio para o tratamento de dados pessoais, voc\u00ea poder\u00e1 revogar o consentimento j\u00e1 dado a qualquer momento, sem preju\u00edzo da legalidade do tratamento baseado no consentimento realizado antes da sua revoga\u00e7\u00e3o.<\/p>\n\n\n\n<p>Voc\u00ea pode exercer os direitos acima enviando um e-mail para privacy@mpfiltri.it.<\/p>\n\n\n\n<p>Al\u00e9m disso, tem o direito de apresentar uma peti\u00e7\u00e3o \u00e0 Autoridade Nacional de Prote\u00e7\u00e3o de Dados se acreditar que os seus direitos, de acordo com a LGPD, foram violados.<\/p>\n\n\n\n<p>Por favor, note que estes direitos n\u00e3o s\u00e3o absolutos e podem n\u00e3o ser aplic\u00e1veis em certos cen\u00e1rios. Se tiver alguma quest\u00e3o espec\u00edfica sobre os seus direitos de prote\u00e7\u00e3o de dados, sinta-se \u00e0 vontade para nos contatar atrav\u00e9s de&nbsp;privacy@mpfiltri.it.<\/p>\n\n\n\n<div class=\"wp-block-stackable-spacer stk-block-spacer stk--no-padding stk-block stk-5e704ad\" data-block-id=\"5e704ad\"><\/div>\n\n\n\n<p><strong>Links para outros sites<\/strong><\/p>\n\n\n\n<p>O Website ou qualquer outra ferramenta que se refira a esta Pol\u00edtica de Privacidade pode conter links para websites externos. Se clicar em um desses links, voc\u00ea ser\u00e1 redirecionado para um site n\u00e3o abrangido por esta Pol\u00edtica de Privacidade.<\/p>\n\n\n\n<div class=\"wp-block-stackable-spacer stk-block-spacer stk--no-padding stk-block stk-e3e76b1\" data-block-id=\"e3e76b1\"><\/div>\n\n\n\n<p><strong>Como entrar em contato conosco<\/strong><\/p>\n\n\n\n<p>Se tiver quaisquer coment\u00e1rios, perguntas ou reclama\u00e7\u00f5es em rela\u00e7\u00e3o a esta Pol\u00edtica de Privacidade ou sobre a forma como MPFiltri trata seus dados, contate-nos em&nbsp;privacy@mpfiltri.it.&nbsp;<\/p>\n\n\n\n<div class=\"wp-block-stackable-spacer stk-block-spacer stk--no-padding stk-block stk-1642918\" data-block-id=\"1642918\"><\/div>\n\n\n\n<p><strong>Altera\u00e7\u00f5es \u00e0 Pol\u00edtica de Privacidade<\/strong><\/p>\n\n\n\n<p>Esta Pol\u00edtica de Privacidade poder\u00e1 ser atualizada. Portanto, por favor consulte a \u00faltima vers\u00e3o dispon\u00edvel no Website.<\/p>\n\n\n\n<div class=\"wp-block-buttons is-layout-flex wp-block-buttons-is-layout-flex\">\n<div class=\"wp-block-button\"><a class=\"wp-block-button__link wp-element-button\" href=\"https:\/\/www.mpfiltri.com\/wp-content\/uploads\/2025\/05\/POLTICADEPRIVACIDADEBRPT.pdf\" target=\"_blank\" rel=\"noreferrer noopener\">Download<\/a><\/div>\n<\/div>\n<\/div><\/div><\/div>\n<\/div><\/div>\n\n\n\n<div class=\"wp-block-stackable-columns stk-block-columns stk-block stk-b4389cd body-lines height-100\" data-block-id=\"b4389cd\"><style>.stk-b4389cd {margin-top:0px !important;margin-right:0px !important;margin-bottom:0px !important;margin-left:0px !important;}.stk-b4389cd-column{--stk-columns-spacing:0px !important;}<\/style><div class=\"stk-row stk-inner-blocks stk-block-content stk-content-align stk-b4389cd-column\">\n<div class=\"wp-block-stackable-column stk-block-column stk-column stk-block stk-1007f7e\" data-v=\"4\" data-block-id=\"1007f7e\"><div class=\"stk-column-wrapper stk-block-column__content stk-container stk-1007f7e-container stk--no-background stk--no-padding\"><div class=\"stk-block-content stk-inner-blocks stk-1007f7e-inner-blocks\"><\/div><\/div><\/div>\n<\/div><\/div>\n","protected":false},"excerpt":{"rendered":"<p>Pol\u00edtica de privacidade O que esta pol\u00edtica de privacidade abrange? Esta pol\u00edtica de privacidade se aplica ao dado pessoal relacionado a Voc\u00ea, coletado e tratado pela MP Filtri S.p.A., com escrit\u00f3rio registrado em Pessano Con Bornago (Mil\u00e3o), Via Primo Maggio, 3 &#8211; em sua posi\u00e7\u00e3o como controlador de dados &#8211; e suas respectivas afiliadas e [&hellip;]<\/p>\n","protected":false},"author":3,"featured_media":0,"parent":0,"menu_order":324,"comment_status":"closed","ping_status":"open","template":"","meta":{"_acf_changed":false,"_gspb_post_css":"","inline_featured_image":false,"_genesis_hide_title":false,"_genesis_hide_breadcrumbs":false,"_genesis_hide_singular_image":false,"_genesis_hide_footer_widgets":false,"_genesis_custom_body_class":"","_genesis_custom_post_class":"","_genesis_layout":"","footnotes":"","_links_to":"","_links_to_target":""},"class_list":{"0":"post-15825","1":"page","2":"type-page","3":"status-publish","5":"entry"},"acf":[],"yoast_head":"<!-- This site is optimized with the Yoast SEO plugin v27.2 - https:\/\/yoast.com\/product\/yoast-seo-wordpress\/ -->\n<title>Pol\u00edtica de privacidade - MP Filtri<\/title>\n<meta name=\"robots\" content=\"index, follow, max-snippet:-1, max-image-preview:large, max-video-preview:-1\" \/>\n<link rel=\"canonical\" href=\"https:\/\/www.mpfiltri.com\/pt-pt\/politica-de-privacidade\/\" \/>\n<meta property=\"og:locale\" content=\"pt_PT\" \/>\n<meta property=\"og:type\" content=\"article\" \/>\n<meta property=\"og:title\" content=\"Pol\u00edtica de privacidade - MP Filtri\" \/>\n<meta property=\"og:description\" content=\"Pol\u00edtica de privacidade O que esta pol\u00edtica de privacidade abrange? Esta pol\u00edtica de privacidade se aplica ao dado pessoal relacionado a Voc\u00ea, coletado e tratado pela MP Filtri S.p.A., com escrit\u00f3rio registrado em Pessano Con Bornago (Mil\u00e3o), Via Primo Maggio, 3 &#8211; em sua posi\u00e7\u00e3o como controlador de dados &#8211; e suas respectivas afiliadas e [&hellip;]\" \/>\n<meta property=\"og:url\" content=\"https:\/\/www.mpfiltri.com\/pt-pt\/politica-de-privacidade\/\" \/>\n<meta property=\"og:site_name\" content=\"MP Filtri\" \/>\n<meta property=\"article:publisher\" content=\"https:\/\/www.facebook.com\/MPFiltriITA\" \/>\n<meta property=\"article:modified_time\" content=\"2025-05-20T12:47:27+00:00\" \/>\n<meta name=\"twitter:card\" content=\"summary_large_image\" \/>\n<meta name=\"twitter:label1\" content=\"Tempo estimado de leitura\" \/>\n\t<meta name=\"twitter:data1\" content=\"7 minutos\" \/>\n<script type=\"application\/ld+json\" class=\"yoast-schema-graph\">{\"@context\":\"https:\/\/schema.org\",\"@graph\":[{\"@type\":\"WebPage\",\"@id\":\"https:\/\/www.mpfiltri.com\/pt-pt\/politica-de-privacidade\/\",\"url\":\"https:\/\/www.mpfiltri.com\/pt-pt\/politica-de-privacidade\/\",\"name\":\"Pol\u00edtica de privacidade - MP Filtri\",\"isPartOf\":{\"@id\":\"https:\/\/www.mpfiltri.com\/pt-pt\/#website\"},\"datePublished\":\"2024-12-09T10:25:59+00:00\",\"dateModified\":\"2025-05-20T12:47:27+00:00\",\"breadcrumb\":{\"@id\":\"https:\/\/www.mpfiltri.com\/pt-pt\/politica-de-privacidade\/#breadcrumb\"},\"inLanguage\":\"pt-PT\",\"potentialAction\":[{\"@type\":\"ReadAction\",\"target\":[\"https:\/\/www.mpfiltri.com\/pt-pt\/politica-de-privacidade\/\"]}]},{\"@type\":\"BreadcrumbList\",\"@id\":\"https:\/\/www.mpfiltri.com\/pt-pt\/politica-de-privacidade\/#breadcrumb\",\"itemListElement\":[{\"@type\":\"ListItem\",\"position\":1,\"name\":\"Home\",\"item\":\"https:\/\/www.mpfiltri.com\/pt-pt\/\"},{\"@type\":\"ListItem\",\"position\":2,\"name\":\"Pol\u00edtica de privacidade\"}]},{\"@type\":\"WebSite\",\"@id\":\"https:\/\/www.mpfiltri.com\/pt-pt\/#website\",\"url\":\"https:\/\/www.mpfiltri.com\/pt-pt\/\",\"name\":\"MP Filtri\",\"description\":\"\",\"publisher\":{\"@id\":\"https:\/\/www.mpfiltri.com\/pt-pt\/#organization\"},\"potentialAction\":[{\"@type\":\"SearchAction\",\"target\":{\"@type\":\"EntryPoint\",\"urlTemplate\":\"https:\/\/www.mpfiltri.com\/pt-pt\/?s={search_term_string}\"},\"query-input\":{\"@type\":\"PropertyValueSpecification\",\"valueRequired\":true,\"valueName\":\"search_term_string\"}}],\"inLanguage\":\"pt-PT\"},{\"@type\":\"Organization\",\"@id\":\"https:\/\/www.mpfiltri.com\/pt-pt\/#organization\",\"name\":\"MP Filtri\",\"url\":\"https:\/\/www.mpfiltri.com\/pt-pt\/\",\"logo\":{\"@type\":\"ImageObject\",\"inLanguage\":\"pt-PT\",\"@id\":\"https:\/\/www.mpfiltri.com\/pt-pt\/#\/schema\/logo\/image\/\",\"url\":\"\",\"contentUrl\":\"\",\"caption\":\"MP Filtri\"},\"image\":{\"@id\":\"https:\/\/www.mpfiltri.com\/pt-pt\/#\/schema\/logo\/image\/\"},\"sameAs\":[\"https:\/\/www.facebook.com\/MPFiltriITA\",\"https:\/\/www.instagram.com\/mpfiltri\/\",\"https:\/\/www.youtube.com\/channel\/UCCzNMySYc1c4M-2B4v0K_QA?view_as=subscriber\",\"https:\/\/www.linkedin.com\/company\/mp-filtri-spa\/\"]}]}<\/script>\n<!-- \/ Yoast SEO plugin. -->","yoast_head_json":{"title":"Pol\u00edtica de privacidade - MP Filtri","robots":{"index":"index","follow":"follow","max-snippet":"max-snippet:-1","max-image-preview":"max-image-preview:large","max-video-preview":"max-video-preview:-1"},"canonical":"https:\/\/www.mpfiltri.com\/pt-pt\/politica-de-privacidade\/","og_locale":"pt_PT","og_type":"article","og_title":"Pol\u00edtica de privacidade - MP Filtri","og_description":"Pol\u00edtica de privacidade O que esta pol\u00edtica de privacidade abrange? Esta pol\u00edtica de privacidade se aplica ao dado pessoal relacionado a Voc\u00ea, coletado e tratado pela MP Filtri S.p.A., com escrit\u00f3rio registrado em Pessano Con Bornago (Mil\u00e3o), Via Primo Maggio, 3 &#8211; em sua posi\u00e7\u00e3o como controlador de dados &#8211; e suas respectivas afiliadas e [&hellip;]","og_url":"https:\/\/www.mpfiltri.com\/pt-pt\/politica-de-privacidade\/","og_site_name":"MP Filtri","article_publisher":"https:\/\/www.facebook.com\/MPFiltriITA","article_modified_time":"2025-05-20T12:47:27+00:00","twitter_card":"summary_large_image","twitter_misc":{"Tempo estimado de leitura":"7 minutos"},"schema":{"@context":"https:\/\/schema.org","@graph":[{"@type":"WebPage","@id":"https:\/\/www.mpfiltri.com\/pt-pt\/politica-de-privacidade\/","url":"https:\/\/www.mpfiltri.com\/pt-pt\/politica-de-privacidade\/","name":"Pol\u00edtica de privacidade - MP Filtri","isPartOf":{"@id":"https:\/\/www.mpfiltri.com\/pt-pt\/#website"},"datePublished":"2024-12-09T10:25:59+00:00","dateModified":"2025-05-20T12:47:27+00:00","breadcrumb":{"@id":"https:\/\/www.mpfiltri.com\/pt-pt\/politica-de-privacidade\/#breadcrumb"},"inLanguage":"pt-PT","potentialAction":[{"@type":"ReadAction","target":["https:\/\/www.mpfiltri.com\/pt-pt\/politica-de-privacidade\/"]}]},{"@type":"BreadcrumbList","@id":"https:\/\/www.mpfiltri.com\/pt-pt\/politica-de-privacidade\/#breadcrumb","itemListElement":[{"@type":"ListItem","position":1,"name":"Home","item":"https:\/\/www.mpfiltri.com\/pt-pt\/"},{"@type":"ListItem","position":2,"name":"Pol\u00edtica de privacidade"}]},{"@type":"WebSite","@id":"https:\/\/www.mpfiltri.com\/pt-pt\/#website","url":"https:\/\/www.mpfiltri.com\/pt-pt\/","name":"MP Filtri","description":"","publisher":{"@id":"https:\/\/www.mpfiltri.com\/pt-pt\/#organization"},"potentialAction":[{"@type":"SearchAction","target":{"@type":"EntryPoint","urlTemplate":"https:\/\/www.mpfiltri.com\/pt-pt\/?s={search_term_string}"},"query-input":{"@type":"PropertyValueSpecification","valueRequired":true,"valueName":"search_term_string"}}],"inLanguage":"pt-PT"},{"@type":"Organization","@id":"https:\/\/www.mpfiltri.com\/pt-pt\/#organization","name":"MP Filtri","url":"https:\/\/www.mpfiltri.com\/pt-pt\/","logo":{"@type":"ImageObject","inLanguage":"pt-PT","@id":"https:\/\/www.mpfiltri.com\/pt-pt\/#\/schema\/logo\/image\/","url":"","contentUrl":"","caption":"MP Filtri"},"image":{"@id":"https:\/\/www.mpfiltri.com\/pt-pt\/#\/schema\/logo\/image\/"},"sameAs":["https:\/\/www.facebook.com\/MPFiltriITA","https:\/\/www.instagram.com\/mpfiltri\/","https:\/\/www.youtube.com\/channel\/UCCzNMySYc1c4M-2B4v0K_QA?view_as=subscriber","https:\/\/www.linkedin.com\/company\/mp-filtri-spa\/"]}]}},"featured_image_src":null,"featured_image_src_square":null,"_links":{"self":[{"href":"https:\/\/www.mpfiltri.com\/pt-pt\/wp-json\/wp\/v2\/pages\/15825","targetHints":{"allow":["GET"]}}],"collection":[{"href":"https:\/\/www.mpfiltri.com\/pt-pt\/wp-json\/wp\/v2\/pages"}],"about":[{"href":"https:\/\/www.mpfiltri.com\/pt-pt\/wp-json\/wp\/v2\/types\/page"}],"author":[{"embeddable":true,"href":"https:\/\/www.mpfiltri.com\/pt-pt\/wp-json\/wp\/v2\/users\/3"}],"replies":[{"embeddable":true,"href":"https:\/\/www.mpfiltri.com\/pt-pt\/wp-json\/wp\/v2\/comments?post=15825"}],"version-history":[{"count":1,"href":"https:\/\/www.mpfiltri.com\/pt-pt\/wp-json\/wp\/v2\/pages\/15825\/revisions"}],"predecessor-version":[{"id":15872,"href":"https:\/\/www.mpfiltri.com\/pt-pt\/wp-json\/wp\/v2\/pages\/15825\/revisions\/15872"}],"wp:attachment":[{"href":"https:\/\/www.mpfiltri.com\/pt-pt\/wp-json\/wp\/v2\/media?parent=15825"}],"curies":[{"name":"wp","href":"https:\/\/api.w.org\/{rel}","templated":true}]}}