

{"id":15707,"date":"2024-12-09T13:23:14","date_gmt":"2024-12-09T12:23:14","guid":{"rendered":"https:\/\/www.mpfiltri.com\/cookie-policy\/"},"modified":"2025-05-20T14:28:44","modified_gmt":"2025-05-20T12:28:44","slug":"politica-de-cookies","status":"publish","type":"page","link":"https:\/\/www.mpfiltri.com\/pt-pt\/politica-de-cookies\/","title":{"rendered":"Pol\u00edtica de cookies"},"content":{"rendered":"\n<div class=\"wp-block-stackable-columns stk-block-columns stk-block stk-820bb05 body-lines height-100\" data-block-id=\"820bb05\"><style>.stk-820bb05 {margin-top:0px !important;margin-right:0px !important;margin-bottom:0px !important;margin-left:0px !important;}.stk-820bb05-column{--stk-columns-spacing:0px !important;}<\/style><div class=\"stk-row stk-inner-blocks stk-block-content stk-content-align stk-820bb05-column\">\n<div class=\"wp-block-stackable-column stk-block-column stk-column stk-block stk-745f29b\" data-v=\"4\" data-block-id=\"745f29b\"><div class=\"stk-column-wrapper stk-block-column__content stk-container stk-745f29b-container stk--no-background stk--no-padding\"><div class=\"stk-block-content stk-inner-blocks stk-745f29b-inner-blocks\"><\/div><\/div><\/div>\n<\/div><\/div>\n\n\n\n<div class=\"wp-block-stackable-columns stk-block-columns stk-block stk-0cf28ed\" data-block-id=\"0cf28ed\"><style>.stk-0cf28ed {margin-top:0px !important;margin-right:0px !important;margin-bottom:0px !important;margin-left:0px !important;}<\/style><div class=\"stk-row stk-inner-blocks stk-block-content stk-content-align stk-0cf28ed-column\">\n<div class=\"wp-block-stackable-column stk-block-column stk-column stk-block stk-048f6ae\" data-v=\"4\" data-block-id=\"048f6ae\"><style>.stk-048f6ae-inner-blocks{align-items:flex-start !important;}.stk-048f6ae {border-style:solid !important;border-color:#E6E6E6 !important;border-right-width:1px !important;border-left-width:1px !important;padding-right:30px !important;padding-left:30px !important;}<\/style><div class=\"stk-column-wrapper stk-block-column__content stk-container stk-048f6ae-container stk--no-background stk--no-padding\"><div class=\"has-text-align-left stk--column-flex stk-block-content stk-inner-blocks stk-048f6ae-inner-blocks\">\n<h2 class=\"wp-block-heading\" id=\"politica-de-cookies\">Pol\u00edtica de cookies<\/h2>\n\n\n\n<p><em>Documento informativo sobre tratamento de dados pessoais<\/em><\/p>\n\n\n\n<p>Esse documento fornece informa\u00e7\u00f5es acerca do uso de Cookies no site&nbsp;<a href=\"https:\/\/www.mpfiltridobrasil.com.br\/\">https:\/\/www.mpfiltridobrasil.com.br\/<\/a>&nbsp;(&#8220;site&#8221;).<\/p>\n\n\n\n<p><strong>O QUE S\u00c3O COOKIES?<\/strong><\/p>\n\n\n\n<p>Cookies s\u00e3o pequenos arquivos de texto que um site envia para o dispositivo (PC, notebook, smartphone, tablet, etc.), enquanto se navega na web: normalmente os cookies s\u00e3o armazenados no navegador utilizado para navegar na web. O website, que os transmitiu, pode ler e gravar cookies no dispositivo para obter diferentes tipos de informa\u00e7\u00e3o.<\/p>\n\n\n\n<p>Os cookies s\u00e3o utilizados para v\u00e1rias finalidades: autentica\u00e7\u00e3o do dispositivo, monitoramento de sess\u00f5es, armazenamento de configura\u00e7\u00f5es espec\u00edficas relativas aos usu\u00e1rios acessando o servidor etc.<\/p>\n\n\n\n<p>Voc\u00ea pode obter mais informa\u00e7\u00f5es sobre os cookies e a sua utiliza\u00e7\u00e3o em&nbsp;<a href=\"http:\/\/www.allaboutcookies.org\/\" target=\"_blank\" rel=\"noreferrer noopener\">www.allaboutcookies.org<\/a>.<\/p>\n\n\n\n<p><strong>PORQUE USAMOS COOKIES?<\/strong><\/p>\n\n\n\n<p>Este site pode utilizar cookies por v\u00e1rias raz\u00f5es. Em algumas das se\u00e7\u00f5es de nosso site, os cookies s\u00e3o essenciais para utiliza\u00e7\u00e3o dos nossos servi\u00e7os. Estamos sempre \u00e0 procura de novas formas de melhorar o nosso site e de facilitar que nossos clientes conhe\u00e7am nossos servi\u00e7os. Portanto, \u00e9 importante para n\u00f3s compreender a experi\u00eancia do usu\u00e1rio em nosso site.<\/p>\n\n\n\n<p><strong>QUAIS S\u00c3O OS TIPOS DE COOKIES EXISTENTES?<\/strong><\/p>\n\n\n\n<p>Existem duas categorias principais de cookies, que apresentam diferentes caracter\u00edsticas: cookies necess\u00e1rios (\u201ct\u00e9cnicos\u201d) e cookies de terceiros.<\/p>\n\n\n\n<p>Os cookies t\u00e9cnicos s\u00e3o necess\u00e1rios para que o website funcione corretamente e para permitir uma experi\u00eancia de navega\u00e7\u00e3o adequada. Sem eles \u00e9 poss\u00edvel que algumas das p\u00e1ginas do site n\u00e3o sejam exibidas corretamente.<\/p>\n\n\n\n<p>Entre as muitas coisas para as quais s\u00e3o os cookies t\u00e9cnicos s\u00e3o necess\u00e1rios, por favor note que eles s\u00e3o essenciais, por exemplo, para manter o usu\u00e1rio logado quando visita um site ou para armazenar as defini\u00e7\u00f5es de idioma.<\/p>\n\n\n\n<p>Cookies t\u00e9cnicos podem ser divididos em:<\/p>\n\n\n\n<ul class=\"wp-block-list\">\n<li>cookies de sess\u00e3o, que garantem a correta navega\u00e7\u00e3o no site;<\/li>\n\n\n\n<li>cookies de funcionalidade, que permitem uma navega\u00e7\u00e3o baseada em crit\u00e9rios selecionados (l\u00edngua, produtos que o usu\u00e1rio selecionou para compra), a fim de melhorar o servi\u00e7o;<\/li>\n<\/ul>\n\n\n\n<p>H\u00e1 tamb\u00e9m os cookies anal\u00edticos, semelhantes aos cookies necess\u00e1rios e utilizados pelo gestor do site para coletar informa\u00e7\u00f5es sobre o n\u00famero de usu\u00e1rios e sobre a forma como eles navegam no site.<\/p>\n\n\n\n<p>Os cookies t\u00e9cnicos e anal\u00edticos tamb\u00e9m podem ser fornecidos por terceiros (conhecidos como \u201ccookies de terceiros\u201d): podem corresponder a todos os tipos indicados acima, sendo geridos de forma an\u00f4nima e agregada, ou de uma forma que permita a identifica\u00e7\u00e3o dos usu\u00e1rios, mesmo que isso aconte\u00e7a ocasionalmente.<\/p>\n\n\n\n<p>Por fim, existem tamb\u00e9m cookies de perfil que s\u00e3o utilizados para categorizar o usu\u00e1rio e para enviar mensagens publicit\u00e1rias correspondentes \u00e0s prefer\u00eancias indicadas durante a navega\u00e7\u00e3o no site.<\/p>\n\n\n\n<p><strong>QUAIS COOKIES ESTE SITE USA?<\/strong><\/p>\n\n\n\n<p>Este site usa cookies necess\u00e1rios (tanto pr\u00f3prios quanto fornecidos por terceiros), para assegurar o correto funcionamento e a navega\u00e7\u00e3o no site um melhor funcionamento do site.<\/p>\n\n\n\n<p>Este site tamb\u00e9m usa cookies anal\u00edticos para coletar informa\u00e7\u00f5es sobre o n\u00famero de usu\u00e1rios que navegam no site e sobre a forma como eles navegam. Esses Cookies s\u00e3o coletados e analisados de forma an\u00f4nima e agregada.<\/p>\n\n\n\n<p>Este site n\u00e3o utiliza cookies de perfil.<\/p>\n\n\n\n<p><strong>COOKIES DE TERCEIROS<\/strong><\/p>\n\n\n\n<p>Este Website&nbsp; utiliza cookies de terceiro &#8220;Matomo&#8221;. Este \u00e9 um servi\u00e7o de an\u00e1lise estat\u00edstica independente que permite analisar,de forma an\u00f4nima, como os usu\u00e1rios visitam o site. A informa\u00e7\u00e3o gerada pelo cookie sobre seu uso do site &#8211; incluindo seu endere\u00e7o IP &#8211; s\u00e9 armazenada nos servidores do\u00e9 armazenada nos servidores do Matomo.&nbsp;<\/p>\n\n\n\n<p>Se voc\u00ea preferir que o Matomo n\u00e3o utilize os dados coletados, voc\u00ea pode alterar a configura\u00e7\u00e3o do navegador. Nas configura\u00e7\u00f5es do seu navegador, voc\u00ea pode encontrar informa\u00e7\u00f5es sobre como alterar as suas escolhas relativas \u00e0s configura\u00e7\u00f5es dos cookies.<\/p>\n\n\n\n<p>Atrav\u00e9s desses links, voc\u00ea pode encontrar mais informa\u00e7\u00f5es sobre cookies fornecidos pelos seus navegadores:<\/p>\n\n\n\n<p>Internet Explorer:&nbsp;<a href=\"http:\/\/windows.microsoft.com\/it-It\/windows7\/Block-enable-or-allow-cookies\" target=\"_blank\" rel=\"noreferrer noopener\">http:\/\/windows.microsoft.com\/it-It\/windows7\/Block-enable-or-allow-cookies<\/a><\/p>\n\n\n\n<p>Safari:&nbsp;<a href=\"http:\/\/www.apple.com\/it\/support\" target=\"_blank\" rel=\"noreferrer noopener\">http:\/\/www.apple.com\/it\/support<\/a><\/p>\n\n\n\n<p>Chrome:&nbsp;<a href=\"https:\/\/support.google.com\/chrome\/answer\/95647?hl=it&amp;hlrm=en\" target=\"_blank\" rel=\"noreferrer noopener\">https:\/\/support.google.com\/chrome\/answer\/95647?hl=it&amp;hlrm=en&nbsp;<\/a><\/p>\n\n\n\n<p>Firefox:&nbsp;<a href=\"http:\/\/support.mozilla.org\/it\/kb\/Attivare%20e%20disattivare%20i%20cookie\" target=\"_blank\" rel=\"noreferrer noopener\">http:\/\/support.mozilla.org\/it\/kb\/Attivare%20e%20disattivare%20i%20cookie<\/a><\/p>\n\n\n\n<p>Opera:&nbsp;<a href=\"http:\/\/help.opera.com\/Windows\/10.20\/it\/cookies.html\" target=\"_blank\" rel=\"noreferrer noopener\">http:\/\/help.opera.com\/Windows\/10.20\/it\/cookies.html<\/a><\/p>\n\n\n\n<p>Se voc\u00ea desativar a fun\u00e7\u00e3o de monitoramento, o site continuar\u00e1 acess\u00edvel. Para um opt-out permanente, o navegador deve aceitar cookies permanentes. Se o seu navegador n\u00e3o aceitar cookies permanentes, ent\u00e3o n\u00e3o \u00e9 tecnicamente poss\u00edvel registar o opt-out. Por favor, utilize as funcionalidades do seu navegador para desativar o monitoramento (ver o website&nbsp;<a href=\"http:\/\/www.allaboutcookies.org\/\" target=\"_blank\" rel=\"noreferrer noopener\">www.allaboutcookies.org<\/a>).<\/p>\n\n\n\n<p>Para eliminar cookies do navegador da Internet, consulte o manual do usu\u00e1rio do dispositivo.<\/p>\n\n\n\n<p><strong>COOKIES DE REDES SOCIAIS<\/strong><\/p>\n\n\n\n<p>Estes s\u00e3o cookies que permitem ao usu\u00e1rio interagir com o site. Estes cookies n\u00e3o s\u00e3o necess\u00e1rios para o funcionamento deste site.<\/p>\n\n\n\n<p>A sua utiliza\u00e7\u00e3o mais comum diz respeito ao compartilhamento de conte\u00fados.<\/p>\n\n\n\n<p>A gest\u00e3o da informa\u00e7\u00e3o coletada por &#8220;terceiros&#8221; \u00e9 regida por informa\u00e7\u00f5es que podem ser verificadas dentro das mesmas redes sociais.<\/p>\n\n\n\n<div class=\"wp-block-buttons is-layout-flex wp-block-buttons-is-layout-flex\">\n<div class=\"wp-block-button\"><a class=\"wp-block-button__link wp-element-button\" href=\"https:\/\/www.mpfiltri.com\/wp-content\/uploads\/2025\/05\/v3Dqz4_POLITICADECOOKIESBRPTREV.pdf\" target=\"_blank\" rel=\"noreferrer noopener\">Download<\/a><\/div>\n<\/div>\n<\/div><\/div><\/div>\n<\/div><\/div>\n\n\n\n<div class=\"wp-block-stackable-columns stk-block-columns stk-block stk-cb27d40 body-lines height-100\" data-block-id=\"cb27d40\"><style>.stk-cb27d40 {margin-top:0px !important;margin-right:0px !important;margin-bottom:0px !important;margin-left:0px !important;}.stk-cb27d40-column{--stk-columns-spacing:0px !important;}<\/style><div class=\"stk-row stk-inner-blocks stk-block-content stk-content-align stk-cb27d40-column\">\n<div class=\"wp-block-stackable-column stk-block-column stk-column stk-block stk-118f174\" data-v=\"4\" data-block-id=\"118f174\"><div class=\"stk-column-wrapper stk-block-column__content stk-container stk-118f174-container stk--no-background stk--no-padding\"><div class=\"stk-block-content stk-inner-blocks stk-118f174-inner-blocks\"><\/div><\/div><\/div>\n<\/div><\/div>\n","protected":false},"excerpt":{"rendered":"<p>Pol\u00edtica de cookies Documento informativo sobre tratamento de dados pessoais Esse documento fornece informa\u00e7\u00f5es acerca do uso de Cookies no site&nbsp;https:\/\/www.mpfiltridobrasil.com.br\/&nbsp;(&#8220;site&#8221;). O QUE S\u00c3O COOKIES? Cookies s\u00e3o pequenos arquivos de texto que um site envia para o dispositivo (PC, notebook, smartphone, tablet, etc.), enquanto se navega na web: normalmente os cookies s\u00e3o armazenados no navegador [&hellip;]<\/p>\n","protected":false},"author":3,"featured_media":0,"parent":0,"menu_order":287,"comment_status":"closed","ping_status":"closed","template":"","meta":{"_acf_changed":false,"_gspb_post_css":"","inline_featured_image":false,"_genesis_hide_title":false,"_genesis_hide_breadcrumbs":false,"_genesis_hide_singular_image":false,"_genesis_hide_footer_widgets":false,"_genesis_custom_body_class":"","_genesis_custom_post_class":"","_genesis_layout":"","footnotes":"","_links_to":"","_links_to_target":""},"class_list":{"0":"post-15707","1":"page","2":"type-page","3":"status-publish","5":"entry"},"acf":[],"yoast_head":"<!-- This site is optimized with the Yoast SEO plugin v27.2 - https:\/\/yoast.com\/product\/yoast-seo-wordpress\/ -->\n<title>Pol\u00edtica de cookies - MP Filtri<\/title>\n<meta name=\"robots\" content=\"index, follow, max-snippet:-1, max-image-preview:large, max-video-preview:-1\" \/>\n<link rel=\"canonical\" href=\"https:\/\/www.mpfiltri.com\/pt-pt\/politica-de-cookies\/\" \/>\n<meta property=\"og:locale\" content=\"pt_PT\" \/>\n<meta property=\"og:type\" content=\"article\" \/>\n<meta property=\"og:title\" content=\"Pol\u00edtica de cookies - MP Filtri\" \/>\n<meta property=\"og:description\" content=\"Pol\u00edtica de cookies Documento informativo sobre tratamento de dados pessoais Esse documento fornece informa\u00e7\u00f5es acerca do uso de Cookies no site&nbsp;https:\/\/www.mpfiltridobrasil.com.br\/&nbsp;(&#8220;site&#8221;). O QUE S\u00c3O COOKIES? Cookies s\u00e3o pequenos arquivos de texto que um site envia para o dispositivo (PC, notebook, smartphone, tablet, etc.), enquanto se navega na web: normalmente os cookies s\u00e3o armazenados no navegador [&hellip;]\" \/>\n<meta property=\"og:url\" content=\"https:\/\/www.mpfiltri.com\/pt-pt\/politica-de-cookies\/\" \/>\n<meta property=\"og:site_name\" content=\"MP Filtri\" \/>\n<meta property=\"article:publisher\" content=\"https:\/\/www.facebook.com\/MPFiltriITA\" \/>\n<meta property=\"article:modified_time\" content=\"2025-05-20T12:28:44+00:00\" \/>\n<meta name=\"twitter:card\" content=\"summary_large_image\" \/>\n<meta name=\"twitter:label1\" content=\"Tempo estimado de leitura\" \/>\n\t<meta name=\"twitter:data1\" content=\"4 minutos\" \/>\n<script type=\"application\/ld+json\" class=\"yoast-schema-graph\">{\"@context\":\"https:\/\/schema.org\",\"@graph\":[{\"@type\":\"WebPage\",\"@id\":\"https:\/\/www.mpfiltri.com\/pt-pt\/politica-de-cookies\/\",\"url\":\"https:\/\/www.mpfiltri.com\/pt-pt\/politica-de-cookies\/\",\"name\":\"Pol\u00edtica de cookies - MP Filtri\",\"isPartOf\":{\"@id\":\"https:\/\/www.mpfiltri.com\/pt-pt\/#website\"},\"datePublished\":\"2024-12-09T12:23:14+00:00\",\"dateModified\":\"2025-05-20T12:28:44+00:00\",\"breadcrumb\":{\"@id\":\"https:\/\/www.mpfiltri.com\/pt-pt\/politica-de-cookies\/#breadcrumb\"},\"inLanguage\":\"pt-PT\",\"potentialAction\":[{\"@type\":\"ReadAction\",\"target\":[\"https:\/\/www.mpfiltri.com\/pt-pt\/politica-de-cookies\/\"]}]},{\"@type\":\"BreadcrumbList\",\"@id\":\"https:\/\/www.mpfiltri.com\/pt-pt\/politica-de-cookies\/#breadcrumb\",\"itemListElement\":[{\"@type\":\"ListItem\",\"position\":1,\"name\":\"Home\",\"item\":\"https:\/\/www.mpfiltri.com\/pt-pt\/\"},{\"@type\":\"ListItem\",\"position\":2,\"name\":\"Pol\u00edtica de cookies\"}]},{\"@type\":\"WebSite\",\"@id\":\"https:\/\/www.mpfiltri.com\/pt-pt\/#website\",\"url\":\"https:\/\/www.mpfiltri.com\/pt-pt\/\",\"name\":\"MP Filtri\",\"description\":\"\",\"publisher\":{\"@id\":\"https:\/\/www.mpfiltri.com\/pt-pt\/#organization\"},\"potentialAction\":[{\"@type\":\"SearchAction\",\"target\":{\"@type\":\"EntryPoint\",\"urlTemplate\":\"https:\/\/www.mpfiltri.com\/pt-pt\/?s={search_term_string}\"},\"query-input\":{\"@type\":\"PropertyValueSpecification\",\"valueRequired\":true,\"valueName\":\"search_term_string\"}}],\"inLanguage\":\"pt-PT\"},{\"@type\":\"Organization\",\"@id\":\"https:\/\/www.mpfiltri.com\/pt-pt\/#organization\",\"name\":\"MP Filtri\",\"url\":\"https:\/\/www.mpfiltri.com\/pt-pt\/\",\"logo\":{\"@type\":\"ImageObject\",\"inLanguage\":\"pt-PT\",\"@id\":\"https:\/\/www.mpfiltri.com\/pt-pt\/#\/schema\/logo\/image\/\",\"url\":\"\",\"contentUrl\":\"\",\"caption\":\"MP Filtri\"},\"image\":{\"@id\":\"https:\/\/www.mpfiltri.com\/pt-pt\/#\/schema\/logo\/image\/\"},\"sameAs\":[\"https:\/\/www.facebook.com\/MPFiltriITA\",\"https:\/\/www.instagram.com\/mpfiltri\/\",\"https:\/\/www.youtube.com\/channel\/UCCzNMySYc1c4M-2B4v0K_QA?view_as=subscriber\",\"https:\/\/www.linkedin.com\/company\/mp-filtri-spa\/\"]}]}<\/script>\n<!-- \/ Yoast SEO plugin. -->","yoast_head_json":{"title":"Pol\u00edtica de cookies - MP Filtri","robots":{"index":"index","follow":"follow","max-snippet":"max-snippet:-1","max-image-preview":"max-image-preview:large","max-video-preview":"max-video-preview:-1"},"canonical":"https:\/\/www.mpfiltri.com\/pt-pt\/politica-de-cookies\/","og_locale":"pt_PT","og_type":"article","og_title":"Pol\u00edtica de cookies - MP Filtri","og_description":"Pol\u00edtica de cookies Documento informativo sobre tratamento de dados pessoais Esse documento fornece informa\u00e7\u00f5es acerca do uso de Cookies no site&nbsp;https:\/\/www.mpfiltridobrasil.com.br\/&nbsp;(&#8220;site&#8221;). O QUE S\u00c3O COOKIES? Cookies s\u00e3o pequenos arquivos de texto que um site envia para o dispositivo (PC, notebook, smartphone, tablet, etc.), enquanto se navega na web: normalmente os cookies s\u00e3o armazenados no navegador [&hellip;]","og_url":"https:\/\/www.mpfiltri.com\/pt-pt\/politica-de-cookies\/","og_site_name":"MP Filtri","article_publisher":"https:\/\/www.facebook.com\/MPFiltriITA","article_modified_time":"2025-05-20T12:28:44+00:00","twitter_card":"summary_large_image","twitter_misc":{"Tempo estimado de leitura":"4 minutos"},"schema":{"@context":"https:\/\/schema.org","@graph":[{"@type":"WebPage","@id":"https:\/\/www.mpfiltri.com\/pt-pt\/politica-de-cookies\/","url":"https:\/\/www.mpfiltri.com\/pt-pt\/politica-de-cookies\/","name":"Pol\u00edtica de cookies - MP Filtri","isPartOf":{"@id":"https:\/\/www.mpfiltri.com\/pt-pt\/#website"},"datePublished":"2024-12-09T12:23:14+00:00","dateModified":"2025-05-20T12:28:44+00:00","breadcrumb":{"@id":"https:\/\/www.mpfiltri.com\/pt-pt\/politica-de-cookies\/#breadcrumb"},"inLanguage":"pt-PT","potentialAction":[{"@type":"ReadAction","target":["https:\/\/www.mpfiltri.com\/pt-pt\/politica-de-cookies\/"]}]},{"@type":"BreadcrumbList","@id":"https:\/\/www.mpfiltri.com\/pt-pt\/politica-de-cookies\/#breadcrumb","itemListElement":[{"@type":"ListItem","position":1,"name":"Home","item":"https:\/\/www.mpfiltri.com\/pt-pt\/"},{"@type":"ListItem","position":2,"name":"Pol\u00edtica de cookies"}]},{"@type":"WebSite","@id":"https:\/\/www.mpfiltri.com\/pt-pt\/#website","url":"https:\/\/www.mpfiltri.com\/pt-pt\/","name":"MP Filtri","description":"","publisher":{"@id":"https:\/\/www.mpfiltri.com\/pt-pt\/#organization"},"potentialAction":[{"@type":"SearchAction","target":{"@type":"EntryPoint","urlTemplate":"https:\/\/www.mpfiltri.com\/pt-pt\/?s={search_term_string}"},"query-input":{"@type":"PropertyValueSpecification","valueRequired":true,"valueName":"search_term_string"}}],"inLanguage":"pt-PT"},{"@type":"Organization","@id":"https:\/\/www.mpfiltri.com\/pt-pt\/#organization","name":"MP Filtri","url":"https:\/\/www.mpfiltri.com\/pt-pt\/","logo":{"@type":"ImageObject","inLanguage":"pt-PT","@id":"https:\/\/www.mpfiltri.com\/pt-pt\/#\/schema\/logo\/image\/","url":"","contentUrl":"","caption":"MP Filtri"},"image":{"@id":"https:\/\/www.mpfiltri.com\/pt-pt\/#\/schema\/logo\/image\/"},"sameAs":["https:\/\/www.facebook.com\/MPFiltriITA","https:\/\/www.instagram.com\/mpfiltri\/","https:\/\/www.youtube.com\/channel\/UCCzNMySYc1c4M-2B4v0K_QA?view_as=subscriber","https:\/\/www.linkedin.com\/company\/mp-filtri-spa\/"]}]}},"featured_image_src":null,"featured_image_src_square":null,"_links":{"self":[{"href":"https:\/\/www.mpfiltri.com\/pt-pt\/wp-json\/wp\/v2\/pages\/15707","targetHints":{"allow":["GET"]}}],"collection":[{"href":"https:\/\/www.mpfiltri.com\/pt-pt\/wp-json\/wp\/v2\/pages"}],"about":[{"href":"https:\/\/www.mpfiltri.com\/pt-pt\/wp-json\/wp\/v2\/types\/page"}],"author":[{"embeddable":true,"href":"https:\/\/www.mpfiltri.com\/pt-pt\/wp-json\/wp\/v2\/users\/3"}],"replies":[{"embeddable":true,"href":"https:\/\/www.mpfiltri.com\/pt-pt\/wp-json\/wp\/v2\/comments?post=15707"}],"version-history":[{"count":2,"href":"https:\/\/www.mpfiltri.com\/pt-pt\/wp-json\/wp\/v2\/pages\/15707\/revisions"}],"predecessor-version":[{"id":15749,"href":"https:\/\/www.mpfiltri.com\/pt-pt\/wp-json\/wp\/v2\/pages\/15707\/revisions\/15749"}],"wp:attachment":[{"href":"https:\/\/www.mpfiltri.com\/pt-pt\/wp-json\/wp\/v2\/media?parent=15707"}],"curies":[{"name":"wp","href":"https:\/\/api.w.org\/{rel}","templated":true}]}}