

{"id":14321,"date":"2024-12-11T10:57:43","date_gmt":"2024-12-11T09:57:43","guid":{"rendered":"https:\/\/www.mpfiltri.com\/knowledge-center\/"},"modified":"2025-06-27T17:07:12","modified_gmt":"2025-06-27T15:07:12","slug":"centro-de-conhecimento","status":"publish","type":"page","link":"https:\/\/www.mpfiltri.com\/pt-pt\/recursos\/centro-de-conhecimento\/","title":{"rendered":"Centro de conhecimento"},"content":{"rendered":"\n<div class=\"wp-block-media-text has-media-on-the-right is-stacked-on-mobile\"><div class=\"wp-block-media-text__content\">\n<h2 class=\"wp-block-heading\" id=\"conhecimento-de-filtragem-hidraulica\">CONHECIMENTO DE FILTRAGEM HIDR\u00c1ULICA<\/h2>\n\n\n\n<p>Um comp\u00eandio vital de informa\u00e7\u00f5es que descreve tudo, desde os padr\u00f5es ISO at\u00e9 os \u00faltimos avan\u00e7os em tecnologia de filtra\u00e7\u00e3o e elemento. Esta se\u00e7\u00e3o descreve tudo o que voc\u00ea precisa saber sobre gerenciamento de contamina\u00e7\u00e3o, dimensionamento de filtra\u00e7\u00e3o e compatibilidade de fluidos.<\/p>\n\n\n\n<div class=\"wp-block-buttons is-layout-flex wp-block-buttons-is-layout-flex\">\n<div class=\"wp-block-button\"><a class=\"wp-block-button__link wp-element-button\" href=\"https:\/\/www.mpfiltri.com\/pt-pt\/recursos\/centro-de-conhecimento\/conhecimento-de-filtragem-hidraulica\/\">Continuar<\/a><\/div>\n<\/div>\n<\/div><figure class=\"wp-block-media-text__media\"><img loading=\"lazy\" decoding=\"async\" width=\"1024\" height=\"641\" src=\"https:\/\/www.mpfiltri.com\/wp-content\/uploads\/2025\/02\/hydraulic-filtration-knowledge-1024x641.jpg\" alt=\"HYDRAULIC FILTRATION KNOWLEDGE\" class=\"wp-image-2640 size-full\" srcset=\"https:\/\/www.mpfiltri.com\/wp-content\/uploads\/2025\/02\/hydraulic-filtration-knowledge-1024x641.jpg 1024w, https:\/\/www.mpfiltri.com\/wp-content\/uploads\/2025\/02\/hydraulic-filtration-knowledge-300x188.jpg 300w, https:\/\/www.mpfiltri.com\/wp-content\/uploads\/2025\/02\/hydraulic-filtration-knowledge-768x481.jpg 768w, https:\/\/www.mpfiltri.com\/wp-content\/uploads\/2025\/02\/hydraulic-filtration-knowledge-655x410.jpg 655w, https:\/\/www.mpfiltri.com\/wp-content\/uploads\/2025\/02\/hydraulic-filtration-knowledge.jpg 1440w\" sizes=\"auto, (max-width: 1024px) 100vw, 1024px\" \/><\/figure><\/div>\n\n\n\n<div class=\"wp-block-media-text is-stacked-on-mobile\"><figure class=\"wp-block-media-text__media\"><img loading=\"lazy\" decoding=\"async\" width=\"1024\" height=\"741\" src=\"https:\/\/www.mpfiltri.com\/wp-content\/uploads\/2025\/02\/contamination-monitoring-product-knowledge-1024x741.jpg\" alt=\"Contamination monitoring product knowledge\" class=\"wp-image-2646 size-full\" srcset=\"https:\/\/www.mpfiltri.com\/wp-content\/uploads\/2025\/02\/contamination-monitoring-product-knowledge-1024x741.jpg 1024w, https:\/\/www.mpfiltri.com\/wp-content\/uploads\/2025\/02\/contamination-monitoring-product-knowledge-300x217.jpg 300w, https:\/\/www.mpfiltri.com\/wp-content\/uploads\/2025\/02\/contamination-monitoring-product-knowledge-768x556.jpg 768w, https:\/\/www.mpfiltri.com\/wp-content\/uploads\/2025\/02\/contamination-monitoring-product-knowledge-655x474.jpg 655w, https:\/\/www.mpfiltri.com\/wp-content\/uploads\/2025\/02\/contamination-monitoring-product-knowledge.jpg 1442w\" sizes=\"auto, (max-width: 1024px) 100vw, 1024px\" \/><\/figure><div class=\"wp-block-media-text__content\">\n<h2 class=\"wp-block-heading\" id=\"conhecimento-do-produto-de-monitoramento-da-contaminacao\">CONHECIMENTO DO PRODUTO DE MONITORAMENTO DA CONTAMINA\u00c7\u00c3O<\/h2>\n\n\n\n<p>Compartilhando informa\u00e7\u00f5es importantes e software que o ajudar\u00e3o a obter o m\u00e1ximo a partir da nossa tecnologia de ponta em controle de contamina\u00e7\u00e3o. Aqui voc\u00ea pode encontrar o firmware mais recente; software para visualizar tend\u00eancias e an\u00e1lises; e uma vis\u00e3o geral detalhada dos requisitos e padr\u00f5es da ind\u00fastria pelos principais especialistas em seu campo.<\/p>\n\n\n\n<div class=\"wp-block-buttons is-layout-flex wp-block-buttons-is-layout-flex\">\n<div class=\"wp-block-button\"><a class=\"wp-block-button__link wp-element-button\" href=\"https:\/\/www.mpfiltri.com\/pt-pt\/recursos\/centro-de-conhecimento\/conhecimento-do-produto-de-monitoramento-da-contaminacao\/\">Continuar<\/a><\/div>\n<\/div>\n<\/div><\/div>\n\n\n\n<div class=\"wp-block-stackable-columns stk-block-columns stk-block stk-820bb05 body-lines height-100\" data-block-id=\"820bb05\"><style>.stk-820bb05 {margin-top:0px !important;margin-right:0px !important;margin-bottom:0px !important;margin-left:0px !important;}.stk-820bb05-column{--stk-columns-spacing:0px !important;}<\/style><div class=\"stk-row stk-inner-blocks stk-block-content stk-content-align stk-820bb05-column\">\n<div class=\"wp-block-stackable-column stk-block-column stk-column stk-block stk-745f29b\" data-v=\"4\" data-block-id=\"745f29b\"><div class=\"stk-column-wrapper stk-block-column__content stk-container stk-745f29b-container stk--no-background stk--no-padding\"><div class=\"stk-block-content stk-inner-blocks stk-745f29b-inner-blocks\"><\/div><\/div><\/div>\n\n\n\n<div class=\"wp-block-stackable-column stk-block-column stk-column stk-block stk-0576f85\" data-v=\"4\" data-block-id=\"0576f85\"><div class=\"stk-column-wrapper stk-block-column__content stk-container stk-0576f85-container stk--no-background stk--no-padding\"><div class=\"stk-block-content stk-inner-blocks stk-0576f85-inner-blocks\"><\/div><\/div><\/div>\n<\/div><\/div>\n","protected":false},"excerpt":{"rendered":"","protected":false},"author":2,"featured_media":0,"parent":22629,"menu_order":108,"comment_status":"closed","ping_status":"closed","template":"","meta":{"_acf_changed":false,"_gspb_post_css":"","inline_featured_image":false,"_genesis_hide_title":false,"_genesis_hide_breadcrumbs":false,"_genesis_hide_singular_image":false,"_genesis_hide_footer_widgets":false,"_genesis_custom_body_class":"","_genesis_custom_post_class":"","_genesis_layout":"","footnotes":"","_links_to":"","_links_to_target":""},"class_list":{"0":"post-14321","1":"page","2":"type-page","3":"status-publish","5":"entry"},"acf":[],"yoast_head":"<!-- This site is optimized with the Yoast SEO plugin v27.2 - https:\/\/yoast.com\/product\/yoast-seo-wordpress\/ -->\n<title>Centro de conhecimento - MP Filtri<\/title>\n<meta name=\"robots\" content=\"index, follow, max-snippet:-1, max-image-preview:large, max-video-preview:-1\" \/>\n<link rel=\"canonical\" href=\"https:\/\/www.mpfiltri.com\/pt-pt\/recursos\/centro-de-conhecimento\/\" \/>\n<meta property=\"og:locale\" content=\"pt_PT\" \/>\n<meta property=\"og:type\" content=\"article\" \/>\n<meta property=\"og:title\" content=\"Centro de conhecimento - MP Filtri\" \/>\n<meta property=\"og:url\" content=\"https:\/\/www.mpfiltri.com\/pt-pt\/recursos\/centro-de-conhecimento\/\" \/>\n<meta property=\"og:site_name\" content=\"MP Filtri\" \/>\n<meta property=\"article:publisher\" content=\"https:\/\/www.facebook.com\/MPFiltriITA\" \/>\n<meta property=\"article:modified_time\" content=\"2025-06-27T15:07:12+00:00\" \/>\n<meta property=\"og:image\" content=\"https:\/\/www.mpfiltri.com\/wp-content\/uploads\/2025\/02\/hydraulic-filtration-knowledge.jpg\" \/>\n\t<meta property=\"og:image:width\" content=\"1440\" \/>\n\t<meta property=\"og:image:height\" content=\"902\" \/>\n\t<meta property=\"og:image:type\" content=\"image\/jpeg\" \/>\n<meta name=\"twitter:card\" content=\"summary_large_image\" \/>\n<meta name=\"twitter:label1\" content=\"Tempo estimado de leitura\" \/>\n\t<meta name=\"twitter:data1\" content=\"2 minutos\" \/>\n<script type=\"application\/ld+json\" class=\"yoast-schema-graph\">{\"@context\":\"https:\/\/schema.org\",\"@graph\":[{\"@type\":\"WebPage\",\"@id\":\"https:\/\/www.mpfiltri.com\/pt-pt\/recursos\/centro-de-conhecimento\/\",\"url\":\"https:\/\/www.mpfiltri.com\/pt-pt\/recursos\/centro-de-conhecimento\/\",\"name\":\"Centro de conhecimento - MP Filtri\",\"isPartOf\":{\"@id\":\"https:\/\/www.mpfiltri.com\/pt-pt\/#website\"},\"primaryImageOfPage\":{\"@id\":\"https:\/\/www.mpfiltri.com\/pt-pt\/recursos\/centro-de-conhecimento\/#primaryimage\"},\"image\":{\"@id\":\"https:\/\/www.mpfiltri.com\/pt-pt\/recursos\/centro-de-conhecimento\/#primaryimage\"},\"thumbnailUrl\":\"https:\/\/www.mpfiltri.com\/wp-content\/uploads\/2025\/02\/hydraulic-filtration-knowledge-1024x641.jpg\",\"datePublished\":\"2024-12-11T09:57:43+00:00\",\"dateModified\":\"2025-06-27T15:07:12+00:00\",\"breadcrumb\":{\"@id\":\"https:\/\/www.mpfiltri.com\/pt-pt\/recursos\/centro-de-conhecimento\/#breadcrumb\"},\"inLanguage\":\"pt-PT\",\"potentialAction\":[{\"@type\":\"ReadAction\",\"target\":[\"https:\/\/www.mpfiltri.com\/pt-pt\/recursos\/centro-de-conhecimento\/\"]}]},{\"@type\":\"ImageObject\",\"inLanguage\":\"pt-PT\",\"@id\":\"https:\/\/www.mpfiltri.com\/pt-pt\/recursos\/centro-de-conhecimento\/#primaryimage\",\"url\":\"https:\/\/www.mpfiltri.com\/wp-content\/uploads\/2025\/02\/hydraulic-filtration-knowledge-1024x641.jpg\",\"contentUrl\":\"https:\/\/www.mpfiltri.com\/wp-content\/uploads\/2025\/02\/hydraulic-filtration-knowledge-1024x641.jpg\"},{\"@type\":\"BreadcrumbList\",\"@id\":\"https:\/\/www.mpfiltri.com\/pt-pt\/recursos\/centro-de-conhecimento\/#breadcrumb\",\"itemListElement\":[{\"@type\":\"ListItem\",\"position\":1,\"name\":\"Home\",\"item\":\"https:\/\/www.mpfiltri.com\/pt-pt\/\"},{\"@type\":\"ListItem\",\"position\":2,\"name\":\"Recursos\",\"item\":\"https:\/\/www.mpfiltri.com\/pt-pt\/recursos\/\"},{\"@type\":\"ListItem\",\"position\":3,\"name\":\"Centro de conhecimento\"}]},{\"@type\":\"WebSite\",\"@id\":\"https:\/\/www.mpfiltri.com\/pt-pt\/#website\",\"url\":\"https:\/\/www.mpfiltri.com\/pt-pt\/\",\"name\":\"MP Filtri\",\"description\":\"\",\"publisher\":{\"@id\":\"https:\/\/www.mpfiltri.com\/pt-pt\/#organization\"},\"potentialAction\":[{\"@type\":\"SearchAction\",\"target\":{\"@type\":\"EntryPoint\",\"urlTemplate\":\"https:\/\/www.mpfiltri.com\/pt-pt\/?s={search_term_string}\"},\"query-input\":{\"@type\":\"PropertyValueSpecification\",\"valueRequired\":true,\"valueName\":\"search_term_string\"}}],\"inLanguage\":\"pt-PT\"},{\"@type\":\"Organization\",\"@id\":\"https:\/\/www.mpfiltri.com\/pt-pt\/#organization\",\"name\":\"MP Filtri\",\"url\":\"https:\/\/www.mpfiltri.com\/pt-pt\/\",\"logo\":{\"@type\":\"ImageObject\",\"inLanguage\":\"pt-PT\",\"@id\":\"https:\/\/www.mpfiltri.com\/pt-pt\/#\/schema\/logo\/image\/\",\"url\":\"\",\"contentUrl\":\"\",\"caption\":\"MP Filtri\"},\"image\":{\"@id\":\"https:\/\/www.mpfiltri.com\/pt-pt\/#\/schema\/logo\/image\/\"},\"sameAs\":[\"https:\/\/www.facebook.com\/MPFiltriITA\",\"https:\/\/www.instagram.com\/mpfiltri\/\",\"https:\/\/www.youtube.com\/channel\/UCCzNMySYc1c4M-2B4v0K_QA?view_as=subscriber\",\"https:\/\/www.linkedin.com\/company\/mp-filtri-spa\/\"]}]}<\/script>\n<!-- \/ Yoast SEO plugin. -->","yoast_head_json":{"title":"Centro de conhecimento - MP Filtri","robots":{"index":"index","follow":"follow","max-snippet":"max-snippet:-1","max-image-preview":"max-image-preview:large","max-video-preview":"max-video-preview:-1"},"canonical":"https:\/\/www.mpfiltri.com\/pt-pt\/recursos\/centro-de-conhecimento\/","og_locale":"pt_PT","og_type":"article","og_title":"Centro de conhecimento - MP Filtri","og_url":"https:\/\/www.mpfiltri.com\/pt-pt\/recursos\/centro-de-conhecimento\/","og_site_name":"MP Filtri","article_publisher":"https:\/\/www.facebook.com\/MPFiltriITA","article_modified_time":"2025-06-27T15:07:12+00:00","og_image":[{"width":1440,"height":902,"url":"https:\/\/www.mpfiltri.com\/wp-content\/uploads\/2025\/02\/hydraulic-filtration-knowledge.jpg","type":"image\/jpeg"}],"twitter_card":"summary_large_image","twitter_misc":{"Tempo estimado de leitura":"2 minutos"},"schema":{"@context":"https:\/\/schema.org","@graph":[{"@type":"WebPage","@id":"https:\/\/www.mpfiltri.com\/pt-pt\/recursos\/centro-de-conhecimento\/","url":"https:\/\/www.mpfiltri.com\/pt-pt\/recursos\/centro-de-conhecimento\/","name":"Centro de conhecimento - MP Filtri","isPartOf":{"@id":"https:\/\/www.mpfiltri.com\/pt-pt\/#website"},"primaryImageOfPage":{"@id":"https:\/\/www.mpfiltri.com\/pt-pt\/recursos\/centro-de-conhecimento\/#primaryimage"},"image":{"@id":"https:\/\/www.mpfiltri.com\/pt-pt\/recursos\/centro-de-conhecimento\/#primaryimage"},"thumbnailUrl":"https:\/\/www.mpfiltri.com\/wp-content\/uploads\/2025\/02\/hydraulic-filtration-knowledge-1024x641.jpg","datePublished":"2024-12-11T09:57:43+00:00","dateModified":"2025-06-27T15:07:12+00:00","breadcrumb":{"@id":"https:\/\/www.mpfiltri.com\/pt-pt\/recursos\/centro-de-conhecimento\/#breadcrumb"},"inLanguage":"pt-PT","potentialAction":[{"@type":"ReadAction","target":["https:\/\/www.mpfiltri.com\/pt-pt\/recursos\/centro-de-conhecimento\/"]}]},{"@type":"ImageObject","inLanguage":"pt-PT","@id":"https:\/\/www.mpfiltri.com\/pt-pt\/recursos\/centro-de-conhecimento\/#primaryimage","url":"https:\/\/www.mpfiltri.com\/wp-content\/uploads\/2025\/02\/hydraulic-filtration-knowledge-1024x641.jpg","contentUrl":"https:\/\/www.mpfiltri.com\/wp-content\/uploads\/2025\/02\/hydraulic-filtration-knowledge-1024x641.jpg"},{"@type":"BreadcrumbList","@id":"https:\/\/www.mpfiltri.com\/pt-pt\/recursos\/centro-de-conhecimento\/#breadcrumb","itemListElement":[{"@type":"ListItem","position":1,"name":"Home","item":"https:\/\/www.mpfiltri.com\/pt-pt\/"},{"@type":"ListItem","position":2,"name":"Recursos","item":"https:\/\/www.mpfiltri.com\/pt-pt\/recursos\/"},{"@type":"ListItem","position":3,"name":"Centro de conhecimento"}]},{"@type":"WebSite","@id":"https:\/\/www.mpfiltri.com\/pt-pt\/#website","url":"https:\/\/www.mpfiltri.com\/pt-pt\/","name":"MP Filtri","description":"","publisher":{"@id":"https:\/\/www.mpfiltri.com\/pt-pt\/#organization"},"potentialAction":[{"@type":"SearchAction","target":{"@type":"EntryPoint","urlTemplate":"https:\/\/www.mpfiltri.com\/pt-pt\/?s={search_term_string}"},"query-input":{"@type":"PropertyValueSpecification","valueRequired":true,"valueName":"search_term_string"}}],"inLanguage":"pt-PT"},{"@type":"Organization","@id":"https:\/\/www.mpfiltri.com\/pt-pt\/#organization","name":"MP Filtri","url":"https:\/\/www.mpfiltri.com\/pt-pt\/","logo":{"@type":"ImageObject","inLanguage":"pt-PT","@id":"https:\/\/www.mpfiltri.com\/pt-pt\/#\/schema\/logo\/image\/","url":"","contentUrl":"","caption":"MP Filtri"},"image":{"@id":"https:\/\/www.mpfiltri.com\/pt-pt\/#\/schema\/logo\/image\/"},"sameAs":["https:\/\/www.facebook.com\/MPFiltriITA","https:\/\/www.instagram.com\/mpfiltri\/","https:\/\/www.youtube.com\/channel\/UCCzNMySYc1c4M-2B4v0K_QA?view_as=subscriber","https:\/\/www.linkedin.com\/company\/mp-filtri-spa\/"]}]}},"featured_image_src":null,"featured_image_src_square":null,"_links":{"self":[{"href":"https:\/\/www.mpfiltri.com\/pt-pt\/wp-json\/wp\/v2\/pages\/14321","targetHints":{"allow":["GET"]}}],"collection":[{"href":"https:\/\/www.mpfiltri.com\/pt-pt\/wp-json\/wp\/v2\/pages"}],"about":[{"href":"https:\/\/www.mpfiltri.com\/pt-pt\/wp-json\/wp\/v2\/types\/page"}],"author":[{"embeddable":true,"href":"https:\/\/www.mpfiltri.com\/pt-pt\/wp-json\/wp\/v2\/users\/2"}],"replies":[{"embeddable":true,"href":"https:\/\/www.mpfiltri.com\/pt-pt\/wp-json\/wp\/v2\/comments?post=14321"}],"version-history":[{"count":4,"href":"https:\/\/www.mpfiltri.com\/pt-pt\/wp-json\/wp\/v2\/pages\/14321\/revisions"}],"predecessor-version":[{"id":34471,"href":"https:\/\/www.mpfiltri.com\/pt-pt\/wp-json\/wp\/v2\/pages\/14321\/revisions\/34471"}],"up":[{"embeddable":true,"href":"https:\/\/www.mpfiltri.com\/pt-pt\/wp-json\/wp\/v2\/pages\/22629"}],"wp:attachment":[{"href":"https:\/\/www.mpfiltri.com\/pt-pt\/wp-json\/wp\/v2\/media?parent=14321"}],"curies":[{"name":"wp","href":"https:\/\/api.w.org\/{rel}","templated":true}]}}