

{"id":13983,"date":"2024-12-11T10:44:38","date_gmt":"2024-12-11T09:44:38","guid":{"rendered":"https:\/\/www.mpfiltri.com\/companhia\/social-responsibility\/"},"modified":"2025-10-27T14:26:34","modified_gmt":"2025-10-27T13:26:34","slug":"responsabilidade-social","status":"publish","type":"page","link":"https:\/\/www.mpfiltri.com\/pt-pt\/companhia\/responsabilidade-social\/","title":{"rendered":"Responsabilidade social"},"content":{"rendered":"\n<div class=\"wp-block-media-text has-media-on-the-right is-stacked-on-mobile\"><div class=\"wp-block-media-text__content\">\n<h2 class=\"wp-block-heading\" id=\"responsabilidade-social\">RESPONSABILIDADE SOCIAL<\/h2>\n\n\n\n<p>MP Filtri sempre baseou a sua atividade em princ\u00edpios s\u00f3lidos, que constituem a base do seu C\u00f3digo de \u00c9tica: a cria\u00e7\u00e3o de relacionamentos positivos com clientes, fornecedores, parceiros e funcion\u00e1rios; \u00e9tica na condu\u00e7\u00e3o dos neg\u00f3cios; sa\u00fade, seguran\u00e7a e prote\u00e7\u00e3o ambiental.<\/p>\n\n\n\n<p>Um compromisso e uma responsabilidade que tamb\u00e9m se expressa atrav\u00e9s de iniciativas assistenciais, humanit\u00e1rias e desportivas, a n\u00edvel local e internacional.<\/p>\n\n\n\n<p>Um exemplo \u00e9 a participa\u00e7\u00e3o em Uganda no projeto Inter Campus, que desde 1997 vem implementando interven\u00e7\u00f5es sociais e de coopera\u00e7\u00e3o em 29 pa\u00edses ao redor do mundo, usando o futebol como ferramenta educacional para devolver o Direito de Brincar a crian\u00e7as carentes.<\/p>\n<\/div><figure class=\"wp-block-media-text__media\"><img loading=\"lazy\" decoding=\"async\" width=\"1024\" height=\"768\" src=\"https:\/\/www.mpfiltri.com\/wp-content\/uploads\/2025\/06\/IMG_5849-min-1024x768.jpg\" alt=\"Uganda photo\" class=\"wp-image-27865 size-full\" srcset=\"https:\/\/www.mpfiltri.com\/wp-content\/uploads\/2025\/06\/IMG_5849-min-1024x768.jpg 1024w, https:\/\/www.mpfiltri.com\/wp-content\/uploads\/2025\/06\/IMG_5849-min-300x225.jpg 300w, https:\/\/www.mpfiltri.com\/wp-content\/uploads\/2025\/06\/IMG_5849-min-768x576.jpg 768w, https:\/\/www.mpfiltri.com\/wp-content\/uploads\/2025\/06\/IMG_5849-min-1536x1152.jpg 1536w, https:\/\/www.mpfiltri.com\/wp-content\/uploads\/2025\/06\/IMG_5849-min-2048x1536.jpg 2048w, https:\/\/www.mpfiltri.com\/wp-content\/uploads\/2025\/06\/IMG_5849-min-702x526.jpg 702w, https:\/\/www.mpfiltri.com\/wp-content\/uploads\/2025\/06\/IMG_5849-min-655x491.jpg 655w\" sizes=\"auto, (max-width: 1024px) 100vw, 1024px\" \/><\/figure><\/div>\n\n\n\n<div class=\"wp-block-stackable-columns stk-block-columns stk-block stk-820bb05 body-lines height-100\" data-block-id=\"820bb05\"><style>.stk-820bb05 {margin-top:0px !important;margin-right:0px !important;margin-bottom:0px !important;margin-left:0px !important;}.stk-820bb05-column{--stk-columns-spacing:0px !important;}<\/style><div class=\"stk-row stk-inner-blocks stk-block-content stk-content-align stk-820bb05-column\">\n<div class=\"wp-block-stackable-column stk-block-column stk-column stk-block stk-745f29b\" data-v=\"4\" data-block-id=\"745f29b\"><div class=\"stk-column-wrapper stk-block-column__content stk-container stk-745f29b-container stk--no-background stk--no-padding\"><div class=\"stk-block-content stk-inner-blocks stk-745f29b-inner-blocks\"><\/div><\/div><\/div>\n\n\n\n<div class=\"wp-block-stackable-column stk-block-column stk-column stk-block stk-0576f85\" data-v=\"4\" data-block-id=\"0576f85\"><div class=\"stk-column-wrapper stk-block-column__content stk-container stk-0576f85-container stk--no-background stk--no-padding\"><div class=\"stk-block-content stk-inner-blocks stk-0576f85-inner-blocks\"><\/div><\/div><\/div>\n<\/div><\/div>\n","protected":false},"excerpt":{"rendered":"<p>RESPONSABILIDADE SOCIAL MP Filtri sempre baseou a sua atividade em princ\u00edpios s\u00f3lidos, que constituem a base do seu C\u00f3digo de \u00c9tica: a cria\u00e7\u00e3o de relacionamentos positivos com clientes, fornecedores, parceiros e funcion\u00e1rios; \u00e9tica na condu\u00e7\u00e3o dos neg\u00f3cios; sa\u00fade, seguran\u00e7a e prote\u00e7\u00e3o ambiental. Um compromisso e uma responsabilidade que tamb\u00e9m se expressa atrav\u00e9s de iniciativas assistenciais, [&hellip;]<\/p>\n","protected":false},"author":2,"featured_media":13412,"parent":13382,"menu_order":55,"comment_status":"closed","ping_status":"closed","template":"","meta":{"_acf_changed":false,"_gspb_post_css":"","inline_featured_image":false,"_genesis_hide_title":false,"_genesis_hide_breadcrumbs":false,"_genesis_hide_singular_image":false,"_genesis_hide_footer_widgets":false,"_genesis_custom_body_class":"","_genesis_custom_post_class":"","_genesis_layout":"","footnotes":"","_links_to":"","_links_to_target":""},"class_list":{"0":"post-13983","1":"page","2":"type-page","3":"status-publish","4":"has-post-thumbnail","6":"entry"},"acf":[],"yoast_head":"<!-- This site is optimized with the Yoast SEO plugin v27.2 - https:\/\/yoast.com\/product\/yoast-seo-wordpress\/ -->\n<title>Responsabilidade social - MP Filtri<\/title>\n<meta name=\"robots\" content=\"index, follow, max-snippet:-1, max-image-preview:large, max-video-preview:-1\" \/>\n<link rel=\"canonical\" href=\"https:\/\/www.mpfiltri.com\/pt-pt\/companhia\/responsabilidade-social\/\" \/>\n<meta property=\"og:locale\" content=\"pt_PT\" \/>\n<meta property=\"og:type\" content=\"article\" \/>\n<meta property=\"og:title\" content=\"Responsabilidade social - MP Filtri\" \/>\n<meta property=\"og:description\" content=\"RESPONSABILIDADE SOCIAL MP Filtri sempre baseou a sua atividade em princ\u00edpios s\u00f3lidos, que constituem a base do seu C\u00f3digo de \u00c9tica: a cria\u00e7\u00e3o de relacionamentos positivos com clientes, fornecedores, parceiros e funcion\u00e1rios; \u00e9tica na condu\u00e7\u00e3o dos neg\u00f3cios; sa\u00fade, seguran\u00e7a e prote\u00e7\u00e3o ambiental. Um compromisso e uma responsabilidade que tamb\u00e9m se expressa atrav\u00e9s de iniciativas assistenciais, [&hellip;]\" \/>\n<meta property=\"og:url\" content=\"https:\/\/www.mpfiltri.com\/pt-pt\/companhia\/responsabilidade-social\/\" \/>\n<meta property=\"og:site_name\" content=\"MP Filtri\" \/>\n<meta property=\"article:publisher\" content=\"https:\/\/www.facebook.com\/MPFiltriITA\" \/>\n<meta property=\"article:modified_time\" content=\"2025-10-27T13:26:34+00:00\" \/>\n<meta property=\"og:image\" content=\"https:\/\/www.mpfiltri.com\/wp-content\/uploads\/2025\/01\/bg-who-we-are-scaled.jpg\" \/>\n\t<meta property=\"og:image:width\" content=\"2560\" \/>\n\t<meta property=\"og:image:height\" content=\"685\" \/>\n\t<meta property=\"og:image:type\" content=\"image\/jpeg\" \/>\n<meta name=\"twitter:card\" content=\"summary_large_image\" \/>\n<meta name=\"twitter:label1\" content=\"Tempo estimado de leitura\" \/>\n\t<meta name=\"twitter:data1\" content=\"2 minutos\" \/>\n<script type=\"application\/ld+json\" class=\"yoast-schema-graph\">{\"@context\":\"https:\/\/schema.org\",\"@graph\":[{\"@type\":\"WebPage\",\"@id\":\"https:\/\/www.mpfiltri.com\/pt-pt\/companhia\/responsabilidade-social\/\",\"url\":\"https:\/\/www.mpfiltri.com\/pt-pt\/companhia\/responsabilidade-social\/\",\"name\":\"Responsabilidade social - MP Filtri\",\"isPartOf\":{\"@id\":\"https:\/\/www.mpfiltri.com\/pt-pt\/#website\"},\"primaryImageOfPage\":{\"@id\":\"https:\/\/www.mpfiltri.com\/pt-pt\/companhia\/responsabilidade-social\/#primaryimage\"},\"image\":{\"@id\":\"https:\/\/www.mpfiltri.com\/pt-pt\/companhia\/responsabilidade-social\/#primaryimage\"},\"thumbnailUrl\":\"https:\/\/www.mpfiltri.com\/wp-content\/uploads\/2025\/01\/bg-who-we-are-scaled.jpg\",\"datePublished\":\"2024-12-11T09:44:38+00:00\",\"dateModified\":\"2025-10-27T13:26:34+00:00\",\"breadcrumb\":{\"@id\":\"https:\/\/www.mpfiltri.com\/pt-pt\/companhia\/responsabilidade-social\/#breadcrumb\"},\"inLanguage\":\"pt-PT\",\"potentialAction\":[{\"@type\":\"ReadAction\",\"target\":[\"https:\/\/www.mpfiltri.com\/pt-pt\/companhia\/responsabilidade-social\/\"]}]},{\"@type\":\"ImageObject\",\"inLanguage\":\"pt-PT\",\"@id\":\"https:\/\/www.mpfiltri.com\/pt-pt\/companhia\/responsabilidade-social\/#primaryimage\",\"url\":\"https:\/\/www.mpfiltri.com\/wp-content\/uploads\/2025\/01\/bg-who-we-are-scaled.jpg\",\"contentUrl\":\"https:\/\/www.mpfiltri.com\/wp-content\/uploads\/2025\/01\/bg-who-we-are-scaled.jpg\",\"width\":2560,\"height\":685},{\"@type\":\"BreadcrumbList\",\"@id\":\"https:\/\/www.mpfiltri.com\/pt-pt\/companhia\/responsabilidade-social\/#breadcrumb\",\"itemListElement\":[{\"@type\":\"ListItem\",\"position\":1,\"name\":\"Home\",\"item\":\"https:\/\/www.mpfiltri.com\/pt-pt\/\"},{\"@type\":\"ListItem\",\"position\":2,\"name\":\"Companhia\",\"item\":\"https:\/\/www.mpfiltri.com\/pt-pt\/companhia\/\"},{\"@type\":\"ListItem\",\"position\":3,\"name\":\"Responsabilidade social\"}]},{\"@type\":\"WebSite\",\"@id\":\"https:\/\/www.mpfiltri.com\/pt-pt\/#website\",\"url\":\"https:\/\/www.mpfiltri.com\/pt-pt\/\",\"name\":\"MP Filtri\",\"description\":\"\",\"publisher\":{\"@id\":\"https:\/\/www.mpfiltri.com\/pt-pt\/#organization\"},\"potentialAction\":[{\"@type\":\"SearchAction\",\"target\":{\"@type\":\"EntryPoint\",\"urlTemplate\":\"https:\/\/www.mpfiltri.com\/pt-pt\/?s={search_term_string}\"},\"query-input\":{\"@type\":\"PropertyValueSpecification\",\"valueRequired\":true,\"valueName\":\"search_term_string\"}}],\"inLanguage\":\"pt-PT\"},{\"@type\":\"Organization\",\"@id\":\"https:\/\/www.mpfiltri.com\/pt-pt\/#organization\",\"name\":\"MP Filtri\",\"url\":\"https:\/\/www.mpfiltri.com\/pt-pt\/\",\"logo\":{\"@type\":\"ImageObject\",\"inLanguage\":\"pt-PT\",\"@id\":\"https:\/\/www.mpfiltri.com\/pt-pt\/#\/schema\/logo\/image\/\",\"url\":\"\",\"contentUrl\":\"\",\"caption\":\"MP Filtri\"},\"image\":{\"@id\":\"https:\/\/www.mpfiltri.com\/pt-pt\/#\/schema\/logo\/image\/\"},\"sameAs\":[\"https:\/\/www.facebook.com\/MPFiltriITA\",\"https:\/\/www.instagram.com\/mpfiltri\/\",\"https:\/\/www.youtube.com\/channel\/UCCzNMySYc1c4M-2B4v0K_QA?view_as=subscriber\",\"https:\/\/www.linkedin.com\/company\/mp-filtri-spa\/\"]}]}<\/script>\n<!-- \/ Yoast SEO plugin. -->","yoast_head_json":{"title":"Responsabilidade social - MP Filtri","robots":{"index":"index","follow":"follow","max-snippet":"max-snippet:-1","max-image-preview":"max-image-preview:large","max-video-preview":"max-video-preview:-1"},"canonical":"https:\/\/www.mpfiltri.com\/pt-pt\/companhia\/responsabilidade-social\/","og_locale":"pt_PT","og_type":"article","og_title":"Responsabilidade social - MP Filtri","og_description":"RESPONSABILIDADE SOCIAL MP Filtri sempre baseou a sua atividade em princ\u00edpios s\u00f3lidos, que constituem a base do seu C\u00f3digo de \u00c9tica: a cria\u00e7\u00e3o de relacionamentos positivos com clientes, fornecedores, parceiros e funcion\u00e1rios; \u00e9tica na condu\u00e7\u00e3o dos neg\u00f3cios; sa\u00fade, seguran\u00e7a e prote\u00e7\u00e3o ambiental. Um compromisso e uma responsabilidade que tamb\u00e9m se expressa atrav\u00e9s de iniciativas assistenciais, [&hellip;]","og_url":"https:\/\/www.mpfiltri.com\/pt-pt\/companhia\/responsabilidade-social\/","og_site_name":"MP Filtri","article_publisher":"https:\/\/www.facebook.com\/MPFiltriITA","article_modified_time":"2025-10-27T13:26:34+00:00","og_image":[{"width":2560,"height":685,"url":"https:\/\/www.mpfiltri.com\/wp-content\/uploads\/2025\/01\/bg-who-we-are-scaled.jpg","type":"image\/jpeg"}],"twitter_card":"summary_large_image","twitter_misc":{"Tempo estimado de leitura":"2 minutos"},"schema":{"@context":"https:\/\/schema.org","@graph":[{"@type":"WebPage","@id":"https:\/\/www.mpfiltri.com\/pt-pt\/companhia\/responsabilidade-social\/","url":"https:\/\/www.mpfiltri.com\/pt-pt\/companhia\/responsabilidade-social\/","name":"Responsabilidade social - MP Filtri","isPartOf":{"@id":"https:\/\/www.mpfiltri.com\/pt-pt\/#website"},"primaryImageOfPage":{"@id":"https:\/\/www.mpfiltri.com\/pt-pt\/companhia\/responsabilidade-social\/#primaryimage"},"image":{"@id":"https:\/\/www.mpfiltri.com\/pt-pt\/companhia\/responsabilidade-social\/#primaryimage"},"thumbnailUrl":"https:\/\/www.mpfiltri.com\/wp-content\/uploads\/2025\/01\/bg-who-we-are-scaled.jpg","datePublished":"2024-12-11T09:44:38+00:00","dateModified":"2025-10-27T13:26:34+00:00","breadcrumb":{"@id":"https:\/\/www.mpfiltri.com\/pt-pt\/companhia\/responsabilidade-social\/#breadcrumb"},"inLanguage":"pt-PT","potentialAction":[{"@type":"ReadAction","target":["https:\/\/www.mpfiltri.com\/pt-pt\/companhia\/responsabilidade-social\/"]}]},{"@type":"ImageObject","inLanguage":"pt-PT","@id":"https:\/\/www.mpfiltri.com\/pt-pt\/companhia\/responsabilidade-social\/#primaryimage","url":"https:\/\/www.mpfiltri.com\/wp-content\/uploads\/2025\/01\/bg-who-we-are-scaled.jpg","contentUrl":"https:\/\/www.mpfiltri.com\/wp-content\/uploads\/2025\/01\/bg-who-we-are-scaled.jpg","width":2560,"height":685},{"@type":"BreadcrumbList","@id":"https:\/\/www.mpfiltri.com\/pt-pt\/companhia\/responsabilidade-social\/#breadcrumb","itemListElement":[{"@type":"ListItem","position":1,"name":"Home","item":"https:\/\/www.mpfiltri.com\/pt-pt\/"},{"@type":"ListItem","position":2,"name":"Companhia","item":"https:\/\/www.mpfiltri.com\/pt-pt\/companhia\/"},{"@type":"ListItem","position":3,"name":"Responsabilidade social"}]},{"@type":"WebSite","@id":"https:\/\/www.mpfiltri.com\/pt-pt\/#website","url":"https:\/\/www.mpfiltri.com\/pt-pt\/","name":"MP Filtri","description":"","publisher":{"@id":"https:\/\/www.mpfiltri.com\/pt-pt\/#organization"},"potentialAction":[{"@type":"SearchAction","target":{"@type":"EntryPoint","urlTemplate":"https:\/\/www.mpfiltri.com\/pt-pt\/?s={search_term_string}"},"query-input":{"@type":"PropertyValueSpecification","valueRequired":true,"valueName":"search_term_string"}}],"inLanguage":"pt-PT"},{"@type":"Organization","@id":"https:\/\/www.mpfiltri.com\/pt-pt\/#organization","name":"MP Filtri","url":"https:\/\/www.mpfiltri.com\/pt-pt\/","logo":{"@type":"ImageObject","inLanguage":"pt-PT","@id":"https:\/\/www.mpfiltri.com\/pt-pt\/#\/schema\/logo\/image\/","url":"","contentUrl":"","caption":"MP Filtri"},"image":{"@id":"https:\/\/www.mpfiltri.com\/pt-pt\/#\/schema\/logo\/image\/"},"sameAs":["https:\/\/www.facebook.com\/MPFiltriITA","https:\/\/www.instagram.com\/mpfiltri\/","https:\/\/www.youtube.com\/channel\/UCCzNMySYc1c4M-2B4v0K_QA?view_as=subscriber","https:\/\/www.linkedin.com\/company\/mp-filtri-spa\/"]}]}},"featured_image_src":"https:\/\/www.mpfiltri.com\/wp-content\/uploads\/2025\/01\/bg-who-we-are-600x400.jpg","featured_image_src_square":"https:\/\/www.mpfiltri.com\/wp-content\/uploads\/2025\/01\/bg-who-we-are-600x600.jpg","_links":{"self":[{"href":"https:\/\/www.mpfiltri.com\/pt-pt\/wp-json\/wp\/v2\/pages\/13983","targetHints":{"allow":["GET"]}}],"collection":[{"href":"https:\/\/www.mpfiltri.com\/pt-pt\/wp-json\/wp\/v2\/pages"}],"about":[{"href":"https:\/\/www.mpfiltri.com\/pt-pt\/wp-json\/wp\/v2\/types\/page"}],"author":[{"embeddable":true,"href":"https:\/\/www.mpfiltri.com\/pt-pt\/wp-json\/wp\/v2\/users\/2"}],"replies":[{"embeddable":true,"href":"https:\/\/www.mpfiltri.com\/pt-pt\/wp-json\/wp\/v2\/comments?post=13983"}],"version-history":[{"count":7,"href":"https:\/\/www.mpfiltri.com\/pt-pt\/wp-json\/wp\/v2\/pages\/13983\/revisions"}],"predecessor-version":[{"id":57035,"href":"https:\/\/www.mpfiltri.com\/pt-pt\/wp-json\/wp\/v2\/pages\/13983\/revisions\/57035"}],"up":[{"embeddable":true,"href":"https:\/\/www.mpfiltri.com\/pt-pt\/wp-json\/wp\/v2\/pages\/13382"}],"wp:featuredmedia":[{"embeddable":true,"href":"https:\/\/www.mpfiltri.com\/pt-pt\/wp-json\/wp\/v2\/media\/13412"}],"wp:attachment":[{"href":"https:\/\/www.mpfiltri.com\/pt-pt\/wp-json\/wp\/v2\/media?parent=13983"}],"curies":[{"name":"wp","href":"https:\/\/api.w.org\/{rel}","templated":true}]}}