

{"id":13402,"date":"2024-12-11T10:43:25","date_gmt":"2024-12-11T09:43:25","guid":{"rendered":"https:\/\/www.mpfiltri.com\/companhia\/mission-vision\/"},"modified":"2025-09-15T14:14:10","modified_gmt":"2025-09-15T12:14:10","slug":"missao-e-visao","status":"publish","type":"page","link":"https:\/\/www.mpfiltri.com\/pt-pt\/companhia\/missao-e-visao\/","title":{"rendered":"Miss\u00e3o e vis\u00e3o"},"content":{"rendered":"\n<div class=\"wp-block-stackable-columns stk-block-columns stk-block stk-7104bff\" data-block-id=\"7104bff\"><style>.stk-7104bff {margin-top:0px !important;margin-right:0px !important;margin-bottom:0px !important;margin-left:0px !important;}.stk-7104bff-column{--stk-columns-spacing:0px !important;flex-wrap:wrap !important;--stk-flex-grow:0 !important;}<\/style><div class=\"stk-row stk-inner-blocks stk-block-content stk-content-align stk-7104bff-column\">\n<div class=\"wp-block-stackable-column stk-block-column stk-column stk-block stk-d637e12\" data-v=\"4\" data-block-id=\"d637e12\"><style>.stk-d637e12 {border-style:solid !important;border-color:#E6E6E6 !important;border-top-width:1px !important;border-right-width:1px !important;border-bottom-width:1px !important;border-left-width:1px !important;padding-top:60px !important;padding-right:30px !important;padding-bottom:60px !important;padding-left:30px !important;margin-top:0px !important;margin-right:0px !important;margin-bottom:0px !important;margin-left:0px !important;}@media screen and (min-width: 768px) and (max-width: 1023px){.stk-d637e12 {flex:var(--stk-flex-grow, 1) 1 calc(100% - var(--stk-column-gap, 0px) * 0 \/ 1 ) !important;}}<\/style><div class=\"stk-column-wrapper stk-block-column__content stk-container stk-d637e12-container stk--no-background stk--no-padding\"><div class=\"stk-block-content stk-inner-blocks stk-d637e12-inner-blocks\">\n<h2 class=\"wp-block-heading\" id=\"visao\">Vis\u00e3o<\/h2>\n\n\n\n<h3 class=\"wp-block-heading\" id=\"representar-a-excelencia-no-setor-hidraulico-1\">REPRESENTAR A EXCEL\u00caNCIA NO SETOR HIDR\u00c1ULICO<\/h3>\n\n\n\n<p>Como empresa, estamos totalmente comprometidos em atender \u00e0s necessidades de nossos clientes e parceiros comerciais.<br>Somos guiados por um esp\u00edrito empreendedor que direciona nosso pensamento e nossas a\u00e7\u00f5es, garantindo que possamos atingir nosso objetivo de fornecer solu\u00e7\u00f5es inovadoras que aumentem a produtividade e o desempenho.&nbsp;<\/p>\n<\/div><\/div><\/div>\n\n\n\n<div class=\"wp-block-stackable-column stk-block-column stk-column stk-block stk-550ac66\" data-v=\"4\" data-block-id=\"550ac66\"><style>.stk-550ac66 {border-style:solid !important;border-color:#E6E6E6 !important;border-top-width:0px !important;border-right-width:1px !important;border-bottom-width:1px !important;border-left-width:0px !important;margin-top:0px !important;margin-right:0px !important;margin-bottom:0px !important;margin-left:0px !important;}@media screen and (min-width: 768px) and (max-width: 1023px){.stk-550ac66 {flex:var(--stk-flex-grow, 1) 1 calc(100% - var(--stk-column-gap, 0px) * 0 \/ 1 ) !important;}}<\/style><div class=\"stk-column-wrapper stk-block-column__content stk-container stk-550ac66-container stk--no-background stk--no-padding\"><div class=\"stk-block-content stk-inner-blocks stk-550ac66-inner-blocks\">\n<div class=\"wp-block-stackable-image stk-block-image stk-block stk-3549b6c\" data-block-id=\"3549b6c\"><figure><span class=\"stk-img-wrapper stk-image--shape-stretch\"><img loading=\"lazy\" decoding=\"async\" class=\"stk-img wp-image-35430\" src=\"https:\/\/www.mpfiltri.com\/wp-content\/uploads\/2025\/09\/mission-vision.jpg\" width=\"630\" height=\"459\" alt=\"Mission and vision's media\" srcset=\"https:\/\/www.mpfiltri.com\/wp-content\/uploads\/2025\/09\/mission-vision.jpg 630w, https:\/\/www.mpfiltri.com\/wp-content\/uploads\/2025\/09\/mission-vision-300x219.jpg 300w\" sizes=\"auto, (max-width: 630px) 100vw, 630px\" \/><\/span><\/figure><\/div>\n<\/div><\/div><\/div>\n<\/div><\/div>\n\n\n\n<div class=\"wp-block-stackable-columns stk-block-columns stk-block stk-3b2be3d\" data-block-id=\"3b2be3d\"><style>.stk-3b2be3d {margin-top:0px !important;margin-right:0px !important;margin-bottom:0px !important;margin-left:0px !important;}.stk-3b2be3d-column{--stk-columns-spacing:0px !important;flex-wrap:wrap !important;--stk-flex-grow:0 !important;}<\/style><div class=\"stk-row stk-inner-blocks stk-block-content stk-content-align stk-3b2be3d-column\">\n<div class=\"wp-block-stackable-column stk-block-column stk-column stk-block stk-60af576\" data-v=\"4\" data-block-id=\"60af576\"><style>.stk-60af576 {border-style:solid !important;border-color:#E6E6E6 !important;border-top-width:1px !important;border-right-width:1px !important;border-bottom-width:1px !important;border-left-width:1px !important;margin-top:0px !important;margin-right:0px !important;margin-bottom:0px !important;margin-left:0px !important;}@media screen and (min-width: 768px) and (max-width: 1023px){.stk-60af576 {flex:var(--stk-flex-grow, 1) 1 calc(100% - var(--stk-column-gap, 0px) * 0 \/ 1 ) !important;}}<\/style><div class=\"stk-column-wrapper stk-block-column__content stk-container stk-60af576-container stk--no-background stk--no-padding\"><div class=\"stk-block-content stk-inner-blocks stk-60af576-inner-blocks\">\n<div class=\"wp-block-stackable-image stk-block-image stk-block stk-e45f6ea\" data-block-id=\"e45f6ea\"><figure><span class=\"stk-img-wrapper stk-image--shape-stretch\"><img loading=\"lazy\" decoding=\"async\" class=\"stk-img wp-image-2177\" src=\"https:\/\/www.mpfiltri.com\/wp-content\/uploads\/2025\/01\/mission-vision-media-text.jpg\" width=\"1440\" height=\"922\" alt=\"Mission and vision's media\" srcset=\"https:\/\/www.mpfiltri.com\/wp-content\/uploads\/2025\/01\/mission-vision-media-text.jpg 1440w, https:\/\/www.mpfiltri.com\/wp-content\/uploads\/2025\/01\/mission-vision-media-text-300x192.jpg 300w, https:\/\/www.mpfiltri.com\/wp-content\/uploads\/2025\/01\/mission-vision-media-text-1024x656.jpg 1024w, https:\/\/www.mpfiltri.com\/wp-content\/uploads\/2025\/01\/mission-vision-media-text-768x492.jpg 768w, https:\/\/www.mpfiltri.com\/wp-content\/uploads\/2025\/01\/mission-vision-media-text-655x419.jpg 655w\" sizes=\"auto, (max-width: 1440px) 100vw, 1440px\" \/><\/span><\/figure><\/div>\n<\/div><\/div><\/div>\n\n\n\n<div class=\"wp-block-stackable-column stk-block-column stk-column stk-block stk-f546c30\" data-v=\"4\" data-block-id=\"f546c30\"><style>.stk-f546c30 {border-style:solid !important;border-color:#E6E6E6 !important;border-top-width:0px !important;border-right-width:1px !important;border-bottom-width:1px !important;border-left-width:0px !important;padding-top:60px !important;padding-right:30px !important;padding-bottom:60px !important;padding-left:30px !important;margin-top:0px !important;margin-right:0px !important;margin-bottom:0px !important;margin-left:0px !important;}@media screen and (min-width: 768px) and (max-width: 1023px){.stk-f546c30 {flex:var(--stk-flex-grow, 1) 1 calc(100% - var(--stk-column-gap, 0px) * 0 \/ 1 ) !important;}}<\/style><div class=\"stk-column-wrapper stk-block-column__content stk-container stk-f546c30-container stk--no-background stk--no-padding\"><div class=\"stk-block-content stk-inner-blocks stk-f546c30-inner-blocks\">\n<h2 class=\"wp-block-heading\" id=\"missao\">Miss\u00e3o<\/h2>\n\n\n\n<h3 class=\"wp-block-heading\" id=\"representar-a-excelencia-no-setor-hidraulico\">REPRESENTAR A EXCEL\u00caNCIA NO SETOR HIDR\u00c1ULICO<\/h3>\n\n\n\n<h3 class=\"wp-block-heading\" id=\"somos-um-parceiro-global-com-presenca-local\">SOMOS UM PARCEIRO GLOBAL COM PRESEN\u00c7A LOCAL<\/h3>\n\n\n\n<p>Buscamos constantemente a excel\u00eancia tecnol\u00f3gica e desenvolvemos solu\u00e7\u00f5es com foco em inova\u00e7\u00e3o e melhoria cont\u00ednua.<br>As necessidades de nossos clientes e parceiros comerciais s\u00e3o sempre atendidas, gra\u00e7as \u00e0 qualifica\u00e7\u00e3o e disponibilidade da nossa equipe em todas as unidades ao redor do mundo, estabelecendo a MP Filtri como um parceiro global com presen\u00e7a local.<\/p>\n\n\n\n<h3 class=\"wp-block-heading\" id=\"exploracao\">EXPLORA\u00c7\u00c3O<\/h3>\n\n\n\n<p>Ao analisar o setor, conseguimos antecipar as tend\u00eancias do mercado e aproveitar cada nova oportunidade.<\/p>\n\n\n\n<h3 class=\"wp-block-heading\" id=\"treinamento\">TREINAMENTO<\/h3>\n\n\n\n<p>Transformamos a experi\u00eancia adquirida em conhecimento valioso, que nos permite enfrentar qualquer desafio.<\/p>\n\n\n\n<h3 class=\"wp-block-heading\" id=\"determinacao\">DETERMINA\u00c7\u00c3O<\/h3>\n\n\n\n<p>Continuamos inovando, unindo alto desempenho em termos de agilidade a uma capacidade \u00fanica de desenvolver e lan\u00e7ar novas linhas de produtos.<\/p>\n<\/div><\/div><\/div>\n<\/div><\/div>\n\n\n\n<div class=\"wp-block-stackable-columns stk-block-columns stk-block stk-820bb05 body-lines height-100\" data-block-id=\"820bb05\"><style>.stk-820bb05 {margin-top:0px !important;margin-right:0px !important;margin-bottom:0px !important;margin-left:0px !important;}.stk-820bb05-column{--stk-columns-spacing:0px !important;}<\/style><div class=\"stk-row stk-inner-blocks stk-block-content stk-content-align stk-820bb05-column\">\n<div class=\"wp-block-stackable-column stk-block-column stk-column stk-block stk-745f29b\" data-v=\"4\" data-block-id=\"745f29b\"><div class=\"stk-column-wrapper stk-block-column__content stk-container stk-745f29b-container stk--no-background stk--no-padding\"><div class=\"stk-block-content stk-inner-blocks stk-745f29b-inner-blocks\"><\/div><\/div><\/div>\n\n\n\n<div class=\"wp-block-stackable-column stk-block-column stk-column stk-block stk-0576f85\" data-v=\"4\" data-block-id=\"0576f85\"><div class=\"stk-column-wrapper stk-block-column__content stk-container stk-0576f85-container stk--no-background stk--no-padding\"><div class=\"stk-block-content stk-inner-blocks stk-0576f85-inner-blocks\"><\/div><\/div><\/div>\n<\/div><\/div>\n","protected":false},"excerpt":{"rendered":"<p>Vis\u00e3o REPRESENTAR A EXCEL\u00caNCIA NO SETOR HIDR\u00c1ULICO Como empresa, estamos totalmente comprometidos em atender \u00e0s necessidades de nossos clientes e parceiros comerciais.Somos guiados por um esp\u00edrito empreendedor que direciona nosso pensamento e nossas a\u00e7\u00f5es, garantindo que possamos atingir nosso objetivo de fornecer solu\u00e7\u00f5es inovadoras que aumentem a produtividade e o desempenho.&nbsp; Miss\u00e3o REPRESENTAR A EXCEL\u00caNCIA [&hellip;]<\/p>\n","protected":false},"author":2,"featured_media":0,"parent":13382,"menu_order":38,"comment_status":"closed","ping_status":"closed","template":"","meta":{"_acf_changed":false,"_gspb_post_css":"","inline_featured_image":false,"_genesis_hide_title":false,"_genesis_hide_breadcrumbs":false,"_genesis_hide_singular_image":false,"_genesis_hide_footer_widgets":false,"_genesis_custom_body_class":"","_genesis_custom_post_class":"","_genesis_layout":"","footnotes":"","_links_to":"","_links_to_target":""},"class_list":{"0":"post-13402","1":"page","2":"type-page","3":"status-publish","5":"entry"},"acf":[],"yoast_head":"<!-- This site is optimized with the Yoast SEO plugin v27.2 - https:\/\/yoast.com\/product\/yoast-seo-wordpress\/ -->\n<title>Miss\u00e3o e vis\u00e3o - MP Filtri<\/title>\n<meta name=\"robots\" content=\"index, follow, max-snippet:-1, max-image-preview:large, max-video-preview:-1\" \/>\n<link rel=\"canonical\" href=\"https:\/\/www.mpfiltri.com\/pt-pt\/companhia\/missao-e-visao\/\" \/>\n<meta property=\"og:locale\" content=\"pt_PT\" \/>\n<meta property=\"og:type\" content=\"article\" \/>\n<meta property=\"og:title\" content=\"Miss\u00e3o e vis\u00e3o - MP Filtri\" \/>\n<meta property=\"og:description\" content=\"Vis\u00e3o REPRESENTAR A EXCEL\u00caNCIA NO SETOR HIDR\u00c1ULICO Como empresa, estamos totalmente comprometidos em atender \u00e0s necessidades de nossos clientes e parceiros comerciais.Somos guiados por um esp\u00edrito empreendedor que direciona nosso pensamento e nossas a\u00e7\u00f5es, garantindo que possamos atingir nosso objetivo de fornecer solu\u00e7\u00f5es inovadoras que aumentem a produtividade e o desempenho.&nbsp; Miss\u00e3o REPRESENTAR A EXCEL\u00caNCIA [&hellip;]\" \/>\n<meta property=\"og:url\" content=\"https:\/\/www.mpfiltri.com\/pt-pt\/companhia\/missao-e-visao\/\" \/>\n<meta property=\"og:site_name\" content=\"MP Filtri\" \/>\n<meta property=\"article:publisher\" content=\"https:\/\/www.facebook.com\/MPFiltriITA\" \/>\n<meta property=\"article:modified_time\" content=\"2025-09-15T12:14:10+00:00\" \/>\n<meta property=\"og:image\" content=\"https:\/\/www.mpfiltri.com\/wp-content\/uploads\/2025\/09\/mission-vision.jpg\" \/>\n\t<meta property=\"og:image:width\" content=\"630\" \/>\n\t<meta property=\"og:image:height\" content=\"459\" \/>\n\t<meta property=\"og:image:type\" content=\"image\/jpeg\" \/>\n<meta name=\"twitter:card\" content=\"summary_large_image\" \/>\n<meta name=\"twitter:label1\" content=\"Tempo estimado de leitura\" \/>\n\t<meta name=\"twitter:data1\" content=\"2 minutos\" \/>\n<script type=\"application\/ld+json\" class=\"yoast-schema-graph\">{\"@context\":\"https:\/\/schema.org\",\"@graph\":[{\"@type\":\"WebPage\",\"@id\":\"https:\/\/www.mpfiltri.com\/pt-pt\/companhia\/missao-e-visao\/\",\"url\":\"https:\/\/www.mpfiltri.com\/pt-pt\/companhia\/missao-e-visao\/\",\"name\":\"Miss\u00e3o e vis\u00e3o - MP Filtri\",\"isPartOf\":{\"@id\":\"https:\/\/www.mpfiltri.com\/pt-pt\/#website\"},\"primaryImageOfPage\":{\"@id\":\"https:\/\/www.mpfiltri.com\/pt-pt\/companhia\/missao-e-visao\/#primaryimage\"},\"image\":{\"@id\":\"https:\/\/www.mpfiltri.com\/pt-pt\/companhia\/missao-e-visao\/#primaryimage\"},\"thumbnailUrl\":\"https:\/\/www.mpfiltri.com\/wp-content\/uploads\/2025\/09\/mission-vision.jpg\",\"datePublished\":\"2024-12-11T09:43:25+00:00\",\"dateModified\":\"2025-09-15T12:14:10+00:00\",\"breadcrumb\":{\"@id\":\"https:\/\/www.mpfiltri.com\/pt-pt\/companhia\/missao-e-visao\/#breadcrumb\"},\"inLanguage\":\"pt-PT\",\"potentialAction\":[{\"@type\":\"ReadAction\",\"target\":[\"https:\/\/www.mpfiltri.com\/pt-pt\/companhia\/missao-e-visao\/\"]}]},{\"@type\":\"ImageObject\",\"inLanguage\":\"pt-PT\",\"@id\":\"https:\/\/www.mpfiltri.com\/pt-pt\/companhia\/missao-e-visao\/#primaryimage\",\"url\":\"https:\/\/www.mpfiltri.com\/wp-content\/uploads\/2025\/09\/mission-vision.jpg\",\"contentUrl\":\"https:\/\/www.mpfiltri.com\/wp-content\/uploads\/2025\/09\/mission-vision.jpg\"},{\"@type\":\"BreadcrumbList\",\"@id\":\"https:\/\/www.mpfiltri.com\/pt-pt\/companhia\/missao-e-visao\/#breadcrumb\",\"itemListElement\":[{\"@type\":\"ListItem\",\"position\":1,\"name\":\"Home\",\"item\":\"https:\/\/www.mpfiltri.com\/pt-pt\/\"},{\"@type\":\"ListItem\",\"position\":2,\"name\":\"Companhia\",\"item\":\"https:\/\/www.mpfiltri.com\/pt-pt\/companhia\/\"},{\"@type\":\"ListItem\",\"position\":3,\"name\":\"Miss\u00e3o e vis\u00e3o\"}]},{\"@type\":\"WebSite\",\"@id\":\"https:\/\/www.mpfiltri.com\/pt-pt\/#website\",\"url\":\"https:\/\/www.mpfiltri.com\/pt-pt\/\",\"name\":\"MP Filtri\",\"description\":\"\",\"publisher\":{\"@id\":\"https:\/\/www.mpfiltri.com\/pt-pt\/#organization\"},\"potentialAction\":[{\"@type\":\"SearchAction\",\"target\":{\"@type\":\"EntryPoint\",\"urlTemplate\":\"https:\/\/www.mpfiltri.com\/pt-pt\/?s={search_term_string}\"},\"query-input\":{\"@type\":\"PropertyValueSpecification\",\"valueRequired\":true,\"valueName\":\"search_term_string\"}}],\"inLanguage\":\"pt-PT\"},{\"@type\":\"Organization\",\"@id\":\"https:\/\/www.mpfiltri.com\/pt-pt\/#organization\",\"name\":\"MP Filtri\",\"url\":\"https:\/\/www.mpfiltri.com\/pt-pt\/\",\"logo\":{\"@type\":\"ImageObject\",\"inLanguage\":\"pt-PT\",\"@id\":\"https:\/\/www.mpfiltri.com\/pt-pt\/#\/schema\/logo\/image\/\",\"url\":\"\",\"contentUrl\":\"\",\"caption\":\"MP Filtri\"},\"image\":{\"@id\":\"https:\/\/www.mpfiltri.com\/pt-pt\/#\/schema\/logo\/image\/\"},\"sameAs\":[\"https:\/\/www.facebook.com\/MPFiltriITA\",\"https:\/\/www.instagram.com\/mpfiltri\/\",\"https:\/\/www.youtube.com\/channel\/UCCzNMySYc1c4M-2B4v0K_QA?view_as=subscriber\",\"https:\/\/www.linkedin.com\/company\/mp-filtri-spa\/\"]}]}<\/script>\n<!-- \/ Yoast SEO plugin. -->","yoast_head_json":{"title":"Miss\u00e3o e vis\u00e3o - MP Filtri","robots":{"index":"index","follow":"follow","max-snippet":"max-snippet:-1","max-image-preview":"max-image-preview:large","max-video-preview":"max-video-preview:-1"},"canonical":"https:\/\/www.mpfiltri.com\/pt-pt\/companhia\/missao-e-visao\/","og_locale":"pt_PT","og_type":"article","og_title":"Miss\u00e3o e vis\u00e3o - MP Filtri","og_description":"Vis\u00e3o REPRESENTAR A EXCEL\u00caNCIA NO SETOR HIDR\u00c1ULICO Como empresa, estamos totalmente comprometidos em atender \u00e0s necessidades de nossos clientes e parceiros comerciais.Somos guiados por um esp\u00edrito empreendedor que direciona nosso pensamento e nossas a\u00e7\u00f5es, garantindo que possamos atingir nosso objetivo de fornecer solu\u00e7\u00f5es inovadoras que aumentem a produtividade e o desempenho.&nbsp; Miss\u00e3o REPRESENTAR A EXCEL\u00caNCIA [&hellip;]","og_url":"https:\/\/www.mpfiltri.com\/pt-pt\/companhia\/missao-e-visao\/","og_site_name":"MP Filtri","article_publisher":"https:\/\/www.facebook.com\/MPFiltriITA","article_modified_time":"2025-09-15T12:14:10+00:00","og_image":[{"width":630,"height":459,"url":"https:\/\/www.mpfiltri.com\/wp-content\/uploads\/2025\/09\/mission-vision.jpg","type":"image\/jpeg"}],"twitter_card":"summary_large_image","twitter_misc":{"Tempo estimado de leitura":"2 minutos"},"schema":{"@context":"https:\/\/schema.org","@graph":[{"@type":"WebPage","@id":"https:\/\/www.mpfiltri.com\/pt-pt\/companhia\/missao-e-visao\/","url":"https:\/\/www.mpfiltri.com\/pt-pt\/companhia\/missao-e-visao\/","name":"Miss\u00e3o e vis\u00e3o - MP Filtri","isPartOf":{"@id":"https:\/\/www.mpfiltri.com\/pt-pt\/#website"},"primaryImageOfPage":{"@id":"https:\/\/www.mpfiltri.com\/pt-pt\/companhia\/missao-e-visao\/#primaryimage"},"image":{"@id":"https:\/\/www.mpfiltri.com\/pt-pt\/companhia\/missao-e-visao\/#primaryimage"},"thumbnailUrl":"https:\/\/www.mpfiltri.com\/wp-content\/uploads\/2025\/09\/mission-vision.jpg","datePublished":"2024-12-11T09:43:25+00:00","dateModified":"2025-09-15T12:14:10+00:00","breadcrumb":{"@id":"https:\/\/www.mpfiltri.com\/pt-pt\/companhia\/missao-e-visao\/#breadcrumb"},"inLanguage":"pt-PT","potentialAction":[{"@type":"ReadAction","target":["https:\/\/www.mpfiltri.com\/pt-pt\/companhia\/missao-e-visao\/"]}]},{"@type":"ImageObject","inLanguage":"pt-PT","@id":"https:\/\/www.mpfiltri.com\/pt-pt\/companhia\/missao-e-visao\/#primaryimage","url":"https:\/\/www.mpfiltri.com\/wp-content\/uploads\/2025\/09\/mission-vision.jpg","contentUrl":"https:\/\/www.mpfiltri.com\/wp-content\/uploads\/2025\/09\/mission-vision.jpg"},{"@type":"BreadcrumbList","@id":"https:\/\/www.mpfiltri.com\/pt-pt\/companhia\/missao-e-visao\/#breadcrumb","itemListElement":[{"@type":"ListItem","position":1,"name":"Home","item":"https:\/\/www.mpfiltri.com\/pt-pt\/"},{"@type":"ListItem","position":2,"name":"Companhia","item":"https:\/\/www.mpfiltri.com\/pt-pt\/companhia\/"},{"@type":"ListItem","position":3,"name":"Miss\u00e3o e vis\u00e3o"}]},{"@type":"WebSite","@id":"https:\/\/www.mpfiltri.com\/pt-pt\/#website","url":"https:\/\/www.mpfiltri.com\/pt-pt\/","name":"MP Filtri","description":"","publisher":{"@id":"https:\/\/www.mpfiltri.com\/pt-pt\/#organization"},"potentialAction":[{"@type":"SearchAction","target":{"@type":"EntryPoint","urlTemplate":"https:\/\/www.mpfiltri.com\/pt-pt\/?s={search_term_string}"},"query-input":{"@type":"PropertyValueSpecification","valueRequired":true,"valueName":"search_term_string"}}],"inLanguage":"pt-PT"},{"@type":"Organization","@id":"https:\/\/www.mpfiltri.com\/pt-pt\/#organization","name":"MP Filtri","url":"https:\/\/www.mpfiltri.com\/pt-pt\/","logo":{"@type":"ImageObject","inLanguage":"pt-PT","@id":"https:\/\/www.mpfiltri.com\/pt-pt\/#\/schema\/logo\/image\/","url":"","contentUrl":"","caption":"MP Filtri"},"image":{"@id":"https:\/\/www.mpfiltri.com\/pt-pt\/#\/schema\/logo\/image\/"},"sameAs":["https:\/\/www.facebook.com\/MPFiltriITA","https:\/\/www.instagram.com\/mpfiltri\/","https:\/\/www.youtube.com\/channel\/UCCzNMySYc1c4M-2B4v0K_QA?view_as=subscriber","https:\/\/www.linkedin.com\/company\/mp-filtri-spa\/"]}]}},"featured_image_src":null,"featured_image_src_square":null,"_links":{"self":[{"href":"https:\/\/www.mpfiltri.com\/pt-pt\/wp-json\/wp\/v2\/pages\/13402","targetHints":{"allow":["GET"]}}],"collection":[{"href":"https:\/\/www.mpfiltri.com\/pt-pt\/wp-json\/wp\/v2\/pages"}],"about":[{"href":"https:\/\/www.mpfiltri.com\/pt-pt\/wp-json\/wp\/v2\/types\/page"}],"author":[{"embeddable":true,"href":"https:\/\/www.mpfiltri.com\/pt-pt\/wp-json\/wp\/v2\/users\/2"}],"replies":[{"embeddable":true,"href":"https:\/\/www.mpfiltri.com\/pt-pt\/wp-json\/wp\/v2\/comments?post=13402"}],"version-history":[{"count":5,"href":"https:\/\/www.mpfiltri.com\/pt-pt\/wp-json\/wp\/v2\/pages\/13402\/revisions"}],"predecessor-version":[{"id":35437,"href":"https:\/\/www.mpfiltri.com\/pt-pt\/wp-json\/wp\/v2\/pages\/13402\/revisions\/35437"}],"up":[{"embeddable":true,"href":"https:\/\/www.mpfiltri.com\/pt-pt\/wp-json\/wp\/v2\/pages\/13382"}],"wp:attachment":[{"href":"https:\/\/www.mpfiltri.com\/pt-pt\/wp-json\/wp\/v2\/media?parent=13402"}],"curies":[{"name":"wp","href":"https:\/\/api.w.org\/{rel}","templated":true}]}}