

{"id":76339,"date":"2025-10-23T09:23:51","date_gmt":"2025-10-23T07:23:51","guid":{"rendered":"https:\/\/www.mpfiltri.com\/product\/prodotto-2\/"},"modified":"2026-04-01T16:22:44","modified_gmt":"2026-04-01T14:22:44","slug":"indicatori-dintasamento","status":"publish","type":"product","link":"https:\/\/www.mpfiltri.com\/it\/prodotto\/indicatori-dintasamento\/","title":{"rendered":"INDICATORI D&#8217;INTASAMENTO"},"content":{"rendered":"<p>MP Filtri \u00e8 in grado di fornire i seguenti indicatori:<\/p>\n<p>&#8211; Vuotostati<\/p>\n<p>&#8211; Pressostati<\/p>\n<p>&#8211; Indicatori di pressione differenziale<\/p>\n<p>Questi tipi di indicatori possono essere forniti con tipi di segnalazione visiva, elettrica, elettronica, o con una loro combinazione.<\/p>\n<p>Gli elementi filtranti sono efficienti solo se la loro capacit\u00e0 di trattenere lo sporco (DHC) \u00e8 pienamente sfruttata. Ci\u00f2 si ottiene utilizzando filtri dotati di indicatori di intasamento. Questi dispositivi indicano o inviano un segnale quando l&#8217;intasamento dell&#8217;elemento filtrante causa un aumento della caduta di pressione oltre una certa soglia. L&#8217;indicatore \u00e8 impostato su un valore di allarme prima che l&#8217;elemento sia completamente intasato, avvisando cos\u00ec della sua necessaria sostituzione.<\/p>\n","protected":false},"excerpt":{"rendered":"<p>MP Filtri \u00e8 in grado di fornire i seguenti indicatori: &#8211; Vuotostati &#8211; Pressostati &#8211; Indicatori di pressione differenziale Questi tipi di indicatori possono essere forniti con tipi di segnalazione visiva, elettrica, elettronica, o con una loro combinazione. Gli elementi filtranti sono efficienti solo se la loro capacit\u00e0 di trattenere lo sporco (DHC) \u00e8 pienamente [&hellip;]<\/p>\n","protected":false},"featured_media":81781,"comment_status":"open","ping_status":"closed","template":"","meta":{"_acf_changed":false,"_gspb_post_css":"","inline_featured_image":false,"_genesis_hide_title":false,"_genesis_hide_breadcrumbs":false,"_genesis_hide_singular_image":false,"_genesis_hide_footer_widgets":false,"_genesis_custom_body_class":"","_genesis_custom_post_class":"","_genesis_layout":"","_links_to":"","_links_to_target":""},"product-structure":[61],"product_brand":[],"product_cat":[],"product_tag":[],"class_list":{"0":"post-76339","1":"product","2":"type-product","3":"status-publish","4":"has-post-thumbnail","6":"product-structure-family","7":"entry","9":"first","10":"instock","11":"shipping-taxable","12":"product-type-simple"},"acf":[],"yoast_head":"<!-- This site is optimized with the Yoast SEO plugin v27.2 - https:\/\/yoast.com\/product\/yoast-seo-wordpress\/ -->\n<title>INDICATORI D&#039;INTASAMENTO - MP Filtri<\/title>\n<meta name=\"robots\" content=\"index, follow, max-snippet:-1, max-image-preview:large, max-video-preview:-1\" \/>\n<link rel=\"canonical\" href=\"https:\/\/www.mpfiltri.com\/it\/prodotto\/indicatori-dintasamento\/\" \/>\n<meta property=\"og:locale\" content=\"it_IT\" \/>\n<meta property=\"og:type\" content=\"article\" \/>\n<meta property=\"og:title\" content=\"INDICATORI D&#039;INTASAMENTO - MP Filtri\" \/>\n<meta property=\"og:description\" content=\"MP Filtri \u00e8 in grado di fornire i seguenti indicatori: &#8211; Vuotostati &#8211; Pressostati &#8211; Indicatori di pressione differenziale Questi tipi di indicatori possono essere forniti con tipi di segnalazione visiva, elettrica, elettronica, o con una loro combinazione. Gli elementi filtranti sono efficienti solo se la loro capacit\u00e0 di trattenere lo sporco (DHC) \u00e8 pienamente [&hellip;]\" \/>\n<meta property=\"og:url\" content=\"https:\/\/www.mpfiltri.com\/it\/prodotto\/indicatori-dintasamento\/\" \/>\n<meta property=\"og:site_name\" content=\"MP Filtri\" \/>\n<meta property=\"article:publisher\" content=\"https:\/\/www.facebook.com\/MPFiltriITA\" \/>\n<meta property=\"article:modified_time\" content=\"2026-04-01T14:22:44+00:00\" \/>\n<meta property=\"og:image\" content=\"https:\/\/www.mpfiltri.com\/wp-content\/uploads\/2025\/06\/CLOGGING1.png\" \/>\n\t<meta property=\"og:image:width\" content=\"1000\" \/>\n\t<meta property=\"og:image:height\" content=\"1000\" \/>\n\t<meta property=\"og:image:type\" content=\"image\/png\" \/>\n<meta name=\"twitter:card\" content=\"summary_large_image\" \/>\n<meta name=\"twitter:label1\" content=\"Tempo di lettura stimato\" \/>\n\t<meta name=\"twitter:data1\" content=\"1 minuto\" \/>\n<script type=\"application\/ld+json\" class=\"yoast-schema-graph\">{\"@context\":\"https:\/\/schema.org\",\"@graph\":[{\"@type\":\"WebPage\",\"@id\":\"https:\/\/www.mpfiltri.com\/it\/prodotto\/indicatori-dintasamento\/\",\"url\":\"https:\/\/www.mpfiltri.com\/it\/prodotto\/indicatori-dintasamento\/\",\"name\":\"INDICATORI D'INTASAMENTO - MP Filtri\",\"isPartOf\":{\"@id\":\"https:\/\/www.mpfiltri.com\/it\/#website\"},\"primaryImageOfPage\":{\"@id\":\"https:\/\/www.mpfiltri.com\/it\/prodotto\/indicatori-dintasamento\/#primaryimage\"},\"image\":{\"@id\":\"https:\/\/www.mpfiltri.com\/it\/prodotto\/indicatori-dintasamento\/#primaryimage\"},\"thumbnailUrl\":\"https:\/\/www.mpfiltri.com\/wp-content\/uploads\/2026\/03\/CLOGGING1-4.png\",\"datePublished\":\"2025-10-23T07:23:51+00:00\",\"dateModified\":\"2026-04-01T14:22:44+00:00\",\"breadcrumb\":{\"@id\":\"https:\/\/www.mpfiltri.com\/it\/prodotto\/indicatori-dintasamento\/#breadcrumb\"},\"inLanguage\":\"it-IT\",\"potentialAction\":[{\"@type\":\"ReadAction\",\"target\":[\"https:\/\/www.mpfiltri.com\/it\/prodotto\/indicatori-dintasamento\/\"]}]},{\"@type\":\"ImageObject\",\"inLanguage\":\"it-IT\",\"@id\":\"https:\/\/www.mpfiltri.com\/it\/prodotto\/indicatori-dintasamento\/#primaryimage\",\"url\":\"https:\/\/www.mpfiltri.com\/wp-content\/uploads\/2026\/03\/CLOGGING1-4.png\",\"contentUrl\":\"https:\/\/www.mpfiltri.com\/wp-content\/uploads\/2026\/03\/CLOGGING1-4.png\",\"width\":1000,\"height\":1000},{\"@type\":\"BreadcrumbList\",\"@id\":\"https:\/\/www.mpfiltri.com\/it\/prodotto\/indicatori-dintasamento\/#breadcrumb\",\"itemListElement\":[{\"@type\":\"ListItem\",\"position\":1,\"name\":\"Home\",\"item\":\"https:\/\/www.mpfiltri.com\/it\/\"},{\"@type\":\"ListItem\",\"position\":2,\"name\":\"Prodotti\",\"item\":\"https:\/\/www.mpfiltri.com\/it\/shop\/\"},{\"@type\":\"ListItem\",\"position\":3,\"name\":\"INDICATORI D&#8217;INTASAMENTO\"}]},{\"@type\":\"WebSite\",\"@id\":\"https:\/\/www.mpfiltri.com\/it\/#website\",\"url\":\"https:\/\/www.mpfiltri.com\/it\/\",\"name\":\"MP Filtri\",\"description\":\"\",\"publisher\":{\"@id\":\"https:\/\/www.mpfiltri.com\/it\/#organization\"},\"potentialAction\":[{\"@type\":\"SearchAction\",\"target\":{\"@type\":\"EntryPoint\",\"urlTemplate\":\"https:\/\/www.mpfiltri.com\/it\/?s={search_term_string}\"},\"query-input\":{\"@type\":\"PropertyValueSpecification\",\"valueRequired\":true,\"valueName\":\"search_term_string\"}}],\"inLanguage\":\"it-IT\"},{\"@type\":\"Organization\",\"@id\":\"https:\/\/www.mpfiltri.com\/it\/#organization\",\"name\":\"MP Filtri\",\"url\":\"https:\/\/www.mpfiltri.com\/it\/\",\"logo\":{\"@type\":\"ImageObject\",\"inLanguage\":\"it-IT\",\"@id\":\"https:\/\/www.mpfiltri.com\/it\/#\/schema\/logo\/image\/\",\"url\":\"\",\"contentUrl\":\"\",\"caption\":\"MP Filtri\"},\"image\":{\"@id\":\"https:\/\/www.mpfiltri.com\/it\/#\/schema\/logo\/image\/\"},\"sameAs\":[\"https:\/\/www.facebook.com\/MPFiltriITA\",\"https:\/\/www.instagram.com\/mpfiltri\/\",\"https:\/\/www.youtube.com\/channel\/UCCzNMySYc1c4M-2B4v0K_QA?view_as=subscriber\",\"https:\/\/www.linkedin.com\/company\/mp-filtri-spa\/\"]}]}<\/script>\n<!-- \/ Yoast SEO plugin. -->","yoast_head_json":{"title":"INDICATORI D'INTASAMENTO - MP Filtri","robots":{"index":"index","follow":"follow","max-snippet":"max-snippet:-1","max-image-preview":"max-image-preview:large","max-video-preview":"max-video-preview:-1"},"canonical":"https:\/\/www.mpfiltri.com\/it\/prodotto\/indicatori-dintasamento\/","og_locale":"it_IT","og_type":"article","og_title":"INDICATORI D'INTASAMENTO - MP Filtri","og_description":"MP Filtri \u00e8 in grado di fornire i seguenti indicatori: &#8211; Vuotostati &#8211; Pressostati &#8211; Indicatori di pressione differenziale Questi tipi di indicatori possono essere forniti con tipi di segnalazione visiva, elettrica, elettronica, o con una loro combinazione. Gli elementi filtranti sono efficienti solo se la loro capacit\u00e0 di trattenere lo sporco (DHC) \u00e8 pienamente [&hellip;]","og_url":"https:\/\/www.mpfiltri.com\/it\/prodotto\/indicatori-dintasamento\/","og_site_name":"MP Filtri","article_publisher":"https:\/\/www.facebook.com\/MPFiltriITA","article_modified_time":"2026-04-01T14:22:44+00:00","og_image":[{"width":1000,"height":1000,"url":"https:\/\/www.mpfiltri.com\/wp-content\/uploads\/2025\/06\/CLOGGING1.png","type":"image\/png"}],"twitter_card":"summary_large_image","twitter_misc":{"Tempo di lettura stimato":"1 minuto"},"schema":{"@context":"https:\/\/schema.org","@graph":[{"@type":"WebPage","@id":"https:\/\/www.mpfiltri.com\/it\/prodotto\/indicatori-dintasamento\/","url":"https:\/\/www.mpfiltri.com\/it\/prodotto\/indicatori-dintasamento\/","name":"INDICATORI D'INTASAMENTO - MP Filtri","isPartOf":{"@id":"https:\/\/www.mpfiltri.com\/it\/#website"},"primaryImageOfPage":{"@id":"https:\/\/www.mpfiltri.com\/it\/prodotto\/indicatori-dintasamento\/#primaryimage"},"image":{"@id":"https:\/\/www.mpfiltri.com\/it\/prodotto\/indicatori-dintasamento\/#primaryimage"},"thumbnailUrl":"https:\/\/www.mpfiltri.com\/wp-content\/uploads\/2026\/03\/CLOGGING1-4.png","datePublished":"2025-10-23T07:23:51+00:00","dateModified":"2026-04-01T14:22:44+00:00","breadcrumb":{"@id":"https:\/\/www.mpfiltri.com\/it\/prodotto\/indicatori-dintasamento\/#breadcrumb"},"inLanguage":"it-IT","potentialAction":[{"@type":"ReadAction","target":["https:\/\/www.mpfiltri.com\/it\/prodotto\/indicatori-dintasamento\/"]}]},{"@type":"ImageObject","inLanguage":"it-IT","@id":"https:\/\/www.mpfiltri.com\/it\/prodotto\/indicatori-dintasamento\/#primaryimage","url":"https:\/\/www.mpfiltri.com\/wp-content\/uploads\/2026\/03\/CLOGGING1-4.png","contentUrl":"https:\/\/www.mpfiltri.com\/wp-content\/uploads\/2026\/03\/CLOGGING1-4.png","width":1000,"height":1000},{"@type":"BreadcrumbList","@id":"https:\/\/www.mpfiltri.com\/it\/prodotto\/indicatori-dintasamento\/#breadcrumb","itemListElement":[{"@type":"ListItem","position":1,"name":"Home","item":"https:\/\/www.mpfiltri.com\/it\/"},{"@type":"ListItem","position":2,"name":"Prodotti","item":"https:\/\/www.mpfiltri.com\/it\/shop\/"},{"@type":"ListItem","position":3,"name":"INDICATORI D&#8217;INTASAMENTO"}]},{"@type":"WebSite","@id":"https:\/\/www.mpfiltri.com\/it\/#website","url":"https:\/\/www.mpfiltri.com\/it\/","name":"MP Filtri","description":"","publisher":{"@id":"https:\/\/www.mpfiltri.com\/it\/#organization"},"potentialAction":[{"@type":"SearchAction","target":{"@type":"EntryPoint","urlTemplate":"https:\/\/www.mpfiltri.com\/it\/?s={search_term_string}"},"query-input":{"@type":"PropertyValueSpecification","valueRequired":true,"valueName":"search_term_string"}}],"inLanguage":"it-IT"},{"@type":"Organization","@id":"https:\/\/www.mpfiltri.com\/it\/#organization","name":"MP Filtri","url":"https:\/\/www.mpfiltri.com\/it\/","logo":{"@type":"ImageObject","inLanguage":"it-IT","@id":"https:\/\/www.mpfiltri.com\/it\/#\/schema\/logo\/image\/","url":"","contentUrl":"","caption":"MP Filtri"},"image":{"@id":"https:\/\/www.mpfiltri.com\/it\/#\/schema\/logo\/image\/"},"sameAs":["https:\/\/www.facebook.com\/MPFiltriITA","https:\/\/www.instagram.com\/mpfiltri\/","https:\/\/www.youtube.com\/channel\/UCCzNMySYc1c4M-2B4v0K_QA?view_as=subscriber","https:\/\/www.linkedin.com\/company\/mp-filtri-spa\/"]}]}},"_links":{"self":[{"href":"https:\/\/www.mpfiltri.com\/it\/wp-json\/wp\/v2\/product\/76339","targetHints":{"allow":["GET"]}}],"collection":[{"href":"https:\/\/www.mpfiltri.com\/it\/wp-json\/wp\/v2\/product"}],"about":[{"href":"https:\/\/www.mpfiltri.com\/it\/wp-json\/wp\/v2\/types\/product"}],"replies":[{"embeddable":true,"href":"https:\/\/www.mpfiltri.com\/it\/wp-json\/wp\/v2\/comments?post=76339"}],"wp:featuredmedia":[{"embeddable":true,"href":"https:\/\/www.mpfiltri.com\/it\/wp-json\/wp\/v2\/media\/81781"}],"wp:attachment":[{"href":"https:\/\/www.mpfiltri.com\/it\/wp-json\/wp\/v2\/media?parent=76339"}],"wp:term":[{"taxonomy":"product-structure","embeddable":true,"href":"https:\/\/www.mpfiltri.com\/it\/wp-json\/wp\/v2\/product-structure?post=76339"},{"taxonomy":"product_brand","embeddable":true,"href":"https:\/\/www.mpfiltri.com\/it\/wp-json\/wp\/v2\/product_brand?post=76339"},{"taxonomy":"product_cat","embeddable":true,"href":"https:\/\/www.mpfiltri.com\/it\/wp-json\/wp\/v2\/product_cat?post=76339"},{"taxonomy":"product_tag","embeddable":true,"href":"https:\/\/www.mpfiltri.com\/it\/wp-json\/wp\/v2\/product_tag?post=76339"}],"curies":[{"name":"wp","href":"https:\/\/api.w.org\/{rel}","templated":true}]}}