

{"id":76234,"date":"2026-01-28T17:38:35","date_gmt":"2026-01-28T16:38:35","guid":{"rendered":"https:\/\/www.mpfiltri.com\/product\/prodotto\/"},"modified":"2026-04-01T16:22:42","modified_gmt":"2026-04-01T14:22:42","slug":"power-transmission","status":"publish","type":"product","link":"https:\/\/www.mpfiltri.com\/it\/prodotto\/power-transmission\/","title":{"rendered":"POWER TRANSMISSION"},"content":{"rendered":"<p>Power Transmission \u00e8 la divisione dedicata ai componenti strutturali per l\u2019accoppiamento tra motore elettrico e pompa.<\/p>\n<p>I giunti MP Filtri, utilizzati per la trasmissione di potenza dal motore alla pompa idraulica, sono disponibili in alluminio, ghisa e acciaio. Certificati secondo la direttiva ATEX 2014\/34\/EU Categoria 2G \u2013 Zone 1 e 2, sono idonei anche per applicazioni in aree potenzialmente esplosive. Le lanterne MP Filtri, monoblocco o modulari, sono disponibili in diverse tipologie per garantire la massima compatibilit\u00e0 con la maggior parte delle pompe presenti sul mercato. \u00c8 inoltre disponibile una versione specifica che consente una significativa riduzione del livello di rumorosit\u00e0.<\/p><\/p>\n","protected":false},"excerpt":{"rendered":"<p>Power Transmission \u00e8 la divisione dedicata ai componenti strutturali per l\u2019accoppiamento tra motore elettrico e pompa. I giunti MP Filtri, utilizzati per la trasmissione di potenza dal motore alla pompa idraulica, sono disponibili in alluminio, ghisa e acciaio. Certificati secondo la direttiva ATEX 2014\/34\/EU Categoria 2G \u2013 Zone 1 e 2, sono idonei anche per [&hellip;]<\/p>\n","protected":false},"featured_media":23088,"comment_status":"open","ping_status":"closed","template":"","meta":{"_acf_changed":false,"_gspb_post_css":"","inline_featured_image":false,"_genesis_hide_title":false,"_genesis_hide_breadcrumbs":false,"_genesis_hide_singular_image":false,"_genesis_hide_footer_widgets":false,"_genesis_custom_body_class":"","_genesis_custom_post_class":"","_genesis_layout":"","_links_to":"","_links_to_target":""},"product-structure":[60],"product_brand":[],"product_cat":[],"product_tag":[],"class_list":{"0":"post-76234","1":"product","2":"type-product","3":"status-publish","4":"has-post-thumbnail","6":"product-structure-catalogue","7":"entry","9":"first","10":"instock","11":"shipping-taxable","12":"product-type-simple"},"acf":[],"yoast_head":"<!-- This site is optimized with the Yoast SEO plugin v27.2 - https:\/\/yoast.com\/product\/yoast-seo-wordpress\/ -->\n<title>POWER TRANSMISSION - MP Filtri<\/title>\n<meta name=\"robots\" content=\"index, follow, max-snippet:-1, max-image-preview:large, max-video-preview:-1\" \/>\n<link rel=\"canonical\" href=\"https:\/\/www.mpfiltri.com\/it\/prodotto\/power-transmission\/\" \/>\n<meta property=\"og:locale\" content=\"it_IT\" \/>\n<meta property=\"og:type\" content=\"article\" \/>\n<meta property=\"og:title\" content=\"POWER TRANSMISSION - MP Filtri\" \/>\n<meta property=\"og:description\" content=\"Power Transmission \u00e8 la divisione dedicata ai componenti strutturali per l\u2019accoppiamento tra motore elettrico e pompa. I giunti MP Filtri, utilizzati per la trasmissione di potenza dal motore alla pompa idraulica, sono disponibili in alluminio, ghisa e acciaio. Certificati secondo la direttiva ATEX 2014\/34\/EU Categoria 2G \u2013 Zone 1 e 2, sono idonei anche per [&hellip;]\" \/>\n<meta property=\"og:url\" content=\"https:\/\/www.mpfiltri.com\/it\/prodotto\/power-transmission\/\" \/>\n<meta property=\"og:site_name\" content=\"MP Filtri\" \/>\n<meta property=\"article:publisher\" content=\"https:\/\/www.facebook.com\/MPFiltriITA\" \/>\n<meta property=\"article:modified_time\" content=\"2026-04-01T14:22:42+00:00\" \/>\n<meta property=\"og:image\" content=\"https:\/\/www.mpfiltri.com\/wp-content\/uploads\/2025\/06\/PT.png\" \/>\n\t<meta property=\"og:image:width\" content=\"313\" \/>\n\t<meta property=\"og:image:height\" content=\"313\" \/>\n\t<meta property=\"og:image:type\" content=\"image\/png\" \/>\n<meta name=\"twitter:card\" content=\"summary_large_image\" \/>\n<script type=\"application\/ld+json\" class=\"yoast-schema-graph\">{\"@context\":\"https:\/\/schema.org\",\"@graph\":[{\"@type\":\"WebPage\",\"@id\":\"https:\/\/www.mpfiltri.com\/it\/prodotto\/power-transmission\/\",\"url\":\"https:\/\/www.mpfiltri.com\/it\/prodotto\/power-transmission\/\",\"name\":\"POWER TRANSMISSION - MP Filtri\",\"isPartOf\":{\"@id\":\"https:\/\/www.mpfiltri.com\/it\/#website\"},\"primaryImageOfPage\":{\"@id\":\"https:\/\/www.mpfiltri.com\/it\/prodotto\/power-transmission\/#primaryimage\"},\"image\":{\"@id\":\"https:\/\/www.mpfiltri.com\/it\/prodotto\/power-transmission\/#primaryimage\"},\"thumbnailUrl\":\"https:\/\/www.mpfiltri.com\/wp-content\/uploads\/2025\/06\/PT.png\",\"datePublished\":\"2026-01-28T16:38:35+00:00\",\"dateModified\":\"2026-04-01T14:22:42+00:00\",\"breadcrumb\":{\"@id\":\"https:\/\/www.mpfiltri.com\/it\/prodotto\/power-transmission\/#breadcrumb\"},\"inLanguage\":\"it-IT\",\"potentialAction\":[{\"@type\":\"ReadAction\",\"target\":[\"https:\/\/www.mpfiltri.com\/it\/prodotto\/power-transmission\/\"]}]},{\"@type\":\"ImageObject\",\"inLanguage\":\"it-IT\",\"@id\":\"https:\/\/www.mpfiltri.com\/it\/prodotto\/power-transmission\/#primaryimage\",\"url\":\"https:\/\/www.mpfiltri.com\/wp-content\/uploads\/2025\/06\/PT.png\",\"contentUrl\":\"https:\/\/www.mpfiltri.com\/wp-content\/uploads\/2025\/06\/PT.png\",\"width\":313,\"height\":313,\"caption\":\"Power transmission\"},{\"@type\":\"BreadcrumbList\",\"@id\":\"https:\/\/www.mpfiltri.com\/it\/prodotto\/power-transmission\/#breadcrumb\",\"itemListElement\":[{\"@type\":\"ListItem\",\"position\":1,\"name\":\"Home\",\"item\":\"https:\/\/www.mpfiltri.com\/it\/\"},{\"@type\":\"ListItem\",\"position\":2,\"name\":\"Prodotti\",\"item\":\"https:\/\/www.mpfiltri.com\/it\/shop\/\"},{\"@type\":\"ListItem\",\"position\":3,\"name\":\"POWER TRANSMISSION\"}]},{\"@type\":\"WebSite\",\"@id\":\"https:\/\/www.mpfiltri.com\/it\/#website\",\"url\":\"https:\/\/www.mpfiltri.com\/it\/\",\"name\":\"MP Filtri\",\"description\":\"\",\"publisher\":{\"@id\":\"https:\/\/www.mpfiltri.com\/it\/#organization\"},\"potentialAction\":[{\"@type\":\"SearchAction\",\"target\":{\"@type\":\"EntryPoint\",\"urlTemplate\":\"https:\/\/www.mpfiltri.com\/it\/?s={search_term_string}\"},\"query-input\":{\"@type\":\"PropertyValueSpecification\",\"valueRequired\":true,\"valueName\":\"search_term_string\"}}],\"inLanguage\":\"it-IT\"},{\"@type\":\"Organization\",\"@id\":\"https:\/\/www.mpfiltri.com\/it\/#organization\",\"name\":\"MP Filtri\",\"url\":\"https:\/\/www.mpfiltri.com\/it\/\",\"logo\":{\"@type\":\"ImageObject\",\"inLanguage\":\"it-IT\",\"@id\":\"https:\/\/www.mpfiltri.com\/it\/#\/schema\/logo\/image\/\",\"url\":\"\",\"contentUrl\":\"\",\"caption\":\"MP Filtri\"},\"image\":{\"@id\":\"https:\/\/www.mpfiltri.com\/it\/#\/schema\/logo\/image\/\"},\"sameAs\":[\"https:\/\/www.facebook.com\/MPFiltriITA\",\"https:\/\/www.instagram.com\/mpfiltri\/\",\"https:\/\/www.youtube.com\/channel\/UCCzNMySYc1c4M-2B4v0K_QA?view_as=subscriber\",\"https:\/\/www.linkedin.com\/company\/mp-filtri-spa\/\"]}]}<\/script>\n<!-- \/ Yoast SEO plugin. -->","yoast_head_json":{"title":"POWER TRANSMISSION - MP Filtri","robots":{"index":"index","follow":"follow","max-snippet":"max-snippet:-1","max-image-preview":"max-image-preview:large","max-video-preview":"max-video-preview:-1"},"canonical":"https:\/\/www.mpfiltri.com\/it\/prodotto\/power-transmission\/","og_locale":"it_IT","og_type":"article","og_title":"POWER TRANSMISSION - MP Filtri","og_description":"Power Transmission \u00e8 la divisione dedicata ai componenti strutturali per l\u2019accoppiamento tra motore elettrico e pompa. I giunti MP Filtri, utilizzati per la trasmissione di potenza dal motore alla pompa idraulica, sono disponibili in alluminio, ghisa e acciaio. Certificati secondo la direttiva ATEX 2014\/34\/EU Categoria 2G \u2013 Zone 1 e 2, sono idonei anche per [&hellip;]","og_url":"https:\/\/www.mpfiltri.com\/it\/prodotto\/power-transmission\/","og_site_name":"MP Filtri","article_publisher":"https:\/\/www.facebook.com\/MPFiltriITA","article_modified_time":"2026-04-01T14:22:42+00:00","og_image":[{"width":313,"height":313,"url":"https:\/\/www.mpfiltri.com\/wp-content\/uploads\/2025\/06\/PT.png","type":"image\/png"}],"twitter_card":"summary_large_image","schema":{"@context":"https:\/\/schema.org","@graph":[{"@type":"WebPage","@id":"https:\/\/www.mpfiltri.com\/it\/prodotto\/power-transmission\/","url":"https:\/\/www.mpfiltri.com\/it\/prodotto\/power-transmission\/","name":"POWER TRANSMISSION - MP Filtri","isPartOf":{"@id":"https:\/\/www.mpfiltri.com\/it\/#website"},"primaryImageOfPage":{"@id":"https:\/\/www.mpfiltri.com\/it\/prodotto\/power-transmission\/#primaryimage"},"image":{"@id":"https:\/\/www.mpfiltri.com\/it\/prodotto\/power-transmission\/#primaryimage"},"thumbnailUrl":"https:\/\/www.mpfiltri.com\/wp-content\/uploads\/2025\/06\/PT.png","datePublished":"2026-01-28T16:38:35+00:00","dateModified":"2026-04-01T14:22:42+00:00","breadcrumb":{"@id":"https:\/\/www.mpfiltri.com\/it\/prodotto\/power-transmission\/#breadcrumb"},"inLanguage":"it-IT","potentialAction":[{"@type":"ReadAction","target":["https:\/\/www.mpfiltri.com\/it\/prodotto\/power-transmission\/"]}]},{"@type":"ImageObject","inLanguage":"it-IT","@id":"https:\/\/www.mpfiltri.com\/it\/prodotto\/power-transmission\/#primaryimage","url":"https:\/\/www.mpfiltri.com\/wp-content\/uploads\/2025\/06\/PT.png","contentUrl":"https:\/\/www.mpfiltri.com\/wp-content\/uploads\/2025\/06\/PT.png","width":313,"height":313,"caption":"Power transmission"},{"@type":"BreadcrumbList","@id":"https:\/\/www.mpfiltri.com\/it\/prodotto\/power-transmission\/#breadcrumb","itemListElement":[{"@type":"ListItem","position":1,"name":"Home","item":"https:\/\/www.mpfiltri.com\/it\/"},{"@type":"ListItem","position":2,"name":"Prodotti","item":"https:\/\/www.mpfiltri.com\/it\/shop\/"},{"@type":"ListItem","position":3,"name":"POWER TRANSMISSION"}]},{"@type":"WebSite","@id":"https:\/\/www.mpfiltri.com\/it\/#website","url":"https:\/\/www.mpfiltri.com\/it\/","name":"MP Filtri","description":"","publisher":{"@id":"https:\/\/www.mpfiltri.com\/it\/#organization"},"potentialAction":[{"@type":"SearchAction","target":{"@type":"EntryPoint","urlTemplate":"https:\/\/www.mpfiltri.com\/it\/?s={search_term_string}"},"query-input":{"@type":"PropertyValueSpecification","valueRequired":true,"valueName":"search_term_string"}}],"inLanguage":"it-IT"},{"@type":"Organization","@id":"https:\/\/www.mpfiltri.com\/it\/#organization","name":"MP Filtri","url":"https:\/\/www.mpfiltri.com\/it\/","logo":{"@type":"ImageObject","inLanguage":"it-IT","@id":"https:\/\/www.mpfiltri.com\/it\/#\/schema\/logo\/image\/","url":"","contentUrl":"","caption":"MP Filtri"},"image":{"@id":"https:\/\/www.mpfiltri.com\/it\/#\/schema\/logo\/image\/"},"sameAs":["https:\/\/www.facebook.com\/MPFiltriITA","https:\/\/www.instagram.com\/mpfiltri\/","https:\/\/www.youtube.com\/channel\/UCCzNMySYc1c4M-2B4v0K_QA?view_as=subscriber","https:\/\/www.linkedin.com\/company\/mp-filtri-spa\/"]}]}},"_links":{"self":[{"href":"https:\/\/www.mpfiltri.com\/it\/wp-json\/wp\/v2\/product\/76234","targetHints":{"allow":["GET"]}}],"collection":[{"href":"https:\/\/www.mpfiltri.com\/it\/wp-json\/wp\/v2\/product"}],"about":[{"href":"https:\/\/www.mpfiltri.com\/it\/wp-json\/wp\/v2\/types\/product"}],"replies":[{"embeddable":true,"href":"https:\/\/www.mpfiltri.com\/it\/wp-json\/wp\/v2\/comments?post=76234"}],"wp:featuredmedia":[{"embeddable":true,"href":"https:\/\/www.mpfiltri.com\/it\/wp-json\/wp\/v2\/media\/23088"}],"wp:attachment":[{"href":"https:\/\/www.mpfiltri.com\/it\/wp-json\/wp\/v2\/media?parent=76234"}],"wp:term":[{"taxonomy":"product-structure","embeddable":true,"href":"https:\/\/www.mpfiltri.com\/it\/wp-json\/wp\/v2\/product-structure?post=76234"},{"taxonomy":"product_brand","embeddable":true,"href":"https:\/\/www.mpfiltri.com\/it\/wp-json\/wp\/v2\/product_brand?post=76234"},{"taxonomy":"product_cat","embeddable":true,"href":"https:\/\/www.mpfiltri.com\/it\/wp-json\/wp\/v2\/product_cat?post=76234"},{"taxonomy":"product_tag","embeddable":true,"href":"https:\/\/www.mpfiltri.com\/it\/wp-json\/wp\/v2\/product_tag?post=76234"}],"curies":[{"name":"wp","href":"https:\/\/api.w.org\/{rel}","templated":true}]}}