

{"id":35604,"date":"2025-09-15T14:19:30","date_gmt":"2025-09-15T12:19:30","guid":{"rendered":"https:\/\/www.mpfiltri.com\/general-conditions-of-sale-and-warranty\/"},"modified":"2025-09-15T17:51:33","modified_gmt":"2025-09-15T15:51:33","slug":"general-conditions-of-sale-and-warranty","status":"publish","type":"page","link":"https:\/\/www.mpfiltri.com\/it\/general-conditions-of-sale-and-warranty\/","title":{"rendered":"Condizioni generali di vendita e garanzia"},"content":{"rendered":"\n<div class=\"wp-block-stackable-columns stk-block-columns stk-block stk-820bb05 body-lines height-100\" data-block-id=\"820bb05\"><style>.stk-820bb05 {margin-top:0px !important;margin-right:0px !important;margin-bottom:0px !important;margin-left:0px !important;}.stk-820bb05-column{--stk-columns-spacing:0px !important;}<\/style><div class=\"stk-row stk-inner-blocks stk-block-content stk-content-align stk-820bb05-column\">\n<div class=\"wp-block-stackable-column stk-block-column stk-column stk-block stk-745f29b\" data-v=\"4\" data-block-id=\"745f29b\"><div class=\"stk-column-wrapper stk-block-column__content stk-container stk-745f29b-container stk--no-background stk--no-padding\"><div class=\"stk-block-content stk-inner-blocks stk-745f29b-inner-blocks\"><\/div><\/div><\/div>\n<\/div><\/div>\n\n\n\n<div class=\"wp-block-stackable-columns stk-block-columns stk-block stk-ed0a22b\" data-block-id=\"ed0a22b\"><style>.stk-ed0a22b {border-color:#E6E6E6 !important;border-right-width:1px !important;border-left-width:1px !important;margin-top:0px !important;margin-right:0px !important;margin-bottom:0px !important;margin-left:0px !important;}<\/style><div class=\"stk-row stk-inner-blocks stk-block-content stk-content-align stk-ed0a22b-column\">\n<div class=\"wp-block-stackable-column stk-block-column stk-column stk-block stk-595eec5\" data-v=\"4\" data-block-id=\"595eec5\"><style>.stk-595eec5-inner-blocks{align-items:flex-start !important;}.stk-595eec5 {border-style:solid !important;border-color:#E6E6E6 !important;border-right-width:1px !important;border-left-width:1px !important;padding-right:30px !important;padding-left:30px !important;}<\/style><div class=\"stk-column-wrapper stk-block-column__content stk-container stk-595eec5-container stk--no-background stk--no-padding\"><div class=\"has-text-align-left stk--column-flex stk-block-content stk-inner-blocks stk-595eec5-inner-blocks\">\n<h2 class=\"wp-block-heading\" id=\"condizioni-generali-di-vendita-e-garanzia\">Condizioni generali di vendita e garanzia<\/h2>\n\n\n\n<p><strong>A) OGGETTO DELLA FORNITURA:<\/strong><\/p>\n\n\n\n<p>La fornitura comprende esclusivamente quanto indicato in conferma. Qualsiasi variazione alle presenti condizioni generali di vendita deve essere espressamente richiesta insieme al conferimento dell\u2019ordine e noi ci riserviamo di espressamente approvarla.<br>Si ritiene per\u00f2 come non scritta, in caso di nostra mancata approvazione, qualsiasi clausola inserita dal committente nei suoi ordini, nelle sue note, nella sua corrispondenza.<\/p>\n\n\n\n<p><strong>B) ESCLUSIONI DALLA VENDITA<\/strong><\/p>\n\n\n\n<ol class=\"wp-block-list\">\n<li>Modelli, disegni, illustrazioni e istruzioni per la costruzione, installazione di quanto fornito non sono compresi nella vendita e sono di esclusiva propriet\u00e0 della venditrice.<\/li>\n\n\n\n<li>L\u2019eventuale consegna di copia di quanto sopra avviene a titolo di cortesia. Non \u00e8 ammessa nessuna duplicazione n\u00e9 cessione a terzi.<\/li>\n<\/ol>\n\n\n\n<p><strong>C) ORDINAZIONI E ANTICIPI<\/strong><\/p>\n\n\n\n<ol class=\"wp-block-list\">\n<li>Se nella conferma d\u2019ordine \u00e8 indicato l\u2019obbligo a carico del committente d\u2019anticipare una parte del prezzo, l\u2019anticipo ha funzione di caparra confirmatoria (art. 1385 CC)<\/li>\n\n\n\n<li>Gli anticipi sono infruttiferi.<\/li>\n\n\n\n<li>Risolvendosi la conferma d\u2019ordine per l\u2019inadempimento del committente, quanto versato resta acquisito dalla venditrice a titolo di risarcimento, salvi i maggiori danni.<\/li>\n<\/ol>\n\n\n\n<p><strong>D) CONSEGNE<\/strong><\/p>\n\n\n\n<ol class=\"wp-block-list\">\n<li>Il termine di consegna dichiarato nella conferma d\u2019ordine non ha carattere essenziale e vale soltanto come indicazione approssimativa. E\u2019 prevista una tolleranza di mesi due a decorrere dalla data di spedizione, salvo quanto previsto dal punto D3.<\/li>\n\n\n\n<li>Il ritardo della consegna non d\u00e0 mai diritto a compenso o indennizzo alcuno a favore del committente, n\u00e9 il contratto potr\u00e0 essere reciso.<\/li>\n\n\n\n<li>Sopravvenute a ritardare la consegna cause di forza maggiore o eventi fortuiti il termine di consegna \u00e8 automaticamente prorogato per un periodo di tempo pari alla durata della causa sopravvenuta.<\/li>\n\n\n\n<li>La consegna della merce si effettua nei magazzini della venditrice, restando tuttavia in facolt\u00e0 di questa di farne rimessa allo spedizioniere per l\u2019inoltro al committente per conto e a spese del committente stesso, con esonero da ogni responsabilit\u00e0 della venditrice.<\/li>\n<\/ol>\n\n\n\n<p><strong>E) TRASPORTO \u2013 ASSICURAZIONE \u2013 IMBALLAGGIO<\/strong><\/p>\n\n\n\n<ol class=\"wp-block-list\">\n<li>La merce viaggia a tutto rischio e pericolo del committente il quale, pertanto, \u00e8 tenuto a verificarla all\u2019arrivo ed in caso di avarie, fare gli opportuni reclami al vettore o allo spedizioniere.<\/li>\n\n\n\n<li>La merce non viene coperta da assicurazione per il trasporto se non sia diversamente pattuito nella conferma d\u2019ordine.<\/li>\n<\/ol>\n\n\n\n<p><strong>F) CARATTERISTICHE<\/strong><\/p>\n\n\n\n<ol class=\"wp-block-list\">\n<li>Il committente d\u00e0 atto di conoscere tutte le caratteristiche di quanto fornito, descritte nei cataloghi, listini, offerte ecc. dalla venditrice in vigore alla data della conferma d\u2019ordine e di averne ricevuto copia prima dell\u2019ordine.<\/li>\n\n\n\n<li>Tutti i dati, esposti in catalogo, di natura tecnica relativi a rendimento, produzione, consumi, velocit\u00e0, portata, peso sono esposti a mero scopo indicativo. Le sigle identificative dei prodotti si intendono indicate per richiamare le caratteristiche tecniche di cui ai cataloghi della venditrice.<\/li>\n\n\n\n<li>La venditrice si riserva il diritto di consegnare quanto ordinato con le modifiche tecniche che ritenga necessarie ed utili.<\/li>\n<\/ol>\n\n\n\n<p><strong>G) COLLAUDO \u2013 INSTALLAZIONE<\/strong><\/p>\n\n\n\n<ol class=\"wp-block-list\">\n<li>Il collaudo avverr\u00e0 nell\u2019officina della venditrice prima della consegna, effettuata la quale gli apparecchi si intendono senz\u2019altro accettati dal committente con esonero di responsabilit\u00e0 della venditrice MO-MPF-203 REV. 1.0 del 10\/03\/2015 2<\/li>\n\n\n\n<li>A richiesta del committente la venditrice potr\u00e0 inviare suoi montatori o collaudatori per l\u2019installazione degli apparecchi al domicilio del committente. Per ognuno di essi, il rimborso spese sar\u00e0 fatturato dalla venditrice al committente in base alla tabella Assofluid in vigore alla data richiesta dell\u2019intervento.<\/li>\n\n\n\n<li>Il committente \u00e8 ritenuto responsabile come depositario degli attrezzi o materiali di ricambio o dei relativi indumenti e valori dei montatori o collaudatori.<\/li>\n\n\n\n<li>Le spese per l\u2019eventuale installazione e\/o collaudo al domicilio del committente dovranno essere da questi immediatamente pagate, alle condizioni di cui alla conferma d\u2019ordine.<\/li>\n<\/ol>\n\n\n\n<p><strong>H) RECLAMI E CONTESTAZIONI<\/strong><\/p>\n\n\n\n<ol class=\"wp-block-list\">\n<li>I reclami per i vizi o difformit\u00e0 dal pattuito dovranno sempre essere fatti con lettere raccomandata, a pena di decadenza, entro otto giorni dalla consegna o, nei casi previsti dall\u2019art. E dall\u2019arrivo delle merci a destino, o per i soli vizi occulti, dalla scoperta con l\u2019avvertenza che occulti si intendono solo quei vizi che l\u2019attenta e completa verifica operata dal controllo di qualit\u00e0 del committente non ne abbia permesso la rilevazione.<\/li>\n\n\n\n<li>Ogni pretesa potr\u00e0 comunque essere fatta valere, sia in via di azione che di eccezione, solo entro tre mesi dalla consegna, dopo il quale termine, in mancanza di proposizione di regolare domanda giudiziale, ogni titolo andr\u00e0 prescritto, derogandosi con la presente clausola a quanto indicato in materia dal Codice Civile.<\/li>\n\n\n\n<li>La responsabilit\u00e0 della venditrice \u00e8 comunque limitata alla sostituzione di prezzi o di parti difettose escluso ogni diritto alla restituzione o riduzione di prezzo e ad ogni ulteriore risarcimento del danno.<\/li>\n\n\n\n<li>I mesi di garanzia per quanto fornito devono intendersi per una utilizzazione di un ciclo lavorativo di otto ore giornaliere. L\u2019eventuale utilizzazione per periodi superiori riduce la garanzia a mesi tre dalla data di consegna<\/li>\n<\/ol>\n\n\n\n<p><strong>I) GARANZIA \u2013 LIMITI \u2013 ESCLUSIONI<\/strong><\/p>\n\n\n\n<ol class=\"wp-block-list\">\n<li>La venditrice assume garanzia del normale funzionamento meccanico di quanto fornito per la durata di un anno (salvo quanto previsto al punto H 4) dalla data di consegna.<\/li>\n\n\n\n<li>La garanzia si intende limitata alla sostituzione dei pezzi guasti o difettosi in dipendenza da cattiva qualit\u00e0 del materiale o della costituzione. Essa non si estende ai difetti dipendenti dal consumo naturale o da imperizia o negligenza del committente ed ai pezzi che per la composizione del materiale o per la natura del loro impiego siano soggetti a rapido deterioramento.<\/li>\n\n\n\n<li>I guasti o i difetti devono essere dichiarati, sotto pena di decadenza, con lettera raccomandata entro otto giorni dalla scoperta. La venditrice, quando riconosca la sussistenza del difetto, si obbliga sostituire gli elementi difettosi sempre che non siano stati manomessi per tentata riparazione o modificazione da parte del committente (o di terzi), e purch\u00e9 questi abbia ottemperato puntualmente agli obblighi contrattuali, con particolare riguardo ai pagamenti che, se non effettuati nei modi e nei termini convenuti, comportano la decadenza dalla garanzia ed il diritto della venditrice di non operare le sostituzioni.<\/li>\n\n\n\n<li>E\u2019 espressamente escluso da ogni altro indennizzo, richiesta di risarcimento danni, anche da parte di terzi, danni per fermo di produzione del committente.<\/li>\n\n\n\n<li>Gli elementi da sostituire devono essere inviati con spese di trasporto a carico del committente franco sede della venditrice che provveder\u00e0 alla sostituzione nel pi\u00f9 breve tempo possibile con consegna nelle proprie officine. I pezzi sostituiti di propriet\u00e0 del committente rimangono a sua disposizione per otto giorni entro i quali possono essere ritirati; oltre a tale termine la venditrice \u00e8 autorizzata a considerarli come rottami di sua propriet\u00e0 senza indennizzo alcuno.<\/li>\n\n\n\n<li>L\u2019esame delle avarie e delle loro cause sar\u00e0 sempre eseguito nelle officine della venditrice e tutte le spese inerenti saranno a carico del committente. Sono pure a carico del committente tutte le spese di sopralluogo che in qualunque caso venissero richieste. In nessun caso il committente potr\u00e0 pretendere la risoluzione del contratto.<\/li>\n\n\n\n<li>La garanzia non \u00e8 trasferibile e vale soltanto nei confronti dell\u2019intestatario della fattura.<\/li>\n\n\n\n<li>La garanzia non \u00e8 pi\u00f9 operativa all\u2019avverarsi di una della seguenti condizioni:\n<ul class=\"wp-block-list\">\n<li>a) pagamenti non effettuati dal committente nei modi e termini convenuti<\/li>\n\n\n\n<li>b) manomissione di quanto fornito senza esplicita autorizzazione della venditrice MO-MPF-203 REV. 1.0 del 10\/03\/2015 3<\/li>\n\n\n\n<li>c) uso non conforme di quanto fornito<\/li>\n\n\n\n<li>d) mancata effettuazione della manutenzione<\/li>\n\n\n\n<li>e) montaggio, modifica, sostituzione di parti o di quanto fornito<\/li>\n<\/ul>\n<\/li>\n<\/ol>\n\n\n\n<p><strong>L) PREZZI<\/strong><\/p>\n\n\n\n<ol class=\"wp-block-list\">\n<li>I prezzi stabiliti nella presente conferma d\u2019ordine s\u2019 intendono franco stabilimento della venditrice al netto dell\u2019 IVA<\/li>\n\n\n\n<li>Qualsiasi variazione che avvenisse in corso di esecuzione e sino alla consegna dei costi di mano d\u2019opera e materiali superiori al 5% sar\u00e0 a carico della committente che dichiara sin d\u2019ora di accettarla.<\/li>\n<\/ol>\n\n\n\n<p><strong>M) FATTURE \u2013 CONDIZIONI DI PAGAMENTO<\/strong><\/p>\n\n\n\n<ol class=\"wp-block-list\">\n<li>Le fatture non contestate entro otto giorni dalla loro emissione si intenderanno accettate.<\/li>\n\n\n\n<li>I pagamenti devono farsi direttamente alla venditrice od a persona munita di regolare mandato ad incassare, o nel modo indicato nella conferma d\u2019ordine e in fattura.<\/li>\n\n\n\n<li>Reclami in ordine alla esecuzione della conferma d\u2019ordine non danno diritto al committente di sospendere i pagamenti e nessuna contestazione circa la fornitura sar\u00e0 da considerarsi se il cliente non sia in regola con i pagamenti.<\/li>\n\n\n\n<li>Modificato come da punto 7.<\/li>\n\n\n\n<li>In caso di mancato pagamento anche di una sola rata, si produrr\u00e0 per solo tale circostanza il decadimento del beneficio del termine con conseguente risoluzione del contratto senza necessit\u00e0 di messa in mora.<\/li>\n\n\n\n<li>L\u2019inosservanza delle condizioni di pagamento d\u00e0 alla venditrice il diritto di sospendere l\u2019esecuzione dei suoi obblighi contrattuali e di risolvere il contratto con semplice comunicazione e con rivalsa dei danni.<\/li>\n<\/ol>\n\n\n\n<p><strong>N) ESONERI DI RESPONSABILITA\u2019<\/strong><\/p>\n\n\n\n<ol class=\"wp-block-list\">\n<li>Qualora quanto venduto si trovasse presso la venditrice essa non risponder\u00e0 degli eventuali danni per eventi climatici, scassi, furti, incendi ed altri casi imprevisti o di forza maggiore se non nella misura in cui potr\u00e0 essere garantita da terzi, esclusa comunque qualsiasi maggiore responsabilit\u00e0.<\/li>\n\n\n\n<li>La venditrice garantisce che quanto fornito \u00e8 stato verificato e controllato prima della vendita e quindi quanto consegnato \u00e8 esente da difetti.<\/li>\n\n\n\n<li>Le tecniche di costruzione sono le pi\u00f9 progredite e permettono la realizzazione di un prodotto qualitativamente all\u2019avanguardia.<\/li>\n\n\n\n<li>Il committente si impegna conseguentemente a avvisare immediatamente la venditrice in merito a difetti riscontrati anche da parte di terzi per permettere la verifica contestuale dei vizi sul prodotto.<\/li>\n\n\n\n<li>Trattandosi di vendita di componenti da incorporare in altri beni il committente si impegna a seguire la procedura di cui al DPR 24.5.88 n. 224 con notizia immediata alla venditrice.<\/li>\n\n\n\n<li>In merito alla esclusione di responsabilit\u00e0 della venditrice si richiama quanto previsto dall\u2019art. 6 DPR 24.5.1988 n. 224.<\/li>\n<\/ol>\n\n\n\n<p><strong>O) ORDINAZIONI A RAPPRESENTANTI<\/strong><\/p>\n\n\n\n<ol class=\"wp-block-list\">\n<li>Gli ordini eseguiti ai rappresentanti si intendono subordinati alla approvazione della venditrice, alla disponibilit\u00e0 della merce al momento del ricevimento della ordinazione, della permanenza delle condizioni di mercato e di solvibilit\u00e0 del committente.<\/li>\n<\/ol>\n\n\n\n<p><strong>P) FORO COMPETENTE<\/strong><\/p>\n\n\n\n<ol class=\"wp-block-list\">\n<li>Per qualsiasi contestazione competente \u00e8 il Foro di Milano, le tratte, accettazioni di pagamento, domicilio eletto in effetti cambiali, spedizioni con o senza assegno, esazioni a mezzo di appositi incaricati non operano modificazioni alla competenza territoriale.<\/li>\n<\/ol>\n\n\n\n<div class=\"wp-block-buttons is-layout-flex wp-block-buttons-is-layout-flex\">\n<div class=\"wp-block-button\"><a class=\"wp-block-button__link wp-element-button\" href=\"https:\/\/www.mpfiltri.com\/wp-content\/uploads\/2025\/09\/CONDIZIONI-GENERALI-DI-FORNITURA-IT.pdf\" target=\"_blank\" rel=\"noreferrer noopener\">Download<\/a><\/div>\n<\/div>\n<\/div><\/div><\/div>\n<\/div><\/div>\n\n\n\n<div class=\"wp-block-stackable-columns stk-block-columns stk-block stk-b4389cd body-lines height-100\" data-block-id=\"b4389cd\"><style>.stk-b4389cd {margin-top:0px !important;margin-right:0px !important;margin-bottom:0px !important;margin-left:0px !important;}.stk-b4389cd-column{--stk-columns-spacing:0px !important;}<\/style><div class=\"stk-row stk-inner-blocks stk-block-content stk-content-align stk-b4389cd-column\">\n<div class=\"wp-block-stackable-column stk-block-column stk-column stk-block stk-1007f7e\" data-v=\"4\" data-block-id=\"1007f7e\"><div class=\"stk-column-wrapper stk-block-column__content stk-container stk-1007f7e-container stk--no-background stk--no-padding\"><div class=\"stk-block-content stk-inner-blocks stk-1007f7e-inner-blocks\"><\/div><\/div><\/div>\n<\/div><\/div>\n","protected":false},"excerpt":{"rendered":"<p>Condizioni generali di vendita e garanzia A) OGGETTO DELLA FORNITURA: La fornitura comprende esclusivamente quanto indicato in conferma. Qualsiasi variazione alle presenti condizioni generali di vendita deve essere espressamente richiesta insieme al conferimento dell\u2019ordine e noi ci riserviamo di espressamente approvarla.Si ritiene per\u00f2 come non scritta, in caso di nostra mancata approvazione, qualsiasi clausola inserita [&hellip;]<\/p>\n","protected":false},"author":3,"featured_media":0,"parent":0,"menu_order":310,"comment_status":"closed","ping_status":"closed","template":"","meta":{"_acf_changed":false,"_gspb_post_css":"","inline_featured_image":false,"_genesis_hide_title":false,"_genesis_hide_breadcrumbs":false,"_genesis_hide_singular_image":false,"_genesis_hide_footer_widgets":false,"_genesis_custom_body_class":"","_genesis_custom_post_class":"","_genesis_layout":"","footnotes":"","_links_to":"","_links_to_target":""},"class_list":{"0":"post-35604","1":"page","2":"type-page","3":"status-publish","5":"entry"},"acf":[],"yoast_head":"<!-- This site is optimized with the Yoast SEO plugin v27.2 - https:\/\/yoast.com\/product\/yoast-seo-wordpress\/ -->\n<title>Condizioni generali di vendita e garanzia - MP Filtri<\/title>\n<meta name=\"robots\" content=\"index, follow, max-snippet:-1, max-image-preview:large, max-video-preview:-1\" \/>\n<link rel=\"canonical\" href=\"https:\/\/www.mpfiltri.com\/it\/general-conditions-of-sale-and-warranty\/\" \/>\n<meta property=\"og:locale\" content=\"it_IT\" \/>\n<meta property=\"og:type\" content=\"article\" \/>\n<meta property=\"og:title\" content=\"Condizioni generali di vendita e garanzia - MP Filtri\" \/>\n<meta property=\"og:description\" content=\"Condizioni generali di vendita e garanzia A) OGGETTO DELLA FORNITURA: La fornitura comprende esclusivamente quanto indicato in conferma. Qualsiasi variazione alle presenti condizioni generali di vendita deve essere espressamente richiesta insieme al conferimento dell\u2019ordine e noi ci riserviamo di espressamente approvarla.Si ritiene per\u00f2 come non scritta, in caso di nostra mancata approvazione, qualsiasi clausola inserita [&hellip;]\" \/>\n<meta property=\"og:url\" content=\"https:\/\/www.mpfiltri.com\/it\/general-conditions-of-sale-and-warranty\/\" \/>\n<meta property=\"og:site_name\" content=\"MP Filtri\" \/>\n<meta property=\"article:publisher\" content=\"https:\/\/www.facebook.com\/MPFiltriITA\" \/>\n<meta property=\"article:modified_time\" content=\"2025-09-15T15:51:33+00:00\" \/>\n<meta name=\"twitter:card\" content=\"summary_large_image\" \/>\n<meta name=\"twitter:label1\" content=\"Tempo di lettura stimato\" \/>\n\t<meta name=\"twitter:data1\" content=\"8 minuti\" \/>\n<script type=\"application\/ld+json\" class=\"yoast-schema-graph\">{\"@context\":\"https:\/\/schema.org\",\"@graph\":[{\"@type\":\"WebPage\",\"@id\":\"https:\/\/www.mpfiltri.com\/it\/general-conditions-of-sale-and-warranty\/\",\"url\":\"https:\/\/www.mpfiltri.com\/it\/general-conditions-of-sale-and-warranty\/\",\"name\":\"Condizioni generali di vendita e garanzia - MP Filtri\",\"isPartOf\":{\"@id\":\"https:\/\/www.mpfiltri.com\/it\/#website\"},\"datePublished\":\"2025-09-15T12:19:30+00:00\",\"dateModified\":\"2025-09-15T15:51:33+00:00\",\"breadcrumb\":{\"@id\":\"https:\/\/www.mpfiltri.com\/it\/general-conditions-of-sale-and-warranty\/#breadcrumb\"},\"inLanguage\":\"it-IT\",\"potentialAction\":[{\"@type\":\"ReadAction\",\"target\":[\"https:\/\/www.mpfiltri.com\/it\/general-conditions-of-sale-and-warranty\/\"]}]},{\"@type\":\"BreadcrumbList\",\"@id\":\"https:\/\/www.mpfiltri.com\/it\/general-conditions-of-sale-and-warranty\/#breadcrumb\",\"itemListElement\":[{\"@type\":\"ListItem\",\"position\":1,\"name\":\"Home\",\"item\":\"https:\/\/www.mpfiltri.com\/it\/\"},{\"@type\":\"ListItem\",\"position\":2,\"name\":\"Condizioni generali di vendita e garanzia\"}]},{\"@type\":\"WebSite\",\"@id\":\"https:\/\/www.mpfiltri.com\/it\/#website\",\"url\":\"https:\/\/www.mpfiltri.com\/it\/\",\"name\":\"MP Filtri\",\"description\":\"\",\"publisher\":{\"@id\":\"https:\/\/www.mpfiltri.com\/it\/#organization\"},\"potentialAction\":[{\"@type\":\"SearchAction\",\"target\":{\"@type\":\"EntryPoint\",\"urlTemplate\":\"https:\/\/www.mpfiltri.com\/it\/?s={search_term_string}\"},\"query-input\":{\"@type\":\"PropertyValueSpecification\",\"valueRequired\":true,\"valueName\":\"search_term_string\"}}],\"inLanguage\":\"it-IT\"},{\"@type\":\"Organization\",\"@id\":\"https:\/\/www.mpfiltri.com\/it\/#organization\",\"name\":\"MP Filtri\",\"url\":\"https:\/\/www.mpfiltri.com\/it\/\",\"logo\":{\"@type\":\"ImageObject\",\"inLanguage\":\"it-IT\",\"@id\":\"https:\/\/www.mpfiltri.com\/it\/#\/schema\/logo\/image\/\",\"url\":\"\",\"contentUrl\":\"\",\"caption\":\"MP Filtri\"},\"image\":{\"@id\":\"https:\/\/www.mpfiltri.com\/it\/#\/schema\/logo\/image\/\"},\"sameAs\":[\"https:\/\/www.facebook.com\/MPFiltriITA\",\"https:\/\/www.instagram.com\/mpfiltri\/\",\"https:\/\/www.youtube.com\/channel\/UCCzNMySYc1c4M-2B4v0K_QA?view_as=subscriber\",\"https:\/\/www.linkedin.com\/company\/mp-filtri-spa\/\"]}]}<\/script>\n<!-- \/ Yoast SEO plugin. -->","yoast_head_json":{"title":"Condizioni generali di vendita e garanzia - MP Filtri","robots":{"index":"index","follow":"follow","max-snippet":"max-snippet:-1","max-image-preview":"max-image-preview:large","max-video-preview":"max-video-preview:-1"},"canonical":"https:\/\/www.mpfiltri.com\/it\/general-conditions-of-sale-and-warranty\/","og_locale":"it_IT","og_type":"article","og_title":"Condizioni generali di vendita e garanzia - MP Filtri","og_description":"Condizioni generali di vendita e garanzia A) OGGETTO DELLA FORNITURA: La fornitura comprende esclusivamente quanto indicato in conferma. Qualsiasi variazione alle presenti condizioni generali di vendita deve essere espressamente richiesta insieme al conferimento dell\u2019ordine e noi ci riserviamo di espressamente approvarla.Si ritiene per\u00f2 come non scritta, in caso di nostra mancata approvazione, qualsiasi clausola inserita [&hellip;]","og_url":"https:\/\/www.mpfiltri.com\/it\/general-conditions-of-sale-and-warranty\/","og_site_name":"MP Filtri","article_publisher":"https:\/\/www.facebook.com\/MPFiltriITA","article_modified_time":"2025-09-15T15:51:33+00:00","twitter_card":"summary_large_image","twitter_misc":{"Tempo di lettura stimato":"8 minuti"},"schema":{"@context":"https:\/\/schema.org","@graph":[{"@type":"WebPage","@id":"https:\/\/www.mpfiltri.com\/it\/general-conditions-of-sale-and-warranty\/","url":"https:\/\/www.mpfiltri.com\/it\/general-conditions-of-sale-and-warranty\/","name":"Condizioni generali di vendita e garanzia - MP Filtri","isPartOf":{"@id":"https:\/\/www.mpfiltri.com\/it\/#website"},"datePublished":"2025-09-15T12:19:30+00:00","dateModified":"2025-09-15T15:51:33+00:00","breadcrumb":{"@id":"https:\/\/www.mpfiltri.com\/it\/general-conditions-of-sale-and-warranty\/#breadcrumb"},"inLanguage":"it-IT","potentialAction":[{"@type":"ReadAction","target":["https:\/\/www.mpfiltri.com\/it\/general-conditions-of-sale-and-warranty\/"]}]},{"@type":"BreadcrumbList","@id":"https:\/\/www.mpfiltri.com\/it\/general-conditions-of-sale-and-warranty\/#breadcrumb","itemListElement":[{"@type":"ListItem","position":1,"name":"Home","item":"https:\/\/www.mpfiltri.com\/it\/"},{"@type":"ListItem","position":2,"name":"Condizioni generali di vendita e garanzia"}]},{"@type":"WebSite","@id":"https:\/\/www.mpfiltri.com\/it\/#website","url":"https:\/\/www.mpfiltri.com\/it\/","name":"MP Filtri","description":"","publisher":{"@id":"https:\/\/www.mpfiltri.com\/it\/#organization"},"potentialAction":[{"@type":"SearchAction","target":{"@type":"EntryPoint","urlTemplate":"https:\/\/www.mpfiltri.com\/it\/?s={search_term_string}"},"query-input":{"@type":"PropertyValueSpecification","valueRequired":true,"valueName":"search_term_string"}}],"inLanguage":"it-IT"},{"@type":"Organization","@id":"https:\/\/www.mpfiltri.com\/it\/#organization","name":"MP Filtri","url":"https:\/\/www.mpfiltri.com\/it\/","logo":{"@type":"ImageObject","inLanguage":"it-IT","@id":"https:\/\/www.mpfiltri.com\/it\/#\/schema\/logo\/image\/","url":"","contentUrl":"","caption":"MP Filtri"},"image":{"@id":"https:\/\/www.mpfiltri.com\/it\/#\/schema\/logo\/image\/"},"sameAs":["https:\/\/www.facebook.com\/MPFiltriITA","https:\/\/www.instagram.com\/mpfiltri\/","https:\/\/www.youtube.com\/channel\/UCCzNMySYc1c4M-2B4v0K_QA?view_as=subscriber","https:\/\/www.linkedin.com\/company\/mp-filtri-spa\/"]}]}},"featured_image_src":null,"featured_image_src_square":null,"_links":{"self":[{"href":"https:\/\/www.mpfiltri.com\/it\/wp-json\/wp\/v2\/pages\/35604","targetHints":{"allow":["GET"]}}],"collection":[{"href":"https:\/\/www.mpfiltri.com\/it\/wp-json\/wp\/v2\/pages"}],"about":[{"href":"https:\/\/www.mpfiltri.com\/it\/wp-json\/wp\/v2\/types\/page"}],"author":[{"embeddable":true,"href":"https:\/\/www.mpfiltri.com\/it\/wp-json\/wp\/v2\/users\/3"}],"replies":[{"embeddable":true,"href":"https:\/\/www.mpfiltri.com\/it\/wp-json\/wp\/v2\/comments?post=35604"}],"version-history":[{"count":2,"href":"https:\/\/www.mpfiltri.com\/it\/wp-json\/wp\/v2\/pages\/35604\/revisions"}],"predecessor-version":[{"id":35614,"href":"https:\/\/www.mpfiltri.com\/it\/wp-json\/wp\/v2\/pages\/35604\/revisions\/35614"}],"wp:attachment":[{"href":"https:\/\/www.mpfiltri.com\/it\/wp-json\/wp\/v2\/media?parent=35604"}],"curies":[{"name":"wp","href":"https:\/\/api.w.org\/{rel}","templated":true}]}}