

{"id":15824,"date":"2024-12-09T11:25:59","date_gmt":"2024-12-09T10:25:59","guid":{"rendered":"https:\/\/www.mpfiltri.com\/privacy-policy\/"},"modified":"2025-06-30T09:01:41","modified_gmt":"2025-06-30T07:01:41","slug":"privacy-policy","status":"publish","type":"page","link":"https:\/\/www.mpfiltri.com\/it\/privacy-policy\/","title":{"rendered":"Privacy Policy"},"content":{"rendered":"\n<div class=\"wp-block-stackable-columns stk-block-columns stk-block stk-820bb05 body-lines height-100\" data-block-id=\"820bb05\"><style>.stk-820bb05 {margin-top:0px !important;margin-right:0px !important;margin-bottom:0px !important;margin-left:0px !important;}.stk-820bb05-column{--stk-columns-spacing:0px !important;}<\/style><div class=\"stk-row stk-inner-blocks stk-block-content stk-content-align stk-820bb05-column\">\n<div class=\"wp-block-stackable-column stk-block-column stk-column stk-block stk-745f29b\" data-v=\"4\" data-block-id=\"745f29b\"><div class=\"stk-column-wrapper stk-block-column__content stk-container stk-745f29b-container stk--no-background stk--no-padding\"><div class=\"stk-block-content stk-inner-blocks stk-745f29b-inner-blocks\"><\/div><\/div><\/div>\n<\/div><\/div>\n\n\n\n<div class=\"wp-block-stackable-columns stk-block-columns stk-block stk-ed0a22b\" data-block-id=\"ed0a22b\"><style>.stk-ed0a22b {border-color:#E6E6E6 !important;border-right-width:1px !important;border-left-width:1px !important;margin-top:0px !important;margin-right:0px !important;margin-bottom:0px !important;margin-left:0px !important;}<\/style><div class=\"stk-row stk-inner-blocks stk-block-content stk-content-align stk-ed0a22b-column\">\n<div class=\"wp-block-stackable-column stk-block-column stk-column stk-block stk-595eec5\" data-v=\"4\" data-block-id=\"595eec5\"><style>.stk-595eec5-inner-blocks{align-items:flex-start !important;}.stk-595eec5 {border-style:solid !important;border-color:#E6E6E6 !important;border-right-width:1px !important;border-left-width:1px !important;padding-right:30px !important;padding-left:30px !important;}<\/style><div class=\"stk-column-wrapper stk-block-column__content stk-container stk-595eec5-container stk--no-background stk--no-padding\"><div class=\"has-text-align-left stk--column-flex stk-block-content stk-inner-blocks stk-595eec5-inner-blocks\">\n<h2 class=\"wp-block-heading\" id=\"privacy-policy\">Privacy Policy<\/h2>\n\n\n\n<p><strong>A cosa si applica questa Privacy Policy?<\/strong><\/p>\n\n\n\n<p>La presente Privacy Policy vale come informativa ai sensi dell\u2019art. 13 del Regolamento (UE) 2016\/679 (\u201c<strong>GDPR<\/strong>\u201d) e si applica ai dati personali a te relativi raccolti e trattati da MP Filtri S.p.A., con sede legale in Pessano Con Bornago (MI), Via Primo Maggio, 3 \u2013 nella sua qualit\u00e0 di titolare del trattamento \u2013 (di seguito \u201c<strong>MPFiltri<\/strong>\u201d, \u201c<strong>noi<\/strong>\u201d o \u201c<strong>nostro<\/strong>\u201d, a seconda dei casi) attraverso il sito&nbsp;<a href=\"https:\/\/www.mpfiltri.it\/\" target=\"_blank\" rel=\"noreferrer noopener\">www.mpfiltri.com<\/a>&nbsp;(di seguito il \u201c<strong>Sito<\/strong>\u201d) nonch\u00e9 attraverso qualsiasi altro strumento, di propriet\u00e0 o utilizzato da MPFiltri, che rimandi alla presente Privacy Policy.<\/p>\n\n\n\n<div class=\"wp-block-stackable-spacer stk-block-spacer stk--no-padding stk-block stk-848abaa\" data-block-id=\"848abaa\"><\/div>\n\n\n\n<p><strong>Quali dati personali raccogliamo?<\/strong><\/p>\n\n\n\n<p>Potremmo raccogliere i seguenti dati:<\/p>\n\n\n\n<p>(1) Dati identificativi come il nome e il cognome;<\/p>\n\n\n\n<p>(2) Dati di contatto come l\u2019indirizzo email e il numero di telefono;<\/p>\n\n\n\n<p>(3) Dati relativi alla vita professionale come l\u2019azienda per la quale lavori;<\/p>\n\n\n\n<p>(4) Informazioni sui dispositivi utilizzati per la navigazione sui Siti come l\u2019indirizzo IP, il sistema operativo, il browser utilizzato e le informazioni raccolte attraverso i cookie installati sui Siti;<\/p>\n\n\n\n<p>(5) Qualsiasi altra informazione che ci fornirai spontaneamente.<\/p>\n\n\n\n<p>Per maggiori informazioni sui cookie, consulta la nostra&nbsp;<a href=\"https:\/\/www.mpfiltri.it\/cookie-policy.html\">Cookie Policy<\/a>.<\/p>\n\n\n\n<p>Il conferimento dei tuoi dati personali \u00e8 facoltativo ma necessario per il perseguimento delle finalit\u00e0 elencate sotto; qualora non ci fornisca i tuoi dati personali, non potremmo perseguire tali finalit\u00e0.<\/p>\n\n\n\n<div class=\"wp-block-stackable-spacer stk-block-spacer stk--no-padding stk-block stk-7ef4bf4\" data-block-id=\"7ef4bf4\"><\/div>\n\n\n\n<p><strong>In che modo raccogliamo i tuoi dati personali?<\/strong><\/p>\n\n\n\n<p>I dati che trattiamo ci sono forniti direttamente da te, quando navighi sul Siti, compili i&nbsp;<em>form&nbsp;<\/em>presenti al loro interno e, in generale, ogniqualvolta interagisci con noi.<\/p>\n\n\n\n<div class=\"wp-block-stackable-spacer stk-block-spacer stk--no-padding stk-block stk-2f5ab78\" data-block-id=\"2f5ab78\"><\/div>\n\n\n\n<p><strong>Per quali finalit\u00e0 trattiamo i tuoi dati personali?<\/strong><\/p>\n\n\n\n<p>Potremmo trattare i tuoi dati personali per:<\/p>\n\n\n\n<p>(1) Consentirti di usufruire dei servizi online che ti mettiamo a disposizione attraverso il Sito;<\/p>\n\n\n\n<p>(2) Rispondere alle tue domande ed evadere le tue richieste di informazioni;<\/p>\n\n\n\n<p>(3) Con il tuo consenso, inviarti \u2013 anche tramite sistemi automatizzati di comunicazione \u2013 comunicazioni commerciali di natura informativa o promozionale in relazione ai nostri prodotti e servizi (finalit\u00e0 di marketing);<\/p>\n\n\n\n<p>(4) Adempiere a obblighi legali o regolamentari a cui siamo soggetti;<\/p>\n\n\n\n<p>(5) Esercitare o difendere un diritto in sede giudiziaria.<\/p>\n\n\n\n<p>Il trattamento dei tuoi dati personali per le finalit\u00e0 di cui ai numeri (1) e (2) non richiede il tuo consenso in quanto \u00e8 necessario per dare seguito alle tue richieste, ai sensi dell\u2019art. 6, c. 1, lett. b) del GDPR. Il trattamento dei tuoi dati personali per la finalit\u00e0 di cui al numero (3) richiede il tuo consenso ai sensi dell\u2019art. 6, c. 1, lett. a). Il trattamento dei tuoi dati personali per la finalit\u00e0 di cui al numero (4) non richiede il tuo consenso in quanto \u00e8 necessario per adempiere agli obblighi legali o regolamentari cui \u00e8 soggetto il titolare, ai sensi dell\u2019art. 6, c. 1, lett. c) del GDPR. Il trattamento dei tuoi dati personali per le finalit\u00e0 di cui al numero (5) non richiede il tuo consenso in quanto \u00e8 necessario per il perseguimento del legittimo interesse del Titolare, ai sensi dell\u2019art. 6, c. 1, lett. f) del GDPR.&nbsp;<\/p>\n\n\n\n<div class=\"wp-block-stackable-spacer stk-block-spacer stk--no-padding stk-block stk-0d94c6f\" data-block-id=\"0d94c6f\"><\/div>\n\n\n\n<p><strong>Come trattiamo i tuoi dati personali?<\/strong><\/p>\n\n\n\n<p>Adottiamo misure di sicurezza per proteggere i tuoi dati personali dai rischi di distruzione, perdita o alterazione (accidentale o illegittima) dei dati personali nonch\u00e9 di comunicazione o accesso non autorizzati agli stessi.<\/p>\n\n\n\n<div class=\"wp-block-stackable-spacer stk-block-spacer stk--no-padding stk-block stk-6d8800a\" data-block-id=\"6d8800a\"><\/div>\n\n\n\n<p><strong>Per quanto tempo conserviamo i tuoi dati personali?<\/strong><\/p>\n\n\n\n<p>I tuoi dati personali saranno conservati per periodi di tempo diversi a seconda delle finalit\u00e0 per le quali sono stati raccolti. Nello specifico:<\/p>\n\n\n\n<p>(1) i dati raccolti per rispondere alle tue domande ed evadere le tue richieste di informazioni saranno conservati per un mese dall\u2019ultima comunicazione;<\/p>\n\n\n\n<p>(2) i dati raccolti per finalit\u00e0 di marketing saranno conservati per due anni.<\/p>\n\n\n\n<p>I dati raccolti per le altre finalit\u00e0 saranno conservati per il tempo necessario a perseguire tali finalit\u00e0 o per il tempo per cui siamo tenuti a conservarli ai sensi delle leggi e dei regolamenti applicabili.<\/p>\n\n\n\n<div class=\"wp-block-stackable-spacer stk-block-spacer stk--no-padding stk-block stk-00c8e1c\" data-block-id=\"00c8e1c\"><\/div>\n\n\n\n<p><strong>Con chi i tuoi dati personali sono condivisi?<\/strong><\/p>\n\n\n\n<p>I tuoi dati personali potranno essere resi accessibili, portati a conoscenza di o comunicati ai seguenti soggetti,<\/p>\n\n\n\n<p>i quali agiranno quali persone autorizzate al trattamento, responsabili ovvero autonomi titolari:<\/p>\n\n\n\n<p>(1) nostri dipendenti o collaboratori a qualsiasi titolo;<\/p>\n\n\n\n<p>(2) soggetti pubblici o privati, persone fisiche o giuridiche, che svolgono attivit\u00e0 di trattamento per nostro conto o a cui siamo tenuti a comunicare i tuoi dati personali, in forza di obblighi legali o contrattuali.<\/p>\n\n\n\n<p>Ti informiamo che, nel caso in cui alcuni dei soggetti di cui ci avvaliamo per trattare i tuoi dati personali siano stabiliti al di fuori dello Spazio Economico Europeo, trasferiremo i tuoi dati personali, sulla base delle clausole contrattuali standard di cui all\u2019Art. 46 (2) (c) e (d) del GDPR.<\/p>\n\n\n\n<div class=\"wp-block-stackable-spacer stk-block-spacer stk--no-padding stk-block stk-c0aa2a2\" data-block-id=\"c0aa2a2\"><\/div>\n\n\n\n<p><strong>I tuoi diritti ai sensi della normativa in materia di protezione dei dati personali<\/strong><\/p>\n\n\n\n<p>Ai sensi degli artt. da 15 a 20 del GDPR, hai il diritto di chiederci di:<\/p>\n\n\n\n<p>(1) essere informato sulle finalit\u00e0 e le modalit\u00e0 del trattamento dei tuoi dati personali;<\/p>\n\n\n\n<p>(2) accedere ai tuoi dati personali e riceverne copia;<\/p>\n\n\n\n<p>(3) rettificare i dati incompleti, inesatti o non aggiornati;&nbsp;<\/p>\n\n\n\n<p>(4) cancellare i tuoi dati personali;<\/p>\n\n\n\n<p>(5) limitare il trattamento dei tuoi dati personali, ove applicabile ai sensi del GDPR;<\/p>\n\n\n\n<p>(6) opporti al trattamento, in tutto o in parte, ove applicabile ai sensi del GDPR;&nbsp;<\/p>\n\n\n\n<p>(7) ottenere la portabilit\u00e0 dei tuoi dati personali, ove applicabile ai sensi del GDPR.<\/p>\n\n\n\n<p>Nel caso in cui sia richiesto il consenso per il trattamento dei dati personali, potrai, altres\u00ec, revocare in qualsiasi momento il consenso gi\u00e0 prestato, senza pregiudicare la liceit\u00e0 del trattamento basata sul consenso prestato prima della revoca.<\/p>\n\n\n\n<p>Puoi esercitare i diritti di cui sopra scrivendo un\u2019email a privacy@mpfiltri.it<\/p>\n\n\n\n<p>Inoltre hai il diritto di presente un reclamo al Garante per la Protezione dei Dati Personali, nel caso in cui ritenga che siano stati violati i diritti di cui sei titolare ai sensi del GDPR.<\/p>\n\n\n\n<div class=\"wp-block-stackable-spacer stk-block-spacer stk--no-padding stk-block stk-93c9b8c\" data-block-id=\"93c9b8c\"><\/div>\n\n\n\n<p><strong>Link ad altri siti<\/strong><\/p>\n\n\n\n<p>Il Sito o qualsiasi altro strumento che rimandi alla presente Privacy Policy potrebbe contenere link a siti esterni. Se clicchi su uno di questi link, sarai reindirizzato a un sito non coperto da questa Privacy Policy.<\/p>\n\n\n\n<div class=\"wp-block-stackable-spacer stk-block-spacer stk--no-padding stk-block stk-e7e8e42\" data-block-id=\"e7e8e42\"><\/div>\n\n\n\n<p><strong>Modifiche alla Privacy Policy<\/strong><\/p>\n\n\n\n<p>Questa Privacy Policy sar\u00e0 soggetta ad aggiornamenti. Ti invitiamo pertanto a consultare l\u2019ultima versione disponibile sui Siti.<\/p>\n\n\n\n<div class=\"wp-block-buttons is-layout-flex wp-block-buttons-is-layout-flex\">\n<div class=\"wp-block-button\"><a class=\"wp-block-button__link wp-element-button\" href=\"https:\/\/www.mpfiltri.com\/wp-content\/uploads\/2025\/05\/OGfbLs_PrivacyPolicyIT2020.pdf\" target=\"_blank\" rel=\"noreferrer noopener\">Scarica<\/a><\/div>\n<\/div>\n<\/div><\/div><\/div>\n<\/div><\/div>\n\n\n\n<div class=\"wp-block-stackable-columns stk-block-columns stk-block stk-b4389cd body-lines height-100\" data-block-id=\"b4389cd\"><style>.stk-b4389cd {margin-top:0px !important;margin-right:0px !important;margin-bottom:0px !important;margin-left:0px !important;}.stk-b4389cd-column{--stk-columns-spacing:0px !important;}<\/style><div class=\"stk-row stk-inner-blocks stk-block-content stk-content-align stk-b4389cd-column\">\n<div class=\"wp-block-stackable-column stk-block-column stk-column stk-block stk-1007f7e\" data-v=\"4\" data-block-id=\"1007f7e\"><div class=\"stk-column-wrapper stk-block-column__content stk-container stk-1007f7e-container stk--no-background stk--no-padding\"><div class=\"stk-block-content stk-inner-blocks stk-1007f7e-inner-blocks\"><\/div><\/div><\/div>\n<\/div><\/div>\n","protected":false},"excerpt":{"rendered":"<p>Privacy Policy A cosa si applica questa Privacy Policy? La presente Privacy Policy vale come informativa ai sensi dell\u2019art. 13 del Regolamento (UE) 2016\/679 (\u201cGDPR\u201d) e si applica ai dati personali a te relativi raccolti e trattati da MP Filtri S.p.A., con sede legale in Pessano Con Bornago (MI), Via Primo Maggio, 3 \u2013 nella [&hellip;]<\/p>\n","protected":false},"author":3,"featured_media":0,"parent":0,"menu_order":322,"comment_status":"closed","ping_status":"open","template":"","meta":{"_acf_changed":false,"_gspb_post_css":"","inline_featured_image":false,"_genesis_hide_title":false,"_genesis_hide_breadcrumbs":false,"_genesis_hide_singular_image":false,"_genesis_hide_footer_widgets":false,"_genesis_custom_body_class":"","_genesis_custom_post_class":"","_genesis_layout":"","footnotes":"","_links_to":"","_links_to_target":""},"class_list":{"0":"post-15824","1":"page","2":"type-page","3":"status-publish","5":"entry"},"acf":[],"yoast_head":"<!-- This site is optimized with the Yoast SEO plugin v27.2 - https:\/\/yoast.com\/product\/yoast-seo-wordpress\/ -->\n<title>Privacy Policy - MP Filtri<\/title>\n<meta name=\"description\" content=\"La trasparenza \u00e8 essenziale per MP Filtri. Per questo rendiamo disponibile su questa pagina la nostra privacy policy.\" \/>\n<meta name=\"robots\" content=\"index, follow, max-snippet:-1, max-image-preview:large, max-video-preview:-1\" \/>\n<link rel=\"canonical\" href=\"https:\/\/www.mpfiltri.com\/it\/privacy-policy\/\" \/>\n<meta property=\"og:locale\" content=\"it_IT\" \/>\n<meta property=\"og:type\" content=\"article\" \/>\n<meta property=\"og:title\" content=\"Privacy Policy - MP Filtri\" \/>\n<meta property=\"og:description\" content=\"La trasparenza \u00e8 essenziale per MP Filtri. Per questo rendiamo disponibile su questa pagina la nostra privacy policy.\" \/>\n<meta property=\"og:url\" content=\"https:\/\/www.mpfiltri.com\/it\/privacy-policy\/\" \/>\n<meta property=\"og:site_name\" content=\"MP Filtri\" \/>\n<meta property=\"article:publisher\" content=\"https:\/\/www.facebook.com\/MPFiltriITA\" \/>\n<meta property=\"article:modified_time\" content=\"2025-06-30T07:01:41+00:00\" \/>\n<meta name=\"twitter:card\" content=\"summary_large_image\" \/>\n<meta name=\"twitter:label1\" content=\"Tempo di lettura stimato\" \/>\n\t<meta name=\"twitter:data1\" content=\"5 minuti\" \/>\n<script type=\"application\/ld+json\" class=\"yoast-schema-graph\">{\"@context\":\"https:\/\/schema.org\",\"@graph\":[{\"@type\":\"WebPage\",\"@id\":\"https:\/\/www.mpfiltri.com\/it\/privacy-policy\/\",\"url\":\"https:\/\/www.mpfiltri.com\/it\/privacy-policy\/\",\"name\":\"Privacy Policy - MP Filtri\",\"isPartOf\":{\"@id\":\"https:\/\/www.mpfiltri.com\/it\/#website\"},\"datePublished\":\"2024-12-09T10:25:59+00:00\",\"dateModified\":\"2025-06-30T07:01:41+00:00\",\"description\":\"La trasparenza \u00e8 essenziale per MP Filtri. Per questo rendiamo disponibile su questa pagina la nostra privacy policy.\",\"breadcrumb\":{\"@id\":\"https:\/\/www.mpfiltri.com\/it\/privacy-policy\/#breadcrumb\"},\"inLanguage\":\"it-IT\",\"potentialAction\":[{\"@type\":\"ReadAction\",\"target\":[\"https:\/\/www.mpfiltri.com\/it\/privacy-policy\/\"]}]},{\"@type\":\"BreadcrumbList\",\"@id\":\"https:\/\/www.mpfiltri.com\/it\/privacy-policy\/#breadcrumb\",\"itemListElement\":[{\"@type\":\"ListItem\",\"position\":1,\"name\":\"Home\",\"item\":\"https:\/\/www.mpfiltri.com\/it\/\"},{\"@type\":\"ListItem\",\"position\":2,\"name\":\"Privacy Policy\"}]},{\"@type\":\"WebSite\",\"@id\":\"https:\/\/www.mpfiltri.com\/it\/#website\",\"url\":\"https:\/\/www.mpfiltri.com\/it\/\",\"name\":\"MP Filtri\",\"description\":\"\",\"publisher\":{\"@id\":\"https:\/\/www.mpfiltri.com\/it\/#organization\"},\"potentialAction\":[{\"@type\":\"SearchAction\",\"target\":{\"@type\":\"EntryPoint\",\"urlTemplate\":\"https:\/\/www.mpfiltri.com\/it\/?s={search_term_string}\"},\"query-input\":{\"@type\":\"PropertyValueSpecification\",\"valueRequired\":true,\"valueName\":\"search_term_string\"}}],\"inLanguage\":\"it-IT\"},{\"@type\":\"Organization\",\"@id\":\"https:\/\/www.mpfiltri.com\/it\/#organization\",\"name\":\"MP Filtri\",\"url\":\"https:\/\/www.mpfiltri.com\/it\/\",\"logo\":{\"@type\":\"ImageObject\",\"inLanguage\":\"it-IT\",\"@id\":\"https:\/\/www.mpfiltri.com\/it\/#\/schema\/logo\/image\/\",\"url\":\"\",\"contentUrl\":\"\",\"caption\":\"MP Filtri\"},\"image\":{\"@id\":\"https:\/\/www.mpfiltri.com\/it\/#\/schema\/logo\/image\/\"},\"sameAs\":[\"https:\/\/www.facebook.com\/MPFiltriITA\",\"https:\/\/www.instagram.com\/mpfiltri\/\",\"https:\/\/www.youtube.com\/channel\/UCCzNMySYc1c4M-2B4v0K_QA?view_as=subscriber\",\"https:\/\/www.linkedin.com\/company\/mp-filtri-spa\/\"]}]}<\/script>\n<!-- \/ Yoast SEO plugin. -->","yoast_head_json":{"title":"Privacy Policy - MP Filtri","description":"La trasparenza \u00e8 essenziale per MP Filtri. Per questo rendiamo disponibile su questa pagina la nostra privacy policy.","robots":{"index":"index","follow":"follow","max-snippet":"max-snippet:-1","max-image-preview":"max-image-preview:large","max-video-preview":"max-video-preview:-1"},"canonical":"https:\/\/www.mpfiltri.com\/it\/privacy-policy\/","og_locale":"it_IT","og_type":"article","og_title":"Privacy Policy - MP Filtri","og_description":"La trasparenza \u00e8 essenziale per MP Filtri. Per questo rendiamo disponibile su questa pagina la nostra privacy policy.","og_url":"https:\/\/www.mpfiltri.com\/it\/privacy-policy\/","og_site_name":"MP Filtri","article_publisher":"https:\/\/www.facebook.com\/MPFiltriITA","article_modified_time":"2025-06-30T07:01:41+00:00","twitter_card":"summary_large_image","twitter_misc":{"Tempo di lettura stimato":"5 minuti"},"schema":{"@context":"https:\/\/schema.org","@graph":[{"@type":"WebPage","@id":"https:\/\/www.mpfiltri.com\/it\/privacy-policy\/","url":"https:\/\/www.mpfiltri.com\/it\/privacy-policy\/","name":"Privacy Policy - MP Filtri","isPartOf":{"@id":"https:\/\/www.mpfiltri.com\/it\/#website"},"datePublished":"2024-12-09T10:25:59+00:00","dateModified":"2025-06-30T07:01:41+00:00","description":"La trasparenza \u00e8 essenziale per MP Filtri. Per questo rendiamo disponibile su questa pagina la nostra privacy policy.","breadcrumb":{"@id":"https:\/\/www.mpfiltri.com\/it\/privacy-policy\/#breadcrumb"},"inLanguage":"it-IT","potentialAction":[{"@type":"ReadAction","target":["https:\/\/www.mpfiltri.com\/it\/privacy-policy\/"]}]},{"@type":"BreadcrumbList","@id":"https:\/\/www.mpfiltri.com\/it\/privacy-policy\/#breadcrumb","itemListElement":[{"@type":"ListItem","position":1,"name":"Home","item":"https:\/\/www.mpfiltri.com\/it\/"},{"@type":"ListItem","position":2,"name":"Privacy Policy"}]},{"@type":"WebSite","@id":"https:\/\/www.mpfiltri.com\/it\/#website","url":"https:\/\/www.mpfiltri.com\/it\/","name":"MP Filtri","description":"","publisher":{"@id":"https:\/\/www.mpfiltri.com\/it\/#organization"},"potentialAction":[{"@type":"SearchAction","target":{"@type":"EntryPoint","urlTemplate":"https:\/\/www.mpfiltri.com\/it\/?s={search_term_string}"},"query-input":{"@type":"PropertyValueSpecification","valueRequired":true,"valueName":"search_term_string"}}],"inLanguage":"it-IT"},{"@type":"Organization","@id":"https:\/\/www.mpfiltri.com\/it\/#organization","name":"MP Filtri","url":"https:\/\/www.mpfiltri.com\/it\/","logo":{"@type":"ImageObject","inLanguage":"it-IT","@id":"https:\/\/www.mpfiltri.com\/it\/#\/schema\/logo\/image\/","url":"","contentUrl":"","caption":"MP Filtri"},"image":{"@id":"https:\/\/www.mpfiltri.com\/it\/#\/schema\/logo\/image\/"},"sameAs":["https:\/\/www.facebook.com\/MPFiltriITA","https:\/\/www.instagram.com\/mpfiltri\/","https:\/\/www.youtube.com\/channel\/UCCzNMySYc1c4M-2B4v0K_QA?view_as=subscriber","https:\/\/www.linkedin.com\/company\/mp-filtri-spa\/"]}]}},"featured_image_src":null,"featured_image_src_square":null,"_links":{"self":[{"href":"https:\/\/www.mpfiltri.com\/it\/wp-json\/wp\/v2\/pages\/15824","targetHints":{"allow":["GET"]}}],"collection":[{"href":"https:\/\/www.mpfiltri.com\/it\/wp-json\/wp\/v2\/pages"}],"about":[{"href":"https:\/\/www.mpfiltri.com\/it\/wp-json\/wp\/v2\/types\/page"}],"author":[{"embeddable":true,"href":"https:\/\/www.mpfiltri.com\/it\/wp-json\/wp\/v2\/users\/3"}],"replies":[{"embeddable":true,"href":"https:\/\/www.mpfiltri.com\/it\/wp-json\/wp\/v2\/comments?post=15824"}],"version-history":[{"count":1,"href":"https:\/\/www.mpfiltri.com\/it\/wp-json\/wp\/v2\/pages\/15824\/revisions"}],"predecessor-version":[{"id":15837,"href":"https:\/\/www.mpfiltri.com\/it\/wp-json\/wp\/v2\/pages\/15824\/revisions\/15837"}],"wp:attachment":[{"href":"https:\/\/www.mpfiltri.com\/it\/wp-json\/wp\/v2\/media?parent=15824"}],"curies":[{"name":"wp","href":"https:\/\/api.w.org\/{rel}","templated":true}]}}