

{"id":13982,"date":"2024-12-11T10:44:38","date_gmt":"2024-12-11T09:44:38","guid":{"rendered":"https:\/\/www.mpfiltri.com\/azienda\/social-responsibility\/"},"modified":"2025-10-27T14:20:33","modified_gmt":"2025-10-27T13:20:33","slug":"responsabilita-sociale","status":"publish","type":"page","link":"https:\/\/www.mpfiltri.com\/it\/azienda\/responsabilita-sociale\/","title":{"rendered":"Responsabilit\u00e0 sociale"},"content":{"rendered":"\n<div class=\"wp-block-media-text has-media-on-the-right is-stacked-on-mobile\"><div class=\"wp-block-media-text__content\">\n<h2 class=\"wp-block-heading\" id=\"responsabilita-sociale\">RESPONSABILIT\u00c0 SOCIALE<\/h2>\n\n\n\n<p>MP Filtri fonda, da sempre, la propria attivit\u00e0 su solidi principi che rappresentano la base del suo Codice Etico: la creazione di positive relazioni con Clienti, Fornitori, Partner e dipendenti, l\u2019etica nella condotta degli affari, la tutela della salute, della sicurezza e dell\u2019ambiente.<\/p>\n\n\n\n<p>Un impegno ed una responsabilit\u00e0 che si esprime anche attraverso iniziative di welfare, umanitarie e sportive, a livello locale ed Internazionale.<\/p>\n\n\n\n<p>Ne \u00e8 un esempio la partecipazione in Uganda al progetto Inter Campus, che dal 1997 realizza interventi sociali e di cooperazione flessibili in 29 Paesi del mondo, utilizzando il calcio come strumento educativo per restituire il Diritto al Gioco a bambini bisognosi.<\/p>\n<\/div><figure class=\"wp-block-media-text__media\"><img loading=\"lazy\" decoding=\"async\" width=\"1024\" height=\"768\" src=\"https:\/\/www.mpfiltri.com\/wp-content\/uploads\/2025\/06\/IMG_5849-min-1024x768.jpg\" alt=\"Uganda photo\" class=\"wp-image-27864 size-full\" srcset=\"https:\/\/www.mpfiltri.com\/wp-content\/uploads\/2025\/06\/IMG_5849-min-1024x768.jpg 1024w, https:\/\/www.mpfiltri.com\/wp-content\/uploads\/2025\/06\/IMG_5849-min-300x225.jpg 300w, https:\/\/www.mpfiltri.com\/wp-content\/uploads\/2025\/06\/IMG_5849-min-768x576.jpg 768w, https:\/\/www.mpfiltri.com\/wp-content\/uploads\/2025\/06\/IMG_5849-min-1536x1152.jpg 1536w, https:\/\/www.mpfiltri.com\/wp-content\/uploads\/2025\/06\/IMG_5849-min-2048x1536.jpg 2048w, https:\/\/www.mpfiltri.com\/wp-content\/uploads\/2025\/06\/IMG_5849-min-702x526.jpg 702w, https:\/\/www.mpfiltri.com\/wp-content\/uploads\/2025\/06\/IMG_5849-min-655x491.jpg 655w\" sizes=\"auto, (max-width: 1024px) 100vw, 1024px\" \/><\/figure><\/div>\n\n\n\n<div class=\"wp-block-stackable-columns stk-block-columns stk-block stk-820bb05 body-lines height-100\" data-block-id=\"820bb05\"><style>.stk-820bb05 {margin-top:0px !important;margin-right:0px !important;margin-bottom:0px !important;margin-left:0px !important;}.stk-820bb05-column{--stk-columns-spacing:0px !important;}<\/style><div class=\"stk-row stk-inner-blocks stk-block-content stk-content-align stk-820bb05-column\">\n<div class=\"wp-block-stackable-column stk-block-column stk-column stk-block stk-745f29b\" data-v=\"4\" data-block-id=\"745f29b\"><div class=\"stk-column-wrapper stk-block-column__content stk-container stk-745f29b-container stk--no-background stk--no-padding\"><div class=\"stk-block-content stk-inner-blocks stk-745f29b-inner-blocks\"><\/div><\/div><\/div>\n\n\n\n<div class=\"wp-block-stackable-column stk-block-column stk-column stk-block stk-0576f85\" data-v=\"4\" data-block-id=\"0576f85\"><div class=\"stk-column-wrapper stk-block-column__content stk-container stk-0576f85-container stk--no-background stk--no-padding\"><div class=\"stk-block-content stk-inner-blocks stk-0576f85-inner-blocks\"><\/div><\/div><\/div>\n<\/div><\/div>\n","protected":false},"excerpt":{"rendered":"<p>RESPONSABILIT\u00c0 SOCIALE MP Filtri fonda, da sempre, la propria attivit\u00e0 su solidi principi che rappresentano la base del suo Codice Etico: la creazione di positive relazioni con Clienti, Fornitori, Partner e dipendenti, l\u2019etica nella condotta degli affari, la tutela della salute, della sicurezza e dell\u2019ambiente. Un impegno ed una responsabilit\u00e0 che si esprime anche attraverso [&hellip;]<\/p>\n","protected":false},"author":2,"featured_media":2169,"parent":13362,"menu_order":54,"comment_status":"closed","ping_status":"closed","template":"","meta":{"_acf_changed":false,"_gspb_post_css":"","inline_featured_image":false,"_genesis_hide_title":false,"_genesis_hide_breadcrumbs":false,"_genesis_hide_singular_image":false,"_genesis_hide_footer_widgets":false,"_genesis_custom_body_class":"","_genesis_custom_post_class":"","_genesis_layout":"","footnotes":"","_links_to":"","_links_to_target":""},"class_list":{"0":"post-13982","1":"page","2":"type-page","3":"status-publish","4":"has-post-thumbnail","6":"entry"},"acf":[],"yoast_head":"<!-- This site is optimized with the Yoast SEO plugin v27.2 - https:\/\/yoast.com\/product\/yoast-seo-wordpress\/ -->\n<title>Responsabilit\u00e0 Sociale MP Filtri | Sostenibilit\u00e0 e Innovazione<\/title>\n<meta name=\"description\" content=\"MP Filtri promuove iniziative di responsabilit\u00e0 sociale e sostenibilit\u00e0, garantendo qualit\u00e0 e sicurezza nella produzione di filtri per oleodinamica.\" \/>\n<meta name=\"robots\" content=\"index, follow, max-snippet:-1, max-image-preview:large, max-video-preview:-1\" \/>\n<link rel=\"canonical\" href=\"https:\/\/www.mpfiltri.com\/it\/azienda\/responsabilita-sociale\/\" \/>\n<meta property=\"og:locale\" content=\"it_IT\" \/>\n<meta property=\"og:type\" content=\"article\" \/>\n<meta property=\"og:title\" content=\"Responsabilit\u00e0 Sociale MP Filtri | Sostenibilit\u00e0 e Innovazione\" \/>\n<meta property=\"og:description\" content=\"MP Filtri promuove iniziative di responsabilit\u00e0 sociale e sostenibilit\u00e0, garantendo qualit\u00e0 e sicurezza nella produzione di filtri per oleodinamica.\" \/>\n<meta property=\"og:url\" content=\"https:\/\/www.mpfiltri.com\/it\/azienda\/responsabilita-sociale\/\" \/>\n<meta property=\"og:site_name\" content=\"MP Filtri\" \/>\n<meta property=\"article:publisher\" content=\"https:\/\/www.facebook.com\/MPFiltriITA\" \/>\n<meta property=\"article:modified_time\" content=\"2025-10-27T13:20:33+00:00\" \/>\n<meta property=\"og:image\" content=\"https:\/\/www.mpfiltri.com\/wp-content\/uploads\/2025\/01\/bg-who-we-are-scaled.jpg\" \/>\n\t<meta property=\"og:image:width\" content=\"2560\" \/>\n\t<meta property=\"og:image:height\" content=\"685\" \/>\n\t<meta property=\"og:image:type\" content=\"image\/jpeg\" \/>\n<meta name=\"twitter:card\" content=\"summary_large_image\" \/>\n<meta name=\"twitter:label1\" content=\"Tempo di lettura stimato\" \/>\n\t<meta name=\"twitter:data1\" content=\"2 minuti\" \/>\n<script type=\"application\/ld+json\" class=\"yoast-schema-graph\">{\"@context\":\"https:\/\/schema.org\",\"@graph\":[{\"@type\":\"WebPage\",\"@id\":\"https:\/\/www.mpfiltri.com\/it\/azienda\/responsabilita-sociale\/\",\"url\":\"https:\/\/www.mpfiltri.com\/it\/azienda\/responsabilita-sociale\/\",\"name\":\"Responsabilit\u00e0 Sociale MP Filtri | Sostenibilit\u00e0 e Innovazione\",\"isPartOf\":{\"@id\":\"https:\/\/www.mpfiltri.com\/it\/#website\"},\"primaryImageOfPage\":{\"@id\":\"https:\/\/www.mpfiltri.com\/it\/azienda\/responsabilita-sociale\/#primaryimage\"},\"image\":{\"@id\":\"https:\/\/www.mpfiltri.com\/it\/azienda\/responsabilita-sociale\/#primaryimage\"},\"thumbnailUrl\":\"https:\/\/www.mpfiltri.com\/wp-content\/uploads\/2025\/01\/bg-who-we-are-scaled.jpg\",\"datePublished\":\"2024-12-11T09:44:38+00:00\",\"dateModified\":\"2025-10-27T13:20:33+00:00\",\"description\":\"MP Filtri promuove iniziative di responsabilit\u00e0 sociale e sostenibilit\u00e0, garantendo qualit\u00e0 e sicurezza nella produzione di filtri per oleodinamica.\",\"breadcrumb\":{\"@id\":\"https:\/\/www.mpfiltri.com\/it\/azienda\/responsabilita-sociale\/#breadcrumb\"},\"inLanguage\":\"it-IT\",\"potentialAction\":[{\"@type\":\"ReadAction\",\"target\":[\"https:\/\/www.mpfiltri.com\/it\/azienda\/responsabilita-sociale\/\"]}]},{\"@type\":\"ImageObject\",\"inLanguage\":\"it-IT\",\"@id\":\"https:\/\/www.mpfiltri.com\/it\/azienda\/responsabilita-sociale\/#primaryimage\",\"url\":\"https:\/\/www.mpfiltri.com\/wp-content\/uploads\/2025\/01\/bg-who-we-are-scaled.jpg\",\"contentUrl\":\"https:\/\/www.mpfiltri.com\/wp-content\/uploads\/2025\/01\/bg-who-we-are-scaled.jpg\",\"width\":2560,\"height\":685,\"caption\":\"Page title background Who we are\"},{\"@type\":\"BreadcrumbList\",\"@id\":\"https:\/\/www.mpfiltri.com\/it\/azienda\/responsabilita-sociale\/#breadcrumb\",\"itemListElement\":[{\"@type\":\"ListItem\",\"position\":1,\"name\":\"Home\",\"item\":\"https:\/\/www.mpfiltri.com\/it\/\"},{\"@type\":\"ListItem\",\"position\":2,\"name\":\"Azienda\",\"item\":\"https:\/\/www.mpfiltri.com\/it\/azienda\/\"},{\"@type\":\"ListItem\",\"position\":3,\"name\":\"Responsabilit\u00e0 sociale\"}]},{\"@type\":\"WebSite\",\"@id\":\"https:\/\/www.mpfiltri.com\/it\/#website\",\"url\":\"https:\/\/www.mpfiltri.com\/it\/\",\"name\":\"MP Filtri\",\"description\":\"\",\"publisher\":{\"@id\":\"https:\/\/www.mpfiltri.com\/it\/#organization\"},\"potentialAction\":[{\"@type\":\"SearchAction\",\"target\":{\"@type\":\"EntryPoint\",\"urlTemplate\":\"https:\/\/www.mpfiltri.com\/it\/?s={search_term_string}\"},\"query-input\":{\"@type\":\"PropertyValueSpecification\",\"valueRequired\":true,\"valueName\":\"search_term_string\"}}],\"inLanguage\":\"it-IT\"},{\"@type\":\"Organization\",\"@id\":\"https:\/\/www.mpfiltri.com\/it\/#organization\",\"name\":\"MP Filtri\",\"url\":\"https:\/\/www.mpfiltri.com\/it\/\",\"logo\":{\"@type\":\"ImageObject\",\"inLanguage\":\"it-IT\",\"@id\":\"https:\/\/www.mpfiltri.com\/it\/#\/schema\/logo\/image\/\",\"url\":\"\",\"contentUrl\":\"\",\"caption\":\"MP Filtri\"},\"image\":{\"@id\":\"https:\/\/www.mpfiltri.com\/it\/#\/schema\/logo\/image\/\"},\"sameAs\":[\"https:\/\/www.facebook.com\/MPFiltriITA\",\"https:\/\/www.instagram.com\/mpfiltri\/\",\"https:\/\/www.youtube.com\/channel\/UCCzNMySYc1c4M-2B4v0K_QA?view_as=subscriber\",\"https:\/\/www.linkedin.com\/company\/mp-filtri-spa\/\"]}]}<\/script>\n<!-- \/ Yoast SEO plugin. -->","yoast_head_json":{"title":"Responsabilit\u00e0 Sociale MP Filtri | Sostenibilit\u00e0 e Innovazione","description":"MP Filtri promuove iniziative di responsabilit\u00e0 sociale e sostenibilit\u00e0, garantendo qualit\u00e0 e sicurezza nella produzione di filtri per oleodinamica.","robots":{"index":"index","follow":"follow","max-snippet":"max-snippet:-1","max-image-preview":"max-image-preview:large","max-video-preview":"max-video-preview:-1"},"canonical":"https:\/\/www.mpfiltri.com\/it\/azienda\/responsabilita-sociale\/","og_locale":"it_IT","og_type":"article","og_title":"Responsabilit\u00e0 Sociale MP Filtri | Sostenibilit\u00e0 e Innovazione","og_description":"MP Filtri promuove iniziative di responsabilit\u00e0 sociale e sostenibilit\u00e0, garantendo qualit\u00e0 e sicurezza nella produzione di filtri per oleodinamica.","og_url":"https:\/\/www.mpfiltri.com\/it\/azienda\/responsabilita-sociale\/","og_site_name":"MP Filtri","article_publisher":"https:\/\/www.facebook.com\/MPFiltriITA","article_modified_time":"2025-10-27T13:20:33+00:00","og_image":[{"width":2560,"height":685,"url":"https:\/\/www.mpfiltri.com\/wp-content\/uploads\/2025\/01\/bg-who-we-are-scaled.jpg","type":"image\/jpeg"}],"twitter_card":"summary_large_image","twitter_misc":{"Tempo di lettura stimato":"2 minuti"},"schema":{"@context":"https:\/\/schema.org","@graph":[{"@type":"WebPage","@id":"https:\/\/www.mpfiltri.com\/it\/azienda\/responsabilita-sociale\/","url":"https:\/\/www.mpfiltri.com\/it\/azienda\/responsabilita-sociale\/","name":"Responsabilit\u00e0 Sociale MP Filtri | Sostenibilit\u00e0 e Innovazione","isPartOf":{"@id":"https:\/\/www.mpfiltri.com\/it\/#website"},"primaryImageOfPage":{"@id":"https:\/\/www.mpfiltri.com\/it\/azienda\/responsabilita-sociale\/#primaryimage"},"image":{"@id":"https:\/\/www.mpfiltri.com\/it\/azienda\/responsabilita-sociale\/#primaryimage"},"thumbnailUrl":"https:\/\/www.mpfiltri.com\/wp-content\/uploads\/2025\/01\/bg-who-we-are-scaled.jpg","datePublished":"2024-12-11T09:44:38+00:00","dateModified":"2025-10-27T13:20:33+00:00","description":"MP Filtri promuove iniziative di responsabilit\u00e0 sociale e sostenibilit\u00e0, garantendo qualit\u00e0 e sicurezza nella produzione di filtri per oleodinamica.","breadcrumb":{"@id":"https:\/\/www.mpfiltri.com\/it\/azienda\/responsabilita-sociale\/#breadcrumb"},"inLanguage":"it-IT","potentialAction":[{"@type":"ReadAction","target":["https:\/\/www.mpfiltri.com\/it\/azienda\/responsabilita-sociale\/"]}]},{"@type":"ImageObject","inLanguage":"it-IT","@id":"https:\/\/www.mpfiltri.com\/it\/azienda\/responsabilita-sociale\/#primaryimage","url":"https:\/\/www.mpfiltri.com\/wp-content\/uploads\/2025\/01\/bg-who-we-are-scaled.jpg","contentUrl":"https:\/\/www.mpfiltri.com\/wp-content\/uploads\/2025\/01\/bg-who-we-are-scaled.jpg","width":2560,"height":685,"caption":"Page title background Who we are"},{"@type":"BreadcrumbList","@id":"https:\/\/www.mpfiltri.com\/it\/azienda\/responsabilita-sociale\/#breadcrumb","itemListElement":[{"@type":"ListItem","position":1,"name":"Home","item":"https:\/\/www.mpfiltri.com\/it\/"},{"@type":"ListItem","position":2,"name":"Azienda","item":"https:\/\/www.mpfiltri.com\/it\/azienda\/"},{"@type":"ListItem","position":3,"name":"Responsabilit\u00e0 sociale"}]},{"@type":"WebSite","@id":"https:\/\/www.mpfiltri.com\/it\/#website","url":"https:\/\/www.mpfiltri.com\/it\/","name":"MP Filtri","description":"","publisher":{"@id":"https:\/\/www.mpfiltri.com\/it\/#organization"},"potentialAction":[{"@type":"SearchAction","target":{"@type":"EntryPoint","urlTemplate":"https:\/\/www.mpfiltri.com\/it\/?s={search_term_string}"},"query-input":{"@type":"PropertyValueSpecification","valueRequired":true,"valueName":"search_term_string"}}],"inLanguage":"it-IT"},{"@type":"Organization","@id":"https:\/\/www.mpfiltri.com\/it\/#organization","name":"MP Filtri","url":"https:\/\/www.mpfiltri.com\/it\/","logo":{"@type":"ImageObject","inLanguage":"it-IT","@id":"https:\/\/www.mpfiltri.com\/it\/#\/schema\/logo\/image\/","url":"","contentUrl":"","caption":"MP Filtri"},"image":{"@id":"https:\/\/www.mpfiltri.com\/it\/#\/schema\/logo\/image\/"},"sameAs":["https:\/\/www.facebook.com\/MPFiltriITA","https:\/\/www.instagram.com\/mpfiltri\/","https:\/\/www.youtube.com\/channel\/UCCzNMySYc1c4M-2B4v0K_QA?view_as=subscriber","https:\/\/www.linkedin.com\/company\/mp-filtri-spa\/"]}]}},"featured_image_src":"https:\/\/www.mpfiltri.com\/wp-content\/uploads\/2025\/01\/bg-who-we-are-600x400.jpg","featured_image_src_square":"https:\/\/www.mpfiltri.com\/wp-content\/uploads\/2025\/01\/bg-who-we-are-600x600.jpg","_links":{"self":[{"href":"https:\/\/www.mpfiltri.com\/it\/wp-json\/wp\/v2\/pages\/13982","targetHints":{"allow":["GET"]}}],"collection":[{"href":"https:\/\/www.mpfiltri.com\/it\/wp-json\/wp\/v2\/pages"}],"about":[{"href":"https:\/\/www.mpfiltri.com\/it\/wp-json\/wp\/v2\/types\/page"}],"author":[{"embeddable":true,"href":"https:\/\/www.mpfiltri.com\/it\/wp-json\/wp\/v2\/users\/2"}],"replies":[{"embeddable":true,"href":"https:\/\/www.mpfiltri.com\/it\/wp-json\/wp\/v2\/comments?post=13982"}],"version-history":[{"count":7,"href":"https:\/\/www.mpfiltri.com\/it\/wp-json\/wp\/v2\/pages\/13982\/revisions"}],"predecessor-version":[{"id":57009,"href":"https:\/\/www.mpfiltri.com\/it\/wp-json\/wp\/v2\/pages\/13982\/revisions\/57009"}],"up":[{"embeddable":true,"href":"https:\/\/www.mpfiltri.com\/it\/wp-json\/wp\/v2\/pages\/13362"}],"wp:featuredmedia":[{"embeddable":true,"href":"https:\/\/www.mpfiltri.com\/it\/wp-json\/wp\/v2\/media\/2169"}],"wp:attachment":[{"href":"https:\/\/www.mpfiltri.com\/it\/wp-json\/wp\/v2\/media?parent=13982"}],"curies":[{"name":"wp","href":"https:\/\/api.w.org\/{rel}","templated":true}]}}