

{"id":78081,"date":"2025-06-17T11:56:54","date_gmt":"2025-06-17T09:56:54","guid":{"rendered":"https:\/\/www.mpfiltri.com\/product\/produit-3\/"},"modified":"2026-04-01T16:23:35","modified_gmt":"2026-04-01T14:23:35","slug":"sme-1-smf-1-sml-1","status":"publish","type":"product","link":"https:\/\/www.mpfiltri.com\/fr\/product\/sme-1-smf-1-sml-1\/","title":{"rendered":"SME 1 &#8211; SMF 1 &#8211; SML 1"},"content":{"rendered":"<p>Embases pour bouchons de remplissage et de filtration d&#8217;air. <\/p>\n<p>SME1 : Permet de sur\u00e9lever un bouchon de remplissage et de filtration d`air, afain d`\u00e9viter tout risque de d\u00e9bordement sur les machines mobiles, si un mouvement brusque devait survenir. SMF1 et SMF2 : Permet le montage d`un bouchon de remplissage et de filtration d`air, \u00e0 partir d`une surface lat\u00e9rale sur<code>n r\u00e9servoir.<\/code><\/p>\n<p><code>Applications : Machines mobiles et stationnaires<\/code><\/p><\/p>\n","protected":false},"excerpt":{"rendered":"<p>Embases pour bouchons de remplissage et de filtration d&#8217;air. SME1 : Permet de sur\u00e9lever un bouchon de remplissage et de filtration d`air, afain d`\u00e9viter tout risque de d\u00e9bordement sur les machines mobiles, si un mouvement brusque devait survenir. SMF1 et SMF2 : Permet le montage d`un bouchon de remplissage et de filtration d`air, \u00e0 partir [&hellip;]<\/p>\n","protected":false},"featured_media":0,"comment_status":"open","ping_status":"closed","template":"","meta":{"_acf_changed":false,"_gspb_post_css":"","inline_featured_image":false,"_genesis_hide_title":false,"_genesis_hide_breadcrumbs":false,"_genesis_hide_singular_image":false,"_genesis_hide_footer_widgets":false,"_genesis_custom_body_class":"","_genesis_custom_post_class":"","_genesis_layout":"","_links_to":"","_links_to_target":""},"product-structure":[62],"product_brand":[],"product_cat":[13160,13188,13195,13125],"product_tag":[],"class_list":{"0":"post-78081","1":"product","2":"type-product","3":"status-publish","5":"product-structure-series","6":"product_cat-agricole-forestier","7":"product_cat-applications","8":"product_cat-equipement-mobile","9":"product_cat-machines-pour-construction","10":"entry","12":"first","13":"instock","14":"shipping-taxable","15":"product-type-simple"},"acf":[],"yoast_head":"<!-- This site is optimized with the Yoast SEO plugin v27.2 - https:\/\/yoast.com\/product\/yoast-seo-wordpress\/ -->\n<title>SME 1 - SMF 1 - SML 1 - MP Filtri<\/title>\n<meta name=\"robots\" content=\"index, follow, max-snippet:-1, max-image-preview:large, max-video-preview:-1\" \/>\n<link rel=\"canonical\" href=\"https:\/\/www.mpfiltri.com\/fr\/product\/sme-1-smf-1-sml-1\/\" \/>\n<meta property=\"og:locale\" content=\"fr_FR\" \/>\n<meta property=\"og:type\" content=\"article\" \/>\n<meta property=\"og:title\" content=\"SME 1 - SMF 1 - SML 1 - MP Filtri\" \/>\n<meta property=\"og:description\" content=\"Embases pour bouchons de remplissage et de filtration d&#8217;air. SME1 : Permet de sur\u00e9lever un bouchon de remplissage et de filtration d`air, afain d`\u00e9viter tout risque de d\u00e9bordement sur les machines mobiles, si un mouvement brusque devait survenir. SMF1 et SMF2 : Permet le montage d`un bouchon de remplissage et de filtration d`air, \u00e0 partir [&hellip;]\" \/>\n<meta property=\"og:url\" content=\"https:\/\/www.mpfiltri.com\/fr\/product\/sme-1-smf-1-sml-1\/\" \/>\n<meta property=\"og:site_name\" content=\"MP Filtri\" \/>\n<meta property=\"article:publisher\" content=\"https:\/\/www.facebook.com\/MPFiltriITA\" \/>\n<meta property=\"article:modified_time\" content=\"2026-04-01T14:23:35+00:00\" \/>\n<meta name=\"twitter:card\" content=\"summary_large_image\" \/>\n<script type=\"application\/ld+json\" class=\"yoast-schema-graph\">{\"@context\":\"https:\/\/schema.org\",\"@graph\":[{\"@type\":\"WebPage\",\"@id\":\"https:\/\/www.mpfiltri.com\/fr\/product\/sme-1-smf-1-sml-1\/\",\"url\":\"https:\/\/www.mpfiltri.com\/fr\/product\/sme-1-smf-1-sml-1\/\",\"name\":\"SME 1 - SMF 1 - SML 1 - MP Filtri\",\"isPartOf\":{\"@id\":\"https:\/\/www.mpfiltri.com\/fr\/#website\"},\"datePublished\":\"2025-06-17T09:56:54+00:00\",\"dateModified\":\"2026-04-01T14:23:35+00:00\",\"breadcrumb\":{\"@id\":\"https:\/\/www.mpfiltri.com\/fr\/product\/sme-1-smf-1-sml-1\/#breadcrumb\"},\"inLanguage\":\"fr-FR\",\"potentialAction\":[{\"@type\":\"ReadAction\",\"target\":[\"https:\/\/www.mpfiltri.com\/fr\/product\/sme-1-smf-1-sml-1\/\"]}]},{\"@type\":\"BreadcrumbList\",\"@id\":\"https:\/\/www.mpfiltri.com\/fr\/product\/sme-1-smf-1-sml-1\/#breadcrumb\",\"itemListElement\":[{\"@type\":\"ListItem\",\"position\":1,\"name\":\"Home\",\"item\":\"https:\/\/www.mpfiltri.com\/fr\/\"},{\"@type\":\"ListItem\",\"position\":2,\"name\":\"Produits\",\"item\":\"https:\/\/www.mpfiltri.com\/fr\/shop\/\"},{\"@type\":\"ListItem\",\"position\":3,\"name\":\"SME 1 &#8211; SMF 1 &#8211; SML 1\"}]},{\"@type\":\"WebSite\",\"@id\":\"https:\/\/www.mpfiltri.com\/fr\/#website\",\"url\":\"https:\/\/www.mpfiltri.com\/fr\/\",\"name\":\"MP Filtri\",\"description\":\"\",\"publisher\":{\"@id\":\"https:\/\/www.mpfiltri.com\/fr\/#organization\"},\"potentialAction\":[{\"@type\":\"SearchAction\",\"target\":{\"@type\":\"EntryPoint\",\"urlTemplate\":\"https:\/\/www.mpfiltri.com\/fr\/?s={search_term_string}\"},\"query-input\":{\"@type\":\"PropertyValueSpecification\",\"valueRequired\":true,\"valueName\":\"search_term_string\"}}],\"inLanguage\":\"fr-FR\"},{\"@type\":\"Organization\",\"@id\":\"https:\/\/www.mpfiltri.com\/fr\/#organization\",\"name\":\"MP Filtri\",\"url\":\"https:\/\/www.mpfiltri.com\/fr\/\",\"logo\":{\"@type\":\"ImageObject\",\"inLanguage\":\"fr-FR\",\"@id\":\"https:\/\/www.mpfiltri.com\/fr\/#\/schema\/logo\/image\/\",\"url\":\"\",\"contentUrl\":\"\",\"caption\":\"MP Filtri\"},\"image\":{\"@id\":\"https:\/\/www.mpfiltri.com\/fr\/#\/schema\/logo\/image\/\"},\"sameAs\":[\"https:\/\/www.facebook.com\/MPFiltriITA\",\"https:\/\/www.instagram.com\/mpfiltri\/\",\"https:\/\/www.youtube.com\/channel\/UCCzNMySYc1c4M-2B4v0K_QA?view_as=subscriber\",\"https:\/\/www.linkedin.com\/company\/mp-filtri-spa\/\"]}]}<\/script>\n<!-- \/ Yoast SEO plugin. -->","yoast_head_json":{"title":"SME 1 - SMF 1 - SML 1 - MP Filtri","robots":{"index":"index","follow":"follow","max-snippet":"max-snippet:-1","max-image-preview":"max-image-preview:large","max-video-preview":"max-video-preview:-1"},"canonical":"https:\/\/www.mpfiltri.com\/fr\/product\/sme-1-smf-1-sml-1\/","og_locale":"fr_FR","og_type":"article","og_title":"SME 1 - SMF 1 - SML 1 - MP Filtri","og_description":"Embases pour bouchons de remplissage et de filtration d&#8217;air. SME1 : Permet de sur\u00e9lever un bouchon de remplissage et de filtration d`air, afain d`\u00e9viter tout risque de d\u00e9bordement sur les machines mobiles, si un mouvement brusque devait survenir. SMF1 et SMF2 : Permet le montage d`un bouchon de remplissage et de filtration d`air, \u00e0 partir [&hellip;]","og_url":"https:\/\/www.mpfiltri.com\/fr\/product\/sme-1-smf-1-sml-1\/","og_site_name":"MP Filtri","article_publisher":"https:\/\/www.facebook.com\/MPFiltriITA","article_modified_time":"2026-04-01T14:23:35+00:00","twitter_card":"summary_large_image","schema":{"@context":"https:\/\/schema.org","@graph":[{"@type":"WebPage","@id":"https:\/\/www.mpfiltri.com\/fr\/product\/sme-1-smf-1-sml-1\/","url":"https:\/\/www.mpfiltri.com\/fr\/product\/sme-1-smf-1-sml-1\/","name":"SME 1 - SMF 1 - SML 1 - MP Filtri","isPartOf":{"@id":"https:\/\/www.mpfiltri.com\/fr\/#website"},"datePublished":"2025-06-17T09:56:54+00:00","dateModified":"2026-04-01T14:23:35+00:00","breadcrumb":{"@id":"https:\/\/www.mpfiltri.com\/fr\/product\/sme-1-smf-1-sml-1\/#breadcrumb"},"inLanguage":"fr-FR","potentialAction":[{"@type":"ReadAction","target":["https:\/\/www.mpfiltri.com\/fr\/product\/sme-1-smf-1-sml-1\/"]}]},{"@type":"BreadcrumbList","@id":"https:\/\/www.mpfiltri.com\/fr\/product\/sme-1-smf-1-sml-1\/#breadcrumb","itemListElement":[{"@type":"ListItem","position":1,"name":"Home","item":"https:\/\/www.mpfiltri.com\/fr\/"},{"@type":"ListItem","position":2,"name":"Produits","item":"https:\/\/www.mpfiltri.com\/fr\/shop\/"},{"@type":"ListItem","position":3,"name":"SME 1 &#8211; SMF 1 &#8211; SML 1"}]},{"@type":"WebSite","@id":"https:\/\/www.mpfiltri.com\/fr\/#website","url":"https:\/\/www.mpfiltri.com\/fr\/","name":"MP Filtri","description":"","publisher":{"@id":"https:\/\/www.mpfiltri.com\/fr\/#organization"},"potentialAction":[{"@type":"SearchAction","target":{"@type":"EntryPoint","urlTemplate":"https:\/\/www.mpfiltri.com\/fr\/?s={search_term_string}"},"query-input":{"@type":"PropertyValueSpecification","valueRequired":true,"valueName":"search_term_string"}}],"inLanguage":"fr-FR"},{"@type":"Organization","@id":"https:\/\/www.mpfiltri.com\/fr\/#organization","name":"MP Filtri","url":"https:\/\/www.mpfiltri.com\/fr\/","logo":{"@type":"ImageObject","inLanguage":"fr-FR","@id":"https:\/\/www.mpfiltri.com\/fr\/#\/schema\/logo\/image\/","url":"","contentUrl":"","caption":"MP Filtri"},"image":{"@id":"https:\/\/www.mpfiltri.com\/fr\/#\/schema\/logo\/image\/"},"sameAs":["https:\/\/www.facebook.com\/MPFiltriITA","https:\/\/www.instagram.com\/mpfiltri\/","https:\/\/www.youtube.com\/channel\/UCCzNMySYc1c4M-2B4v0K_QA?view_as=subscriber","https:\/\/www.linkedin.com\/company\/mp-filtri-spa\/"]}]}},"_links":{"self":[{"href":"https:\/\/www.mpfiltri.com\/fr\/wp-json\/wp\/v2\/product\/78081","targetHints":{"allow":["GET"]}}],"collection":[{"href":"https:\/\/www.mpfiltri.com\/fr\/wp-json\/wp\/v2\/product"}],"about":[{"href":"https:\/\/www.mpfiltri.com\/fr\/wp-json\/wp\/v2\/types\/product"}],"replies":[{"embeddable":true,"href":"https:\/\/www.mpfiltri.com\/fr\/wp-json\/wp\/v2\/comments?post=78081"}],"wp:attachment":[{"href":"https:\/\/www.mpfiltri.com\/fr\/wp-json\/wp\/v2\/media?parent=78081"}],"wp:term":[{"taxonomy":"product-structure","embeddable":true,"href":"https:\/\/www.mpfiltri.com\/fr\/wp-json\/wp\/v2\/product-structure?post=78081"},{"taxonomy":"product_brand","embeddable":true,"href":"https:\/\/www.mpfiltri.com\/fr\/wp-json\/wp\/v2\/product_brand?post=78081"},{"taxonomy":"product_cat","embeddable":true,"href":"https:\/\/www.mpfiltri.com\/fr\/wp-json\/wp\/v2\/product_cat?post=78081"},{"taxonomy":"product_tag","embeddable":true,"href":"https:\/\/www.mpfiltri.com\/fr\/wp-json\/wp\/v2\/product_tag?post=78081"}],"curies":[{"name":"wp","href":"https:\/\/api.w.org\/{rel}","templated":true}]}}