

{"id":78061,"date":"2025-06-16T15:14:58","date_gmt":"2025-06-16T13:14:58","guid":{"rendered":"https:\/\/www.mpfiltri.com\/product\/produit-3\/"},"modified":"2026-04-01T16:24:15","modified_gmt":"2026-04-01T14:24:15","slug":"strc","status":"publish","type":"product","link":"https:\/\/www.mpfiltri.com\/fr\/product\/strc\/","title":{"rendered":"STRC"},"content":{"rendered":"<p>STRC est une gamme de filtres d&#8217;aspiration destin\u00e9s \u00e0 prot\u00e9ger la pompe en aval contre les contaminations grossi\u00e8res. Ils sont plac\u00e9s sous le niveau d\u2019huile et directement connect\u00e9s \u00e0 la ligne d\u2019aspiration de la pompe. Fonctionnalit\u00e9 disponible: soupape de d\u00e9rivation pour r\u00e9duire la chute de pression excessive \u00e0 travers le m\u00e9dia filtrant.<\/p>\n<p>Voir le <a href=\"https:\/\/www.mpfiltri.com\/fr\/ressources\/knowledge-center\/connaitre-la-filtration-hydraulique\/tableau-de-comptibilite-des-fluides\/\" title=\"https:\/\/www.mpfiltri.com\/fr\/resources\/knowledge-center\/hydraulic-filtration-knowledge\/fluid-compatibility-table\/\" target=\"_blank\">tableau<\/a> correspondant pour la compatibilit\u00e9 des fluides.<\/p><\/p>\n","protected":false},"excerpt":{"rendered":"<p>STRC est une gamme de filtres d&#8217;aspiration destin\u00e9s \u00e0 prot\u00e9ger la pompe en aval contre les contaminations grossi\u00e8res. Ils sont plac\u00e9s sous le niveau d\u2019huile et directement connect\u00e9s \u00e0 la ligne d\u2019aspiration de la pompe. Fonctionnalit\u00e9 disponible: soupape de d\u00e9rivation pour r\u00e9duire la chute de pression excessive \u00e0 travers le m\u00e9dia filtrant. Voir le tableau [&hellip;]<\/p>\n","protected":false},"featured_media":0,"comment_status":"open","ping_status":"closed","template":"","meta":{"_acf_changed":false,"_gspb_post_css":"","inline_featured_image":false,"_genesis_hide_title":false,"_genesis_hide_breadcrumbs":false,"_genesis_hide_singular_image":false,"_genesis_hide_footer_widgets":false,"_genesis_custom_body_class":"","_genesis_custom_post_class":"","_genesis_layout":"","_links_to":"","_links_to_target":""},"product-structure":[62],"product_brand":[],"product_cat":[13160,13235,13256,13229,13195,13277,13242,13249,13289,13263,13216,13223],"product_tag":[],"class_list":{"0":"post-78061","1":"product","2":"type-product","3":"status-publish","5":"product-structure-series","6":"product_cat-agricole-forestier","7":"product_cat-chimie-petrole-gaz","8":"product_cat-emballages-et-agroalimentaire","9":"product_cat-equipement-industriel","10":"product_cat-equipement-mobile","11":"product_cat-machines-a-former","12":"product_cat-metallurgie","13":"product_cat-production-denergie","14":"product_cat-systemes-oleodynamiques","15":"product_cat-textile-bois-pates-et-papier","16":"product_cat-vehicules-aeronautiques-et-marines","17":"product_cat-vehicules-utilitaires","18":"entry","20":"first","21":"instock","22":"shipping-taxable","23":"product-type-simple"},"acf":[],"yoast_head":"<!-- This site is optimized with the Yoast SEO plugin v27.2 - https:\/\/yoast.com\/product\/yoast-seo-wordpress\/ -->\n<title>STRC - MP Filtri<\/title>\n<meta name=\"robots\" content=\"index, follow, max-snippet:-1, max-image-preview:large, max-video-preview:-1\" \/>\n<link rel=\"canonical\" href=\"https:\/\/www.mpfiltri.com\/fr\/product\/strc\/\" \/>\n<meta property=\"og:locale\" content=\"fr_FR\" \/>\n<meta property=\"og:type\" content=\"article\" \/>\n<meta property=\"og:title\" content=\"STRC - MP Filtri\" \/>\n<meta property=\"og:description\" content=\"STRC est une gamme de filtres d&#8217;aspiration destin\u00e9s \u00e0 prot\u00e9ger la pompe en aval contre les contaminations grossi\u00e8res. Ils sont plac\u00e9s sous le niveau d\u2019huile et directement connect\u00e9s \u00e0 la ligne d\u2019aspiration de la pompe. Fonctionnalit\u00e9 disponible: soupape de d\u00e9rivation pour r\u00e9duire la chute de pression excessive \u00e0 travers le m\u00e9dia filtrant. Voir le tableau [&hellip;]\" \/>\n<meta property=\"og:url\" content=\"https:\/\/www.mpfiltri.com\/fr\/product\/strc\/\" \/>\n<meta property=\"og:site_name\" content=\"MP Filtri\" \/>\n<meta property=\"article:publisher\" content=\"https:\/\/www.facebook.com\/MPFiltriITA\" \/>\n<meta property=\"article:modified_time\" content=\"2026-04-01T14:24:15+00:00\" \/>\n<meta name=\"twitter:card\" content=\"summary_large_image\" \/>\n<script type=\"application\/ld+json\" class=\"yoast-schema-graph\">{\"@context\":\"https:\/\/schema.org\",\"@graph\":[{\"@type\":\"WebPage\",\"@id\":\"https:\/\/www.mpfiltri.com\/fr\/product\/strc\/\",\"url\":\"https:\/\/www.mpfiltri.com\/fr\/product\/strc\/\",\"name\":\"STRC - MP Filtri\",\"isPartOf\":{\"@id\":\"https:\/\/www.mpfiltri.com\/fr\/#website\"},\"datePublished\":\"2025-06-16T13:14:58+00:00\",\"dateModified\":\"2026-04-01T14:24:15+00:00\",\"breadcrumb\":{\"@id\":\"https:\/\/www.mpfiltri.com\/fr\/product\/strc\/#breadcrumb\"},\"inLanguage\":\"fr-FR\",\"potentialAction\":[{\"@type\":\"ReadAction\",\"target\":[\"https:\/\/www.mpfiltri.com\/fr\/product\/strc\/\"]}]},{\"@type\":\"BreadcrumbList\",\"@id\":\"https:\/\/www.mpfiltri.com\/fr\/product\/strc\/#breadcrumb\",\"itemListElement\":[{\"@type\":\"ListItem\",\"position\":1,\"name\":\"Home\",\"item\":\"https:\/\/www.mpfiltri.com\/fr\/\"},{\"@type\":\"ListItem\",\"position\":2,\"name\":\"Produits\",\"item\":\"https:\/\/www.mpfiltri.com\/fr\/shop\/\"},{\"@type\":\"ListItem\",\"position\":3,\"name\":\"STRC\"}]},{\"@type\":\"WebSite\",\"@id\":\"https:\/\/www.mpfiltri.com\/fr\/#website\",\"url\":\"https:\/\/www.mpfiltri.com\/fr\/\",\"name\":\"MP Filtri\",\"description\":\"\",\"publisher\":{\"@id\":\"https:\/\/www.mpfiltri.com\/fr\/#organization\"},\"potentialAction\":[{\"@type\":\"SearchAction\",\"target\":{\"@type\":\"EntryPoint\",\"urlTemplate\":\"https:\/\/www.mpfiltri.com\/fr\/?s={search_term_string}\"},\"query-input\":{\"@type\":\"PropertyValueSpecification\",\"valueRequired\":true,\"valueName\":\"search_term_string\"}}],\"inLanguage\":\"fr-FR\"},{\"@type\":\"Organization\",\"@id\":\"https:\/\/www.mpfiltri.com\/fr\/#organization\",\"name\":\"MP Filtri\",\"url\":\"https:\/\/www.mpfiltri.com\/fr\/\",\"logo\":{\"@type\":\"ImageObject\",\"inLanguage\":\"fr-FR\",\"@id\":\"https:\/\/www.mpfiltri.com\/fr\/#\/schema\/logo\/image\/\",\"url\":\"\",\"contentUrl\":\"\",\"caption\":\"MP Filtri\"},\"image\":{\"@id\":\"https:\/\/www.mpfiltri.com\/fr\/#\/schema\/logo\/image\/\"},\"sameAs\":[\"https:\/\/www.facebook.com\/MPFiltriITA\",\"https:\/\/www.instagram.com\/mpfiltri\/\",\"https:\/\/www.youtube.com\/channel\/UCCzNMySYc1c4M-2B4v0K_QA?view_as=subscriber\",\"https:\/\/www.linkedin.com\/company\/mp-filtri-spa\/\"]}]}<\/script>\n<!-- \/ Yoast SEO plugin. -->","yoast_head_json":{"title":"STRC - MP Filtri","robots":{"index":"index","follow":"follow","max-snippet":"max-snippet:-1","max-image-preview":"max-image-preview:large","max-video-preview":"max-video-preview:-1"},"canonical":"https:\/\/www.mpfiltri.com\/fr\/product\/strc\/","og_locale":"fr_FR","og_type":"article","og_title":"STRC - MP Filtri","og_description":"STRC est une gamme de filtres d&#8217;aspiration destin\u00e9s \u00e0 prot\u00e9ger la pompe en aval contre les contaminations grossi\u00e8res. Ils sont plac\u00e9s sous le niveau d\u2019huile et directement connect\u00e9s \u00e0 la ligne d\u2019aspiration de la pompe. Fonctionnalit\u00e9 disponible: soupape de d\u00e9rivation pour r\u00e9duire la chute de pression excessive \u00e0 travers le m\u00e9dia filtrant. Voir le tableau [&hellip;]","og_url":"https:\/\/www.mpfiltri.com\/fr\/product\/strc\/","og_site_name":"MP Filtri","article_publisher":"https:\/\/www.facebook.com\/MPFiltriITA","article_modified_time":"2026-04-01T14:24:15+00:00","twitter_card":"summary_large_image","schema":{"@context":"https:\/\/schema.org","@graph":[{"@type":"WebPage","@id":"https:\/\/www.mpfiltri.com\/fr\/product\/strc\/","url":"https:\/\/www.mpfiltri.com\/fr\/product\/strc\/","name":"STRC - MP Filtri","isPartOf":{"@id":"https:\/\/www.mpfiltri.com\/fr\/#website"},"datePublished":"2025-06-16T13:14:58+00:00","dateModified":"2026-04-01T14:24:15+00:00","breadcrumb":{"@id":"https:\/\/www.mpfiltri.com\/fr\/product\/strc\/#breadcrumb"},"inLanguage":"fr-FR","potentialAction":[{"@type":"ReadAction","target":["https:\/\/www.mpfiltri.com\/fr\/product\/strc\/"]}]},{"@type":"BreadcrumbList","@id":"https:\/\/www.mpfiltri.com\/fr\/product\/strc\/#breadcrumb","itemListElement":[{"@type":"ListItem","position":1,"name":"Home","item":"https:\/\/www.mpfiltri.com\/fr\/"},{"@type":"ListItem","position":2,"name":"Produits","item":"https:\/\/www.mpfiltri.com\/fr\/shop\/"},{"@type":"ListItem","position":3,"name":"STRC"}]},{"@type":"WebSite","@id":"https:\/\/www.mpfiltri.com\/fr\/#website","url":"https:\/\/www.mpfiltri.com\/fr\/","name":"MP Filtri","description":"","publisher":{"@id":"https:\/\/www.mpfiltri.com\/fr\/#organization"},"potentialAction":[{"@type":"SearchAction","target":{"@type":"EntryPoint","urlTemplate":"https:\/\/www.mpfiltri.com\/fr\/?s={search_term_string}"},"query-input":{"@type":"PropertyValueSpecification","valueRequired":true,"valueName":"search_term_string"}}],"inLanguage":"fr-FR"},{"@type":"Organization","@id":"https:\/\/www.mpfiltri.com\/fr\/#organization","name":"MP Filtri","url":"https:\/\/www.mpfiltri.com\/fr\/","logo":{"@type":"ImageObject","inLanguage":"fr-FR","@id":"https:\/\/www.mpfiltri.com\/fr\/#\/schema\/logo\/image\/","url":"","contentUrl":"","caption":"MP Filtri"},"image":{"@id":"https:\/\/www.mpfiltri.com\/fr\/#\/schema\/logo\/image\/"},"sameAs":["https:\/\/www.facebook.com\/MPFiltriITA","https:\/\/www.instagram.com\/mpfiltri\/","https:\/\/www.youtube.com\/channel\/UCCzNMySYc1c4M-2B4v0K_QA?view_as=subscriber","https:\/\/www.linkedin.com\/company\/mp-filtri-spa\/"]}]}},"_links":{"self":[{"href":"https:\/\/www.mpfiltri.com\/fr\/wp-json\/wp\/v2\/product\/78061","targetHints":{"allow":["GET"]}}],"collection":[{"href":"https:\/\/www.mpfiltri.com\/fr\/wp-json\/wp\/v2\/product"}],"about":[{"href":"https:\/\/www.mpfiltri.com\/fr\/wp-json\/wp\/v2\/types\/product"}],"replies":[{"embeddable":true,"href":"https:\/\/www.mpfiltri.com\/fr\/wp-json\/wp\/v2\/comments?post=78061"}],"wp:attachment":[{"href":"https:\/\/www.mpfiltri.com\/fr\/wp-json\/wp\/v2\/media?parent=78061"}],"wp:term":[{"taxonomy":"product-structure","embeddable":true,"href":"https:\/\/www.mpfiltri.com\/fr\/wp-json\/wp\/v2\/product-structure?post=78061"},{"taxonomy":"product_brand","embeddable":true,"href":"https:\/\/www.mpfiltri.com\/fr\/wp-json\/wp\/v2\/product_brand?post=78061"},{"taxonomy":"product_cat","embeddable":true,"href":"https:\/\/www.mpfiltri.com\/fr\/wp-json\/wp\/v2\/product_cat?post=78061"},{"taxonomy":"product_tag","embeddable":true,"href":"https:\/\/www.mpfiltri.com\/fr\/wp-json\/wp\/v2\/product_tag?post=78061"}],"curies":[{"name":"wp","href":"https:\/\/api.w.org\/{rel}","templated":true}]}}