

{"id":78056,"date":"2025-06-16T16:42:04","date_gmt":"2025-06-16T14:42:04","guid":{"rendered":"https:\/\/www.mpfiltri.com\/product\/produit-3\/"},"modified":"2026-04-01T16:23:50","modified_gmt":"2026-04-01T14:23:50","slug":"fhd","status":"publish","type":"product","link":"https:\/\/www.mpfiltri.com\/fr\/product\/fhd\/","title":{"rendered":"FHD"},"content":{"rendered":"<p>Filtre duplex en ligne haute pression. Pression de service de 350 bar maximum (5076 psi), d\u00e9bit d`huile jusqu`\u00e0 345 l\/min (91 gpm), raccordements taraud\u00e9s de G 1\/2&#8243; \u00e0 G 1&#8243;1\/4 BSP\/NPT\/SAE et raccordements \u00e0 brides en 1&#8243; 1\/2.<\/p>\n<p>Filtre haute pression montage en ligne avec une large gamme de m\u00e9dias filtrants. Con\u00e7u pour permettre le remplacement des \u00e9l\u00e9ments filtrants dans les op\u00e9rations de maintenance de machines en fonctionnement permanent.<\/p>\n<p>Voir le tableau correspondant pour la compatibilit\u00e9 des fluides.<\/p>\n","protected":false},"excerpt":{"rendered":"<p>Filtre duplex en ligne haute pression. Pression de service de 350 bar maximum (5076 psi), d\u00e9bit d`huile jusqu`\u00e0 345 l\/min (91 gpm), raccordements taraud\u00e9s de G 1\/2&#8243; \u00e0 G 1&#8243;1\/4 BSP\/NPT\/SAE et raccordements \u00e0 brides en 1&#8243; 1\/2. Filtre haute pression montage en ligne avec une large gamme de m\u00e9dias filtrants. Con\u00e7u pour permettre le [&hellip;]<\/p>\n","protected":false},"featured_media":0,"comment_status":"open","ping_status":"closed","template":"","meta":{"_acf_changed":false,"_gspb_post_css":"","inline_featured_image":false,"_genesis_hide_title":false,"_genesis_hide_breadcrumbs":false,"_genesis_hide_singular_image":false,"_genesis_hide_footer_widgets":false,"_genesis_custom_body_class":"","_genesis_custom_post_class":"","_genesis_layout":"","_links_to":"","_links_to_target":""},"product-structure":[62],"product_brand":[],"product_cat":[13188,13235,13195,13209,13277,13242,13249,13289,13270],"product_tag":[],"class_list":{"0":"post-78056","1":"product","2":"type-product","3":"status-publish","5":"product-structure-series","6":"product_cat-applications","7":"product_cat-chimie-petrole-gaz","8":"product_cat-equipement-mobile","9":"product_cat-industrie-miniere","10":"product_cat-machines-a-former","11":"product_cat-metallurgie","12":"product_cat-production-denergie","13":"product_cat-systemes-oleodynamiques","14":"product_cat-traitement-des-dechets","15":"entry","17":"first","18":"instock","19":"shipping-taxable","20":"product-type-simple"},"acf":[],"yoast_head":"<!-- This site is optimized with the Yoast SEO plugin v27.2 - https:\/\/yoast.com\/product\/yoast-seo-wordpress\/ -->\n<title>FHD - MP Filtri<\/title>\n<meta name=\"robots\" content=\"index, follow, max-snippet:-1, max-image-preview:large, max-video-preview:-1\" \/>\n<link rel=\"canonical\" href=\"https:\/\/www.mpfiltri.com\/fr\/product\/fhd\/\" \/>\n<meta property=\"og:locale\" content=\"fr_FR\" \/>\n<meta property=\"og:type\" content=\"article\" \/>\n<meta property=\"og:title\" content=\"FHD - MP Filtri\" \/>\n<meta property=\"og:description\" content=\"Filtre duplex en ligne haute pression. Pression de service de 350 bar maximum (5076 psi), d\u00e9bit d`huile jusqu`\u00e0 345 l\/min (91 gpm), raccordements taraud\u00e9s de G 1\/2&#8243; \u00e0 G 1&#8243;1\/4 BSP\/NPT\/SAE et raccordements \u00e0 brides en 1&#8243; 1\/2. Filtre haute pression montage en ligne avec une large gamme de m\u00e9dias filtrants. Con\u00e7u pour permettre le [&hellip;]\" \/>\n<meta property=\"og:url\" content=\"https:\/\/www.mpfiltri.com\/fr\/product\/fhd\/\" \/>\n<meta property=\"og:site_name\" content=\"MP Filtri\" \/>\n<meta property=\"article:publisher\" content=\"https:\/\/www.facebook.com\/MPFiltriITA\" \/>\n<meta property=\"article:modified_time\" content=\"2026-04-01T14:23:50+00:00\" \/>\n<meta name=\"twitter:card\" content=\"summary_large_image\" \/>\n<script type=\"application\/ld+json\" class=\"yoast-schema-graph\">{\"@context\":\"https:\/\/schema.org\",\"@graph\":[{\"@type\":\"WebPage\",\"@id\":\"https:\/\/www.mpfiltri.com\/fr\/product\/fhd\/\",\"url\":\"https:\/\/www.mpfiltri.com\/fr\/product\/fhd\/\",\"name\":\"FHD - MP Filtri\",\"isPartOf\":{\"@id\":\"https:\/\/www.mpfiltri.com\/fr\/#website\"},\"datePublished\":\"2025-06-16T14:42:04+00:00\",\"dateModified\":\"2026-04-01T14:23:50+00:00\",\"breadcrumb\":{\"@id\":\"https:\/\/www.mpfiltri.com\/fr\/product\/fhd\/#breadcrumb\"},\"inLanguage\":\"fr-FR\",\"potentialAction\":[{\"@type\":\"ReadAction\",\"target\":[\"https:\/\/www.mpfiltri.com\/fr\/product\/fhd\/\"]}]},{\"@type\":\"BreadcrumbList\",\"@id\":\"https:\/\/www.mpfiltri.com\/fr\/product\/fhd\/#breadcrumb\",\"itemListElement\":[{\"@type\":\"ListItem\",\"position\":1,\"name\":\"Home\",\"item\":\"https:\/\/www.mpfiltri.com\/fr\/\"},{\"@type\":\"ListItem\",\"position\":2,\"name\":\"Produits\",\"item\":\"https:\/\/www.mpfiltri.com\/fr\/shop\/\"},{\"@type\":\"ListItem\",\"position\":3,\"name\":\"FHD\"}]},{\"@type\":\"WebSite\",\"@id\":\"https:\/\/www.mpfiltri.com\/fr\/#website\",\"url\":\"https:\/\/www.mpfiltri.com\/fr\/\",\"name\":\"MP Filtri\",\"description\":\"\",\"publisher\":{\"@id\":\"https:\/\/www.mpfiltri.com\/fr\/#organization\"},\"potentialAction\":[{\"@type\":\"SearchAction\",\"target\":{\"@type\":\"EntryPoint\",\"urlTemplate\":\"https:\/\/www.mpfiltri.com\/fr\/?s={search_term_string}\"},\"query-input\":{\"@type\":\"PropertyValueSpecification\",\"valueRequired\":true,\"valueName\":\"search_term_string\"}}],\"inLanguage\":\"fr-FR\"},{\"@type\":\"Organization\",\"@id\":\"https:\/\/www.mpfiltri.com\/fr\/#organization\",\"name\":\"MP Filtri\",\"url\":\"https:\/\/www.mpfiltri.com\/fr\/\",\"logo\":{\"@type\":\"ImageObject\",\"inLanguage\":\"fr-FR\",\"@id\":\"https:\/\/www.mpfiltri.com\/fr\/#\/schema\/logo\/image\/\",\"url\":\"\",\"contentUrl\":\"\",\"caption\":\"MP Filtri\"},\"image\":{\"@id\":\"https:\/\/www.mpfiltri.com\/fr\/#\/schema\/logo\/image\/\"},\"sameAs\":[\"https:\/\/www.facebook.com\/MPFiltriITA\",\"https:\/\/www.instagram.com\/mpfiltri\/\",\"https:\/\/www.youtube.com\/channel\/UCCzNMySYc1c4M-2B4v0K_QA?view_as=subscriber\",\"https:\/\/www.linkedin.com\/company\/mp-filtri-spa\/\"]}]}<\/script>\n<!-- \/ Yoast SEO plugin. -->","yoast_head_json":{"title":"FHD - MP Filtri","robots":{"index":"index","follow":"follow","max-snippet":"max-snippet:-1","max-image-preview":"max-image-preview:large","max-video-preview":"max-video-preview:-1"},"canonical":"https:\/\/www.mpfiltri.com\/fr\/product\/fhd\/","og_locale":"fr_FR","og_type":"article","og_title":"FHD - MP Filtri","og_description":"Filtre duplex en ligne haute pression. Pression de service de 350 bar maximum (5076 psi), d\u00e9bit d`huile jusqu`\u00e0 345 l\/min (91 gpm), raccordements taraud\u00e9s de G 1\/2&#8243; \u00e0 G 1&#8243;1\/4 BSP\/NPT\/SAE et raccordements \u00e0 brides en 1&#8243; 1\/2. Filtre haute pression montage en ligne avec une large gamme de m\u00e9dias filtrants. Con\u00e7u pour permettre le [&hellip;]","og_url":"https:\/\/www.mpfiltri.com\/fr\/product\/fhd\/","og_site_name":"MP Filtri","article_publisher":"https:\/\/www.facebook.com\/MPFiltriITA","article_modified_time":"2026-04-01T14:23:50+00:00","twitter_card":"summary_large_image","schema":{"@context":"https:\/\/schema.org","@graph":[{"@type":"WebPage","@id":"https:\/\/www.mpfiltri.com\/fr\/product\/fhd\/","url":"https:\/\/www.mpfiltri.com\/fr\/product\/fhd\/","name":"FHD - MP Filtri","isPartOf":{"@id":"https:\/\/www.mpfiltri.com\/fr\/#website"},"datePublished":"2025-06-16T14:42:04+00:00","dateModified":"2026-04-01T14:23:50+00:00","breadcrumb":{"@id":"https:\/\/www.mpfiltri.com\/fr\/product\/fhd\/#breadcrumb"},"inLanguage":"fr-FR","potentialAction":[{"@type":"ReadAction","target":["https:\/\/www.mpfiltri.com\/fr\/product\/fhd\/"]}]},{"@type":"BreadcrumbList","@id":"https:\/\/www.mpfiltri.com\/fr\/product\/fhd\/#breadcrumb","itemListElement":[{"@type":"ListItem","position":1,"name":"Home","item":"https:\/\/www.mpfiltri.com\/fr\/"},{"@type":"ListItem","position":2,"name":"Produits","item":"https:\/\/www.mpfiltri.com\/fr\/shop\/"},{"@type":"ListItem","position":3,"name":"FHD"}]},{"@type":"WebSite","@id":"https:\/\/www.mpfiltri.com\/fr\/#website","url":"https:\/\/www.mpfiltri.com\/fr\/","name":"MP Filtri","description":"","publisher":{"@id":"https:\/\/www.mpfiltri.com\/fr\/#organization"},"potentialAction":[{"@type":"SearchAction","target":{"@type":"EntryPoint","urlTemplate":"https:\/\/www.mpfiltri.com\/fr\/?s={search_term_string}"},"query-input":{"@type":"PropertyValueSpecification","valueRequired":true,"valueName":"search_term_string"}}],"inLanguage":"fr-FR"},{"@type":"Organization","@id":"https:\/\/www.mpfiltri.com\/fr\/#organization","name":"MP Filtri","url":"https:\/\/www.mpfiltri.com\/fr\/","logo":{"@type":"ImageObject","inLanguage":"fr-FR","@id":"https:\/\/www.mpfiltri.com\/fr\/#\/schema\/logo\/image\/","url":"","contentUrl":"","caption":"MP Filtri"},"image":{"@id":"https:\/\/www.mpfiltri.com\/fr\/#\/schema\/logo\/image\/"},"sameAs":["https:\/\/www.facebook.com\/MPFiltriITA","https:\/\/www.instagram.com\/mpfiltri\/","https:\/\/www.youtube.com\/channel\/UCCzNMySYc1c4M-2B4v0K_QA?view_as=subscriber","https:\/\/www.linkedin.com\/company\/mp-filtri-spa\/"]}]}},"_links":{"self":[{"href":"https:\/\/www.mpfiltri.com\/fr\/wp-json\/wp\/v2\/product\/78056","targetHints":{"allow":["GET"]}}],"collection":[{"href":"https:\/\/www.mpfiltri.com\/fr\/wp-json\/wp\/v2\/product"}],"about":[{"href":"https:\/\/www.mpfiltri.com\/fr\/wp-json\/wp\/v2\/types\/product"}],"replies":[{"embeddable":true,"href":"https:\/\/www.mpfiltri.com\/fr\/wp-json\/wp\/v2\/comments?post=78056"}],"wp:attachment":[{"href":"https:\/\/www.mpfiltri.com\/fr\/wp-json\/wp\/v2\/media?parent=78056"}],"wp:term":[{"taxonomy":"product-structure","embeddable":true,"href":"https:\/\/www.mpfiltri.com\/fr\/wp-json\/wp\/v2\/product-structure?post=78056"},{"taxonomy":"product_brand","embeddable":true,"href":"https:\/\/www.mpfiltri.com\/fr\/wp-json\/wp\/v2\/product_brand?post=78056"},{"taxonomy":"product_cat","embeddable":true,"href":"https:\/\/www.mpfiltri.com\/fr\/wp-json\/wp\/v2\/product_cat?post=78056"},{"taxonomy":"product_tag","embeddable":true,"href":"https:\/\/www.mpfiltri.com\/fr\/wp-json\/wp\/v2\/product_tag?post=78056"}],"curies":[{"name":"wp","href":"https:\/\/api.w.org\/{rel}","templated":true}]}}