

{"id":78049,"date":"2025-06-16T16:40:42","date_gmt":"2025-06-16T14:40:42","guid":{"rendered":"https:\/\/www.mpfiltri.com\/product\/produit-3\/"},"modified":"2026-04-10T11:53:06","modified_gmt":"2026-04-10T09:53:06","slug":"ldp","status":"publish","type":"product","link":"https:\/\/www.mpfiltri.com\/fr\/product\/ldp\/","title":{"rendered":"LDP"},"content":{"rendered":"<p>Filtre simple en ligne avec \u00e9l\u00e9ments filtrants conformes \u00e0 la norme DIN 24550. Pression de service jusqu&#8217;\u00e0 60 bar (870 psi), d\u00e9bit jusqu&#8217;\u00e0 360 l\/min (95 gpm), raccords filet\u00e9s 1&#8243; \u00e0 1 1\/2&#8243; BSP\/NPT\/SAE et \u00e0 brides 1 5\/16&#8243; \u00e0 1 7\/8&#8243; SAE 3000 PSI .<\/p>\n<p>Filtre en ligne avec une large gamme de mat\u00e9riaux d&#8217;\u00e9l\u00e9ments filtrants conform\u00e9ment \u00e0 la norme DIN 24550. Option d&#8217;\u00e9l\u00e9ment filtrant disponible pour l&#8217;\u00e9limination de l&#8217;eau.<\/p>\n<\/p>\n<p>Voir le tableau correspondant pour la compatibilit\u00e9 des fluides.<\/p>\n","protected":false},"excerpt":{"rendered":"<p>Filtre simple en ligne avec \u00e9l\u00e9ments filtrants conformes \u00e0 la norme DIN 24550. Pression de service jusqu&#8217;\u00e0 60 bar (870 psi), d\u00e9bit jusqu&#8217;\u00e0 360 l\/min (95 gpm), raccords filet\u00e9s 1&#8243; \u00e0 1 1\/2&#8243; BSP\/NPT\/SAE et \u00e0 brides 1 5\/16&#8243; \u00e0 1 7\/8&#8243; SAE 3000 PSI . Filtre en ligne avec une large gamme de mat\u00e9riaux [&hellip;]<\/p>\n","protected":false},"featured_media":0,"comment_status":"open","ping_status":"closed","template":"","meta":{"_acf_changed":false,"_gspb_post_css":"","inline_featured_image":false,"_genesis_hide_title":false,"_genesis_hide_breadcrumbs":false,"_genesis_hide_singular_image":false,"_genesis_hide_footer_widgets":false,"_genesis_custom_body_class":"","_genesis_custom_post_class":"","_genesis_layout":"","_links_to":"","_links_to_target":""},"product-structure":[],"product_brand":[],"product_cat":[13235,13229,13283,13242,13249,13289],"product_tag":[],"class_list":{"0":"post-78049","1":"product","2":"type-product","3":"status-publish","5":"product_cat-chimie-petrole-gaz","6":"product_cat-equipement-industriel","7":"product_cat-lubrification-et-flushing-des-machines-hors-ligne","8":"product_cat-metallurgie","9":"product_cat-production-denergie","10":"product_cat-systemes-oleodynamiques","11":"entry","13":"first","14":"instock","15":"shipping-taxable","16":"product-type-simple"},"acf":[],"yoast_head":"<!-- This site is optimized with the Yoast SEO plugin v27.2 - https:\/\/yoast.com\/product\/yoast-seo-wordpress\/ -->\n<title>Filtre hydraulique en ligne LDP | Filtre basse pression<\/title>\n<meta name=\"description\" content=\"D\u00e9couvrez le filtre hydraulique en ligne LDP MP Filtri, con\u00e7u pour assurer une filtration efficace dans les syst\u00e8mes hydrauliques basse pression.\" \/>\n<meta name=\"robots\" content=\"index, follow, max-snippet:-1, max-image-preview:large, max-video-preview:-1\" \/>\n<link rel=\"canonical\" href=\"https:\/\/www.mpfiltri.com\/fr\/product\/ldp\/\" \/>\n<meta property=\"og:locale\" content=\"fr_FR\" \/>\n<meta property=\"og:type\" content=\"article\" \/>\n<meta property=\"og:title\" content=\"Filtre hydraulique en ligne LDP | Filtre basse pression\" \/>\n<meta property=\"og:description\" content=\"D\u00e9couvrez le filtre hydraulique en ligne LDP MP Filtri, con\u00e7u pour assurer une filtration efficace dans les syst\u00e8mes hydrauliques basse pression.\" \/>\n<meta property=\"og:url\" content=\"https:\/\/www.mpfiltri.com\/fr\/product\/ldp\/\" \/>\n<meta property=\"og:site_name\" content=\"MP Filtri\" \/>\n<meta property=\"article:publisher\" content=\"https:\/\/www.facebook.com\/MPFiltriITA\" \/>\n<meta property=\"article:modified_time\" content=\"2026-04-10T09:53:06+00:00\" \/>\n<meta name=\"twitter:card\" content=\"summary_large_image\" \/>\n<meta name=\"twitter:label1\" content=\"Dur\u00e9e de lecture estim\u00e9e\" \/>\n\t<meta name=\"twitter:data1\" content=\"1 minute\" \/>\n<script type=\"application\/ld+json\" class=\"yoast-schema-graph\">{\"@context\":\"https:\/\/schema.org\",\"@graph\":[{\"@type\":\"WebPage\",\"@id\":\"https:\/\/www.mpfiltri.com\/fr\/product\/ldp\/\",\"url\":\"https:\/\/www.mpfiltri.com\/fr\/product\/ldp\/\",\"name\":\"Filtre hydraulique en ligne LDP | Filtre basse pression\",\"isPartOf\":{\"@id\":\"https:\/\/www.mpfiltri.com\/fr\/#website\"},\"datePublished\":\"2025-06-16T14:40:42+00:00\",\"dateModified\":\"2026-04-10T09:53:06+00:00\",\"description\":\"D\u00e9couvrez le filtre hydraulique en ligne LDP MP Filtri, con\u00e7u pour assurer une filtration efficace dans les syst\u00e8mes hydrauliques basse pression.\",\"breadcrumb\":{\"@id\":\"https:\/\/www.mpfiltri.com\/fr\/product\/ldp\/#breadcrumb\"},\"inLanguage\":\"fr-FR\",\"potentialAction\":[{\"@type\":\"ReadAction\",\"target\":[\"https:\/\/www.mpfiltri.com\/fr\/product\/ldp\/\"]}]},{\"@type\":\"BreadcrumbList\",\"@id\":\"https:\/\/www.mpfiltri.com\/fr\/product\/ldp\/#breadcrumb\",\"itemListElement\":[{\"@type\":\"ListItem\",\"position\":1,\"name\":\"Home\",\"item\":\"https:\/\/www.mpfiltri.com\/fr\/\"},{\"@type\":\"ListItem\",\"position\":2,\"name\":\"Produits\",\"item\":\"https:\/\/www.mpfiltri.com\/fr\/shop\/\"},{\"@type\":\"ListItem\",\"position\":3,\"name\":\"LDP\"}]},{\"@type\":\"WebSite\",\"@id\":\"https:\/\/www.mpfiltri.com\/fr\/#website\",\"url\":\"https:\/\/www.mpfiltri.com\/fr\/\",\"name\":\"MP Filtri\",\"description\":\"\",\"publisher\":{\"@id\":\"https:\/\/www.mpfiltri.com\/fr\/#organization\"},\"potentialAction\":[{\"@type\":\"SearchAction\",\"target\":{\"@type\":\"EntryPoint\",\"urlTemplate\":\"https:\/\/www.mpfiltri.com\/fr\/?s={search_term_string}\"},\"query-input\":{\"@type\":\"PropertyValueSpecification\",\"valueRequired\":true,\"valueName\":\"search_term_string\"}}],\"inLanguage\":\"fr-FR\"},{\"@type\":\"Organization\",\"@id\":\"https:\/\/www.mpfiltri.com\/fr\/#organization\",\"name\":\"MP Filtri\",\"url\":\"https:\/\/www.mpfiltri.com\/fr\/\",\"logo\":{\"@type\":\"ImageObject\",\"inLanguage\":\"fr-FR\",\"@id\":\"https:\/\/www.mpfiltri.com\/fr\/#\/schema\/logo\/image\/\",\"url\":\"\",\"contentUrl\":\"\",\"caption\":\"MP Filtri\"},\"image\":{\"@id\":\"https:\/\/www.mpfiltri.com\/fr\/#\/schema\/logo\/image\/\"},\"sameAs\":[\"https:\/\/www.facebook.com\/MPFiltriITA\",\"https:\/\/www.instagram.com\/mpfiltri\/\",\"https:\/\/www.youtube.com\/channel\/UCCzNMySYc1c4M-2B4v0K_QA?view_as=subscriber\",\"https:\/\/www.linkedin.com\/company\/mp-filtri-spa\/\"]}]}<\/script>\n<!-- \/ Yoast SEO plugin. -->","yoast_head_json":{"title":"Filtre hydraulique en ligne LDP | Filtre basse pression","description":"D\u00e9couvrez le filtre hydraulique en ligne LDP MP Filtri, con\u00e7u pour assurer une filtration efficace dans les syst\u00e8mes hydrauliques basse pression.","robots":{"index":"index","follow":"follow","max-snippet":"max-snippet:-1","max-image-preview":"max-image-preview:large","max-video-preview":"max-video-preview:-1"},"canonical":"https:\/\/www.mpfiltri.com\/fr\/product\/ldp\/","og_locale":"fr_FR","og_type":"article","og_title":"Filtre hydraulique en ligne LDP | Filtre basse pression","og_description":"D\u00e9couvrez le filtre hydraulique en ligne LDP MP Filtri, con\u00e7u pour assurer une filtration efficace dans les syst\u00e8mes hydrauliques basse pression.","og_url":"https:\/\/www.mpfiltri.com\/fr\/product\/ldp\/","og_site_name":"MP Filtri","article_publisher":"https:\/\/www.facebook.com\/MPFiltriITA","article_modified_time":"2026-04-10T09:53:06+00:00","twitter_card":"summary_large_image","twitter_misc":{"Dur\u00e9e de lecture estim\u00e9e":"1 minute"},"schema":{"@context":"https:\/\/schema.org","@graph":[{"@type":"WebPage","@id":"https:\/\/www.mpfiltri.com\/fr\/product\/ldp\/","url":"https:\/\/www.mpfiltri.com\/fr\/product\/ldp\/","name":"Filtre hydraulique en ligne LDP | Filtre basse pression","isPartOf":{"@id":"https:\/\/www.mpfiltri.com\/fr\/#website"},"datePublished":"2025-06-16T14:40:42+00:00","dateModified":"2026-04-10T09:53:06+00:00","description":"D\u00e9couvrez le filtre hydraulique en ligne LDP MP Filtri, con\u00e7u pour assurer une filtration efficace dans les syst\u00e8mes hydrauliques basse pression.","breadcrumb":{"@id":"https:\/\/www.mpfiltri.com\/fr\/product\/ldp\/#breadcrumb"},"inLanguage":"fr-FR","potentialAction":[{"@type":"ReadAction","target":["https:\/\/www.mpfiltri.com\/fr\/product\/ldp\/"]}]},{"@type":"BreadcrumbList","@id":"https:\/\/www.mpfiltri.com\/fr\/product\/ldp\/#breadcrumb","itemListElement":[{"@type":"ListItem","position":1,"name":"Home","item":"https:\/\/www.mpfiltri.com\/fr\/"},{"@type":"ListItem","position":2,"name":"Produits","item":"https:\/\/www.mpfiltri.com\/fr\/shop\/"},{"@type":"ListItem","position":3,"name":"LDP"}]},{"@type":"WebSite","@id":"https:\/\/www.mpfiltri.com\/fr\/#website","url":"https:\/\/www.mpfiltri.com\/fr\/","name":"MP Filtri","description":"","publisher":{"@id":"https:\/\/www.mpfiltri.com\/fr\/#organization"},"potentialAction":[{"@type":"SearchAction","target":{"@type":"EntryPoint","urlTemplate":"https:\/\/www.mpfiltri.com\/fr\/?s={search_term_string}"},"query-input":{"@type":"PropertyValueSpecification","valueRequired":true,"valueName":"search_term_string"}}],"inLanguage":"fr-FR"},{"@type":"Organization","@id":"https:\/\/www.mpfiltri.com\/fr\/#organization","name":"MP Filtri","url":"https:\/\/www.mpfiltri.com\/fr\/","logo":{"@type":"ImageObject","inLanguage":"fr-FR","@id":"https:\/\/www.mpfiltri.com\/fr\/#\/schema\/logo\/image\/","url":"","contentUrl":"","caption":"MP Filtri"},"image":{"@id":"https:\/\/www.mpfiltri.com\/fr\/#\/schema\/logo\/image\/"},"sameAs":["https:\/\/www.facebook.com\/MPFiltriITA","https:\/\/www.instagram.com\/mpfiltri\/","https:\/\/www.youtube.com\/channel\/UCCzNMySYc1c4M-2B4v0K_QA?view_as=subscriber","https:\/\/www.linkedin.com\/company\/mp-filtri-spa\/"]}]}},"_links":{"self":[{"href":"https:\/\/www.mpfiltri.com\/fr\/wp-json\/wp\/v2\/product\/78049","targetHints":{"allow":["GET"]}}],"collection":[{"href":"https:\/\/www.mpfiltri.com\/fr\/wp-json\/wp\/v2\/product"}],"about":[{"href":"https:\/\/www.mpfiltri.com\/fr\/wp-json\/wp\/v2\/types\/product"}],"replies":[{"embeddable":true,"href":"https:\/\/www.mpfiltri.com\/fr\/wp-json\/wp\/v2\/comments?post=78049"}],"wp:attachment":[{"href":"https:\/\/www.mpfiltri.com\/fr\/wp-json\/wp\/v2\/media?parent=78049"}],"wp:term":[{"taxonomy":"product-structure","embeddable":true,"href":"https:\/\/www.mpfiltri.com\/fr\/wp-json\/wp\/v2\/product-structure?post=78049"},{"taxonomy":"product_brand","embeddable":true,"href":"https:\/\/www.mpfiltri.com\/fr\/wp-json\/wp\/v2\/product_brand?post=78049"},{"taxonomy":"product_cat","embeddable":true,"href":"https:\/\/www.mpfiltri.com\/fr\/wp-json\/wp\/v2\/product_cat?post=78049"},{"taxonomy":"product_tag","embeddable":true,"href":"https:\/\/www.mpfiltri.com\/fr\/wp-json\/wp\/v2\/product_tag?post=78049"}],"curies":[{"name":"wp","href":"https:\/\/api.w.org\/{rel}","templated":true}]}}