

{"id":78041,"date":"2025-06-17T16:58:58","date_gmt":"2025-06-17T14:58:58","guid":{"rendered":"https:\/\/www.mpfiltri.com\/product\/produit-3\/"},"modified":"2026-04-10T14:45:29","modified_gmt":"2026-04-10T12:45:29","slug":"bs110-bs500","status":"publish","type":"product","link":"https:\/\/www.mpfiltri.com\/fr\/product\/bs110-bs500\/","title":{"rendered":"BS110 &amp; BS500"},"content":{"rendered":"<p>Les unit\u00e9s d`\u00e9chantillonnage 110 et 500 ml conviennent aux applications en laboratoire ou lorsque la mesure directe sur le syt\u00e8me est impossible ou peu pratique. Ces unit\u00e9s int\u00e8grent \u00e9galement une fonction pour d\u00e9sa\u00e9rer le fluide.<\/p>\n<p>\u2022 Capacit\u00e9 de d\u00e9sa\u00e9ration de fluide.<\/p>\n<p>\u2022 Compatible avec tous les produits portables de surveillance de la contamination MP Filtri<\/p>\n<p>\u2022 Esth\u00e9tique de laboratoire robuste<\/p>\n<p>\u2022 Chambre de bouteille transparente pour indication visuelle<\/p>\n<p>\u2022 BS110 : con\u00e7u sp\u00e9cifiquement pour les tests portables sur site, fourni avec une pompe \u00e0 main<\/p>\n<p>pour l&#8217;\u00e9chantillonnage du r\u00e9servoir<\/p>\n<p>\u2022 BS500 : con\u00e7u pour les applications de laboratoire, capable d&#8217;\u00e9chantillonner de grands volumes et\/ou<\/p>\n<p>des fluides \u00e0 faible viscosit\u00e9, y compris le carburant diesel<\/p>\n<p>\u2022 Kit d&#8217;accessoires complet inclus<\/p>\n<p>\u2022 Mallette de transport incluse (BS110)<\/p>\n","protected":false},"excerpt":{"rendered":"<p>Les unit\u00e9s d`\u00e9chantillonnage 110 et 500 ml conviennent aux applications en laboratoire ou lorsque la mesure directe sur le syt\u00e8me est impossible ou peu pratique. Ces unit\u00e9s int\u00e8grent \u00e9galement une fonction pour d\u00e9sa\u00e9rer le fluide. \u2022 Capacit\u00e9 de d\u00e9sa\u00e9ration de fluide. \u2022 Compatible avec tous les produits portables de surveillance de la contamination MP Filtri [&hellip;]<\/p>\n","protected":false},"featured_media":0,"comment_status":"open","ping_status":"closed","template":"","meta":{"_acf_changed":false,"_gspb_post_css":"","inline_featured_image":false,"_genesis_hide_title":false,"_genesis_hide_breadcrumbs":false,"_genesis_hide_singular_image":false,"_genesis_hide_footer_widgets":false,"_genesis_custom_body_class":"","_genesis_custom_post_class":"","_genesis_layout":"","_links_to":"","_links_to_target":""},"product-structure":[],"product_brand":[],"product_cat":[13160,13188,13235,13256,13229,13195,13209,13283,13277,13125,13202,13242,13249,13289,13263,13270,13216,13223],"product_tag":[],"class_list":{"0":"post-78041","1":"product","2":"type-product","3":"status-publish","5":"product_cat-agricole-forestier","6":"product_cat-applications","7":"product_cat-chimie-petrole-gaz","8":"product_cat-emballages-et-agroalimentaire","9":"product_cat-equipement-industriel","10":"product_cat-equipement-mobile","11":"product_cat-industrie-miniere","12":"product_cat-lubrification-et-flushing-des-machines-hors-ligne","13":"product_cat-machines-a-former","14":"product_cat-machines-pour-construction","15":"product_cat-manipulation-des-materiaux","16":"product_cat-metallurgie","17":"product_cat-production-denergie","18":"product_cat-systemes-oleodynamiques","19":"product_cat-textile-bois-pates-et-papier","20":"product_cat-traitement-des-dechets","21":"product_cat-vehicules-aeronautiques-et-marines","22":"product_cat-vehicules-utilitaires","23":"entry","25":"first","26":"instock","27":"shipping-taxable","28":"product-type-simple"},"acf":[],"yoast_head":"<!-- This site is optimized with the Yoast SEO plugin v27.2 - https:\/\/yoast.com\/product\/yoast-seo-wordpress\/ -->\n<title>Appareil de mesure de la contamination BS110-BS500 | Analyse fluides<\/title>\n<meta name=\"description\" content=\"D\u00e9couvrez les appareils BS110-BS500 MP Filtri pour la mesure de la contamination des fluides hydrauliques, con\u00e7us pour des analyses fiables et conformes aux normes ISO filtration.\" \/>\n<meta name=\"robots\" content=\"index, follow, max-snippet:-1, max-image-preview:large, max-video-preview:-1\" \/>\n<link rel=\"canonical\" href=\"https:\/\/www.mpfiltri.com\/fr\/product\/bs110-bs500\/\" \/>\n<meta property=\"og:locale\" content=\"fr_FR\" \/>\n<meta property=\"og:type\" content=\"article\" \/>\n<meta property=\"og:title\" content=\"Appareil de mesure de la contamination BS110-BS500 | Analyse fluides\" \/>\n<meta property=\"og:description\" content=\"D\u00e9couvrez les appareils BS110-BS500 MP Filtri pour la mesure de la contamination des fluides hydrauliques, con\u00e7us pour des analyses fiables et conformes aux normes ISO filtration.\" \/>\n<meta property=\"og:url\" content=\"https:\/\/www.mpfiltri.com\/fr\/product\/bs110-bs500\/\" \/>\n<meta property=\"og:site_name\" content=\"MP Filtri\" \/>\n<meta property=\"article:publisher\" content=\"https:\/\/www.facebook.com\/MPFiltriITA\" \/>\n<meta property=\"article:modified_time\" content=\"2026-04-10T12:45:29+00:00\" \/>\n<meta name=\"twitter:card\" content=\"summary_large_image\" \/>\n<meta name=\"twitter:label1\" content=\"Dur\u00e9e de lecture estim\u00e9e\" \/>\n\t<meta name=\"twitter:data1\" content=\"2 minutes\" \/>\n<script type=\"application\/ld+json\" class=\"yoast-schema-graph\">{\"@context\":\"https:\/\/schema.org\",\"@graph\":[{\"@type\":\"WebPage\",\"@id\":\"https:\/\/www.mpfiltri.com\/fr\/product\/bs110-bs500\/\",\"url\":\"https:\/\/www.mpfiltri.com\/fr\/product\/bs110-bs500\/\",\"name\":\"Appareil de mesure de la contamination BS110-BS500 | Analyse fluides\",\"isPartOf\":{\"@id\":\"https:\/\/www.mpfiltri.com\/fr\/#website\"},\"datePublished\":\"2025-06-17T14:58:58+00:00\",\"dateModified\":\"2026-04-10T12:45:29+00:00\",\"description\":\"D\u00e9couvrez les appareils BS110-BS500 MP Filtri pour la mesure de la contamination des fluides hydrauliques, con\u00e7us pour des analyses fiables et conformes aux normes ISO filtration.\",\"breadcrumb\":{\"@id\":\"https:\/\/www.mpfiltri.com\/fr\/product\/bs110-bs500\/#breadcrumb\"},\"inLanguage\":\"fr-FR\",\"potentialAction\":[{\"@type\":\"ReadAction\",\"target\":[\"https:\/\/www.mpfiltri.com\/fr\/product\/bs110-bs500\/\"]}]},{\"@type\":\"BreadcrumbList\",\"@id\":\"https:\/\/www.mpfiltri.com\/fr\/product\/bs110-bs500\/#breadcrumb\",\"itemListElement\":[{\"@type\":\"ListItem\",\"position\":1,\"name\":\"Home\",\"item\":\"https:\/\/www.mpfiltri.com\/fr\/\"},{\"@type\":\"ListItem\",\"position\":2,\"name\":\"Produits\",\"item\":\"https:\/\/www.mpfiltri.com\/fr\/shop\/\"},{\"@type\":\"ListItem\",\"position\":3,\"name\":\"BS110 &amp; BS500\"}]},{\"@type\":\"WebSite\",\"@id\":\"https:\/\/www.mpfiltri.com\/fr\/#website\",\"url\":\"https:\/\/www.mpfiltri.com\/fr\/\",\"name\":\"MP Filtri\",\"description\":\"\",\"publisher\":{\"@id\":\"https:\/\/www.mpfiltri.com\/fr\/#organization\"},\"potentialAction\":[{\"@type\":\"SearchAction\",\"target\":{\"@type\":\"EntryPoint\",\"urlTemplate\":\"https:\/\/www.mpfiltri.com\/fr\/?s={search_term_string}\"},\"query-input\":{\"@type\":\"PropertyValueSpecification\",\"valueRequired\":true,\"valueName\":\"search_term_string\"}}],\"inLanguage\":\"fr-FR\"},{\"@type\":\"Organization\",\"@id\":\"https:\/\/www.mpfiltri.com\/fr\/#organization\",\"name\":\"MP Filtri\",\"url\":\"https:\/\/www.mpfiltri.com\/fr\/\",\"logo\":{\"@type\":\"ImageObject\",\"inLanguage\":\"fr-FR\",\"@id\":\"https:\/\/www.mpfiltri.com\/fr\/#\/schema\/logo\/image\/\",\"url\":\"\",\"contentUrl\":\"\",\"caption\":\"MP Filtri\"},\"image\":{\"@id\":\"https:\/\/www.mpfiltri.com\/fr\/#\/schema\/logo\/image\/\"},\"sameAs\":[\"https:\/\/www.facebook.com\/MPFiltriITA\",\"https:\/\/www.instagram.com\/mpfiltri\/\",\"https:\/\/www.youtube.com\/channel\/UCCzNMySYc1c4M-2B4v0K_QA?view_as=subscriber\",\"https:\/\/www.linkedin.com\/company\/mp-filtri-spa\/\"]}]}<\/script>\n<!-- \/ Yoast SEO plugin. -->","yoast_head_json":{"title":"Appareil de mesure de la contamination BS110-BS500 | Analyse fluides","description":"D\u00e9couvrez les appareils BS110-BS500 MP Filtri pour la mesure de la contamination des fluides hydrauliques, con\u00e7us pour des analyses fiables et conformes aux normes ISO filtration.","robots":{"index":"index","follow":"follow","max-snippet":"max-snippet:-1","max-image-preview":"max-image-preview:large","max-video-preview":"max-video-preview:-1"},"canonical":"https:\/\/www.mpfiltri.com\/fr\/product\/bs110-bs500\/","og_locale":"fr_FR","og_type":"article","og_title":"Appareil de mesure de la contamination BS110-BS500 | Analyse fluides","og_description":"D\u00e9couvrez les appareils BS110-BS500 MP Filtri pour la mesure de la contamination des fluides hydrauliques, con\u00e7us pour des analyses fiables et conformes aux normes ISO filtration.","og_url":"https:\/\/www.mpfiltri.com\/fr\/product\/bs110-bs500\/","og_site_name":"MP Filtri","article_publisher":"https:\/\/www.facebook.com\/MPFiltriITA","article_modified_time":"2026-04-10T12:45:29+00:00","twitter_card":"summary_large_image","twitter_misc":{"Dur\u00e9e de lecture estim\u00e9e":"2 minutes"},"schema":{"@context":"https:\/\/schema.org","@graph":[{"@type":"WebPage","@id":"https:\/\/www.mpfiltri.com\/fr\/product\/bs110-bs500\/","url":"https:\/\/www.mpfiltri.com\/fr\/product\/bs110-bs500\/","name":"Appareil de mesure de la contamination BS110-BS500 | Analyse fluides","isPartOf":{"@id":"https:\/\/www.mpfiltri.com\/fr\/#website"},"datePublished":"2025-06-17T14:58:58+00:00","dateModified":"2026-04-10T12:45:29+00:00","description":"D\u00e9couvrez les appareils BS110-BS500 MP Filtri pour la mesure de la contamination des fluides hydrauliques, con\u00e7us pour des analyses fiables et conformes aux normes ISO filtration.","breadcrumb":{"@id":"https:\/\/www.mpfiltri.com\/fr\/product\/bs110-bs500\/#breadcrumb"},"inLanguage":"fr-FR","potentialAction":[{"@type":"ReadAction","target":["https:\/\/www.mpfiltri.com\/fr\/product\/bs110-bs500\/"]}]},{"@type":"BreadcrumbList","@id":"https:\/\/www.mpfiltri.com\/fr\/product\/bs110-bs500\/#breadcrumb","itemListElement":[{"@type":"ListItem","position":1,"name":"Home","item":"https:\/\/www.mpfiltri.com\/fr\/"},{"@type":"ListItem","position":2,"name":"Produits","item":"https:\/\/www.mpfiltri.com\/fr\/shop\/"},{"@type":"ListItem","position":3,"name":"BS110 &amp; BS500"}]},{"@type":"WebSite","@id":"https:\/\/www.mpfiltri.com\/fr\/#website","url":"https:\/\/www.mpfiltri.com\/fr\/","name":"MP Filtri","description":"","publisher":{"@id":"https:\/\/www.mpfiltri.com\/fr\/#organization"},"potentialAction":[{"@type":"SearchAction","target":{"@type":"EntryPoint","urlTemplate":"https:\/\/www.mpfiltri.com\/fr\/?s={search_term_string}"},"query-input":{"@type":"PropertyValueSpecification","valueRequired":true,"valueName":"search_term_string"}}],"inLanguage":"fr-FR"},{"@type":"Organization","@id":"https:\/\/www.mpfiltri.com\/fr\/#organization","name":"MP Filtri","url":"https:\/\/www.mpfiltri.com\/fr\/","logo":{"@type":"ImageObject","inLanguage":"fr-FR","@id":"https:\/\/www.mpfiltri.com\/fr\/#\/schema\/logo\/image\/","url":"","contentUrl":"","caption":"MP Filtri"},"image":{"@id":"https:\/\/www.mpfiltri.com\/fr\/#\/schema\/logo\/image\/"},"sameAs":["https:\/\/www.facebook.com\/MPFiltriITA","https:\/\/www.instagram.com\/mpfiltri\/","https:\/\/www.youtube.com\/channel\/UCCzNMySYc1c4M-2B4v0K_QA?view_as=subscriber","https:\/\/www.linkedin.com\/company\/mp-filtri-spa\/"]}]}},"_links":{"self":[{"href":"https:\/\/www.mpfiltri.com\/fr\/wp-json\/wp\/v2\/product\/78041","targetHints":{"allow":["GET"]}}],"collection":[{"href":"https:\/\/www.mpfiltri.com\/fr\/wp-json\/wp\/v2\/product"}],"about":[{"href":"https:\/\/www.mpfiltri.com\/fr\/wp-json\/wp\/v2\/types\/product"}],"replies":[{"embeddable":true,"href":"https:\/\/www.mpfiltri.com\/fr\/wp-json\/wp\/v2\/comments?post=78041"}],"wp:attachment":[{"href":"https:\/\/www.mpfiltri.com\/fr\/wp-json\/wp\/v2\/media?parent=78041"}],"wp:term":[{"taxonomy":"product-structure","embeddable":true,"href":"https:\/\/www.mpfiltri.com\/fr\/wp-json\/wp\/v2\/product-structure?post=78041"},{"taxonomy":"product_brand","embeddable":true,"href":"https:\/\/www.mpfiltri.com\/fr\/wp-json\/wp\/v2\/product_brand?post=78041"},{"taxonomy":"product_cat","embeddable":true,"href":"https:\/\/www.mpfiltri.com\/fr\/wp-json\/wp\/v2\/product_cat?post=78041"},{"taxonomy":"product_tag","embeddable":true,"href":"https:\/\/www.mpfiltri.com\/fr\/wp-json\/wp\/v2\/product_tag?post=78041"}],"curies":[{"name":"wp","href":"https:\/\/api.w.org\/{rel}","templated":true}]}}