

{"id":78021,"date":"2025-06-16T16:42:13","date_gmt":"2025-06-16T14:42:13","guid":{"rendered":"https:\/\/www.mpfiltri.com\/product\/produit-3\/"},"modified":"2026-04-15T12:20:04","modified_gmt":"2026-04-15T10:20:04","slug":"fric","status":"publish","type":"product","link":"https:\/\/www.mpfiltri.com\/fr\/product\/fric\/","title":{"rendered":"FRIC"},"content":{"rendered":"<p>Filtre retour en ligne ou montage en sommet de r\u00e9servoir avec filtration de l<code>ext\u00e9rieur vers l'<\/code>int\u00e9rieur. Pression <code>de service jusqu<\/code>&#8216;\u00e0 20 bar (<code>290 psi), d\u00e9bit d`huile jusqu<\/code>&#8216;\u00e0 1500 l\/min (397 gpm), raccordements taraud\u00e9s de G 1\/2&#8220; \u00e0 G 2&#8243; 1\/2 BSP\/NPT, et raccordements <code>brides SAE jusqu<\/code>&#8216;`\u00e0 3&#8243; 1\/2.  <\/p>\n<p>Un des premier filtres con\u00e7us par MP Filtri. Filtre de retour pour applications industrielles s\u00e9v\u00e9res avec une pression de travail jusqu\u2019\u00e0 20 bar pouvant \u00eatre mont\u00e9 en sommet du r\u00e9servoir ou en ligne.<\/p>\n<p>Voir le <a target=\"_blank\" rel=\"noopener noreferrer\" href=\"https:\/\/www.mpfiltri.com\/fr\/ressources\/knowledge-center\/connaitre-la-filtration-hydraulique\/tableau-de-comptibilite-des-fluides\/\">tableau<\/a> correspondant pour la compatibilit\u00e9 des fluides.<\/p>\n","protected":false},"excerpt":{"rendered":"<p>Filtre retour en ligne ou montage en sommet de r\u00e9servoir avec filtration de lext\u00e9rieur vers l&#8217;int\u00e9rieur. Pression de service jusqu&#8216;\u00e0 20 bar (290 psi), d\u00e9bit d`huile jusqu&#8216;\u00e0 1500 l\/min (397 gpm), raccordements taraud\u00e9s de G 1\/2&#8220; \u00e0 G 2&#8243; 1\/2 BSP\/NPT, et raccordements brides SAE jusqu&#8216;`\u00e0 3&#8243; 1\/2. Un des premier filtres con\u00e7us par MP [&hellip;]<\/p>\n","protected":false},"featured_media":0,"comment_status":"open","ping_status":"closed","template":"","meta":{"_acf_changed":false,"_gspb_post_css":"","inline_featured_image":false,"_genesis_hide_title":false,"_genesis_hide_breadcrumbs":false,"_genesis_hide_singular_image":false,"_genesis_hide_footer_widgets":false,"_genesis_custom_body_class":"","_genesis_custom_post_class":"","_genesis_layout":"","_links_to":"","_links_to_target":""},"product-structure":[62],"product_brand":[],"product_cat":[13188,13256,13229,13277,13242,13249,13289,13263,13270],"product_tag":[],"class_list":{"0":"post-78021","1":"product","2":"type-product","3":"status-publish","5":"product-structure-series","6":"product_cat-applications","7":"product_cat-emballages-et-agroalimentaire","8":"product_cat-equipement-industriel","9":"product_cat-machines-a-former","10":"product_cat-metallurgie","11":"product_cat-production-denergie","12":"product_cat-systemes-oleodynamiques","13":"product_cat-textile-bois-pates-et-papier","14":"product_cat-traitement-des-dechets","15":"entry","17":"first","18":"instock","19":"shipping-taxable","20":"product-type-simple"},"acf":[],"yoast_head":"<!-- This site is optimized with the Yoast SEO plugin v27.2 - https:\/\/yoast.com\/product\/yoast-seo-wordpress\/ -->\n<title>Filtre pour montage FRIC | MP Filtri<\/title>\n<meta name=\"description\" content=\"D\u00e9couvrez le filtre pour montage FRIC de MP Filtri, con\u00e7u pour une installation en ligne ou sur r\u00e9servoir, garantissant une filtration efficace et fiable des circuits hydrauliques.\" \/>\n<meta name=\"robots\" content=\"index, follow, max-snippet:-1, max-image-preview:large, max-video-preview:-1\" \/>\n<link rel=\"canonical\" href=\"https:\/\/www.mpfiltri.com\/fr\/product\/fric\/\" \/>\n<meta property=\"og:locale\" content=\"fr_FR\" \/>\n<meta property=\"og:type\" content=\"article\" \/>\n<meta property=\"og:title\" content=\"Filtre pour montage FRIC | MP Filtri\" \/>\n<meta property=\"og:description\" content=\"D\u00e9couvrez le filtre pour montage FRIC de MP Filtri, con\u00e7u pour une installation en ligne ou sur r\u00e9servoir, garantissant une filtration efficace et fiable des circuits hydrauliques.\" \/>\n<meta property=\"og:url\" content=\"https:\/\/www.mpfiltri.com\/fr\/product\/fric\/\" \/>\n<meta property=\"og:site_name\" content=\"MP Filtri\" \/>\n<meta property=\"article:publisher\" content=\"https:\/\/www.facebook.com\/MPFiltriITA\" \/>\n<meta property=\"article:modified_time\" content=\"2026-04-15T10:20:04+00:00\" \/>\n<meta name=\"twitter:card\" content=\"summary_large_image\" \/>\n<meta name=\"twitter:label1\" content=\"Dur\u00e9e de lecture estim\u00e9e\" \/>\n\t<meta name=\"twitter:data1\" content=\"2 minutes\" \/>\n<script type=\"application\/ld+json\" class=\"yoast-schema-graph\">{\"@context\":\"https:\/\/schema.org\",\"@graph\":[{\"@type\":\"WebPage\",\"@id\":\"https:\/\/www.mpfiltri.com\/fr\/product\/fric\/\",\"url\":\"https:\/\/www.mpfiltri.com\/fr\/product\/fric\/\",\"name\":\"Filtre pour montage FRIC | MP Filtri\",\"isPartOf\":{\"@id\":\"https:\/\/www.mpfiltri.com\/fr\/#website\"},\"datePublished\":\"2025-06-16T14:42:13+00:00\",\"dateModified\":\"2026-04-15T10:20:04+00:00\",\"description\":\"D\u00e9couvrez le filtre pour montage FRIC de MP Filtri, con\u00e7u pour une installation en ligne ou sur r\u00e9servoir, garantissant une filtration efficace et fiable des circuits hydrauliques.\",\"breadcrumb\":{\"@id\":\"https:\/\/www.mpfiltri.com\/fr\/product\/fric\/#breadcrumb\"},\"inLanguage\":\"fr-FR\",\"potentialAction\":[{\"@type\":\"ReadAction\",\"target\":[\"https:\/\/www.mpfiltri.com\/fr\/product\/fric\/\"]}]},{\"@type\":\"BreadcrumbList\",\"@id\":\"https:\/\/www.mpfiltri.com\/fr\/product\/fric\/#breadcrumb\",\"itemListElement\":[{\"@type\":\"ListItem\",\"position\":1,\"name\":\"Home\",\"item\":\"https:\/\/www.mpfiltri.com\/fr\/\"},{\"@type\":\"ListItem\",\"position\":2,\"name\":\"Produits\",\"item\":\"https:\/\/www.mpfiltri.com\/fr\/shop\/\"},{\"@type\":\"ListItem\",\"position\":3,\"name\":\"FRIC\"}]},{\"@type\":\"WebSite\",\"@id\":\"https:\/\/www.mpfiltri.com\/fr\/#website\",\"url\":\"https:\/\/www.mpfiltri.com\/fr\/\",\"name\":\"MP Filtri\",\"description\":\"\",\"publisher\":{\"@id\":\"https:\/\/www.mpfiltri.com\/fr\/#organization\"},\"potentialAction\":[{\"@type\":\"SearchAction\",\"target\":{\"@type\":\"EntryPoint\",\"urlTemplate\":\"https:\/\/www.mpfiltri.com\/fr\/?s={search_term_string}\"},\"query-input\":{\"@type\":\"PropertyValueSpecification\",\"valueRequired\":true,\"valueName\":\"search_term_string\"}}],\"inLanguage\":\"fr-FR\"},{\"@type\":\"Organization\",\"@id\":\"https:\/\/www.mpfiltri.com\/fr\/#organization\",\"name\":\"MP Filtri\",\"url\":\"https:\/\/www.mpfiltri.com\/fr\/\",\"logo\":{\"@type\":\"ImageObject\",\"inLanguage\":\"fr-FR\",\"@id\":\"https:\/\/www.mpfiltri.com\/fr\/#\/schema\/logo\/image\/\",\"url\":\"\",\"contentUrl\":\"\",\"caption\":\"MP Filtri\"},\"image\":{\"@id\":\"https:\/\/www.mpfiltri.com\/fr\/#\/schema\/logo\/image\/\"},\"sameAs\":[\"https:\/\/www.facebook.com\/MPFiltriITA\",\"https:\/\/www.instagram.com\/mpfiltri\/\",\"https:\/\/www.youtube.com\/channel\/UCCzNMySYc1c4M-2B4v0K_QA?view_as=subscriber\",\"https:\/\/www.linkedin.com\/company\/mp-filtri-spa\/\"]}]}<\/script>\n<!-- \/ Yoast SEO plugin. -->","yoast_head_json":{"title":"Filtre pour montage FRIC | MP Filtri","description":"D\u00e9couvrez le filtre pour montage FRIC de MP Filtri, con\u00e7u pour une installation en ligne ou sur r\u00e9servoir, garantissant une filtration efficace et fiable des circuits hydrauliques.","robots":{"index":"index","follow":"follow","max-snippet":"max-snippet:-1","max-image-preview":"max-image-preview:large","max-video-preview":"max-video-preview:-1"},"canonical":"https:\/\/www.mpfiltri.com\/fr\/product\/fric\/","og_locale":"fr_FR","og_type":"article","og_title":"Filtre pour montage FRIC | MP Filtri","og_description":"D\u00e9couvrez le filtre pour montage FRIC de MP Filtri, con\u00e7u pour une installation en ligne ou sur r\u00e9servoir, garantissant une filtration efficace et fiable des circuits hydrauliques.","og_url":"https:\/\/www.mpfiltri.com\/fr\/product\/fric\/","og_site_name":"MP Filtri","article_publisher":"https:\/\/www.facebook.com\/MPFiltriITA","article_modified_time":"2026-04-15T10:20:04+00:00","twitter_card":"summary_large_image","twitter_misc":{"Dur\u00e9e de lecture estim\u00e9e":"2 minutes"},"schema":{"@context":"https:\/\/schema.org","@graph":[{"@type":"WebPage","@id":"https:\/\/www.mpfiltri.com\/fr\/product\/fric\/","url":"https:\/\/www.mpfiltri.com\/fr\/product\/fric\/","name":"Filtre pour montage FRIC | MP Filtri","isPartOf":{"@id":"https:\/\/www.mpfiltri.com\/fr\/#website"},"datePublished":"2025-06-16T14:42:13+00:00","dateModified":"2026-04-15T10:20:04+00:00","description":"D\u00e9couvrez le filtre pour montage FRIC de MP Filtri, con\u00e7u pour une installation en ligne ou sur r\u00e9servoir, garantissant une filtration efficace et fiable des circuits hydrauliques.","breadcrumb":{"@id":"https:\/\/www.mpfiltri.com\/fr\/product\/fric\/#breadcrumb"},"inLanguage":"fr-FR","potentialAction":[{"@type":"ReadAction","target":["https:\/\/www.mpfiltri.com\/fr\/product\/fric\/"]}]},{"@type":"BreadcrumbList","@id":"https:\/\/www.mpfiltri.com\/fr\/product\/fric\/#breadcrumb","itemListElement":[{"@type":"ListItem","position":1,"name":"Home","item":"https:\/\/www.mpfiltri.com\/fr\/"},{"@type":"ListItem","position":2,"name":"Produits","item":"https:\/\/www.mpfiltri.com\/fr\/shop\/"},{"@type":"ListItem","position":3,"name":"FRIC"}]},{"@type":"WebSite","@id":"https:\/\/www.mpfiltri.com\/fr\/#website","url":"https:\/\/www.mpfiltri.com\/fr\/","name":"MP Filtri","description":"","publisher":{"@id":"https:\/\/www.mpfiltri.com\/fr\/#organization"},"potentialAction":[{"@type":"SearchAction","target":{"@type":"EntryPoint","urlTemplate":"https:\/\/www.mpfiltri.com\/fr\/?s={search_term_string}"},"query-input":{"@type":"PropertyValueSpecification","valueRequired":true,"valueName":"search_term_string"}}],"inLanguage":"fr-FR"},{"@type":"Organization","@id":"https:\/\/www.mpfiltri.com\/fr\/#organization","name":"MP Filtri","url":"https:\/\/www.mpfiltri.com\/fr\/","logo":{"@type":"ImageObject","inLanguage":"fr-FR","@id":"https:\/\/www.mpfiltri.com\/fr\/#\/schema\/logo\/image\/","url":"","contentUrl":"","caption":"MP Filtri"},"image":{"@id":"https:\/\/www.mpfiltri.com\/fr\/#\/schema\/logo\/image\/"},"sameAs":["https:\/\/www.facebook.com\/MPFiltriITA","https:\/\/www.instagram.com\/mpfiltri\/","https:\/\/www.youtube.com\/channel\/UCCzNMySYc1c4M-2B4v0K_QA?view_as=subscriber","https:\/\/www.linkedin.com\/company\/mp-filtri-spa\/"]}]}},"_links":{"self":[{"href":"https:\/\/www.mpfiltri.com\/fr\/wp-json\/wp\/v2\/product\/78021","targetHints":{"allow":["GET"]}}],"collection":[{"href":"https:\/\/www.mpfiltri.com\/fr\/wp-json\/wp\/v2\/product"}],"about":[{"href":"https:\/\/www.mpfiltri.com\/fr\/wp-json\/wp\/v2\/types\/product"}],"replies":[{"embeddable":true,"href":"https:\/\/www.mpfiltri.com\/fr\/wp-json\/wp\/v2\/comments?post=78021"}],"wp:attachment":[{"href":"https:\/\/www.mpfiltri.com\/fr\/wp-json\/wp\/v2\/media?parent=78021"}],"wp:term":[{"taxonomy":"product-structure","embeddable":true,"href":"https:\/\/www.mpfiltri.com\/fr\/wp-json\/wp\/v2\/product-structure?post=78021"},{"taxonomy":"product_brand","embeddable":true,"href":"https:\/\/www.mpfiltri.com\/fr\/wp-json\/wp\/v2\/product_brand?post=78021"},{"taxonomy":"product_cat","embeddable":true,"href":"https:\/\/www.mpfiltri.com\/fr\/wp-json\/wp\/v2\/product_cat?post=78021"},{"taxonomy":"product_tag","embeddable":true,"href":"https:\/\/www.mpfiltri.com\/fr\/wp-json\/wp\/v2\/product_tag?post=78021"}],"curies":[{"name":"wp","href":"https:\/\/api.w.org\/{rel}","templated":true}]}}