

{"id":78000,"date":"2025-10-20T12:56:29","date_gmt":"2025-10-20T10:56:29","guid":{"rendered":"https:\/\/www.mpfiltri.com\/product\/produit-3\/"},"modified":"2026-04-01T16:45:52","modified_gmt":"2026-04-01T14:45:52","slug":"indicateurs-de-pression-differentielle","status":"publish","type":"product","link":"https:\/\/www.mpfiltri.com\/fr\/product\/indicateurs-de-pression-differentielle\/","title":{"rendered":"INDICATEURS DE PRESSION DIFF\u00c9RENTIELLE"},"content":{"rendered":"<p>Les indicateurs de pression diff\u00e9rentielle sont utilis\u00e9s sur la ligne de pression pour v\u00e9rifier l\u2019efficacit\u00e9 de l\u2019\u00e9l\u00e9ment filtrant. Ils mesurent la pression en amont et en aval de l\u2019\u00e9l\u00e9ment filtrant (pression diff\u00e9rentielle). \u00c9galement disponibles en mod\u00e8les en acier inoxydable. Les indicateurs de pression diff\u00e9rentielle sont identifi\u00e9s dans le catalogue de filtration hydraulique et dans le tableau du guide de r\u00e9f\u00e9rence rapide par la lettre &#8220;D&#8221;.<\/p>\n","protected":false},"excerpt":{"rendered":"<p>Les indicateurs de pression diff\u00e9rentielle sont utilis\u00e9s sur la ligne de pression pour v\u00e9rifier l\u2019efficacit\u00e9 de l\u2019\u00e9l\u00e9ment filtrant. Ils mesurent la pression en amont et en aval de l\u2019\u00e9l\u00e9ment filtrant (pression diff\u00e9rentielle). \u00c9galement disponibles en mod\u00e8les en acier inoxydable. Les indicateurs de pression diff\u00e9rentielle sont identifi\u00e9s dans le catalogue de filtration hydraulique et dans le [&hellip;]<\/p>\n","protected":false},"featured_media":0,"comment_status":"open","ping_status":"closed","template":"","meta":{"_acf_changed":false,"_gspb_post_css":"","inline_featured_image":false,"_genesis_hide_title":false,"_genesis_hide_breadcrumbs":false,"_genesis_hide_singular_image":false,"_genesis_hide_footer_widgets":false,"_genesis_custom_body_class":"","_genesis_custom_post_class":"","_genesis_layout":"","_links_to":"","_links_to_target":""},"product-structure":[62],"product_brand":[],"product_cat":[],"product_tag":[],"class_list":{"0":"post-78000","1":"product","2":"type-product","3":"status-publish","5":"product-structure-series","6":"entry","8":"first","9":"instock","10":"shipping-taxable","11":"product-type-simple"},"acf":[],"yoast_head":"<!-- This site is optimized with the Yoast SEO plugin v27.2 - https:\/\/yoast.com\/product\/yoast-seo-wordpress\/ -->\n<title>INDICATEURS DE PRESSION DIFF\u00c9RENTIELLE - MP Filtri<\/title>\n<meta name=\"robots\" content=\"index, follow, max-snippet:-1, max-image-preview:large, max-video-preview:-1\" \/>\n<link rel=\"canonical\" href=\"https:\/\/www.mpfiltri.com\/fr\/product\/indicateurs-de-pression-differentielle\/\" \/>\n<meta property=\"og:locale\" content=\"fr_FR\" \/>\n<meta property=\"og:type\" content=\"article\" \/>\n<meta property=\"og:title\" content=\"INDICATEURS DE PRESSION DIFF\u00c9RENTIELLE - MP Filtri\" \/>\n<meta property=\"og:description\" content=\"Les indicateurs de pression diff\u00e9rentielle sont utilis\u00e9s sur la ligne de pression pour v\u00e9rifier l\u2019efficacit\u00e9 de l\u2019\u00e9l\u00e9ment filtrant. Ils mesurent la pression en amont et en aval de l\u2019\u00e9l\u00e9ment filtrant (pression diff\u00e9rentielle). \u00c9galement disponibles en mod\u00e8les en acier inoxydable. Les indicateurs de pression diff\u00e9rentielle sont identifi\u00e9s dans le catalogue de filtration hydraulique et dans le [&hellip;]\" \/>\n<meta property=\"og:url\" content=\"https:\/\/www.mpfiltri.com\/fr\/product\/indicateurs-de-pression-differentielle\/\" \/>\n<meta property=\"og:site_name\" content=\"MP Filtri\" \/>\n<meta property=\"article:publisher\" content=\"https:\/\/www.facebook.com\/MPFiltriITA\" \/>\n<meta property=\"article:modified_time\" content=\"2026-04-01T14:45:52+00:00\" \/>\n<meta name=\"twitter:card\" content=\"summary_large_image\" \/>\n<script type=\"application\/ld+json\" class=\"yoast-schema-graph\">{\"@context\":\"https:\/\/schema.org\",\"@graph\":[{\"@type\":\"WebPage\",\"@id\":\"https:\/\/www.mpfiltri.com\/fr\/product\/indicateurs-de-pression-differentielle\/\",\"url\":\"https:\/\/www.mpfiltri.com\/fr\/product\/indicateurs-de-pression-differentielle\/\",\"name\":\"INDICATEURS DE PRESSION DIFF\u00c9RENTIELLE - MP Filtri\",\"isPartOf\":{\"@id\":\"https:\/\/www.mpfiltri.com\/fr\/#website\"},\"datePublished\":\"2025-10-20T10:56:29+00:00\",\"dateModified\":\"2026-04-01T14:45:52+00:00\",\"breadcrumb\":{\"@id\":\"https:\/\/www.mpfiltri.com\/fr\/product\/indicateurs-de-pression-differentielle\/#breadcrumb\"},\"inLanguage\":\"fr-FR\",\"potentialAction\":[{\"@type\":\"ReadAction\",\"target\":[\"https:\/\/www.mpfiltri.com\/fr\/product\/indicateurs-de-pression-differentielle\/\"]}]},{\"@type\":\"BreadcrumbList\",\"@id\":\"https:\/\/www.mpfiltri.com\/fr\/product\/indicateurs-de-pression-differentielle\/#breadcrumb\",\"itemListElement\":[{\"@type\":\"ListItem\",\"position\":1,\"name\":\"Home\",\"item\":\"https:\/\/www.mpfiltri.com\/fr\/\"},{\"@type\":\"ListItem\",\"position\":2,\"name\":\"Produits\",\"item\":\"https:\/\/www.mpfiltri.com\/fr\/shop\/\"},{\"@type\":\"ListItem\",\"position\":3,\"name\":\"INDICATEURS DE PRESSION DIFF\u00c9RENTIELLE\"}]},{\"@type\":\"WebSite\",\"@id\":\"https:\/\/www.mpfiltri.com\/fr\/#website\",\"url\":\"https:\/\/www.mpfiltri.com\/fr\/\",\"name\":\"MP Filtri\",\"description\":\"\",\"publisher\":{\"@id\":\"https:\/\/www.mpfiltri.com\/fr\/#organization\"},\"potentialAction\":[{\"@type\":\"SearchAction\",\"target\":{\"@type\":\"EntryPoint\",\"urlTemplate\":\"https:\/\/www.mpfiltri.com\/fr\/?s={search_term_string}\"},\"query-input\":{\"@type\":\"PropertyValueSpecification\",\"valueRequired\":true,\"valueName\":\"search_term_string\"}}],\"inLanguage\":\"fr-FR\"},{\"@type\":\"Organization\",\"@id\":\"https:\/\/www.mpfiltri.com\/fr\/#organization\",\"name\":\"MP Filtri\",\"url\":\"https:\/\/www.mpfiltri.com\/fr\/\",\"logo\":{\"@type\":\"ImageObject\",\"inLanguage\":\"fr-FR\",\"@id\":\"https:\/\/www.mpfiltri.com\/fr\/#\/schema\/logo\/image\/\",\"url\":\"\",\"contentUrl\":\"\",\"caption\":\"MP Filtri\"},\"image\":{\"@id\":\"https:\/\/www.mpfiltri.com\/fr\/#\/schema\/logo\/image\/\"},\"sameAs\":[\"https:\/\/www.facebook.com\/MPFiltriITA\",\"https:\/\/www.instagram.com\/mpfiltri\/\",\"https:\/\/www.youtube.com\/channel\/UCCzNMySYc1c4M-2B4v0K_QA?view_as=subscriber\",\"https:\/\/www.linkedin.com\/company\/mp-filtri-spa\/\"]}]}<\/script>\n<!-- \/ Yoast SEO plugin. -->","yoast_head_json":{"title":"INDICATEURS DE PRESSION DIFF\u00c9RENTIELLE - MP Filtri","robots":{"index":"index","follow":"follow","max-snippet":"max-snippet:-1","max-image-preview":"max-image-preview:large","max-video-preview":"max-video-preview:-1"},"canonical":"https:\/\/www.mpfiltri.com\/fr\/product\/indicateurs-de-pression-differentielle\/","og_locale":"fr_FR","og_type":"article","og_title":"INDICATEURS DE PRESSION DIFF\u00c9RENTIELLE - MP Filtri","og_description":"Les indicateurs de pression diff\u00e9rentielle sont utilis\u00e9s sur la ligne de pression pour v\u00e9rifier l\u2019efficacit\u00e9 de l\u2019\u00e9l\u00e9ment filtrant. Ils mesurent la pression en amont et en aval de l\u2019\u00e9l\u00e9ment filtrant (pression diff\u00e9rentielle). \u00c9galement disponibles en mod\u00e8les en acier inoxydable. Les indicateurs de pression diff\u00e9rentielle sont identifi\u00e9s dans le catalogue de filtration hydraulique et dans le [&hellip;]","og_url":"https:\/\/www.mpfiltri.com\/fr\/product\/indicateurs-de-pression-differentielle\/","og_site_name":"MP Filtri","article_publisher":"https:\/\/www.facebook.com\/MPFiltriITA","article_modified_time":"2026-04-01T14:45:52+00:00","twitter_card":"summary_large_image","schema":{"@context":"https:\/\/schema.org","@graph":[{"@type":"WebPage","@id":"https:\/\/www.mpfiltri.com\/fr\/product\/indicateurs-de-pression-differentielle\/","url":"https:\/\/www.mpfiltri.com\/fr\/product\/indicateurs-de-pression-differentielle\/","name":"INDICATEURS DE PRESSION DIFF\u00c9RENTIELLE - MP Filtri","isPartOf":{"@id":"https:\/\/www.mpfiltri.com\/fr\/#website"},"datePublished":"2025-10-20T10:56:29+00:00","dateModified":"2026-04-01T14:45:52+00:00","breadcrumb":{"@id":"https:\/\/www.mpfiltri.com\/fr\/product\/indicateurs-de-pression-differentielle\/#breadcrumb"},"inLanguage":"fr-FR","potentialAction":[{"@type":"ReadAction","target":["https:\/\/www.mpfiltri.com\/fr\/product\/indicateurs-de-pression-differentielle\/"]}]},{"@type":"BreadcrumbList","@id":"https:\/\/www.mpfiltri.com\/fr\/product\/indicateurs-de-pression-differentielle\/#breadcrumb","itemListElement":[{"@type":"ListItem","position":1,"name":"Home","item":"https:\/\/www.mpfiltri.com\/fr\/"},{"@type":"ListItem","position":2,"name":"Produits","item":"https:\/\/www.mpfiltri.com\/fr\/shop\/"},{"@type":"ListItem","position":3,"name":"INDICATEURS DE PRESSION DIFF\u00c9RENTIELLE"}]},{"@type":"WebSite","@id":"https:\/\/www.mpfiltri.com\/fr\/#website","url":"https:\/\/www.mpfiltri.com\/fr\/","name":"MP Filtri","description":"","publisher":{"@id":"https:\/\/www.mpfiltri.com\/fr\/#organization"},"potentialAction":[{"@type":"SearchAction","target":{"@type":"EntryPoint","urlTemplate":"https:\/\/www.mpfiltri.com\/fr\/?s={search_term_string}"},"query-input":{"@type":"PropertyValueSpecification","valueRequired":true,"valueName":"search_term_string"}}],"inLanguage":"fr-FR"},{"@type":"Organization","@id":"https:\/\/www.mpfiltri.com\/fr\/#organization","name":"MP Filtri","url":"https:\/\/www.mpfiltri.com\/fr\/","logo":{"@type":"ImageObject","inLanguage":"fr-FR","@id":"https:\/\/www.mpfiltri.com\/fr\/#\/schema\/logo\/image\/","url":"","contentUrl":"","caption":"MP Filtri"},"image":{"@id":"https:\/\/www.mpfiltri.com\/fr\/#\/schema\/logo\/image\/"},"sameAs":["https:\/\/www.facebook.com\/MPFiltriITA","https:\/\/www.instagram.com\/mpfiltri\/","https:\/\/www.youtube.com\/channel\/UCCzNMySYc1c4M-2B4v0K_QA?view_as=subscriber","https:\/\/www.linkedin.com\/company\/mp-filtri-spa\/"]}]}},"_links":{"self":[{"href":"https:\/\/www.mpfiltri.com\/fr\/wp-json\/wp\/v2\/product\/78000","targetHints":{"allow":["GET"]}}],"collection":[{"href":"https:\/\/www.mpfiltri.com\/fr\/wp-json\/wp\/v2\/product"}],"about":[{"href":"https:\/\/www.mpfiltri.com\/fr\/wp-json\/wp\/v2\/types\/product"}],"replies":[{"embeddable":true,"href":"https:\/\/www.mpfiltri.com\/fr\/wp-json\/wp\/v2\/comments?post=78000"}],"wp:attachment":[{"href":"https:\/\/www.mpfiltri.com\/fr\/wp-json\/wp\/v2\/media?parent=78000"}],"wp:term":[{"taxonomy":"product-structure","embeddable":true,"href":"https:\/\/www.mpfiltri.com\/fr\/wp-json\/wp\/v2\/product-structure?post=78000"},{"taxonomy":"product_brand","embeddable":true,"href":"https:\/\/www.mpfiltri.com\/fr\/wp-json\/wp\/v2\/product_brand?post=78000"},{"taxonomy":"product_cat","embeddable":true,"href":"https:\/\/www.mpfiltri.com\/fr\/wp-json\/wp\/v2\/product_cat?post=78000"},{"taxonomy":"product_tag","embeddable":true,"href":"https:\/\/www.mpfiltri.com\/fr\/wp-json\/wp\/v2\/product_tag?post=78000"}],"curies":[{"name":"wp","href":"https:\/\/api.w.org\/{rel}","templated":true}]}}