

{"id":77991,"date":"2025-06-16T16:38:19","date_gmt":"2025-06-16T14:38:19","guid":{"rendered":"https:\/\/www.mpfiltri.com\/product\/produit-3\/"},"modified":"2026-04-01T16:24:14","modified_gmt":"2026-04-01T14:24:14","slug":"ftu-2","status":"publish","type":"product","link":"https:\/\/www.mpfiltri.com\/fr\/product\/ftu-2\/","title":{"rendered":"FTU"},"content":{"rendered":"<p>Unit\u00e9 de transfert de fluide adapt\u00e9e au remplissage, \u00e0 la recirculation &#8211; via le r\u00e9servoir embarqu\u00e9 de &#8211; et \u00e0 la vidange de fluides hydrauliques filtr\u00e9s. Le FTU peut \u00eatre utilis\u00e9 soit comme filtration suppl\u00e9mentaire pour un syst\u00e8me hautement sensible \u00e0 la contamination, soit comme circuit de filtration autonome pour d\u00e9polluer une charge de fluide \u00e0 un niveau de contamination pr\u00e9d\u00e9termin\u00e9 &#8211; contr\u00f4le via ICM embarqu\u00e9 &#8211; avant le transfert du fluide vers le syst\u00e8me.<\/p>\n<p>\u2022 Coffret de commande \u00e9lectrique<\/p>\n<p>\u2022 Indicateurs:<\/p>\n<p>Filtre LMP avec indicateur \u00e9lectrique &#8211; Indicateur de niveau de r\u00e9servoir et interrupteur de coupure de niveau \u00e9lectrique<\/p>\n<p>\u2022 Joints en nitrile<\/p>\n<p>\u2022 Tuyaux flexibles 2 m\u00e8tres de long, \u00e0 l\u2019aspiration et au refoulement<\/p>\n<p>\u2022 Protection de la pompe:<\/p>\n<p>Maille m\u00e9tallique de 250 \u00b5m Filtre mont\u00e9 sur le tuyau d\u2019aspiration<\/p>\n<p>Maille m\u00e9tallique de 250 \u00b5m Filtre mont\u00e9 \u00e0 l\u2019int\u00e9rieur du r\u00e9servoir jusqu\u2019\u00e0 la conduite d\u2019aspiration de la pompe<\/p>\n<p>\u2022 Filtration principale:<\/p>\n<p>Filtre s\u00e9rie LMP<\/p>\n<p>Filtre \u00ab Spin-on \u00bb pour la r\u00e9tention d\u2019eau<\/p>\n<p>Filtre \u00ab Spin-on \u00bb standard<\/p>\n<p>\u2022 Surveillance interne de la contamination (ICM<\/p>\n<p>\u2022 Taille compacte<\/p>\n<p>\u2022 Facile \u00e0 utiliser et maintenance facile<\/p>\n<p>\u2022 Fiabilit\u00e9<\/p>\n","protected":false},"excerpt":{"rendered":"<p>Unit\u00e9 de transfert de fluide adapt\u00e9e au remplissage, \u00e0 la recirculation &#8211; via le r\u00e9servoir embarqu\u00e9 de &#8211; et \u00e0 la vidange de fluides hydrauliques filtr\u00e9s. Le FTU peut \u00eatre utilis\u00e9 soit comme filtration suppl\u00e9mentaire pour un syst\u00e8me hautement sensible \u00e0 la contamination, soit comme circuit de filtration autonome pour d\u00e9polluer une charge de fluide [&hellip;]<\/p>\n","protected":false},"featured_media":0,"comment_status":"open","ping_status":"closed","template":"","meta":{"_acf_changed":false,"_gspb_post_css":"","inline_featured_image":false,"_genesis_hide_title":false,"_genesis_hide_breadcrumbs":false,"_genesis_hide_singular_image":false,"_genesis_hide_footer_widgets":false,"_genesis_custom_body_class":"","_genesis_custom_post_class":"","_genesis_layout":"","_links_to":"","_links_to_target":""},"product-structure":[62],"product_brand":[],"product_cat":[13188,13195,13394,13387,13216],"product_tag":[],"class_list":{"0":"post-77991","1":"product","2":"type-product","3":"status-publish","5":"product-structure-series","6":"product_cat-applications","7":"product_cat-equipement-mobile","8":"product_cat-global","9":"product_cat-multimarket","10":"product_cat-vehicules-aeronautiques-et-marines","11":"entry","13":"first","14":"instock","15":"shipping-taxable","16":"product-type-simple"},"acf":[],"yoast_head":"<!-- This site is optimized with the Yoast SEO plugin v27.2 - https:\/\/yoast.com\/product\/yoast-seo-wordpress\/ -->\n<title>FTU - MP Filtri<\/title>\n<meta name=\"robots\" content=\"index, follow, max-snippet:-1, max-image-preview:large, max-video-preview:-1\" \/>\n<link rel=\"canonical\" href=\"https:\/\/www.mpfiltri.com\/fr\/product\/ftu-2\/\" \/>\n<meta property=\"og:locale\" content=\"fr_FR\" \/>\n<meta property=\"og:type\" content=\"article\" \/>\n<meta property=\"og:title\" content=\"FTU - MP Filtri\" \/>\n<meta property=\"og:description\" content=\"Unit\u00e9 de transfert de fluide adapt\u00e9e au remplissage, \u00e0 la recirculation &#8211; via le r\u00e9servoir embarqu\u00e9 de &#8211; et \u00e0 la vidange de fluides hydrauliques filtr\u00e9s. Le FTU peut \u00eatre utilis\u00e9 soit comme filtration suppl\u00e9mentaire pour un syst\u00e8me hautement sensible \u00e0 la contamination, soit comme circuit de filtration autonome pour d\u00e9polluer une charge de fluide [&hellip;]\" \/>\n<meta property=\"og:url\" content=\"https:\/\/www.mpfiltri.com\/fr\/product\/ftu-2\/\" \/>\n<meta property=\"og:site_name\" content=\"MP Filtri\" \/>\n<meta property=\"article:publisher\" content=\"https:\/\/www.facebook.com\/MPFiltriITA\" \/>\n<meta property=\"article:modified_time\" content=\"2026-04-01T14:24:14+00:00\" \/>\n<meta name=\"twitter:card\" content=\"summary_large_image\" \/>\n<meta name=\"twitter:label1\" content=\"Dur\u00e9e de lecture estim\u00e9e\" \/>\n\t<meta name=\"twitter:data1\" content=\"1 minute\" \/>\n<script type=\"application\/ld+json\" class=\"yoast-schema-graph\">{\"@context\":\"https:\/\/schema.org\",\"@graph\":[{\"@type\":\"WebPage\",\"@id\":\"https:\/\/www.mpfiltri.com\/fr\/product\/ftu-2\/\",\"url\":\"https:\/\/www.mpfiltri.com\/fr\/product\/ftu-2\/\",\"name\":\"FTU - MP Filtri\",\"isPartOf\":{\"@id\":\"https:\/\/www.mpfiltri.com\/fr\/#website\"},\"datePublished\":\"2025-06-16T14:38:19+00:00\",\"dateModified\":\"2026-04-01T14:24:14+00:00\",\"breadcrumb\":{\"@id\":\"https:\/\/www.mpfiltri.com\/fr\/product\/ftu-2\/#breadcrumb\"},\"inLanguage\":\"fr-FR\",\"potentialAction\":[{\"@type\":\"ReadAction\",\"target\":[\"https:\/\/www.mpfiltri.com\/fr\/product\/ftu-2\/\"]}]},{\"@type\":\"BreadcrumbList\",\"@id\":\"https:\/\/www.mpfiltri.com\/fr\/product\/ftu-2\/#breadcrumb\",\"itemListElement\":[{\"@type\":\"ListItem\",\"position\":1,\"name\":\"Home\",\"item\":\"https:\/\/www.mpfiltri.com\/fr\/\"},{\"@type\":\"ListItem\",\"position\":2,\"name\":\"Produits\",\"item\":\"https:\/\/www.mpfiltri.com\/fr\/shop\/\"},{\"@type\":\"ListItem\",\"position\":3,\"name\":\"FTU\"}]},{\"@type\":\"WebSite\",\"@id\":\"https:\/\/www.mpfiltri.com\/fr\/#website\",\"url\":\"https:\/\/www.mpfiltri.com\/fr\/\",\"name\":\"MP Filtri\",\"description\":\"\",\"publisher\":{\"@id\":\"https:\/\/www.mpfiltri.com\/fr\/#organization\"},\"potentialAction\":[{\"@type\":\"SearchAction\",\"target\":{\"@type\":\"EntryPoint\",\"urlTemplate\":\"https:\/\/www.mpfiltri.com\/fr\/?s={search_term_string}\"},\"query-input\":{\"@type\":\"PropertyValueSpecification\",\"valueRequired\":true,\"valueName\":\"search_term_string\"}}],\"inLanguage\":\"fr-FR\"},{\"@type\":\"Organization\",\"@id\":\"https:\/\/www.mpfiltri.com\/fr\/#organization\",\"name\":\"MP Filtri\",\"url\":\"https:\/\/www.mpfiltri.com\/fr\/\",\"logo\":{\"@type\":\"ImageObject\",\"inLanguage\":\"fr-FR\",\"@id\":\"https:\/\/www.mpfiltri.com\/fr\/#\/schema\/logo\/image\/\",\"url\":\"\",\"contentUrl\":\"\",\"caption\":\"MP Filtri\"},\"image\":{\"@id\":\"https:\/\/www.mpfiltri.com\/fr\/#\/schema\/logo\/image\/\"},\"sameAs\":[\"https:\/\/www.facebook.com\/MPFiltriITA\",\"https:\/\/www.instagram.com\/mpfiltri\/\",\"https:\/\/www.youtube.com\/channel\/UCCzNMySYc1c4M-2B4v0K_QA?view_as=subscriber\",\"https:\/\/www.linkedin.com\/company\/mp-filtri-spa\/\"]}]}<\/script>\n<!-- \/ Yoast SEO plugin. -->","yoast_head_json":{"title":"FTU - MP Filtri","robots":{"index":"index","follow":"follow","max-snippet":"max-snippet:-1","max-image-preview":"max-image-preview:large","max-video-preview":"max-video-preview:-1"},"canonical":"https:\/\/www.mpfiltri.com\/fr\/product\/ftu-2\/","og_locale":"fr_FR","og_type":"article","og_title":"FTU - MP Filtri","og_description":"Unit\u00e9 de transfert de fluide adapt\u00e9e au remplissage, \u00e0 la recirculation &#8211; via le r\u00e9servoir embarqu\u00e9 de &#8211; et \u00e0 la vidange de fluides hydrauliques filtr\u00e9s. Le FTU peut \u00eatre utilis\u00e9 soit comme filtration suppl\u00e9mentaire pour un syst\u00e8me hautement sensible \u00e0 la contamination, soit comme circuit de filtration autonome pour d\u00e9polluer une charge de fluide [&hellip;]","og_url":"https:\/\/www.mpfiltri.com\/fr\/product\/ftu-2\/","og_site_name":"MP Filtri","article_publisher":"https:\/\/www.facebook.com\/MPFiltriITA","article_modified_time":"2026-04-01T14:24:14+00:00","twitter_card":"summary_large_image","twitter_misc":{"Dur\u00e9e de lecture estim\u00e9e":"1 minute"},"schema":{"@context":"https:\/\/schema.org","@graph":[{"@type":"WebPage","@id":"https:\/\/www.mpfiltri.com\/fr\/product\/ftu-2\/","url":"https:\/\/www.mpfiltri.com\/fr\/product\/ftu-2\/","name":"FTU - MP Filtri","isPartOf":{"@id":"https:\/\/www.mpfiltri.com\/fr\/#website"},"datePublished":"2025-06-16T14:38:19+00:00","dateModified":"2026-04-01T14:24:14+00:00","breadcrumb":{"@id":"https:\/\/www.mpfiltri.com\/fr\/product\/ftu-2\/#breadcrumb"},"inLanguage":"fr-FR","potentialAction":[{"@type":"ReadAction","target":["https:\/\/www.mpfiltri.com\/fr\/product\/ftu-2\/"]}]},{"@type":"BreadcrumbList","@id":"https:\/\/www.mpfiltri.com\/fr\/product\/ftu-2\/#breadcrumb","itemListElement":[{"@type":"ListItem","position":1,"name":"Home","item":"https:\/\/www.mpfiltri.com\/fr\/"},{"@type":"ListItem","position":2,"name":"Produits","item":"https:\/\/www.mpfiltri.com\/fr\/shop\/"},{"@type":"ListItem","position":3,"name":"FTU"}]},{"@type":"WebSite","@id":"https:\/\/www.mpfiltri.com\/fr\/#website","url":"https:\/\/www.mpfiltri.com\/fr\/","name":"MP Filtri","description":"","publisher":{"@id":"https:\/\/www.mpfiltri.com\/fr\/#organization"},"potentialAction":[{"@type":"SearchAction","target":{"@type":"EntryPoint","urlTemplate":"https:\/\/www.mpfiltri.com\/fr\/?s={search_term_string}"},"query-input":{"@type":"PropertyValueSpecification","valueRequired":true,"valueName":"search_term_string"}}],"inLanguage":"fr-FR"},{"@type":"Organization","@id":"https:\/\/www.mpfiltri.com\/fr\/#organization","name":"MP Filtri","url":"https:\/\/www.mpfiltri.com\/fr\/","logo":{"@type":"ImageObject","inLanguage":"fr-FR","@id":"https:\/\/www.mpfiltri.com\/fr\/#\/schema\/logo\/image\/","url":"","contentUrl":"","caption":"MP Filtri"},"image":{"@id":"https:\/\/www.mpfiltri.com\/fr\/#\/schema\/logo\/image\/"},"sameAs":["https:\/\/www.facebook.com\/MPFiltriITA","https:\/\/www.instagram.com\/mpfiltri\/","https:\/\/www.youtube.com\/channel\/UCCzNMySYc1c4M-2B4v0K_QA?view_as=subscriber","https:\/\/www.linkedin.com\/company\/mp-filtri-spa\/"]}]}},"_links":{"self":[{"href":"https:\/\/www.mpfiltri.com\/fr\/wp-json\/wp\/v2\/product\/77991","targetHints":{"allow":["GET"]}}],"collection":[{"href":"https:\/\/www.mpfiltri.com\/fr\/wp-json\/wp\/v2\/product"}],"about":[{"href":"https:\/\/www.mpfiltri.com\/fr\/wp-json\/wp\/v2\/types\/product"}],"replies":[{"embeddable":true,"href":"https:\/\/www.mpfiltri.com\/fr\/wp-json\/wp\/v2\/comments?post=77991"}],"wp:attachment":[{"href":"https:\/\/www.mpfiltri.com\/fr\/wp-json\/wp\/v2\/media?parent=77991"}],"wp:term":[{"taxonomy":"product-structure","embeddable":true,"href":"https:\/\/www.mpfiltri.com\/fr\/wp-json\/wp\/v2\/product-structure?post=77991"},{"taxonomy":"product_brand","embeddable":true,"href":"https:\/\/www.mpfiltri.com\/fr\/wp-json\/wp\/v2\/product_brand?post=77991"},{"taxonomy":"product_cat","embeddable":true,"href":"https:\/\/www.mpfiltri.com\/fr\/wp-json\/wp\/v2\/product_cat?post=77991"},{"taxonomy":"product_tag","embeddable":true,"href":"https:\/\/www.mpfiltri.com\/fr\/wp-json\/wp\/v2\/product_tag?post=77991"}],"curies":[{"name":"wp","href":"https:\/\/api.w.org\/{rel}","templated":true}]}}