

{"id":77987,"date":"2025-06-16T16:42:30","date_gmt":"2025-06-16T14:42:30","guid":{"rendered":"https:\/\/www.mpfiltri.com\/product\/produit-3\/"},"modified":"2026-04-01T16:23:47","modified_gmt":"2026-04-01T14:23:47","slug":"filtres-en-ligne-80-bar-haute-pression","status":"publish","type":"product","link":"https:\/\/www.mpfiltri.com\/fr\/product\/filtres-en-ligne-80-bar-haute-pression\/","title":{"rendered":"FILTRES EN LIGNE, &gt; 80 BAR (HAUTE PRESSION)"},"content":{"rendered":"<p>Les filtres haute pression sont con\u00e7us pour r\u00e9sister \u00e0 la pression maximale du syst\u00e8me et sont dimensionn\u00e9s en fonction du d\u00e9bit sp\u00e9cifique requis. D\u2019une qualit\u00e9 de construction robuste, ces filtres \u00e0 la r\u00e9sistance \u00e9prouv\u00e9e, sont con\u00e7us pour r\u00e9sister \u00e0 des pressions de travail \u00e9lev\u00e9es et offrent une protection exceptionnelle aux composants sensibles situ\u00e9 en aval du circuit. Une large gamme de mod\u00e8les est disponible pour r\u00e9pondre \u00e0 tous les besoins, des d\u00e9bits faibles aux d\u00e9bits \u00e9lev\u00e9s, avec un large choix d\u2019\u00e9l\u00e9ments filtrants pour assurer une protection maximale du circuit. Disponible avec raccords filet\u00e9s, brid\u00e9s ou montage sur bloc pour s\u2019int\u00e9grer directement sur les blocs de contr\u00f4le et de distribution des circuits. Ils sont \u00e9galement disponibles en version duplex pour une filtration continue lorsque l\u2019usine ou le syst\u00e8me est en fonctionnement continu.<\/p>\n","protected":false},"excerpt":{"rendered":"<p>Les filtres haute pression sont con\u00e7us pour r\u00e9sister \u00e0 la pression maximale du syst\u00e8me et sont dimensionn\u00e9s en fonction du d\u00e9bit sp\u00e9cifique requis. D\u2019une qualit\u00e9 de construction robuste, ces filtres \u00e0 la r\u00e9sistance \u00e9prouv\u00e9e, sont con\u00e7us pour r\u00e9sister \u00e0 des pressions de travail \u00e9lev\u00e9es et offrent une protection exceptionnelle aux composants sensibles situ\u00e9 en aval [&hellip;]<\/p>\n","protected":false},"featured_media":38235,"comment_status":"open","ping_status":"closed","template":"","meta":{"_acf_changed":false,"_gspb_post_css":"","inline_featured_image":false,"_genesis_hide_title":false,"_genesis_hide_breadcrumbs":false,"_genesis_hide_singular_image":false,"_genesis_hide_footer_widgets":false,"_genesis_custom_body_class":"","_genesis_custom_post_class":"","_genesis_layout":"","_links_to":"","_links_to_target":""},"product-structure":[61],"product_brand":[],"product_cat":[],"product_tag":[],"class_list":{"0":"post-77987","1":"product","2":"type-product","3":"status-publish","4":"has-post-thumbnail","6":"product-structure-family","7":"entry","9":"first","10":"instock","11":"shipping-taxable","12":"product-type-simple"},"acf":[],"yoast_head":"<!-- This site is optimized with the Yoast SEO plugin v27.2 - https:\/\/yoast.com\/product\/yoast-seo-wordpress\/ -->\n<title>FILTRES EN LIGNE, &gt; 80 BAR (HAUTE PRESSION) - MP Filtri<\/title>\n<meta name=\"robots\" content=\"index, follow, max-snippet:-1, max-image-preview:large, max-video-preview:-1\" \/>\n<link rel=\"canonical\" href=\"https:\/\/www.mpfiltri.com\/fr\/product\/filtres-en-ligne-80-bar-haute-pression\/\" \/>\n<meta property=\"og:locale\" content=\"fr_FR\" \/>\n<meta property=\"og:type\" content=\"article\" \/>\n<meta property=\"og:title\" content=\"FILTRES EN LIGNE, &gt; 80 BAR (HAUTE PRESSION) - MP Filtri\" \/>\n<meta property=\"og:description\" content=\"Les filtres haute pression sont con\u00e7us pour r\u00e9sister \u00e0 la pression maximale du syst\u00e8me et sont dimensionn\u00e9s en fonction du d\u00e9bit sp\u00e9cifique requis. D\u2019une qualit\u00e9 de construction robuste, ces filtres \u00e0 la r\u00e9sistance \u00e9prouv\u00e9e, sont con\u00e7us pour r\u00e9sister \u00e0 des pressions de travail \u00e9lev\u00e9es et offrent une protection exceptionnelle aux composants sensibles situ\u00e9 en aval [&hellip;]\" \/>\n<meta property=\"og:url\" content=\"https:\/\/www.mpfiltri.com\/fr\/product\/filtres-en-ligne-80-bar-haute-pression\/\" \/>\n<meta property=\"og:site_name\" content=\"MP Filtri\" \/>\n<meta property=\"article:publisher\" content=\"https:\/\/www.facebook.com\/MPFiltriITA\" \/>\n<meta property=\"article:modified_time\" content=\"2026-04-01T14:23:47+00:00\" \/>\n<meta property=\"og:image\" content=\"https:\/\/www.mpfiltri.com\/wp-content\/uploads\/2025\/10\/hf-hipress.png\" \/>\n\t<meta property=\"og:image:width\" content=\"700\" \/>\n\t<meta property=\"og:image:height\" content=\"700\" \/>\n\t<meta property=\"og:image:type\" content=\"image\/png\" \/>\n<meta name=\"twitter:card\" content=\"summary_large_image\" \/>\n<meta name=\"twitter:label1\" content=\"Dur\u00e9e de lecture estim\u00e9e\" \/>\n\t<meta name=\"twitter:data1\" content=\"1 minute\" \/>\n<script type=\"application\/ld+json\" class=\"yoast-schema-graph\">{\"@context\":\"https:\/\/schema.org\",\"@graph\":[{\"@type\":\"WebPage\",\"@id\":\"https:\/\/www.mpfiltri.com\/fr\/product\/filtres-en-ligne-80-bar-haute-pression\/\",\"url\":\"https:\/\/www.mpfiltri.com\/fr\/product\/filtres-en-ligne-80-bar-haute-pression\/\",\"name\":\"FILTRES EN LIGNE, &gt; 80 BAR (HAUTE PRESSION) - MP Filtri\",\"isPartOf\":{\"@id\":\"https:\/\/www.mpfiltri.com\/fr\/#website\"},\"primaryImageOfPage\":{\"@id\":\"https:\/\/www.mpfiltri.com\/fr\/product\/filtres-en-ligne-80-bar-haute-pression\/#primaryimage\"},\"image\":{\"@id\":\"https:\/\/www.mpfiltri.com\/fr\/product\/filtres-en-ligne-80-bar-haute-pression\/#primaryimage\"},\"thumbnailUrl\":\"https:\/\/www.mpfiltri.com\/wp-content\/uploads\/2025\/10\/hf-hipress.png\",\"datePublished\":\"2025-06-16T14:42:30+00:00\",\"dateModified\":\"2026-04-01T14:23:47+00:00\",\"breadcrumb\":{\"@id\":\"https:\/\/www.mpfiltri.com\/fr\/product\/filtres-en-ligne-80-bar-haute-pression\/#breadcrumb\"},\"inLanguage\":\"fr-FR\",\"potentialAction\":[{\"@type\":\"ReadAction\",\"target\":[\"https:\/\/www.mpfiltri.com\/fr\/product\/filtres-en-ligne-80-bar-haute-pression\/\"]}]},{\"@type\":\"ImageObject\",\"inLanguage\":\"fr-FR\",\"@id\":\"https:\/\/www.mpfiltri.com\/fr\/product\/filtres-en-ligne-80-bar-haute-pression\/#primaryimage\",\"url\":\"https:\/\/www.mpfiltri.com\/wp-content\/uploads\/2025\/10\/hf-hipress.png\",\"contentUrl\":\"https:\/\/www.mpfiltri.com\/wp-content\/uploads\/2025\/10\/hf-hipress.png\",\"width\":700,\"height\":700},{\"@type\":\"BreadcrumbList\",\"@id\":\"https:\/\/www.mpfiltri.com\/fr\/product\/filtres-en-ligne-80-bar-haute-pression\/#breadcrumb\",\"itemListElement\":[{\"@type\":\"ListItem\",\"position\":1,\"name\":\"Home\",\"item\":\"https:\/\/www.mpfiltri.com\/fr\/\"},{\"@type\":\"ListItem\",\"position\":2,\"name\":\"Produits\",\"item\":\"https:\/\/www.mpfiltri.com\/fr\/shop\/\"},{\"@type\":\"ListItem\",\"position\":3,\"name\":\"FILTRES EN LIGNE, &gt; 80 BAR (HAUTE PRESSION)\"}]},{\"@type\":\"WebSite\",\"@id\":\"https:\/\/www.mpfiltri.com\/fr\/#website\",\"url\":\"https:\/\/www.mpfiltri.com\/fr\/\",\"name\":\"MP Filtri\",\"description\":\"\",\"publisher\":{\"@id\":\"https:\/\/www.mpfiltri.com\/fr\/#organization\"},\"potentialAction\":[{\"@type\":\"SearchAction\",\"target\":{\"@type\":\"EntryPoint\",\"urlTemplate\":\"https:\/\/www.mpfiltri.com\/fr\/?s={search_term_string}\"},\"query-input\":{\"@type\":\"PropertyValueSpecification\",\"valueRequired\":true,\"valueName\":\"search_term_string\"}}],\"inLanguage\":\"fr-FR\"},{\"@type\":\"Organization\",\"@id\":\"https:\/\/www.mpfiltri.com\/fr\/#organization\",\"name\":\"MP Filtri\",\"url\":\"https:\/\/www.mpfiltri.com\/fr\/\",\"logo\":{\"@type\":\"ImageObject\",\"inLanguage\":\"fr-FR\",\"@id\":\"https:\/\/www.mpfiltri.com\/fr\/#\/schema\/logo\/image\/\",\"url\":\"\",\"contentUrl\":\"\",\"caption\":\"MP Filtri\"},\"image\":{\"@id\":\"https:\/\/www.mpfiltri.com\/fr\/#\/schema\/logo\/image\/\"},\"sameAs\":[\"https:\/\/www.facebook.com\/MPFiltriITA\",\"https:\/\/www.instagram.com\/mpfiltri\/\",\"https:\/\/www.youtube.com\/channel\/UCCzNMySYc1c4M-2B4v0K_QA?view_as=subscriber\",\"https:\/\/www.linkedin.com\/company\/mp-filtri-spa\/\"]}]}<\/script>\n<!-- \/ Yoast SEO plugin. -->","yoast_head_json":{"title":"FILTRES EN LIGNE, &gt; 80 BAR (HAUTE PRESSION) - MP Filtri","robots":{"index":"index","follow":"follow","max-snippet":"max-snippet:-1","max-image-preview":"max-image-preview:large","max-video-preview":"max-video-preview:-1"},"canonical":"https:\/\/www.mpfiltri.com\/fr\/product\/filtres-en-ligne-80-bar-haute-pression\/","og_locale":"fr_FR","og_type":"article","og_title":"FILTRES EN LIGNE, &gt; 80 BAR (HAUTE PRESSION) - MP Filtri","og_description":"Les filtres haute pression sont con\u00e7us pour r\u00e9sister \u00e0 la pression maximale du syst\u00e8me et sont dimensionn\u00e9s en fonction du d\u00e9bit sp\u00e9cifique requis. D\u2019une qualit\u00e9 de construction robuste, ces filtres \u00e0 la r\u00e9sistance \u00e9prouv\u00e9e, sont con\u00e7us pour r\u00e9sister \u00e0 des pressions de travail \u00e9lev\u00e9es et offrent une protection exceptionnelle aux composants sensibles situ\u00e9 en aval [&hellip;]","og_url":"https:\/\/www.mpfiltri.com\/fr\/product\/filtres-en-ligne-80-bar-haute-pression\/","og_site_name":"MP Filtri","article_publisher":"https:\/\/www.facebook.com\/MPFiltriITA","article_modified_time":"2026-04-01T14:23:47+00:00","og_image":[{"width":700,"height":700,"url":"https:\/\/www.mpfiltri.com\/wp-content\/uploads\/2025\/10\/hf-hipress.png","type":"image\/png"}],"twitter_card":"summary_large_image","twitter_misc":{"Dur\u00e9e de lecture estim\u00e9e":"1 minute"},"schema":{"@context":"https:\/\/schema.org","@graph":[{"@type":"WebPage","@id":"https:\/\/www.mpfiltri.com\/fr\/product\/filtres-en-ligne-80-bar-haute-pression\/","url":"https:\/\/www.mpfiltri.com\/fr\/product\/filtres-en-ligne-80-bar-haute-pression\/","name":"FILTRES EN LIGNE, &gt; 80 BAR (HAUTE PRESSION) - MP Filtri","isPartOf":{"@id":"https:\/\/www.mpfiltri.com\/fr\/#website"},"primaryImageOfPage":{"@id":"https:\/\/www.mpfiltri.com\/fr\/product\/filtres-en-ligne-80-bar-haute-pression\/#primaryimage"},"image":{"@id":"https:\/\/www.mpfiltri.com\/fr\/product\/filtres-en-ligne-80-bar-haute-pression\/#primaryimage"},"thumbnailUrl":"https:\/\/www.mpfiltri.com\/wp-content\/uploads\/2025\/10\/hf-hipress.png","datePublished":"2025-06-16T14:42:30+00:00","dateModified":"2026-04-01T14:23:47+00:00","breadcrumb":{"@id":"https:\/\/www.mpfiltri.com\/fr\/product\/filtres-en-ligne-80-bar-haute-pression\/#breadcrumb"},"inLanguage":"fr-FR","potentialAction":[{"@type":"ReadAction","target":["https:\/\/www.mpfiltri.com\/fr\/product\/filtres-en-ligne-80-bar-haute-pression\/"]}]},{"@type":"ImageObject","inLanguage":"fr-FR","@id":"https:\/\/www.mpfiltri.com\/fr\/product\/filtres-en-ligne-80-bar-haute-pression\/#primaryimage","url":"https:\/\/www.mpfiltri.com\/wp-content\/uploads\/2025\/10\/hf-hipress.png","contentUrl":"https:\/\/www.mpfiltri.com\/wp-content\/uploads\/2025\/10\/hf-hipress.png","width":700,"height":700},{"@type":"BreadcrumbList","@id":"https:\/\/www.mpfiltri.com\/fr\/product\/filtres-en-ligne-80-bar-haute-pression\/#breadcrumb","itemListElement":[{"@type":"ListItem","position":1,"name":"Home","item":"https:\/\/www.mpfiltri.com\/fr\/"},{"@type":"ListItem","position":2,"name":"Produits","item":"https:\/\/www.mpfiltri.com\/fr\/shop\/"},{"@type":"ListItem","position":3,"name":"FILTRES EN LIGNE, &gt; 80 BAR (HAUTE PRESSION)"}]},{"@type":"WebSite","@id":"https:\/\/www.mpfiltri.com\/fr\/#website","url":"https:\/\/www.mpfiltri.com\/fr\/","name":"MP Filtri","description":"","publisher":{"@id":"https:\/\/www.mpfiltri.com\/fr\/#organization"},"potentialAction":[{"@type":"SearchAction","target":{"@type":"EntryPoint","urlTemplate":"https:\/\/www.mpfiltri.com\/fr\/?s={search_term_string}"},"query-input":{"@type":"PropertyValueSpecification","valueRequired":true,"valueName":"search_term_string"}}],"inLanguage":"fr-FR"},{"@type":"Organization","@id":"https:\/\/www.mpfiltri.com\/fr\/#organization","name":"MP Filtri","url":"https:\/\/www.mpfiltri.com\/fr\/","logo":{"@type":"ImageObject","inLanguage":"fr-FR","@id":"https:\/\/www.mpfiltri.com\/fr\/#\/schema\/logo\/image\/","url":"","contentUrl":"","caption":"MP Filtri"},"image":{"@id":"https:\/\/www.mpfiltri.com\/fr\/#\/schema\/logo\/image\/"},"sameAs":["https:\/\/www.facebook.com\/MPFiltriITA","https:\/\/www.instagram.com\/mpfiltri\/","https:\/\/www.youtube.com\/channel\/UCCzNMySYc1c4M-2B4v0K_QA?view_as=subscriber","https:\/\/www.linkedin.com\/company\/mp-filtri-spa\/"]}]}},"_links":{"self":[{"href":"https:\/\/www.mpfiltri.com\/fr\/wp-json\/wp\/v2\/product\/77987","targetHints":{"allow":["GET"]}}],"collection":[{"href":"https:\/\/www.mpfiltri.com\/fr\/wp-json\/wp\/v2\/product"}],"about":[{"href":"https:\/\/www.mpfiltri.com\/fr\/wp-json\/wp\/v2\/types\/product"}],"replies":[{"embeddable":true,"href":"https:\/\/www.mpfiltri.com\/fr\/wp-json\/wp\/v2\/comments?post=77987"}],"wp:featuredmedia":[{"embeddable":true,"href":"https:\/\/www.mpfiltri.com\/fr\/wp-json\/wp\/v2\/media\/38235"}],"wp:attachment":[{"href":"https:\/\/www.mpfiltri.com\/fr\/wp-json\/wp\/v2\/media?parent=77987"}],"wp:term":[{"taxonomy":"product-structure","embeddable":true,"href":"https:\/\/www.mpfiltri.com\/fr\/wp-json\/wp\/v2\/product-structure?post=77987"},{"taxonomy":"product_brand","embeddable":true,"href":"https:\/\/www.mpfiltri.com\/fr\/wp-json\/wp\/v2\/product_brand?post=77987"},{"taxonomy":"product_cat","embeddable":true,"href":"https:\/\/www.mpfiltri.com\/fr\/wp-json\/wp\/v2\/product_cat?post=77987"},{"taxonomy":"product_tag","embeddable":true,"href":"https:\/\/www.mpfiltri.com\/fr\/wp-json\/wp\/v2\/product_tag?post=77987"}],"curies":[{"name":"wp","href":"https:\/\/api.w.org\/{rel}","templated":true}]}}