

{"id":77973,"date":"2025-06-16T16:39:06","date_gmt":"2025-06-16T14:39:06","guid":{"rendered":"https:\/\/www.mpfiltri.com\/product\/produit-3\/"},"modified":"2026-04-02T13:22:39","modified_gmt":"2026-04-02T11:22:39","slug":"mpfx","status":"publish","type":"product","link":"https:\/\/www.mpfiltri.com\/fr\/product\/mpfx\/","title":{"rendered":"MPFX"},"content":{"rendered":"<p>Filtre retour sommet de r\u00e9servoir, filtration de l`exterieur vers l`int\u00e9rieur. Pression de service jusqu`\u00e0 8 bar (116 psi), d\u00e9bit d`huile jusqu`\u00e0 750 l\/min (198 gpm), raccordements taraud\u00e9s de G 1\/2&#8220; jusqu`\u00e0 2&#8243; BSP\/NPT\/SAE et raccordements \u00e0 brides SAE jusqu`\u00e0 2&#8243;.<\/p>\n<p>Conception Myclean (European Patent: n\u00b0 16181725.9). Assure la fiabilit\u00e9, la performance, l\u2019efficacit\u00e9 et la rentabilit\u00e9 de la machine en garantissant des \u00e9l\u00e9ments filtrants originaux sur toute sa dur\u00e9e de vie. B\u00e9n\u00e9ficie d\u2019une technologie brevet\u00e9e, d`un marquage personnalis\u00e9, d\u2019option multi-connexions et d\u2019une conception adapt\u00e9e au besoin du client.<\/p>\n<p>Voir le <a href=\"https:\/\/www.mpfiltri.com\/fr\/ressources\/knowledge-center\/connaitre-la-filtration-hydraulique\/tableau-de-comptibilite-des-fluides\/\" title=\"https:\/\/www.mpfiltri.com\/fr\/resources\/knowledge-center\/hydraulic-filtration-knowledge\/fluid-compatibility-table\/\" target=\"_blank\">tableau<\/a> correspondant pour la compatibilit\u00e9 des fluides.<\/p>\n","protected":false},"excerpt":{"rendered":"<p>Filtre retour sommet de r\u00e9servoir, filtration de l`exterieur vers l`int\u00e9rieur. Pression de service jusqu`\u00e0 8 bar (116 psi), d\u00e9bit d`huile jusqu`\u00e0 750 l\/min (198 gpm), raccordements taraud\u00e9s de G 1\/2&#8220; jusqu`\u00e0 2&#8243; BSP\/NPT\/SAE et raccordements \u00e0 brides SAE jusqu`\u00e0 2&#8243;. Conception Myclean (European Patent: n\u00b0 16181725.9). Assure la fiabilit\u00e9, la performance, l\u2019efficacit\u00e9 et la rentabilit\u00e9 [&hellip;]<\/p>\n","protected":false},"featured_media":0,"comment_status":"open","ping_status":"closed","template":"","meta":{"_acf_changed":false,"_gspb_post_css":"","inline_featured_image":false,"_genesis_hide_title":false,"_genesis_hide_breadcrumbs":false,"_genesis_hide_singular_image":false,"_genesis_hide_footer_widgets":false,"_genesis_custom_body_class":"","_genesis_custom_post_class":"","_genesis_layout":"","_links_to":"","_links_to_target":""},"product-structure":[62],"product_brand":[],"product_cat":[13160,13188,13235,13256,13229,13195,13209,13277,13125,13202,13242,13249,13289,13263,13270,13229,13277,13229,13289],"product_tag":[],"class_list":{"0":"post-77973","1":"product","2":"type-product","3":"status-publish","5":"product-structure-series","6":"product_cat-agricole-forestier","7":"product_cat-applications","8":"product_cat-chimie-petrole-gaz","9":"product_cat-emballages-et-agroalimentaire","10":"product_cat-equipement-industriel","11":"product_cat-equipement-mobile","12":"product_cat-industrie-miniere","13":"product_cat-machines-a-former","14":"product_cat-machines-pour-construction","15":"product_cat-manipulation-des-materiaux","16":"product_cat-metallurgie","17":"product_cat-production-denergie","18":"product_cat-systemes-oleodynamiques","19":"product_cat-textile-bois-pates-et-papier","20":"product_cat-traitement-des-dechets","25":"entry","27":"first","28":"instock","29":"shipping-taxable","30":"product-type-simple"},"acf":[],"yoast_head":"<!-- This site is optimized with the Yoast SEO plugin v27.2 - https:\/\/yoast.com\/product\/yoast-seo-wordpress\/ -->\n<title>MPFX - MP Filtri<\/title>\n<meta name=\"robots\" content=\"index, follow, max-snippet:-1, max-image-preview:large, max-video-preview:-1\" \/>\n<link rel=\"canonical\" href=\"https:\/\/www.mpfiltri.com\/fr\/product\/mpfx\/\" \/>\n<meta property=\"og:locale\" content=\"fr_FR\" \/>\n<meta property=\"og:type\" content=\"article\" \/>\n<meta property=\"og:title\" content=\"MPFX - MP Filtri\" \/>\n<meta property=\"og:description\" content=\"Filtre retour sommet de r\u00e9servoir, filtration de l`exterieur vers l`int\u00e9rieur. Pression de service jusqu`\u00e0 8 bar (116 psi), d\u00e9bit d`huile jusqu`\u00e0 750 l\/min (198 gpm), raccordements taraud\u00e9s de G 1\/2&#8220; jusqu`\u00e0 2&#8243; BSP\/NPT\/SAE et raccordements \u00e0 brides SAE jusqu`\u00e0 2&#8243;. Conception Myclean (European Patent: n\u00b0 16181725.9). Assure la fiabilit\u00e9, la performance, l\u2019efficacit\u00e9 et la rentabilit\u00e9 [&hellip;]\" \/>\n<meta property=\"og:url\" content=\"https:\/\/www.mpfiltri.com\/fr\/product\/mpfx\/\" \/>\n<meta property=\"og:site_name\" content=\"MP Filtri\" \/>\n<meta property=\"article:publisher\" content=\"https:\/\/www.facebook.com\/MPFiltriITA\" \/>\n<meta property=\"article:modified_time\" content=\"2026-04-02T11:22:39+00:00\" \/>\n<meta name=\"twitter:card\" content=\"summary_large_image\" \/>\n<meta name=\"twitter:label1\" content=\"Dur\u00e9e de lecture estim\u00e9e\" \/>\n\t<meta name=\"twitter:data1\" content=\"1 minute\" \/>\n<script type=\"application\/ld+json\" class=\"yoast-schema-graph\">{\"@context\":\"https:\/\/schema.org\",\"@graph\":[{\"@type\":\"WebPage\",\"@id\":\"https:\/\/www.mpfiltri.com\/fr\/product\/mpfx\/\",\"url\":\"https:\/\/www.mpfiltri.com\/fr\/product\/mpfx\/\",\"name\":\"MPFX - MP Filtri\",\"isPartOf\":{\"@id\":\"https:\/\/www.mpfiltri.com\/fr\/#website\"},\"datePublished\":\"2025-06-16T14:39:06+00:00\",\"dateModified\":\"2026-04-02T11:22:39+00:00\",\"breadcrumb\":{\"@id\":\"https:\/\/www.mpfiltri.com\/fr\/product\/mpfx\/#breadcrumb\"},\"inLanguage\":\"fr-FR\",\"potentialAction\":[{\"@type\":\"ReadAction\",\"target\":[\"https:\/\/www.mpfiltri.com\/fr\/product\/mpfx\/\"]}]},{\"@type\":\"BreadcrumbList\",\"@id\":\"https:\/\/www.mpfiltri.com\/fr\/product\/mpfx\/#breadcrumb\",\"itemListElement\":[{\"@type\":\"ListItem\",\"position\":1,\"name\":\"Home\",\"item\":\"https:\/\/www.mpfiltri.com\/fr\/\"},{\"@type\":\"ListItem\",\"position\":2,\"name\":\"Produits\",\"item\":\"https:\/\/www.mpfiltri.com\/fr\/shop\/\"},{\"@type\":\"ListItem\",\"position\":3,\"name\":\"MPFX\"}]},{\"@type\":\"WebSite\",\"@id\":\"https:\/\/www.mpfiltri.com\/fr\/#website\",\"url\":\"https:\/\/www.mpfiltri.com\/fr\/\",\"name\":\"MP Filtri\",\"description\":\"\",\"publisher\":{\"@id\":\"https:\/\/www.mpfiltri.com\/fr\/#organization\"},\"potentialAction\":[{\"@type\":\"SearchAction\",\"target\":{\"@type\":\"EntryPoint\",\"urlTemplate\":\"https:\/\/www.mpfiltri.com\/fr\/?s={search_term_string}\"},\"query-input\":{\"@type\":\"PropertyValueSpecification\",\"valueRequired\":true,\"valueName\":\"search_term_string\"}}],\"inLanguage\":\"fr-FR\"},{\"@type\":\"Organization\",\"@id\":\"https:\/\/www.mpfiltri.com\/fr\/#organization\",\"name\":\"MP Filtri\",\"url\":\"https:\/\/www.mpfiltri.com\/fr\/\",\"logo\":{\"@type\":\"ImageObject\",\"inLanguage\":\"fr-FR\",\"@id\":\"https:\/\/www.mpfiltri.com\/fr\/#\/schema\/logo\/image\/\",\"url\":\"\",\"contentUrl\":\"\",\"caption\":\"MP Filtri\"},\"image\":{\"@id\":\"https:\/\/www.mpfiltri.com\/fr\/#\/schema\/logo\/image\/\"},\"sameAs\":[\"https:\/\/www.facebook.com\/MPFiltriITA\",\"https:\/\/www.instagram.com\/mpfiltri\/\",\"https:\/\/www.youtube.com\/channel\/UCCzNMySYc1c4M-2B4v0K_QA?view_as=subscriber\",\"https:\/\/www.linkedin.com\/company\/mp-filtri-spa\/\"]}]}<\/script>\n<!-- \/ Yoast SEO plugin. -->","yoast_head_json":{"title":"MPFX - MP Filtri","robots":{"index":"index","follow":"follow","max-snippet":"max-snippet:-1","max-image-preview":"max-image-preview:large","max-video-preview":"max-video-preview:-1"},"canonical":"https:\/\/www.mpfiltri.com\/fr\/product\/mpfx\/","og_locale":"fr_FR","og_type":"article","og_title":"MPFX - MP Filtri","og_description":"Filtre retour sommet de r\u00e9servoir, filtration de l`exterieur vers l`int\u00e9rieur. Pression de service jusqu`\u00e0 8 bar (116 psi), d\u00e9bit d`huile jusqu`\u00e0 750 l\/min (198 gpm), raccordements taraud\u00e9s de G 1\/2&#8220; jusqu`\u00e0 2&#8243; BSP\/NPT\/SAE et raccordements \u00e0 brides SAE jusqu`\u00e0 2&#8243;. Conception Myclean (European Patent: n\u00b0 16181725.9). Assure la fiabilit\u00e9, la performance, l\u2019efficacit\u00e9 et la rentabilit\u00e9 [&hellip;]","og_url":"https:\/\/www.mpfiltri.com\/fr\/product\/mpfx\/","og_site_name":"MP Filtri","article_publisher":"https:\/\/www.facebook.com\/MPFiltriITA","article_modified_time":"2026-04-02T11:22:39+00:00","twitter_card":"summary_large_image","twitter_misc":{"Dur\u00e9e de lecture estim\u00e9e":"1 minute"},"schema":{"@context":"https:\/\/schema.org","@graph":[{"@type":"WebPage","@id":"https:\/\/www.mpfiltri.com\/fr\/product\/mpfx\/","url":"https:\/\/www.mpfiltri.com\/fr\/product\/mpfx\/","name":"MPFX - MP Filtri","isPartOf":{"@id":"https:\/\/www.mpfiltri.com\/fr\/#website"},"datePublished":"2025-06-16T14:39:06+00:00","dateModified":"2026-04-02T11:22:39+00:00","breadcrumb":{"@id":"https:\/\/www.mpfiltri.com\/fr\/product\/mpfx\/#breadcrumb"},"inLanguage":"fr-FR","potentialAction":[{"@type":"ReadAction","target":["https:\/\/www.mpfiltri.com\/fr\/product\/mpfx\/"]}]},{"@type":"BreadcrumbList","@id":"https:\/\/www.mpfiltri.com\/fr\/product\/mpfx\/#breadcrumb","itemListElement":[{"@type":"ListItem","position":1,"name":"Home","item":"https:\/\/www.mpfiltri.com\/fr\/"},{"@type":"ListItem","position":2,"name":"Produits","item":"https:\/\/www.mpfiltri.com\/fr\/shop\/"},{"@type":"ListItem","position":3,"name":"MPFX"}]},{"@type":"WebSite","@id":"https:\/\/www.mpfiltri.com\/fr\/#website","url":"https:\/\/www.mpfiltri.com\/fr\/","name":"MP Filtri","description":"","publisher":{"@id":"https:\/\/www.mpfiltri.com\/fr\/#organization"},"potentialAction":[{"@type":"SearchAction","target":{"@type":"EntryPoint","urlTemplate":"https:\/\/www.mpfiltri.com\/fr\/?s={search_term_string}"},"query-input":{"@type":"PropertyValueSpecification","valueRequired":true,"valueName":"search_term_string"}}],"inLanguage":"fr-FR"},{"@type":"Organization","@id":"https:\/\/www.mpfiltri.com\/fr\/#organization","name":"MP Filtri","url":"https:\/\/www.mpfiltri.com\/fr\/","logo":{"@type":"ImageObject","inLanguage":"fr-FR","@id":"https:\/\/www.mpfiltri.com\/fr\/#\/schema\/logo\/image\/","url":"","contentUrl":"","caption":"MP Filtri"},"image":{"@id":"https:\/\/www.mpfiltri.com\/fr\/#\/schema\/logo\/image\/"},"sameAs":["https:\/\/www.facebook.com\/MPFiltriITA","https:\/\/www.instagram.com\/mpfiltri\/","https:\/\/www.youtube.com\/channel\/UCCzNMySYc1c4M-2B4v0K_QA?view_as=subscriber","https:\/\/www.linkedin.com\/company\/mp-filtri-spa\/"]}]}},"_links":{"self":[{"href":"https:\/\/www.mpfiltri.com\/fr\/wp-json\/wp\/v2\/product\/77973","targetHints":{"allow":["GET"]}}],"collection":[{"href":"https:\/\/www.mpfiltri.com\/fr\/wp-json\/wp\/v2\/product"}],"about":[{"href":"https:\/\/www.mpfiltri.com\/fr\/wp-json\/wp\/v2\/types\/product"}],"replies":[{"embeddable":true,"href":"https:\/\/www.mpfiltri.com\/fr\/wp-json\/wp\/v2\/comments?post=77973"}],"wp:attachment":[{"href":"https:\/\/www.mpfiltri.com\/fr\/wp-json\/wp\/v2\/media?parent=77973"}],"wp:term":[{"taxonomy":"product-structure","embeddable":true,"href":"https:\/\/www.mpfiltri.com\/fr\/wp-json\/wp\/v2\/product-structure?post=77973"},{"taxonomy":"product_brand","embeddable":true,"href":"https:\/\/www.mpfiltri.com\/fr\/wp-json\/wp\/v2\/product_brand?post=77973"},{"taxonomy":"product_cat","embeddable":true,"href":"https:\/\/www.mpfiltri.com\/fr\/wp-json\/wp\/v2\/product_cat?post=77973"},{"taxonomy":"product_tag","embeddable":true,"href":"https:\/\/www.mpfiltri.com\/fr\/wp-json\/wp\/v2\/product_tag?post=77973"}],"curies":[{"name":"wp","href":"https:\/\/api.w.org\/{rel}","templated":true}]}}