

{"id":77971,"date":"2025-06-16T16:40:58","date_gmt":"2025-06-16T14:40:58","guid":{"rendered":"https:\/\/www.mpfiltri.com\/product\/produit-3\/"},"modified":"2026-04-01T16:23:58","modified_gmt":"2026-04-01T14:23:58","slug":"ufm919-2","status":"publish","type":"product","link":"https:\/\/www.mpfiltri.com\/fr\/product\/ufm919-2\/","title":{"rendered":"UFM919"},"content":{"rendered":"<p>\u2022 L`UFM919 est un groupe de transfert et de filtration mobile pour des volumes importants (1,800\/2,700lt)<\/p>\n<p>\u2022 Facile \u00e0 manipuler gr\u00e2ce \u00e0 l`utilisation d`un ch\u00e2ssis sur roues et d`une poign\u00e9e ergonomique<\/p>\n<p>\u2022 Il est \u00e9quip\u00e9 d`un corps de filtre LMP de grande taille<\/p>\n<p>\u2022 D\u00e9bit 90 et 180 l \/ min<\/p>\n<p>\u2022 Pression de service max 10bar<\/p>\n<p>\u2022 Moteur \u00e9lectrique triphas\u00e9<\/p>\n<p>\u2022 Disponible avec compteur de particules ICM en option<\/p>\n<p>\u2022 Quatre roues et poign\u00e9e int\u00e9gr\u00e9es pour une manuipulation ais\u00e9e<\/p>\n<p>\u2022 Utilisation simple<\/p>\n<p>\u2022 Pompe \u00e0 vis pour des d\u00e9bits \u00e9lev\u00e9s et un niveau de bruit r\u00e9duit<\/p>\n<p>\u2022 Double vitesse programmable du moteur \u00e9lectrique pour deux d\u00e9bits diff\u00e9rents<\/p>\n<p>\u2022 Entretien facile gr\u00e2ce \u00e0 la s\u00e9rie de filtres LMP<\/p>\n<p>\u2022 Filtre d\u2019aspiration pour prot\u00e9ger la pompe<\/p>\n<p>\u2022 Filtre LMP en longueur 6 offrant une grande surface de filtration<\/p>\n<p>\u2022 Filtration absolue<\/p>\n<p>\u2022 Large s\u00e9lection de m\u00e9dias filtrants<\/p>\n<p>\u2022 Version avec moteur triphas\u00e9 pour une utilisation continue et prolong\u00e9e<\/p>\n<p>\u2022 Indicateur de pression diff\u00e9rentiel \u00e9lectrique plus manom\u00e8tre pour surveiller la pression<\/p>\n<p>  dans le filtre<\/p>\n<p>\u2022 Nouveau compteur de particules ICM2.0 associ\u00e9 \u00e0 un deuxi\u00e8me groupe<\/p>\n<p>  moto-pompe int\u00e9gr\u00e9<\/p>\n","protected":false},"excerpt":{"rendered":"<p>\u2022 L`UFM919 est un groupe de transfert et de filtration mobile pour des volumes importants (1,800\/2,700lt) \u2022 Facile \u00e0 manipuler gr\u00e2ce \u00e0 l`utilisation d`un ch\u00e2ssis sur roues et d`une poign\u00e9e ergonomique \u2022 Il est \u00e9quip\u00e9 d`un corps de filtre LMP de grande taille \u2022 D\u00e9bit 90 et 180 l \/ min \u2022 Pression de service [&hellip;]<\/p>\n","protected":false},"featured_media":0,"comment_status":"open","ping_status":"closed","template":"","meta":{"_acf_changed":false,"_gspb_post_css":"","inline_featured_image":false,"_genesis_hide_title":false,"_genesis_hide_breadcrumbs":false,"_genesis_hide_singular_image":false,"_genesis_hide_footer_widgets":false,"_genesis_custom_body_class":"","_genesis_custom_post_class":"","_genesis_layout":"","_links_to":"","_links_to_target":""},"product-structure":[62],"product_brand":[],"product_cat":[13160,13188,13229,13195,13394,13125,13242,13387,13249,13289,13216],"product_tag":[],"class_list":{"0":"post-77971","1":"product","2":"type-product","3":"status-publish","5":"product-structure-series","6":"product_cat-agricole-forestier","7":"product_cat-applications","8":"product_cat-equipement-industriel","9":"product_cat-equipement-mobile","10":"product_cat-global","11":"product_cat-machines-pour-construction","12":"product_cat-metallurgie","13":"product_cat-multimarket","14":"product_cat-production-denergie","15":"product_cat-systemes-oleodynamiques","16":"product_cat-vehicules-aeronautiques-et-marines","17":"entry","19":"first","20":"instock","21":"shipping-taxable","22":"product-type-simple"},"acf":[],"yoast_head":"<!-- This site is optimized with the Yoast SEO plugin v27.2 - https:\/\/yoast.com\/product\/yoast-seo-wordpress\/ -->\n<title>UFM919 - MP Filtri<\/title>\n<meta name=\"robots\" content=\"index, follow, max-snippet:-1, max-image-preview:large, max-video-preview:-1\" \/>\n<link rel=\"canonical\" href=\"https:\/\/www.mpfiltri.com\/fr\/product\/ufm919-2\/\" \/>\n<meta property=\"og:locale\" content=\"fr_FR\" \/>\n<meta property=\"og:type\" content=\"article\" \/>\n<meta property=\"og:title\" content=\"UFM919 - MP Filtri\" \/>\n<meta property=\"og:description\" content=\"\u2022 L`UFM919 est un groupe de transfert et de filtration mobile pour des volumes importants (1,800\/2,700lt) \u2022 Facile \u00e0 manipuler gr\u00e2ce \u00e0 l`utilisation d`un ch\u00e2ssis sur roues et d`une poign\u00e9e ergonomique \u2022 Il est \u00e9quip\u00e9 d`un corps de filtre LMP de grande taille \u2022 D\u00e9bit 90 et 180 l \/ min \u2022 Pression de service [&hellip;]\" \/>\n<meta property=\"og:url\" content=\"https:\/\/www.mpfiltri.com\/fr\/product\/ufm919-2\/\" \/>\n<meta property=\"og:site_name\" content=\"MP Filtri\" \/>\n<meta property=\"article:publisher\" content=\"https:\/\/www.facebook.com\/MPFiltriITA\" \/>\n<meta property=\"article:modified_time\" content=\"2026-04-01T14:23:58+00:00\" \/>\n<meta name=\"twitter:card\" content=\"summary_large_image\" \/>\n<meta name=\"twitter:label1\" content=\"Dur\u00e9e de lecture estim\u00e9e\" \/>\n\t<meta name=\"twitter:data1\" content=\"1 minute\" \/>\n<script type=\"application\/ld+json\" class=\"yoast-schema-graph\">{\"@context\":\"https:\/\/schema.org\",\"@graph\":[{\"@type\":\"WebPage\",\"@id\":\"https:\/\/www.mpfiltri.com\/fr\/product\/ufm919-2\/\",\"url\":\"https:\/\/www.mpfiltri.com\/fr\/product\/ufm919-2\/\",\"name\":\"UFM919 - MP Filtri\",\"isPartOf\":{\"@id\":\"https:\/\/www.mpfiltri.com\/fr\/#website\"},\"datePublished\":\"2025-06-16T14:40:58+00:00\",\"dateModified\":\"2026-04-01T14:23:58+00:00\",\"breadcrumb\":{\"@id\":\"https:\/\/www.mpfiltri.com\/fr\/product\/ufm919-2\/#breadcrumb\"},\"inLanguage\":\"fr-FR\",\"potentialAction\":[{\"@type\":\"ReadAction\",\"target\":[\"https:\/\/www.mpfiltri.com\/fr\/product\/ufm919-2\/\"]}]},{\"@type\":\"BreadcrumbList\",\"@id\":\"https:\/\/www.mpfiltri.com\/fr\/product\/ufm919-2\/#breadcrumb\",\"itemListElement\":[{\"@type\":\"ListItem\",\"position\":1,\"name\":\"Home\",\"item\":\"https:\/\/www.mpfiltri.com\/fr\/\"},{\"@type\":\"ListItem\",\"position\":2,\"name\":\"Produits\",\"item\":\"https:\/\/www.mpfiltri.com\/fr\/shop\/\"},{\"@type\":\"ListItem\",\"position\":3,\"name\":\"UFM919\"}]},{\"@type\":\"WebSite\",\"@id\":\"https:\/\/www.mpfiltri.com\/fr\/#website\",\"url\":\"https:\/\/www.mpfiltri.com\/fr\/\",\"name\":\"MP Filtri\",\"description\":\"\",\"publisher\":{\"@id\":\"https:\/\/www.mpfiltri.com\/fr\/#organization\"},\"potentialAction\":[{\"@type\":\"SearchAction\",\"target\":{\"@type\":\"EntryPoint\",\"urlTemplate\":\"https:\/\/www.mpfiltri.com\/fr\/?s={search_term_string}\"},\"query-input\":{\"@type\":\"PropertyValueSpecification\",\"valueRequired\":true,\"valueName\":\"search_term_string\"}}],\"inLanguage\":\"fr-FR\"},{\"@type\":\"Organization\",\"@id\":\"https:\/\/www.mpfiltri.com\/fr\/#organization\",\"name\":\"MP Filtri\",\"url\":\"https:\/\/www.mpfiltri.com\/fr\/\",\"logo\":{\"@type\":\"ImageObject\",\"inLanguage\":\"fr-FR\",\"@id\":\"https:\/\/www.mpfiltri.com\/fr\/#\/schema\/logo\/image\/\",\"url\":\"\",\"contentUrl\":\"\",\"caption\":\"MP Filtri\"},\"image\":{\"@id\":\"https:\/\/www.mpfiltri.com\/fr\/#\/schema\/logo\/image\/\"},\"sameAs\":[\"https:\/\/www.facebook.com\/MPFiltriITA\",\"https:\/\/www.instagram.com\/mpfiltri\/\",\"https:\/\/www.youtube.com\/channel\/UCCzNMySYc1c4M-2B4v0K_QA?view_as=subscriber\",\"https:\/\/www.linkedin.com\/company\/mp-filtri-spa\/\"]}]}<\/script>\n<!-- \/ Yoast SEO plugin. -->","yoast_head_json":{"title":"UFM919 - MP Filtri","robots":{"index":"index","follow":"follow","max-snippet":"max-snippet:-1","max-image-preview":"max-image-preview:large","max-video-preview":"max-video-preview:-1"},"canonical":"https:\/\/www.mpfiltri.com\/fr\/product\/ufm919-2\/","og_locale":"fr_FR","og_type":"article","og_title":"UFM919 - MP Filtri","og_description":"\u2022 L`UFM919 est un groupe de transfert et de filtration mobile pour des volumes importants (1,800\/2,700lt) \u2022 Facile \u00e0 manipuler gr\u00e2ce \u00e0 l`utilisation d`un ch\u00e2ssis sur roues et d`une poign\u00e9e ergonomique \u2022 Il est \u00e9quip\u00e9 d`un corps de filtre LMP de grande taille \u2022 D\u00e9bit 90 et 180 l \/ min \u2022 Pression de service [&hellip;]","og_url":"https:\/\/www.mpfiltri.com\/fr\/product\/ufm919-2\/","og_site_name":"MP Filtri","article_publisher":"https:\/\/www.facebook.com\/MPFiltriITA","article_modified_time":"2026-04-01T14:23:58+00:00","twitter_card":"summary_large_image","twitter_misc":{"Dur\u00e9e de lecture estim\u00e9e":"1 minute"},"schema":{"@context":"https:\/\/schema.org","@graph":[{"@type":"WebPage","@id":"https:\/\/www.mpfiltri.com\/fr\/product\/ufm919-2\/","url":"https:\/\/www.mpfiltri.com\/fr\/product\/ufm919-2\/","name":"UFM919 - MP Filtri","isPartOf":{"@id":"https:\/\/www.mpfiltri.com\/fr\/#website"},"datePublished":"2025-06-16T14:40:58+00:00","dateModified":"2026-04-01T14:23:58+00:00","breadcrumb":{"@id":"https:\/\/www.mpfiltri.com\/fr\/product\/ufm919-2\/#breadcrumb"},"inLanguage":"fr-FR","potentialAction":[{"@type":"ReadAction","target":["https:\/\/www.mpfiltri.com\/fr\/product\/ufm919-2\/"]}]},{"@type":"BreadcrumbList","@id":"https:\/\/www.mpfiltri.com\/fr\/product\/ufm919-2\/#breadcrumb","itemListElement":[{"@type":"ListItem","position":1,"name":"Home","item":"https:\/\/www.mpfiltri.com\/fr\/"},{"@type":"ListItem","position":2,"name":"Produits","item":"https:\/\/www.mpfiltri.com\/fr\/shop\/"},{"@type":"ListItem","position":3,"name":"UFM919"}]},{"@type":"WebSite","@id":"https:\/\/www.mpfiltri.com\/fr\/#website","url":"https:\/\/www.mpfiltri.com\/fr\/","name":"MP Filtri","description":"","publisher":{"@id":"https:\/\/www.mpfiltri.com\/fr\/#organization"},"potentialAction":[{"@type":"SearchAction","target":{"@type":"EntryPoint","urlTemplate":"https:\/\/www.mpfiltri.com\/fr\/?s={search_term_string}"},"query-input":{"@type":"PropertyValueSpecification","valueRequired":true,"valueName":"search_term_string"}}],"inLanguage":"fr-FR"},{"@type":"Organization","@id":"https:\/\/www.mpfiltri.com\/fr\/#organization","name":"MP Filtri","url":"https:\/\/www.mpfiltri.com\/fr\/","logo":{"@type":"ImageObject","inLanguage":"fr-FR","@id":"https:\/\/www.mpfiltri.com\/fr\/#\/schema\/logo\/image\/","url":"","contentUrl":"","caption":"MP Filtri"},"image":{"@id":"https:\/\/www.mpfiltri.com\/fr\/#\/schema\/logo\/image\/"},"sameAs":["https:\/\/www.facebook.com\/MPFiltriITA","https:\/\/www.instagram.com\/mpfiltri\/","https:\/\/www.youtube.com\/channel\/UCCzNMySYc1c4M-2B4v0K_QA?view_as=subscriber","https:\/\/www.linkedin.com\/company\/mp-filtri-spa\/"]}]}},"_links":{"self":[{"href":"https:\/\/www.mpfiltri.com\/fr\/wp-json\/wp\/v2\/product\/77971","targetHints":{"allow":["GET"]}}],"collection":[{"href":"https:\/\/www.mpfiltri.com\/fr\/wp-json\/wp\/v2\/product"}],"about":[{"href":"https:\/\/www.mpfiltri.com\/fr\/wp-json\/wp\/v2\/types\/product"}],"replies":[{"embeddable":true,"href":"https:\/\/www.mpfiltri.com\/fr\/wp-json\/wp\/v2\/comments?post=77971"}],"wp:attachment":[{"href":"https:\/\/www.mpfiltri.com\/fr\/wp-json\/wp\/v2\/media?parent=77971"}],"wp:term":[{"taxonomy":"product-structure","embeddable":true,"href":"https:\/\/www.mpfiltri.com\/fr\/wp-json\/wp\/v2\/product-structure?post=77971"},{"taxonomy":"product_brand","embeddable":true,"href":"https:\/\/www.mpfiltri.com\/fr\/wp-json\/wp\/v2\/product_brand?post=77971"},{"taxonomy":"product_cat","embeddable":true,"href":"https:\/\/www.mpfiltri.com\/fr\/wp-json\/wp\/v2\/product_cat?post=77971"},{"taxonomy":"product_tag","embeddable":true,"href":"https:\/\/www.mpfiltri.com\/fr\/wp-json\/wp\/v2\/product_tag?post=77971"}],"curies":[{"name":"wp","href":"https:\/\/api.w.org\/{rel}","templated":true}]}}