

{"id":77917,"date":"2025-10-22T10:35:05","date_gmt":"2025-10-22T08:35:05","guid":{"rendered":"https:\/\/www.mpfiltri.com\/product\/produit-2\/"},"modified":"2026-04-03T14:37:07","modified_gmt":"2026-04-03T12:37:07","slug":"filtration-hydraulique","status":"publish","type":"product","link":"https:\/\/www.mpfiltri.com\/fr\/product\/filtration-hydraulique\/","title":{"rendered":"FILTRATION HYDRAULIQUE"},"content":{"rendered":"<p>MP Filtri propose une gamme compl\u00e8te de solutions de filtration hydraulique de haute qualit\u00e9, con\u00e7ues pour assurer une maintenance efficace des huiles et des fluides, contribuant \u00e0 un fonctionnement s\u00fbr, fiable et \u00e9conomiquement performant des installations ; en emp\u00eachant la contamination et en \u00e9liminant les particules nocives des huiles hydrauliques et autres fluides de process, ces syst\u00e8mes jouent un r\u00f4le essentiel dans la r\u00e9duction des co\u00fbts de maintenance, la minimisation des temps d\u2019arr\u00eat et l\u2019extension de la dur\u00e9e de vie des composants, des machines et des installations.<\/p>\n<p>L\u2019offre de produits de filtration hydraulique MP Filtri se compose de diff\u00e9rentes familles de filtres, en fonction de l\u2019application et des caract\u00e9ristiques techniques associ\u00e9es <\/p>\n<p>Tous les \u00e9l\u00e9ments filtrants con\u00e7us et fabriqu\u00e9s par MP Filtri reposent sur des technologies test\u00e9es en laboratoire et \u00e9prouv\u00e9es sur une large gamme d\u2019applications pour fluides.<\/p>\n<p>Les indicateurs de colmatage sont des accessoires essentiels qui offrent une solution id\u00e9ale pour surveiller les performances et le bon fonctionnement des filtres MP Filtri dans le temps, garantissant une maintenance opportune et une efficacit\u00e9 constante du syst\u00e8me.<\/p>\n","protected":false},"excerpt":{"rendered":"<p>MP Filtri propose une gamme compl\u00e8te de solutions de filtration hydraulique de haute qualit\u00e9, con\u00e7ues pour assurer une maintenance efficace des huiles et des fluides, contribuant \u00e0 un fonctionnement s\u00fbr, fiable et \u00e9conomiquement performant des installations ; en emp\u00eachant la contamination et en \u00e9liminant les particules nocives des huiles hydrauliques et autres fluides de process, [&hellip;]<\/p>\n","protected":false},"featured_media":81742,"comment_status":"open","ping_status":"closed","template":"","meta":{"_acf_changed":false,"_gspb_post_css":"","inline_featured_image":false,"_genesis_hide_title":false,"_genesis_hide_breadcrumbs":false,"_genesis_hide_singular_image":false,"_genesis_hide_footer_widgets":false,"_genesis_custom_body_class":"","_genesis_custom_post_class":"","_genesis_layout":"","_links_to":"","_links_to_target":""},"product-structure":[60],"product_brand":[],"product_cat":[],"product_tag":[],"class_list":{"0":"post-77917","1":"product","2":"type-product","3":"status-publish","4":"has-post-thumbnail","6":"product-structure-catalogue","7":"entry","9":"first","10":"instock","11":"shipping-taxable","12":"product-type-simple"},"acf":[],"yoast_head":"<!-- This site is optimized with the Yoast SEO plugin v27.2 - https:\/\/yoast.com\/product\/yoast-seo-wordpress\/ -->\n<title>FILTRATION HYDRAULIQUE - MP Filtri<\/title>\n<meta name=\"robots\" content=\"index, follow, max-snippet:-1, max-image-preview:large, max-video-preview:-1\" \/>\n<link rel=\"canonical\" href=\"https:\/\/www.mpfiltri.com\/fr\/product\/filtration-hydraulique\/\" \/>\n<meta property=\"og:locale\" content=\"fr_FR\" \/>\n<meta property=\"og:type\" content=\"article\" \/>\n<meta property=\"og:title\" content=\"FILTRATION HYDRAULIQUE - MP Filtri\" \/>\n<meta property=\"og:description\" content=\"MP Filtri propose une gamme compl\u00e8te de solutions de filtration hydraulique de haute qualit\u00e9, con\u00e7ues pour assurer une maintenance efficace des huiles et des fluides, contribuant \u00e0 un fonctionnement s\u00fbr, fiable et \u00e9conomiquement performant des installations ; en emp\u00eachant la contamination et en \u00e9liminant les particules nocives des huiles hydrauliques et autres fluides de process, [&hellip;]\" \/>\n<meta property=\"og:url\" content=\"https:\/\/www.mpfiltri.com\/fr\/product\/filtration-hydraulique\/\" \/>\n<meta property=\"og:site_name\" content=\"MP Filtri\" \/>\n<meta property=\"article:publisher\" content=\"https:\/\/www.facebook.com\/MPFiltriITA\" \/>\n<meta property=\"article:modified_time\" content=\"2026-04-03T12:37:07+00:00\" \/>\n<meta property=\"og:image\" content=\"https:\/\/www.mpfiltri.com\/wp-content\/uploads\/2026\/03\/HF-2.png\" \/>\n\t<meta property=\"og:image:width\" content=\"313\" \/>\n\t<meta property=\"og:image:height\" content=\"313\" \/>\n\t<meta property=\"og:image:type\" content=\"image\/png\" \/>\n<meta name=\"twitter:card\" content=\"summary_large_image\" \/>\n<meta name=\"twitter:label1\" content=\"Dur\u00e9e de lecture estim\u00e9e\" \/>\n\t<meta name=\"twitter:data1\" content=\"1 minute\" \/>\n<script type=\"application\/ld+json\" class=\"yoast-schema-graph\">{\"@context\":\"https:\/\/schema.org\",\"@graph\":[{\"@type\":\"WebPage\",\"@id\":\"https:\/\/www.mpfiltri.com\/fr\/product\/filtration-hydraulique\/\",\"url\":\"https:\/\/www.mpfiltri.com\/fr\/product\/filtration-hydraulique\/\",\"name\":\"FILTRATION HYDRAULIQUE - MP Filtri\",\"isPartOf\":{\"@id\":\"https:\/\/www.mpfiltri.com\/fr\/#website\"},\"primaryImageOfPage\":{\"@id\":\"https:\/\/www.mpfiltri.com\/fr\/product\/filtration-hydraulique\/#primaryimage\"},\"image\":{\"@id\":\"https:\/\/www.mpfiltri.com\/fr\/product\/filtration-hydraulique\/#primaryimage\"},\"thumbnailUrl\":\"https:\/\/www.mpfiltri.com\/wp-content\/uploads\/2026\/03\/HF-2.png\",\"datePublished\":\"2025-10-22T08:35:05+00:00\",\"dateModified\":\"2026-04-03T12:37:07+00:00\",\"breadcrumb\":{\"@id\":\"https:\/\/www.mpfiltri.com\/fr\/product\/filtration-hydraulique\/#breadcrumb\"},\"inLanguage\":\"fr-FR\",\"potentialAction\":[{\"@type\":\"ReadAction\",\"target\":[\"https:\/\/www.mpfiltri.com\/fr\/product\/filtration-hydraulique\/\"]}]},{\"@type\":\"ImageObject\",\"inLanguage\":\"fr-FR\",\"@id\":\"https:\/\/www.mpfiltri.com\/fr\/product\/filtration-hydraulique\/#primaryimage\",\"url\":\"https:\/\/www.mpfiltri.com\/wp-content\/uploads\/2026\/03\/HF-2.png\",\"contentUrl\":\"https:\/\/www.mpfiltri.com\/wp-content\/uploads\/2026\/03\/HF-2.png\",\"width\":313,\"height\":313},{\"@type\":\"BreadcrumbList\",\"@id\":\"https:\/\/www.mpfiltri.com\/fr\/product\/filtration-hydraulique\/#breadcrumb\",\"itemListElement\":[{\"@type\":\"ListItem\",\"position\":1,\"name\":\"Home\",\"item\":\"https:\/\/www.mpfiltri.com\/fr\/\"},{\"@type\":\"ListItem\",\"position\":2,\"name\":\"Produits\",\"item\":\"https:\/\/www.mpfiltri.com\/fr\/shop\/\"},{\"@type\":\"ListItem\",\"position\":3,\"name\":\"FILTRATION HYDRAULIQUE\"}]},{\"@type\":\"WebSite\",\"@id\":\"https:\/\/www.mpfiltri.com\/fr\/#website\",\"url\":\"https:\/\/www.mpfiltri.com\/fr\/\",\"name\":\"MP Filtri\",\"description\":\"\",\"publisher\":{\"@id\":\"https:\/\/www.mpfiltri.com\/fr\/#organization\"},\"potentialAction\":[{\"@type\":\"SearchAction\",\"target\":{\"@type\":\"EntryPoint\",\"urlTemplate\":\"https:\/\/www.mpfiltri.com\/fr\/?s={search_term_string}\"},\"query-input\":{\"@type\":\"PropertyValueSpecification\",\"valueRequired\":true,\"valueName\":\"search_term_string\"}}],\"inLanguage\":\"fr-FR\"},{\"@type\":\"Organization\",\"@id\":\"https:\/\/www.mpfiltri.com\/fr\/#organization\",\"name\":\"MP Filtri\",\"url\":\"https:\/\/www.mpfiltri.com\/fr\/\",\"logo\":{\"@type\":\"ImageObject\",\"inLanguage\":\"fr-FR\",\"@id\":\"https:\/\/www.mpfiltri.com\/fr\/#\/schema\/logo\/image\/\",\"url\":\"\",\"contentUrl\":\"\",\"caption\":\"MP Filtri\"},\"image\":{\"@id\":\"https:\/\/www.mpfiltri.com\/fr\/#\/schema\/logo\/image\/\"},\"sameAs\":[\"https:\/\/www.facebook.com\/MPFiltriITA\",\"https:\/\/www.instagram.com\/mpfiltri\/\",\"https:\/\/www.youtube.com\/channel\/UCCzNMySYc1c4M-2B4v0K_QA?view_as=subscriber\",\"https:\/\/www.linkedin.com\/company\/mp-filtri-spa\/\"]}]}<\/script>\n<!-- \/ Yoast SEO plugin. -->","yoast_head_json":{"title":"FILTRATION HYDRAULIQUE - MP Filtri","robots":{"index":"index","follow":"follow","max-snippet":"max-snippet:-1","max-image-preview":"max-image-preview:large","max-video-preview":"max-video-preview:-1"},"canonical":"https:\/\/www.mpfiltri.com\/fr\/product\/filtration-hydraulique\/","og_locale":"fr_FR","og_type":"article","og_title":"FILTRATION HYDRAULIQUE - MP Filtri","og_description":"MP Filtri propose une gamme compl\u00e8te de solutions de filtration hydraulique de haute qualit\u00e9, con\u00e7ues pour assurer une maintenance efficace des huiles et des fluides, contribuant \u00e0 un fonctionnement s\u00fbr, fiable et \u00e9conomiquement performant des installations ; en emp\u00eachant la contamination et en \u00e9liminant les particules nocives des huiles hydrauliques et autres fluides de process, [&hellip;]","og_url":"https:\/\/www.mpfiltri.com\/fr\/product\/filtration-hydraulique\/","og_site_name":"MP Filtri","article_publisher":"https:\/\/www.facebook.com\/MPFiltriITA","article_modified_time":"2026-04-03T12:37:07+00:00","og_image":[{"width":313,"height":313,"url":"https:\/\/www.mpfiltri.com\/wp-content\/uploads\/2026\/03\/HF-2.png","type":"image\/png"}],"twitter_card":"summary_large_image","twitter_misc":{"Dur\u00e9e de lecture estim\u00e9e":"1 minute"},"schema":{"@context":"https:\/\/schema.org","@graph":[{"@type":"WebPage","@id":"https:\/\/www.mpfiltri.com\/fr\/product\/filtration-hydraulique\/","url":"https:\/\/www.mpfiltri.com\/fr\/product\/filtration-hydraulique\/","name":"FILTRATION HYDRAULIQUE - MP Filtri","isPartOf":{"@id":"https:\/\/www.mpfiltri.com\/fr\/#website"},"primaryImageOfPage":{"@id":"https:\/\/www.mpfiltri.com\/fr\/product\/filtration-hydraulique\/#primaryimage"},"image":{"@id":"https:\/\/www.mpfiltri.com\/fr\/product\/filtration-hydraulique\/#primaryimage"},"thumbnailUrl":"https:\/\/www.mpfiltri.com\/wp-content\/uploads\/2026\/03\/HF-2.png","datePublished":"2025-10-22T08:35:05+00:00","dateModified":"2026-04-03T12:37:07+00:00","breadcrumb":{"@id":"https:\/\/www.mpfiltri.com\/fr\/product\/filtration-hydraulique\/#breadcrumb"},"inLanguage":"fr-FR","potentialAction":[{"@type":"ReadAction","target":["https:\/\/www.mpfiltri.com\/fr\/product\/filtration-hydraulique\/"]}]},{"@type":"ImageObject","inLanguage":"fr-FR","@id":"https:\/\/www.mpfiltri.com\/fr\/product\/filtration-hydraulique\/#primaryimage","url":"https:\/\/www.mpfiltri.com\/wp-content\/uploads\/2026\/03\/HF-2.png","contentUrl":"https:\/\/www.mpfiltri.com\/wp-content\/uploads\/2026\/03\/HF-2.png","width":313,"height":313},{"@type":"BreadcrumbList","@id":"https:\/\/www.mpfiltri.com\/fr\/product\/filtration-hydraulique\/#breadcrumb","itemListElement":[{"@type":"ListItem","position":1,"name":"Home","item":"https:\/\/www.mpfiltri.com\/fr\/"},{"@type":"ListItem","position":2,"name":"Produits","item":"https:\/\/www.mpfiltri.com\/fr\/shop\/"},{"@type":"ListItem","position":3,"name":"FILTRATION HYDRAULIQUE"}]},{"@type":"WebSite","@id":"https:\/\/www.mpfiltri.com\/fr\/#website","url":"https:\/\/www.mpfiltri.com\/fr\/","name":"MP Filtri","description":"","publisher":{"@id":"https:\/\/www.mpfiltri.com\/fr\/#organization"},"potentialAction":[{"@type":"SearchAction","target":{"@type":"EntryPoint","urlTemplate":"https:\/\/www.mpfiltri.com\/fr\/?s={search_term_string}"},"query-input":{"@type":"PropertyValueSpecification","valueRequired":true,"valueName":"search_term_string"}}],"inLanguage":"fr-FR"},{"@type":"Organization","@id":"https:\/\/www.mpfiltri.com\/fr\/#organization","name":"MP Filtri","url":"https:\/\/www.mpfiltri.com\/fr\/","logo":{"@type":"ImageObject","inLanguage":"fr-FR","@id":"https:\/\/www.mpfiltri.com\/fr\/#\/schema\/logo\/image\/","url":"","contentUrl":"","caption":"MP Filtri"},"image":{"@id":"https:\/\/www.mpfiltri.com\/fr\/#\/schema\/logo\/image\/"},"sameAs":["https:\/\/www.facebook.com\/MPFiltriITA","https:\/\/www.instagram.com\/mpfiltri\/","https:\/\/www.youtube.com\/channel\/UCCzNMySYc1c4M-2B4v0K_QA?view_as=subscriber","https:\/\/www.linkedin.com\/company\/mp-filtri-spa\/"]}]}},"_links":{"self":[{"href":"https:\/\/www.mpfiltri.com\/fr\/wp-json\/wp\/v2\/product\/77917","targetHints":{"allow":["GET"]}}],"collection":[{"href":"https:\/\/www.mpfiltri.com\/fr\/wp-json\/wp\/v2\/product"}],"about":[{"href":"https:\/\/www.mpfiltri.com\/fr\/wp-json\/wp\/v2\/types\/product"}],"replies":[{"embeddable":true,"href":"https:\/\/www.mpfiltri.com\/fr\/wp-json\/wp\/v2\/comments?post=77917"}],"wp:featuredmedia":[{"embeddable":true,"href":"https:\/\/www.mpfiltri.com\/fr\/wp-json\/wp\/v2\/media\/81742"}],"wp:attachment":[{"href":"https:\/\/www.mpfiltri.com\/fr\/wp-json\/wp\/v2\/media?parent=77917"}],"wp:term":[{"taxonomy":"product-structure","embeddable":true,"href":"https:\/\/www.mpfiltri.com\/fr\/wp-json\/wp\/v2\/product-structure?post=77917"},{"taxonomy":"product_brand","embeddable":true,"href":"https:\/\/www.mpfiltri.com\/fr\/wp-json\/wp\/v2\/product_brand?post=77917"},{"taxonomy":"product_cat","embeddable":true,"href":"https:\/\/www.mpfiltri.com\/fr\/wp-json\/wp\/v2\/product_cat?post=77917"},{"taxonomy":"product_tag","embeddable":true,"href":"https:\/\/www.mpfiltri.com\/fr\/wp-json\/wp\/v2\/product_tag?post=77917"}],"curies":[{"name":"wp","href":"https:\/\/api.w.org\/{rel}","templated":true}]}}