

{"id":77884,"date":"2025-06-16T16:42:32","date_gmt":"2025-06-16T14:42:32","guid":{"rendered":"https:\/\/www.mpfiltri.com\/product\/produit-2\/"},"modified":"2026-04-01T16:23:46","modified_gmt":"2026-04-01T14:23:46","slug":"lmd-400-401-431","status":"publish","type":"product","link":"https:\/\/www.mpfiltri.com\/fr\/product\/lmd-400-401-431\/","title":{"rendered":"LMD 400 &#8211; 401 &#8211; 431"},"content":{"rendered":"<p>Filtre duplex en ligne basse pression avec bouchon de drain (LMD 400-401) et bouchon de purge pour les versions avec maintenance par le dessus (LMD 431). Pression de service jusqu`\u00e0 16 bar (232 psi), d\u00e9bit d`huile jusqu`\u00e0 590 l\/min (156 gpm), raccordements \u00e0 brides SAE en 2&#8243; 1\/2.<\/p>\n<p>Filtre duplex montage en ligne pour d\u00e9bit moyen et basse pression avec une large gamme de m\u00e9dias d\u2019filtrants, y compris de r\u00e9tention d\u2019eau. Con\u00e7u pour permettre le remplacement des \u00e9l\u00e9ments filtrants dans les op\u00e9rations de maintenance de machines en fonctionnement permanent, disponible avec t\u00eate en haut ou en bas facilitant le changement des \u00e9l\u00e9ments et une perte d\u2019huile minimale.<\/p>\n<p>Voir le tableau correspondant pour la compatibilit\u00e9 des fluides.<\/p><\/p>\n","protected":false},"excerpt":{"rendered":"<p>Filtre duplex en ligne basse pression avec bouchon de drain (LMD 400-401) et bouchon de purge pour les versions avec maintenance par le dessus (LMD 431). Pression de service jusqu`\u00e0 16 bar (232 psi), d\u00e9bit d`huile jusqu`\u00e0 590 l\/min (156 gpm), raccordements \u00e0 brides SAE en 2&#8243; 1\/2. Filtre duplex montage en ligne pour d\u00e9bit [&hellip;]<\/p>\n","protected":false},"featured_media":0,"comment_status":"open","ping_status":"closed","template":"","meta":{"_acf_changed":false,"_gspb_post_css":"","inline_featured_image":false,"_genesis_hide_title":false,"_genesis_hide_breadcrumbs":false,"_genesis_hide_singular_image":false,"_genesis_hide_footer_widgets":false,"_genesis_custom_body_class":"","_genesis_custom_post_class":"","_genesis_layout":"","_links_to":"","_links_to_target":""},"product-structure":[62],"product_brand":[],"product_cat":[13235,13229,13283,13242,13249,13289],"product_tag":[],"class_list":{"0":"post-77884","1":"product","2":"type-product","3":"status-publish","5":"product-structure-series","6":"product_cat-chimie-petrole-gaz","7":"product_cat-equipement-industriel","8":"product_cat-lubrification-et-flushing-des-machines-hors-ligne","9":"product_cat-metallurgie","10":"product_cat-production-denergie","11":"product_cat-systemes-oleodynamiques","12":"entry","14":"first","15":"instock","16":"shipping-taxable","17":"product-type-simple"},"acf":[],"yoast_head":"<!-- This site is optimized with the Yoast SEO plugin v27.2 - https:\/\/yoast.com\/product\/yoast-seo-wordpress\/ -->\n<title>LMD 400 - 401 - 431 - MP Filtri<\/title>\n<meta name=\"robots\" content=\"index, follow, max-snippet:-1, max-image-preview:large, max-video-preview:-1\" \/>\n<link rel=\"canonical\" href=\"https:\/\/www.mpfiltri.com\/fr\/product\/lmd-400-401-431\/\" \/>\n<meta property=\"og:locale\" content=\"fr_FR\" \/>\n<meta property=\"og:type\" content=\"article\" \/>\n<meta property=\"og:title\" content=\"LMD 400 - 401 - 431 - MP Filtri\" \/>\n<meta property=\"og:description\" content=\"Filtre duplex en ligne basse pression avec bouchon de drain (LMD 400-401) et bouchon de purge pour les versions avec maintenance par le dessus (LMD 431). Pression de service jusqu`\u00e0 16 bar (232 psi), d\u00e9bit d`huile jusqu`\u00e0 590 l\/min (156 gpm), raccordements \u00e0 brides SAE en 2&#8243; 1\/2. Filtre duplex montage en ligne pour d\u00e9bit [&hellip;]\" \/>\n<meta property=\"og:url\" content=\"https:\/\/www.mpfiltri.com\/fr\/product\/lmd-400-401-431\/\" \/>\n<meta property=\"og:site_name\" content=\"MP Filtri\" \/>\n<meta property=\"article:publisher\" content=\"https:\/\/www.facebook.com\/MPFiltriITA\" \/>\n<meta property=\"article:modified_time\" content=\"2026-04-01T14:23:46+00:00\" \/>\n<meta name=\"twitter:card\" content=\"summary_large_image\" \/>\n<meta name=\"twitter:label1\" content=\"Dur\u00e9e de lecture estim\u00e9e\" \/>\n\t<meta name=\"twitter:data1\" content=\"1 minute\" \/>\n<script type=\"application\/ld+json\" class=\"yoast-schema-graph\">{\"@context\":\"https:\/\/schema.org\",\"@graph\":[{\"@type\":\"WebPage\",\"@id\":\"https:\/\/www.mpfiltri.com\/fr\/product\/lmd-400-401-431\/\",\"url\":\"https:\/\/www.mpfiltri.com\/fr\/product\/lmd-400-401-431\/\",\"name\":\"LMD 400 - 401 - 431 - MP Filtri\",\"isPartOf\":{\"@id\":\"https:\/\/www.mpfiltri.com\/fr\/#website\"},\"datePublished\":\"2025-06-16T14:42:32+00:00\",\"dateModified\":\"2026-04-01T14:23:46+00:00\",\"breadcrumb\":{\"@id\":\"https:\/\/www.mpfiltri.com\/fr\/product\/lmd-400-401-431\/#breadcrumb\"},\"inLanguage\":\"fr-FR\",\"potentialAction\":[{\"@type\":\"ReadAction\",\"target\":[\"https:\/\/www.mpfiltri.com\/fr\/product\/lmd-400-401-431\/\"]}]},{\"@type\":\"BreadcrumbList\",\"@id\":\"https:\/\/www.mpfiltri.com\/fr\/product\/lmd-400-401-431\/#breadcrumb\",\"itemListElement\":[{\"@type\":\"ListItem\",\"position\":1,\"name\":\"Home\",\"item\":\"https:\/\/www.mpfiltri.com\/fr\/\"},{\"@type\":\"ListItem\",\"position\":2,\"name\":\"Produits\",\"item\":\"https:\/\/www.mpfiltri.com\/fr\/shop\/\"},{\"@type\":\"ListItem\",\"position\":3,\"name\":\"LMD 400 &#8211; 401 &#8211; 431\"}]},{\"@type\":\"WebSite\",\"@id\":\"https:\/\/www.mpfiltri.com\/fr\/#website\",\"url\":\"https:\/\/www.mpfiltri.com\/fr\/\",\"name\":\"MP Filtri\",\"description\":\"\",\"publisher\":{\"@id\":\"https:\/\/www.mpfiltri.com\/fr\/#organization\"},\"potentialAction\":[{\"@type\":\"SearchAction\",\"target\":{\"@type\":\"EntryPoint\",\"urlTemplate\":\"https:\/\/www.mpfiltri.com\/fr\/?s={search_term_string}\"},\"query-input\":{\"@type\":\"PropertyValueSpecification\",\"valueRequired\":true,\"valueName\":\"search_term_string\"}}],\"inLanguage\":\"fr-FR\"},{\"@type\":\"Organization\",\"@id\":\"https:\/\/www.mpfiltri.com\/fr\/#organization\",\"name\":\"MP Filtri\",\"url\":\"https:\/\/www.mpfiltri.com\/fr\/\",\"logo\":{\"@type\":\"ImageObject\",\"inLanguage\":\"fr-FR\",\"@id\":\"https:\/\/www.mpfiltri.com\/fr\/#\/schema\/logo\/image\/\",\"url\":\"\",\"contentUrl\":\"\",\"caption\":\"MP Filtri\"},\"image\":{\"@id\":\"https:\/\/www.mpfiltri.com\/fr\/#\/schema\/logo\/image\/\"},\"sameAs\":[\"https:\/\/www.facebook.com\/MPFiltriITA\",\"https:\/\/www.instagram.com\/mpfiltri\/\",\"https:\/\/www.youtube.com\/channel\/UCCzNMySYc1c4M-2B4v0K_QA?view_as=subscriber\",\"https:\/\/www.linkedin.com\/company\/mp-filtri-spa\/\"]}]}<\/script>\n<!-- \/ Yoast SEO plugin. -->","yoast_head_json":{"title":"LMD 400 - 401 - 431 - MP Filtri","robots":{"index":"index","follow":"follow","max-snippet":"max-snippet:-1","max-image-preview":"max-image-preview:large","max-video-preview":"max-video-preview:-1"},"canonical":"https:\/\/www.mpfiltri.com\/fr\/product\/lmd-400-401-431\/","og_locale":"fr_FR","og_type":"article","og_title":"LMD 400 - 401 - 431 - MP Filtri","og_description":"Filtre duplex en ligne basse pression avec bouchon de drain (LMD 400-401) et bouchon de purge pour les versions avec maintenance par le dessus (LMD 431). Pression de service jusqu`\u00e0 16 bar (232 psi), d\u00e9bit d`huile jusqu`\u00e0 590 l\/min (156 gpm), raccordements \u00e0 brides SAE en 2&#8243; 1\/2. Filtre duplex montage en ligne pour d\u00e9bit [&hellip;]","og_url":"https:\/\/www.mpfiltri.com\/fr\/product\/lmd-400-401-431\/","og_site_name":"MP Filtri","article_publisher":"https:\/\/www.facebook.com\/MPFiltriITA","article_modified_time":"2026-04-01T14:23:46+00:00","twitter_card":"summary_large_image","twitter_misc":{"Dur\u00e9e de lecture estim\u00e9e":"1 minute"},"schema":{"@context":"https:\/\/schema.org","@graph":[{"@type":"WebPage","@id":"https:\/\/www.mpfiltri.com\/fr\/product\/lmd-400-401-431\/","url":"https:\/\/www.mpfiltri.com\/fr\/product\/lmd-400-401-431\/","name":"LMD 400 - 401 - 431 - MP Filtri","isPartOf":{"@id":"https:\/\/www.mpfiltri.com\/fr\/#website"},"datePublished":"2025-06-16T14:42:32+00:00","dateModified":"2026-04-01T14:23:46+00:00","breadcrumb":{"@id":"https:\/\/www.mpfiltri.com\/fr\/product\/lmd-400-401-431\/#breadcrumb"},"inLanguage":"fr-FR","potentialAction":[{"@type":"ReadAction","target":["https:\/\/www.mpfiltri.com\/fr\/product\/lmd-400-401-431\/"]}]},{"@type":"BreadcrumbList","@id":"https:\/\/www.mpfiltri.com\/fr\/product\/lmd-400-401-431\/#breadcrumb","itemListElement":[{"@type":"ListItem","position":1,"name":"Home","item":"https:\/\/www.mpfiltri.com\/fr\/"},{"@type":"ListItem","position":2,"name":"Produits","item":"https:\/\/www.mpfiltri.com\/fr\/shop\/"},{"@type":"ListItem","position":3,"name":"LMD 400 &#8211; 401 &#8211; 431"}]},{"@type":"WebSite","@id":"https:\/\/www.mpfiltri.com\/fr\/#website","url":"https:\/\/www.mpfiltri.com\/fr\/","name":"MP Filtri","description":"","publisher":{"@id":"https:\/\/www.mpfiltri.com\/fr\/#organization"},"potentialAction":[{"@type":"SearchAction","target":{"@type":"EntryPoint","urlTemplate":"https:\/\/www.mpfiltri.com\/fr\/?s={search_term_string}"},"query-input":{"@type":"PropertyValueSpecification","valueRequired":true,"valueName":"search_term_string"}}],"inLanguage":"fr-FR"},{"@type":"Organization","@id":"https:\/\/www.mpfiltri.com\/fr\/#organization","name":"MP Filtri","url":"https:\/\/www.mpfiltri.com\/fr\/","logo":{"@type":"ImageObject","inLanguage":"fr-FR","@id":"https:\/\/www.mpfiltri.com\/fr\/#\/schema\/logo\/image\/","url":"","contentUrl":"","caption":"MP Filtri"},"image":{"@id":"https:\/\/www.mpfiltri.com\/fr\/#\/schema\/logo\/image\/"},"sameAs":["https:\/\/www.facebook.com\/MPFiltriITA","https:\/\/www.instagram.com\/mpfiltri\/","https:\/\/www.youtube.com\/channel\/UCCzNMySYc1c4M-2B4v0K_QA?view_as=subscriber","https:\/\/www.linkedin.com\/company\/mp-filtri-spa\/"]}]}},"_links":{"self":[{"href":"https:\/\/www.mpfiltri.com\/fr\/wp-json\/wp\/v2\/product\/77884","targetHints":{"allow":["GET"]}}],"collection":[{"href":"https:\/\/www.mpfiltri.com\/fr\/wp-json\/wp\/v2\/product"}],"about":[{"href":"https:\/\/www.mpfiltri.com\/fr\/wp-json\/wp\/v2\/types\/product"}],"replies":[{"embeddable":true,"href":"https:\/\/www.mpfiltri.com\/fr\/wp-json\/wp\/v2\/comments?post=77884"}],"wp:attachment":[{"href":"https:\/\/www.mpfiltri.com\/fr\/wp-json\/wp\/v2\/media?parent=77884"}],"wp:term":[{"taxonomy":"product-structure","embeddable":true,"href":"https:\/\/www.mpfiltri.com\/fr\/wp-json\/wp\/v2\/product-structure?post=77884"},{"taxonomy":"product_brand","embeddable":true,"href":"https:\/\/www.mpfiltri.com\/fr\/wp-json\/wp\/v2\/product_brand?post=77884"},{"taxonomy":"product_cat","embeddable":true,"href":"https:\/\/www.mpfiltri.com\/fr\/wp-json\/wp\/v2\/product_cat?post=77884"},{"taxonomy":"product_tag","embeddable":true,"href":"https:\/\/www.mpfiltri.com\/fr\/wp-json\/wp\/v2\/product_tag?post=77884"}],"curies":[{"name":"wp","href":"https:\/\/api.w.org\/{rel}","templated":true}]}}