

{"id":77861,"date":"2025-06-16T16:40:17","date_gmt":"2025-06-16T14:40:17","guid":{"rendered":"https:\/\/www.mpfiltri.com\/product\/produit-2\/"},"modified":"2026-04-01T16:24:03","modified_gmt":"2026-04-01T14:24:03","slug":"sfmc","status":"publish","type":"product","link":"https:\/\/www.mpfiltri.com\/fr\/product\/sfmc\/","title":{"rendered":"SFMC"},"content":{"rendered":"<p>Fitre d`aspiration semi-immerg\u00e9, mont\u00e9s directement sur le cot\u00e9 ou sous le r\u00e9servoir avec ports multiples optionels.<\/p>\n<p>D\u00e9bit d`huile jusqu`\u00e0 160 l\/min (43gpm), raccordements taraud\u00e9s jusqu`\u00e0 G 1&#8220; 1\/2` BSP\/NPT\/SAE et raccordement \u00e0 brides SAE jusqu`\u00e0 1&#8220; 1\/2.<\/p>\n<p>Dot\u00e9 d\u2019un clapet d`isolement permettant de changer les \u00e9l\u00e9ments filtrants sans vider le r\u00e9servoir. Disponible en option, en version multi-connexions et avec colonne magn\u00e9tique permettant de capturer les particules ferreuses.<\/p>\n<p>Voir le <a href=\"https:\/\/www.mpfiltri.com\/fr\/ressources\/knowledge-center\/connaitre-la-filtration-hydraulique\/tableau-de-comptibilite-des-fluides\/\" title=\"https:\/\/www.mpfiltri.com\/fr\/resources\/knowledge-center\/hydraulic-filtration-knowledge\/fluid-compatibility-table\/\" target=\"_blank\">tableau<\/a> correspondant pour la compatibilit\u00e9 des fluides.<\/p><\/p>\n","protected":false},"excerpt":{"rendered":"<p>Fitre d`aspiration semi-immerg\u00e9, mont\u00e9s directement sur le cot\u00e9 ou sous le r\u00e9servoir avec ports multiples optionels. D\u00e9bit d`huile jusqu`\u00e0 160 l\/min (43gpm), raccordements taraud\u00e9s jusqu`\u00e0 G 1&#8220; 1\/2` BSP\/NPT\/SAE et raccordement \u00e0 brides SAE jusqu`\u00e0 1&#8220; 1\/2. Dot\u00e9 d\u2019un clapet d`isolement permettant de changer les \u00e9l\u00e9ments filtrants sans vider le r\u00e9servoir. Disponible en option, en [&hellip;]<\/p>\n","protected":false},"featured_media":0,"comment_status":"open","ping_status":"closed","template":"","meta":{"_acf_changed":false,"_gspb_post_css":"","inline_featured_image":false,"_genesis_hide_title":false,"_genesis_hide_breadcrumbs":false,"_genesis_hide_singular_image":false,"_genesis_hide_footer_widgets":false,"_genesis_custom_body_class":"","_genesis_custom_post_class":"","_genesis_layout":"","_links_to":"","_links_to_target":""},"product-structure":[62],"product_brand":[],"product_cat":[13188,13256,13229,13195,13277,13125,13242,13249,13289,13263,13270],"product_tag":[],"class_list":{"0":"post-77861","1":"product","2":"type-product","3":"status-publish","5":"product-structure-series","6":"product_cat-applications","7":"product_cat-emballages-et-agroalimentaire","8":"product_cat-equipement-industriel","9":"product_cat-equipement-mobile","10":"product_cat-machines-a-former","11":"product_cat-machines-pour-construction","12":"product_cat-metallurgie","13":"product_cat-production-denergie","14":"product_cat-systemes-oleodynamiques","15":"product_cat-textile-bois-pates-et-papier","16":"product_cat-traitement-des-dechets","17":"entry","19":"first","20":"instock","21":"shipping-taxable","22":"product-type-simple"},"acf":[],"yoast_head":"<!-- This site is optimized with the Yoast SEO plugin v27.2 - https:\/\/yoast.com\/product\/yoast-seo-wordpress\/ -->\n<title>SFMC - MP Filtri<\/title>\n<meta name=\"robots\" content=\"index, follow, max-snippet:-1, max-image-preview:large, max-video-preview:-1\" \/>\n<link rel=\"canonical\" href=\"https:\/\/www.mpfiltri.com\/fr\/product\/sfmc\/\" \/>\n<meta property=\"og:locale\" content=\"fr_FR\" \/>\n<meta property=\"og:type\" content=\"article\" \/>\n<meta property=\"og:title\" content=\"SFMC - MP Filtri\" \/>\n<meta property=\"og:description\" content=\"Fitre d`aspiration semi-immerg\u00e9, mont\u00e9s directement sur le cot\u00e9 ou sous le r\u00e9servoir avec ports multiples optionels. D\u00e9bit d`huile jusqu`\u00e0 160 l\/min (43gpm), raccordements taraud\u00e9s jusqu`\u00e0 G 1&#8220; 1\/2` BSP\/NPT\/SAE et raccordement \u00e0 brides SAE jusqu`\u00e0 1&#8220; 1\/2. Dot\u00e9 d\u2019un clapet d`isolement permettant de changer les \u00e9l\u00e9ments filtrants sans vider le r\u00e9servoir. Disponible en option, en [&hellip;]\" \/>\n<meta property=\"og:url\" content=\"https:\/\/www.mpfiltri.com\/fr\/product\/sfmc\/\" \/>\n<meta property=\"og:site_name\" content=\"MP Filtri\" \/>\n<meta property=\"article:publisher\" content=\"https:\/\/www.facebook.com\/MPFiltriITA\" \/>\n<meta property=\"article:modified_time\" content=\"2026-04-01T14:24:03+00:00\" \/>\n<meta name=\"twitter:card\" content=\"summary_large_image\" \/>\n<script type=\"application\/ld+json\" class=\"yoast-schema-graph\">{\"@context\":\"https:\/\/schema.org\",\"@graph\":[{\"@type\":\"WebPage\",\"@id\":\"https:\/\/www.mpfiltri.com\/fr\/product\/sfmc\/\",\"url\":\"https:\/\/www.mpfiltri.com\/fr\/product\/sfmc\/\",\"name\":\"SFMC - MP Filtri\",\"isPartOf\":{\"@id\":\"https:\/\/www.mpfiltri.com\/fr\/#website\"},\"datePublished\":\"2025-06-16T14:40:17+00:00\",\"dateModified\":\"2026-04-01T14:24:03+00:00\",\"breadcrumb\":{\"@id\":\"https:\/\/www.mpfiltri.com\/fr\/product\/sfmc\/#breadcrumb\"},\"inLanguage\":\"fr-FR\",\"potentialAction\":[{\"@type\":\"ReadAction\",\"target\":[\"https:\/\/www.mpfiltri.com\/fr\/product\/sfmc\/\"]}]},{\"@type\":\"BreadcrumbList\",\"@id\":\"https:\/\/www.mpfiltri.com\/fr\/product\/sfmc\/#breadcrumb\",\"itemListElement\":[{\"@type\":\"ListItem\",\"position\":1,\"name\":\"Home\",\"item\":\"https:\/\/www.mpfiltri.com\/fr\/\"},{\"@type\":\"ListItem\",\"position\":2,\"name\":\"Produits\",\"item\":\"https:\/\/www.mpfiltri.com\/fr\/shop\/\"},{\"@type\":\"ListItem\",\"position\":3,\"name\":\"SFMC\"}]},{\"@type\":\"WebSite\",\"@id\":\"https:\/\/www.mpfiltri.com\/fr\/#website\",\"url\":\"https:\/\/www.mpfiltri.com\/fr\/\",\"name\":\"MP Filtri\",\"description\":\"\",\"publisher\":{\"@id\":\"https:\/\/www.mpfiltri.com\/fr\/#organization\"},\"potentialAction\":[{\"@type\":\"SearchAction\",\"target\":{\"@type\":\"EntryPoint\",\"urlTemplate\":\"https:\/\/www.mpfiltri.com\/fr\/?s={search_term_string}\"},\"query-input\":{\"@type\":\"PropertyValueSpecification\",\"valueRequired\":true,\"valueName\":\"search_term_string\"}}],\"inLanguage\":\"fr-FR\"},{\"@type\":\"Organization\",\"@id\":\"https:\/\/www.mpfiltri.com\/fr\/#organization\",\"name\":\"MP Filtri\",\"url\":\"https:\/\/www.mpfiltri.com\/fr\/\",\"logo\":{\"@type\":\"ImageObject\",\"inLanguage\":\"fr-FR\",\"@id\":\"https:\/\/www.mpfiltri.com\/fr\/#\/schema\/logo\/image\/\",\"url\":\"\",\"contentUrl\":\"\",\"caption\":\"MP Filtri\"},\"image\":{\"@id\":\"https:\/\/www.mpfiltri.com\/fr\/#\/schema\/logo\/image\/\"},\"sameAs\":[\"https:\/\/www.facebook.com\/MPFiltriITA\",\"https:\/\/www.instagram.com\/mpfiltri\/\",\"https:\/\/www.youtube.com\/channel\/UCCzNMySYc1c4M-2B4v0K_QA?view_as=subscriber\",\"https:\/\/www.linkedin.com\/company\/mp-filtri-spa\/\"]}]}<\/script>\n<!-- \/ Yoast SEO plugin. -->","yoast_head_json":{"title":"SFMC - MP Filtri","robots":{"index":"index","follow":"follow","max-snippet":"max-snippet:-1","max-image-preview":"max-image-preview:large","max-video-preview":"max-video-preview:-1"},"canonical":"https:\/\/www.mpfiltri.com\/fr\/product\/sfmc\/","og_locale":"fr_FR","og_type":"article","og_title":"SFMC - MP Filtri","og_description":"Fitre d`aspiration semi-immerg\u00e9, mont\u00e9s directement sur le cot\u00e9 ou sous le r\u00e9servoir avec ports multiples optionels. D\u00e9bit d`huile jusqu`\u00e0 160 l\/min (43gpm), raccordements taraud\u00e9s jusqu`\u00e0 G 1&#8220; 1\/2` BSP\/NPT\/SAE et raccordement \u00e0 brides SAE jusqu`\u00e0 1&#8220; 1\/2. Dot\u00e9 d\u2019un clapet d`isolement permettant de changer les \u00e9l\u00e9ments filtrants sans vider le r\u00e9servoir. Disponible en option, en [&hellip;]","og_url":"https:\/\/www.mpfiltri.com\/fr\/product\/sfmc\/","og_site_name":"MP Filtri","article_publisher":"https:\/\/www.facebook.com\/MPFiltriITA","article_modified_time":"2026-04-01T14:24:03+00:00","twitter_card":"summary_large_image","schema":{"@context":"https:\/\/schema.org","@graph":[{"@type":"WebPage","@id":"https:\/\/www.mpfiltri.com\/fr\/product\/sfmc\/","url":"https:\/\/www.mpfiltri.com\/fr\/product\/sfmc\/","name":"SFMC - MP Filtri","isPartOf":{"@id":"https:\/\/www.mpfiltri.com\/fr\/#website"},"datePublished":"2025-06-16T14:40:17+00:00","dateModified":"2026-04-01T14:24:03+00:00","breadcrumb":{"@id":"https:\/\/www.mpfiltri.com\/fr\/product\/sfmc\/#breadcrumb"},"inLanguage":"fr-FR","potentialAction":[{"@type":"ReadAction","target":["https:\/\/www.mpfiltri.com\/fr\/product\/sfmc\/"]}]},{"@type":"BreadcrumbList","@id":"https:\/\/www.mpfiltri.com\/fr\/product\/sfmc\/#breadcrumb","itemListElement":[{"@type":"ListItem","position":1,"name":"Home","item":"https:\/\/www.mpfiltri.com\/fr\/"},{"@type":"ListItem","position":2,"name":"Produits","item":"https:\/\/www.mpfiltri.com\/fr\/shop\/"},{"@type":"ListItem","position":3,"name":"SFMC"}]},{"@type":"WebSite","@id":"https:\/\/www.mpfiltri.com\/fr\/#website","url":"https:\/\/www.mpfiltri.com\/fr\/","name":"MP Filtri","description":"","publisher":{"@id":"https:\/\/www.mpfiltri.com\/fr\/#organization"},"potentialAction":[{"@type":"SearchAction","target":{"@type":"EntryPoint","urlTemplate":"https:\/\/www.mpfiltri.com\/fr\/?s={search_term_string}"},"query-input":{"@type":"PropertyValueSpecification","valueRequired":true,"valueName":"search_term_string"}}],"inLanguage":"fr-FR"},{"@type":"Organization","@id":"https:\/\/www.mpfiltri.com\/fr\/#organization","name":"MP Filtri","url":"https:\/\/www.mpfiltri.com\/fr\/","logo":{"@type":"ImageObject","inLanguage":"fr-FR","@id":"https:\/\/www.mpfiltri.com\/fr\/#\/schema\/logo\/image\/","url":"","contentUrl":"","caption":"MP Filtri"},"image":{"@id":"https:\/\/www.mpfiltri.com\/fr\/#\/schema\/logo\/image\/"},"sameAs":["https:\/\/www.facebook.com\/MPFiltriITA","https:\/\/www.instagram.com\/mpfiltri\/","https:\/\/www.youtube.com\/channel\/UCCzNMySYc1c4M-2B4v0K_QA?view_as=subscriber","https:\/\/www.linkedin.com\/company\/mp-filtri-spa\/"]}]}},"_links":{"self":[{"href":"https:\/\/www.mpfiltri.com\/fr\/wp-json\/wp\/v2\/product\/77861","targetHints":{"allow":["GET"]}}],"collection":[{"href":"https:\/\/www.mpfiltri.com\/fr\/wp-json\/wp\/v2\/product"}],"about":[{"href":"https:\/\/www.mpfiltri.com\/fr\/wp-json\/wp\/v2\/types\/product"}],"replies":[{"embeddable":true,"href":"https:\/\/www.mpfiltri.com\/fr\/wp-json\/wp\/v2\/comments?post=77861"}],"wp:attachment":[{"href":"https:\/\/www.mpfiltri.com\/fr\/wp-json\/wp\/v2\/media?parent=77861"}],"wp:term":[{"taxonomy":"product-structure","embeddable":true,"href":"https:\/\/www.mpfiltri.com\/fr\/wp-json\/wp\/v2\/product-structure?post=77861"},{"taxonomy":"product_brand","embeddable":true,"href":"https:\/\/www.mpfiltri.com\/fr\/wp-json\/wp\/v2\/product_brand?post=77861"},{"taxonomy":"product_cat","embeddable":true,"href":"https:\/\/www.mpfiltri.com\/fr\/wp-json\/wp\/v2\/product_cat?post=77861"},{"taxonomy":"product_tag","embeddable":true,"href":"https:\/\/www.mpfiltri.com\/fr\/wp-json\/wp\/v2\/product_tag?post=77861"}],"curies":[{"name":"wp","href":"https:\/\/api.w.org\/{rel}","templated":true}]}}