

{"id":77792,"date":"2025-10-23T09:23:51","date_gmt":"2025-10-23T07:23:51","guid":{"rendered":"https:\/\/www.mpfiltri.com\/product\/produit-2\/"},"modified":"2026-04-01T16:22:44","modified_gmt":"2026-04-01T14:22:44","slug":"indicateurs-de-colmatage","status":"publish","type":"product","link":"https:\/\/www.mpfiltri.com\/fr\/product\/indicateurs-de-colmatage\/","title":{"rendered":"INDICATEURS DE COLMATAGE"},"content":{"rendered":"<p>MP Filtri fabrique les indicateurs suivants: Vacuostats et indicateur visuel Pressostats et indicateur visuel Indicateurs de pression diff\u00e9rentielle Ce type de dispositif peut \u00eatre muni d&#8217;un signal visuel, \u00e9lectrique ou visuel\/\u00e9lectrique.<\/p>\n<p>Les \u00e9l\u00e9ments filtrants sont efficaces uniquement si leur capacit\u00e9 de r\u00e9tention est enti\u00e8rement exploit\u00e9e.<\/p>\n<p>Afin d&#8217;y parvenir il est conseill\u00e9 d&#8217;utiliser des filtres \u00e9quip\u00e9s d&#8217;indicateurs de colmatage.<\/p>\n<p>Ces dispositifs entrent en action lorsque le niveau de colmatage des \u00e9l\u00e9ments filtrants cause une augmentation de la perte de charge \u00e0 travers ceux-ci.<\/p>\n<p>L&#8217;indicateur est utilis\u00e9 comme alarme avant le colmatage complet de l&#8217;\u00e9l\u00e9ment filtrant.<\/p>\n","protected":false},"excerpt":{"rendered":"<p>MP Filtri fabrique les indicateurs suivants: Vacuostats et indicateur visuel Pressostats et indicateur visuel Indicateurs de pression diff\u00e9rentielle Ce type de dispositif peut \u00eatre muni d&#8217;un signal visuel, \u00e9lectrique ou visuel\/\u00e9lectrique. Les \u00e9l\u00e9ments filtrants sont efficaces uniquement si leur capacit\u00e9 de r\u00e9tention est enti\u00e8rement exploit\u00e9e. Afin d&#8217;y parvenir il est conseill\u00e9 d&#8217;utiliser des filtres \u00e9quip\u00e9s [&hellip;]<\/p>\n","protected":false},"featured_media":81741,"comment_status":"open","ping_status":"closed","template":"","meta":{"_acf_changed":false,"_gspb_post_css":"","inline_featured_image":false,"_genesis_hide_title":false,"_genesis_hide_breadcrumbs":false,"_genesis_hide_singular_image":false,"_genesis_hide_footer_widgets":false,"_genesis_custom_body_class":"","_genesis_custom_post_class":"","_genesis_layout":"","_links_to":"","_links_to_target":""},"product-structure":[61],"product_brand":[],"product_cat":[],"product_tag":[],"class_list":{"0":"post-77792","1":"product","2":"type-product","3":"status-publish","4":"has-post-thumbnail","6":"product-structure-family","7":"entry","9":"first","10":"instock","11":"shipping-taxable","12":"product-type-simple"},"acf":[],"yoast_head":"<!-- This site is optimized with the Yoast SEO plugin v27.2 - https:\/\/yoast.com\/product\/yoast-seo-wordpress\/ -->\n<title>INDICATEURS DE COLMATAGE - MP Filtri<\/title>\n<meta name=\"robots\" content=\"index, follow, max-snippet:-1, max-image-preview:large, max-video-preview:-1\" \/>\n<link rel=\"canonical\" href=\"https:\/\/www.mpfiltri.com\/fr\/product\/indicateurs-de-colmatage\/\" \/>\n<meta property=\"og:locale\" content=\"fr_FR\" \/>\n<meta property=\"og:type\" content=\"article\" \/>\n<meta property=\"og:title\" content=\"INDICATEURS DE COLMATAGE - MP Filtri\" \/>\n<meta property=\"og:description\" content=\"MP Filtri fabrique les indicateurs suivants: Vacuostats et indicateur visuel Pressostats et indicateur visuel Indicateurs de pression diff\u00e9rentielle Ce type de dispositif peut \u00eatre muni d&#8217;un signal visuel, \u00e9lectrique ou visuel\/\u00e9lectrique. Les \u00e9l\u00e9ments filtrants sont efficaces uniquement si leur capacit\u00e9 de r\u00e9tention est enti\u00e8rement exploit\u00e9e. Afin d&#8217;y parvenir il est conseill\u00e9 d&#8217;utiliser des filtres \u00e9quip\u00e9s [&hellip;]\" \/>\n<meta property=\"og:url\" content=\"https:\/\/www.mpfiltri.com\/fr\/product\/indicateurs-de-colmatage\/\" \/>\n<meta property=\"og:site_name\" content=\"MP Filtri\" \/>\n<meta property=\"article:publisher\" content=\"https:\/\/www.facebook.com\/MPFiltriITA\" \/>\n<meta property=\"article:modified_time\" content=\"2026-04-01T14:22:44+00:00\" \/>\n<meta property=\"og:image\" content=\"https:\/\/www.mpfiltri.com\/wp-content\/uploads\/2025\/06\/CLOGGING1.png\" \/>\n\t<meta property=\"og:image:width\" content=\"1000\" \/>\n\t<meta property=\"og:image:height\" content=\"1000\" \/>\n\t<meta property=\"og:image:type\" content=\"image\/png\" \/>\n<meta name=\"twitter:card\" content=\"summary_large_image\" \/>\n<meta name=\"twitter:label1\" content=\"Dur\u00e9e de lecture estim\u00e9e\" \/>\n\t<meta name=\"twitter:data1\" content=\"1 minute\" \/>\n<script type=\"application\/ld+json\" class=\"yoast-schema-graph\">{\"@context\":\"https:\/\/schema.org\",\"@graph\":[{\"@type\":\"WebPage\",\"@id\":\"https:\/\/www.mpfiltri.com\/fr\/product\/indicateurs-de-colmatage\/\",\"url\":\"https:\/\/www.mpfiltri.com\/fr\/product\/indicateurs-de-colmatage\/\",\"name\":\"INDICATEURS DE COLMATAGE - MP Filtri\",\"isPartOf\":{\"@id\":\"https:\/\/www.mpfiltri.com\/fr\/#website\"},\"primaryImageOfPage\":{\"@id\":\"https:\/\/www.mpfiltri.com\/fr\/product\/indicateurs-de-colmatage\/#primaryimage\"},\"image\":{\"@id\":\"https:\/\/www.mpfiltri.com\/fr\/product\/indicateurs-de-colmatage\/#primaryimage\"},\"thumbnailUrl\":\"https:\/\/www.mpfiltri.com\/wp-content\/uploads\/2026\/03\/CLOGGING1-2.png\",\"datePublished\":\"2025-10-23T07:23:51+00:00\",\"dateModified\":\"2026-04-01T14:22:44+00:00\",\"breadcrumb\":{\"@id\":\"https:\/\/www.mpfiltri.com\/fr\/product\/indicateurs-de-colmatage\/#breadcrumb\"},\"inLanguage\":\"fr-FR\",\"potentialAction\":[{\"@type\":\"ReadAction\",\"target\":[\"https:\/\/www.mpfiltri.com\/fr\/product\/indicateurs-de-colmatage\/\"]}]},{\"@type\":\"ImageObject\",\"inLanguage\":\"fr-FR\",\"@id\":\"https:\/\/www.mpfiltri.com\/fr\/product\/indicateurs-de-colmatage\/#primaryimage\",\"url\":\"https:\/\/www.mpfiltri.com\/wp-content\/uploads\/2026\/03\/CLOGGING1-2.png\",\"contentUrl\":\"https:\/\/www.mpfiltri.com\/wp-content\/uploads\/2026\/03\/CLOGGING1-2.png\",\"width\":1000,\"height\":1000},{\"@type\":\"BreadcrumbList\",\"@id\":\"https:\/\/www.mpfiltri.com\/fr\/product\/indicateurs-de-colmatage\/#breadcrumb\",\"itemListElement\":[{\"@type\":\"ListItem\",\"position\":1,\"name\":\"Home\",\"item\":\"https:\/\/www.mpfiltri.com\/fr\/\"},{\"@type\":\"ListItem\",\"position\":2,\"name\":\"Produits\",\"item\":\"https:\/\/www.mpfiltri.com\/fr\/shop\/\"},{\"@type\":\"ListItem\",\"position\":3,\"name\":\"INDICATEURS DE COLMATAGE\"}]},{\"@type\":\"WebSite\",\"@id\":\"https:\/\/www.mpfiltri.com\/fr\/#website\",\"url\":\"https:\/\/www.mpfiltri.com\/fr\/\",\"name\":\"MP Filtri\",\"description\":\"\",\"publisher\":{\"@id\":\"https:\/\/www.mpfiltri.com\/fr\/#organization\"},\"potentialAction\":[{\"@type\":\"SearchAction\",\"target\":{\"@type\":\"EntryPoint\",\"urlTemplate\":\"https:\/\/www.mpfiltri.com\/fr\/?s={search_term_string}\"},\"query-input\":{\"@type\":\"PropertyValueSpecification\",\"valueRequired\":true,\"valueName\":\"search_term_string\"}}],\"inLanguage\":\"fr-FR\"},{\"@type\":\"Organization\",\"@id\":\"https:\/\/www.mpfiltri.com\/fr\/#organization\",\"name\":\"MP Filtri\",\"url\":\"https:\/\/www.mpfiltri.com\/fr\/\",\"logo\":{\"@type\":\"ImageObject\",\"inLanguage\":\"fr-FR\",\"@id\":\"https:\/\/www.mpfiltri.com\/fr\/#\/schema\/logo\/image\/\",\"url\":\"\",\"contentUrl\":\"\",\"caption\":\"MP Filtri\"},\"image\":{\"@id\":\"https:\/\/www.mpfiltri.com\/fr\/#\/schema\/logo\/image\/\"},\"sameAs\":[\"https:\/\/www.facebook.com\/MPFiltriITA\",\"https:\/\/www.instagram.com\/mpfiltri\/\",\"https:\/\/www.youtube.com\/channel\/UCCzNMySYc1c4M-2B4v0K_QA?view_as=subscriber\",\"https:\/\/www.linkedin.com\/company\/mp-filtri-spa\/\"]}]}<\/script>\n<!-- \/ Yoast SEO plugin. -->","yoast_head_json":{"title":"INDICATEURS DE COLMATAGE - MP Filtri","robots":{"index":"index","follow":"follow","max-snippet":"max-snippet:-1","max-image-preview":"max-image-preview:large","max-video-preview":"max-video-preview:-1"},"canonical":"https:\/\/www.mpfiltri.com\/fr\/product\/indicateurs-de-colmatage\/","og_locale":"fr_FR","og_type":"article","og_title":"INDICATEURS DE COLMATAGE - MP Filtri","og_description":"MP Filtri fabrique les indicateurs suivants: Vacuostats et indicateur visuel Pressostats et indicateur visuel Indicateurs de pression diff\u00e9rentielle Ce type de dispositif peut \u00eatre muni d&#8217;un signal visuel, \u00e9lectrique ou visuel\/\u00e9lectrique. Les \u00e9l\u00e9ments filtrants sont efficaces uniquement si leur capacit\u00e9 de r\u00e9tention est enti\u00e8rement exploit\u00e9e. Afin d&#8217;y parvenir il est conseill\u00e9 d&#8217;utiliser des filtres \u00e9quip\u00e9s [&hellip;]","og_url":"https:\/\/www.mpfiltri.com\/fr\/product\/indicateurs-de-colmatage\/","og_site_name":"MP Filtri","article_publisher":"https:\/\/www.facebook.com\/MPFiltriITA","article_modified_time":"2026-04-01T14:22:44+00:00","og_image":[{"width":1000,"height":1000,"url":"https:\/\/www.mpfiltri.com\/wp-content\/uploads\/2025\/06\/CLOGGING1.png","type":"image\/png"}],"twitter_card":"summary_large_image","twitter_misc":{"Dur\u00e9e de lecture estim\u00e9e":"1 minute"},"schema":{"@context":"https:\/\/schema.org","@graph":[{"@type":"WebPage","@id":"https:\/\/www.mpfiltri.com\/fr\/product\/indicateurs-de-colmatage\/","url":"https:\/\/www.mpfiltri.com\/fr\/product\/indicateurs-de-colmatage\/","name":"INDICATEURS DE COLMATAGE - MP Filtri","isPartOf":{"@id":"https:\/\/www.mpfiltri.com\/fr\/#website"},"primaryImageOfPage":{"@id":"https:\/\/www.mpfiltri.com\/fr\/product\/indicateurs-de-colmatage\/#primaryimage"},"image":{"@id":"https:\/\/www.mpfiltri.com\/fr\/product\/indicateurs-de-colmatage\/#primaryimage"},"thumbnailUrl":"https:\/\/www.mpfiltri.com\/wp-content\/uploads\/2026\/03\/CLOGGING1-2.png","datePublished":"2025-10-23T07:23:51+00:00","dateModified":"2026-04-01T14:22:44+00:00","breadcrumb":{"@id":"https:\/\/www.mpfiltri.com\/fr\/product\/indicateurs-de-colmatage\/#breadcrumb"},"inLanguage":"fr-FR","potentialAction":[{"@type":"ReadAction","target":["https:\/\/www.mpfiltri.com\/fr\/product\/indicateurs-de-colmatage\/"]}]},{"@type":"ImageObject","inLanguage":"fr-FR","@id":"https:\/\/www.mpfiltri.com\/fr\/product\/indicateurs-de-colmatage\/#primaryimage","url":"https:\/\/www.mpfiltri.com\/wp-content\/uploads\/2026\/03\/CLOGGING1-2.png","contentUrl":"https:\/\/www.mpfiltri.com\/wp-content\/uploads\/2026\/03\/CLOGGING1-2.png","width":1000,"height":1000},{"@type":"BreadcrumbList","@id":"https:\/\/www.mpfiltri.com\/fr\/product\/indicateurs-de-colmatage\/#breadcrumb","itemListElement":[{"@type":"ListItem","position":1,"name":"Home","item":"https:\/\/www.mpfiltri.com\/fr\/"},{"@type":"ListItem","position":2,"name":"Produits","item":"https:\/\/www.mpfiltri.com\/fr\/shop\/"},{"@type":"ListItem","position":3,"name":"INDICATEURS DE COLMATAGE"}]},{"@type":"WebSite","@id":"https:\/\/www.mpfiltri.com\/fr\/#website","url":"https:\/\/www.mpfiltri.com\/fr\/","name":"MP Filtri","description":"","publisher":{"@id":"https:\/\/www.mpfiltri.com\/fr\/#organization"},"potentialAction":[{"@type":"SearchAction","target":{"@type":"EntryPoint","urlTemplate":"https:\/\/www.mpfiltri.com\/fr\/?s={search_term_string}"},"query-input":{"@type":"PropertyValueSpecification","valueRequired":true,"valueName":"search_term_string"}}],"inLanguage":"fr-FR"},{"@type":"Organization","@id":"https:\/\/www.mpfiltri.com\/fr\/#organization","name":"MP Filtri","url":"https:\/\/www.mpfiltri.com\/fr\/","logo":{"@type":"ImageObject","inLanguage":"fr-FR","@id":"https:\/\/www.mpfiltri.com\/fr\/#\/schema\/logo\/image\/","url":"","contentUrl":"","caption":"MP Filtri"},"image":{"@id":"https:\/\/www.mpfiltri.com\/fr\/#\/schema\/logo\/image\/"},"sameAs":["https:\/\/www.facebook.com\/MPFiltriITA","https:\/\/www.instagram.com\/mpfiltri\/","https:\/\/www.youtube.com\/channel\/UCCzNMySYc1c4M-2B4v0K_QA?view_as=subscriber","https:\/\/www.linkedin.com\/company\/mp-filtri-spa\/"]}]}},"_links":{"self":[{"href":"https:\/\/www.mpfiltri.com\/fr\/wp-json\/wp\/v2\/product\/77792","targetHints":{"allow":["GET"]}}],"collection":[{"href":"https:\/\/www.mpfiltri.com\/fr\/wp-json\/wp\/v2\/product"}],"about":[{"href":"https:\/\/www.mpfiltri.com\/fr\/wp-json\/wp\/v2\/types\/product"}],"replies":[{"embeddable":true,"href":"https:\/\/www.mpfiltri.com\/fr\/wp-json\/wp\/v2\/comments?post=77792"}],"wp:featuredmedia":[{"embeddable":true,"href":"https:\/\/www.mpfiltri.com\/fr\/wp-json\/wp\/v2\/media\/81741"}],"wp:attachment":[{"href":"https:\/\/www.mpfiltri.com\/fr\/wp-json\/wp\/v2\/media?parent=77792"}],"wp:term":[{"taxonomy":"product-structure","embeddable":true,"href":"https:\/\/www.mpfiltri.com\/fr\/wp-json\/wp\/v2\/product-structure?post=77792"},{"taxonomy":"product_brand","embeddable":true,"href":"https:\/\/www.mpfiltri.com\/fr\/wp-json\/wp\/v2\/product_brand?post=77792"},{"taxonomy":"product_cat","embeddable":true,"href":"https:\/\/www.mpfiltri.com\/fr\/wp-json\/wp\/v2\/product_cat?post=77792"},{"taxonomy":"product_tag","embeddable":true,"href":"https:\/\/www.mpfiltri.com\/fr\/wp-json\/wp\/v2\/product_tag?post=77792"}],"curies":[{"name":"wp","href":"https:\/\/api.w.org\/{rel}","templated":true}]}}