

{"id":77791,"date":"2025-06-16T16:42:53","date_gmt":"2025-06-16T14:42:53","guid":{"rendered":"https:\/\/www.mpfiltri.com\/product\/produit-2\/"},"modified":"2026-04-01T16:23:44","modified_gmt":"2026-04-01T14:23:44","slug":"filtres-retour","status":"publish","type":"product","link":"https:\/\/www.mpfiltri.com\/fr\/product\/filtres-retour\/","title":{"rendered":"FILTRES RETOUR"},"content":{"rendered":"<p>Les filtres de retour effectuent la fonction de filtrer le fluide et d\u2019emp\u00eacher les particules provenant, de l\u2019ext\u00e9rieur ou de l\u2019usure interne des composants, de p\u00e9n\u00e9trer dans le syst\u00e8me. Ces filtres sont normalement mont\u00e9s sur le r\u00e9servoir, totalement ou semi-immerg\u00e9. La position des filtres assure que le retour du fluide a lieu dans un \u00e9tat immerg\u00e9 dans toutes les conditions de fonctionnement, \u00e9vitant la cr\u00e9ation d`\u00e9mulsion et de remous dans le r\u00e9servoir qui peuvent causer l\u2019a\u00e9ration et la cavitation des pompes. Pour plus de commodit\u00e9, le bol et l\u2019\u00e9l\u00e9ment filtrant peuvent \u00eatre retir\u00e9s de la t\u00eate de filtre en cas de maintenance sans d\u00e9connecter le filtre du reste du syst\u00e8me.<\/p>\n","protected":false},"excerpt":{"rendered":"<p>Les filtres de retour effectuent la fonction de filtrer le fluide et d\u2019emp\u00eacher les particules provenant, de l\u2019ext\u00e9rieur ou de l\u2019usure interne des composants, de p\u00e9n\u00e9trer dans le syst\u00e8me. Ces filtres sont normalement mont\u00e9s sur le r\u00e9servoir, totalement ou semi-immerg\u00e9. La position des filtres assure que le retour du fluide a lieu dans un \u00e9tat [&hellip;]<\/p>\n","protected":false},"featured_media":38613,"comment_status":"open","ping_status":"closed","template":"","meta":{"_acf_changed":false,"_gspb_post_css":"","inline_featured_image":false,"_genesis_hide_title":false,"_genesis_hide_breadcrumbs":false,"_genesis_hide_singular_image":false,"_genesis_hide_footer_widgets":false,"_genesis_custom_body_class":"","_genesis_custom_post_class":"","_genesis_layout":"","_links_to":"","_links_to_target":""},"product-structure":[61],"product_brand":[],"product_cat":[],"product_tag":[],"class_list":{"0":"post-77791","1":"product","2":"type-product","3":"status-publish","4":"has-post-thumbnail","6":"product-structure-family","7":"entry","9":"first","10":"instock","11":"shipping-taxable","12":"product-type-simple"},"acf":[],"yoast_head":"<!-- This site is optimized with the Yoast SEO plugin v27.2 - https:\/\/yoast.com\/product\/yoast-seo-wordpress\/ -->\n<title>FILTRES RETOUR - MP Filtri<\/title>\n<meta name=\"robots\" content=\"index, follow, max-snippet:-1, max-image-preview:large, max-video-preview:-1\" \/>\n<link rel=\"canonical\" href=\"https:\/\/www.mpfiltri.com\/fr\/product\/filtres-retour\/\" \/>\n<meta property=\"og:locale\" content=\"fr_FR\" \/>\n<meta property=\"og:type\" content=\"article\" \/>\n<meta property=\"og:title\" content=\"FILTRES RETOUR - MP Filtri\" \/>\n<meta property=\"og:description\" content=\"Les filtres de retour effectuent la fonction de filtrer le fluide et d\u2019emp\u00eacher les particules provenant, de l\u2019ext\u00e9rieur ou de l\u2019usure interne des composants, de p\u00e9n\u00e9trer dans le syst\u00e8me. Ces filtres sont normalement mont\u00e9s sur le r\u00e9servoir, totalement ou semi-immerg\u00e9. La position des filtres assure que le retour du fluide a lieu dans un \u00e9tat [&hellip;]\" \/>\n<meta property=\"og:url\" content=\"https:\/\/www.mpfiltri.com\/fr\/product\/filtres-retour\/\" \/>\n<meta property=\"og:site_name\" content=\"MP Filtri\" \/>\n<meta property=\"article:publisher\" content=\"https:\/\/www.facebook.com\/MPFiltriITA\" \/>\n<meta property=\"article:modified_time\" content=\"2026-04-01T14:23:44+00:00\" \/>\n<meta property=\"og:image\" content=\"https:\/\/www.mpfiltri.com\/wp-content\/uploads\/2025\/10\/hf-return.png\" \/>\n\t<meta property=\"og:image:width\" content=\"700\" \/>\n\t<meta property=\"og:image:height\" content=\"700\" \/>\n\t<meta property=\"og:image:type\" content=\"image\/png\" \/>\n<meta name=\"twitter:card\" content=\"summary_large_image\" \/>\n<meta name=\"twitter:label1\" content=\"Dur\u00e9e de lecture estim\u00e9e\" \/>\n\t<meta name=\"twitter:data1\" content=\"1 minute\" \/>\n<script type=\"application\/ld+json\" class=\"yoast-schema-graph\">{\"@context\":\"https:\/\/schema.org\",\"@graph\":[{\"@type\":\"WebPage\",\"@id\":\"https:\/\/www.mpfiltri.com\/fr\/product\/filtres-retour\/\",\"url\":\"https:\/\/www.mpfiltri.com\/fr\/product\/filtres-retour\/\",\"name\":\"FILTRES RETOUR - MP Filtri\",\"isPartOf\":{\"@id\":\"https:\/\/www.mpfiltri.com\/fr\/#website\"},\"primaryImageOfPage\":{\"@id\":\"https:\/\/www.mpfiltri.com\/fr\/product\/filtres-retour\/#primaryimage\"},\"image\":{\"@id\":\"https:\/\/www.mpfiltri.com\/fr\/product\/filtres-retour\/#primaryimage\"},\"thumbnailUrl\":\"https:\/\/www.mpfiltri.com\/wp-content\/uploads\/2025\/10\/hf-return.png\",\"datePublished\":\"2025-06-16T14:42:53+00:00\",\"dateModified\":\"2026-04-01T14:23:44+00:00\",\"breadcrumb\":{\"@id\":\"https:\/\/www.mpfiltri.com\/fr\/product\/filtres-retour\/#breadcrumb\"},\"inLanguage\":\"fr-FR\",\"potentialAction\":[{\"@type\":\"ReadAction\",\"target\":[\"https:\/\/www.mpfiltri.com\/fr\/product\/filtres-retour\/\"]}]},{\"@type\":\"ImageObject\",\"inLanguage\":\"fr-FR\",\"@id\":\"https:\/\/www.mpfiltri.com\/fr\/product\/filtres-retour\/#primaryimage\",\"url\":\"https:\/\/www.mpfiltri.com\/wp-content\/uploads\/2025\/10\/hf-return.png\",\"contentUrl\":\"https:\/\/www.mpfiltri.com\/wp-content\/uploads\/2025\/10\/hf-return.png\",\"width\":700,\"height\":700},{\"@type\":\"BreadcrumbList\",\"@id\":\"https:\/\/www.mpfiltri.com\/fr\/product\/filtres-retour\/#breadcrumb\",\"itemListElement\":[{\"@type\":\"ListItem\",\"position\":1,\"name\":\"Home\",\"item\":\"https:\/\/www.mpfiltri.com\/fr\/\"},{\"@type\":\"ListItem\",\"position\":2,\"name\":\"Produits\",\"item\":\"https:\/\/www.mpfiltri.com\/fr\/shop\/\"},{\"@type\":\"ListItem\",\"position\":3,\"name\":\"FILTRES RETOUR\"}]},{\"@type\":\"WebSite\",\"@id\":\"https:\/\/www.mpfiltri.com\/fr\/#website\",\"url\":\"https:\/\/www.mpfiltri.com\/fr\/\",\"name\":\"MP Filtri\",\"description\":\"\",\"publisher\":{\"@id\":\"https:\/\/www.mpfiltri.com\/fr\/#organization\"},\"potentialAction\":[{\"@type\":\"SearchAction\",\"target\":{\"@type\":\"EntryPoint\",\"urlTemplate\":\"https:\/\/www.mpfiltri.com\/fr\/?s={search_term_string}\"},\"query-input\":{\"@type\":\"PropertyValueSpecification\",\"valueRequired\":true,\"valueName\":\"search_term_string\"}}],\"inLanguage\":\"fr-FR\"},{\"@type\":\"Organization\",\"@id\":\"https:\/\/www.mpfiltri.com\/fr\/#organization\",\"name\":\"MP Filtri\",\"url\":\"https:\/\/www.mpfiltri.com\/fr\/\",\"logo\":{\"@type\":\"ImageObject\",\"inLanguage\":\"fr-FR\",\"@id\":\"https:\/\/www.mpfiltri.com\/fr\/#\/schema\/logo\/image\/\",\"url\":\"\",\"contentUrl\":\"\",\"caption\":\"MP Filtri\"},\"image\":{\"@id\":\"https:\/\/www.mpfiltri.com\/fr\/#\/schema\/logo\/image\/\"},\"sameAs\":[\"https:\/\/www.facebook.com\/MPFiltriITA\",\"https:\/\/www.instagram.com\/mpfiltri\/\",\"https:\/\/www.youtube.com\/channel\/UCCzNMySYc1c4M-2B4v0K_QA?view_as=subscriber\",\"https:\/\/www.linkedin.com\/company\/mp-filtri-spa\/\"]}]}<\/script>\n<!-- \/ Yoast SEO plugin. -->","yoast_head_json":{"title":"FILTRES RETOUR - MP Filtri","robots":{"index":"index","follow":"follow","max-snippet":"max-snippet:-1","max-image-preview":"max-image-preview:large","max-video-preview":"max-video-preview:-1"},"canonical":"https:\/\/www.mpfiltri.com\/fr\/product\/filtres-retour\/","og_locale":"fr_FR","og_type":"article","og_title":"FILTRES RETOUR - MP Filtri","og_description":"Les filtres de retour effectuent la fonction de filtrer le fluide et d\u2019emp\u00eacher les particules provenant, de l\u2019ext\u00e9rieur ou de l\u2019usure interne des composants, de p\u00e9n\u00e9trer dans le syst\u00e8me. Ces filtres sont normalement mont\u00e9s sur le r\u00e9servoir, totalement ou semi-immerg\u00e9. La position des filtres assure que le retour du fluide a lieu dans un \u00e9tat [&hellip;]","og_url":"https:\/\/www.mpfiltri.com\/fr\/product\/filtres-retour\/","og_site_name":"MP Filtri","article_publisher":"https:\/\/www.facebook.com\/MPFiltriITA","article_modified_time":"2026-04-01T14:23:44+00:00","og_image":[{"width":700,"height":700,"url":"https:\/\/www.mpfiltri.com\/wp-content\/uploads\/2025\/10\/hf-return.png","type":"image\/png"}],"twitter_card":"summary_large_image","twitter_misc":{"Dur\u00e9e de lecture estim\u00e9e":"1 minute"},"schema":{"@context":"https:\/\/schema.org","@graph":[{"@type":"WebPage","@id":"https:\/\/www.mpfiltri.com\/fr\/product\/filtres-retour\/","url":"https:\/\/www.mpfiltri.com\/fr\/product\/filtres-retour\/","name":"FILTRES RETOUR - MP Filtri","isPartOf":{"@id":"https:\/\/www.mpfiltri.com\/fr\/#website"},"primaryImageOfPage":{"@id":"https:\/\/www.mpfiltri.com\/fr\/product\/filtres-retour\/#primaryimage"},"image":{"@id":"https:\/\/www.mpfiltri.com\/fr\/product\/filtres-retour\/#primaryimage"},"thumbnailUrl":"https:\/\/www.mpfiltri.com\/wp-content\/uploads\/2025\/10\/hf-return.png","datePublished":"2025-06-16T14:42:53+00:00","dateModified":"2026-04-01T14:23:44+00:00","breadcrumb":{"@id":"https:\/\/www.mpfiltri.com\/fr\/product\/filtres-retour\/#breadcrumb"},"inLanguage":"fr-FR","potentialAction":[{"@type":"ReadAction","target":["https:\/\/www.mpfiltri.com\/fr\/product\/filtres-retour\/"]}]},{"@type":"ImageObject","inLanguage":"fr-FR","@id":"https:\/\/www.mpfiltri.com\/fr\/product\/filtres-retour\/#primaryimage","url":"https:\/\/www.mpfiltri.com\/wp-content\/uploads\/2025\/10\/hf-return.png","contentUrl":"https:\/\/www.mpfiltri.com\/wp-content\/uploads\/2025\/10\/hf-return.png","width":700,"height":700},{"@type":"BreadcrumbList","@id":"https:\/\/www.mpfiltri.com\/fr\/product\/filtres-retour\/#breadcrumb","itemListElement":[{"@type":"ListItem","position":1,"name":"Home","item":"https:\/\/www.mpfiltri.com\/fr\/"},{"@type":"ListItem","position":2,"name":"Produits","item":"https:\/\/www.mpfiltri.com\/fr\/shop\/"},{"@type":"ListItem","position":3,"name":"FILTRES RETOUR"}]},{"@type":"WebSite","@id":"https:\/\/www.mpfiltri.com\/fr\/#website","url":"https:\/\/www.mpfiltri.com\/fr\/","name":"MP Filtri","description":"","publisher":{"@id":"https:\/\/www.mpfiltri.com\/fr\/#organization"},"potentialAction":[{"@type":"SearchAction","target":{"@type":"EntryPoint","urlTemplate":"https:\/\/www.mpfiltri.com\/fr\/?s={search_term_string}"},"query-input":{"@type":"PropertyValueSpecification","valueRequired":true,"valueName":"search_term_string"}}],"inLanguage":"fr-FR"},{"@type":"Organization","@id":"https:\/\/www.mpfiltri.com\/fr\/#organization","name":"MP Filtri","url":"https:\/\/www.mpfiltri.com\/fr\/","logo":{"@type":"ImageObject","inLanguage":"fr-FR","@id":"https:\/\/www.mpfiltri.com\/fr\/#\/schema\/logo\/image\/","url":"","contentUrl":"","caption":"MP Filtri"},"image":{"@id":"https:\/\/www.mpfiltri.com\/fr\/#\/schema\/logo\/image\/"},"sameAs":["https:\/\/www.facebook.com\/MPFiltriITA","https:\/\/www.instagram.com\/mpfiltri\/","https:\/\/www.youtube.com\/channel\/UCCzNMySYc1c4M-2B4v0K_QA?view_as=subscriber","https:\/\/www.linkedin.com\/company\/mp-filtri-spa\/"]}]}},"_links":{"self":[{"href":"https:\/\/www.mpfiltri.com\/fr\/wp-json\/wp\/v2\/product\/77791","targetHints":{"allow":["GET"]}}],"collection":[{"href":"https:\/\/www.mpfiltri.com\/fr\/wp-json\/wp\/v2\/product"}],"about":[{"href":"https:\/\/www.mpfiltri.com\/fr\/wp-json\/wp\/v2\/types\/product"}],"replies":[{"embeddable":true,"href":"https:\/\/www.mpfiltri.com\/fr\/wp-json\/wp\/v2\/comments?post=77791"}],"wp:featuredmedia":[{"embeddable":true,"href":"https:\/\/www.mpfiltri.com\/fr\/wp-json\/wp\/v2\/media\/38613"}],"wp:attachment":[{"href":"https:\/\/www.mpfiltri.com\/fr\/wp-json\/wp\/v2\/media?parent=77791"}],"wp:term":[{"taxonomy":"product-structure","embeddable":true,"href":"https:\/\/www.mpfiltri.com\/fr\/wp-json\/wp\/v2\/product-structure?post=77791"},{"taxonomy":"product_brand","embeddable":true,"href":"https:\/\/www.mpfiltri.com\/fr\/wp-json\/wp\/v2\/product_brand?post=77791"},{"taxonomy":"product_cat","embeddable":true,"href":"https:\/\/www.mpfiltri.com\/fr\/wp-json\/wp\/v2\/product_cat?post=77791"},{"taxonomy":"product_tag","embeddable":true,"href":"https:\/\/www.mpfiltri.com\/fr\/wp-json\/wp\/v2\/product_tag?post=77791"}],"curies":[{"name":"wp","href":"https:\/\/api.w.org\/{rel}","templated":true}]}}