

{"id":77776,"date":"2025-06-16T16:43:59","date_gmt":"2025-06-16T14:43:59","guid":{"rendered":"https:\/\/www.mpfiltri.com\/product\/produit-2\/"},"modified":"2026-04-01T16:23:37","modified_gmt":"2026-04-01T14:23:37","slug":"fzh-atex","status":"publish","type":"product","link":"https:\/\/www.mpfiltri.com\/fr\/product\/fzh-atex\/","title":{"rendered":"FZH &#8211; ATEX"},"content":{"rendered":"<p>Filtre en ligne haute pression en acier inoxydable. Pression de service de 700 bar maximum (10153 psi), d\u00e9bit d`huile jusqu`\u00e0 50 l\/min (13 gpm), raccordements taraud\u00e9s de G 1\/4&#8243; \u00e0 G 1\/2&#8243; BSP\/NPT\/SAE.<\/p>\n<p>Ils peuvent \u00eatre mont\u00e9s dans des zones potentiellement explosives car ils sont certifi\u00e9s ATEX2014\/34\/EU &#8211; Cat\u00e9gorie 2G &#8211; Zones 1 &#8211; 2  et R\u00e8glement S.I. 2016 n\u00b0 1107 du Royaume-Uni.<\/p>\n<p>La construction en acier inoxydable assure une protection optimale en cas d&#8217;utilisation dans des environnements corrosifs ou des fluides agressifs. Les filtres haute pression en acier inoxydable sont utilis\u00e9s pour prot\u00e9ger les vannes individuelles ou l&#8217;ensemble du circuit hydraulique contre la contamination.<\/p>\n<p>Filtre avec joint NBR dans la configuration ZEROSPARK<\/p>\n<p>                                                II 3G Ex h IIC T6 Gc X<\/p>\n<p>                                                                        II 3D Ex h IIIC T85\u00b0C Dc X<\/p>\n<\/p>\n<p>Temp\u00e9rature<\/p>\n<p>Ambiante         Temp\u00e9rature<\/p>\n<p>max fluide        Classe de<\/p>\n<p>temp\u00e9rature        Temp\u00e9rature maximale<\/p>\n<p>surface<\/p>\n<p>15 \u00b0C \u00f7 +80 \u00b0C        +80 \u00b0C        T6        T85 \u00b0C<\/p>\n<p>Filtre avec joint FPM \/ MFQ en configuration ZEROSPARK<\/p>\n<p>                                                II 3G Ex h IIC T6&#8230; T4 Gc X<\/p>\n<p>                                                                        II 3D Ex h IIIC T85\u00b0C&#8230;T115\u00b0C Dc X<\/p>\n<\/p>\n<p>Temp\u00e9rature<\/p>\n<p>Ambiante         Temp\u00e9rature<\/p>\n<p>max fluide        Classe de<\/p>\n<p>temp\u00e9rature        Temp\u00e9rature maximale<\/p>\n<p>surface<\/p>\n<p>-15 \u00b0C \u00f7 +80 \u00b0C        +80 \u00b0C        T6        T85 \u00b0C<\/p>\n<p>-15 \u00b0C \u00f7 +95 \u00b0C        +95 \u00b0C        T5        T100 \u00b0C<\/p>\n<p>-15 \u00b0C \u00f7 +110 \u00b0C        +110 \u00b0C        T4        T115 \u00b0C<\/p>\n<p>Voir le tableau correspondant pour la compatibilit\u00e9 des fluides.<\/p>\n","protected":false},"excerpt":{"rendered":"<p>Filtre en ligne haute pression en acier inoxydable. Pression de service de 700 bar maximum (10153 psi), d\u00e9bit d`huile jusqu`\u00e0 50 l\/min (13 gpm), raccordements taraud\u00e9s de G 1\/4&#8243; \u00e0 G 1\/2&#8243; BSP\/NPT\/SAE. Ils peuvent \u00eatre mont\u00e9s dans des zones potentiellement explosives car ils sont certifi\u00e9s ATEX2014\/34\/EU &#8211; Cat\u00e9gorie 2G &#8211; Zones 1 &#8211; 2 [&hellip;]<\/p>\n","protected":false},"featured_media":0,"comment_status":"open","ping_status":"closed","template":"","meta":{"_acf_changed":false,"_gspb_post_css":"","inline_featured_image":false,"_genesis_hide_title":false,"_genesis_hide_breadcrumbs":false,"_genesis_hide_singular_image":false,"_genesis_hide_footer_widgets":false,"_genesis_custom_body_class":"","_genesis_custom_post_class":"","_genesis_layout":"","_links_to":"","_links_to_target":""},"product-structure":[62],"product_brand":[],"product_cat":[13235,13229,13195,13209,13249,13289],"product_tag":[],"class_list":{"0":"post-77776","1":"product","2":"type-product","3":"status-publish","5":"product-structure-series","6":"product_cat-chimie-petrole-gaz","7":"product_cat-equipement-industriel","8":"product_cat-equipement-mobile","9":"product_cat-industrie-miniere","10":"product_cat-production-denergie","11":"product_cat-systemes-oleodynamiques","12":"entry","14":"first","15":"instock","16":"shipping-taxable","17":"product-type-simple"},"acf":[],"yoast_head":"<!-- This site is optimized with the Yoast SEO plugin v27.2 - https:\/\/yoast.com\/product\/yoast-seo-wordpress\/ -->\n<title>FZH - ATEX - MP Filtri<\/title>\n<meta name=\"robots\" content=\"index, follow, max-snippet:-1, max-image-preview:large, max-video-preview:-1\" \/>\n<link rel=\"canonical\" href=\"https:\/\/www.mpfiltri.com\/fr\/product\/fzh-atex\/\" \/>\n<meta property=\"og:locale\" content=\"fr_FR\" \/>\n<meta property=\"og:type\" content=\"article\" \/>\n<meta property=\"og:title\" content=\"FZH - ATEX - MP Filtri\" \/>\n<meta property=\"og:description\" content=\"Filtre en ligne haute pression en acier inoxydable. Pression de service de 700 bar maximum (10153 psi), d\u00e9bit d`huile jusqu`\u00e0 50 l\/min (13 gpm), raccordements taraud\u00e9s de G 1\/4&#8243; \u00e0 G 1\/2&#8243; BSP\/NPT\/SAE. Ils peuvent \u00eatre mont\u00e9s dans des zones potentiellement explosives car ils sont certifi\u00e9s ATEX2014\/34\/EU &#8211; Cat\u00e9gorie 2G &#8211; Zones 1 &#8211; 2 [&hellip;]\" \/>\n<meta property=\"og:url\" content=\"https:\/\/www.mpfiltri.com\/fr\/product\/fzh-atex\/\" \/>\n<meta property=\"og:site_name\" content=\"MP Filtri\" \/>\n<meta property=\"article:publisher\" content=\"https:\/\/www.facebook.com\/MPFiltriITA\" \/>\n<meta property=\"article:modified_time\" content=\"2026-04-01T14:23:37+00:00\" \/>\n<meta name=\"twitter:card\" content=\"summary_large_image\" \/>\n<meta name=\"twitter:label1\" content=\"Dur\u00e9e de lecture estim\u00e9e\" \/>\n\t<meta name=\"twitter:data1\" content=\"1 minute\" \/>\n<script type=\"application\/ld+json\" class=\"yoast-schema-graph\">{\"@context\":\"https:\/\/schema.org\",\"@graph\":[{\"@type\":\"WebPage\",\"@id\":\"https:\/\/www.mpfiltri.com\/fr\/product\/fzh-atex\/\",\"url\":\"https:\/\/www.mpfiltri.com\/fr\/product\/fzh-atex\/\",\"name\":\"FZH - ATEX - MP Filtri\",\"isPartOf\":{\"@id\":\"https:\/\/www.mpfiltri.com\/fr\/#website\"},\"datePublished\":\"2025-06-16T14:43:59+00:00\",\"dateModified\":\"2026-04-01T14:23:37+00:00\",\"breadcrumb\":{\"@id\":\"https:\/\/www.mpfiltri.com\/fr\/product\/fzh-atex\/#breadcrumb\"},\"inLanguage\":\"fr-FR\",\"potentialAction\":[{\"@type\":\"ReadAction\",\"target\":[\"https:\/\/www.mpfiltri.com\/fr\/product\/fzh-atex\/\"]}]},{\"@type\":\"BreadcrumbList\",\"@id\":\"https:\/\/www.mpfiltri.com\/fr\/product\/fzh-atex\/#breadcrumb\",\"itemListElement\":[{\"@type\":\"ListItem\",\"position\":1,\"name\":\"Home\",\"item\":\"https:\/\/www.mpfiltri.com\/fr\/\"},{\"@type\":\"ListItem\",\"position\":2,\"name\":\"Produits\",\"item\":\"https:\/\/www.mpfiltri.com\/fr\/shop\/\"},{\"@type\":\"ListItem\",\"position\":3,\"name\":\"FZH &#8211; ATEX\"}]},{\"@type\":\"WebSite\",\"@id\":\"https:\/\/www.mpfiltri.com\/fr\/#website\",\"url\":\"https:\/\/www.mpfiltri.com\/fr\/\",\"name\":\"MP Filtri\",\"description\":\"\",\"publisher\":{\"@id\":\"https:\/\/www.mpfiltri.com\/fr\/#organization\"},\"potentialAction\":[{\"@type\":\"SearchAction\",\"target\":{\"@type\":\"EntryPoint\",\"urlTemplate\":\"https:\/\/www.mpfiltri.com\/fr\/?s={search_term_string}\"},\"query-input\":{\"@type\":\"PropertyValueSpecification\",\"valueRequired\":true,\"valueName\":\"search_term_string\"}}],\"inLanguage\":\"fr-FR\"},{\"@type\":\"Organization\",\"@id\":\"https:\/\/www.mpfiltri.com\/fr\/#organization\",\"name\":\"MP Filtri\",\"url\":\"https:\/\/www.mpfiltri.com\/fr\/\",\"logo\":{\"@type\":\"ImageObject\",\"inLanguage\":\"fr-FR\",\"@id\":\"https:\/\/www.mpfiltri.com\/fr\/#\/schema\/logo\/image\/\",\"url\":\"\",\"contentUrl\":\"\",\"caption\":\"MP Filtri\"},\"image\":{\"@id\":\"https:\/\/www.mpfiltri.com\/fr\/#\/schema\/logo\/image\/\"},\"sameAs\":[\"https:\/\/www.facebook.com\/MPFiltriITA\",\"https:\/\/www.instagram.com\/mpfiltri\/\",\"https:\/\/www.youtube.com\/channel\/UCCzNMySYc1c4M-2B4v0K_QA?view_as=subscriber\",\"https:\/\/www.linkedin.com\/company\/mp-filtri-spa\/\"]}]}<\/script>\n<!-- \/ Yoast SEO plugin. -->","yoast_head_json":{"title":"FZH - ATEX - MP Filtri","robots":{"index":"index","follow":"follow","max-snippet":"max-snippet:-1","max-image-preview":"max-image-preview:large","max-video-preview":"max-video-preview:-1"},"canonical":"https:\/\/www.mpfiltri.com\/fr\/product\/fzh-atex\/","og_locale":"fr_FR","og_type":"article","og_title":"FZH - ATEX - MP Filtri","og_description":"Filtre en ligne haute pression en acier inoxydable. Pression de service de 700 bar maximum (10153 psi), d\u00e9bit d`huile jusqu`\u00e0 50 l\/min (13 gpm), raccordements taraud\u00e9s de G 1\/4&#8243; \u00e0 G 1\/2&#8243; BSP\/NPT\/SAE. Ils peuvent \u00eatre mont\u00e9s dans des zones potentiellement explosives car ils sont certifi\u00e9s ATEX2014\/34\/EU &#8211; Cat\u00e9gorie 2G &#8211; Zones 1 &#8211; 2 [&hellip;]","og_url":"https:\/\/www.mpfiltri.com\/fr\/product\/fzh-atex\/","og_site_name":"MP Filtri","article_publisher":"https:\/\/www.facebook.com\/MPFiltriITA","article_modified_time":"2026-04-01T14:23:37+00:00","twitter_card":"summary_large_image","twitter_misc":{"Dur\u00e9e de lecture estim\u00e9e":"1 minute"},"schema":{"@context":"https:\/\/schema.org","@graph":[{"@type":"WebPage","@id":"https:\/\/www.mpfiltri.com\/fr\/product\/fzh-atex\/","url":"https:\/\/www.mpfiltri.com\/fr\/product\/fzh-atex\/","name":"FZH - ATEX - MP Filtri","isPartOf":{"@id":"https:\/\/www.mpfiltri.com\/fr\/#website"},"datePublished":"2025-06-16T14:43:59+00:00","dateModified":"2026-04-01T14:23:37+00:00","breadcrumb":{"@id":"https:\/\/www.mpfiltri.com\/fr\/product\/fzh-atex\/#breadcrumb"},"inLanguage":"fr-FR","potentialAction":[{"@type":"ReadAction","target":["https:\/\/www.mpfiltri.com\/fr\/product\/fzh-atex\/"]}]},{"@type":"BreadcrumbList","@id":"https:\/\/www.mpfiltri.com\/fr\/product\/fzh-atex\/#breadcrumb","itemListElement":[{"@type":"ListItem","position":1,"name":"Home","item":"https:\/\/www.mpfiltri.com\/fr\/"},{"@type":"ListItem","position":2,"name":"Produits","item":"https:\/\/www.mpfiltri.com\/fr\/shop\/"},{"@type":"ListItem","position":3,"name":"FZH &#8211; ATEX"}]},{"@type":"WebSite","@id":"https:\/\/www.mpfiltri.com\/fr\/#website","url":"https:\/\/www.mpfiltri.com\/fr\/","name":"MP Filtri","description":"","publisher":{"@id":"https:\/\/www.mpfiltri.com\/fr\/#organization"},"potentialAction":[{"@type":"SearchAction","target":{"@type":"EntryPoint","urlTemplate":"https:\/\/www.mpfiltri.com\/fr\/?s={search_term_string}"},"query-input":{"@type":"PropertyValueSpecification","valueRequired":true,"valueName":"search_term_string"}}],"inLanguage":"fr-FR"},{"@type":"Organization","@id":"https:\/\/www.mpfiltri.com\/fr\/#organization","name":"MP Filtri","url":"https:\/\/www.mpfiltri.com\/fr\/","logo":{"@type":"ImageObject","inLanguage":"fr-FR","@id":"https:\/\/www.mpfiltri.com\/fr\/#\/schema\/logo\/image\/","url":"","contentUrl":"","caption":"MP Filtri"},"image":{"@id":"https:\/\/www.mpfiltri.com\/fr\/#\/schema\/logo\/image\/"},"sameAs":["https:\/\/www.facebook.com\/MPFiltriITA","https:\/\/www.instagram.com\/mpfiltri\/","https:\/\/www.youtube.com\/channel\/UCCzNMySYc1c4M-2B4v0K_QA?view_as=subscriber","https:\/\/www.linkedin.com\/company\/mp-filtri-spa\/"]}]}},"_links":{"self":[{"href":"https:\/\/www.mpfiltri.com\/fr\/wp-json\/wp\/v2\/product\/77776","targetHints":{"allow":["GET"]}}],"collection":[{"href":"https:\/\/www.mpfiltri.com\/fr\/wp-json\/wp\/v2\/product"}],"about":[{"href":"https:\/\/www.mpfiltri.com\/fr\/wp-json\/wp\/v2\/types\/product"}],"replies":[{"embeddable":true,"href":"https:\/\/www.mpfiltri.com\/fr\/wp-json\/wp\/v2\/comments?post=77776"}],"wp:attachment":[{"href":"https:\/\/www.mpfiltri.com\/fr\/wp-json\/wp\/v2\/media?parent=77776"}],"wp:term":[{"taxonomy":"product-structure","embeddable":true,"href":"https:\/\/www.mpfiltri.com\/fr\/wp-json\/wp\/v2\/product-structure?post=77776"},{"taxonomy":"product_brand","embeddable":true,"href":"https:\/\/www.mpfiltri.com\/fr\/wp-json\/wp\/v2\/product_brand?post=77776"},{"taxonomy":"product_cat","embeddable":true,"href":"https:\/\/www.mpfiltri.com\/fr\/wp-json\/wp\/v2\/product_cat?post=77776"},{"taxonomy":"product_tag","embeddable":true,"href":"https:\/\/www.mpfiltri.com\/fr\/wp-json\/wp\/v2\/product_tag?post=77776"}],"curies":[{"name":"wp","href":"https:\/\/api.w.org\/{rel}","templated":true}]}}