

{"id":77733,"date":"2025-06-16T16:43:33","date_gmt":"2025-06-16T14:43:33","guid":{"rendered":"https:\/\/www.mpfiltri.com\/product\/produit\/"},"modified":"2026-04-01T16:23:39","modified_gmt":"2026-04-01T14:23:39","slug":"lme-lmek-accouplement-gks","status":"publish","type":"product","link":"https:\/\/www.mpfiltri.com\/fr\/product\/lme-lmek-accouplement-gks\/","title":{"rendered":"LME &#8211; LMEK (Accouplement GKS)"},"content":{"rendered":"<p>Les lanternes LME sont utilis\u00e9s comme raccord entre des moteurs \u00e0 combustion interne de 3 \u00e0 13,5 Hp et des pompes \u00e0 engrenages groupe 1 et groupe 2, avec bague de centrage de pompe incluse. Disponibles pour :<\/p>\n<p>\u2022 Honda, Lombardini, Kohler et BS<\/p>\n<p>Les lanternes LMEK sont utilis\u00e9s comme raccord entre des moteurs \u00e0 combustion interne de 13 \u00e0 35 Hp et des pompes groupe 1 ou 2, ZF, Bosch SAE A 2 boulons, SAE B 2 boulons et SAE C 2 boulons. Disponibles pour :<\/p>\n<p>\u2022 s\u00e9rie Kubota Super Mini Z482 &#8211; Z602 &#8211; D722 &#8211; D902 <\/p>\n<p>\u2022 s\u00e9rie Kubota 05 D1105 &#8211; D1305 &#8211; V1505<\/p>\n<p>Fabriqu\u00e9s en aluminium moul\u00e9 sous pression, ils sont g\u00e9n\u00e9ralement utilis\u00e9s sur des plates-formes a\u00e9riennes, mini-excavatrices, minidumpers et machines foresti\u00e8res en g\u00e9n\u00e9ral.<\/p><\/p>\n","protected":false},"excerpt":{"rendered":"<p>Les lanternes LME sont utilis\u00e9s comme raccord entre des moteurs \u00e0 combustion interne de 3 \u00e0 13,5 Hp et des pompes \u00e0 engrenages groupe 1 et groupe 2, avec bague de centrage de pompe incluse. Disponibles pour : \u2022 Honda, Lombardini, Kohler et BS Les lanternes LMEK sont utilis\u00e9s comme raccord entre des moteurs \u00e0 [&hellip;]<\/p>\n","protected":false},"featured_media":0,"comment_status":"open","ping_status":"closed","template":"","meta":{"_acf_changed":false,"_gspb_post_css":"","inline_featured_image":false,"_genesis_hide_title":false,"_genesis_hide_breadcrumbs":false,"_genesis_hide_singular_image":false,"_genesis_hide_footer_widgets":false,"_genesis_custom_body_class":"","_genesis_custom_post_class":"","_genesis_layout":"","_links_to":"","_links_to_target":""},"product-structure":[62],"product_brand":[],"product_cat":[13160,13188,13229,13195,13277,13125,13289,13263,13270],"product_tag":[],"class_list":{"0":"post-77733","1":"product","2":"type-product","3":"status-publish","5":"product-structure-series","6":"product_cat-agricole-forestier","7":"product_cat-applications","8":"product_cat-equipement-industriel","9":"product_cat-equipement-mobile","10":"product_cat-machines-a-former","11":"product_cat-machines-pour-construction","12":"product_cat-systemes-oleodynamiques","13":"product_cat-textile-bois-pates-et-papier","14":"product_cat-traitement-des-dechets","15":"entry","17":"first","18":"instock","19":"shipping-taxable","20":"product-type-simple"},"acf":[],"yoast_head":"<!-- This site is optimized with the Yoast SEO plugin v27.2 - https:\/\/yoast.com\/product\/yoast-seo-wordpress\/ -->\n<title>LME - LMEK (Accouplement GKS) - MP Filtri<\/title>\n<meta name=\"robots\" content=\"index, follow, max-snippet:-1, max-image-preview:large, max-video-preview:-1\" \/>\n<link rel=\"canonical\" href=\"https:\/\/www.mpfiltri.com\/fr\/product\/lme-lmek-accouplement-gks\/\" \/>\n<meta property=\"og:locale\" content=\"fr_FR\" \/>\n<meta property=\"og:type\" content=\"article\" \/>\n<meta property=\"og:title\" content=\"LME - LMEK (Accouplement GKS) - MP Filtri\" \/>\n<meta property=\"og:description\" content=\"Les lanternes LME sont utilis\u00e9s comme raccord entre des moteurs \u00e0 combustion interne de 3 \u00e0 13,5 Hp et des pompes \u00e0 engrenages groupe 1 et groupe 2, avec bague de centrage de pompe incluse. Disponibles pour : \u2022 Honda, Lombardini, Kohler et BS Les lanternes LMEK sont utilis\u00e9s comme raccord entre des moteurs \u00e0 [&hellip;]\" \/>\n<meta property=\"og:url\" content=\"https:\/\/www.mpfiltri.com\/fr\/product\/lme-lmek-accouplement-gks\/\" \/>\n<meta property=\"og:site_name\" content=\"MP Filtri\" \/>\n<meta property=\"article:publisher\" content=\"https:\/\/www.facebook.com\/MPFiltriITA\" \/>\n<meta property=\"article:modified_time\" content=\"2026-04-01T14:23:39+00:00\" \/>\n<meta name=\"twitter:card\" content=\"summary_large_image\" \/>\n<meta name=\"twitter:label1\" content=\"Dur\u00e9e de lecture estim\u00e9e\" \/>\n\t<meta name=\"twitter:data1\" content=\"1 minute\" \/>\n<script type=\"application\/ld+json\" class=\"yoast-schema-graph\">{\"@context\":\"https:\/\/schema.org\",\"@graph\":[{\"@type\":\"WebPage\",\"@id\":\"https:\/\/www.mpfiltri.com\/fr\/product\/lme-lmek-accouplement-gks\/\",\"url\":\"https:\/\/www.mpfiltri.com\/fr\/product\/lme-lmek-accouplement-gks\/\",\"name\":\"LME - LMEK (Accouplement GKS) - MP Filtri\",\"isPartOf\":{\"@id\":\"https:\/\/www.mpfiltri.com\/fr\/#website\"},\"datePublished\":\"2025-06-16T14:43:33+00:00\",\"dateModified\":\"2026-04-01T14:23:39+00:00\",\"breadcrumb\":{\"@id\":\"https:\/\/www.mpfiltri.com\/fr\/product\/lme-lmek-accouplement-gks\/#breadcrumb\"},\"inLanguage\":\"fr-FR\",\"potentialAction\":[{\"@type\":\"ReadAction\",\"target\":[\"https:\/\/www.mpfiltri.com\/fr\/product\/lme-lmek-accouplement-gks\/\"]}]},{\"@type\":\"BreadcrumbList\",\"@id\":\"https:\/\/www.mpfiltri.com\/fr\/product\/lme-lmek-accouplement-gks\/#breadcrumb\",\"itemListElement\":[{\"@type\":\"ListItem\",\"position\":1,\"name\":\"Home\",\"item\":\"https:\/\/www.mpfiltri.com\/fr\/\"},{\"@type\":\"ListItem\",\"position\":2,\"name\":\"Produits\",\"item\":\"https:\/\/www.mpfiltri.com\/fr\/shop\/\"},{\"@type\":\"ListItem\",\"position\":3,\"name\":\"LME &#8211; LMEK (Accouplement GKS)\"}]},{\"@type\":\"WebSite\",\"@id\":\"https:\/\/www.mpfiltri.com\/fr\/#website\",\"url\":\"https:\/\/www.mpfiltri.com\/fr\/\",\"name\":\"MP Filtri\",\"description\":\"\",\"publisher\":{\"@id\":\"https:\/\/www.mpfiltri.com\/fr\/#organization\"},\"potentialAction\":[{\"@type\":\"SearchAction\",\"target\":{\"@type\":\"EntryPoint\",\"urlTemplate\":\"https:\/\/www.mpfiltri.com\/fr\/?s={search_term_string}\"},\"query-input\":{\"@type\":\"PropertyValueSpecification\",\"valueRequired\":true,\"valueName\":\"search_term_string\"}}],\"inLanguage\":\"fr-FR\"},{\"@type\":\"Organization\",\"@id\":\"https:\/\/www.mpfiltri.com\/fr\/#organization\",\"name\":\"MP Filtri\",\"url\":\"https:\/\/www.mpfiltri.com\/fr\/\",\"logo\":{\"@type\":\"ImageObject\",\"inLanguage\":\"fr-FR\",\"@id\":\"https:\/\/www.mpfiltri.com\/fr\/#\/schema\/logo\/image\/\",\"url\":\"\",\"contentUrl\":\"\",\"caption\":\"MP Filtri\"},\"image\":{\"@id\":\"https:\/\/www.mpfiltri.com\/fr\/#\/schema\/logo\/image\/\"},\"sameAs\":[\"https:\/\/www.facebook.com\/MPFiltriITA\",\"https:\/\/www.instagram.com\/mpfiltri\/\",\"https:\/\/www.youtube.com\/channel\/UCCzNMySYc1c4M-2B4v0K_QA?view_as=subscriber\",\"https:\/\/www.linkedin.com\/company\/mp-filtri-spa\/\"]}]}<\/script>\n<!-- \/ Yoast SEO plugin. -->","yoast_head_json":{"title":"LME - LMEK (Accouplement GKS) - MP Filtri","robots":{"index":"index","follow":"follow","max-snippet":"max-snippet:-1","max-image-preview":"max-image-preview:large","max-video-preview":"max-video-preview:-1"},"canonical":"https:\/\/www.mpfiltri.com\/fr\/product\/lme-lmek-accouplement-gks\/","og_locale":"fr_FR","og_type":"article","og_title":"LME - LMEK (Accouplement GKS) - MP Filtri","og_description":"Les lanternes LME sont utilis\u00e9s comme raccord entre des moteurs \u00e0 combustion interne de 3 \u00e0 13,5 Hp et des pompes \u00e0 engrenages groupe 1 et groupe 2, avec bague de centrage de pompe incluse. Disponibles pour : \u2022 Honda, Lombardini, Kohler et BS Les lanternes LMEK sont utilis\u00e9s comme raccord entre des moteurs \u00e0 [&hellip;]","og_url":"https:\/\/www.mpfiltri.com\/fr\/product\/lme-lmek-accouplement-gks\/","og_site_name":"MP Filtri","article_publisher":"https:\/\/www.facebook.com\/MPFiltriITA","article_modified_time":"2026-04-01T14:23:39+00:00","twitter_card":"summary_large_image","twitter_misc":{"Dur\u00e9e de lecture estim\u00e9e":"1 minute"},"schema":{"@context":"https:\/\/schema.org","@graph":[{"@type":"WebPage","@id":"https:\/\/www.mpfiltri.com\/fr\/product\/lme-lmek-accouplement-gks\/","url":"https:\/\/www.mpfiltri.com\/fr\/product\/lme-lmek-accouplement-gks\/","name":"LME - LMEK (Accouplement GKS) - MP Filtri","isPartOf":{"@id":"https:\/\/www.mpfiltri.com\/fr\/#website"},"datePublished":"2025-06-16T14:43:33+00:00","dateModified":"2026-04-01T14:23:39+00:00","breadcrumb":{"@id":"https:\/\/www.mpfiltri.com\/fr\/product\/lme-lmek-accouplement-gks\/#breadcrumb"},"inLanguage":"fr-FR","potentialAction":[{"@type":"ReadAction","target":["https:\/\/www.mpfiltri.com\/fr\/product\/lme-lmek-accouplement-gks\/"]}]},{"@type":"BreadcrumbList","@id":"https:\/\/www.mpfiltri.com\/fr\/product\/lme-lmek-accouplement-gks\/#breadcrumb","itemListElement":[{"@type":"ListItem","position":1,"name":"Home","item":"https:\/\/www.mpfiltri.com\/fr\/"},{"@type":"ListItem","position":2,"name":"Produits","item":"https:\/\/www.mpfiltri.com\/fr\/shop\/"},{"@type":"ListItem","position":3,"name":"LME &#8211; LMEK (Accouplement GKS)"}]},{"@type":"WebSite","@id":"https:\/\/www.mpfiltri.com\/fr\/#website","url":"https:\/\/www.mpfiltri.com\/fr\/","name":"MP Filtri","description":"","publisher":{"@id":"https:\/\/www.mpfiltri.com\/fr\/#organization"},"potentialAction":[{"@type":"SearchAction","target":{"@type":"EntryPoint","urlTemplate":"https:\/\/www.mpfiltri.com\/fr\/?s={search_term_string}"},"query-input":{"@type":"PropertyValueSpecification","valueRequired":true,"valueName":"search_term_string"}}],"inLanguage":"fr-FR"},{"@type":"Organization","@id":"https:\/\/www.mpfiltri.com\/fr\/#organization","name":"MP Filtri","url":"https:\/\/www.mpfiltri.com\/fr\/","logo":{"@type":"ImageObject","inLanguage":"fr-FR","@id":"https:\/\/www.mpfiltri.com\/fr\/#\/schema\/logo\/image\/","url":"","contentUrl":"","caption":"MP Filtri"},"image":{"@id":"https:\/\/www.mpfiltri.com\/fr\/#\/schema\/logo\/image\/"},"sameAs":["https:\/\/www.facebook.com\/MPFiltriITA","https:\/\/www.instagram.com\/mpfiltri\/","https:\/\/www.youtube.com\/channel\/UCCzNMySYc1c4M-2B4v0K_QA?view_as=subscriber","https:\/\/www.linkedin.com\/company\/mp-filtri-spa\/"]}]}},"_links":{"self":[{"href":"https:\/\/www.mpfiltri.com\/fr\/wp-json\/wp\/v2\/product\/77733","targetHints":{"allow":["GET"]}}],"collection":[{"href":"https:\/\/www.mpfiltri.com\/fr\/wp-json\/wp\/v2\/product"}],"about":[{"href":"https:\/\/www.mpfiltri.com\/fr\/wp-json\/wp\/v2\/types\/product"}],"replies":[{"embeddable":true,"href":"https:\/\/www.mpfiltri.com\/fr\/wp-json\/wp\/v2\/comments?post=77733"}],"wp:attachment":[{"href":"https:\/\/www.mpfiltri.com\/fr\/wp-json\/wp\/v2\/media?parent=77733"}],"wp:term":[{"taxonomy":"product-structure","embeddable":true,"href":"https:\/\/www.mpfiltri.com\/fr\/wp-json\/wp\/v2\/product-structure?post=77733"},{"taxonomy":"product_brand","embeddable":true,"href":"https:\/\/www.mpfiltri.com\/fr\/wp-json\/wp\/v2\/product_brand?post=77733"},{"taxonomy":"product_cat","embeddable":true,"href":"https:\/\/www.mpfiltri.com\/fr\/wp-json\/wp\/v2\/product_cat?post=77733"},{"taxonomy":"product_tag","embeddable":true,"href":"https:\/\/www.mpfiltri.com\/fr\/wp-json\/wp\/v2\/product_tag?post=77733"}],"curies":[{"name":"wp","href":"https:\/\/api.w.org\/{rel}","templated":true}]}}