

{"id":77726,"date":"2025-06-16T16:41:42","date_gmt":"2025-06-16T14:41:42","guid":{"rendered":"https:\/\/www.mpfiltri.com\/product\/produit\/"},"modified":"2026-04-01T16:23:53","modified_gmt":"2026-04-01T14:23:53","slug":"lmp-210-211","status":"publish","type":"product","link":"https:\/\/www.mpfiltri.com\/fr\/product\/lmp-210-211\/","title":{"rendered":"LMP 210 &#8211; 211"},"content":{"rendered":"<p>Filtre en ligne. Pression de service jusqu`\u00e0 60 bar (870 psi), d\u00e9bit d`huile jusqu`\u00e0 330 l\/min (87 gpm), raccordements taraud\u00e9s de G 1&#8243; \u00e0 G 1&#8243; 1\/2 BSP\/NPT\/SAE (LMP211), et raccordements \u00e0 brides SAE jusqu`\u00e0 1&#8243; 1\/2 SAE 3000 PSI (LMP210).<\/p>\n<p>Filtre en ligne robuste avec une large gamme de m\u00e9dias filtrants, y compris de r\u00e9tention d\u2019eau. Id\u00e9al pour l\u2019alimentation de pompes de gavage \u00e0 d\u00e9bit important, les circuits de retour et de filtration en parall\u00e8le avec une large gamme de mod\u00e8les offrant une alternative parfaite et une interchangeabilit\u00e9 avec la s\u00e9rie Schroeder RLT<\/p>\n<p>Voir le tableau correspondant pour la compatibilit\u00e9 des fluides.<\/p>\n","protected":false},"excerpt":{"rendered":"<p>Filtre en ligne. Pression de service jusqu`\u00e0 60 bar (870 psi), d\u00e9bit d`huile jusqu`\u00e0 330 l\/min (87 gpm), raccordements taraud\u00e9s de G 1&#8243; \u00e0 G 1&#8243; 1\/2 BSP\/NPT\/SAE (LMP211), et raccordements \u00e0 brides SAE jusqu`\u00e0 1&#8243; 1\/2 SAE 3000 PSI (LMP210). Filtre en ligne robuste avec une large gamme de m\u00e9dias filtrants, y compris de [&hellip;]<\/p>\n","protected":false},"featured_media":0,"comment_status":"open","ping_status":"closed","template":"","meta":{"_acf_changed":false,"_gspb_post_css":"","inline_featured_image":false,"_genesis_hide_title":false,"_genesis_hide_breadcrumbs":false,"_genesis_hide_singular_image":false,"_genesis_hide_footer_widgets":false,"_genesis_custom_body_class":"","_genesis_custom_post_class":"","_genesis_layout":"","_links_to":"","_links_to_target":""},"product-structure":[62],"product_brand":[],"product_cat":[13256,13229,13195,13209,13283,13277,13289,13263,13270],"product_tag":[],"class_list":{"0":"post-77726","1":"product","2":"type-product","3":"status-publish","5":"product-structure-series","6":"product_cat-emballages-et-agroalimentaire","7":"product_cat-equipement-industriel","8":"product_cat-equipement-mobile","9":"product_cat-industrie-miniere","10":"product_cat-lubrification-et-flushing-des-machines-hors-ligne","11":"product_cat-machines-a-former","12":"product_cat-systemes-oleodynamiques","13":"product_cat-textile-bois-pates-et-papier","14":"product_cat-traitement-des-dechets","15":"entry","17":"first","18":"instock","19":"shipping-taxable","20":"product-type-simple"},"acf":[],"yoast_head":"<!-- This site is optimized with the Yoast SEO plugin v27.2 - https:\/\/yoast.com\/product\/yoast-seo-wordpress\/ -->\n<title>LMP 210 - 211 - MP Filtri<\/title>\n<meta name=\"robots\" content=\"index, follow, max-snippet:-1, max-image-preview:large, max-video-preview:-1\" \/>\n<link rel=\"canonical\" href=\"https:\/\/www.mpfiltri.com\/fr\/product\/lmp-210-211\/\" \/>\n<meta property=\"og:locale\" content=\"fr_FR\" \/>\n<meta property=\"og:type\" content=\"article\" \/>\n<meta property=\"og:title\" content=\"LMP 210 - 211 - MP Filtri\" \/>\n<meta property=\"og:description\" content=\"Filtre en ligne. Pression de service jusqu`\u00e0 60 bar (870 psi), d\u00e9bit d`huile jusqu`\u00e0 330 l\/min (87 gpm), raccordements taraud\u00e9s de G 1&#8243; \u00e0 G 1&#8243; 1\/2 BSP\/NPT\/SAE (LMP211), et raccordements \u00e0 brides SAE jusqu`\u00e0 1&#8243; 1\/2 SAE 3000 PSI (LMP210). Filtre en ligne robuste avec une large gamme de m\u00e9dias filtrants, y compris de [&hellip;]\" \/>\n<meta property=\"og:url\" content=\"https:\/\/www.mpfiltri.com\/fr\/product\/lmp-210-211\/\" \/>\n<meta property=\"og:site_name\" content=\"MP Filtri\" \/>\n<meta property=\"article:publisher\" content=\"https:\/\/www.facebook.com\/MPFiltriITA\" \/>\n<meta property=\"article:modified_time\" content=\"2026-04-01T14:23:53+00:00\" \/>\n<meta name=\"twitter:card\" content=\"summary_large_image\" \/>\n<meta name=\"twitter:label1\" content=\"Dur\u00e9e de lecture estim\u00e9e\" \/>\n\t<meta name=\"twitter:data1\" content=\"1 minute\" \/>\n<script type=\"application\/ld+json\" class=\"yoast-schema-graph\">{\"@context\":\"https:\/\/schema.org\",\"@graph\":[{\"@type\":\"WebPage\",\"@id\":\"https:\/\/www.mpfiltri.com\/fr\/product\/lmp-210-211\/\",\"url\":\"https:\/\/www.mpfiltri.com\/fr\/product\/lmp-210-211\/\",\"name\":\"LMP 210 - 211 - MP Filtri\",\"isPartOf\":{\"@id\":\"https:\/\/www.mpfiltri.com\/fr\/#website\"},\"datePublished\":\"2025-06-16T14:41:42+00:00\",\"dateModified\":\"2026-04-01T14:23:53+00:00\",\"breadcrumb\":{\"@id\":\"https:\/\/www.mpfiltri.com\/fr\/product\/lmp-210-211\/#breadcrumb\"},\"inLanguage\":\"fr-FR\",\"potentialAction\":[{\"@type\":\"ReadAction\",\"target\":[\"https:\/\/www.mpfiltri.com\/fr\/product\/lmp-210-211\/\"]}]},{\"@type\":\"BreadcrumbList\",\"@id\":\"https:\/\/www.mpfiltri.com\/fr\/product\/lmp-210-211\/#breadcrumb\",\"itemListElement\":[{\"@type\":\"ListItem\",\"position\":1,\"name\":\"Home\",\"item\":\"https:\/\/www.mpfiltri.com\/fr\/\"},{\"@type\":\"ListItem\",\"position\":2,\"name\":\"Produits\",\"item\":\"https:\/\/www.mpfiltri.com\/fr\/shop\/\"},{\"@type\":\"ListItem\",\"position\":3,\"name\":\"LMP 210 &#8211; 211\"}]},{\"@type\":\"WebSite\",\"@id\":\"https:\/\/www.mpfiltri.com\/fr\/#website\",\"url\":\"https:\/\/www.mpfiltri.com\/fr\/\",\"name\":\"MP Filtri\",\"description\":\"\",\"publisher\":{\"@id\":\"https:\/\/www.mpfiltri.com\/fr\/#organization\"},\"potentialAction\":[{\"@type\":\"SearchAction\",\"target\":{\"@type\":\"EntryPoint\",\"urlTemplate\":\"https:\/\/www.mpfiltri.com\/fr\/?s={search_term_string}\"},\"query-input\":{\"@type\":\"PropertyValueSpecification\",\"valueRequired\":true,\"valueName\":\"search_term_string\"}}],\"inLanguage\":\"fr-FR\"},{\"@type\":\"Organization\",\"@id\":\"https:\/\/www.mpfiltri.com\/fr\/#organization\",\"name\":\"MP Filtri\",\"url\":\"https:\/\/www.mpfiltri.com\/fr\/\",\"logo\":{\"@type\":\"ImageObject\",\"inLanguage\":\"fr-FR\",\"@id\":\"https:\/\/www.mpfiltri.com\/fr\/#\/schema\/logo\/image\/\",\"url\":\"\",\"contentUrl\":\"\",\"caption\":\"MP Filtri\"},\"image\":{\"@id\":\"https:\/\/www.mpfiltri.com\/fr\/#\/schema\/logo\/image\/\"},\"sameAs\":[\"https:\/\/www.facebook.com\/MPFiltriITA\",\"https:\/\/www.instagram.com\/mpfiltri\/\",\"https:\/\/www.youtube.com\/channel\/UCCzNMySYc1c4M-2B4v0K_QA?view_as=subscriber\",\"https:\/\/www.linkedin.com\/company\/mp-filtri-spa\/\"]}]}<\/script>\n<!-- \/ Yoast SEO plugin. -->","yoast_head_json":{"title":"LMP 210 - 211 - MP Filtri","robots":{"index":"index","follow":"follow","max-snippet":"max-snippet:-1","max-image-preview":"max-image-preview:large","max-video-preview":"max-video-preview:-1"},"canonical":"https:\/\/www.mpfiltri.com\/fr\/product\/lmp-210-211\/","og_locale":"fr_FR","og_type":"article","og_title":"LMP 210 - 211 - MP Filtri","og_description":"Filtre en ligne. Pression de service jusqu`\u00e0 60 bar (870 psi), d\u00e9bit d`huile jusqu`\u00e0 330 l\/min (87 gpm), raccordements taraud\u00e9s de G 1&#8243; \u00e0 G 1&#8243; 1\/2 BSP\/NPT\/SAE (LMP211), et raccordements \u00e0 brides SAE jusqu`\u00e0 1&#8243; 1\/2 SAE 3000 PSI (LMP210). Filtre en ligne robuste avec une large gamme de m\u00e9dias filtrants, y compris de [&hellip;]","og_url":"https:\/\/www.mpfiltri.com\/fr\/product\/lmp-210-211\/","og_site_name":"MP Filtri","article_publisher":"https:\/\/www.facebook.com\/MPFiltriITA","article_modified_time":"2026-04-01T14:23:53+00:00","twitter_card":"summary_large_image","twitter_misc":{"Dur\u00e9e de lecture estim\u00e9e":"1 minute"},"schema":{"@context":"https:\/\/schema.org","@graph":[{"@type":"WebPage","@id":"https:\/\/www.mpfiltri.com\/fr\/product\/lmp-210-211\/","url":"https:\/\/www.mpfiltri.com\/fr\/product\/lmp-210-211\/","name":"LMP 210 - 211 - MP Filtri","isPartOf":{"@id":"https:\/\/www.mpfiltri.com\/fr\/#website"},"datePublished":"2025-06-16T14:41:42+00:00","dateModified":"2026-04-01T14:23:53+00:00","breadcrumb":{"@id":"https:\/\/www.mpfiltri.com\/fr\/product\/lmp-210-211\/#breadcrumb"},"inLanguage":"fr-FR","potentialAction":[{"@type":"ReadAction","target":["https:\/\/www.mpfiltri.com\/fr\/product\/lmp-210-211\/"]}]},{"@type":"BreadcrumbList","@id":"https:\/\/www.mpfiltri.com\/fr\/product\/lmp-210-211\/#breadcrumb","itemListElement":[{"@type":"ListItem","position":1,"name":"Home","item":"https:\/\/www.mpfiltri.com\/fr\/"},{"@type":"ListItem","position":2,"name":"Produits","item":"https:\/\/www.mpfiltri.com\/fr\/shop\/"},{"@type":"ListItem","position":3,"name":"LMP 210 &#8211; 211"}]},{"@type":"WebSite","@id":"https:\/\/www.mpfiltri.com\/fr\/#website","url":"https:\/\/www.mpfiltri.com\/fr\/","name":"MP Filtri","description":"","publisher":{"@id":"https:\/\/www.mpfiltri.com\/fr\/#organization"},"potentialAction":[{"@type":"SearchAction","target":{"@type":"EntryPoint","urlTemplate":"https:\/\/www.mpfiltri.com\/fr\/?s={search_term_string}"},"query-input":{"@type":"PropertyValueSpecification","valueRequired":true,"valueName":"search_term_string"}}],"inLanguage":"fr-FR"},{"@type":"Organization","@id":"https:\/\/www.mpfiltri.com\/fr\/#organization","name":"MP Filtri","url":"https:\/\/www.mpfiltri.com\/fr\/","logo":{"@type":"ImageObject","inLanguage":"fr-FR","@id":"https:\/\/www.mpfiltri.com\/fr\/#\/schema\/logo\/image\/","url":"","contentUrl":"","caption":"MP Filtri"},"image":{"@id":"https:\/\/www.mpfiltri.com\/fr\/#\/schema\/logo\/image\/"},"sameAs":["https:\/\/www.facebook.com\/MPFiltriITA","https:\/\/www.instagram.com\/mpfiltri\/","https:\/\/www.youtube.com\/channel\/UCCzNMySYc1c4M-2B4v0K_QA?view_as=subscriber","https:\/\/www.linkedin.com\/company\/mp-filtri-spa\/"]}]}},"_links":{"self":[{"href":"https:\/\/www.mpfiltri.com\/fr\/wp-json\/wp\/v2\/product\/77726","targetHints":{"allow":["GET"]}}],"collection":[{"href":"https:\/\/www.mpfiltri.com\/fr\/wp-json\/wp\/v2\/product"}],"about":[{"href":"https:\/\/www.mpfiltri.com\/fr\/wp-json\/wp\/v2\/types\/product"}],"replies":[{"embeddable":true,"href":"https:\/\/www.mpfiltri.com\/fr\/wp-json\/wp\/v2\/comments?post=77726"}],"wp:attachment":[{"href":"https:\/\/www.mpfiltri.com\/fr\/wp-json\/wp\/v2\/media?parent=77726"}],"wp:term":[{"taxonomy":"product-structure","embeddable":true,"href":"https:\/\/www.mpfiltri.com\/fr\/wp-json\/wp\/v2\/product-structure?post=77726"},{"taxonomy":"product_brand","embeddable":true,"href":"https:\/\/www.mpfiltri.com\/fr\/wp-json\/wp\/v2\/product_brand?post=77726"},{"taxonomy":"product_cat","embeddable":true,"href":"https:\/\/www.mpfiltri.com\/fr\/wp-json\/wp\/v2\/product_cat?post=77726"},{"taxonomy":"product_tag","embeddable":true,"href":"https:\/\/www.mpfiltri.com\/fr\/wp-json\/wp\/v2\/product_tag?post=77726"}],"curies":[{"name":"wp","href":"https:\/\/api.w.org\/{rel}","templated":true}]}}