

{"id":77713,"date":"2025-06-16T15:14:10","date_gmt":"2025-06-16T13:14:10","guid":{"rendered":"https:\/\/www.mpfiltri.com\/product\/produit\/"},"modified":"2026-04-01T16:24:16","modified_gmt":"2026-04-01T14:24:16","slug":"filtres-aspiration-et-crepines","status":"publish","type":"product","link":"https:\/\/www.mpfiltri.com\/fr\/product\/filtres-aspiration-et-crepines\/","title":{"rendered":"FILTRES ASPIRATION ET CR\u00c9PINES"},"content":{"rendered":"<p>Les filtres d\u2019aspiration et les cr\u00e9pines prot\u00e8gent les pompes de la contamination, tout en am\u00e9liorant la diffusion du d\u00e9bit dans la conduite d\u2019aspiration.<\/p>\n<p>Ils peuvent \u00eatre \u00e9quip\u00e9s d\u2019une colonne magn\u00e9tique pour retenir les particules ferreuses de taille inf\u00e9rieure au treillis m\u00e9tallique pliss\u00e9, et avec ou sans valve by-pass. Versions disponibles:<\/p>\n<p>&#8211; Cr\u00e9pine d\u2019aspiration (STRC &amp; MPAC), \u00e9l\u00e9ment filtrant simple viss\u00e9 sur la tuyauterie d\u2019aspiration.<\/p>\n<p>&#8211; S\u00e9rie SFEX ELIXIR\u00ae, pour la protection de la pompe en aval contre la contamination grossi\u00e8re<\/p>\n<p>&#8211; Les filtres d\u2019aspiration (SFMC &amp; SFSC) mont\u00e9s sur la paroi du r\u00e9servoir comportent un clapet d\u2019isolement pour permettre le changement des \u00e9l\u00e9ments filtrants sans vidanger le r\u00e9servoir.<\/p><\/p>\n","protected":false},"excerpt":{"rendered":"<p>Les filtres d\u2019aspiration et les cr\u00e9pines prot\u00e8gent les pompes de la contamination, tout en am\u00e9liorant la diffusion du d\u00e9bit dans la conduite d\u2019aspiration. Ils peuvent \u00eatre \u00e9quip\u00e9s d\u2019une colonne magn\u00e9tique pour retenir les particules ferreuses de taille inf\u00e9rieure au treillis m\u00e9tallique pliss\u00e9, et avec ou sans valve by-pass. Versions disponibles: &#8211; Cr\u00e9pine d\u2019aspiration (STRC &amp; [&hellip;]<\/p>\n","protected":false},"featured_media":37619,"comment_status":"open","ping_status":"closed","template":"","meta":{"_acf_changed":false,"_gspb_post_css":"","inline_featured_image":false,"_genesis_hide_title":false,"_genesis_hide_breadcrumbs":false,"_genesis_hide_singular_image":false,"_genesis_hide_footer_widgets":false,"_genesis_custom_body_class":"","_genesis_custom_post_class":"","_genesis_layout":"","_links_to":"","_links_to_target":""},"product-structure":[61],"product_brand":[],"product_cat":[],"product_tag":[],"class_list":{"0":"post-77713","1":"product","2":"type-product","3":"status-publish","4":"has-post-thumbnail","6":"product-structure-family","7":"entry","9":"first","10":"instock","11":"shipping-taxable","12":"product-type-simple"},"acf":[],"yoast_head":"<!-- This site is optimized with the Yoast SEO plugin v27.2 - https:\/\/yoast.com\/product\/yoast-seo-wordpress\/ -->\n<title>FILTRES ASPIRATION ET CR\u00c9PINES - MP Filtri<\/title>\n<meta name=\"robots\" content=\"index, follow, max-snippet:-1, max-image-preview:large, max-video-preview:-1\" \/>\n<link rel=\"canonical\" href=\"https:\/\/www.mpfiltri.com\/fr\/product\/filtres-aspiration-et-crepines\/\" \/>\n<meta property=\"og:locale\" content=\"fr_FR\" \/>\n<meta property=\"og:type\" content=\"article\" \/>\n<meta property=\"og:title\" content=\"FILTRES ASPIRATION ET CR\u00c9PINES - MP Filtri\" \/>\n<meta property=\"og:description\" content=\"Les filtres d\u2019aspiration et les cr\u00e9pines prot\u00e8gent les pompes de la contamination, tout en am\u00e9liorant la diffusion du d\u00e9bit dans la conduite d\u2019aspiration. Ils peuvent \u00eatre \u00e9quip\u00e9s d\u2019une colonne magn\u00e9tique pour retenir les particules ferreuses de taille inf\u00e9rieure au treillis m\u00e9tallique pliss\u00e9, et avec ou sans valve by-pass. Versions disponibles: &#8211; Cr\u00e9pine d\u2019aspiration (STRC &amp; [&hellip;]\" \/>\n<meta property=\"og:url\" content=\"https:\/\/www.mpfiltri.com\/fr\/product\/filtres-aspiration-et-crepines\/\" \/>\n<meta property=\"og:site_name\" content=\"MP Filtri\" \/>\n<meta property=\"article:publisher\" content=\"https:\/\/www.facebook.com\/MPFiltriITA\" \/>\n<meta property=\"article:modified_time\" content=\"2026-04-01T14:24:16+00:00\" \/>\n<meta property=\"og:image\" content=\"https:\/\/www.mpfiltri.com\/wp-content\/uploads\/2025\/10\/hf-suction.png\" \/>\n\t<meta property=\"og:image:width\" content=\"700\" \/>\n\t<meta property=\"og:image:height\" content=\"700\" \/>\n\t<meta property=\"og:image:type\" content=\"image\/png\" \/>\n<meta name=\"twitter:card\" content=\"summary_large_image\" \/>\n<meta name=\"twitter:label1\" content=\"Dur\u00e9e de lecture estim\u00e9e\" \/>\n\t<meta name=\"twitter:data1\" content=\"1 minute\" \/>\n<script type=\"application\/ld+json\" class=\"yoast-schema-graph\">{\"@context\":\"https:\/\/schema.org\",\"@graph\":[{\"@type\":\"WebPage\",\"@id\":\"https:\/\/www.mpfiltri.com\/fr\/product\/filtres-aspiration-et-crepines\/\",\"url\":\"https:\/\/www.mpfiltri.com\/fr\/product\/filtres-aspiration-et-crepines\/\",\"name\":\"FILTRES ASPIRATION ET CR\u00c9PINES - MP Filtri\",\"isPartOf\":{\"@id\":\"https:\/\/www.mpfiltri.com\/fr\/#website\"},\"primaryImageOfPage\":{\"@id\":\"https:\/\/www.mpfiltri.com\/fr\/product\/filtres-aspiration-et-crepines\/#primaryimage\"},\"image\":{\"@id\":\"https:\/\/www.mpfiltri.com\/fr\/product\/filtres-aspiration-et-crepines\/#primaryimage\"},\"thumbnailUrl\":\"https:\/\/www.mpfiltri.com\/wp-content\/uploads\/2025\/10\/hf-suction.png\",\"datePublished\":\"2025-06-16T13:14:10+00:00\",\"dateModified\":\"2026-04-01T14:24:16+00:00\",\"breadcrumb\":{\"@id\":\"https:\/\/www.mpfiltri.com\/fr\/product\/filtres-aspiration-et-crepines\/#breadcrumb\"},\"inLanguage\":\"fr-FR\",\"potentialAction\":[{\"@type\":\"ReadAction\",\"target\":[\"https:\/\/www.mpfiltri.com\/fr\/product\/filtres-aspiration-et-crepines\/\"]}]},{\"@type\":\"ImageObject\",\"inLanguage\":\"fr-FR\",\"@id\":\"https:\/\/www.mpfiltri.com\/fr\/product\/filtres-aspiration-et-crepines\/#primaryimage\",\"url\":\"https:\/\/www.mpfiltri.com\/wp-content\/uploads\/2025\/10\/hf-suction.png\",\"contentUrl\":\"https:\/\/www.mpfiltri.com\/wp-content\/uploads\/2025\/10\/hf-suction.png\",\"width\":700,\"height\":700},{\"@type\":\"BreadcrumbList\",\"@id\":\"https:\/\/www.mpfiltri.com\/fr\/product\/filtres-aspiration-et-crepines\/#breadcrumb\",\"itemListElement\":[{\"@type\":\"ListItem\",\"position\":1,\"name\":\"Home\",\"item\":\"https:\/\/www.mpfiltri.com\/fr\/\"},{\"@type\":\"ListItem\",\"position\":2,\"name\":\"Produits\",\"item\":\"https:\/\/www.mpfiltri.com\/fr\/shop\/\"},{\"@type\":\"ListItem\",\"position\":3,\"name\":\"FILTRES ASPIRATION ET CR\u00c9PINES\"}]},{\"@type\":\"WebSite\",\"@id\":\"https:\/\/www.mpfiltri.com\/fr\/#website\",\"url\":\"https:\/\/www.mpfiltri.com\/fr\/\",\"name\":\"MP Filtri\",\"description\":\"\",\"publisher\":{\"@id\":\"https:\/\/www.mpfiltri.com\/fr\/#organization\"},\"potentialAction\":[{\"@type\":\"SearchAction\",\"target\":{\"@type\":\"EntryPoint\",\"urlTemplate\":\"https:\/\/www.mpfiltri.com\/fr\/?s={search_term_string}\"},\"query-input\":{\"@type\":\"PropertyValueSpecification\",\"valueRequired\":true,\"valueName\":\"search_term_string\"}}],\"inLanguage\":\"fr-FR\"},{\"@type\":\"Organization\",\"@id\":\"https:\/\/www.mpfiltri.com\/fr\/#organization\",\"name\":\"MP Filtri\",\"url\":\"https:\/\/www.mpfiltri.com\/fr\/\",\"logo\":{\"@type\":\"ImageObject\",\"inLanguage\":\"fr-FR\",\"@id\":\"https:\/\/www.mpfiltri.com\/fr\/#\/schema\/logo\/image\/\",\"url\":\"\",\"contentUrl\":\"\",\"caption\":\"MP Filtri\"},\"image\":{\"@id\":\"https:\/\/www.mpfiltri.com\/fr\/#\/schema\/logo\/image\/\"},\"sameAs\":[\"https:\/\/www.facebook.com\/MPFiltriITA\",\"https:\/\/www.instagram.com\/mpfiltri\/\",\"https:\/\/www.youtube.com\/channel\/UCCzNMySYc1c4M-2B4v0K_QA?view_as=subscriber\",\"https:\/\/www.linkedin.com\/company\/mp-filtri-spa\/\"]}]}<\/script>\n<!-- \/ Yoast SEO plugin. -->","yoast_head_json":{"title":"FILTRES ASPIRATION ET CR\u00c9PINES - MP Filtri","robots":{"index":"index","follow":"follow","max-snippet":"max-snippet:-1","max-image-preview":"max-image-preview:large","max-video-preview":"max-video-preview:-1"},"canonical":"https:\/\/www.mpfiltri.com\/fr\/product\/filtres-aspiration-et-crepines\/","og_locale":"fr_FR","og_type":"article","og_title":"FILTRES ASPIRATION ET CR\u00c9PINES - MP Filtri","og_description":"Les filtres d\u2019aspiration et les cr\u00e9pines prot\u00e8gent les pompes de la contamination, tout en am\u00e9liorant la diffusion du d\u00e9bit dans la conduite d\u2019aspiration. Ils peuvent \u00eatre \u00e9quip\u00e9s d\u2019une colonne magn\u00e9tique pour retenir les particules ferreuses de taille inf\u00e9rieure au treillis m\u00e9tallique pliss\u00e9, et avec ou sans valve by-pass. Versions disponibles: &#8211; Cr\u00e9pine d\u2019aspiration (STRC &amp; [&hellip;]","og_url":"https:\/\/www.mpfiltri.com\/fr\/product\/filtres-aspiration-et-crepines\/","og_site_name":"MP Filtri","article_publisher":"https:\/\/www.facebook.com\/MPFiltriITA","article_modified_time":"2026-04-01T14:24:16+00:00","og_image":[{"width":700,"height":700,"url":"https:\/\/www.mpfiltri.com\/wp-content\/uploads\/2025\/10\/hf-suction.png","type":"image\/png"}],"twitter_card":"summary_large_image","twitter_misc":{"Dur\u00e9e de lecture estim\u00e9e":"1 minute"},"schema":{"@context":"https:\/\/schema.org","@graph":[{"@type":"WebPage","@id":"https:\/\/www.mpfiltri.com\/fr\/product\/filtres-aspiration-et-crepines\/","url":"https:\/\/www.mpfiltri.com\/fr\/product\/filtres-aspiration-et-crepines\/","name":"FILTRES ASPIRATION ET CR\u00c9PINES - MP Filtri","isPartOf":{"@id":"https:\/\/www.mpfiltri.com\/fr\/#website"},"primaryImageOfPage":{"@id":"https:\/\/www.mpfiltri.com\/fr\/product\/filtres-aspiration-et-crepines\/#primaryimage"},"image":{"@id":"https:\/\/www.mpfiltri.com\/fr\/product\/filtres-aspiration-et-crepines\/#primaryimage"},"thumbnailUrl":"https:\/\/www.mpfiltri.com\/wp-content\/uploads\/2025\/10\/hf-suction.png","datePublished":"2025-06-16T13:14:10+00:00","dateModified":"2026-04-01T14:24:16+00:00","breadcrumb":{"@id":"https:\/\/www.mpfiltri.com\/fr\/product\/filtres-aspiration-et-crepines\/#breadcrumb"},"inLanguage":"fr-FR","potentialAction":[{"@type":"ReadAction","target":["https:\/\/www.mpfiltri.com\/fr\/product\/filtres-aspiration-et-crepines\/"]}]},{"@type":"ImageObject","inLanguage":"fr-FR","@id":"https:\/\/www.mpfiltri.com\/fr\/product\/filtres-aspiration-et-crepines\/#primaryimage","url":"https:\/\/www.mpfiltri.com\/wp-content\/uploads\/2025\/10\/hf-suction.png","contentUrl":"https:\/\/www.mpfiltri.com\/wp-content\/uploads\/2025\/10\/hf-suction.png","width":700,"height":700},{"@type":"BreadcrumbList","@id":"https:\/\/www.mpfiltri.com\/fr\/product\/filtres-aspiration-et-crepines\/#breadcrumb","itemListElement":[{"@type":"ListItem","position":1,"name":"Home","item":"https:\/\/www.mpfiltri.com\/fr\/"},{"@type":"ListItem","position":2,"name":"Produits","item":"https:\/\/www.mpfiltri.com\/fr\/shop\/"},{"@type":"ListItem","position":3,"name":"FILTRES ASPIRATION ET CR\u00c9PINES"}]},{"@type":"WebSite","@id":"https:\/\/www.mpfiltri.com\/fr\/#website","url":"https:\/\/www.mpfiltri.com\/fr\/","name":"MP Filtri","description":"","publisher":{"@id":"https:\/\/www.mpfiltri.com\/fr\/#organization"},"potentialAction":[{"@type":"SearchAction","target":{"@type":"EntryPoint","urlTemplate":"https:\/\/www.mpfiltri.com\/fr\/?s={search_term_string}"},"query-input":{"@type":"PropertyValueSpecification","valueRequired":true,"valueName":"search_term_string"}}],"inLanguage":"fr-FR"},{"@type":"Organization","@id":"https:\/\/www.mpfiltri.com\/fr\/#organization","name":"MP Filtri","url":"https:\/\/www.mpfiltri.com\/fr\/","logo":{"@type":"ImageObject","inLanguage":"fr-FR","@id":"https:\/\/www.mpfiltri.com\/fr\/#\/schema\/logo\/image\/","url":"","contentUrl":"","caption":"MP Filtri"},"image":{"@id":"https:\/\/www.mpfiltri.com\/fr\/#\/schema\/logo\/image\/"},"sameAs":["https:\/\/www.facebook.com\/MPFiltriITA","https:\/\/www.instagram.com\/mpfiltri\/","https:\/\/www.youtube.com\/channel\/UCCzNMySYc1c4M-2B4v0K_QA?view_as=subscriber","https:\/\/www.linkedin.com\/company\/mp-filtri-spa\/"]}]}},"_links":{"self":[{"href":"https:\/\/www.mpfiltri.com\/fr\/wp-json\/wp\/v2\/product\/77713","targetHints":{"allow":["GET"]}}],"collection":[{"href":"https:\/\/www.mpfiltri.com\/fr\/wp-json\/wp\/v2\/product"}],"about":[{"href":"https:\/\/www.mpfiltri.com\/fr\/wp-json\/wp\/v2\/types\/product"}],"replies":[{"embeddable":true,"href":"https:\/\/www.mpfiltri.com\/fr\/wp-json\/wp\/v2\/comments?post=77713"}],"wp:featuredmedia":[{"embeddable":true,"href":"https:\/\/www.mpfiltri.com\/fr\/wp-json\/wp\/v2\/media\/37619"}],"wp:attachment":[{"href":"https:\/\/www.mpfiltri.com\/fr\/wp-json\/wp\/v2\/media?parent=77713"}],"wp:term":[{"taxonomy":"product-structure","embeddable":true,"href":"https:\/\/www.mpfiltri.com\/fr\/wp-json\/wp\/v2\/product-structure?post=77713"},{"taxonomy":"product_brand","embeddable":true,"href":"https:\/\/www.mpfiltri.com\/fr\/wp-json\/wp\/v2\/product_brand?post=77713"},{"taxonomy":"product_cat","embeddable":true,"href":"https:\/\/www.mpfiltri.com\/fr\/wp-json\/wp\/v2\/product_cat?post=77713"},{"taxonomy":"product_tag","embeddable":true,"href":"https:\/\/www.mpfiltri.com\/fr\/wp-json\/wp\/v2\/product_tag?post=77713"}],"curies":[{"name":"wp","href":"https:\/\/api.w.org\/{rel}","templated":true}]}}