

{"id":77681,"date":"2026-01-28T17:38:35","date_gmt":"2026-01-28T16:38:35","guid":{"rendered":"https:\/\/www.mpfiltri.com\/product\/produit\/"},"modified":"2026-04-01T16:22:42","modified_gmt":"2026-04-01T14:22:42","slug":"transmission-de-puissance","status":"publish","type":"product","link":"https:\/\/www.mpfiltri.com\/fr\/product\/transmission-de-puissance\/","title":{"rendered":"TRANSMISSION DE PUISSANCE"},"content":{"rendered":"<p>Power Transmission est la division d\u00e9di\u00e9e aux composants structurels pour le couplage entre le moteur \u00e9lectrique et la pompe. Les accouplements MP Filtri, utilis\u00e9s pour la transmission de puissance d\u2019un moteur \u00e0 une pompe hydraulique, sont disponibles en aluminium, fonte et acier. Certifi\u00e9s selon la norme ATEX 2014\/34\/EU Cat\u00e9gorie 2G \u2013 Zones 1 et 2, ils conviennent aux environnements potentiellement explosifs. Les cloches MP Filtri, monoblocs ou modulaires, sont disponibles en plusieurs mod\u00e8les pour une compatibilit\u00e9 maximale avec la plupart des pompes du march\u00e9. Une version sp\u00e9cifique est \u00e9galement disponible pour r\u00e9duire significativement le niveau sonore.<\/p>\n","protected":false},"excerpt":{"rendered":"<p>Power Transmission est la division d\u00e9di\u00e9e aux composants structurels pour le couplage entre le moteur \u00e9lectrique et la pompe. Les accouplements MP Filtri, utilis\u00e9s pour la transmission de puissance d\u2019un moteur \u00e0 une pompe hydraulique, sont disponibles en aluminium, fonte et acier. Certifi\u00e9s selon la norme ATEX 2014\/34\/EU Cat\u00e9gorie 2G \u2013 Zones 1 et 2, [&hellip;]<\/p>\n","protected":false},"featured_media":23086,"comment_status":"open","ping_status":"closed","template":"","meta":{"_acf_changed":false,"_gspb_post_css":"","inline_featured_image":false,"_genesis_hide_title":false,"_genesis_hide_breadcrumbs":false,"_genesis_hide_singular_image":false,"_genesis_hide_footer_widgets":false,"_genesis_custom_body_class":"","_genesis_custom_post_class":"","_genesis_layout":"","_links_to":"","_links_to_target":""},"product-structure":[60],"product_brand":[],"product_cat":[],"product_tag":[],"class_list":{"0":"post-77681","1":"product","2":"type-product","3":"status-publish","4":"has-post-thumbnail","6":"product-structure-catalogue","7":"entry","9":"first","10":"instock","11":"shipping-taxable","12":"product-type-simple"},"acf":[],"yoast_head":"<!-- This site is optimized with the Yoast SEO plugin v27.2 - https:\/\/yoast.com\/product\/yoast-seo-wordpress\/ -->\n<title>TRANSMISSION DE PUISSANCE - MP Filtri<\/title>\n<meta name=\"robots\" content=\"index, follow, max-snippet:-1, max-image-preview:large, max-video-preview:-1\" \/>\n<link rel=\"canonical\" href=\"https:\/\/www.mpfiltri.com\/fr\/product\/transmission-de-puissance\/\" \/>\n<meta property=\"og:locale\" content=\"fr_FR\" \/>\n<meta property=\"og:type\" content=\"article\" \/>\n<meta property=\"og:title\" content=\"TRANSMISSION DE PUISSANCE - MP Filtri\" \/>\n<meta property=\"og:description\" content=\"Power Transmission est la division d\u00e9di\u00e9e aux composants structurels pour le couplage entre le moteur \u00e9lectrique et la pompe. Les accouplements MP Filtri, utilis\u00e9s pour la transmission de puissance d\u2019un moteur \u00e0 une pompe hydraulique, sont disponibles en aluminium, fonte et acier. Certifi\u00e9s selon la norme ATEX 2014\/34\/EU Cat\u00e9gorie 2G \u2013 Zones 1 et 2, [&hellip;]\" \/>\n<meta property=\"og:url\" content=\"https:\/\/www.mpfiltri.com\/fr\/product\/transmission-de-puissance\/\" \/>\n<meta property=\"og:site_name\" content=\"MP Filtri\" \/>\n<meta property=\"article:publisher\" content=\"https:\/\/www.facebook.com\/MPFiltriITA\" \/>\n<meta property=\"article:modified_time\" content=\"2026-04-01T14:22:42+00:00\" \/>\n<meta property=\"og:image\" content=\"https:\/\/www.mpfiltri.com\/wp-content\/uploads\/2025\/06\/PT.png\" \/>\n\t<meta property=\"og:image:width\" content=\"313\" \/>\n\t<meta property=\"og:image:height\" content=\"313\" \/>\n\t<meta property=\"og:image:type\" content=\"image\/png\" \/>\n<meta name=\"twitter:card\" content=\"summary_large_image\" \/>\n<meta name=\"twitter:label1\" content=\"Dur\u00e9e de lecture estim\u00e9e\" \/>\n\t<meta name=\"twitter:data1\" content=\"1 minute\" \/>\n<script type=\"application\/ld+json\" class=\"yoast-schema-graph\">{\"@context\":\"https:\/\/schema.org\",\"@graph\":[{\"@type\":\"WebPage\",\"@id\":\"https:\/\/www.mpfiltri.com\/fr\/product\/transmission-de-puissance\/\",\"url\":\"https:\/\/www.mpfiltri.com\/fr\/product\/transmission-de-puissance\/\",\"name\":\"TRANSMISSION DE PUISSANCE - MP Filtri\",\"isPartOf\":{\"@id\":\"https:\/\/www.mpfiltri.com\/fr\/#website\"},\"primaryImageOfPage\":{\"@id\":\"https:\/\/www.mpfiltri.com\/fr\/product\/transmission-de-puissance\/#primaryimage\"},\"image\":{\"@id\":\"https:\/\/www.mpfiltri.com\/fr\/product\/transmission-de-puissance\/#primaryimage\"},\"thumbnailUrl\":\"https:\/\/www.mpfiltri.com\/wp-content\/uploads\/2025\/06\/PT.png\",\"datePublished\":\"2026-01-28T16:38:35+00:00\",\"dateModified\":\"2026-04-01T14:22:42+00:00\",\"breadcrumb\":{\"@id\":\"https:\/\/www.mpfiltri.com\/fr\/product\/transmission-de-puissance\/#breadcrumb\"},\"inLanguage\":\"fr-FR\",\"potentialAction\":[{\"@type\":\"ReadAction\",\"target\":[\"https:\/\/www.mpfiltri.com\/fr\/product\/transmission-de-puissance\/\"]}]},{\"@type\":\"ImageObject\",\"inLanguage\":\"fr-FR\",\"@id\":\"https:\/\/www.mpfiltri.com\/fr\/product\/transmission-de-puissance\/#primaryimage\",\"url\":\"https:\/\/www.mpfiltri.com\/wp-content\/uploads\/2025\/06\/PT.png\",\"contentUrl\":\"https:\/\/www.mpfiltri.com\/wp-content\/uploads\/2025\/06\/PT.png\",\"width\":313,\"height\":313,\"caption\":\"Power transmission\"},{\"@type\":\"BreadcrumbList\",\"@id\":\"https:\/\/www.mpfiltri.com\/fr\/product\/transmission-de-puissance\/#breadcrumb\",\"itemListElement\":[{\"@type\":\"ListItem\",\"position\":1,\"name\":\"Home\",\"item\":\"https:\/\/www.mpfiltri.com\/fr\/\"},{\"@type\":\"ListItem\",\"position\":2,\"name\":\"Produits\",\"item\":\"https:\/\/www.mpfiltri.com\/fr\/shop\/\"},{\"@type\":\"ListItem\",\"position\":3,\"name\":\"TRANSMISSION DE PUISSANCE\"}]},{\"@type\":\"WebSite\",\"@id\":\"https:\/\/www.mpfiltri.com\/fr\/#website\",\"url\":\"https:\/\/www.mpfiltri.com\/fr\/\",\"name\":\"MP Filtri\",\"description\":\"\",\"publisher\":{\"@id\":\"https:\/\/www.mpfiltri.com\/fr\/#organization\"},\"potentialAction\":[{\"@type\":\"SearchAction\",\"target\":{\"@type\":\"EntryPoint\",\"urlTemplate\":\"https:\/\/www.mpfiltri.com\/fr\/?s={search_term_string}\"},\"query-input\":{\"@type\":\"PropertyValueSpecification\",\"valueRequired\":true,\"valueName\":\"search_term_string\"}}],\"inLanguage\":\"fr-FR\"},{\"@type\":\"Organization\",\"@id\":\"https:\/\/www.mpfiltri.com\/fr\/#organization\",\"name\":\"MP Filtri\",\"url\":\"https:\/\/www.mpfiltri.com\/fr\/\",\"logo\":{\"@type\":\"ImageObject\",\"inLanguage\":\"fr-FR\",\"@id\":\"https:\/\/www.mpfiltri.com\/fr\/#\/schema\/logo\/image\/\",\"url\":\"\",\"contentUrl\":\"\",\"caption\":\"MP Filtri\"},\"image\":{\"@id\":\"https:\/\/www.mpfiltri.com\/fr\/#\/schema\/logo\/image\/\"},\"sameAs\":[\"https:\/\/www.facebook.com\/MPFiltriITA\",\"https:\/\/www.instagram.com\/mpfiltri\/\",\"https:\/\/www.youtube.com\/channel\/UCCzNMySYc1c4M-2B4v0K_QA?view_as=subscriber\",\"https:\/\/www.linkedin.com\/company\/mp-filtri-spa\/\"]}]}<\/script>\n<!-- \/ Yoast SEO plugin. -->","yoast_head_json":{"title":"TRANSMISSION DE PUISSANCE - MP Filtri","robots":{"index":"index","follow":"follow","max-snippet":"max-snippet:-1","max-image-preview":"max-image-preview:large","max-video-preview":"max-video-preview:-1"},"canonical":"https:\/\/www.mpfiltri.com\/fr\/product\/transmission-de-puissance\/","og_locale":"fr_FR","og_type":"article","og_title":"TRANSMISSION DE PUISSANCE - MP Filtri","og_description":"Power Transmission est la division d\u00e9di\u00e9e aux composants structurels pour le couplage entre le moteur \u00e9lectrique et la pompe. Les accouplements MP Filtri, utilis\u00e9s pour la transmission de puissance d\u2019un moteur \u00e0 une pompe hydraulique, sont disponibles en aluminium, fonte et acier. Certifi\u00e9s selon la norme ATEX 2014\/34\/EU Cat\u00e9gorie 2G \u2013 Zones 1 et 2, [&hellip;]","og_url":"https:\/\/www.mpfiltri.com\/fr\/product\/transmission-de-puissance\/","og_site_name":"MP Filtri","article_publisher":"https:\/\/www.facebook.com\/MPFiltriITA","article_modified_time":"2026-04-01T14:22:42+00:00","og_image":[{"width":313,"height":313,"url":"https:\/\/www.mpfiltri.com\/wp-content\/uploads\/2025\/06\/PT.png","type":"image\/png"}],"twitter_card":"summary_large_image","twitter_misc":{"Dur\u00e9e de lecture estim\u00e9e":"1 minute"},"schema":{"@context":"https:\/\/schema.org","@graph":[{"@type":"WebPage","@id":"https:\/\/www.mpfiltri.com\/fr\/product\/transmission-de-puissance\/","url":"https:\/\/www.mpfiltri.com\/fr\/product\/transmission-de-puissance\/","name":"TRANSMISSION DE PUISSANCE - MP Filtri","isPartOf":{"@id":"https:\/\/www.mpfiltri.com\/fr\/#website"},"primaryImageOfPage":{"@id":"https:\/\/www.mpfiltri.com\/fr\/product\/transmission-de-puissance\/#primaryimage"},"image":{"@id":"https:\/\/www.mpfiltri.com\/fr\/product\/transmission-de-puissance\/#primaryimage"},"thumbnailUrl":"https:\/\/www.mpfiltri.com\/wp-content\/uploads\/2025\/06\/PT.png","datePublished":"2026-01-28T16:38:35+00:00","dateModified":"2026-04-01T14:22:42+00:00","breadcrumb":{"@id":"https:\/\/www.mpfiltri.com\/fr\/product\/transmission-de-puissance\/#breadcrumb"},"inLanguage":"fr-FR","potentialAction":[{"@type":"ReadAction","target":["https:\/\/www.mpfiltri.com\/fr\/product\/transmission-de-puissance\/"]}]},{"@type":"ImageObject","inLanguage":"fr-FR","@id":"https:\/\/www.mpfiltri.com\/fr\/product\/transmission-de-puissance\/#primaryimage","url":"https:\/\/www.mpfiltri.com\/wp-content\/uploads\/2025\/06\/PT.png","contentUrl":"https:\/\/www.mpfiltri.com\/wp-content\/uploads\/2025\/06\/PT.png","width":313,"height":313,"caption":"Power transmission"},{"@type":"BreadcrumbList","@id":"https:\/\/www.mpfiltri.com\/fr\/product\/transmission-de-puissance\/#breadcrumb","itemListElement":[{"@type":"ListItem","position":1,"name":"Home","item":"https:\/\/www.mpfiltri.com\/fr\/"},{"@type":"ListItem","position":2,"name":"Produits","item":"https:\/\/www.mpfiltri.com\/fr\/shop\/"},{"@type":"ListItem","position":3,"name":"TRANSMISSION DE PUISSANCE"}]},{"@type":"WebSite","@id":"https:\/\/www.mpfiltri.com\/fr\/#website","url":"https:\/\/www.mpfiltri.com\/fr\/","name":"MP Filtri","description":"","publisher":{"@id":"https:\/\/www.mpfiltri.com\/fr\/#organization"},"potentialAction":[{"@type":"SearchAction","target":{"@type":"EntryPoint","urlTemplate":"https:\/\/www.mpfiltri.com\/fr\/?s={search_term_string}"},"query-input":{"@type":"PropertyValueSpecification","valueRequired":true,"valueName":"search_term_string"}}],"inLanguage":"fr-FR"},{"@type":"Organization","@id":"https:\/\/www.mpfiltri.com\/fr\/#organization","name":"MP Filtri","url":"https:\/\/www.mpfiltri.com\/fr\/","logo":{"@type":"ImageObject","inLanguage":"fr-FR","@id":"https:\/\/www.mpfiltri.com\/fr\/#\/schema\/logo\/image\/","url":"","contentUrl":"","caption":"MP Filtri"},"image":{"@id":"https:\/\/www.mpfiltri.com\/fr\/#\/schema\/logo\/image\/"},"sameAs":["https:\/\/www.facebook.com\/MPFiltriITA","https:\/\/www.instagram.com\/mpfiltri\/","https:\/\/www.youtube.com\/channel\/UCCzNMySYc1c4M-2B4v0K_QA?view_as=subscriber","https:\/\/www.linkedin.com\/company\/mp-filtri-spa\/"]}]}},"_links":{"self":[{"href":"https:\/\/www.mpfiltri.com\/fr\/wp-json\/wp\/v2\/product\/77681","targetHints":{"allow":["GET"]}}],"collection":[{"href":"https:\/\/www.mpfiltri.com\/fr\/wp-json\/wp\/v2\/product"}],"about":[{"href":"https:\/\/www.mpfiltri.com\/fr\/wp-json\/wp\/v2\/types\/product"}],"replies":[{"embeddable":true,"href":"https:\/\/www.mpfiltri.com\/fr\/wp-json\/wp\/v2\/comments?post=77681"}],"wp:featuredmedia":[{"embeddable":true,"href":"https:\/\/www.mpfiltri.com\/fr\/wp-json\/wp\/v2\/media\/23086"}],"wp:attachment":[{"href":"https:\/\/www.mpfiltri.com\/fr\/wp-json\/wp\/v2\/media?parent=77681"}],"wp:term":[{"taxonomy":"product-structure","embeddable":true,"href":"https:\/\/www.mpfiltri.com\/fr\/wp-json\/wp\/v2\/product-structure?post=77681"},{"taxonomy":"product_brand","embeddable":true,"href":"https:\/\/www.mpfiltri.com\/fr\/wp-json\/wp\/v2\/product_brand?post=77681"},{"taxonomy":"product_cat","embeddable":true,"href":"https:\/\/www.mpfiltri.com\/fr\/wp-json\/wp\/v2\/product_cat?post=77681"},{"taxonomy":"product_tag","embeddable":true,"href":"https:\/\/www.mpfiltri.com\/fr\/wp-json\/wp\/v2\/product_tag?post=77681"}],"curies":[{"name":"wp","href":"https:\/\/api.w.org\/{rel}","templated":true}]}}