

{"id":77586,"date":"2025-06-16T16:43:28","date_gmt":"2025-06-16T14:43:28","guid":{"rendered":"https:\/\/www.mpfiltri.com\/product\/produit\/"},"modified":"2026-04-09T12:26:29","modified_gmt":"2026-04-09T10:26:29","slug":"fhf-325","status":"publish","type":"product","link":"https:\/\/www.mpfiltri.com\/fr\/product\/fhf-325\/","title":{"rendered":"FHF 325"},"content":{"rendered":"<p>vFiltre en ligne haute pression compatible avec la norme SAE J2066, pour des \u00e9l\u00e9ments filtrants de type HF4. Pression de service allant jusqu`\u00e0 350 bar (5076 psi), d\u00e9bit d`huile jusqu`\u00e0 500 l\/min (132 gpm), raccordements taraud\u00e9s G 1&#8243; 1\/2 BSP\/NPT\/SAE et raccordements \u00e0 brides SAE en 1&#8243; 1\/2, raccordements \u00d81.38&#8243; et \u00d81.50&#8243;.<\/p>\n<p>Filtre haute pression en ligne ou mont\u00e9 sur bloc, con\u00e7u pour r\u00e9pondre \u00e0 la norme automobile HF4 avec une large gamme de m\u00e9dias filtrants en longueur 9&#8243;, 18&#8243; ou 27&#8243; avec la cuve en partie sup\u00e9rieure facilitant le changement de l`\u00e9l\u00e9ment et garantissant une perte d\u2019huile minimale.<\/p>\n<p>Voir le tableau correspondant pour la compatibilit\u00e9 des fluides.<\/p>\n","protected":false},"excerpt":{"rendered":"<p>vFiltre en ligne haute pression compatible avec la norme SAE J2066, pour des \u00e9l\u00e9ments filtrants de type HF4. Pression de service allant jusqu`\u00e0 350 bar (5076 psi), d\u00e9bit d`huile jusqu`\u00e0 500 l\/min (132 gpm), raccordements taraud\u00e9s G 1&#8243; 1\/2 BSP\/NPT\/SAE et raccordements \u00e0 brides SAE en 1&#8243; 1\/2, raccordements \u00d81.38&#8243; et \u00d81.50&#8243;. Filtre haute pression [&hellip;]<\/p>\n","protected":false},"featured_media":0,"comment_status":"open","ping_status":"closed","template":"","meta":{"_acf_changed":false,"_gspb_post_css":"","inline_featured_image":false,"_genesis_hide_title":false,"_genesis_hide_breadcrumbs":false,"_genesis_hide_singular_image":false,"_genesis_hide_footer_widgets":false,"_genesis_custom_body_class":"","_genesis_custom_post_class":"","_genesis_layout":"","_links_to":"","_links_to_target":""},"product-structure":[],"product_brand":[],"product_cat":[13188,13235,13256,13229,13277,13242,13249,13289,13263,13270],"product_tag":[],"class_list":{"0":"post-77586","1":"product","2":"type-product","3":"status-publish","5":"product_cat-applications","6":"product_cat-chimie-petrole-gaz","7":"product_cat-emballages-et-agroalimentaire","8":"product_cat-equipement-industriel","9":"product_cat-machines-a-former","10":"product_cat-metallurgie","11":"product_cat-production-denergie","12":"product_cat-systemes-oleodynamiques","13":"product_cat-textile-bois-pates-et-papier","14":"product_cat-traitement-des-dechets","15":"entry","17":"first","18":"instock","19":"shipping-taxable","20":"product-type-simple"},"acf":[],"yoast_head":"<!-- This site is optimized with the Yoast SEO plugin v27.2 - https:\/\/yoast.com\/product\/yoast-seo-wordpress\/ -->\n<title>Filtres flasqu\u00e9s sur blocs FHF 325 | Filtre hydraulique pour montage sur bloc<\/title>\n<meta name=\"description\" content=\"D\u00e9couvrez les filtres flasqu\u00e9s sur blocs FHF 325 de MP Filtri, un filtre hydraulique pour montage sur bloc con\u00e7u pour prot\u00e9ger efficacement les syst\u00e8mes hydrauliques haute pression.\" \/>\n<meta name=\"robots\" content=\"index, follow, max-snippet:-1, max-image-preview:large, max-video-preview:-1\" \/>\n<link rel=\"canonical\" href=\"https:\/\/www.mpfiltri.com\/fr\/product\/fhf-325\/\" \/>\n<meta property=\"og:locale\" content=\"fr_FR\" \/>\n<meta property=\"og:type\" content=\"article\" \/>\n<meta property=\"og:title\" content=\"Filtres flasqu\u00e9s sur blocs FHF 325 | Filtre hydraulique pour montage sur bloc\" \/>\n<meta property=\"og:description\" content=\"D\u00e9couvrez les filtres flasqu\u00e9s sur blocs FHF 325 de MP Filtri, un filtre hydraulique pour montage sur bloc con\u00e7u pour prot\u00e9ger efficacement les syst\u00e8mes hydrauliques haute pression.\" \/>\n<meta property=\"og:url\" content=\"https:\/\/www.mpfiltri.com\/fr\/product\/fhf-325\/\" \/>\n<meta property=\"og:site_name\" content=\"MP Filtri\" \/>\n<meta property=\"article:publisher\" content=\"https:\/\/www.facebook.com\/MPFiltriITA\" \/>\n<meta property=\"article:modified_time\" content=\"2026-04-09T10:26:29+00:00\" \/>\n<meta name=\"twitter:card\" content=\"summary_large_image\" \/>\n<meta name=\"twitter:label1\" content=\"Dur\u00e9e de lecture estim\u00e9e\" \/>\n\t<meta name=\"twitter:data1\" content=\"2 minutes\" \/>\n<script type=\"application\/ld+json\" class=\"yoast-schema-graph\">{\"@context\":\"https:\/\/schema.org\",\"@graph\":[{\"@type\":\"WebPage\",\"@id\":\"https:\/\/www.mpfiltri.com\/fr\/product\/fhf-325\/\",\"url\":\"https:\/\/www.mpfiltri.com\/fr\/product\/fhf-325\/\",\"name\":\"Filtres flasqu\u00e9s sur blocs FHF 325 | Filtre hydraulique pour montage sur bloc\",\"isPartOf\":{\"@id\":\"https:\/\/www.mpfiltri.com\/fr\/#website\"},\"datePublished\":\"2025-06-16T14:43:28+00:00\",\"dateModified\":\"2026-04-09T10:26:29+00:00\",\"description\":\"D\u00e9couvrez les filtres flasqu\u00e9s sur blocs FHF 325 de MP Filtri, un filtre hydraulique pour montage sur bloc con\u00e7u pour prot\u00e9ger efficacement les syst\u00e8mes hydrauliques haute pression.\",\"breadcrumb\":{\"@id\":\"https:\/\/www.mpfiltri.com\/fr\/product\/fhf-325\/#breadcrumb\"},\"inLanguage\":\"fr-FR\",\"potentialAction\":[{\"@type\":\"ReadAction\",\"target\":[\"https:\/\/www.mpfiltri.com\/fr\/product\/fhf-325\/\"]}]},{\"@type\":\"BreadcrumbList\",\"@id\":\"https:\/\/www.mpfiltri.com\/fr\/product\/fhf-325\/#breadcrumb\",\"itemListElement\":[{\"@type\":\"ListItem\",\"position\":1,\"name\":\"Home\",\"item\":\"https:\/\/www.mpfiltri.com\/fr\/\"},{\"@type\":\"ListItem\",\"position\":2,\"name\":\"Produits\",\"item\":\"https:\/\/www.mpfiltri.com\/fr\/shop\/\"},{\"@type\":\"ListItem\",\"position\":3,\"name\":\"FHF 325\"}]},{\"@type\":\"WebSite\",\"@id\":\"https:\/\/www.mpfiltri.com\/fr\/#website\",\"url\":\"https:\/\/www.mpfiltri.com\/fr\/\",\"name\":\"MP Filtri\",\"description\":\"\",\"publisher\":{\"@id\":\"https:\/\/www.mpfiltri.com\/fr\/#organization\"},\"potentialAction\":[{\"@type\":\"SearchAction\",\"target\":{\"@type\":\"EntryPoint\",\"urlTemplate\":\"https:\/\/www.mpfiltri.com\/fr\/?s={search_term_string}\"},\"query-input\":{\"@type\":\"PropertyValueSpecification\",\"valueRequired\":true,\"valueName\":\"search_term_string\"}}],\"inLanguage\":\"fr-FR\"},{\"@type\":\"Organization\",\"@id\":\"https:\/\/www.mpfiltri.com\/fr\/#organization\",\"name\":\"MP Filtri\",\"url\":\"https:\/\/www.mpfiltri.com\/fr\/\",\"logo\":{\"@type\":\"ImageObject\",\"inLanguage\":\"fr-FR\",\"@id\":\"https:\/\/www.mpfiltri.com\/fr\/#\/schema\/logo\/image\/\",\"url\":\"\",\"contentUrl\":\"\",\"caption\":\"MP Filtri\"},\"image\":{\"@id\":\"https:\/\/www.mpfiltri.com\/fr\/#\/schema\/logo\/image\/\"},\"sameAs\":[\"https:\/\/www.facebook.com\/MPFiltriITA\",\"https:\/\/www.instagram.com\/mpfiltri\/\",\"https:\/\/www.youtube.com\/channel\/UCCzNMySYc1c4M-2B4v0K_QA?view_as=subscriber\",\"https:\/\/www.linkedin.com\/company\/mp-filtri-spa\/\"]}]}<\/script>\n<!-- \/ Yoast SEO plugin. -->","yoast_head_json":{"title":"Filtres flasqu\u00e9s sur blocs FHF 325 | Filtre hydraulique pour montage sur bloc","description":"D\u00e9couvrez les filtres flasqu\u00e9s sur blocs FHF 325 de MP Filtri, un filtre hydraulique pour montage sur bloc con\u00e7u pour prot\u00e9ger efficacement les syst\u00e8mes hydrauliques haute pression.","robots":{"index":"index","follow":"follow","max-snippet":"max-snippet:-1","max-image-preview":"max-image-preview:large","max-video-preview":"max-video-preview:-1"},"canonical":"https:\/\/www.mpfiltri.com\/fr\/product\/fhf-325\/","og_locale":"fr_FR","og_type":"article","og_title":"Filtres flasqu\u00e9s sur blocs FHF 325 | Filtre hydraulique pour montage sur bloc","og_description":"D\u00e9couvrez les filtres flasqu\u00e9s sur blocs FHF 325 de MP Filtri, un filtre hydraulique pour montage sur bloc con\u00e7u pour prot\u00e9ger efficacement les syst\u00e8mes hydrauliques haute pression.","og_url":"https:\/\/www.mpfiltri.com\/fr\/product\/fhf-325\/","og_site_name":"MP Filtri","article_publisher":"https:\/\/www.facebook.com\/MPFiltriITA","article_modified_time":"2026-04-09T10:26:29+00:00","twitter_card":"summary_large_image","twitter_misc":{"Dur\u00e9e de lecture estim\u00e9e":"2 minutes"},"schema":{"@context":"https:\/\/schema.org","@graph":[{"@type":"WebPage","@id":"https:\/\/www.mpfiltri.com\/fr\/product\/fhf-325\/","url":"https:\/\/www.mpfiltri.com\/fr\/product\/fhf-325\/","name":"Filtres flasqu\u00e9s sur blocs FHF 325 | Filtre hydraulique pour montage sur bloc","isPartOf":{"@id":"https:\/\/www.mpfiltri.com\/fr\/#website"},"datePublished":"2025-06-16T14:43:28+00:00","dateModified":"2026-04-09T10:26:29+00:00","description":"D\u00e9couvrez les filtres flasqu\u00e9s sur blocs FHF 325 de MP Filtri, un filtre hydraulique pour montage sur bloc con\u00e7u pour prot\u00e9ger efficacement les syst\u00e8mes hydrauliques haute pression.","breadcrumb":{"@id":"https:\/\/www.mpfiltri.com\/fr\/product\/fhf-325\/#breadcrumb"},"inLanguage":"fr-FR","potentialAction":[{"@type":"ReadAction","target":["https:\/\/www.mpfiltri.com\/fr\/product\/fhf-325\/"]}]},{"@type":"BreadcrumbList","@id":"https:\/\/www.mpfiltri.com\/fr\/product\/fhf-325\/#breadcrumb","itemListElement":[{"@type":"ListItem","position":1,"name":"Home","item":"https:\/\/www.mpfiltri.com\/fr\/"},{"@type":"ListItem","position":2,"name":"Produits","item":"https:\/\/www.mpfiltri.com\/fr\/shop\/"},{"@type":"ListItem","position":3,"name":"FHF 325"}]},{"@type":"WebSite","@id":"https:\/\/www.mpfiltri.com\/fr\/#website","url":"https:\/\/www.mpfiltri.com\/fr\/","name":"MP Filtri","description":"","publisher":{"@id":"https:\/\/www.mpfiltri.com\/fr\/#organization"},"potentialAction":[{"@type":"SearchAction","target":{"@type":"EntryPoint","urlTemplate":"https:\/\/www.mpfiltri.com\/fr\/?s={search_term_string}"},"query-input":{"@type":"PropertyValueSpecification","valueRequired":true,"valueName":"search_term_string"}}],"inLanguage":"fr-FR"},{"@type":"Organization","@id":"https:\/\/www.mpfiltri.com\/fr\/#organization","name":"MP Filtri","url":"https:\/\/www.mpfiltri.com\/fr\/","logo":{"@type":"ImageObject","inLanguage":"fr-FR","@id":"https:\/\/www.mpfiltri.com\/fr\/#\/schema\/logo\/image\/","url":"","contentUrl":"","caption":"MP Filtri"},"image":{"@id":"https:\/\/www.mpfiltri.com\/fr\/#\/schema\/logo\/image\/"},"sameAs":["https:\/\/www.facebook.com\/MPFiltriITA","https:\/\/www.instagram.com\/mpfiltri\/","https:\/\/www.youtube.com\/channel\/UCCzNMySYc1c4M-2B4v0K_QA?view_as=subscriber","https:\/\/www.linkedin.com\/company\/mp-filtri-spa\/"]}]}},"_links":{"self":[{"href":"https:\/\/www.mpfiltri.com\/fr\/wp-json\/wp\/v2\/product\/77586","targetHints":{"allow":["GET"]}}],"collection":[{"href":"https:\/\/www.mpfiltri.com\/fr\/wp-json\/wp\/v2\/product"}],"about":[{"href":"https:\/\/www.mpfiltri.com\/fr\/wp-json\/wp\/v2\/types\/product"}],"replies":[{"embeddable":true,"href":"https:\/\/www.mpfiltri.com\/fr\/wp-json\/wp\/v2\/comments?post=77586"}],"wp:attachment":[{"href":"https:\/\/www.mpfiltri.com\/fr\/wp-json\/wp\/v2\/media?parent=77586"}],"wp:term":[{"taxonomy":"product-structure","embeddable":true,"href":"https:\/\/www.mpfiltri.com\/fr\/wp-json\/wp\/v2\/product-structure?post=77586"},{"taxonomy":"product_brand","embeddable":true,"href":"https:\/\/www.mpfiltri.com\/fr\/wp-json\/wp\/v2\/product_brand?post=77586"},{"taxonomy":"product_cat","embeddable":true,"href":"https:\/\/www.mpfiltri.com\/fr\/wp-json\/wp\/v2\/product_cat?post=77586"},{"taxonomy":"product_tag","embeddable":true,"href":"https:\/\/www.mpfiltri.com\/fr\/wp-json\/wp\/v2\/product_tag?post=77586"}],"curies":[{"name":"wp","href":"https:\/\/api.w.org\/{rel}","templated":true}]}}