

{"id":77585,"date":"2025-06-16T16:44:01","date_gmt":"2025-06-16T14:44:01","guid":{"rendered":"https:\/\/www.mpfiltri.com\/product\/produit\/"},"modified":"2026-04-01T16:23:37","modified_gmt":"2026-04-01T14:23:37","slug":"akg","status":"publish","type":"product","link":"https:\/\/www.mpfiltri.com\/fr\/product\/akg\/","title":{"rendered":"AKG"},"content":{"rendered":"<p>Accouplements de transmission. Fabriqu\u00e9s en aluminium, en fonte et en acier, ils conviennent aux pompes \u00e0 engrenages, \u00e0 palettes, \u00e0 pistons et \u00e0 vis. Disponibles pour les moteurs \u00e9lectriques IEC de la taille 63 \u00e0 355, ils peuvent \u00eatre mont\u00e9s dans des zones potentiellement explosives et sont certifi\u00e9s ATEX2014\/34\/EU &#8211; Cat\u00e9gorie 2G &#8211; Zones 1 &#8211; 2  et R\u00e8glement S.I. 2016 n\u00b0 1107 du Royaume-Uni. <\/p>\n<p>\u2022 Couverture totale de l`arbre. Versions usin\u00e9es avec double clavette <\/p>\n<p>\u2022 Vis sans t\u00eate pour ajuster l`accouplement sur l`arbre<\/p>\n<p>\u2022 Bague d`amortissement couverte d`une bague ext\u00e9rieure en aluminium &#8211; niveau sonore r\u00e9duit.<\/p>\n<p>\u2022 ATEX 2014\/34\/EU &#8211; cat\u00e9gorie 2G &#8211; zones 1-2 &amp; R\u00e8glement du Royaume-Uni S.I. 2016 No. 1107 <\/p>\n<p>\u2022 Gamme compl\u00e8te selon la norme DIN740\/2<\/p>\n<p>\u2022 R\u00e9cup\u00e9ration du d\u00e9salignement radial, angulaire et axial<\/p>\n<p>\u2022 Interchangeable avec OMT &#8211; KTR &#8211; R+L HYDRAULIC<\/p>\n","protected":false},"excerpt":{"rendered":"<p>Accouplements de transmission. Fabriqu\u00e9s en aluminium, en fonte et en acier, ils conviennent aux pompes \u00e0 engrenages, \u00e0 palettes, \u00e0 pistons et \u00e0 vis. Disponibles pour les moteurs \u00e9lectriques IEC de la taille 63 \u00e0 355, ils peuvent \u00eatre mont\u00e9s dans des zones potentiellement explosives et sont certifi\u00e9s ATEX2014\/34\/EU &#8211; Cat\u00e9gorie 2G &#8211; Zones 1 [&hellip;]<\/p>\n","protected":false},"featured_media":0,"comment_status":"open","ping_status":"closed","template":"","meta":{"_acf_changed":false,"_gspb_post_css":"","inline_featured_image":false,"_genesis_hide_title":false,"_genesis_hide_breadcrumbs":false,"_genesis_hide_singular_image":false,"_genesis_hide_footer_widgets":false,"_genesis_custom_body_class":"","_genesis_custom_post_class":"","_genesis_layout":"","_links_to":"","_links_to_target":""},"product-structure":[62],"product_brand":[],"product_cat":[13160,13216,13188,13229,13195,13209,13277,13125,13202,13289,13263,13270,13216,13229,13277,13229,13289],"product_tag":[],"class_list":{"0":"post-77585","1":"product","2":"type-product","3":"status-publish","5":"product-structure-series","6":"product_cat-agricole-forestier","7":"product_cat-vehicules-aeronautiques-et-marines","8":"product_cat-applications","9":"product_cat-equipement-industriel","10":"product_cat-equipement-mobile","11":"product_cat-industrie-miniere","12":"product_cat-machines-a-former","13":"product_cat-machines-pour-construction","14":"product_cat-manipulation-des-materiaux","15":"product_cat-systemes-oleodynamiques","16":"product_cat-textile-bois-pates-et-papier","17":"product_cat-traitement-des-dechets","23":"entry","25":"first","26":"instock","27":"shipping-taxable","28":"product-type-simple"},"acf":[],"yoast_head":"<!-- This site is optimized with the Yoast SEO plugin v27.2 - https:\/\/yoast.com\/product\/yoast-seo-wordpress\/ -->\n<title>AKG - MP Filtri<\/title>\n<meta name=\"robots\" content=\"index, follow, max-snippet:-1, max-image-preview:large, max-video-preview:-1\" \/>\n<link rel=\"canonical\" href=\"https:\/\/www.mpfiltri.com\/fr\/product\/akg\/\" \/>\n<meta property=\"og:locale\" content=\"fr_FR\" \/>\n<meta property=\"og:type\" content=\"article\" \/>\n<meta property=\"og:title\" content=\"AKG - MP Filtri\" \/>\n<meta property=\"og:description\" content=\"Accouplements de transmission. Fabriqu\u00e9s en aluminium, en fonte et en acier, ils conviennent aux pompes \u00e0 engrenages, \u00e0 palettes, \u00e0 pistons et \u00e0 vis. Disponibles pour les moteurs \u00e9lectriques IEC de la taille 63 \u00e0 355, ils peuvent \u00eatre mont\u00e9s dans des zones potentiellement explosives et sont certifi\u00e9s ATEX2014\/34\/EU &#8211; Cat\u00e9gorie 2G &#8211; Zones 1 [&hellip;]\" \/>\n<meta property=\"og:url\" content=\"https:\/\/www.mpfiltri.com\/fr\/product\/akg\/\" \/>\n<meta property=\"og:site_name\" content=\"MP Filtri\" \/>\n<meta property=\"article:publisher\" content=\"https:\/\/www.facebook.com\/MPFiltriITA\" \/>\n<meta property=\"article:modified_time\" content=\"2026-04-01T14:23:37+00:00\" \/>\n<meta name=\"twitter:card\" content=\"summary_large_image\" \/>\n<meta name=\"twitter:label1\" content=\"Dur\u00e9e de lecture estim\u00e9e\" \/>\n\t<meta name=\"twitter:data1\" content=\"1 minute\" \/>\n<script type=\"application\/ld+json\" class=\"yoast-schema-graph\">{\"@context\":\"https:\/\/schema.org\",\"@graph\":[{\"@type\":\"WebPage\",\"@id\":\"https:\/\/www.mpfiltri.com\/fr\/product\/akg\/\",\"url\":\"https:\/\/www.mpfiltri.com\/fr\/product\/akg\/\",\"name\":\"AKG - MP Filtri\",\"isPartOf\":{\"@id\":\"https:\/\/www.mpfiltri.com\/fr\/#website\"},\"datePublished\":\"2025-06-16T14:44:01+00:00\",\"dateModified\":\"2026-04-01T14:23:37+00:00\",\"breadcrumb\":{\"@id\":\"https:\/\/www.mpfiltri.com\/fr\/product\/akg\/#breadcrumb\"},\"inLanguage\":\"fr-FR\",\"potentialAction\":[{\"@type\":\"ReadAction\",\"target\":[\"https:\/\/www.mpfiltri.com\/fr\/product\/akg\/\"]}]},{\"@type\":\"BreadcrumbList\",\"@id\":\"https:\/\/www.mpfiltri.com\/fr\/product\/akg\/#breadcrumb\",\"itemListElement\":[{\"@type\":\"ListItem\",\"position\":1,\"name\":\"Home\",\"item\":\"https:\/\/www.mpfiltri.com\/fr\/\"},{\"@type\":\"ListItem\",\"position\":2,\"name\":\"Produits\",\"item\":\"https:\/\/www.mpfiltri.com\/fr\/shop\/\"},{\"@type\":\"ListItem\",\"position\":3,\"name\":\"AKG\"}]},{\"@type\":\"WebSite\",\"@id\":\"https:\/\/www.mpfiltri.com\/fr\/#website\",\"url\":\"https:\/\/www.mpfiltri.com\/fr\/\",\"name\":\"MP Filtri\",\"description\":\"\",\"publisher\":{\"@id\":\"https:\/\/www.mpfiltri.com\/fr\/#organization\"},\"potentialAction\":[{\"@type\":\"SearchAction\",\"target\":{\"@type\":\"EntryPoint\",\"urlTemplate\":\"https:\/\/www.mpfiltri.com\/fr\/?s={search_term_string}\"},\"query-input\":{\"@type\":\"PropertyValueSpecification\",\"valueRequired\":true,\"valueName\":\"search_term_string\"}}],\"inLanguage\":\"fr-FR\"},{\"@type\":\"Organization\",\"@id\":\"https:\/\/www.mpfiltri.com\/fr\/#organization\",\"name\":\"MP Filtri\",\"url\":\"https:\/\/www.mpfiltri.com\/fr\/\",\"logo\":{\"@type\":\"ImageObject\",\"inLanguage\":\"fr-FR\",\"@id\":\"https:\/\/www.mpfiltri.com\/fr\/#\/schema\/logo\/image\/\",\"url\":\"\",\"contentUrl\":\"\",\"caption\":\"MP Filtri\"},\"image\":{\"@id\":\"https:\/\/www.mpfiltri.com\/fr\/#\/schema\/logo\/image\/\"},\"sameAs\":[\"https:\/\/www.facebook.com\/MPFiltriITA\",\"https:\/\/www.instagram.com\/mpfiltri\/\",\"https:\/\/www.youtube.com\/channel\/UCCzNMySYc1c4M-2B4v0K_QA?view_as=subscriber\",\"https:\/\/www.linkedin.com\/company\/mp-filtri-spa\/\"]}]}<\/script>\n<!-- \/ Yoast SEO plugin. -->","yoast_head_json":{"title":"AKG - MP Filtri","robots":{"index":"index","follow":"follow","max-snippet":"max-snippet:-1","max-image-preview":"max-image-preview:large","max-video-preview":"max-video-preview:-1"},"canonical":"https:\/\/www.mpfiltri.com\/fr\/product\/akg\/","og_locale":"fr_FR","og_type":"article","og_title":"AKG - MP Filtri","og_description":"Accouplements de transmission. Fabriqu\u00e9s en aluminium, en fonte et en acier, ils conviennent aux pompes \u00e0 engrenages, \u00e0 palettes, \u00e0 pistons et \u00e0 vis. Disponibles pour les moteurs \u00e9lectriques IEC de la taille 63 \u00e0 355, ils peuvent \u00eatre mont\u00e9s dans des zones potentiellement explosives et sont certifi\u00e9s ATEX2014\/34\/EU &#8211; Cat\u00e9gorie 2G &#8211; Zones 1 [&hellip;]","og_url":"https:\/\/www.mpfiltri.com\/fr\/product\/akg\/","og_site_name":"MP Filtri","article_publisher":"https:\/\/www.facebook.com\/MPFiltriITA","article_modified_time":"2026-04-01T14:23:37+00:00","twitter_card":"summary_large_image","twitter_misc":{"Dur\u00e9e de lecture estim\u00e9e":"1 minute"},"schema":{"@context":"https:\/\/schema.org","@graph":[{"@type":"WebPage","@id":"https:\/\/www.mpfiltri.com\/fr\/product\/akg\/","url":"https:\/\/www.mpfiltri.com\/fr\/product\/akg\/","name":"AKG - MP Filtri","isPartOf":{"@id":"https:\/\/www.mpfiltri.com\/fr\/#website"},"datePublished":"2025-06-16T14:44:01+00:00","dateModified":"2026-04-01T14:23:37+00:00","breadcrumb":{"@id":"https:\/\/www.mpfiltri.com\/fr\/product\/akg\/#breadcrumb"},"inLanguage":"fr-FR","potentialAction":[{"@type":"ReadAction","target":["https:\/\/www.mpfiltri.com\/fr\/product\/akg\/"]}]},{"@type":"BreadcrumbList","@id":"https:\/\/www.mpfiltri.com\/fr\/product\/akg\/#breadcrumb","itemListElement":[{"@type":"ListItem","position":1,"name":"Home","item":"https:\/\/www.mpfiltri.com\/fr\/"},{"@type":"ListItem","position":2,"name":"Produits","item":"https:\/\/www.mpfiltri.com\/fr\/shop\/"},{"@type":"ListItem","position":3,"name":"AKG"}]},{"@type":"WebSite","@id":"https:\/\/www.mpfiltri.com\/fr\/#website","url":"https:\/\/www.mpfiltri.com\/fr\/","name":"MP Filtri","description":"","publisher":{"@id":"https:\/\/www.mpfiltri.com\/fr\/#organization"},"potentialAction":[{"@type":"SearchAction","target":{"@type":"EntryPoint","urlTemplate":"https:\/\/www.mpfiltri.com\/fr\/?s={search_term_string}"},"query-input":{"@type":"PropertyValueSpecification","valueRequired":true,"valueName":"search_term_string"}}],"inLanguage":"fr-FR"},{"@type":"Organization","@id":"https:\/\/www.mpfiltri.com\/fr\/#organization","name":"MP Filtri","url":"https:\/\/www.mpfiltri.com\/fr\/","logo":{"@type":"ImageObject","inLanguage":"fr-FR","@id":"https:\/\/www.mpfiltri.com\/fr\/#\/schema\/logo\/image\/","url":"","contentUrl":"","caption":"MP Filtri"},"image":{"@id":"https:\/\/www.mpfiltri.com\/fr\/#\/schema\/logo\/image\/"},"sameAs":["https:\/\/www.facebook.com\/MPFiltriITA","https:\/\/www.instagram.com\/mpfiltri\/","https:\/\/www.youtube.com\/channel\/UCCzNMySYc1c4M-2B4v0K_QA?view_as=subscriber","https:\/\/www.linkedin.com\/company\/mp-filtri-spa\/"]}]}},"_links":{"self":[{"href":"https:\/\/www.mpfiltri.com\/fr\/wp-json\/wp\/v2\/product\/77585","targetHints":{"allow":["GET"]}}],"collection":[{"href":"https:\/\/www.mpfiltri.com\/fr\/wp-json\/wp\/v2\/product"}],"about":[{"href":"https:\/\/www.mpfiltri.com\/fr\/wp-json\/wp\/v2\/types\/product"}],"replies":[{"embeddable":true,"href":"https:\/\/www.mpfiltri.com\/fr\/wp-json\/wp\/v2\/comments?post=77585"}],"wp:attachment":[{"href":"https:\/\/www.mpfiltri.com\/fr\/wp-json\/wp\/v2\/media?parent=77585"}],"wp:term":[{"taxonomy":"product-structure","embeddable":true,"href":"https:\/\/www.mpfiltri.com\/fr\/wp-json\/wp\/v2\/product-structure?post=77585"},{"taxonomy":"product_brand","embeddable":true,"href":"https:\/\/www.mpfiltri.com\/fr\/wp-json\/wp\/v2\/product_brand?post=77585"},{"taxonomy":"product_cat","embeddable":true,"href":"https:\/\/www.mpfiltri.com\/fr\/wp-json\/wp\/v2\/product_cat?post=77585"},{"taxonomy":"product_tag","embeddable":true,"href":"https:\/\/www.mpfiltri.com\/fr\/wp-json\/wp\/v2\/product_tag?post=77585"}],"curies":[{"name":"wp","href":"https:\/\/api.w.org\/{rel}","templated":true}]}}